{"id":17660,"date":"2024-10-10T01:59:46","date_gmt":"2024-10-10T01:59:46","guid":{"rendered":"https:\/\/meterny.com\/?post_type=product&#038;p=17660"},"modified":"2025-05-24T02:04:14","modified_gmt":"2025-05-24T02:04:14","slug":"aluminum-glass-winter-garden","status":"publish","type":"product","link":"https:\/\/meterny.com\/es\/producto\/aluminum-glass-winter-garden\/","title":{"rendered":"Invernadero De Aluminio Con Vidrio Invernadero De Aluminio Con Techo De Vidrio Invernadero De Aluminio Con Vidrio Templado"},"content":{"rendered":"<h2 style=\"text-align: center;\">Invernadero De Aluminio Con Techo De Cristal Invernadero De Aluminio Con Techo De Cristal<\/h2>\n<p><strong>Tipo<\/strong>: Cristal templado de aluminio Sunroom<\/p>\n<p><strong>Talla<\/strong>: personalizado<\/p>\n<p><strong>Superficie<\/strong>Revestimiento\/pintura a medida<\/p>\n<p><strong>Color<\/strong>: personalizado<\/p>\n<p><strong>Longitud<\/strong>: Personalizado<\/p>\n<p><strong>Material<\/strong>: Aleaci\u00f3n de aluminio de alta gama<\/p>\n<p><strong>Tecnolog\u00eda del producto<\/strong>: Meterny Sistema antifugas AquaGuard<\/p>\n<p>Vidrio de aluminio Winter Garden<\/p>\n<figure id=\"attachment_17703\" aria-describedby=\"caption-attachment-17703\" style=\"width: 1024px\" class=\"wp-caption alignnone\"><img loading=\"lazy\" decoding=\"async\" class=\"wp-image-17703\" src=\"https:\/\/meterny.com\/wp-content\/uploads\/2024\/10\/V9\u9633\u5149\uff08\u9ed1\u7802\u7070\uff09\u4e3b.jpg\" alt=\"Vidrio de aluminio Winter Garden\" width=\"1024\" height=\"1024\" srcset=\"https:\/\/meterny.com\/wp-content\/uploads\/2024\/10\/V9\u9633\u5149\uff08\u9ed1\u7802\u7070\uff09\u4e3b.jpg 800w, https:\/\/meterny.com\/wp-content\/uploads\/2024\/10\/V9\u9633\u5149\uff08\u9ed1\u7802\u7070\uff09\u4e3b-300x300.jpg 300w, https:\/\/meterny.com\/wp-content\/uploads\/2024\/10\/V9\u9633\u5149\uff08\u9ed1\u7802\u7070\uff09\u4e3b-150x150.jpg 150w, https:\/\/meterny.com\/wp-content\/uploads\/2024\/10\/V9\u9633\u5149\uff08\u9ed1\u7802\u7070\uff09\u4e3b-768x768.jpg 768w, https:\/\/meterny.com\/wp-content\/uploads\/2024\/10\/V9\u9633\u5149\uff08\u9ed1\u7802\u7070\uff09\u4e3b-600x600.jpg 600w, https:\/\/meterny.com\/wp-content\/uploads\/2024\/10\/V9\u9633\u5149\uff08\u9ed1\u7802\u7070\uff09\u4e3b-100x100.jpg 100w\" sizes=\"auto, (max-width: 1024px) 100vw, 1024px\" \/><figcaption id=\"caption-attachment-17703\" class=\"wp-caption-text\">Patio Negro Sunroom: Su santuario personal al aire libre<\/figcaption><\/figure>\n<h3><strong>Nombre del producto<\/strong>: Aleaci\u00f3n de aluminio Vidrio Jard\u00edn de invierno<\/h3>\n<p>Vidrio de aluminio Winter Garden<\/p>\n<h3><strong>Productos<\/strong><\/h3>\n<p id=\"\">El jard\u00edn de invierno de aleaci\u00f3n de aluminio y cristal es una opci\u00f3n ideal para a\u00f1adir un encanto y un confort \u00fanicos a su hogar. Con aleaci\u00f3n de aluminio de alta calidad y vidrio aislante eficiente, combinado con conceptos de dise\u00f1o moderno y artesan\u00eda exquisita, crea un espacio de ocio interior que es c\u00e1lido durante todo el a\u00f1o, lleno de luz natural, y ofrece amplias vistas.<\/p>\n<h3><strong>Caracter\u00edsticas del producto del jard\u00edn de invierno de cristal de aluminio<\/strong><\/h3>\n<ol>\n<li><strong>Materiales de alta calidad<\/strong>\n<ul>\n<li>Utiliza marcos de aleaci\u00f3n de aluminio de primera calidad para ofrecer resistencia a la corrosi\u00f3n, alta resistencia y durabilidad estructural.<\/li>\n<li>El vidrio aislante eficiente bloquea eficazmente los rayos UV y la transferencia de calor, manteniendo una temperatura interior confortable.<\/li>\n<\/ul>\n<\/li>\n<li><strong>Artesan\u00eda exquisita<\/strong>\n<ul>\n<li>El procesamiento de precisi\u00f3n y las t\u00e9cnicas de soldadura sin juntas garantizan detalles perfectos.<\/li>\n<li>El dise\u00f1o de sellado multicapa a\u00edsla eficazmente el ruido y el polvo, mejorando la calidad de vida.<\/li>\n<\/ul>\n<\/li>\n<li><strong>Luz natural y vistas<\/strong>\n<ul>\n<li>Las grandes superficies acristaladas permiten que la luz natural inunde el interior, creando un ambiente luminoso y confortable.<\/li>\n<li>Las amplias vistas le permiten disfrutar de la belleza que hay fuera de su ventana y sentir la tranquilidad de la naturaleza desde la comodidad de su hogar.<\/li>\n<\/ul>\n<\/li>\n<li><strong>Espacio vers\u00e1til<\/strong>\n<ul>\n<li>Puede utilizarse como sala de estar, estudio, gimnasio y mucho m\u00e1s, para satisfacer sus diversas necesidades.<\/li>\n<li>Ajuste f\u00e1cilmente la distribuci\u00f3n y la decoraci\u00f3n para crear un espacio personalizado a su medida.<\/li>\n<\/ul>\n<\/li>\n<li><strong>Respetuoso con el medio ambiente y eficiente energ\u00e9ticamente<\/strong>\n<ul>\n<li>Sus elevadas propiedades de aislamiento y retenci\u00f3n t\u00e9rmica reducen el consumo de energ\u00eda y las emisiones de carbono.<\/li>\n<li>Cumple las normas medioambientales, contribuyendo a su salud y al futuro de nuestro planeta.<\/li>\n<\/ul>\n<\/li>\n<li><strong>F\u00e1cil mantenimiento<\/strong>\n<ul>\n<li>Los materiales de aleaci\u00f3n de aluminio y cristal son f\u00e1ciles de limpiar, por lo que se mantienen como nuevos durante m\u00e1s tiempo.<\/li>\n<li>No requiere mantenimiento complejo, lo que le ahorra tiempo y esfuerzo.<\/li>\n<\/ul>\n<\/li>\n<\/ol>\n<h3><strong>Especificaciones del producto<\/strong><\/h3>\n<ul>\n<li>Material del marco: Aleaci\u00f3n de aluminio de alta calidad<\/li>\n<li>Tipo de vidrio: Vidrio aislante eficiente<\/li>\n<li>Gama de tama\u00f1os: Personalizable seg\u00fan las necesidades del cliente<\/li>\n<li>Opciones de color: M\u00faltiples colores disponibles para satisfacer las preferencias personalizadas<\/li>\n<\/ul>\n<h3><strong>Escenarios de aplicaci\u00f3n<\/strong><\/h3>\n<ul>\n<li>Espacios de ocio interiores para villas residenciales, apartamentos de lujo, complejos tur\u00edsticos y otros lugares.<\/li>\n<li>Entornos interiores que requieren m\u00e1s luz natural, vistas y una mejor calidad de vida.<\/li>\n<\/ul>\n<h3>M\u00e1s dise\u00f1os de Cristal de aluminio Winter Garden<\/h3>\n<figure id=\"attachment_17691\" aria-describedby=\"caption-attachment-17691\" style=\"width: 1024px\" class=\"wp-caption alignnone\"><img loading=\"lazy\" decoding=\"async\" class=\"wp-image-17691\" src=\"https:\/\/meterny.com\/wp-content\/uploads\/2024\/10\/\u4e0b\u8f7d-23.jpg\" alt=\"azoteas de aluminio multicolor soluciones elegantes para azoteas\" width=\"1024\" height=\"1024\" srcset=\"https:\/\/meterny.com\/wp-content\/uploads\/2024\/10\/\u4e0b\u8f7d-23.jpg 1200w, https:\/\/meterny.com\/wp-content\/uploads\/2024\/10\/\u4e0b\u8f7d-23-300x300.jpg 300w, https:\/\/meterny.com\/wp-content\/uploads\/2024\/10\/\u4e0b\u8f7d-23-1024x1024.jpg 1024w, https:\/\/meterny.com\/wp-content\/uploads\/2024\/10\/\u4e0b\u8f7d-23-150x150.jpg 150w, https:\/\/meterny.com\/wp-content\/uploads\/2024\/10\/\u4e0b\u8f7d-23-768x768.jpg 768w, https:\/\/meterny.com\/wp-content\/uploads\/2024\/10\/\u4e0b\u8f7d-23-600x600.jpg 600w, https:\/\/meterny.com\/wp-content\/uploads\/2024\/10\/\u4e0b\u8f7d-23-100x100.jpg 100w\" sizes=\"auto, (max-width: 1024px) 100vw, 1024px\" \/><figcaption id=\"caption-attachment-17691\" class=\"wp-caption-text\">Un caleidoscopio de dise\u00f1os: Elija el que mejor se adapte a sus necesidades<\/figcaption><\/figure>\n<p>Vidrio de aluminio Winter Garden<\/p>\n<figure id=\"attachment_16950\" aria-describedby=\"caption-attachment-16950\" style=\"width: 1024px\" class=\"wp-caption alignnone\"><img loading=\"lazy\" decoding=\"async\" class=\"wp-image-16950\" src=\"https:\/\/meterny.com\/wp-content\/uploads\/2024\/09\/About-Meterny@3x.png\" alt=\"P\u00e9rgola de aluminio de Meterny Comparaci\u00f3n con otras p\u00e9rgolas\" width=\"1024\" height=\"1447\" srcset=\"https:\/\/meterny.com\/wp-content\/uploads\/2024\/09\/About-Meterny@3x.png 1787w, https:\/\/meterny.com\/wp-content\/uploads\/2024\/09\/About-Meterny@3x-212x300.png 212w, https:\/\/meterny.com\/wp-content\/uploads\/2024\/09\/About-Meterny@3x-724x1024.png 724w, https:\/\/meterny.com\/wp-content\/uploads\/2024\/09\/About-Meterny@3x-768x1086.png 768w, https:\/\/meterny.com\/wp-content\/uploads\/2024\/09\/About-Meterny@3x-1087x1536.png 1087w, https:\/\/meterny.com\/wp-content\/uploads\/2024\/09\/About-Meterny@3x-1449x2048.png 1449w, https:\/\/meterny.com\/wp-content\/uploads\/2024\/09\/About-Meterny@3x-600x848.png 600w\" sizes=\"auto, (max-width: 1024px) 100vw, 1024px\" \/><figcaption id=\"caption-attachment-16950\" class=\"wp-caption-text\">P\u00e9rgolas Meterny frente a p\u00e9rgolas tradicionales: caracter\u00edsticas superiores<\/figcaption><\/figure>\n<h3>Breve descripci\u00f3n de Aluminum Glass Winter Garden<\/h3>\n<ol>\n<li><strong>Materiales y acabados de alta calidad<\/strong>:\n<ul>\n<li>METERNY utiliza materiales de aleaci\u00f3n de aluminio y vidrio de alta calidad, con opciones de recubrimiento en polvo, anodizado, electroforesis y pintura de carbono fluorado para una mayor durabilidad y atractivo est\u00e9tico.<\/li>\n<\/ul>\n<\/li>\n<li><strong>Dise\u00f1o flexible del tejado<\/strong>:\n<ul>\n<li>El dise\u00f1o del tejado puede personalizarse, incluyendo opciones como formas de arco, planas, poligonales, inclinadas y triangulares, para adaptarse a las preferencias individuales y a los estilos arquitect\u00f3nicos.<\/li>\n<\/ul>\n<\/li>\n<li><strong>Reducci\u00f3n del ruido y respeto del medio ambiente<\/strong>:\n<ul>\n<li>Los solariums de aluminio y cristal de METERNY est\u00e1n dise\u00f1ados para reducir el ruido y son respetuosos con el medio ambiente, lo que los convierte en una opci\u00f3n sostenible para los espacios de vida al aire libre.<\/li>\n<\/ul>\n<\/li>\n<li><strong>Ligero y f\u00e1cil de instalar<\/strong>:\n<ul>\n<li>El armaz\u00f3n de aleaci\u00f3n de aluminio es ligero pero resistente, lo que facilita y acelera la instalaci\u00f3n en comparaci\u00f3n con los materiales tradicionales.<\/li>\n<\/ul>\n<\/li>\n<li><strong>Estilo de vida mejorado<\/strong>:\n<ul>\n<li>Un jard\u00edn de invierno de aluminio y cristal METERNY a\u00f1ade un espacio vers\u00e1til y hermoso a su hogar, mejorando su estilo de vida al proporcionar un \u00e1rea perfecta para relajarse, entretenerse o simplemente disfrutar del aire libre.<\/li>\n<\/ul>\n<\/li>\n<\/ol>\n<p>Vidrio de aluminio Winter Garden<\/p>\n<p>Innovador dise\u00f1o de prevenci\u00f3n de fugas de agua de Meterny<\/p>\n<p>&nbsp;<\/p>\n<h3>Si desea conocer m\u00e1s detalles, haga clic en este enlace de youtube:<a href=\"https:\/\/youtu.be\/J8DMrYIno6U\" target=\"_blank\" rel=\"noopener\">https:\/\/youtu.be\/J8DMrYIno6U<\/a><\/h3>\n<figure id=\"attachment_16951\" aria-describedby=\"caption-attachment-16951\" style=\"width: 1024px\" class=\"wp-caption alignnone\"><img loading=\"lazy\" decoding=\"async\" class=\"wp-image-16951\" src=\"https:\/\/meterny.com\/wp-content\/uploads\/2024\/09\/\u753b\u677f-16@3x.png\" alt=\"P\u00e9rgola de Aluminio Meterny dise\u00f1o exclusivo patentado\" width=\"1024\" height=\"1448\" srcset=\"https:\/\/meterny.com\/wp-content\/uploads\/2024\/09\/\u753b\u677f-16@3x.png 1787w, https:\/\/meterny.com\/wp-content\/uploads\/2024\/09\/\u753b\u677f-16@3x-212x300.png 212w, https:\/\/meterny.com\/wp-content\/uploads\/2024\/09\/\u753b\u677f-16@3x-724x1024.png 724w, https:\/\/meterny.com\/wp-content\/uploads\/2024\/09\/\u753b\u677f-16@3x-768x1086.png 768w, https:\/\/meterny.com\/wp-content\/uploads\/2024\/09\/\u753b\u677f-16@3x-1086x1536.png 1086w, https:\/\/meterny.com\/wp-content\/uploads\/2024\/09\/\u753b\u677f-16@3x-1448x2048.png 1448w, https:\/\/meterny.com\/wp-content\/uploads\/2024\/09\/\u753b\u677f-16@3x-600x848.png 600w\" sizes=\"auto, (max-width: 1024px) 100vw, 1024px\" \/><figcaption id=\"caption-attachment-16951\" class=\"wp-caption-text\">Dise\u00f1o patentado de Meterny: Una p\u00e9rgola sin igual<\/figcaption><\/figure>\n<h3>Vidrio de aluminio Winter Garden<\/h3>\n<h3>\u00bfPor qu\u00e9 elegir la terraza acristalada de aluminio personalizada de Meterny?<\/h3>\n<p id=\"\">Elegir la terraza acristalada de aluminio personalizada de Meterny es una decisi\u00f3n que aporta numerosos beneficios a su hogar y a su estilo de vida. He aqu\u00ed varias razones de peso:<\/p>\n<ol>\n<li>\n<p id=\"\"><strong>Materiales de primera calidad<\/strong>:<br \/>\nMeterny utiliza \u00fanicamente materiales de aleaci\u00f3n de aluminio y vidrio de la m\u00e1xima calidad para sus terrazas acristaladas. Esto garantiza una estructura robusta, duradera y de larga duraci\u00f3n que puede soportar los elementos, manteniendo al mismo tiempo un aspecto elegante y con estilo.<\/p>\n<\/li>\n<li>\n<p id=\"\"><strong>Dise\u00f1o personalizable<\/strong>:<br \/>\nCon Meterny, tendr\u00e1 la flexibilidad de dise\u00f1ar su terraza acristalada exactamente como la imagina. Desde el tama\u00f1o y la forma hasta el color y los acabados, todos los aspectos pueden adaptarse a sus necesidades y preferencias espec\u00edficas. Esto garantiza que su terraza acristalada se integre perfectamente en la arquitectura de su casa.<\/p>\n<\/li>\n<li>\n<p id=\"\"><strong>Aislamiento y eficiencia energ\u00e9tica excepcionales<\/strong>:<br \/>\nLas terrazas acristaladas de aluminio de Meterny est\u00e1n dise\u00f1adas con caracter\u00edsticas avanzadas de aislamiento y eficiencia energ\u00e9tica. Esto significa que podr\u00e1 disfrutar de su terraza acristalada durante todo el a\u00f1o, independientemente del tiempo que haga en el exterior. Tambi\u00e9n reducir\u00e1 sus facturas de energ\u00eda gracias a la capacidad de la terraza acristalada para retener el calor en invierno y mantenerse fresca en verano.<\/p>\n<\/li>\n<li>\n<p id=\"\"><strong>Luz natural y ventilaci\u00f3n<\/strong>:<br \/>\nLos grandes paneles de cristal de las terrazas acristaladas de Meterny permiten la entrada de abundante luz natural en su hogar. Esto crea un espacio luminoso, aireado y acogedor, perfecto para relajarse, entretenerse o incluso trabajar. Adem\u00e1s, muchas de nuestras terrazas acristaladas cuentan con opciones de ventilaci\u00f3n ajustables para garantizarle aire fresco siempre que lo necesite.<\/p>\n<\/li>\n<li>\n<p id=\"\"><strong>Aumento del valor de la vivienda<\/strong>:<br \/>\nA\u00f1adir una terraza acristalada de aluminio personalizada a su casa puede aumentar significativamente su valor global. Es una caracter\u00edstica que los compradores potenciales encontrar\u00e1n atractiva, y a\u00f1ade metros cuadrados a su espacio de vida sin la necesidad de una adici\u00f3n o extensi\u00f3n costosa.<\/p>\n<\/li>\n<li>\n<p id=\"\"><strong>Instalaci\u00f3n y asistencia expertas<\/strong>:<br \/>\nEl equipo de profesionales experimentados de Meterny se encarga de todos los aspectos del proceso de instalaci\u00f3n, desde el dise\u00f1o inicial hasta la configuraci\u00f3n final. Estamos orgullosos de nuestra meticulosa atenci\u00f3n al detalle y de nuestro compromiso con la satisfacci\u00f3n del cliente. Adem\u00e1s, ofrecemos servicios continuos de asistencia y mantenimiento para garantizar que su terraza acristalada se mantenga en \u00f3ptimas condiciones durante muchos a\u00f1os.<\/p>\n<\/li>\n<li>\n<p id=\"\"><strong>Estilo de vida mejorado<\/strong>:<br \/>\nEn \u00faltima instancia, una terraza acristalada de aluminio personalizada de Meterny mejora su estilo de vida al proporcionarle un espacio vers\u00e1til y hermoso para disfrutar. Ya sea para celebrar una reuni\u00f3n familiar, leer un libro o simplemente tomar el sol, su terraza acristalada se convertir\u00e1 en una parte muy apreciada de su hogar.<\/p>\n<\/li>\n<\/ol>\n<p id=\"\">En conclusi\u00f3n, la terraza acristalada de aluminio personalizada de Meterny ofrece una combinaci\u00f3n perfecta de estilo, funcionalidad y durabilidad. Es una inversi\u00f3n que merece la pena y que aportar\u00e1 alegr\u00eda y valor a su hogar durante muchos a\u00f1os.<\/p>","protected":false},"excerpt":{"rendered":"<p>Cree un refugio exterior elegante y resistente a la intemperie con el pabell\u00f3n impermeable met\u00e1lico de aluminio, que combina un dise\u00f1o elegante con un rendimiento duradero.<\/p>","protected":false},"featured_media":17703,"comment_status":"open","ping_status":"closed","template":"","meta":{"_uag_custom_page_level_css":"","site-sidebar-layout":"default","site-content-layout":"","ast-site-content-layout":"default","site-content-style":"default","site-sidebar-style":"default","ast-global-header-display":"","ast-banner-title-visibility":"","ast-main-header-display":"","ast-hfb-above-header-display":"","ast-hfb-below-header-display":"","ast-hfb-mobile-header-display":"","site-post-title":"","ast-breadcrumbs-content":"","ast-featured-img":"","footer-sml-layout":"","theme-transparent-header-meta":"default","adv-header-id-meta":"","stick-header-meta":"default","header-above-stick-meta":"","header-main-stick-meta":"","header-below-stick-meta":"","astra-migrate-meta-layouts":"set","ast-page-background-enabled":"default","ast-page-background-meta":{"desktop":{"background-color":"var(--ast-global-color-4)","background-image":"","background-repeat":"repeat","background-position":"center center","background-size":"auto","background-attachment":"scroll","background-type":"","background-media":"","overlay-type":"","overlay-color":"","overlay-opacity":"","overlay-gradient":""},"tablet":{"background-color":"","background-image":"","background-repeat":"repeat","background-position":"center center","background-size":"auto","background-attachment":"scroll","background-type":"","background-media":"","overlay-type":"","overlay-color":"","overlay-opacity":"","overlay-gradient":""},"mobile":{"background-color":"","background-image":"","background-repeat":"repeat","background-position":"center center","background-size":"auto","background-attachment":"scroll","background-type":"","background-media":"","overlay-type":"","overlay-color":"","overlay-opacity":"","overlay-gradient":""}},"ast-content-background-meta":{"desktop":{"background-color":"var(--ast-global-color-5)","background-image":"","background-repeat":"repeat","background-position":"center center","background-size":"auto","background-attachment":"scroll","background-type":"","background-media":"","overlay-type":"","overlay-color":"","overlay-opacity":"","overlay-gradient":""},"tablet":{"background-color":"var(--ast-global-color-5)","background-image":"","background-repeat":"repeat","background-position":"center center","background-size":"auto","background-attachment":"scroll","background-type":"","background-media":"","overlay-type":"","overlay-color":"","overlay-opacity":"","overlay-gradient":""},"mobile":{"background-color":"var(--ast-global-color-5)","background-image":"","background-repeat":"repeat","background-position":"center center","background-size":"auto","background-attachment":"scroll","background-type":"","background-media":"","overlay-type":"","overlay-color":"","overlay-opacity":"","overlay-gradient":""}}},"product_brand":[],"product_cat":[18],"product_tag":[219,217,218,216],"class_list":{"0":"post-17660","1":"product","2":"type-product","3":"status-publish","4":"has-post-thumbnail","6":"product_cat-uncategorized","7":"product_tag-aluminum-metal-waterproof-pergola","8":"product_tag-aluminum-pavilion","9":"product_tag-metal-pavilion","10":"product_tag-waterproof-pavilion","11":"desktop-align-center","12":"tablet-align-left","13":"mobile-align-left","14":"ast-product-gallery-layout-horizontal-slider","15":"ast-product-single-variable","16":"ast-product-tabs-layout-vertical","18":"first","19":"instock","20":"shipping-taxable","21":"product-type-variable"},"uagb_featured_image_src":{"full":["https:\/\/meterny.com\/wp-content\/uploads\/2024\/10\/V9\u9633\u5149\uff08\u9ed1\u7802\u7070\uff09\u4e3b.jpg",800,800,false],"thumbnail":["https:\/\/meterny.com\/wp-content\/uploads\/2024\/10\/V9\u9633\u5149\uff08\u9ed1\u7802\u7070\uff09\u4e3b-150x150.jpg",150,150,true],"medium":["https:\/\/meterny.com\/wp-content\/uploads\/2024\/10\/V9\u9633\u5149\uff08\u9ed1\u7802\u7070\uff09\u4e3b-300x300.jpg",300,300,true],"medium_large":["https:\/\/meterny.com\/wp-content\/uploads\/2024\/10\/V9\u9633\u5149\uff08\u9ed1\u7802\u7070\uff09\u4e3b-768x768.jpg",768,768,true],"large":["https:\/\/meterny.com\/wp-content\/uploads\/2024\/10\/V9\u9633\u5149\uff08\u9ed1\u7802\u7070\uff09\u4e3b.jpg",800,800,false],"1536x1536":["https:\/\/meterny.com\/wp-content\/uploads\/2024\/10\/V9\u9633\u5149\uff08\u9ed1\u7802\u7070\uff09\u4e3b.jpg",800,800,false],"2048x2048":["https:\/\/meterny.com\/wp-content\/uploads\/2024\/10\/V9\u9633\u5149\uff08\u9ed1\u7802\u7070\uff09\u4e3b.jpg",800,800,false],"trp-custom-language-flag":["https:\/\/meterny.com\/wp-content\/uploads\/2024\/10\/V9\u9633\u5149\uff08\u9ed1\u7802\u7070\uff09\u4e3b.jpg",12,12,false],"woocommerce_thumbnail":["https:\/\/meterny.com\/wp-content\/uploads\/2024\/10\/V9\u9633\u5149\uff08\u9ed1\u7802\u7070\uff09\u4e3b-300x300.jpg",300,300,true],"woocommerce_single":["https:\/\/meterny.com\/wp-content\/uploads\/2024\/10\/V9\u9633\u5149\uff08\u9ed1\u7802\u7070\uff09\u4e3b-600x600.jpg",600,600,true],"woocommerce_gallery_thumbnail":["https:\/\/meterny.com\/wp-content\/uploads\/2024\/10\/V9\u9633\u5149\uff08\u9ed1\u7802\u7070\uff09\u4e3b-100x100.jpg",100,100,true]},"uagb_author_info":{"display_name":"meterny","author_link":"https:\/\/meterny.com\/es\/author\/"},"uagb_comment_info":0,"uagb_excerpt":"Create a stylish and weather-resistant outdoor haven with the Aluminum Metal Waterproof Pavilion, combining sleek design with durable performance.","_links":{"self":[{"href":"https:\/\/meterny.com\/es\/wp-json\/wp\/v2\/product\/17660","targetHints":{"allow":["GET"]}}],"collection":[{"href":"https:\/\/meterny.com\/es\/wp-json\/wp\/v2\/product"}],"about":[{"href":"https:\/\/meterny.com\/es\/wp-json\/wp\/v2\/types\/product"}],"replies":[{"embeddable":true,"href":"https:\/\/meterny.com\/es\/wp-json\/wp\/v2\/comments?post=17660"}],"wp:featuredmedia":[{"embeddable":true,"href":"https:\/\/meterny.com\/es\/wp-json\/wp\/v2\/media\/17703"}],"wp:attachment":[{"href":"https:\/\/meterny.com\/es\/wp-json\/wp\/v2\/media?parent=17660"}],"wp:term":[{"taxonomy":"product_brand","embeddable":true,"href":"https:\/\/meterny.com\/es\/wp-json\/wp\/v2\/product_brand?post=17660"},{"taxonomy":"product_cat","embeddable":true,"href":"https:\/\/meterny.com\/es\/wp-json\/wp\/v2\/product_cat?post=17660"},{"taxonomy":"product_tag","embeddable":true,"href":"https:\/\/meterny.com\/es\/wp-json\/wp\/v2\/product_tag?post=17660"}],"curies":[{"name":"wp","href":"https:\/\/api.w.org\/{rel}","templated":true}]}}