{"id":17736,"date":"2024-10-10T02:29:39","date_gmt":"2024-10-10T02:29:39","guid":{"rendered":"https:\/\/meterny.com\/?post_type=product&#038;p=17736"},"modified":"2025-01-18T12:45:58","modified_gmt":"2025-01-18T12:45:58","slug":"high-quality-aluminum-sunroom","status":"publish","type":"product","link":"https:\/\/meterny.com\/es\/producto\/high-quality-aluminum-sunroom\/","title":{"rendered":"Techo corredizo de aluminio con vidrio templado de alta calidad Techo corredizo de aluminio con vidrio multicolor"},"content":{"rendered":"<h2 style=\"text-align: center;\">Azotea de aluminio de alta calidad Azotea de aluminio multicolor<\/h2>\n<p><strong>Tipo<\/strong>: Azotea de aluminio de alta calidad<\/p>\n<p><strong>Talla<\/strong>: personalizado<\/p>\n<p><strong>Superficie<\/strong>Revestimiento\/pintura a medida<\/p>\n<p><strong>Color<\/strong>: personalizado<\/p>\n<p><strong>Longitud<\/strong>: Personalizado<\/p>\n<p><strong>Material<\/strong>: Aleaci\u00f3n de aluminio de alta gama<\/p>\n<p><strong>Tecnolog\u00eda del producto<\/strong>: Meterny Sistema antifugas AquaGuard<\/p>\n<figure id=\"attachment_17732\" aria-describedby=\"caption-attachment-17732\" style=\"width: 1024px\" class=\"wp-caption alignnone\"><img loading=\"lazy\" decoding=\"async\" class=\"wp-image-17732\" src=\"https:\/\/meterny.com\/wp-content\/uploads\/2024\/10\/\u5e9e\u91d1\u5168\u9633\u5149\u623fzhu.jpg\" alt=\"Azotea de aluminio de alta calidad\" width=\"1024\" height=\"1024\" srcset=\"https:\/\/meterny.com\/wp-content\/uploads\/2024\/10\/\u5e9e\u91d1\u5168\u9633\u5149\u623fzhu.jpg 800w, https:\/\/meterny.com\/wp-content\/uploads\/2024\/10\/\u5e9e\u91d1\u5168\u9633\u5149\u623fzhu-300x300.jpg 300w, https:\/\/meterny.com\/wp-content\/uploads\/2024\/10\/\u5e9e\u91d1\u5168\u9633\u5149\u623fzhu-150x150.jpg 150w, https:\/\/meterny.com\/wp-content\/uploads\/2024\/10\/\u5e9e\u91d1\u5168\u9633\u5149\u623fzhu-768x768.jpg 768w, https:\/\/meterny.com\/wp-content\/uploads\/2024\/10\/\u5e9e\u91d1\u5168\u9633\u5149\u623fzhu-600x600.jpg 600w, https:\/\/meterny.com\/wp-content\/uploads\/2024\/10\/\u5e9e\u91d1\u5168\u9633\u5149\u623fzhu-100x100.jpg 100w\" sizes=\"auto, (max-width: 1024px) 100vw, 1024px\" \/><figcaption id=\"caption-attachment-17732\" class=\"wp-caption-text\">Terraza acristalada negra: La mezcla perfecta de modernidad y naturaleza<\/figcaption><\/figure>\n<hr \/>\n<p id=\"\"><strong>T\u00edtulo<\/strong>: Azotea de aluminio de alta calidad - Cree su espacio de ocio ideal<\/p>\n<hr \/>\n<p id=\"\"><strong>Productos destacados<\/strong>:<\/p>\n<ol>\n<li><strong>Material de primera calidad, duradero y sin preocupaciones<\/strong>\n<ul>\n<li>Fabricado en aleaci\u00f3n de aluminio de alta calidad, con una excelente resistencia a la corrosi\u00f3n, gran solidez y ligereza.<\/li>\n<li>Refinado proceso de tratamiento de la superficie, resistente a los rayos UV y a la decoloraci\u00f3n, que mantiene la belleza con el paso del tiempo.<\/li>\n<\/ul>\n<\/li>\n<li><strong>Dise\u00f1o panor\u00e1mico, abrazar la naturaleza<\/strong>\n<ul>\n<li>Dise\u00f1o de grandes puertas y ventanas de cristal, que introducen abundante luz natural, haciendo que el interior sea luminoso y aireado.<\/li>\n<li>Sistema de sombreado opcional, que ajusta eficazmente la intensidad de la luz, creando un ambiente interior confortable.<\/li>\n<\/ul>\n<\/li>\n<li><strong>Aislamiento t\u00e9rmico, habitable todo el a\u00f1o<\/strong>\n<ul>\n<li>Vidrio aislante de alta eficiencia y sistema de sellado, que a\u00edsla eficazmente el aire fr\u00edo y caliente exterior, manteniendo constante la temperatura interior.<\/li>\n<li>Marco de aleaci\u00f3n de aluminio con capa aislante incorporada, que mejora el rendimiento t\u00e9rmico general y mantiene el calor en invierno.<\/li>\n<\/ul>\n<\/li>\n<li><strong>Seguridad, tranquilidad<\/strong>\n<ul>\n<li>Equipado con cerraduras de seguridad de alto nivel, que impiden eficazmente la entrada no autorizada, garantizando la seguridad de la familia.<\/li>\n<li>Vidrio tratado con un proceso de templado o laminado, que mejora la resistencia a los impactos y garantiza un uso seguro.<\/li>\n<\/ul>\n<\/li>\n<li><strong>Personalizaci\u00f3n flexible, respuesta a las necesidades<\/strong>\n<ul>\n<li>M\u00faltiples tama\u00f1os, formas y estilos disponibles, que se adaptan a las diferentes distribuciones y necesidades de espacio de las casas.<\/li>\n<li>Muebles, cortinas y otros accesorios personalizables en funci\u00f3n de las necesidades del cliente, para crear una terraza acristalada personalizada.<\/li>\n<\/ul>\n<\/li>\n<li><strong>F\u00e1cil mantenimiento, dura como nuevo<\/strong>\n<ul>\n<li>Material de aleaci\u00f3n de aluminio f\u00e1cil de limpiar, no requiere mantenimiento especial, manteniendo una belleza duradera.<\/li>\n<li>Puertas y ventanas de cristal con dise\u00f1o corredizo o abatible, f\u00e1ciles de manejar y mantener.<\/li>\n<\/ul>\n<\/li>\n<\/ol>\n<hr \/>\n<p id=\"\"><strong>Especificaciones de producto de Azotea de aluminio de alta calidad<\/strong><\/p>\n<ul>\n<li><strong>Material<\/strong>: Aleaci\u00f3n de aluminio de alta calidad<\/li>\n<li><strong>Vidrio<\/strong>: Cristal doble templado\/laminado (opcional)<\/li>\n<li><strong>Talla<\/strong>: Personalizado (determinado en funci\u00f3n de las necesidades del cliente)<\/li>\n<li><strong>Color<\/strong>: M\u00faltiples colores disponibles (por ejemplo, blanco, gris, oro champ\u00e1n, etc.)<\/li>\n<li><strong>Accesorios<\/strong>: Cerraduras de seguridad, sistema de sombreado (opcional), mobiliario y cortinas (personalizados)<\/li>\n<\/ul>\n<hr \/>\n<p id=\"\"><strong>Escenarios de aplicaci\u00f3n de la terraza acristalada de aluminio de alta calidad<\/strong><\/p>\n<ul>\n<li>Viviendas residenciales: Como sala de ocio, estudio, sala de juegos infantil, etc.<\/li>\n<li>Terrazas de chalets: Ampliar el espacio vital, disfrutar de la vida al aire libre.<\/li>\n<li>Restaurantes de hotel: Creaci\u00f3n de un entorno gastron\u00f3mico \u00fanico, mejorando la experiencia del cliente.<\/li>\n<li>Espacios de oficina: Proporcionar una c\u00f3moda zona de descanso, inspirando la creatividad de los empleados.<\/li>\n<\/ul>\n<h3>M\u00e1s dise\u00f1os de Azoteas de aluminio de alta calidad<\/h3>\n<figure id=\"attachment_17691\" aria-describedby=\"caption-attachment-17691\" style=\"width: 1024px\" class=\"wp-caption alignnone\"><img loading=\"lazy\" decoding=\"async\" class=\"wp-image-17691\" src=\"https:\/\/meterny.com\/wp-content\/uploads\/2024\/10\/\u4e0b\u8f7d-23.jpg\" alt=\"azoteas de aluminio multicolor soluciones elegantes para azoteas\" width=\"1024\" height=\"1024\" srcset=\"https:\/\/meterny.com\/wp-content\/uploads\/2024\/10\/\u4e0b\u8f7d-23.jpg 1200w, https:\/\/meterny.com\/wp-content\/uploads\/2024\/10\/\u4e0b\u8f7d-23-300x300.jpg 300w, https:\/\/meterny.com\/wp-content\/uploads\/2024\/10\/\u4e0b\u8f7d-23-1024x1024.jpg 1024w, https:\/\/meterny.com\/wp-content\/uploads\/2024\/10\/\u4e0b\u8f7d-23-150x150.jpg 150w, https:\/\/meterny.com\/wp-content\/uploads\/2024\/10\/\u4e0b\u8f7d-23-768x768.jpg 768w, https:\/\/meterny.com\/wp-content\/uploads\/2024\/10\/\u4e0b\u8f7d-23-600x600.jpg 600w, https:\/\/meterny.com\/wp-content\/uploads\/2024\/10\/\u4e0b\u8f7d-23-100x100.jpg 100w\" sizes=\"auto, (max-width: 1024px) 100vw, 1024px\" \/><figcaption id=\"caption-attachment-17691\" class=\"wp-caption-text\">Un caleidoscopio de dise\u00f1os: Elija el que mejor se adapte a sus necesidades<\/figcaption><\/figure>\n<p>Azotea de aluminio de alta calidad<\/p>\n<figure id=\"attachment_16950\" aria-describedby=\"caption-attachment-16950\" style=\"width: 1024px\" class=\"wp-caption alignnone\"><img loading=\"lazy\" decoding=\"async\" class=\"wp-image-16950\" src=\"https:\/\/meterny.com\/wp-content\/uploads\/2024\/09\/About-Meterny@3x.png\" alt=\"P\u00e9rgola de aluminio de Meterny Comparaci\u00f3n con otras p\u00e9rgolas\" width=\"1024\" height=\"1447\" srcset=\"https:\/\/meterny.com\/wp-content\/uploads\/2024\/09\/About-Meterny@3x.png 1787w, https:\/\/meterny.com\/wp-content\/uploads\/2024\/09\/About-Meterny@3x-212x300.png 212w, https:\/\/meterny.com\/wp-content\/uploads\/2024\/09\/About-Meterny@3x-724x1024.png 724w, https:\/\/meterny.com\/wp-content\/uploads\/2024\/09\/About-Meterny@3x-768x1086.png 768w, https:\/\/meterny.com\/wp-content\/uploads\/2024\/09\/About-Meterny@3x-1087x1536.png 1087w, https:\/\/meterny.com\/wp-content\/uploads\/2024\/09\/About-Meterny@3x-1449x2048.png 1449w, https:\/\/meterny.com\/wp-content\/uploads\/2024\/09\/About-Meterny@3x-600x848.png 600w\" sizes=\"auto, (max-width: 1024px) 100vw, 1024px\" \/><figcaption id=\"caption-attachment-16950\" class=\"wp-caption-text\">P\u00e9rgolas Meterny frente a p\u00e9rgolas tradicionales: caracter\u00edsticas superiores<\/figcaption><\/figure>\n<h3>Breve descripci\u00f3n de la terraza acristalada de aluminio de alta calidad<\/h3>\n<p id=\"\">Una terraza acristalada de aluminio de alta calidad aporta numerosos beneficios a su hogar y a su estilo de vida. Estas son algunas de las principales ventajas:<\/p>\n<ol>\n<li>\n<p id=\"\"><strong>Mayor espacio vital<\/strong>:<br \/>\nUna terraza acristalada a\u00f1ade un valioso espacio vital a su casa, permiti\u00e9ndole disfrutar de una habitaci\u00f3n adicional sin necesidad de costosas ampliaciones o reformas.<\/p>\n<\/li>\n<li>\n<p id=\"\"><strong>Luz natural y vistas<\/strong>:<br \/>\nCon grandes ventanales y puertas acristaladas, una terraza acristalada inunda su casa de luz natural y ofrece unas vistas impresionantes del jard\u00edn o los alrededores. Esto crea un ambiente luminoso, aireado y acogedor.<\/p>\n<\/li>\n<li>\n<p id=\"\"><strong>Uso durante todo el a\u00f1o<\/strong>:<br \/>\nLas terrazas acristaladas de aluminio de alta calidad est\u00e1n dise\u00f1adas para ser c\u00f3modas y funcionales durante todo el a\u00f1o. El vidrio aislante y los eficientes sistemas de sellado mantienen una temperatura interior constante, convirtiendo su terraza acristalada en un espacio vers\u00e1til para comer, relajarse o recibir invitados.<\/p>\n<\/li>\n<li>\n<p id=\"\"><strong>Eficiencia energ\u00e9tica<\/strong>:<br \/>\nEl uso de vidrio aislante de alta eficiencia y tecnolog\u00edas de ahorro de energ\u00eda en las verandas de aluminio reduce los costes de calefacci\u00f3n y refrigeraci\u00f3n. Esto hace que su terraza acristalada sea un complemento ecol\u00f3gico y rentable para su hogar.<\/p>\n<\/li>\n<li>\n<p id=\"\"><strong>Aumento del valor de la propiedad<\/strong>:<br \/>\nA\u00f1adir una terraza acristalada a su casa puede aumentar considerablemente su valor. Ofrece a los compradores potenciales un espacio habitable adicional con caracter\u00edsticas y ventajas \u00fanicas, lo que hace que su propiedad sea m\u00e1s atractiva en el mercado inmobiliario.<\/p>\n<\/li>\n<\/ol>\n<p>Azotea de aluminio de alta calidad<\/p>\n<h3>Si desea conocer m\u00e1s detalles, haga clic en este enlace de youtube:<a href=\"https:\/\/youtu.be\/XBnrx0OJS2g\" target=\"_blank\" rel=\"noopener\">https:\/\/youtu.be\/XBnrx0OJS2g<\/a><\/h3>\n<p>&nbsp;<\/p>\n<figure id=\"attachment_16952\" aria-describedby=\"caption-attachment-16952\" style=\"width: 1024px\" class=\"wp-caption alignnone\"><img loading=\"lazy\" decoding=\"async\" class=\"wp-image-16952\" src=\"https:\/\/meterny.com\/wp-content\/uploads\/2024\/09\/\u5fae\u4fe1\u56fe\u7247_20241006211816.png\" alt=\"Dise\u00f1o de prevenci\u00f3n de fugas de agua de la p\u00e9rgola de aluminio de Meterny\" width=\"1024\" height=\"1403\" srcset=\"https:\/\/meterny.com\/wp-content\/uploads\/2024\/09\/\u5fae\u4fe1\u56fe\u7247_20241006211816.png 888w, https:\/\/meterny.com\/wp-content\/uploads\/2024\/09\/\u5fae\u4fe1\u56fe\u7247_20241006211816-219x300.png 219w, https:\/\/meterny.com\/wp-content\/uploads\/2024\/09\/\u5fae\u4fe1\u56fe\u7247_20241006211816-747x1024.png 747w, https:\/\/meterny.com\/wp-content\/uploads\/2024\/09\/\u5fae\u4fe1\u56fe\u7247_20241006211816-768x1053.png 768w, https:\/\/meterny.com\/wp-content\/uploads\/2024\/09\/\u5fae\u4fe1\u56fe\u7247_20241006211816-600x822.png 600w\" sizes=\"auto, (max-width: 1024px) 100vw, 1024px\" \/><figcaption id=\"caption-attachment-16952\" class=\"wp-caption-text\">Innovador dise\u00f1o de prevenci\u00f3n de fugas de agua de Meterny<\/figcaption><\/figure>\n<h3><strong>Gu\u00eda de compra de Azoteas de aluminio de alta calidad<\/strong><\/h3>\n<ul>\n<li><strong>Consulta<\/strong>: P\u00f3ngase en contacto con nuestro equipo de atenci\u00f3n al cliente para obtener m\u00e1s informaci\u00f3n sobre los detalles del producto y las necesidades de personalizaci\u00f3n.<\/li>\n<li><strong>Dise\u00f1o<\/strong>: Los dise\u00f1adores profesionales proporcionan soluciones de dise\u00f1o personalizadas, garantizando que cumplan sus expectativas.<\/li>\n<li><strong>Presupuesto<\/strong>: Proporcionar un presupuesto detallado basado en la soluci\u00f3n de dise\u00f1o, transparente y sin cargos ocultos.<\/li>\n<li><strong>Instalaci\u00f3n<\/strong>: Un equipo de instalaci\u00f3n profesional realiza la instalaci\u00f3n in situ, garantizando la calidad y la seguridad de la instalaci\u00f3n.<\/li>\n<li><strong>Posventa<\/strong>: Ofrecer un servicio posventa completo, atendiendo sus inquietudes.<\/li>\n<\/ul>\n<figure id=\"attachment_16951\" aria-describedby=\"caption-attachment-16951\" style=\"width: 1024px\" class=\"wp-caption alignnone\"><img loading=\"lazy\" decoding=\"async\" class=\"wp-image-16951\" src=\"https:\/\/meterny.com\/wp-content\/uploads\/2024\/09\/\u753b\u677f-16@3x.png\" alt=\"P\u00e9rgola de Aluminio Meterny dise\u00f1o exclusivo patentado\" width=\"1024\" height=\"1448\" srcset=\"https:\/\/meterny.com\/wp-content\/uploads\/2024\/09\/\u753b\u677f-16@3x.png 1787w, https:\/\/meterny.com\/wp-content\/uploads\/2024\/09\/\u753b\u677f-16@3x-212x300.png 212w, https:\/\/meterny.com\/wp-content\/uploads\/2024\/09\/\u753b\u677f-16@3x-724x1024.png 724w, https:\/\/meterny.com\/wp-content\/uploads\/2024\/09\/\u753b\u677f-16@3x-768x1086.png 768w, https:\/\/meterny.com\/wp-content\/uploads\/2024\/09\/\u753b\u677f-16@3x-1086x1536.png 1086w, https:\/\/meterny.com\/wp-content\/uploads\/2024\/09\/\u753b\u677f-16@3x-1448x2048.png 1448w, https:\/\/meterny.com\/wp-content\/uploads\/2024\/09\/\u753b\u677f-16@3x-600x848.png 600w\" sizes=\"auto, (max-width: 1024px) 100vw, 1024px\" \/><figcaption id=\"caption-attachment-16951\" class=\"wp-caption-text\">Dise\u00f1o patentado de Meterny: Una p\u00e9rgola sin igual<\/figcaption><\/figure>\n<h3>\u00bfPor qu\u00e9 elegir la terraza acristalada de aluminio de alta calidad de Meterny?<\/h3>\n<p id=\"\">Elegir la terraza acristalada de aluminio de alta calidad de Meterny es una decisi\u00f3n que aporta numerosos beneficios a su hogar y a su estilo de vida. He aqu\u00ed algunas razones de peso para optar por nuestros solariums:<\/p>\n<ol>\n<li>\n<p id=\"\"><strong>Materiales de primera calidad y durabilidad<\/strong>:<br \/>\nLas terrazas acristaladas de Meterny est\u00e1n fabricadas con una aleaci\u00f3n de aluminio de alta calidad, conocida por su resistencia a la corrosi\u00f3n, su gran solidez y su ligereza. Esto garantiza que su terraza acristalada resista el paso del tiempo, manteniendo su belleza y funcionalidad durante a\u00f1os.<\/p>\n<\/li>\n<li>\n<p id=\"\"><strong>Dise\u00f1o y est\u00e9tica excepcionales<\/strong>:<br \/>\nNuestras terrazas acristaladas presentan dise\u00f1os elegantes que se integran perfectamente en la arquitectura de su hogar. Las grandes puertas y ventanas de cristal permiten que la luz natural inunde el espacio, creando un ambiente luminoso, aireado y acogedor.<\/p>\n<\/li>\n<li>\n<p id=\"\"><strong>Aislamiento t\u00e9rmico y eficiencia energ\u00e9tica<\/strong>:<br \/>\nLas terrazas acristaladas de aluminio de Meterny est\u00e1n equipadas con vidrio aislante de alta eficiencia y un sistema de sellado que a\u00edsla eficazmente el aire fr\u00edo y caliente del exterior. Esto mantiene una temperatura interior constante, haciendo que su terraza acristalada sea habitable todo el a\u00f1o y reduciendo el consumo de energ\u00eda.<\/p>\n<\/li>\n<li>\n<p id=\"\"><strong>Personalizaci\u00f3n y flexibilidad<\/strong>:<br \/>\nOfrecemos m\u00faltiples tama\u00f1os, formas y estilos que se adaptan a las distintas distribuciones y necesidades de espacio de las casas. Nuestras opciones de personalizaci\u00f3n tambi\u00e9n se extienden a muebles, cortinas y otros accesorios, lo que le permite crear una terraza acristalada personalizada que se adapte perfectamente a sus necesidades y preferencias.<\/p>\n<\/li>\n<li>\n<p id=\"\"><strong>Seguridad y tranquilidad<\/strong>:<br \/>\nLa seguridad es nuestra m\u00e1xima prioridad. Los solariums de Meterny est\u00e1n equipados con cerraduras de seguridad de alto nivel para impedir la entrada de personas no autorizadas. Adem\u00e1s, el vidrio recibe un tratamiento templado o laminado que mejora la resistencia a los impactos y garantiza un uso seguro.<\/p>\n<\/li>\n<li>\n<p id=\"\"><strong>F\u00e1cil mantenimiento<\/strong>:<br \/>\nNuestro material de aleaci\u00f3n de aluminio es f\u00e1cil de limpiar y no requiere ning\u00fan mantenimiento especial. Esto garantiza que su terraza acristalada conserve su belleza y funcionalidad a lo largo del tiempo, con el m\u00ednimo esfuerzo por su parte.<\/p>\n<\/li>\n<li>\n<p id=\"\"><strong>Instalaci\u00f3n profesional y servicio posventa<\/strong>:<br \/>\nEl equipo de instaladores profesionales de Meterny se asegurar\u00e1 de que su terraza acristalada se instale de forma correcta y segura. Nuestro completo servicio posventa resuelve cualquier duda o problema que pueda tener, proporcion\u00e1ndole tranquilidad y satisfacci\u00f3n.<\/p>\n<\/li>\n<\/ol>\n<p id=\"\">En conclusi\u00f3n, elegir una terraza acristalada de aluminio de alta calidad de Meterny significa invertir en un complemento duradero, bonito y funcional para su hogar. Con nuestro compromiso con la excelencia en el dise\u00f1o, la personalizaci\u00f3n, la seguridad y el servicio, usted puede estar seguro de una terraza acristalada que cumple y supera sus expectativas.<\/p>\n<h3><strong>Opiniones de los clientes<\/strong>:<\/h3>\n<ul>\n<li>\"El dise\u00f1o de esta terraza acristalada de aluminio de alta calidad es muy bonito, combina perfectamente con la decoraci\u00f3n de mi casa, y a mi familia le encanta.\"<\/li>\n<li>\"El material de aleaci\u00f3n de aluminio es resistente y duradero, y la instalaci\u00f3n funciona muy bien, con un excelente rendimiento de aislamiento t\u00e9rmico\".<\/li>\n<li>\"El servicio de personalizaci\u00f3n est\u00e1 muy cuidado, desde el dise\u00f1o hasta la instalaci\u00f3n, teniendo en cuenta todos los detalles, muy satisfecho.\"<\/li>\n<\/ul>","protected":false},"excerpt":{"rendered":"<p>Cree un refugio exterior elegante y resistente a la intemperie con el pabell\u00f3n impermeable met\u00e1lico de aluminio, que combina un dise\u00f1o elegante con un rendimiento duradero.<\/p>","protected":false},"featured_media":17732,"comment_status":"open","ping_status":"closed","template":"","meta":{"_uag_custom_page_level_css":"","site-sidebar-layout":"default","site-content-layout":"","ast-site-content-layout":"default","site-content-style":"default","site-sidebar-style":"default","ast-global-header-display":"","ast-banner-title-visibility":"","ast-main-header-display":"","ast-hfb-above-header-display":"","ast-hfb-below-header-display":"","ast-hfb-mobile-header-display":"","site-post-title":"","ast-breadcrumbs-content":"","ast-featured-img":"","footer-sml-layout":"","theme-transparent-header-meta":"default","adv-header-id-meta":"","stick-header-meta":"default","header-above-stick-meta":"","header-main-stick-meta":"","header-below-stick-meta":"","astra-migrate-meta-layouts":"set","ast-page-background-enabled":"default","ast-page-background-meta":{"desktop":{"background-color":"var(--ast-global-color-4)","background-image":"","background-repeat":"repeat","background-position":"center center","background-size":"auto","background-attachment":"scroll","background-type":"","background-media":"","overlay-type":"","overlay-color":"","overlay-opacity":"","overlay-gradient":""},"tablet":{"background-color":"","background-image":"","background-repeat":"repeat","background-position":"center center","background-size":"auto","background-attachment":"scroll","background-type":"","background-media":"","overlay-type":"","overlay-color":"","overlay-opacity":"","overlay-gradient":""},"mobile":{"background-color":"","background-image":"","background-repeat":"repeat","background-position":"center center","background-size":"auto","background-attachment":"scroll","background-type":"","background-media":"","overlay-type":"","overlay-color":"","overlay-opacity":"","overlay-gradient":""}},"ast-content-background-meta":{"desktop":{"background-color":"var(--ast-global-color-5)","background-image":"","background-repeat":"repeat","background-position":"center center","background-size":"auto","background-attachment":"scroll","background-type":"","background-media":"","overlay-type":"","overlay-color":"","overlay-opacity":"","overlay-gradient":""},"tablet":{"background-color":"var(--ast-global-color-5)","background-image":"","background-repeat":"repeat","background-position":"center center","background-size":"auto","background-attachment":"scroll","background-type":"","background-media":"","overlay-type":"","overlay-color":"","overlay-opacity":"","overlay-gradient":""},"mobile":{"background-color":"var(--ast-global-color-5)","background-image":"","background-repeat":"repeat","background-position":"center center","background-size":"auto","background-attachment":"scroll","background-type":"","background-media":"","overlay-type":"","overlay-color":"","overlay-opacity":"","overlay-gradient":""}}},"product_brand":[],"product_cat":[18],"product_tag":[219,217,218,216],"class_list":{"0":"post-17736","1":"product","2":"type-product","3":"status-publish","4":"has-post-thumbnail","6":"product_cat-uncategorized","7":"product_tag-aluminum-metal-waterproof-pergola","8":"product_tag-aluminum-pavilion","9":"product_tag-metal-pavilion","10":"product_tag-waterproof-pavilion","11":"desktop-align-center","12":"tablet-align-left","13":"mobile-align-left","14":"ast-product-gallery-layout-horizontal-slider","15":"ast-product-single-variable","16":"ast-product-tabs-layout-vertical","18":"first","19":"instock","20":"shipping-taxable","21":"product-type-variable"},"uagb_featured_image_src":{"full":["https:\/\/meterny.com\/wp-content\/uploads\/2024\/10\/\u5e9e\u91d1\u5168\u9633\u5149\u623fzhu.jpg",800,800,false],"thumbnail":["https:\/\/meterny.com\/wp-content\/uploads\/2024\/10\/\u5e9e\u91d1\u5168\u9633\u5149\u623fzhu-150x150.jpg",150,150,true],"medium":["https:\/\/meterny.com\/wp-content\/uploads\/2024\/10\/\u5e9e\u91d1\u5168\u9633\u5149\u623fzhu-300x300.jpg",300,300,true],"medium_large":["https:\/\/meterny.com\/wp-content\/uploads\/2024\/10\/\u5e9e\u91d1\u5168\u9633\u5149\u623fzhu-768x768.jpg",768,768,true],"large":["https:\/\/meterny.com\/wp-content\/uploads\/2024\/10\/\u5e9e\u91d1\u5168\u9633\u5149\u623fzhu.jpg",800,800,false],"1536x1536":["https:\/\/meterny.com\/wp-content\/uploads\/2024\/10\/\u5e9e\u91d1\u5168\u9633\u5149\u623fzhu.jpg",800,800,false],"2048x2048":["https:\/\/meterny.com\/wp-content\/uploads\/2024\/10\/\u5e9e\u91d1\u5168\u9633\u5149\u623fzhu.jpg",800,800,false],"trp-custom-language-flag":["https:\/\/meterny.com\/wp-content\/uploads\/2024\/10\/\u5e9e\u91d1\u5168\u9633\u5149\u623fzhu.jpg",12,12,false],"woocommerce_thumbnail":["https:\/\/meterny.com\/wp-content\/uploads\/2024\/10\/\u5e9e\u91d1\u5168\u9633\u5149\u623fzhu-300x300.jpg",300,300,true],"woocommerce_single":["https:\/\/meterny.com\/wp-content\/uploads\/2024\/10\/\u5e9e\u91d1\u5168\u9633\u5149\u623fzhu-600x600.jpg",600,600,true],"woocommerce_gallery_thumbnail":["https:\/\/meterny.com\/wp-content\/uploads\/2024\/10\/\u5e9e\u91d1\u5168\u9633\u5149\u623fzhu-100x100.jpg",100,100,true]},"uagb_author_info":{"display_name":"meterny","author_link":"https:\/\/meterny.com\/es\/author\/"},"uagb_comment_info":0,"uagb_excerpt":"Create a stylish and weather-resistant outdoor haven with the Aluminum Metal Waterproof Pavilion, combining sleek design with durable performance.","_links":{"self":[{"href":"https:\/\/meterny.com\/es\/wp-json\/wp\/v2\/product\/17736","targetHints":{"allow":["GET"]}}],"collection":[{"href":"https:\/\/meterny.com\/es\/wp-json\/wp\/v2\/product"}],"about":[{"href":"https:\/\/meterny.com\/es\/wp-json\/wp\/v2\/types\/product"}],"replies":[{"embeddable":true,"href":"https:\/\/meterny.com\/es\/wp-json\/wp\/v2\/comments?post=17736"}],"wp:featuredmedia":[{"embeddable":true,"href":"https:\/\/meterny.com\/es\/wp-json\/wp\/v2\/media\/17732"}],"wp:attachment":[{"href":"https:\/\/meterny.com\/es\/wp-json\/wp\/v2\/media?parent=17736"}],"wp:term":[{"taxonomy":"product_brand","embeddable":true,"href":"https:\/\/meterny.com\/es\/wp-json\/wp\/v2\/product_brand?post=17736"},{"taxonomy":"product_cat","embeddable":true,"href":"https:\/\/meterny.com\/es\/wp-json\/wp\/v2\/product_cat?post=17736"},{"taxonomy":"product_tag","embeddable":true,"href":"https:\/\/meterny.com\/es\/wp-json\/wp\/v2\/product_tag?post=17736"}],"curies":[{"name":"wp","href":"https:\/\/api.w.org\/{rel}","templated":true}]}}