{"id":17798,"date":"2024-10-10T03:05:45","date_gmt":"2024-10-10T03:05:45","guid":{"rendered":"https:\/\/meterny.com\/?post_type=product&#038;p=17798"},"modified":"2025-05-24T02:14:03","modified_gmt":"2025-05-24T02:14:03","slug":"aluminum-tempered-glass-greenhouse","status":"publish","type":"product","link":"https:\/\/meterny.com\/es\/producto\/aluminum-tempered-glass-greenhouse\/","title":{"rendered":"Invernadero de aluminio de vidrio templado Jard\u00edn de invierno de aluminio de vidrio templado Asoleadero de aluminio"},"content":{"rendered":"<h2 style=\"text-align: center;\">Invernadero de aluminio de vidrio templado Jard\u00edn de invierno de aluminio de vidrio templado Asoleadero de aluminio<\/h2>\n<p><strong>Tipo<\/strong>:  Vidrio templado de aluminio Sunroom<\/p>\n<p><strong>Talla<\/strong>: personalizado<\/p>\n<p><strong>Superficie<\/strong>Revestimiento\/pintura a medida<\/p>\n<p><strong>Color<\/strong>: personalizado<\/p>\n<p><strong>Longitud<\/strong>: Personalizado<\/p>\n<p><strong>Material<\/strong>: Aleaci\u00f3n de aluminio de alta gama<\/p>\n<p><strong>Tecnolog\u00eda del producto<\/strong>: Meterny Sistema antifugas AquaGuard<\/p>\n<figure id=\"attachment_17881\" aria-describedby=\"caption-attachment-17881\" style=\"width: 1024px\" class=\"wp-caption alignnone\"><img loading=\"lazy\" decoding=\"async\" class=\"wp-image-17881\" src=\"https:\/\/meterny.com\/wp-content\/uploads\/2024\/10\/22\u526f\u672c\u4e3b.jpg\" alt=\"Invernadero de aluminio y vidrio templado\" width=\"1024\" height=\"1024\" srcset=\"https:\/\/meterny.com\/wp-content\/uploads\/2024\/10\/22\u526f\u672c\u4e3b.jpg 800w, https:\/\/meterny.com\/wp-content\/uploads\/2024\/10\/22\u526f\u672c\u4e3b-300x300.jpg 300w, https:\/\/meterny.com\/wp-content\/uploads\/2024\/10\/22\u526f\u672c\u4e3b-150x150.jpg 150w, https:\/\/meterny.com\/wp-content\/uploads\/2024\/10\/22\u526f\u672c\u4e3b-768x768.jpg 768w, https:\/\/meterny.com\/wp-content\/uploads\/2024\/10\/22\u526f\u672c\u4e3b-600x600.jpg 600w, https:\/\/meterny.com\/wp-content\/uploads\/2024\/10\/22\u526f\u672c\u4e3b-100x100.jpg 100w\" sizes=\"auto, (max-width: 1024px) 100vw, 1024px\" \/><figcaption id=\"caption-attachment-17881\" class=\"wp-caption-text\">Solarium marr\u00f3n: Un refugio acogedor en su jard\u00edn<\/figcaption><\/figure>\n<p id=\"\"><strong>Nombre del producto<\/strong>: Invernadero de aluminio y vidrio templado<\/p>\n<hr \/>\n<p id=\"\"><strong>Visi\u00f3n general<\/strong>:<\/p>\n<p id=\"\">Nuestro Invernadero de Aluminio y Vidrio Templado es una adici\u00f3n impresionante y funcional a cualquier jard\u00edn o espacio al aire libre. Dise\u00f1ado pensando en la durabilidad y la est\u00e9tica, este invernadero cuenta con un marco de aluminio y paneles de vidrio templado que proporcionan un entorno fuerte, estable y transparente para que sus plantas prosperen.<\/p>\n<hr \/>\n<p id=\"\"><strong>Caracter\u00edsticas principales<\/strong>:<\/p>\n<ol>\n<li><strong>Marco de aluminio duradero<\/strong>:\n<ul>\n<li>Fabricado en aluminio de alta calidad, el armaz\u00f3n de este invernadero es resistente y ligero a la vez. Es resistente al \u00f3xido y la corrosi\u00f3n, lo que garantiza que su invernadero siga siendo funcional y atractivo durante muchos a\u00f1os.<\/li>\n<\/ul>\n<\/li>\n<li><strong>Paneles de vidrio templado<\/strong>:\n<ul>\n<li>Los paneles de cristal templado ofrecen una excelente claridad y durabilidad. Son resistentes a las roturas, lo que proporciona una mayor seguridad para sus plantas y pertenencias. El cristal tambi\u00e9n permite la m\u00e1xima transmisi\u00f3n de luz, garantizando que sus plantas reciban la luz solar que necesitan para crecer y prosperar.<\/li>\n<\/ul>\n<\/li>\n<li><strong>Ventilaci\u00f3n regulable<\/strong>:\n<ul>\n<li>El invernadero cuenta con sistemas de ventilaci\u00f3n regulables que permiten controlar la temperatura y la humedad del interior. Esto garantiza que sus plantas reciban las condiciones de crecimiento \u00f3ptimas, independientemente del tiempo que haga fuera.<\/li>\n<\/ul>\n<\/li>\n<li><strong>Dise\u00f1o personalizable<\/strong>:\n<ul>\n<li>Nuestro invernadero cuenta con una gama de opciones personalizables, que le permiten crear una disposici\u00f3n que se adapte a sus necesidades y preferencias espec\u00edficas. Tanto si busca un invernadero peque\u00f1o y compacto como una estructura m\u00e1s grande y amplia, tenemos una soluci\u00f3n que satisfar\u00e1 sus requisitos.<\/li>\n<\/ul>\n<\/li>\n<li><strong>F\u00e1cil instalaci\u00f3n<\/strong>:\n<ul>\n<li>El invernadero est\u00e1 dise\u00f1ado para una instalaci\u00f3n sencilla, con instrucciones claras y toda la torniller\u00eda necesaria incluida. Esto significa que usted puede tener su invernadero en funcionamiento en poco tiempo, sin necesidad de ayuda profesional.<\/li>\n<\/ul>\n<\/li>\n<li><strong>Resistencia a la intemperie<\/strong>:\n<ul>\n<li>Con su duradera estructura de aluminio y sus paneles de cristal templado, este invernadero es capaz de soportar condiciones meteorol\u00f3gicas adversas. Ya sea nieve, lluvia o viento, puede confiar en que su invernadero permanecer\u00e1 en pie y funcional.<\/li>\n<\/ul>\n<\/li>\n<\/ol>\n<hr \/>\n<p id=\"\"><strong>Especificaciones<\/strong>:<\/p>\n<ul>\n<li><strong>Material del marco<\/strong>: Aluminio<\/li>\n<li><strong>Tipo de vidrio<\/strong>: Cristal templado<\/li>\n<li><strong>Dimensiones<\/strong>: 3*3\/3*4\/4*4<\/li>\n<li><strong>Peso<\/strong>: 250-450kg<\/li>\n<li><strong>Ventilaci\u00f3n<\/strong>: Ajustable<\/li>\n<li><strong>Opciones personalizables<\/strong>: S\u00ed<\/li>\n<li><strong>Instalaci\u00f3n<\/strong>: F\u00e1cil instalaci\u00f3n, h\u00e1galo usted mismo<\/li>\n<li><strong>Garant\u00eda<\/strong>: [m\u00e1s de 10+a\u00f1os]<\/li>\n<\/ul>\n<h3>M\u00e1s dise\u00f1os<\/h3>\n<p>&nbsp;<\/p>\n<figure id=\"attachment_17691\" aria-describedby=\"caption-attachment-17691\" style=\"width: 1204px\" class=\"wp-caption alignnone\"><img loading=\"lazy\" decoding=\"async\" class=\"wp-image-17691\" src=\"https:\/\/meterny.com\/wp-content\/uploads\/2024\/10\/\u4e0b\u8f7d-23.jpg\" alt=\"azoteas de aluminio multicolor soluciones elegantes para azoteas\" width=\"1204\" height=\"1204\" srcset=\"https:\/\/meterny.com\/wp-content\/uploads\/2024\/10\/\u4e0b\u8f7d-23.jpg 1200w, https:\/\/meterny.com\/wp-content\/uploads\/2024\/10\/\u4e0b\u8f7d-23-300x300.jpg 300w, https:\/\/meterny.com\/wp-content\/uploads\/2024\/10\/\u4e0b\u8f7d-23-1024x1024.jpg 1024w, https:\/\/meterny.com\/wp-content\/uploads\/2024\/10\/\u4e0b\u8f7d-23-150x150.jpg 150w, https:\/\/meterny.com\/wp-content\/uploads\/2024\/10\/\u4e0b\u8f7d-23-768x768.jpg 768w, https:\/\/meterny.com\/wp-content\/uploads\/2024\/10\/\u4e0b\u8f7d-23-600x600.jpg 600w, https:\/\/meterny.com\/wp-content\/uploads\/2024\/10\/\u4e0b\u8f7d-23-100x100.jpg 100w\" sizes=\"auto, (max-width: 1204px) 100vw, 1204px\" \/><figcaption id=\"caption-attachment-17691\" class=\"wp-caption-text\">Un caleidoscopio de dise\u00f1os: Elija el que mejor se adapte a sus necesidades<\/figcaption><\/figure>\n<p>Invernadero de aluminio y vidrio templado<\/p>\n<figure id=\"attachment_16950\" aria-describedby=\"caption-attachment-16950\" style=\"width: 1024px\" class=\"wp-caption alignnone\"><img loading=\"lazy\" decoding=\"async\" class=\"wp-image-16950\" src=\"https:\/\/meterny.com\/wp-content\/uploads\/2024\/09\/About-Meterny@3x.png\" alt=\"P\u00e9rgola de aluminio de Meterny Comparaci\u00f3n con otras p\u00e9rgolas\" width=\"1024\" height=\"1447\" srcset=\"https:\/\/meterny.com\/wp-content\/uploads\/2024\/09\/About-Meterny@3x.png 1787w, https:\/\/meterny.com\/wp-content\/uploads\/2024\/09\/About-Meterny@3x-212x300.png 212w, https:\/\/meterny.com\/wp-content\/uploads\/2024\/09\/About-Meterny@3x-724x1024.png 724w, https:\/\/meterny.com\/wp-content\/uploads\/2024\/09\/About-Meterny@3x-768x1086.png 768w, https:\/\/meterny.com\/wp-content\/uploads\/2024\/09\/About-Meterny@3x-1087x1536.png 1087w, https:\/\/meterny.com\/wp-content\/uploads\/2024\/09\/About-Meterny@3x-1449x2048.png 1449w, https:\/\/meterny.com\/wp-content\/uploads\/2024\/09\/About-Meterny@3x-600x848.png 600w\" sizes=\"auto, (max-width: 1024px) 100vw, 1024px\" \/><figcaption id=\"caption-attachment-16950\" class=\"wp-caption-text\">P\u00e9rgolas Meterny frente a p\u00e9rgolas tradicionales: caracter\u00edsticas superiores<\/figcaption><\/figure>\n<h3>Descripci\u00f3n breve<\/h3>\n<p>Ofertas de jard\u00edn de invierno de aluminio<\/p>\n<p id=\"\">Un jard\u00edn de invierno de aluminio ofrece una serie de ventajas y caracter\u00edsticas que lo convierten en la opci\u00f3n ideal para quienes desean crear un espacio exterior elegante y funcional durante los meses m\u00e1s fr\u00edos. Estas son algunas de las principales ventajas de un jard\u00edn de invierno de aluminio:<\/p>\n<ol>\n<li><strong>Durabilidad y resistencia a la intemperie<\/strong>:\n<ul>\n<li>Construido con aluminio de alta calidad, el armaz\u00f3n de un jard\u00edn de invierno es resistente al \u00f3xido, la corrosi\u00f3n y las inclemencias meteorol\u00f3gicas. Esto garantiza que su jard\u00edn de invierno siga siendo funcional y atractivo durante toda la temporada invernal.<\/li>\n<\/ul>\n<\/li>\n<li><strong>Paneles de vidrio templado<\/strong>:\n<ul>\n<li>Muchos jardines de invierno de aluminio incorporan paneles de cristal templado que proporcionan una excelente claridad y durabilidad. Estos paneles son inastillables, por lo que ofrecen mayor seguridad. Tambi\u00e9n permiten la m\u00e1xima transmisi\u00f3n de luz, asegurando que sus plantas reciban la luz solar que necesitan para mantenerse sanas y vibrantes.<\/li>\n<\/ul>\n<\/li>\n<li><strong>Calor y protecci\u00f3n<\/strong>:\n<ul>\n<li>Con su dise\u00f1o cerrado, un jard\u00edn de invierno de aluminio ofrece un entorno c\u00e1lido y protegido para sus plantas y muebles de exterior. Por eso es una opci\u00f3n ideal para prolongar la temporada de cultivo y proteger las plantas delicadas del fr\u00edo invierno.<\/li>\n<\/ul>\n<\/li>\n<li><strong>Disposici\u00f3n y dise\u00f1o personalizables<\/strong>:\n<ul>\n<li>Los jardines de invierno de aluminio est\u00e1n disponibles en una amplia gama de tama\u00f1os, formas y dise\u00f1os, lo que le permite crear un dise\u00f1o que se adapte a sus necesidades y preferencias espec\u00edficas. Tanto si busca una estructura peque\u00f1a y compacta como un espacio m\u00e1s grande y amplio, hay un jard\u00edn de invierno de aluminio que satisfar\u00e1 sus necesidades.<\/li>\n<\/ul>\n<\/li>\n<li><strong>Ventilaci\u00f3n y climatizaci\u00f3n<\/strong>:\n<ul>\n<li>Muchos invernaderos de aluminio incorporan sistemas de ventilaci\u00f3n regulables que permiten controlar la temperatura y la humedad del interior. Esto garantiza que sus plantas reciban las condiciones de crecimiento \u00f3ptimas, independientemente del tiempo que haga fuera.<\/li>\n<\/ul>\n<\/li>\n<\/ol>\n<h3>Si desea conocer m\u00e1s detalles, haga clic en este enlace de youtube:<a href=\"https:\/\/youtu.be\/88PIb9PK7Bk\" target=\"_blank\" rel=\"noopener\">https:\/\/youtu.be\/88PIb9PK7Bk<\/a><\/h3>\n<p>&nbsp;<\/p>\n<figure id=\"attachment_16952\" aria-describedby=\"caption-attachment-16952\" style=\"width: 1024px\" class=\"wp-caption alignnone\"><img loading=\"lazy\" decoding=\"async\" class=\"wp-image-16952\" src=\"https:\/\/meterny.com\/wp-content\/uploads\/2024\/09\/\u5fae\u4fe1\u56fe\u7247_20241006211816.png\" alt=\"Dise\u00f1o de prevenci\u00f3n de fugas de agua de la p\u00e9rgola de aluminio de Meterny\" width=\"1024\" height=\"1403\" srcset=\"https:\/\/meterny.com\/wp-content\/uploads\/2024\/09\/\u5fae\u4fe1\u56fe\u7247_20241006211816.png 888w, https:\/\/meterny.com\/wp-content\/uploads\/2024\/09\/\u5fae\u4fe1\u56fe\u7247_20241006211816-219x300.png 219w, https:\/\/meterny.com\/wp-content\/uploads\/2024\/09\/\u5fae\u4fe1\u56fe\u7247_20241006211816-747x1024.png 747w, https:\/\/meterny.com\/wp-content\/uploads\/2024\/09\/\u5fae\u4fe1\u56fe\u7247_20241006211816-768x1053.png 768w, https:\/\/meterny.com\/wp-content\/uploads\/2024\/09\/\u5fae\u4fe1\u56fe\u7247_20241006211816-600x822.png 600w\" sizes=\"auto, (max-width: 1024px) 100vw, 1024px\" \/><figcaption id=\"caption-attachment-16952\" class=\"wp-caption-text\">Innovador dise\u00f1o de prevenci\u00f3n de fugas de agua de Meterny<\/figcaption><\/figure>\n<p>Invernadero de aluminio y vidrio templado<\/p>\n<figure id=\"attachment_16951\" aria-describedby=\"caption-attachment-16951\" style=\"width: 1024px\" class=\"wp-caption alignnone\"><img loading=\"lazy\" decoding=\"async\" class=\"wp-image-16951\" src=\"https:\/\/meterny.com\/wp-content\/uploads\/2024\/09\/\u753b\u677f-16@3x.png\" alt=\"P\u00e9rgola de Aluminio Meterny dise\u00f1o exclusivo patentado\" width=\"1024\" height=\"1448\" srcset=\"https:\/\/meterny.com\/wp-content\/uploads\/2024\/09\/\u753b\u677f-16@3x.png 1787w, https:\/\/meterny.com\/wp-content\/uploads\/2024\/09\/\u753b\u677f-16@3x-212x300.png 212w, https:\/\/meterny.com\/wp-content\/uploads\/2024\/09\/\u753b\u677f-16@3x-724x1024.png 724w, https:\/\/meterny.com\/wp-content\/uploads\/2024\/09\/\u753b\u677f-16@3x-768x1086.png 768w, https:\/\/meterny.com\/wp-content\/uploads\/2024\/09\/\u753b\u677f-16@3x-1086x1536.png 1086w, https:\/\/meterny.com\/wp-content\/uploads\/2024\/09\/\u753b\u677f-16@3x-1448x2048.png 1448w, https:\/\/meterny.com\/wp-content\/uploads\/2024\/09\/\u753b\u677f-16@3x-600x848.png 600w\" sizes=\"auto, (max-width: 1024px) 100vw, 1024px\" \/><figcaption id=\"caption-attachment-16951\" class=\"wp-caption-text\">Dise\u00f1o patentado de Meterny: Una p\u00e9rgola sin igual<\/figcaption><\/figure>\n<h3>\u00bfPor qu\u00e9 elegir el invernadero de Meterny?<\/h3>\n<p id=\"\">Elija el Invernadero de Meterny por varias razones de peso:<\/p>\n<ol>\n<li><strong>Materiales y construcci\u00f3n de alta calidad<\/strong>:\n<ul>\n<li>Los invernaderos de Meterny se construyen con materiales de alta calidad, como marcos de aluminio duraderos y opciones de acristalamiento resistentes a la intemperie, como vidrio o policarbonato. Esto garantiza que su invernadero sea fuerte, estable y capaz de soportar condiciones clim\u00e1ticas adversas.<\/li>\n<\/ul>\n<\/li>\n<li><strong>Dise\u00f1o innovador<\/strong>:\n<ul>\n<li>Meterny ofrece una gama de caracter\u00edsticas de dise\u00f1o innovadoras que mejoran la funcionalidad y el atractivo est\u00e9tico de sus invernaderos. Esto incluye caracter\u00edsticas como sistemas de ventilaci\u00f3n ajustables, aperturas automatizadas y opciones de acristalamiento energ\u00e9ticamente eficientes que ayudan a regular la temperatura y la humedad en el interior del invernadero.<\/li>\n<\/ul>\n<\/li>\n<li><strong>Opciones personalizables<\/strong>:\n<ul>\n<li>Meterny ofrece una amplia gama de opciones personalizables para adaptarse a sus necesidades y preferencias espec\u00edficas. Tanto si busca un invernadero peque\u00f1o y port\u00e1til como una estructura grande y permanente, Meterny tiene una soluci\u00f3n que satisfar\u00e1 sus requisitos.<\/li>\n<\/ul>\n<\/li>\n<li><strong>Excelente servicio de atenci\u00f3n al cliente<\/strong>:\n<ul>\n<li>Meterny se compromete a ofrecer un servicio de atenci\u00f3n al cliente excepcional. Su equipo de expertos est\u00e1 disponible para ayudarle con cualquier pregunta o duda que pueda tener antes, durante y despu\u00e9s de su compra. Esto garantiza que reciba el apoyo y la orientaci\u00f3n que necesita para sacar el m\u00e1ximo partido a su invernadero.<\/li>\n<\/ul>\n<\/li>\n<li><strong>Rendimiento duradero<\/strong>:\n<ul>\n<li>Con los cuidados y el mantenimiento adecuados, los invernaderos de Meterny est\u00e1n dise\u00f1ados para ofrecer un rendimiento duradero. Sus materiales y construcci\u00f3n duraderos garantizan que su invernadero seguir\u00e1 siendo funcional y atractivo durante muchos a\u00f1os.<\/li>\n<\/ul>\n<\/li>\n<li><strong>Relaci\u00f3n calidad-precio<\/strong>:\n<ul>\n<li>Los invernaderos de Meterny ofrecen una excelente relaci\u00f3n calidad-precio. Aunque sus precios pueden ser competitivos con los de otras marcas de alta calidad, la combinaci\u00f3n de materiales duraderos, dise\u00f1o innovador y excepcional servicio de atenci\u00f3n al cliente los convierte en una sabia inversi\u00f3n.<\/li>\n<\/ul>\n<\/li>\n<li><strong>Sostenibilidad<\/strong>:\n<ul>\n<li>Meterny est\u00e1 comprometido con la sostenibilidad y ofrece opciones ecol\u00f3gicas para sus invernaderos. Esto incluye el uso de materiales renovables y opciones de acristalamiento energ\u00e9ticamente eficientes que reducen su huella de carbono y contribuyen a un futuro m\u00e1s sostenible.<\/li>\n<\/ul>\n<\/li>\n<\/ol>\n<p id=\"\">En resumen, elija el invernadero de Meterny por sus materiales y construcci\u00f3n de alta calidad, dise\u00f1o innovador, opciones personalizables, excelente servicio de atenci\u00f3n al cliente, rendimiento duradero, relaci\u00f3n calidad-precio y compromiso con la sostenibilidad. Estas ventajas hacen de Meterny una opci\u00f3n fiable y de confianza para cualquiera que desee crear un invernadero funcional y con estilo para sus plantas.<\/p>\n<p>&nbsp;<\/p>","protected":false},"excerpt":{"rendered":"<p>Cree un refugio exterior elegante y resistente a la intemperie con el pabell\u00f3n impermeable met\u00e1lico de aluminio, que combina un dise\u00f1o elegante con un rendimiento duradero.<\/p>","protected":false},"featured_media":17881,"comment_status":"open","ping_status":"closed","template":"","meta":{"_uag_custom_page_level_css":"","site-sidebar-layout":"default","site-content-layout":"","ast-site-content-layout":"default","site-content-style":"default","site-sidebar-style":"default","ast-global-header-display":"","ast-banner-title-visibility":"","ast-main-header-display":"","ast-hfb-above-header-display":"","ast-hfb-below-header-display":"","ast-hfb-mobile-header-display":"","site-post-title":"","ast-breadcrumbs-content":"","ast-featured-img":"","footer-sml-layout":"","theme-transparent-header-meta":"default","adv-header-id-meta":"","stick-header-meta":"default","header-above-stick-meta":"","header-main-stick-meta":"","header-below-stick-meta":"","astra-migrate-meta-layouts":"set","ast-page-background-enabled":"default","ast-page-background-meta":{"desktop":{"background-color":"var(--ast-global-color-4)","background-image":"","background-repeat":"repeat","background-position":"center center","background-size":"auto","background-attachment":"scroll","background-type":"","background-media":"","overlay-type":"","overlay-color":"","overlay-opacity":"","overlay-gradient":""},"tablet":{"background-color":"","background-image":"","background-repeat":"repeat","background-position":"center center","background-size":"auto","background-attachment":"scroll","background-type":"","background-media":"","overlay-type":"","overlay-color":"","overlay-opacity":"","overlay-gradient":""},"mobile":{"background-color":"","background-image":"","background-repeat":"repeat","background-position":"center center","background-size":"auto","background-attachment":"scroll","background-type":"","background-media":"","overlay-type":"","overlay-color":"","overlay-opacity":"","overlay-gradient":""}},"ast-content-background-meta":{"desktop":{"background-color":"var(--ast-global-color-5)","background-image":"","background-repeat":"repeat","background-position":"center center","background-size":"auto","background-attachment":"scroll","background-type":"","background-media":"","overlay-type":"","overlay-color":"","overlay-opacity":"","overlay-gradient":""},"tablet":{"background-color":"var(--ast-global-color-5)","background-image":"","background-repeat":"repeat","background-position":"center center","background-size":"auto","background-attachment":"scroll","background-type":"","background-media":"","overlay-type":"","overlay-color":"","overlay-opacity":"","overlay-gradient":""},"mobile":{"background-color":"var(--ast-global-color-5)","background-image":"","background-repeat":"repeat","background-position":"center center","background-size":"auto","background-attachment":"scroll","background-type":"","background-media":"","overlay-type":"","overlay-color":"","overlay-opacity":"","overlay-gradient":""}}},"product_brand":[],"product_cat":[18],"product_tag":[219,217,218,216],"class_list":{"0":"post-17798","1":"product","2":"type-product","3":"status-publish","4":"has-post-thumbnail","6":"product_cat-uncategorized","7":"product_tag-aluminum-metal-waterproof-pergola","8":"product_tag-aluminum-pavilion","9":"product_tag-metal-pavilion","10":"product_tag-waterproof-pavilion","11":"desktop-align-center","12":"tablet-align-left","13":"mobile-align-left","14":"ast-product-gallery-layout-horizontal-slider","15":"ast-product-single-variable","16":"ast-product-tabs-layout-vertical","18":"first","19":"instock","20":"shipping-taxable","21":"product-type-variable"},"uagb_featured_image_src":{"full":["https:\/\/meterny.com\/wp-content\/uploads\/2024\/10\/22\u526f\u672c\u4e3b.jpg",800,800,false],"thumbnail":["https:\/\/meterny.com\/wp-content\/uploads\/2024\/10\/22\u526f\u672c\u4e3b-150x150.jpg",150,150,true],"medium":["https:\/\/meterny.com\/wp-content\/uploads\/2024\/10\/22\u526f\u672c\u4e3b-300x300.jpg",300,300,true],"medium_large":["https:\/\/meterny.com\/wp-content\/uploads\/2024\/10\/22\u526f\u672c\u4e3b-768x768.jpg",768,768,true],"large":["https:\/\/meterny.com\/wp-content\/uploads\/2024\/10\/22\u526f\u672c\u4e3b.jpg",800,800,false],"1536x1536":["https:\/\/meterny.com\/wp-content\/uploads\/2024\/10\/22\u526f\u672c\u4e3b.jpg",800,800,false],"2048x2048":["https:\/\/meterny.com\/wp-content\/uploads\/2024\/10\/22\u526f\u672c\u4e3b.jpg",800,800,false],"trp-custom-language-flag":["https:\/\/meterny.com\/wp-content\/uploads\/2024\/10\/22\u526f\u672c\u4e3b.jpg",12,12,false],"woocommerce_thumbnail":["https:\/\/meterny.com\/wp-content\/uploads\/2024\/10\/22\u526f\u672c\u4e3b-300x300.jpg",300,300,true],"woocommerce_single":["https:\/\/meterny.com\/wp-content\/uploads\/2024\/10\/22\u526f\u672c\u4e3b-600x600.jpg",600,600,true],"woocommerce_gallery_thumbnail":["https:\/\/meterny.com\/wp-content\/uploads\/2024\/10\/22\u526f\u672c\u4e3b-100x100.jpg",100,100,true]},"uagb_author_info":{"display_name":"meterny","author_link":"https:\/\/meterny.com\/es\/author\/"},"uagb_comment_info":0,"uagb_excerpt":"Create a stylish and weather-resistant outdoor haven with the Aluminum Metal Waterproof Pavilion, combining sleek design with durable performance.","_links":{"self":[{"href":"https:\/\/meterny.com\/es\/wp-json\/wp\/v2\/product\/17798","targetHints":{"allow":["GET"]}}],"collection":[{"href":"https:\/\/meterny.com\/es\/wp-json\/wp\/v2\/product"}],"about":[{"href":"https:\/\/meterny.com\/es\/wp-json\/wp\/v2\/types\/product"}],"replies":[{"embeddable":true,"href":"https:\/\/meterny.com\/es\/wp-json\/wp\/v2\/comments?post=17798"}],"wp:featuredmedia":[{"embeddable":true,"href":"https:\/\/meterny.com\/es\/wp-json\/wp\/v2\/media\/17881"}],"wp:attachment":[{"href":"https:\/\/meterny.com\/es\/wp-json\/wp\/v2\/media?parent=17798"}],"wp:term":[{"taxonomy":"product_brand","embeddable":true,"href":"https:\/\/meterny.com\/es\/wp-json\/wp\/v2\/product_brand?post=17798"},{"taxonomy":"product_cat","embeddable":true,"href":"https:\/\/meterny.com\/es\/wp-json\/wp\/v2\/product_cat?post=17798"},{"taxonomy":"product_tag","embeddable":true,"href":"https:\/\/meterny.com\/es\/wp-json\/wp\/v2\/product_tag?post=17798"}],"curies":[{"name":"wp","href":"https:\/\/api.w.org\/{rel}","templated":true}]}}