{"id":17850,"date":"2024-10-10T07:46:45","date_gmt":"2024-10-10T07:46:45","guid":{"rendered":"https:\/\/meterny.com\/?post_type=product&#038;p=17850"},"modified":"2025-05-24T02:14:03","modified_gmt":"2025-05-24T02:14:03","slug":"aluminum-winter-garden-outdoor","status":"publish","type":"product","link":"https:\/\/meterny.com\/es\/producto\/aluminum-winter-garden-outdoor\/","title":{"rendered":"Buen precio de aluminio jard\u00edn de invierno al aire libre de aluminio de vidrio Sunroom vidrio templado jard\u00edn de invierno"},"content":{"rendered":"<h2 style=\"text-align: center;\">Buen Precio Jard\u00edn de invierno de aluminio al aire libre de vidrio de aluminio Sunroom<\/h2>\n<p><strong>Tipo<\/strong>: Invernadero de aluminio templado<\/p>\n<p><strong>Talla<\/strong>: personalizado<\/p>\n<p><strong>Superficie<\/strong>Revestimiento\/pintura a medida<\/p>\n<p><strong>Color<\/strong>: personalizado<\/p>\n<p><strong>Longitud<\/strong>: Personalizado<\/p>\n<p><strong>Material<\/strong>: Aleaci\u00f3n de aluminio de alta gama<\/p>\n<p><strong>Tecnolog\u00eda del producto<\/strong>: Meterny Sistema antifugas AquaGuard<\/p>\n<figure id=\"attachment_17884\" aria-describedby=\"caption-attachment-17884\" style=\"width: 1024px\" class=\"wp-caption alignnone\"><img loading=\"lazy\" decoding=\"async\" class=\"wp-image-17884\" src=\"https:\/\/meterny.com\/wp-content\/uploads\/2024\/10\/\u4f55\u521a\u9633\u5149\u623f-\u526f\u672c.jpg\" alt=\"Jard\u00edn de invierno de aluminio al aire libre\" width=\"1024\" height=\"1024\" srcset=\"https:\/\/meterny.com\/wp-content\/uploads\/2024\/10\/\u4f55\u521a\u9633\u5149\u623f-\u526f\u672c.jpg 800w, https:\/\/meterny.com\/wp-content\/uploads\/2024\/10\/\u4f55\u521a\u9633\u5149\u623f-\u526f\u672c-300x300.jpg 300w, https:\/\/meterny.com\/wp-content\/uploads\/2024\/10\/\u4f55\u521a\u9633\u5149\u623f-\u526f\u672c-150x150.jpg 150w, https:\/\/meterny.com\/wp-content\/uploads\/2024\/10\/\u4f55\u521a\u9633\u5149\u623f-\u526f\u672c-768x768.jpg 768w, https:\/\/meterny.com\/wp-content\/uploads\/2024\/10\/\u4f55\u521a\u9633\u5149\u623f-\u526f\u672c-600x600.jpg 600w, https:\/\/meterny.com\/wp-content\/uploads\/2024\/10\/\u4f55\u521a\u9633\u5149\u623f-\u526f\u672c-100x100.jpg 100w\" sizes=\"auto, (max-width: 1024px) 100vw, 1024px\" \/><figcaption id=\"caption-attachment-17884\" class=\"wp-caption-text\">Una espaciosa terraza acristalada blanca: Lujo en el jard\u00edn<\/figcaption><\/figure>\n<h3>Visi\u00f3n general<\/h3>\n<p id=\"\">Transforme su espacio exterior en un acogedor y elegante jard\u00edn de invierno con nuestro jard\u00edn de invierno de aluminio para exteriores. Dise\u00f1ado con elegantes marcos de aluminio y vidrio templado duradero, esta estructura proporciona un ambiente c\u00e1lido y acogedor a la vez que le protege de los elementos. Tanto si desea crear una nueva zona de estar, un comedor o un tranquilo rinc\u00f3n de lectura, nuestro jard\u00edn de invierno de aluminio para exteriores es la soluci\u00f3n perfecta.<\/p>\n<h3>Caracter\u00edsticas principales<\/h3>\n<ul>\n<li><strong>Robustos marcos de aluminio<\/strong>: Fabricadas en aluminio de alta calidad, nuestras monturas est\u00e1n dise\u00f1adas para soportar las duras condiciones invernales sin perder su est\u00e9tica elegante y moderna.<\/li>\n<li><strong>Paneles de vidrio templado<\/strong>: Los grandes paneles de vidrio templado ofrecen vistas claras y despejadas de su entorno exterior, a la vez que proporcionan un aislamiento y una seguridad superiores.<\/li>\n<li><strong>Dise\u00f1o personalizable<\/strong>: Elija entre una variedad de colores de marco, tipos de cristal y caracter\u00edsticas opcionales para crear un jard\u00edn de invierno que se adapte perfectamente a su estilo y necesidades.<\/li>\n<li><strong>F\u00e1cil instalaci\u00f3n<\/strong>: Nuestros jardines de invierno est\u00e1n dise\u00f1ados para una f\u00e1cil instalaci\u00f3n, con instrucciones claras y el apoyo de nuestro equipo de profesionales para garantizar un proceso de instalaci\u00f3n sin problemas.<\/li>\n<li><strong>Disfrute todo el a\u00f1o<\/strong>: Protegido de la lluvia, la nieve y el viento, podr\u00e1 disfrutar de su jard\u00edn de invierno durante todo el a\u00f1o, creando un espacio acogedor y acogedor para la relajaci\u00f3n y el entretenimiento.<\/li>\n<\/ul>\n<h3>Especificaciones<\/h3>\n<ul>\n<li><strong>Material del marco<\/strong>: Aluminio<\/li>\n<li><strong>Tipo de vidrio<\/strong>: Cristal templado<\/li>\n<li><strong>Dimensiones<\/strong>: Personalizable (especif\u00edquelo durante la compra)<\/li>\n<li><strong>Opciones de color<\/strong>: M\u00faltiples colores de marco disponibles<\/li>\n<li><strong>Caracter\u00edsticas<\/strong>: Aislamiento, cristal de seguridad, dise\u00f1o personalizable<\/li>\n<\/ul>\n<h3>Beneficios<\/h3>\n<ul>\n<li><strong>Mayor espacio vital<\/strong>: Ampl\u00ede su zona de estar con un jard\u00edn de invierno elegante y funcional.<\/li>\n<li><strong>Mayor confort<\/strong>: Nuestros marcos de vidrio templado y aluminio proporcionan un aislamiento superior, manteniendo su jard\u00edn de invierno c\u00e1lido y acogedor durante los meses m\u00e1s fr\u00edos.<\/li>\n<li><strong>Hermosas vistas<\/strong>: Disfrute de vistas despejadas de su jard\u00edn, paisaje o paisaje urbano, mejorando el atractivo est\u00e9tico de su espacio exterior.<\/li>\n<li><strong>Durabilidad<\/strong>: Fabricados con materiales de alta calidad, nuestros jardines de invierno est\u00e1n dise\u00f1ados para resistir las inclemencias del tiempo y ofrecer una larga durabilidad.<\/li>\n<\/ul>\n<h3>M\u00e1s dise\u00f1os<\/h3>\n<figure id=\"attachment_17691\" aria-describedby=\"caption-attachment-17691\" style=\"width: 1204px\" class=\"wp-caption alignnone\"><img loading=\"lazy\" decoding=\"async\" class=\"wp-image-17691\" src=\"https:\/\/meterny.com\/wp-content\/uploads\/2024\/10\/\u4e0b\u8f7d-23.jpg\" alt=\"azoteas de aluminio multicolor soluciones elegantes para azoteas\" width=\"1204\" height=\"1204\" srcset=\"https:\/\/meterny.com\/wp-content\/uploads\/2024\/10\/\u4e0b\u8f7d-23.jpg 1200w, https:\/\/meterny.com\/wp-content\/uploads\/2024\/10\/\u4e0b\u8f7d-23-300x300.jpg 300w, https:\/\/meterny.com\/wp-content\/uploads\/2024\/10\/\u4e0b\u8f7d-23-1024x1024.jpg 1024w, https:\/\/meterny.com\/wp-content\/uploads\/2024\/10\/\u4e0b\u8f7d-23-150x150.jpg 150w, https:\/\/meterny.com\/wp-content\/uploads\/2024\/10\/\u4e0b\u8f7d-23-768x768.jpg 768w, https:\/\/meterny.com\/wp-content\/uploads\/2024\/10\/\u4e0b\u8f7d-23-600x600.jpg 600w, https:\/\/meterny.com\/wp-content\/uploads\/2024\/10\/\u4e0b\u8f7d-23-100x100.jpg 100w\" sizes=\"auto, (max-width: 1204px) 100vw, 1204px\" \/><figcaption id=\"caption-attachment-17691\" class=\"wp-caption-text\">Un caleidoscopio de dise\u00f1os: Elija el que mejor se adapte a sus necesidades<\/figcaption><\/figure>\n<p>Jard\u00edn de invierno de aluminio al aire libre<\/p>\n<figure id=\"attachment_16950\" aria-describedby=\"caption-attachment-16950\" style=\"width: 1024px\" class=\"wp-caption alignnone\"><img loading=\"lazy\" decoding=\"async\" class=\"wp-image-16950\" src=\"https:\/\/meterny.com\/wp-content\/uploads\/2024\/09\/About-Meterny@3x.png\" alt=\"P\u00e9rgola de aluminio de Meterny Comparaci\u00f3n con otras p\u00e9rgolas\" width=\"1024\" height=\"1447\" srcset=\"https:\/\/meterny.com\/wp-content\/uploads\/2024\/09\/About-Meterny@3x.png 1787w, https:\/\/meterny.com\/wp-content\/uploads\/2024\/09\/About-Meterny@3x-212x300.png 212w, https:\/\/meterny.com\/wp-content\/uploads\/2024\/09\/About-Meterny@3x-724x1024.png 724w, https:\/\/meterny.com\/wp-content\/uploads\/2024\/09\/About-Meterny@3x-768x1086.png 768w, https:\/\/meterny.com\/wp-content\/uploads\/2024\/09\/About-Meterny@3x-1087x1536.png 1087w, https:\/\/meterny.com\/wp-content\/uploads\/2024\/09\/About-Meterny@3x-1449x2048.png 1449w, https:\/\/meterny.com\/wp-content\/uploads\/2024\/09\/About-Meterny@3x-600x848.png 600w\" sizes=\"auto, (max-width: 1024px) 100vw, 1024px\" \/><figcaption id=\"caption-attachment-16950\" class=\"wp-caption-text\">P\u00e9rgolas Meterny frente a p\u00e9rgolas tradicionales: caracter\u00edsticas superiores<\/figcaption><\/figure>\n<h3>Descripci\u00f3n breve<\/h3>\n<p id=\"\">Un invernadero de aluminio ofrece una serie de ventajas y beneficios, entre ellos:<\/p>\n<ol>\n<li><strong>Resistencia y durabilidad<\/strong>:\n<ul>\n<li>El aluminio es un material ligero pero resistente que soporta condiciones clim\u00e1ticas adversas como vientos fuertes, nieve intensa y lluvia. Esto garantiza que su invernadero se mantenga estable y seguro, protegiendo sus plantas de posibles da\u00f1os.<\/li>\n<\/ul>\n<\/li>\n<li><strong>Resistencia a la corrosi\u00f3n<\/strong>:\n<ul>\n<li>El aluminio es muy resistente a la corrosi\u00f3n, lo que significa que no se oxida ni se degrada con el tiempo. Esto garantiza que su invernadero mantenga su integridad estructural y su aspecto durante muchos a\u00f1os.<\/li>\n<\/ul>\n<\/li>\n<li><strong>Facilidad de mantenimiento<\/strong>:\n<ul>\n<li>Los invernaderos de aluminio suelen requerir poco mantenimiento. No requieren pintura ni otras tareas de mantenimiento peri\u00f3dicas, lo que le ahorrar\u00e1 tiempo y dinero.<\/li>\n<\/ul>\n<\/li>\n<li><strong>Dise\u00f1o personalizable<\/strong>:\n<ul>\n<li>Los invernaderos de aluminio pueden personalizarse a menudo para adaptarse a sus necesidades y preferencias espec\u00edficas. Esto incluye opciones de diferentes tama\u00f1os, formas, materiales de acristalamiento (como vidrio o policarbonato), sistemas de ventilaci\u00f3n y accesorios.<\/li>\n<\/ul>\n<\/li>\n<li><strong>Longevidad<\/strong>:\n<ul>\n<li>Con los cuidados y el mantenimiento adecuados, un invernadero de aluminio puede durar d\u00e9cadas. Esta inversi\u00f3n duradera le proporcionar\u00e1 un espacio fiable y funcional para cultivar plantas durante muchos a\u00f1os.<\/li>\n<\/ul>\n<\/li>\n<\/ol>\n<p>Jard\u00edn de invierno de aluminio al aire libre<\/p>\n<p>&nbsp;<\/p>\n<figure id=\"attachment_16952\" aria-describedby=\"caption-attachment-16952\" style=\"width: 1024px\" class=\"wp-caption alignnone\"><img loading=\"lazy\" decoding=\"async\" class=\"wp-image-16952\" src=\"https:\/\/meterny.com\/wp-content\/uploads\/2024\/09\/\u5fae\u4fe1\u56fe\u7247_20241006211816.png\" alt=\"Dise\u00f1o de prevenci\u00f3n de fugas de agua de la p\u00e9rgola de aluminio de Meterny\" width=\"1024\" height=\"1403\" srcset=\"https:\/\/meterny.com\/wp-content\/uploads\/2024\/09\/\u5fae\u4fe1\u56fe\u7247_20241006211816.png 888w, https:\/\/meterny.com\/wp-content\/uploads\/2024\/09\/\u5fae\u4fe1\u56fe\u7247_20241006211816-219x300.png 219w, https:\/\/meterny.com\/wp-content\/uploads\/2024\/09\/\u5fae\u4fe1\u56fe\u7247_20241006211816-747x1024.png 747w, https:\/\/meterny.com\/wp-content\/uploads\/2024\/09\/\u5fae\u4fe1\u56fe\u7247_20241006211816-768x1053.png 768w, https:\/\/meterny.com\/wp-content\/uploads\/2024\/09\/\u5fae\u4fe1\u56fe\u7247_20241006211816-600x822.png 600w\" sizes=\"auto, (max-width: 1024px) 100vw, 1024px\" \/><figcaption id=\"caption-attachment-16952\" class=\"wp-caption-text\">Innovador dise\u00f1o de prevenci\u00f3n de fugas de agua de Meterny<\/figcaption><\/figure>\n<p>Jard\u00edn de invierno de aluminio al aire libre<\/p>\n<h3>Si desea conocer m\u00e1s detalles, haga clic en este enlace de youtube:<a href=\"https:\/\/youtu.be\/0FgHU_d-JLU\" target=\"_blank\" rel=\"noopener\">https:\/\/youtu.be\/0FgHU_d-JLU<\/a><\/h3>\n<figure id=\"attachment_16951\" aria-describedby=\"caption-attachment-16951\" style=\"width: 1024px\" class=\"wp-caption alignnone\"><img loading=\"lazy\" decoding=\"async\" class=\"wp-image-16951\" src=\"https:\/\/meterny.com\/wp-content\/uploads\/2024\/09\/\u753b\u677f-16@3x.png\" alt=\"P\u00e9rgola de Aluminio Meterny dise\u00f1o exclusivo patentado\" width=\"1024\" height=\"1448\" srcset=\"https:\/\/meterny.com\/wp-content\/uploads\/2024\/09\/\u753b\u677f-16@3x.png 1787w, https:\/\/meterny.com\/wp-content\/uploads\/2024\/09\/\u753b\u677f-16@3x-212x300.png 212w, https:\/\/meterny.com\/wp-content\/uploads\/2024\/09\/\u753b\u677f-16@3x-724x1024.png 724w, https:\/\/meterny.com\/wp-content\/uploads\/2024\/09\/\u753b\u677f-16@3x-768x1086.png 768w, https:\/\/meterny.com\/wp-content\/uploads\/2024\/09\/\u753b\u677f-16@3x-1086x1536.png 1086w, https:\/\/meterny.com\/wp-content\/uploads\/2024\/09\/\u753b\u677f-16@3x-1448x2048.png 1448w, https:\/\/meterny.com\/wp-content\/uploads\/2024\/09\/\u753b\u677f-16@3x-600x848.png 600w\" sizes=\"auto, (max-width: 1024px) 100vw, 1024px\" \/><figcaption id=\"caption-attachment-16951\" class=\"wp-caption-text\">Dise\u00f1o patentado de Meterny: Una p\u00e9rgola sin igual<\/figcaption><\/figure>\n<h3>\u00bfPor qu\u00e9 elegir el invernadero de aluminio de Meterny?<\/h3>\n<ol>\n<li>\n<p id=\"\"><strong>Dise\u00f1o duradero y respetuoso con el medio ambiente<\/strong>:<\/p>\n<ul>\n<li>El invernadero de aluminio de Meterny est\u00e1 fabricado con materiales sostenibles, utilizando fuentes renovables y madera con certificaci\u00f3n FSC. Esto garantiza una elecci\u00f3n ecol\u00f3gica y responsable con el medio ambiente para su jard\u00edn.<\/li>\n<li>El fuerte armaz\u00f3n de aluminio y las maderas tratadas a presi\u00f3n est\u00e1n dise\u00f1ados para soportar las duras condiciones meteorol\u00f3gicas, proporcionando un espacio duradero y seguro para sus plantas.<\/li>\n<\/ul>\n<\/li>\n<li>\n<p id=\"\"><strong>F\u00e1cil montaje y mantenimiento<\/strong>:<\/p>\n<ul>\n<li>Nuestro invernadero se monta f\u00e1cilmente, con un proceso sencillo y directo que le permite montarlo en un abrir y cerrar de ojos.<\/li>\n<li>El acabado met\u00e1lico con recubrimiento en polvo garantiza un exterior de bajo mantenimiento que resiste la corrosi\u00f3n, ahorr\u00e1ndole tiempo y esfuerzo a largo plazo.<\/li>\n<\/ul>\n<\/li>\n<li>\n<p id=\"\"><strong>Funciones de seguridad avanzadas<\/strong>:<\/p>\n<ul>\n<li>El invernadero est\u00e1 equipado con paneles de vidrio templado y policarbonato, que proporcionan una excelente protecci\u00f3n contra los elementos y garantizan un entorno seguro para que prosperen sus plantas.<\/li>\n<\/ul>\n<\/li>\n<li>\n<p id=\"\"><strong>Opciones personalizables y de alta calidad<\/strong>:<\/p>\n<ul>\n<li>Meterny ofrece una amplia gama de opciones personalizables, que le permiten adaptar el invernadero a sus necesidades y preferencias espec\u00edficas.<\/li>\n<li>Los materiales y la construcci\u00f3n de alta calidad garantizan una estructura robusta y fiable que le servir\u00e1 durante a\u00f1os.<\/li>\n<\/ul>\n<\/li>\n<li>\n<p id=\"\"><strong>Excelente servicio y atenci\u00f3n al cliente<\/strong>:<\/p>\n<ul>\n<li>Meterny se compromete a proporcionar un excelente servicio y soporte al cliente. Nuestro equipo de expertos est\u00e1 listo para ayudarle con cualquier pregunta o duda que pueda tener durante el proceso de compra e instalaci\u00f3n.<\/li>\n<li>Tambi\u00e9n ofrecemos una garant\u00eda duradera para nuestros invernaderos de aluminio, lo que le dar\u00e1 tranquilidad y confianza en su compra.<\/li>\n<\/ul>\n<\/li>\n<\/ol>\n<p id=\"\">En resumen, el Invernadero de Aluminio de Meterny destaca por su dise\u00f1o duradero y respetuoso con el medio ambiente, su facilidad de montaje y mantenimiento, sus avanzadas funciones de seguridad, sus opciones personalizables y de alta calidad, y su excelente servicio y atenci\u00f3n al cliente. Estos factores lo convierten en una opci\u00f3n ideal para cualquiera que busque crear un invernadero elegante y funcional para su jard\u00edn.<\/p>\n<p>&nbsp;<\/p>","protected":false},"excerpt":{"rendered":"<p>Cree un refugio exterior elegante y resistente a la intemperie con el pabell\u00f3n impermeable met\u00e1lico de aluminio, que combina un dise\u00f1o elegante con un rendimiento duradero.<\/p>","protected":false},"featured_media":17884,"comment_status":"open","ping_status":"closed","template":"","meta":{"_uag_custom_page_level_css":"","site-sidebar-layout":"default","site-content-layout":"","ast-site-content-layout":"default","site-content-style":"default","site-sidebar-style":"default","ast-global-header-display":"","ast-banner-title-visibility":"","ast-main-header-display":"","ast-hfb-above-header-display":"","ast-hfb-below-header-display":"","ast-hfb-mobile-header-display":"","site-post-title":"","ast-breadcrumbs-content":"","ast-featured-img":"","footer-sml-layout":"","theme-transparent-header-meta":"default","adv-header-id-meta":"","stick-header-meta":"default","header-above-stick-meta":"","header-main-stick-meta":"","header-below-stick-meta":"","astra-migrate-meta-layouts":"set","ast-page-background-enabled":"default","ast-page-background-meta":{"desktop":{"background-color":"var(--ast-global-color-4)","background-image":"","background-repeat":"repeat","background-position":"center center","background-size":"auto","background-attachment":"scroll","background-type":"","background-media":"","overlay-type":"","overlay-color":"","overlay-opacity":"","overlay-gradient":""},"tablet":{"background-color":"","background-image":"","background-repeat":"repeat","background-position":"center center","background-size":"auto","background-attachment":"scroll","background-type":"","background-media":"","overlay-type":"","overlay-color":"","overlay-opacity":"","overlay-gradient":""},"mobile":{"background-color":"","background-image":"","background-repeat":"repeat","background-position":"center center","background-size":"auto","background-attachment":"scroll","background-type":"","background-media":"","overlay-type":"","overlay-color":"","overlay-opacity":"","overlay-gradient":""}},"ast-content-background-meta":{"desktop":{"background-color":"var(--ast-global-color-5)","background-image":"","background-repeat":"repeat","background-position":"center center","background-size":"auto","background-attachment":"scroll","background-type":"","background-media":"","overlay-type":"","overlay-color":"","overlay-opacity":"","overlay-gradient":""},"tablet":{"background-color":"var(--ast-global-color-5)","background-image":"","background-repeat":"repeat","background-position":"center center","background-size":"auto","background-attachment":"scroll","background-type":"","background-media":"","overlay-type":"","overlay-color":"","overlay-opacity":"","overlay-gradient":""},"mobile":{"background-color":"var(--ast-global-color-5)","background-image":"","background-repeat":"repeat","background-position":"center center","background-size":"auto","background-attachment":"scroll","background-type":"","background-media":"","overlay-type":"","overlay-color":"","overlay-opacity":"","overlay-gradient":""}}},"product_brand":[],"product_cat":[18],"product_tag":[219,217,218,216],"class_list":{"0":"post-17850","1":"product","2":"type-product","3":"status-publish","4":"has-post-thumbnail","6":"product_cat-uncategorized","7":"product_tag-aluminum-metal-waterproof-pergola","8":"product_tag-aluminum-pavilion","9":"product_tag-metal-pavilion","10":"product_tag-waterproof-pavilion","11":"desktop-align-center","12":"tablet-align-left","13":"mobile-align-left","14":"ast-product-gallery-layout-horizontal-slider","15":"ast-product-single-variable","16":"ast-product-tabs-layout-vertical","18":"first","19":"instock","20":"shipping-taxable","21":"product-type-variable"},"uagb_featured_image_src":{"full":["https:\/\/meterny.com\/wp-content\/uploads\/2024\/10\/\u4f55\u521a\u9633\u5149\u623f-\u526f\u672c.jpg",800,800,false],"thumbnail":["https:\/\/meterny.com\/wp-content\/uploads\/2024\/10\/\u4f55\u521a\u9633\u5149\u623f-\u526f\u672c-150x150.jpg",150,150,true],"medium":["https:\/\/meterny.com\/wp-content\/uploads\/2024\/10\/\u4f55\u521a\u9633\u5149\u623f-\u526f\u672c-300x300.jpg",300,300,true],"medium_large":["https:\/\/meterny.com\/wp-content\/uploads\/2024\/10\/\u4f55\u521a\u9633\u5149\u623f-\u526f\u672c-768x768.jpg",768,768,true],"large":["https:\/\/meterny.com\/wp-content\/uploads\/2024\/10\/\u4f55\u521a\u9633\u5149\u623f-\u526f\u672c.jpg",800,800,false],"1536x1536":["https:\/\/meterny.com\/wp-content\/uploads\/2024\/10\/\u4f55\u521a\u9633\u5149\u623f-\u526f\u672c.jpg",800,800,false],"2048x2048":["https:\/\/meterny.com\/wp-content\/uploads\/2024\/10\/\u4f55\u521a\u9633\u5149\u623f-\u526f\u672c.jpg",800,800,false],"trp-custom-language-flag":["https:\/\/meterny.com\/wp-content\/uploads\/2024\/10\/\u4f55\u521a\u9633\u5149\u623f-\u526f\u672c.jpg",12,12,false],"woocommerce_thumbnail":["https:\/\/meterny.com\/wp-content\/uploads\/2024\/10\/\u4f55\u521a\u9633\u5149\u623f-\u526f\u672c-300x300.jpg",300,300,true],"woocommerce_single":["https:\/\/meterny.com\/wp-content\/uploads\/2024\/10\/\u4f55\u521a\u9633\u5149\u623f-\u526f\u672c-600x600.jpg",600,600,true],"woocommerce_gallery_thumbnail":["https:\/\/meterny.com\/wp-content\/uploads\/2024\/10\/\u4f55\u521a\u9633\u5149\u623f-\u526f\u672c-100x100.jpg",100,100,true]},"uagb_author_info":{"display_name":"meterny","author_link":"https:\/\/meterny.com\/es\/author\/"},"uagb_comment_info":0,"uagb_excerpt":"Create a stylish and weather-resistant outdoor haven with the Aluminum Metal Waterproof Pavilion, combining sleek design with durable performance.","_links":{"self":[{"href":"https:\/\/meterny.com\/es\/wp-json\/wp\/v2\/product\/17850","targetHints":{"allow":["GET"]}}],"collection":[{"href":"https:\/\/meterny.com\/es\/wp-json\/wp\/v2\/product"}],"about":[{"href":"https:\/\/meterny.com\/es\/wp-json\/wp\/v2\/types\/product"}],"replies":[{"embeddable":true,"href":"https:\/\/meterny.com\/es\/wp-json\/wp\/v2\/comments?post=17850"}],"wp:featuredmedia":[{"embeddable":true,"href":"https:\/\/meterny.com\/es\/wp-json\/wp\/v2\/media\/17884"}],"wp:attachment":[{"href":"https:\/\/meterny.com\/es\/wp-json\/wp\/v2\/media?parent=17850"}],"wp:term":[{"taxonomy":"product_brand","embeddable":true,"href":"https:\/\/meterny.com\/es\/wp-json\/wp\/v2\/product_brand?post=17850"},{"taxonomy":"product_cat","embeddable":true,"href":"https:\/\/meterny.com\/es\/wp-json\/wp\/v2\/product_cat?post=17850"},{"taxonomy":"product_tag","embeddable":true,"href":"https:\/\/meterny.com\/es\/wp-json\/wp\/v2\/product_tag?post=17850"}],"curies":[{"name":"wp","href":"https:\/\/api.w.org\/{rel}","templated":true}]}}