{"id":17887,"date":"2024-10-10T08:20:44","date_gmt":"2024-10-10T08:20:44","guid":{"rendered":"https:\/\/meterny.com\/?post_type=product&#038;p=17887"},"modified":"2025-05-24T02:04:14","modified_gmt":"2025-05-24T02:04:14","slug":"aluminum-frame-glass-winter-garden-sunroom","status":"publish","type":"product","link":"https:\/\/meterny.com\/es\/producto\/aluminum-frame-glass-winter-garden-sunroom\/","title":{"rendered":"Marco de aluminio de vidrio Winter Garden Sunroom Casa de aluminio de pie libre de vidrio de aluminio Sunroom"},"content":{"rendered":"<h2 style=\"text-align: center;\">Marco de aluminio de vidrio Winter Garden Sunroom Casa de aluminio de pie de cristal Sunroom<\/h2>\n<p><strong>Tipo<\/strong>: Marco de aluminio de vidrio Winter Garden Sunroom Casa de aluminio de pie libre de vidrio Sunroom<\/p>\n<p><strong>Talla<\/strong>: personalizado<\/p>\n<p><strong>Superficie<\/strong>Revestimiento\/pintura a medida<\/p>\n<p><strong>Color<\/strong>: personalizado<\/p>\n<p><strong>Longitud<\/strong>: Personalizado<\/p>\n<p><strong>Material<\/strong>: Aleaci\u00f3n de aluminio de alta gama<\/p>\n<p><strong>Tecnolog\u00eda del producto<\/strong>: Meterny Sistema antifugas AquaGuard<\/p>\n<figure id=\"attachment_17882\" aria-describedby=\"caption-attachment-17882\" style=\"width: 1024px\" class=\"wp-caption alignnone\"><img loading=\"lazy\" decoding=\"async\" class=\"wp-image-17882\" src=\"https:\/\/meterny.com\/wp-content\/uploads\/2024\/10\/yangguanfang\u4e3b-1.jpg\" alt=\"Atico Acristalado con Estructura de Aluminio Winter Garden\" width=\"1024\" height=\"1024\" srcset=\"https:\/\/meterny.com\/wp-content\/uploads\/2024\/10\/yangguanfang\u4e3b-1.jpg 800w, https:\/\/meterny.com\/wp-content\/uploads\/2024\/10\/yangguanfang\u4e3b-1-300x300.jpg 300w, https:\/\/meterny.com\/wp-content\/uploads\/2024\/10\/yangguanfang\u4e3b-1-150x150.jpg 150w, https:\/\/meterny.com\/wp-content\/uploads\/2024\/10\/yangguanfang\u4e3b-1-768x768.jpg 768w, https:\/\/meterny.com\/wp-content\/uploads\/2024\/10\/yangguanfang\u4e3b-1-600x600.jpg 600w, https:\/\/meterny.com\/wp-content\/uploads\/2024\/10\/yangguanfang\u4e3b-1-100x100.jpg 100w\" sizes=\"auto, (max-width: 1024px) 100vw, 1024px\" \/><figcaption id=\"caption-attachment-17882\" class=\"wp-caption-text\">Solarium R\u00fastico Marr\u00f3n: Traiga la tranquilidad de la naturaleza<\/figcaption><\/figure>\n<h4><strong>Presentaci\u00f3n del producto<\/strong><\/h4>\n<p id=\"\">Bienvenido a nuestra terraza acristalada Winter Garden con marco de aluminio, donde convergen la comodidad, la elegancia y la funcionalidad. Fabricada con precisi\u00f3n y dise\u00f1ada para durar, esta terraza acristalada transforma su espacio exterior en una lujosa zona de estar durante todo el a\u00f1o. Ideal tanto para propiedades residenciales como comerciales, nuestra terraza acristalada ofrece una mezcla perfecta de luz natural, calidez y protecci\u00f3n contra los elementos.<\/p>\n<hr \/>\n<h4><strong>Caracter\u00edsticas principales del invernadero de cristal con estructura de aluminio<\/strong><\/h4>\n<ol>\n<li><strong>Marco de aluminio<\/strong>:\n<ul>\n<li>Fabricado en aleaci\u00f3n de aluminio de alta calidad, que proporciona una gran solidez y resistencia a la corrosi\u00f3n.<\/li>\n<li>Su dise\u00f1o elegante y moderno complementa la est\u00e9tica de cualquier hogar o negocio.<\/li>\n<li>Ligero pero robusto, garantiza una f\u00e1cil instalaci\u00f3n y una larga durabilidad.<\/li>\n<\/ul>\n<\/li>\n<li><strong>Paneles de vidrio<\/strong>:\n<ul>\n<li>Utiliza cristal doble o triple para un aislamiento y una reducci\u00f3n del ruido superiores.<\/li>\n<li>Ofrece vistas claras y despejadas del entorno exterior.<\/li>\n<li>F\u00e1cil de limpiar y mantener, para que su terraza acristalada luzca impecable todo el a\u00f1o.<\/li>\n<\/ul>\n<\/li>\n<li><strong>Dise\u00f1o personalizable<\/strong>:\n<ul>\n<li>Elija entre una gran variedad de colores de marco, tipos de cristal y configuraciones para adaptarse a sus necesidades.<\/li>\n<li>Posibilidad de a\u00f1adir puertas, ventanas y respiraderos para aumentar la ventilaci\u00f3n y la accesibilidad.<\/li>\n<li>Hecho a medida para adaptarse a cualquier tama\u00f1o o forma de espacio, por lo que es una adici\u00f3n perfecta a su propiedad.<\/li>\n<\/ul>\n<\/li>\n<li><strong>Eficiencia energ\u00e9tica<\/strong>:\n<ul>\n<li>Dise\u00f1ado con tecnolog\u00eda de rotura de puente t\u00e9rmico para minimizar la transferencia de calor.<\/li>\n<li>Los revestimientos de vidrio de baja emisividad reducen los rayos UV y mantienen temperaturas interiores agradables.<\/li>\n<li>Ideal para todas las estaciones, mantiene su terraza acristalada acogedora en invierno y fresca en verano.<\/li>\n<\/ul>\n<\/li>\n<\/ol>\n<hr \/>\n<h4><strong>Ventajas del invernadero de cristal con estructura de aluminio<\/strong><\/h4>\n<ul>\n<li><strong>Espacio vital mejorado<\/strong>: Cree una zona de estar vers\u00e1til perfecta para comer, relajarse o recibir invitados.<\/li>\n<li><strong>Luz natural<\/strong>: Maximice la luz natural, mejorando el ambiente de su hogar y mejorando su estado de \u00e1nimo.<\/li>\n<li><strong>Uso durante todo el a\u00f1o<\/strong>: Protegido de la lluvia, la nieve y el viento, disfrute de su terraza acristalada durante todo el a\u00f1o.<\/li>\n<li><strong>Aumento del valor de la propiedad<\/strong>: A\u00f1ada atractivo est\u00e9tico y espacio funcional a su propiedad, aumentando su valor global.<\/li>\n<\/ul>\n<hr \/>\n<h4><strong>Opciones de personalizaci\u00f3n<\/strong><\/h4>\n<ul>\n<li><strong>Colores del marco<\/strong>: Elija entre una gama de colores populares para combinar con el exterior de su casa.<\/li>\n<li><strong>Tipos de vidrio<\/strong>: Las opciones incluyen vidrio transparente, tintado, esmerilado y texturizado.<\/li>\n<li><strong>Caracter\u00edsticas adicionales<\/strong>: A\u00f1ada toldos, pantallas, sistemas de calefacci\u00f3n e iluminaci\u00f3n para mejorar a\u00fan m\u00e1s su terraza acristalada.<\/li>\n<\/ul>\n<hr \/>\n<h4><strong>Instalaci\u00f3n y mantenimiento<\/strong><\/h4>\n<ul>\n<li><strong>Instalaci\u00f3n profesional<\/strong>: Nuestro equipo de expertos garantiza un proceso de instalaci\u00f3n perfecto, con una interrupci\u00f3n m\u00ednima de su rutina diaria.<\/li>\n<li><strong>F\u00e1cil mantenimiento<\/strong>: La limpieza peri\u00f3dica con agua y jab\u00f3n suave mantiene la terraza acristalada en perfecto estado.<\/li>\n<li><strong>Garant\u00eda<\/strong>: Ofrecemos una garant\u00eda completa para cubrir cualquier defecto de fabricaci\u00f3n y asegurar su satisfacci\u00f3n.<\/li>\n<\/ul>\n<h3>M\u00e1s dise\u00f1os<\/h3>\n<figure id=\"attachment_17691\" aria-describedby=\"caption-attachment-17691\" style=\"width: 1200px\" class=\"wp-caption alignnone\"><img loading=\"lazy\" decoding=\"async\" class=\"size-full wp-image-17691\" src=\"https:\/\/meterny.com\/wp-content\/uploads\/2024\/10\/\u4e0b\u8f7d-23.jpg\" alt=\"azoteas de aluminio multicolor soluciones elegantes para azoteas\" width=\"1200\" height=\"1200\" srcset=\"https:\/\/meterny.com\/wp-content\/uploads\/2024\/10\/\u4e0b\u8f7d-23.jpg 1200w, https:\/\/meterny.com\/wp-content\/uploads\/2024\/10\/\u4e0b\u8f7d-23-300x300.jpg 300w, https:\/\/meterny.com\/wp-content\/uploads\/2024\/10\/\u4e0b\u8f7d-23-1024x1024.jpg 1024w, https:\/\/meterny.com\/wp-content\/uploads\/2024\/10\/\u4e0b\u8f7d-23-150x150.jpg 150w, https:\/\/meterny.com\/wp-content\/uploads\/2024\/10\/\u4e0b\u8f7d-23-768x768.jpg 768w, https:\/\/meterny.com\/wp-content\/uploads\/2024\/10\/\u4e0b\u8f7d-23-600x600.jpg 600w, https:\/\/meterny.com\/wp-content\/uploads\/2024\/10\/\u4e0b\u8f7d-23-100x100.jpg 100w\" sizes=\"auto, (max-width: 1200px) 100vw, 1200px\" \/><figcaption id=\"caption-attachment-17691\" class=\"wp-caption-text\">Un caleidoscopio de dise\u00f1os: Elija el que mejor se adapte a sus necesidades<\/figcaption><\/figure>\n<p>Atico Acristalado con Estructura de Aluminio Winter Garden<\/p>\n<h3>Si desea conocer m\u00e1s detalles, haga clic en este enlace de youtube:<a href=\"https:\/\/youtu.be\/J8DMrYIno6U\" target=\"_blank\" rel=\"noopener\">https:\/\/youtu.be\/J8DMrYIno6U<\/a><\/h3>\n<figure id=\"attachment_16950\" aria-describedby=\"caption-attachment-16950\" style=\"width: 1024px\" class=\"wp-caption alignnone\"><img loading=\"lazy\" decoding=\"async\" class=\"wp-image-16950\" src=\"https:\/\/meterny.com\/wp-content\/uploads\/2024\/09\/About-Meterny@3x.png\" alt=\"P\u00e9rgola de aluminio de Meterny Comparaci\u00f3n con otras p\u00e9rgolas\" width=\"1024\" height=\"1447\" srcset=\"https:\/\/meterny.com\/wp-content\/uploads\/2024\/09\/About-Meterny@3x.png 1787w, https:\/\/meterny.com\/wp-content\/uploads\/2024\/09\/About-Meterny@3x-212x300.png 212w, https:\/\/meterny.com\/wp-content\/uploads\/2024\/09\/About-Meterny@3x-724x1024.png 724w, https:\/\/meterny.com\/wp-content\/uploads\/2024\/09\/About-Meterny@3x-768x1086.png 768w, https:\/\/meterny.com\/wp-content\/uploads\/2024\/09\/About-Meterny@3x-1087x1536.png 1087w, https:\/\/meterny.com\/wp-content\/uploads\/2024\/09\/About-Meterny@3x-1449x2048.png 1449w, https:\/\/meterny.com\/wp-content\/uploads\/2024\/09\/About-Meterny@3x-600x848.png 600w\" sizes=\"auto, (max-width: 1024px) 100vw, 1024px\" \/><figcaption id=\"caption-attachment-16950\" class=\"wp-caption-text\">P\u00e9rgolas Meterny frente a p\u00e9rgolas tradicionales: caracter\u00edsticas superiores<\/figcaption><\/figure>\n<h3>Breve descripci\u00f3n del invernadero de cristal con marco de aluminio<\/h3>\n<p><strong>Atico Acristalado con Estructura de Aluminio Winter Garden<\/strong>: Una extensi\u00f3n elegante y duradera de su espacio vital, con robustos marcos de aluminio y amplios paneles de cristal que dejan entrar abundante luz natural. Perfecta para disfrutarla todo el a\u00f1o, esta terraza acristalada ofrece calidez, confort y una conexi\u00f3n perfecta con el exterior.<\/p>\n<p>&nbsp;<\/p>\n<figure id=\"attachment_16952\" aria-describedby=\"caption-attachment-16952\" style=\"width: 1024px\" class=\"wp-caption alignnone\"><img loading=\"lazy\" decoding=\"async\" class=\"wp-image-16952\" src=\"https:\/\/meterny.com\/wp-content\/uploads\/2024\/09\/\u5fae\u4fe1\u56fe\u7247_20241006211816.png\" alt=\"Dise\u00f1o de prevenci\u00f3n de fugas de agua de la p\u00e9rgola de aluminio de Meterny\" width=\"1024\" height=\"1403\" srcset=\"https:\/\/meterny.com\/wp-content\/uploads\/2024\/09\/\u5fae\u4fe1\u56fe\u7247_20241006211816.png 888w, https:\/\/meterny.com\/wp-content\/uploads\/2024\/09\/\u5fae\u4fe1\u56fe\u7247_20241006211816-219x300.png 219w, https:\/\/meterny.com\/wp-content\/uploads\/2024\/09\/\u5fae\u4fe1\u56fe\u7247_20241006211816-747x1024.png 747w, https:\/\/meterny.com\/wp-content\/uploads\/2024\/09\/\u5fae\u4fe1\u56fe\u7247_20241006211816-768x1053.png 768w, https:\/\/meterny.com\/wp-content\/uploads\/2024\/09\/\u5fae\u4fe1\u56fe\u7247_20241006211816-600x822.png 600w\" sizes=\"auto, (max-width: 1024px) 100vw, 1024px\" \/><figcaption id=\"caption-attachment-16952\" class=\"wp-caption-text\">Innovador dise\u00f1o de prevenci\u00f3n de fugas de agua de Meterny<\/figcaption><\/figure>\n<p>&nbsp;<\/p>\n<figure id=\"attachment_16951\" aria-describedby=\"caption-attachment-16951\" style=\"width: 1024px\" class=\"wp-caption alignnone\"><img loading=\"lazy\" decoding=\"async\" class=\"wp-image-16951\" src=\"https:\/\/meterny.com\/wp-content\/uploads\/2024\/09\/\u753b\u677f-16@3x.png\" alt=\"P\u00e9rgola de Aluminio Meterny dise\u00f1o exclusivo patentado\" width=\"1024\" height=\"1448\" srcset=\"https:\/\/meterny.com\/wp-content\/uploads\/2024\/09\/\u753b\u677f-16@3x.png 1787w, https:\/\/meterny.com\/wp-content\/uploads\/2024\/09\/\u753b\u677f-16@3x-212x300.png 212w, https:\/\/meterny.com\/wp-content\/uploads\/2024\/09\/\u753b\u677f-16@3x-724x1024.png 724w, https:\/\/meterny.com\/wp-content\/uploads\/2024\/09\/\u753b\u677f-16@3x-768x1086.png 768w, https:\/\/meterny.com\/wp-content\/uploads\/2024\/09\/\u753b\u677f-16@3x-1086x1536.png 1086w, https:\/\/meterny.com\/wp-content\/uploads\/2024\/09\/\u753b\u677f-16@3x-1448x2048.png 1448w, https:\/\/meterny.com\/wp-content\/uploads\/2024\/09\/\u753b\u677f-16@3x-600x848.png 600w\" sizes=\"auto, (max-width: 1024px) 100vw, 1024px\" \/><figcaption id=\"caption-attachment-16951\" class=\"wp-caption-text\">Dise\u00f1o patentado de Meterny: Una p\u00e9rgola sin igual<\/figcaption><\/figure>\n<h3>\u00bfPor qu\u00e9 elegir el invernadero de cristal con marco de aluminio de Meterny?<\/h3>\n<p id=\"\">La elecci\u00f3n de la terraza acristalada con estructura de aluminio y cristal Winter Garden de Meterny ofrece una multitud de razones de peso, lo que la convierte en una opci\u00f3n destacada para cualquiera que busque ampliar su espacio vital con elegancia, durabilidad y funcionalidad. He aqu\u00ed algunas ventajas clave:<\/p>\n<ol>\n<li><strong>Calidad y artesan\u00eda inigualables<\/strong>:\n<ul>\n<li>Las terrazas acristaladas de Meterny se fabrican con materiales de alta calidad y las t\u00e9cnicas de fabricaci\u00f3n m\u00e1s avanzadas. Los marcos de aluminio son robustos, resistentes a la corrosi\u00f3n y est\u00e1n dise\u00f1ados para soportar las inclemencias del tiempo, lo que garantiza una larga durabilidad.<\/li>\n<\/ul>\n<\/li>\n<li><strong>Opciones de dise\u00f1o personalizables<\/strong>:\n<ul>\n<li>Meterny ofrece una amplia gama de opciones de personalizaci\u00f3n para adaptarse a sus preferencias y necesidades. Desde distintos colores de marcos y tipos de cristal hasta elementos opcionales como puertas, ventanas y rejillas de ventilaci\u00f3n, puede adaptar su terraza acristalada a su propiedad y estilo de vida.<\/li>\n<\/ul>\n<\/li>\n<li><strong>Eficiencia energ\u00e9tica \u00f3ptima<\/strong>:\n<ul>\n<li>Nuestras terrazas acristaladas est\u00e1n dise\u00f1adas pensando en la eficiencia energ\u00e9tica. Caracter\u00edsticas como el doble o triple acristalamiento, la tecnolog\u00eda de rotura de puente t\u00e9rmico y los revestimientos de vidrio de baja emisividad garantizan que su terraza acristalada se mantenga c\u00f3moda durante todo el a\u00f1o, reduciendo los costes energ\u00e9ticos y su huella de carbono.<\/li>\n<\/ul>\n<\/li>\n<li><strong>Luz natural y vistas<\/strong>:\n<ul>\n<li>Los grandes paneles de cristal permiten la entrada de abundante luz natural en su terraza acristalada, mejorando el ambiente y mejorando su estado de \u00e1nimo. Las vistas despejadas del entorno exterior crean una conexi\u00f3n perfecta entre el interior y el exterior.<\/li>\n<\/ul>\n<\/li>\n<li><strong>Disfrute todo el a\u00f1o<\/strong>:\n<ul>\n<li>Las terrazas acristaladas de Meterny est\u00e1n dise\u00f1adas para disfrutarlas durante todo el a\u00f1o. Protegidos de la lluvia, la nieve y el viento, podr\u00e1 relajarse, entretenerse o cenar en su terraza acristalada independientemente del tiempo que haga fuera.<\/li>\n<\/ul>\n<\/li>\n<li><strong>Instalaci\u00f3n profesional<\/strong>:\n<ul>\n<li>Nuestro equipo de instaladores altamente cualificados y experimentados garantiza un proceso de instalaci\u00f3n perfecto. Nos encargamos de minimizar las interrupciones en su rutina diaria y garantizamos un ajuste perfecto para su terraza acristalada.<\/li>\n<\/ul>\n<\/li>\n<li><strong>Garant\u00eda total<\/strong>:\n<ul>\n<li>Meterny ofrece una amplia garant\u00eda para cubrir cualquier defecto de fabricaci\u00f3n, lo que le dar\u00e1 tranquilidad y le garantizar\u00e1 la satisfacci\u00f3n con su terraza acristalada.<\/li>\n<\/ul>\n<\/li>\n<li><strong>Aumento del valor de la propiedad<\/strong>:\n<ul>\n<li>A\u00f1adir una terraza acristalada Meterny a su propiedad no s\u00f3lo mejora su espacio vital, sino que tambi\u00e9n aumenta su valor global. El atractivo est\u00e9tico y la versatilidad funcional de nuestras terrazas acristaladas las convierten en un valioso complemento tanto para propiedades residenciales como comerciales.<\/li>\n<\/ul>\n<\/li>\n<li><strong>Atenci\u00f3n al cliente excepcional<\/strong>:\n<ul>\n<li>En Meterny, nos enorgullecemos de ofrecer un servicio al cliente excepcional. Nuestros expertos en dise\u00f1o est\u00e1n aqu\u00ed para ayudarle en cada paso del camino, desde la consulta inicial hasta la instalaci\u00f3n y m\u00e1s all\u00e1, asegurando que su terraza acristalada cumpla y supere sus expectativas.<\/li>\n<\/ul>\n<\/li>\n<\/ol>","protected":false},"excerpt":{"rendered":"<p>Cree un refugio exterior elegante y resistente a la intemperie con el pabell\u00f3n impermeable met\u00e1lico de aluminio, que combina un dise\u00f1o elegante con un rendimiento duradero.<\/p>","protected":false},"featured_media":17882,"comment_status":"open","ping_status":"closed","template":"","meta":{"_uag_custom_page_level_css":"","site-sidebar-layout":"default","site-content-layout":"","ast-site-content-layout":"default","site-content-style":"default","site-sidebar-style":"default","ast-global-header-display":"","ast-banner-title-visibility":"","ast-main-header-display":"","ast-hfb-above-header-display":"","ast-hfb-below-header-display":"","ast-hfb-mobile-header-display":"","site-post-title":"","ast-breadcrumbs-content":"","ast-featured-img":"","footer-sml-layout":"","theme-transparent-header-meta":"default","adv-header-id-meta":"","stick-header-meta":"default","header-above-stick-meta":"","header-main-stick-meta":"","header-below-stick-meta":"","astra-migrate-meta-layouts":"set","ast-page-background-enabled":"default","ast-page-background-meta":{"desktop":{"background-color":"var(--ast-global-color-4)","background-image":"","background-repeat":"repeat","background-position":"center center","background-size":"auto","background-attachment":"scroll","background-type":"","background-media":"","overlay-type":"","overlay-color":"","overlay-opacity":"","overlay-gradient":""},"tablet":{"background-color":"","background-image":"","background-repeat":"repeat","background-position":"center center","background-size":"auto","background-attachment":"scroll","background-type":"","background-media":"","overlay-type":"","overlay-color":"","overlay-opacity":"","overlay-gradient":""},"mobile":{"background-color":"","background-image":"","background-repeat":"repeat","background-position":"center center","background-size":"auto","background-attachment":"scroll","background-type":"","background-media":"","overlay-type":"","overlay-color":"","overlay-opacity":"","overlay-gradient":""}},"ast-content-background-meta":{"desktop":{"background-color":"var(--ast-global-color-5)","background-image":"","background-repeat":"repeat","background-position":"center center","background-size":"auto","background-attachment":"scroll","background-type":"","background-media":"","overlay-type":"","overlay-color":"","overlay-opacity":"","overlay-gradient":""},"tablet":{"background-color":"var(--ast-global-color-5)","background-image":"","background-repeat":"repeat","background-position":"center center","background-size":"auto","background-attachment":"scroll","background-type":"","background-media":"","overlay-type":"","overlay-color":"","overlay-opacity":"","overlay-gradient":""},"mobile":{"background-color":"var(--ast-global-color-5)","background-image":"","background-repeat":"repeat","background-position":"center center","background-size":"auto","background-attachment":"scroll","background-type":"","background-media":"","overlay-type":"","overlay-color":"","overlay-opacity":"","overlay-gradient":""}}},"product_brand":[],"product_cat":[18],"product_tag":[219,217,218,216],"class_list":{"0":"post-17887","1":"product","2":"type-product","3":"status-publish","4":"has-post-thumbnail","6":"product_cat-uncategorized","7":"product_tag-aluminum-metal-waterproof-pergola","8":"product_tag-aluminum-pavilion","9":"product_tag-metal-pavilion","10":"product_tag-waterproof-pavilion","11":"desktop-align-center","12":"tablet-align-left","13":"mobile-align-left","14":"ast-product-gallery-layout-horizontal-slider","15":"ast-product-single-variable","16":"ast-product-tabs-layout-vertical","18":"first","19":"instock","20":"shipping-taxable","21":"product-type-variable"},"uagb_featured_image_src":{"full":["https:\/\/meterny.com\/wp-content\/uploads\/2024\/10\/yangguanfang\u4e3b-1.jpg",800,800,false],"thumbnail":["https:\/\/meterny.com\/wp-content\/uploads\/2024\/10\/yangguanfang\u4e3b-1-150x150.jpg",150,150,true],"medium":["https:\/\/meterny.com\/wp-content\/uploads\/2024\/10\/yangguanfang\u4e3b-1-300x300.jpg",300,300,true],"medium_large":["https:\/\/meterny.com\/wp-content\/uploads\/2024\/10\/yangguanfang\u4e3b-1-768x768.jpg",768,768,true],"large":["https:\/\/meterny.com\/wp-content\/uploads\/2024\/10\/yangguanfang\u4e3b-1.jpg",800,800,false],"1536x1536":["https:\/\/meterny.com\/wp-content\/uploads\/2024\/10\/yangguanfang\u4e3b-1.jpg",800,800,false],"2048x2048":["https:\/\/meterny.com\/wp-content\/uploads\/2024\/10\/yangguanfang\u4e3b-1.jpg",800,800,false],"trp-custom-language-flag":["https:\/\/meterny.com\/wp-content\/uploads\/2024\/10\/yangguanfang\u4e3b-1.jpg",12,12,false],"woocommerce_thumbnail":["https:\/\/meterny.com\/wp-content\/uploads\/2024\/10\/yangguanfang\u4e3b-1-300x300.jpg",300,300,true],"woocommerce_single":["https:\/\/meterny.com\/wp-content\/uploads\/2024\/10\/yangguanfang\u4e3b-1-600x600.jpg",600,600,true],"woocommerce_gallery_thumbnail":["https:\/\/meterny.com\/wp-content\/uploads\/2024\/10\/yangguanfang\u4e3b-1-100x100.jpg",100,100,true]},"uagb_author_info":{"display_name":"meterny","author_link":"https:\/\/meterny.com\/es\/author\/"},"uagb_comment_info":0,"uagb_excerpt":"Create a stylish and weather-resistant outdoor haven with the Aluminum Metal Waterproof Pavilion, combining sleek design with durable performance.","_links":{"self":[{"href":"https:\/\/meterny.com\/es\/wp-json\/wp\/v2\/product\/17887","targetHints":{"allow":["GET"]}}],"collection":[{"href":"https:\/\/meterny.com\/es\/wp-json\/wp\/v2\/product"}],"about":[{"href":"https:\/\/meterny.com\/es\/wp-json\/wp\/v2\/types\/product"}],"replies":[{"embeddable":true,"href":"https:\/\/meterny.com\/es\/wp-json\/wp\/v2\/comments?post=17887"}],"wp:featuredmedia":[{"embeddable":true,"href":"https:\/\/meterny.com\/es\/wp-json\/wp\/v2\/media\/17882"}],"wp:attachment":[{"href":"https:\/\/meterny.com\/es\/wp-json\/wp\/v2\/media?parent=17887"}],"wp:term":[{"taxonomy":"product_brand","embeddable":true,"href":"https:\/\/meterny.com\/es\/wp-json\/wp\/v2\/product_brand?post=17887"},{"taxonomy":"product_cat","embeddable":true,"href":"https:\/\/meterny.com\/es\/wp-json\/wp\/v2\/product_cat?post=17887"},{"taxonomy":"product_tag","embeddable":true,"href":"https:\/\/meterny.com\/es\/wp-json\/wp\/v2\/product_tag?post=17887"}],"curies":[{"name":"wp","href":"https:\/\/api.w.org\/{rel}","templated":true}]}}