{"id":18032,"date":"2024-10-10T12:31:08","date_gmt":"2024-10-10T12:31:08","guid":{"rendered":"https:\/\/meterny.com\/?post_type=product&#038;p=18032"},"modified":"2025-01-18T12:59:34","modified_gmt":"2025-01-18T12:59:34","slug":"motorized-aluminum-louver-pergola","status":"publish","type":"product","link":"https:\/\/meterny.com\/es\/producto\/motorized-aluminum-louver-pergola\/","title":{"rendered":"P\u00e9rgola de aluminio motorizada Kit de p\u00e9rgola de aluminio 3\u00d73 P\u00e9rgola exterior Pabell\u00f3n de aluminio Gazebo"},"content":{"rendered":"<h2 style=\"text-align: center;\">P\u00e9rgola de lamas motorizadas de aluminio Kit de p\u00e9rgola de aluminio 3\u00d73 P\u00e9rgola de aluminio para exteriores<\/h2>\n<p><strong>Tipo<\/strong>: P\u00e9rgola de aluminio motorizada P\u00e9rgola de aluminio Kit 3\u00d73 P\u00e9rgola de aluminio al aire libre<\/p>\n<p><strong>Talla<\/strong>: personalizado<\/p>\n<p><strong>Superficie<\/strong>Revestimiento\/pintura a medida<\/p>\n<p><strong>Color<\/strong>: personalizado<\/p>\n<p><strong>Longitud<\/strong>: Personalizado<\/p>\n<p><strong>Material<\/strong>: Aleaci\u00f3n de aluminio de alta gama<\/p>\n<p><strong>Tecnolog\u00eda del producto<\/strong>: Meterny Sistema antifugas AquaGuard<\/p>\n<figure id=\"attachment_20516\" aria-describedby=\"caption-attachment-20516\" style=\"width: 1024px\" class=\"wp-caption alignnone\"><img loading=\"lazy\" decoding=\"async\" class=\"wp-image-20516\" src=\"https:\/\/meterny.com\/wp-content\/uploads\/2024\/10\/8-2ZHU.jpg\" alt=\"P\u00e9rgola de lamas de aluminio motorizadas\" width=\"1024\" height=\"1024\" srcset=\"https:\/\/meterny.com\/wp-content\/uploads\/2024\/10\/8-2ZHU.jpg 800w, https:\/\/meterny.com\/wp-content\/uploads\/2024\/10\/8-2ZHU-300x300.jpg 300w, https:\/\/meterny.com\/wp-content\/uploads\/2024\/10\/8-2ZHU-150x150.jpg 150w, https:\/\/meterny.com\/wp-content\/uploads\/2024\/10\/8-2ZHU-768x768.jpg 768w, https:\/\/meterny.com\/wp-content\/uploads\/2024\/10\/8-2ZHU-600x600.jpg 600w, https:\/\/meterny.com\/wp-content\/uploads\/2024\/10\/8-2ZHU-100x100.jpg 100w\" sizes=\"auto, (max-width: 1024px) 100vw, 1024px\" \/><figcaption id=\"caption-attachment-20516\" class=\"wp-caption-text\">P\u00e9rgola de aluminio negro: la modernidad en el exterior<\/figcaption><\/figure>\n<h3><strong>Visi\u00f3n general<\/strong><\/h3>\n<p id=\"\">Bienvenido a nuestra p\u00e9rgola de lamas motorizadas de aluminio, la soluci\u00f3n definitiva para crear un espacio exterior elegante, funcional y confortable. Fabricada en aleaci\u00f3n de aluminio de alta calidad, esta p\u00e9rgola cuenta con lamas motorizadas que le permiten ajustar el sombreado y la ventilaci\u00f3n con facilidad, proporcionando el ambiente perfecto para cualquier ocasi\u00f3n.<\/p>\n<h3><strong>Caracter\u00edsticas principales<\/strong><\/h3>\n<p id=\"\"><strong>1. Persianas motorizadas<\/strong><\/p>\n<ul>\n<li>Ajuste las lamas con s\u00f3lo pulsar un bot\u00f3n, gracias al sistema de motor incorporado.<\/li>\n<li>Personalice el sombreado y la ventilaci\u00f3n para adaptarlos a sus necesidades y a las condiciones meteorol\u00f3gicas.<\/li>\n<li>Disfruta de un control perfecto con las opciones de mando a distancia o aplicaci\u00f3n para smartphone.<\/li>\n<\/ul>\n<p id=\"\"><strong>2. Aleaci\u00f3n de aluminio de alta calidad<\/strong><\/p>\n<ul>\n<li>Fabricado en aleaci\u00f3n de aluminio duradera, ligera y resistente a la corrosi\u00f3n.<\/li>\n<li>Dise\u00f1ado para soportar condiciones meteorol\u00f3gicas extremas, garantizando un rendimiento duradero.<\/li>\n<li>Requiere un mantenimiento m\u00ednimo, bastando una limpieza rutinaria para mantenerlo como nuevo.<\/li>\n<\/ul>\n<p id=\"\"><strong>3. Dise\u00f1o moderno<\/strong><\/p>\n<ul>\n<li>Su est\u00e9tica elegante y contempor\u00e1nea complementa cualquier espacio exterior.<\/li>\n<li>Disponible en una gama de colores y acabados que se adaptan a su estilo personal y a sus preferencias arquitect\u00f3nicas.<\/li>\n<li>Realce el atractivo est\u00e9tico de su jard\u00edn, terraza, balc\u00f3n o patio.<\/li>\n<\/ul>\n<p id=\"\"><strong>4. Opciones personalizables<\/strong><\/p>\n<ul>\n<li>Elija entre diferentes tama\u00f1os y configuraciones para adaptarse a su espacio exterior espec\u00edfico.<\/li>\n<li>Opte por los modos de funcionamiento el\u00e9ctrico o manual para adaptarse a sus preferencias y presupuesto.<\/li>\n<li>A\u00f1ada elementos adicionales como iluminaci\u00f3n, calefacci\u00f3n o sistemas de sonido para crear una experiencia de vida al aire libre totalmente personalizada.<\/li>\n<\/ul>\n<p id=\"\"><strong>5. F\u00e1cil instalaci\u00f3n y mantenimiento<\/strong><\/p>\n<ul>\n<li>Dise\u00f1ado para una instalaci\u00f3n sencilla, con instrucciones claras y la asistencia de nuestro equipo de profesionales.<\/li>\n<li>El mantenimiento rutinario es sencillo y s\u00f3lo requiere inspecciones y limpiezas peri\u00f3dicas.<\/li>\n<li>Disfrute de la tranquilidad que le ofrecen nuestra amplia garant\u00eda y nuestro servicio de atenci\u00f3n al cliente.<\/li>\n<\/ul>\n<h3><strong>Beneficios<\/strong><\/h3>\n<ul>\n<li><strong>Confort<\/strong>: Cree un espacio exterior sombreado y ventilado perfecto para relajarse, entretenerse o cenar.<\/li>\n<li><strong>Versatilidad<\/strong>: Adecuado para una amplia gama de entornos exteriores, incluidos jardines, terrazas, balcones y patios.<\/li>\n<li><strong>Durabilidad<\/strong>: La aleaci\u00f3n de aluminio de alta calidad garantiza un rendimiento y una fiabilidad duraderos.<\/li>\n<li><strong>Est\u00e9tica<\/strong>: Mejore el aspecto de su espacio exterior con un dise\u00f1o elegante y contempor\u00e1neo.<\/li>\n<li><strong>Relaci\u00f3n calidad-precio<\/strong>: Combina alta calidad, funcionalidad y est\u00e9tica para ofrecer una relaci\u00f3n calidad-precio excepcional.<\/li>\n<\/ul>\n<h3><strong>Especificaciones<\/strong><\/h3>\n<ul>\n<li><strong>Material<\/strong>: Aleaci\u00f3n de aluminio de alta calidad<\/li>\n<li><strong>Tama\u00f1o de la persiana<\/strong>: Personalizable (tama\u00f1os est\u00e1ndar disponibles)<\/li>\n<li><strong>Modo de funcionamiento<\/strong>: Motorizado (control remoto o mediante aplicaci\u00f3n para smartphone)<\/li>\n<li><strong>Colores y acabados<\/strong>: Gama de opciones disponibles<\/li>\n<li><strong>Instalaci\u00f3n<\/strong>: F\u00e1cil y sencillo, con asistencia profesional<\/li>\n<li><strong>Mantenimiento<\/strong>: M\u00ednimo, con una limpieza rutinaria es suficiente<\/li>\n<li><strong>Garant\u00eda<\/strong>: Garant\u00eda completa incluida<\/li>\n<\/ul>\n<h3>Si desea conocer m\u00e1s detalles, haga clic en este enlace de youtube:<a href=\"https:\/\/youtu.be\/0FgHU_d-JLU\" target=\"_blank\" rel=\"noopener\">https:\/\/youtu.be\/0FgHU_d-JLU<\/a><\/h3>\n<p>&nbsp;<\/p>\n<h3><strong>Galer\u00eda<\/strong><\/h3>\n<figure id=\"attachment_18299\" aria-describedby=\"caption-attachment-18299\" style=\"width: 1024px\" class=\"wp-caption alignnone\"><img loading=\"lazy\" decoding=\"async\" class=\"wp-image-18299\" src=\"https:\/\/meterny.com\/wp-content\/uploads\/2024\/10\/6.png\" alt=\"Gazebo de aluminio con persianas 3X3m\" width=\"1024\" height=\"512\" srcset=\"https:\/\/meterny.com\/wp-content\/uploads\/2024\/10\/6.png 2560w, https:\/\/meterny.com\/wp-content\/uploads\/2024\/10\/6-300x150.png 300w, https:\/\/meterny.com\/wp-content\/uploads\/2024\/10\/6-1024x512.png 1024w, https:\/\/meterny.com\/wp-content\/uploads\/2024\/10\/6-768x384.png 768w, https:\/\/meterny.com\/wp-content\/uploads\/2024\/10\/6-1536x768.png 1536w, https:\/\/meterny.com\/wp-content\/uploads\/2024\/10\/6-2048x1024.png 2048w, https:\/\/meterny.com\/wp-content\/uploads\/2024\/10\/6-600x300.png 600w\" sizes=\"auto, (max-width: 1024px) 100vw, 1024px\" \/><figcaption id=\"caption-attachment-18299\" class=\"wp-caption-text\">P\u00e9rgola de Aluminio Negro: Una declaraci\u00f3n audaz para la elegancia al aire libre<\/figcaption><\/figure>\n<figure id=\"attachment_16950\" aria-describedby=\"caption-attachment-16950\" style=\"width: 1024px\" class=\"wp-caption alignnone\"><img loading=\"lazy\" decoding=\"async\" class=\"wp-image-16950\" src=\"https:\/\/meterny.com\/wp-content\/uploads\/2024\/09\/About-Meterny@3x.png\" alt=\"P\u00e9rgola de aluminio de Meterny Comparaci\u00f3n con otras p\u00e9rgolas\" width=\"1024\" height=\"1447\" srcset=\"https:\/\/meterny.com\/wp-content\/uploads\/2024\/09\/About-Meterny@3x.png 1787w, https:\/\/meterny.com\/wp-content\/uploads\/2024\/09\/About-Meterny@3x-212x300.png 212w, https:\/\/meterny.com\/wp-content\/uploads\/2024\/09\/About-Meterny@3x-724x1024.png 724w, https:\/\/meterny.com\/wp-content\/uploads\/2024\/09\/About-Meterny@3x-768x1086.png 768w, https:\/\/meterny.com\/wp-content\/uploads\/2024\/09\/About-Meterny@3x-1087x1536.png 1087w, https:\/\/meterny.com\/wp-content\/uploads\/2024\/09\/About-Meterny@3x-1449x2048.png 1449w, https:\/\/meterny.com\/wp-content\/uploads\/2024\/09\/About-Meterny@3x-600x848.png 600w\" sizes=\"auto, (max-width: 1024px) 100vw, 1024px\" \/><figcaption id=\"caption-attachment-16950\" class=\"wp-caption-text\">P\u00e9rgolas Meterny frente a p\u00e9rgolas tradicionales: caracter\u00edsticas superiores<\/figcaption><\/figure>\n<p>La p\u00e9rgola motorizada de lamas de aluminio es una innovadora estructura de exterior con lamas ajustables controladas por un motor. Fabricada en aluminio de alta calidad, combina durabilidad y elegancia. Con un mando a distancia o una aplicaci\u00f3n, los usuarios pueden ajustar sin esfuerzo las lamas para optimizar el sombreado y la ventilaci\u00f3n, creando un entorno exterior perfecto adaptado a sus necesidades. Su dise\u00f1o elegante complementa cualquier espacio al aire libre, por lo que es una opci\u00f3n ideal para mejorar su experiencia de vida al aire libre.<\/p>\n<p>&nbsp;<\/p>\n<figure id=\"attachment_20288\" aria-describedby=\"caption-attachment-20288\" style=\"width: 1024px\" class=\"wp-caption alignnone\"><img loading=\"lazy\" decoding=\"async\" class=\"wp-image-20288\" src=\"https:\/\/meterny.com\/wp-content\/uploads\/2024\/10\/WPC-Colour-Card@3x.png\" alt=\"Dise\u00f1o de prevenci\u00f3n de fugas de agua de la p\u00e9rgola de aluminio de Meterny\" width=\"1024\" height=\"1024\" srcset=\"https:\/\/meterny.com\/wp-content\/uploads\/2024\/10\/WPC-Colour-Card@3x.png 800w, https:\/\/meterny.com\/wp-content\/uploads\/2024\/10\/WPC-Colour-Card@3x-300x300.png 300w, https:\/\/meterny.com\/wp-content\/uploads\/2024\/10\/WPC-Colour-Card@3x-150x150.png 150w, https:\/\/meterny.com\/wp-content\/uploads\/2024\/10\/WPC-Colour-Card@3x-768x768.png 768w, https:\/\/meterny.com\/wp-content\/uploads\/2024\/10\/WPC-Colour-Card@3x-600x600.png 600w, https:\/\/meterny.com\/wp-content\/uploads\/2024\/10\/WPC-Colour-Card@3x-100x100.png 100w\" sizes=\"auto, (max-width: 1024px) 100vw, 1024px\" \/><figcaption id=\"caption-attachment-20288\" class=\"wp-caption-text\">Innovador dise\u00f1o de prevenci\u00f3n de fugas de agua de Meterny<\/figcaption><\/figure>\n<figure id=\"attachment_16951\" aria-describedby=\"caption-attachment-16951\" style=\"width: 1024px\" class=\"wp-caption alignnone\"><img loading=\"lazy\" decoding=\"async\" class=\"wp-image-16951\" src=\"https:\/\/meterny.com\/wp-content\/uploads\/2024\/09\/\u753b\u677f-16@3x.png\" alt=\"P\u00e9rgola de Aluminio Meterny dise\u00f1o exclusivo patentado\" width=\"1024\" height=\"1448\" srcset=\"https:\/\/meterny.com\/wp-content\/uploads\/2024\/09\/\u753b\u677f-16@3x.png 1787w, https:\/\/meterny.com\/wp-content\/uploads\/2024\/09\/\u753b\u677f-16@3x-212x300.png 212w, https:\/\/meterny.com\/wp-content\/uploads\/2024\/09\/\u753b\u677f-16@3x-724x1024.png 724w, https:\/\/meterny.com\/wp-content\/uploads\/2024\/09\/\u753b\u677f-16@3x-768x1086.png 768w, https:\/\/meterny.com\/wp-content\/uploads\/2024\/09\/\u753b\u677f-16@3x-1086x1536.png 1086w, https:\/\/meterny.com\/wp-content\/uploads\/2024\/09\/\u753b\u677f-16@3x-1448x2048.png 1448w, https:\/\/meterny.com\/wp-content\/uploads\/2024\/09\/\u753b\u677f-16@3x-600x848.png 600w\" sizes=\"auto, (max-width: 1024px) 100vw, 1024px\" \/><figcaption id=\"caption-attachment-16951\" class=\"wp-caption-text\">Dise\u00f1o patentado de Meterny: Una p\u00e9rgola sin igual<\/figcaption><\/figure>\n<h3>\u00bfPor qu\u00e9 elegir la p\u00e9rgola de lamas motorizadas de aluminio Meterny?<\/h3>\n<p id=\"\">Elegir la p\u00e9rgola motorizada de aluminio de Meterny es una decisi\u00f3n que elevar\u00e1 su experiencia de vida al aire libre a nuevas alturas. He aqu\u00ed algunas razones de peso para elegir nuestra p\u00e9rgola para su espacio:<\/p>\n<ol>\n<li><strong>Innovadora tecnolog\u00eda motorizada<\/strong>:\n<ul>\n<li>Nuestra p\u00e9rgola cuenta con un sistema motorizado de \u00faltima generaci\u00f3n que le permite controlar las lamas con facilidad.<\/li>\n<li>Con el mando a distancia o la aplicaci\u00f3n para smartphone, puedes ajustar el sombreado y la ventilaci\u00f3n seg\u00fan tus necesidades y las condiciones meteorol\u00f3gicas, creando un entorno exterior perfecto al alcance de tu mano.<\/li>\n<\/ul>\n<\/li>\n<li><strong>Materiales de primera calidad<\/strong>:\n<ul>\n<li>Fabricada con una aleaci\u00f3n de aluminio de alta calidad, nuestra p\u00e9rgola es duradera, ligera y resistente a la corrosi\u00f3n.<\/li>\n<li>Esto garantiza un rendimiento y una fiabilidad duraderos, incluso en condiciones clim\u00e1ticas extremas.<\/li>\n<\/ul>\n<\/li>\n<li><strong>Dise\u00f1o elegante y moderno<\/strong>:\n<ul>\n<li>La p\u00e9rgola Meterny presenta una est\u00e9tica elegante y contempor\u00e1nea que complementa cualquier espacio exterior.<\/li>\n<li>Disponibles en una amplia gama de colores y acabados, puede elegir la opci\u00f3n perfecta que se adapte a su estilo personal y a sus preferencias arquitect\u00f3nicas.<\/li>\n<\/ul>\n<\/li>\n<li><strong>Opciones personalizables<\/strong>:\n<ul>\n<li>Ofrecemos una amplia gama de opciones personalizables para adaptarnos a sus necesidades y preferencias espec\u00edficas.<\/li>\n<li>Elija entre diferentes tama\u00f1os, configuraciones y caracter\u00edsticas adicionales como iluminaci\u00f3n, calefacci\u00f3n o sistemas de sonido para crear una experiencia de vida al aire libre totalmente a medida.<\/li>\n<\/ul>\n<\/li>\n<li><strong>Facilidad de instalaci\u00f3n y mantenimiento<\/strong>:\n<ul>\n<li>Nuestra p\u00e9rgola est\u00e1 dise\u00f1ada para una f\u00e1cil instalaci\u00f3n, con instrucciones claras y el apoyo de nuestro equipo de profesionales.<\/li>\n<li>El mantenimiento rutinario es sencillo, y s\u00f3lo requiere limpiezas e inspecciones peri\u00f3dicas para mantenerlo como nuevo.<\/li>\n<\/ul>\n<\/li>\n<li><strong>Relaci\u00f3n calidad-precio excepcional<\/strong>:\n<ul>\n<li>Con la p\u00e9rgola motorizada de lamas de aluminio Meterny, obtendr\u00e1 una combinaci\u00f3n de alta calidad, funcionalidad y est\u00e9tica con una relaci\u00f3n calidad-precio excepcional.<\/li>\n<li>Nuestro compromiso de ofrecer productos de primera calidad y atenci\u00f3n al cliente garantiza que estar\u00e1 satisfecho con su compra durante a\u00f1os.<\/li>\n<\/ul>\n<\/li>\n<li><strong>Enfoque centrado en el cliente<\/strong>:\n<ul>\n<li>Damos prioridad a la satisfacci\u00f3n del cliente y nos dedicamos a ofrecer un servicio y una asistencia excepcionales.<\/li>\n<li>Nuestro amable y experto equipo est\u00e1 aqu\u00ed para ayudarle con cualquier pregunta, opci\u00f3n de personalizaci\u00f3n o asistencia que pueda necesitar.<\/li>\n<\/ul>\n<\/li>\n<\/ol>\n<p id=\"\">En resumen, la p\u00e9rgola motorizada de lamas de aluminio de Meterny es la elecci\u00f3n perfecta para cualquiera que desee crear un espacio exterior elegante, funcional y confortable. Con tecnolog\u00eda innovadora, materiales de primera calidad, dise\u00f1o elegante, opciones personalizables y una relaci\u00f3n calidad-precio excepcional, nuestra p\u00e9rgola transformar\u00e1 su zona exterior en un para\u00edso de relajaci\u00f3n y disfrute.<\/p>\n<h3><strong>P\u00f3ngase en contacto con nosotros<\/strong><\/h3>\n<p id=\"\">Para obtener m\u00e1s informaci\u00f3n, precios y opciones de personalizaci\u00f3n, p\u00f3ngase en contacto con nuestro equipo amable y bien informado. Estamos aqu\u00ed para ayudarle a crear el espacio al aire libre perfecto con nuestra p\u00e9rgola de aluminio motorizada del Louver.<\/p>","protected":false},"excerpt":{"rendered":"<p>Cree un refugio exterior elegante y resistente a la intemperie con el pabell\u00f3n impermeable met\u00e1lico de aluminio, que combina un dise\u00f1o elegante con un rendimiento duradero.<\/p>","protected":false},"featured_media":20516,"comment_status":"open","ping_status":"closed","template":"","meta":{"_uag_custom_page_level_css":"","site-sidebar-layout":"default","site-content-layout":"","ast-site-content-layout":"default","site-content-style":"default","site-sidebar-style":"default","ast-global-header-display":"","ast-banner-title-visibility":"","ast-main-header-display":"","ast-hfb-above-header-display":"","ast-hfb-below-header-display":"","ast-hfb-mobile-header-display":"","site-post-title":"","ast-breadcrumbs-content":"","ast-featured-img":"","footer-sml-layout":"","theme-transparent-header-meta":"default","adv-header-id-meta":"","stick-header-meta":"default","header-above-stick-meta":"","header-main-stick-meta":"","header-below-stick-meta":"","astra-migrate-meta-layouts":"set","ast-page-background-enabled":"default","ast-page-background-meta":{"desktop":{"background-color":"var(--ast-global-color-4)","background-image":"","background-repeat":"repeat","background-position":"center center","background-size":"auto","background-attachment":"scroll","background-type":"","background-media":"","overlay-type":"","overlay-color":"","overlay-opacity":"","overlay-gradient":""},"tablet":{"background-color":"","background-image":"","background-repeat":"repeat","background-position":"center center","background-size":"auto","background-attachment":"scroll","background-type":"","background-media":"","overlay-type":"","overlay-color":"","overlay-opacity":"","overlay-gradient":""},"mobile":{"background-color":"","background-image":"","background-repeat":"repeat","background-position":"center center","background-size":"auto","background-attachment":"scroll","background-type":"","background-media":"","overlay-type":"","overlay-color":"","overlay-opacity":"","overlay-gradient":""}},"ast-content-background-meta":{"desktop":{"background-color":"var(--ast-global-color-5)","background-image":"","background-repeat":"repeat","background-position":"center center","background-size":"auto","background-attachment":"scroll","background-type":"","background-media":"","overlay-type":"","overlay-color":"","overlay-opacity":"","overlay-gradient":""},"tablet":{"background-color":"var(--ast-global-color-5)","background-image":"","background-repeat":"repeat","background-position":"center center","background-size":"auto","background-attachment":"scroll","background-type":"","background-media":"","overlay-type":"","overlay-color":"","overlay-opacity":"","overlay-gradient":""},"mobile":{"background-color":"var(--ast-global-color-5)","background-image":"","background-repeat":"repeat","background-position":"center center","background-size":"auto","background-attachment":"scroll","background-type":"","background-media":"","overlay-type":"","overlay-color":"","overlay-opacity":"","overlay-gradient":""}}},"product_brand":[],"product_cat":[18],"product_tag":[219,217,218,216],"class_list":{"0":"post-18032","1":"product","2":"type-product","3":"status-publish","4":"has-post-thumbnail","6":"product_cat-uncategorized","7":"product_tag-aluminum-metal-waterproof-pergola","8":"product_tag-aluminum-pavilion","9":"product_tag-metal-pavilion","10":"product_tag-waterproof-pavilion","11":"desktop-align-center","12":"tablet-align-left","13":"mobile-align-left","14":"ast-product-gallery-layout-horizontal-slider","15":"ast-product-single-variable","16":"ast-product-tabs-layout-vertical","18":"first","19":"instock","20":"shipping-taxable","21":"product-type-variable"},"uagb_featured_image_src":{"full":["https:\/\/meterny.com\/wp-content\/uploads\/2024\/10\/8-2ZHU.jpg",800,800,false],"thumbnail":["https:\/\/meterny.com\/wp-content\/uploads\/2024\/10\/8-2ZHU-150x150.jpg",150,150,true],"medium":["https:\/\/meterny.com\/wp-content\/uploads\/2024\/10\/8-2ZHU-300x300.jpg",300,300,true],"medium_large":["https:\/\/meterny.com\/wp-content\/uploads\/2024\/10\/8-2ZHU-768x768.jpg",768,768,true],"large":["https:\/\/meterny.com\/wp-content\/uploads\/2024\/10\/8-2ZHU.jpg",800,800,false],"1536x1536":["https:\/\/meterny.com\/wp-content\/uploads\/2024\/10\/8-2ZHU.jpg",800,800,false],"2048x2048":["https:\/\/meterny.com\/wp-content\/uploads\/2024\/10\/8-2ZHU.jpg",800,800,false],"trp-custom-language-flag":["https:\/\/meterny.com\/wp-content\/uploads\/2024\/10\/8-2ZHU.jpg",12,12,false],"woocommerce_thumbnail":["https:\/\/meterny.com\/wp-content\/uploads\/2024\/10\/8-2ZHU-300x300.jpg",300,300,true],"woocommerce_single":["https:\/\/meterny.com\/wp-content\/uploads\/2024\/10\/8-2ZHU-600x600.jpg",600,600,true],"woocommerce_gallery_thumbnail":["https:\/\/meterny.com\/wp-content\/uploads\/2024\/10\/8-2ZHU-100x100.jpg",100,100,true]},"uagb_author_info":{"display_name":"meterny","author_link":"https:\/\/meterny.com\/es\/author\/"},"uagb_comment_info":0,"uagb_excerpt":"Create a stylish and weather-resistant outdoor haven with the Aluminum Metal Waterproof Pavilion, combining sleek design with durable performance.","_links":{"self":[{"href":"https:\/\/meterny.com\/es\/wp-json\/wp\/v2\/product\/18032","targetHints":{"allow":["GET"]}}],"collection":[{"href":"https:\/\/meterny.com\/es\/wp-json\/wp\/v2\/product"}],"about":[{"href":"https:\/\/meterny.com\/es\/wp-json\/wp\/v2\/types\/product"}],"replies":[{"embeddable":true,"href":"https:\/\/meterny.com\/es\/wp-json\/wp\/v2\/comments?post=18032"}],"wp:featuredmedia":[{"embeddable":true,"href":"https:\/\/meterny.com\/es\/wp-json\/wp\/v2\/media\/20516"}],"wp:attachment":[{"href":"https:\/\/meterny.com\/es\/wp-json\/wp\/v2\/media?parent=18032"}],"wp:term":[{"taxonomy":"product_brand","embeddable":true,"href":"https:\/\/meterny.com\/es\/wp-json\/wp\/v2\/product_brand?post=18032"},{"taxonomy":"product_cat","embeddable":true,"href":"https:\/\/meterny.com\/es\/wp-json\/wp\/v2\/product_cat?post=18032"},{"taxonomy":"product_tag","embeddable":true,"href":"https:\/\/meterny.com\/es\/wp-json\/wp\/v2\/product_tag?post=18032"}],"curies":[{"name":"wp","href":"https:\/\/api.w.org\/{rel}","templated":true}]}}