{"id":18068,"date":"2024-10-10T13:08:41","date_gmt":"2024-10-10T13:08:41","guid":{"rendered":"https:\/\/meterny.com\/?post_type=product&#038;p=18068"},"modified":"2025-01-18T12:57:57","modified_gmt":"2025-01-18T12:57:57","slug":"bioclimatic-aluminium-louvered-roof-pergola","status":"publish","type":"product","link":"https:\/\/meterny.com\/es\/producto\/bioclimatic-aluminium-louvered-roof-pergola\/","title":{"rendered":"P\u00e9rgola bioclim\u00e1tica de aluminio con techo de lamas Pabell\u00f3n de aluminio para exteriores Terraza retr\u00e1ctil Gazebo de aluminio"},"content":{"rendered":"<h2 style=\"text-align: center;\">P\u00e9rgola bioclim\u00e1tica de aluminio con techo de lamas Pabell\u00f3n de aluminio para exteriores Terraza retr\u00e1ctil Gazebo de aluminio<\/h2>\n<p><strong>Tipo<\/strong>: P\u00e9rgola Bioclim\u00e1tica de Aluminio con Techo de Lamas<\/p>\n<p><strong>Talla<\/strong>: personalizado<\/p>\n<p><strong>Superficie<\/strong>Revestimiento\/pintura a medida<\/p>\n<p><strong>Color<\/strong>: personalizado<\/p>\n<p><strong>Longitud<\/strong>: Personalizado<\/p>\n<p><strong>Material<\/strong>: Aleaci\u00f3n de aluminio de alta gama<\/p>\n<p><strong>Tecnolog\u00eda del producto<\/strong>: Meterny Sistema antifugas AquaGuard<\/p>\n<figure id=\"attachment_18063\" aria-describedby=\"caption-attachment-18063\" style=\"width: 1024px\" class=\"wp-caption alignnone\"><img loading=\"lazy\" decoding=\"async\" class=\"wp-image-18063\" src=\"https:\/\/meterny.com\/wp-content\/uploads\/2024\/10\/mmexport1662711147036.jpg\" alt=\"P\u00e9rgola bioclim\u00e1tica de aluminio para tejado de lamas\" width=\"1024\" height=\"890\" srcset=\"https:\/\/meterny.com\/wp-content\/uploads\/2024\/10\/mmexport1662711147036.jpg 975w, https:\/\/meterny.com\/wp-content\/uploads\/2024\/10\/mmexport1662711147036-300x261.jpg 300w, https:\/\/meterny.com\/wp-content\/uploads\/2024\/10\/mmexport1662711147036-768x667.jpg 768w, https:\/\/meterny.com\/wp-content\/uploads\/2024\/10\/mmexport1662711147036-600x521.jpg 600w\" sizes=\"auto, (max-width: 1024px) 100vw, 1024px\" \/><figcaption id=\"caption-attachment-18063\" class=\"wp-caption-text\">P\u00e9rgola moderna de aluminio negro para parques<\/figcaption><\/figure>\n<h4>Productos<\/h4>\n<p id=\"\">La P\u00e9rgola Bioclim\u00e1tica de Aluminio con Techo de Lamas es una estructura de sombreado exterior que combina un dise\u00f1o moderno con una funcionalidad pr\u00e1ctica, dise\u00f1ada espec\u00edficamente para proporcionar un espacio exterior c\u00f3modo y flexible. Fabricada con materiales de aleaci\u00f3n de aluminio de alta calidad y utilizando t\u00e9cnicas de fabricaci\u00f3n avanzadas, esta p\u00e9rgola no s\u00f3lo es est\u00e9ticamente agradable y duradera, sino que tambi\u00e9n se adapta eficazmente a diversas condiciones clim\u00e1ticas, a\u00f1adiendo un sinf\u00edn de diversi\u00f3n a su estilo de vida al aire libre.<\/p>\n<h4>Caracter\u00edsticas del producto<\/h4>\n<ol>\n<li><strong>Materiales de primera calidad<\/strong>:\n<ul>\n<li>La estructura principal es de aleaci\u00f3n de aluminio 6063-T6 o 6063-T5, que ofrece una excepcional resistencia a la corrosi\u00f3n y durabilidad.<\/li>\n<li>La superficie est\u00e1 recubierta de pintura en polvo, lo que mejora la est\u00e9tica y la resistencia a la intemperie y la vida \u00fatil del producto.<\/li>\n<\/ul>\n<\/li>\n<li><strong>Dise\u00f1o bioclim\u00e1tico<\/strong>:\n<ul>\n<li>El exclusivo dise\u00f1o de lamas permite ajustarlas libremente en funci\u00f3n de los cambios meteorol\u00f3gicos y las necesidades del usuario, consiguiendo excelentes efectos de ventilaci\u00f3n, sombreado e impermeabilizaci\u00f3n.<\/li>\n<li>Las palas son de material impermeable, lo que garantiza un ambiente interior seco y confortable incluso en d\u00edas lluviosos.<\/li>\n<\/ul>\n<\/li>\n<li><strong>Versatilidad<\/strong>:\n<ul>\n<li>No s\u00f3lo sirve para dar sombra, sino que tambi\u00e9n bloquea eficazmente la nieve, el viento y la lluvia, por lo que es adecuado para diversos entornos exteriores.<\/li>\n<li>Ideal para zonas de comedor al aire libre, salones, patios y otros entornos, mejorando el confort y la est\u00e9tica del espacio en general.<\/li>\n<\/ul>\n<\/li>\n<li><strong>Servicios de personalizaci\u00f3n<\/strong>:\n<ul>\n<li>Hay disponibles m\u00faltiples tama\u00f1os y colores, personalizables seg\u00fan las necesidades del cliente.<\/li>\n<li>Admite modos de funcionamiento el\u00e9ctrico o manual para satisfacer los distintos h\u00e1bitos y requisitos de los usuarios.<\/li>\n<\/ul>\n<\/li>\n<li><strong>F\u00e1cil instalaci\u00f3n y mantenimiento<\/strong>:\n<ul>\n<li>El dise\u00f1o del producto es sencillo y elegante, f\u00e1cil de instalar y desmontar, lo que ahorra tiempo y costes de instalaci\u00f3n.<\/li>\n<li>El mantenimiento rutinario es sencillo y c\u00f3modo, y s\u00f3lo requiere una limpieza peri\u00f3dica de las cuchillas y el bastidor para mantener el producto como nuevo.<\/li>\n<\/ul>\n<\/li>\n<\/ol>\n<h4>Especificaciones t\u00e9cnicas<\/h4>\n<ul>\n<li><strong>Material<\/strong>: Aleaci\u00f3n de aluminio 6063-T6\/T5<\/li>\n<li><strong>Tratamiento de superficies<\/strong>: Recubrimiento en polvo<\/li>\n<li><strong>\u00c1ngulo de la cuchilla<\/strong>: Ajustable<\/li>\n<li><strong>Grado de impermeabilidad<\/strong>: IP67 (o grado de impermeabilidad equivalente)<\/li>\n<li><strong>Tama\u00f1os<\/strong>: M\u00faltiples tama\u00f1os disponibles (por ejemplo, 3x3m, 3x4m, 4x4m, 6x4m, etc.)<\/li>\n<li><strong>Colores<\/strong>: Gris, blanco, negro, etc., personalizable<\/li>\n<li><strong>Modo de funcionamiento<\/strong>: El\u00e9ctrico\/manual<\/li>\n<li><strong>Periodo de garant\u00eda<\/strong>: Garant\u00eda del marco durante 15 a\u00f1os, garant\u00eda del revestimiento durante 7-8 a\u00f1os (los periodos de garant\u00eda espec\u00edficos est\u00e1n sujetos al manual del producto).<\/li>\n<\/ul>\n<h4>Escenarios de aplicaci\u00f3n<\/h4>\n<ul>\n<li>Adecuado para jardines familiares, terrazas de chal\u00e9s, balcones de hoteles, zonas para sentarse al aire libre en restaurantes y otros entornos exteriores.<\/li>\n<li>Especialmente adecuado para entornos exteriores que requieren un ajuste frecuente de las condiciones de sombreado y ventilaci\u00f3n.<\/li>\n<\/ul>\n<h4>Opiniones de los clientes<\/h4>\n<ul>\n<li>En general, los clientes elogian el dise\u00f1o est\u00e9tico de la p\u00e9rgola, su practicidad y su capacidad para mejorar significativamente el confort y la est\u00e9tica de los espacios exteriores.<\/li>\n<li>El modo de funcionamiento el\u00e9ctrico es conveniente y eficiente, muy favorecido por los usuarios.<\/li>\n<li>La fiabilidad y durabilidad del producto han recibido el aplauso universal de los clientes.<\/li>\n<\/ul>\n<h4>Notas de compra<\/h4>\n<ul>\n<li>Confirme la talla y el color deseados antes de comprar para recibir informaci\u00f3n m\u00e1s precisa sobre el producto y el precio.<\/li>\n<li>Siga las instrucciones del manual del producto durante la instalaci\u00f3n para garantizar la seguridad y un progreso sin problemas.<\/li>\n<li>Para cualquier pregunta o necesidad, no dude en ponerse en contacto con nuestro equipo de atenci\u00f3n al cliente, y estaremos encantados de ayudarle.<\/li>\n<\/ul>\n<figure id=\"attachment_20288\" aria-describedby=\"caption-attachment-20288\" style=\"width: 1024px\" class=\"wp-caption alignnone\"><img loading=\"lazy\" decoding=\"async\" class=\"wp-image-20288\" src=\"https:\/\/meterny.com\/wp-content\/uploads\/2024\/10\/WPC-Colour-Card@3x.png\" alt=\"Dise\u00f1o de prevenci\u00f3n de fugas de agua de la p\u00e9rgola de aluminio de Meterny\" width=\"1024\" height=\"1024\" srcset=\"https:\/\/meterny.com\/wp-content\/uploads\/2024\/10\/WPC-Colour-Card@3x.png 800w, https:\/\/meterny.com\/wp-content\/uploads\/2024\/10\/WPC-Colour-Card@3x-300x300.png 300w, https:\/\/meterny.com\/wp-content\/uploads\/2024\/10\/WPC-Colour-Card@3x-150x150.png 150w, https:\/\/meterny.com\/wp-content\/uploads\/2024\/10\/WPC-Colour-Card@3x-768x768.png 768w, https:\/\/meterny.com\/wp-content\/uploads\/2024\/10\/WPC-Colour-Card@3x-600x600.png 600w, https:\/\/meterny.com\/wp-content\/uploads\/2024\/10\/WPC-Colour-Card@3x-100x100.png 100w\" sizes=\"auto, (max-width: 1024px) 100vw, 1024px\" \/><figcaption id=\"caption-attachment-20288\" class=\"wp-caption-text\">Innovador dise\u00f1o de prevenci\u00f3n de fugas de agua de Meterny<\/figcaption><\/figure>\n<p>La P\u00e9rgola Bioclim\u00e1tica de Aluminio es una innovadora estructura de protecci\u00f3n solar para exteriores fabricada en aluminio de alta calidad. Gracias a sus lamas ajustables, se adapta eficazmente a las distintas condiciones clim\u00e1ticas, proporcionando una excelente ventilaci\u00f3n, sombra e impermeabilidad. Su moderno dise\u00f1o complementa cualquier espacio exterior, mejorando tanto el confort como la est\u00e9tica. Ideal para jardines, terrazas y balcones, esta p\u00e9rgola es un complemento perfecto para su estilo de vida al aire libre.<\/p>\n<p>&nbsp;<\/p>\n<h3>Si desea conocer m\u00e1s detalles, haga clic en este enlace de youtube:<a href=\"https:\/\/youtu.be\/0FgHU_d-JLU\" target=\"_blank\" rel=\"noopener\">https:\/\/youtu.be\/0FgHU_d-JLU<\/a><\/h3>\n<p>&nbsp;<\/p>\n<figure id=\"attachment_16951\" aria-describedby=\"caption-attachment-16951\" style=\"width: 1024px\" class=\"wp-caption alignnone\"><img loading=\"lazy\" decoding=\"async\" class=\"wp-image-16951\" src=\"https:\/\/meterny.com\/wp-content\/uploads\/2024\/09\/\u753b\u677f-16@3x.png\" alt=\"P\u00e9rgola de Aluminio Meterny dise\u00f1o exclusivo patentado\" width=\"1024\" height=\"1448\" srcset=\"https:\/\/meterny.com\/wp-content\/uploads\/2024\/09\/\u753b\u677f-16@3x.png 1787w, https:\/\/meterny.com\/wp-content\/uploads\/2024\/09\/\u753b\u677f-16@3x-212x300.png 212w, https:\/\/meterny.com\/wp-content\/uploads\/2024\/09\/\u753b\u677f-16@3x-724x1024.png 724w, https:\/\/meterny.com\/wp-content\/uploads\/2024\/09\/\u753b\u677f-16@3x-768x1086.png 768w, https:\/\/meterny.com\/wp-content\/uploads\/2024\/09\/\u753b\u677f-16@3x-1086x1536.png 1086w, https:\/\/meterny.com\/wp-content\/uploads\/2024\/09\/\u753b\u677f-16@3x-1448x2048.png 1448w, https:\/\/meterny.com\/wp-content\/uploads\/2024\/09\/\u753b\u677f-16@3x-600x848.png 600w\" sizes=\"auto, (max-width: 1024px) 100vw, 1024px\" \/><figcaption id=\"caption-attachment-16951\" class=\"wp-caption-text\">Dise\u00f1o patentado de Meterny: Una p\u00e9rgola sin igual<\/figcaption><\/figure>\n<p>Tipo:P\u00e9rgola bioclim\u00e1tica de lamas de aluminio<\/p>\n<p>&nbsp;<\/p>\n<figure id=\"attachment_16950\" aria-describedby=\"caption-attachment-16950\" style=\"width: 1024px\" class=\"wp-caption alignnone\"><img loading=\"lazy\" decoding=\"async\" class=\"wp-image-16950\" src=\"https:\/\/meterny.com\/wp-content\/uploads\/2024\/09\/About-Meterny@3x.png\" alt=\"P\u00e9rgola de aluminio de Meterny Comparaci\u00f3n con otras p\u00e9rgolas\" width=\"1024\" height=\"1447\" srcset=\"https:\/\/meterny.com\/wp-content\/uploads\/2024\/09\/About-Meterny@3x.png 1787w, https:\/\/meterny.com\/wp-content\/uploads\/2024\/09\/About-Meterny@3x-212x300.png 212w, https:\/\/meterny.com\/wp-content\/uploads\/2024\/09\/About-Meterny@3x-724x1024.png 724w, https:\/\/meterny.com\/wp-content\/uploads\/2024\/09\/About-Meterny@3x-768x1086.png 768w, https:\/\/meterny.com\/wp-content\/uploads\/2024\/09\/About-Meterny@3x-1087x1536.png 1087w, https:\/\/meterny.com\/wp-content\/uploads\/2024\/09\/About-Meterny@3x-1449x2048.png 1449w, https:\/\/meterny.com\/wp-content\/uploads\/2024\/09\/About-Meterny@3x-600x848.png 600w\" sizes=\"auto, (max-width: 1024px) 100vw, 1024px\" \/><figcaption id=\"caption-attachment-16950\" class=\"wp-caption-text\">P\u00e9rgolas Meterny frente a p\u00e9rgolas tradicionales: caracter\u00edsticas superiores<\/figcaption><\/figure>\n<h3>\u00bfPor qu\u00e9 elegir la p\u00e9rgola bioclim\u00e1tica de aluminio con lamas Meterny?<\/h3>\n<p id=\"\">Elegir la p\u00e9rgola bioclim\u00e1tica de aluminio con lamas de Meterny ofrece numerosas ventajas, lo que la convierte en la opci\u00f3n ideal para su espacio exterior. He aqu\u00ed algunas razones de peso:<\/p>\n<ol>\n<li><strong>Calidad y durabilidad superiores<\/strong>:\n<ul>\n<li>Fabricada con una aleaci\u00f3n de aluminio de alta calidad, la p\u00e9rgola es resistente a la corrosi\u00f3n, ligera y duradera, lo que garantiza un rendimiento y una fiabilidad duraderos.<\/li>\n<\/ul>\n<\/li>\n<li><strong>Dise\u00f1o bioclim\u00e1tico<\/strong>:\n<ul>\n<li>Las lamas ajustables le permiten personalizar el sombreado y la ventilaci\u00f3n seg\u00fan sus necesidades y las condiciones meteorol\u00f3gicas, proporcionando un entorno exterior confortable durante todo el a\u00f1o.<\/li>\n<\/ul>\n<\/li>\n<li><strong>Est\u00e9tica moderna<\/strong>:\n<ul>\n<li>Con su dise\u00f1o elegante y contempor\u00e1neo, la p\u00e9rgola realza el atractivo est\u00e9tico de su espacio exterior, combinando a la perfecci\u00f3n con los estilos arquitect\u00f3nicos modernos.<\/li>\n<\/ul>\n<\/li>\n<li><strong>Funcionalidad vers\u00e1til<\/strong>:\n<ul>\n<li>Adecuada para una amplia gama de entornos exteriores, incluidos jardines, terrazas, balcones y patios, la p\u00e9rgola ofrece una funcionalidad vers\u00e1til, proporcionando sombra, refugio y privacidad.<\/li>\n<\/ul>\n<\/li>\n<li><strong>Opciones personalizables<\/strong>:\n<ul>\n<li>Meterny ofrece una amplia gama de opciones de personalizaci\u00f3n, incluyendo diferentes tama\u00f1os, colores y modos de funcionamiento (el\u00e9ctrico o manual), lo que le permite adaptar la p\u00e9rgola a sus necesidades espec\u00edficas.<\/li>\n<\/ul>\n<\/li>\n<li><strong>Facilidad de instalaci\u00f3n y mantenimiento<\/strong>:\n<ul>\n<li>Dise\u00f1ada para facilitar su instalaci\u00f3n, la p\u00e9rgola puede montarse r\u00e1pida y eficazmente. El mantenimiento rutinario es sencillo, y s\u00f3lo requiere una limpieza peri\u00f3dica para mantenerla como nueva.<\/li>\n<\/ul>\n<\/li>\n<li><strong>Relaci\u00f3n calidad-precio excepcional<\/strong>:\n<ul>\n<li>Combinando alta calidad, funcionalidad y est\u00e9tica, la P\u00e9rgola Bioclim\u00e1tica de Aluminio Meterny ofrece una excepcional relaci\u00f3n calidad-precio, asegur\u00e1ndole el mejor retorno de su inversi\u00f3n.<\/li>\n<\/ul>\n<\/li>\n<\/ol>\n<p id=\"\">En resumen, elegir la P\u00e9rgola Bioclim\u00e1tica de Aluminio con Techo de Lamas de Meterny proporciona una combinaci\u00f3n de calidad superior, durabilidad, dise\u00f1o moderno y funcionalidad vers\u00e1til, convirti\u00e9ndola en la elecci\u00f3n perfecta para su espacio exterior.<\/p>","protected":false},"excerpt":{"rendered":"<p>Cree un refugio exterior elegante y resistente a la intemperie con el pabell\u00f3n impermeable met\u00e1lico de aluminio, que combina un dise\u00f1o elegante con un rendimiento duradero.<\/p>","protected":false},"featured_media":18063,"comment_status":"open","ping_status":"closed","template":"","meta":{"_uag_custom_page_level_css":"","site-sidebar-layout":"default","site-content-layout":"","ast-site-content-layout":"default","site-content-style":"default","site-sidebar-style":"default","ast-global-header-display":"","ast-banner-title-visibility":"","ast-main-header-display":"","ast-hfb-above-header-display":"","ast-hfb-below-header-display":"","ast-hfb-mobile-header-display":"","site-post-title":"","ast-breadcrumbs-content":"","ast-featured-img":"","footer-sml-layout":"","theme-transparent-header-meta":"default","adv-header-id-meta":"","stick-header-meta":"default","header-above-stick-meta":"","header-main-stick-meta":"","header-below-stick-meta":"","astra-migrate-meta-layouts":"set","ast-page-background-enabled":"default","ast-page-background-meta":{"desktop":{"background-color":"var(--ast-global-color-4)","background-image":"","background-repeat":"repeat","background-position":"center center","background-size":"auto","background-attachment":"scroll","background-type":"","background-media":"","overlay-type":"","overlay-color":"","overlay-opacity":"","overlay-gradient":""},"tablet":{"background-color":"","background-image":"","background-repeat":"repeat","background-position":"center center","background-size":"auto","background-attachment":"scroll","background-type":"","background-media":"","overlay-type":"","overlay-color":"","overlay-opacity":"","overlay-gradient":""},"mobile":{"background-color":"","background-image":"","background-repeat":"repeat","background-position":"center center","background-size":"auto","background-attachment":"scroll","background-type":"","background-media":"","overlay-type":"","overlay-color":"","overlay-opacity":"","overlay-gradient":""}},"ast-content-background-meta":{"desktop":{"background-color":"var(--ast-global-color-5)","background-image":"","background-repeat":"repeat","background-position":"center center","background-size":"auto","background-attachment":"scroll","background-type":"","background-media":"","overlay-type":"","overlay-color":"","overlay-opacity":"","overlay-gradient":""},"tablet":{"background-color":"var(--ast-global-color-5)","background-image":"","background-repeat":"repeat","background-position":"center center","background-size":"auto","background-attachment":"scroll","background-type":"","background-media":"","overlay-type":"","overlay-color":"","overlay-opacity":"","overlay-gradient":""},"mobile":{"background-color":"var(--ast-global-color-5)","background-image":"","background-repeat":"repeat","background-position":"center center","background-size":"auto","background-attachment":"scroll","background-type":"","background-media":"","overlay-type":"","overlay-color":"","overlay-opacity":"","overlay-gradient":""}}},"product_brand":[],"product_cat":[18],"product_tag":[219,217,218,216],"class_list":{"0":"post-18068","1":"product","2":"type-product","3":"status-publish","4":"has-post-thumbnail","6":"product_cat-uncategorized","7":"product_tag-aluminum-metal-waterproof-pergola","8":"product_tag-aluminum-pavilion","9":"product_tag-metal-pavilion","10":"product_tag-waterproof-pavilion","11":"desktop-align-center","12":"tablet-align-left","13":"mobile-align-left","14":"ast-product-gallery-layout-horizontal-slider","15":"ast-product-single-variable","16":"ast-product-tabs-layout-vertical","18":"first","19":"instock","20":"shipping-taxable","21":"product-type-variable"},"uagb_featured_image_src":{"full":["https:\/\/meterny.com\/wp-content\/uploads\/2024\/10\/mmexport1662711147036.jpg",975,847,false],"thumbnail":["https:\/\/meterny.com\/wp-content\/uploads\/2024\/10\/mmexport1662711147036-150x150.jpg",150,150,true],"medium":["https:\/\/meterny.com\/wp-content\/uploads\/2024\/10\/mmexport1662711147036-300x261.jpg",300,261,true],"medium_large":["https:\/\/meterny.com\/wp-content\/uploads\/2024\/10\/mmexport1662711147036-768x667.jpg",768,667,true],"large":["https:\/\/meterny.com\/wp-content\/uploads\/2024\/10\/mmexport1662711147036.jpg",975,847,false],"1536x1536":["https:\/\/meterny.com\/wp-content\/uploads\/2024\/10\/mmexport1662711147036.jpg",975,847,false],"2048x2048":["https:\/\/meterny.com\/wp-content\/uploads\/2024\/10\/mmexport1662711147036.jpg",975,847,false],"trp-custom-language-flag":["https:\/\/meterny.com\/wp-content\/uploads\/2024\/10\/mmexport1662711147036.jpg",14,12,false],"woocommerce_thumbnail":["https:\/\/meterny.com\/wp-content\/uploads\/2024\/10\/mmexport1662711147036-300x300.jpg",300,300,true],"woocommerce_single":["https:\/\/meterny.com\/wp-content\/uploads\/2024\/10\/mmexport1662711147036-600x521.jpg",600,521,true],"woocommerce_gallery_thumbnail":["https:\/\/meterny.com\/wp-content\/uploads\/2024\/10\/mmexport1662711147036-100x100.jpg",100,100,true]},"uagb_author_info":{"display_name":"meterny","author_link":"https:\/\/meterny.com\/es\/author\/"},"uagb_comment_info":0,"uagb_excerpt":"Create a stylish and weather-resistant outdoor haven with the Aluminum Metal Waterproof Pavilion, combining sleek design with durable performance.","_links":{"self":[{"href":"https:\/\/meterny.com\/es\/wp-json\/wp\/v2\/product\/18068","targetHints":{"allow":["GET"]}}],"collection":[{"href":"https:\/\/meterny.com\/es\/wp-json\/wp\/v2\/product"}],"about":[{"href":"https:\/\/meterny.com\/es\/wp-json\/wp\/v2\/types\/product"}],"replies":[{"embeddable":true,"href":"https:\/\/meterny.com\/es\/wp-json\/wp\/v2\/comments?post=18068"}],"wp:featuredmedia":[{"embeddable":true,"href":"https:\/\/meterny.com\/es\/wp-json\/wp\/v2\/media\/18063"}],"wp:attachment":[{"href":"https:\/\/meterny.com\/es\/wp-json\/wp\/v2\/media?parent=18068"}],"wp:term":[{"taxonomy":"product_brand","embeddable":true,"href":"https:\/\/meterny.com\/es\/wp-json\/wp\/v2\/product_brand?post=18068"},{"taxonomy":"product_cat","embeddable":true,"href":"https:\/\/meterny.com\/es\/wp-json\/wp\/v2\/product_cat?post=18068"},{"taxonomy":"product_tag","embeddable":true,"href":"https:\/\/meterny.com\/es\/wp-json\/wp\/v2\/product_tag?post=18068"}],"curies":[{"name":"wp","href":"https:\/\/api.w.org\/{rel}","templated":true}]}}