{"id":18099,"date":"2024-10-10T13:17:30","date_gmt":"2024-10-10T13:17:30","guid":{"rendered":"https:\/\/meterny.com\/?post_type=product&#038;p=18099"},"modified":"2025-05-24T02:04:28","modified_gmt":"2025-05-24T02:04:28","slug":"3x4m-louver-aluminium-gazebo","status":"publish","type":"product","link":"https:\/\/meterny.com\/es\/producto\/3x4m-louver-aluminium-gazebo\/","title":{"rendered":"3X4m Louver Aluminium Gazebo Kits Aluminium Pergola Outdoor Aluminium Pavilion Aluminium Gazebos Pergola"},"content":{"rendered":"<h2 style=\"text-align: center;\">3X4m Louver Aluminium Gazebo Kits Aluminium Pergola Outdoor Aluminium Pavilion Aluminium Gazebos<\/h2>\n<p><strong>Tipo<\/strong>: 3X4m Louver Aluminio Gazebo kits<\/p>\n<p><strong>Talla<\/strong>: personalizado<\/p>\n<p><strong>Superficie<\/strong>Revestimiento\/pintura a medida<\/p>\n<p><strong>Color<\/strong>: personalizado<\/p>\n<p><strong>Longitud<\/strong>: Personalizado<\/p>\n<p><strong>Material<\/strong>: Aleaci\u00f3n de aluminio de alta gama<\/p>\n<p><strong>Tecnolog\u00eda del producto<\/strong>: Meterny Sistema antifugas AquaGuard<\/p>\n<figure id=\"attachment_17053\" aria-describedby=\"caption-attachment-17053\" style=\"width: 1024px\" class=\"wp-caption alignnone\"><img loading=\"lazy\" decoding=\"async\" class=\"wp-image-17053\" src=\"https:\/\/meterny.com\/wp-content\/uploads\/2024\/09\/mmexport1662711134665.jpg\" alt=\"Gazebo de aluminio con persianas 3X4m\" width=\"1024\" height=\"1023\" srcset=\"https:\/\/meterny.com\/wp-content\/uploads\/2024\/09\/mmexport1662711134665.jpg 739w, https:\/\/meterny.com\/wp-content\/uploads\/2024\/09\/mmexport1662711134665-300x300.jpg 300w, https:\/\/meterny.com\/wp-content\/uploads\/2024\/09\/mmexport1662711134665-150x150.jpg 150w, https:\/\/meterny.com\/wp-content\/uploads\/2024\/09\/mmexport1662711134665-600x599.jpg 600w, https:\/\/meterny.com\/wp-content\/uploads\/2024\/09\/mmexport1662711134665-100x100.jpg 100w\" sizes=\"auto, (max-width: 1024px) 100vw, 1024px\" \/><figcaption id=\"caption-attachment-17053\" class=\"wp-caption-text\">P\u00e9rgola de aluminio blanco para caminos de jard\u00edn con estilo<\/figcaption><\/figure>\n<h4>Productos<\/h4>\n<p id=\"\"><strong>Nombre del producto<\/strong>: 3X4m Louver Aluminio Gazebo<br \/>\n<strong>Marca<\/strong>: Meterny<br \/>\n<strong>Material<\/strong>: Aleaci\u00f3n de aluminio<br \/>\n<strong>Dimensiones<\/strong>: 3m x 4m<br \/>\n<strong>Color<\/strong>: Personalizable<br \/>\n<strong>Utilizaci\u00f3n<\/strong>: Decoraci\u00f3n exterior de jardines, sombreado, junto a piscinas, etc.<\/p>\n<hr \/>\n<h4>Caracter\u00edsticas del producto<\/h4>\n<ol>\n<li><strong>Lujoso dise\u00f1o moderno<\/strong>: Adopta principios de dise\u00f1o modernos, con un aspecto lujoso y elegante adecuado para diversos entornos exteriores de gama alta.<\/li>\n<li><strong>Construcci\u00f3n de aleaci\u00f3n de aluminio<\/strong>: Hecho de aleaci\u00f3n de aluminio de alta calidad, con resistencia a la corrosi\u00f3n, fuerte resistencia a la intemperie y peso ligero, lo que garantiza la durabilidad del producto.<\/li>\n<li><strong>Dise\u00f1o de persianas<\/strong>: El exclusivo dise\u00f1o de las rejillas permite ajustar la luz y la ventilaci\u00f3n seg\u00fan sea necesario, proporcionando una c\u00f3moda experiencia al aire libre.<\/li>\n<li><strong>Funcionalidad impermeable<\/strong>: Ofrece un excelente rendimiento impermeable, impidiendo eficazmente la infiltraci\u00f3n del agua de lluvia y manteniendo seco el interior.<\/li>\n<li><strong>F\u00e1cil montaje<\/strong>: Se proporcionan directrices detalladas de instalaci\u00f3n, lo que permite a los usuarios completar f\u00e1cilmente el montaje, ahorrando tiempo y esfuerzo.<\/li>\n<li><strong>Ecol\u00f3gico y sostenible<\/strong>: Utiliza materiales ecol\u00f3gicos, en consonancia con los principios del desarrollo sostenible y respetuoso con el medio ambiente.<\/li>\n<\/ol>\n<hr \/>\n<h4>Detalles del producto<\/h4>\n<ul>\n<li><strong>Material del marco<\/strong>: Aleaci\u00f3n de aluminio<\/li>\n<li><strong>Tratamiento de superficies<\/strong>: Revestimiento de PVDF<\/li>\n<li><strong>Caracter\u00edsticas estructurales<\/strong>: Dise\u00f1o estructural en 3D que proporciona un soporte estable<\/li>\n<li><strong>Instrucciones de instalaci\u00f3n<\/strong>: Gu\u00eda de instalaci\u00f3n detallada<\/li>\n<li><strong>Embalaje y env\u00edo<\/strong>: Embalaje individual, dimensiones 180x30x45 cm, peso bruto 46 kg<\/li>\n<li><strong>Opciones de personalizaci\u00f3n<\/strong>: Colores, tama\u00f1os, etc. personalizables seg\u00fan las necesidades del cliente<\/li>\n<\/ul>\n<hr \/>\n<h4>Escenarios de aplicaci\u00f3n<\/h4>\n<ul>\n<li><strong>Decoraci\u00f3n de jardines<\/strong>: A\u00f1ade un toque moderno al jard\u00edn, proporcionando un c\u00f3modo espacio de ocio.<\/li>\n<li><strong>Parasol y protecci\u00f3n solar<\/strong>: Ofrece una protecci\u00f3n solar eficaz durante las actividades al aire libre, protegiendo la piel de los rayos UV.<\/li>\n<li><strong>Junto a las piscinas<\/strong>: Sirve para dar sombra junto a las piscinas, mejorando la experiencia del ba\u00f1o.<\/li>\n<li><strong>Patios y balcones<\/strong>: Proporciona una soluci\u00f3n de sombreado est\u00e9tica y pr\u00e1ctica para patios y balcones.<\/li>\n<\/ul>\n<figure id=\"attachment_20288\" aria-describedby=\"caption-attachment-20288\" style=\"width: 1024px\" class=\"wp-caption alignnone\"><img loading=\"lazy\" decoding=\"async\" class=\"wp-image-20288\" src=\"https:\/\/meterny.com\/wp-content\/uploads\/2024\/10\/WPC-Colour-Card@3x.png\" alt=\"Dise\u00f1o de prevenci\u00f3n de fugas de agua de la p\u00e9rgola de aluminio de Meterny\" width=\"1024\" height=\"1024\" srcset=\"https:\/\/meterny.com\/wp-content\/uploads\/2024\/10\/WPC-Colour-Card@3x.png 800w, https:\/\/meterny.com\/wp-content\/uploads\/2024\/10\/WPC-Colour-Card@3x-300x300.png 300w, https:\/\/meterny.com\/wp-content\/uploads\/2024\/10\/WPC-Colour-Card@3x-150x150.png 150w, https:\/\/meterny.com\/wp-content\/uploads\/2024\/10\/WPC-Colour-Card@3x-768x768.png 768w, https:\/\/meterny.com\/wp-content\/uploads\/2024\/10\/WPC-Colour-Card@3x-600x600.png 600w, https:\/\/meterny.com\/wp-content\/uploads\/2024\/10\/WPC-Colour-Card@3x-100x100.png 100w\" sizes=\"auto, (max-width: 1024px) 100vw, 1024px\" \/><figcaption id=\"caption-attachment-20288\" class=\"wp-caption-text\">Innovador dise\u00f1o de prevenci\u00f3n de fugas de agua de Meterny<\/figcaption><\/figure>\n<h3>Breve introducci\u00f3n: Gazebo de aluminio con persianas de 3X4m<\/h3>\n<hr \/>\n<p id=\"\">Presentamos el cenador de aluminio con rejillas 3X4m, una soluci\u00f3n de sombreado exterior elegante y funcional. Fabricado en aleaci\u00f3n de aluminio de alta calidad, este cenador presenta un moderno dise\u00f1o de lamas que permite controlar la luz y la ventilaci\u00f3n de forma personalizada. Perfecto para jardines, patios o junto a piscinas, proporciona un espacio lujoso y c\u00f3modo para relajarse y disfrutar del aire libre. Con su construcci\u00f3n duradera y aspecto elegante, este cenador es una excelente opci\u00f3n para mejorar su experiencia de vida al aire libre.<\/p>\n<figure id=\"attachment_16950\" aria-describedby=\"caption-attachment-16950\" style=\"width: 1024px\" class=\"wp-caption alignnone\"><img loading=\"lazy\" decoding=\"async\" class=\"wp-image-16950\" src=\"https:\/\/meterny.com\/wp-content\/uploads\/2024\/09\/About-Meterny@3x.png\" alt=\"P\u00e9rgola de aluminio de Meterny Comparaci\u00f3n con otras p\u00e9rgolas\" width=\"1024\" height=\"1447\" srcset=\"https:\/\/meterny.com\/wp-content\/uploads\/2024\/09\/About-Meterny@3x.png 1787w, https:\/\/meterny.com\/wp-content\/uploads\/2024\/09\/About-Meterny@3x-212x300.png 212w, https:\/\/meterny.com\/wp-content\/uploads\/2024\/09\/About-Meterny@3x-724x1024.png 724w, https:\/\/meterny.com\/wp-content\/uploads\/2024\/09\/About-Meterny@3x-768x1086.png 768w, https:\/\/meterny.com\/wp-content\/uploads\/2024\/09\/About-Meterny@3x-1087x1536.png 1087w, https:\/\/meterny.com\/wp-content\/uploads\/2024\/09\/About-Meterny@3x-1449x2048.png 1449w, https:\/\/meterny.com\/wp-content\/uploads\/2024\/09\/About-Meterny@3x-600x848.png 600w\" sizes=\"auto, (max-width: 1024px) 100vw, 1024px\" \/><figcaption id=\"caption-attachment-16950\" class=\"wp-caption-text\">P\u00e9rgolas Meterny frente a p\u00e9rgolas tradicionales: caracter\u00edsticas superiores<\/figcaption><\/figure>\n<h3>Si desea conocer m\u00e1s detalles, haga clic en este enlace de youtube:<a href=\"https:\/\/youtu.be\/XBnrx0OJS2g\" target=\"_blank\" rel=\"noopener\">https:\/\/youtu.be\/XBnrx0OJS2g<\/a><\/h3>\n<figure id=\"attachment_16951\" aria-describedby=\"caption-attachment-16951\" style=\"width: 1024px\" class=\"wp-caption alignnone\"><img loading=\"lazy\" decoding=\"async\" class=\"wp-image-16951\" src=\"https:\/\/meterny.com\/wp-content\/uploads\/2024\/09\/\u753b\u677f-16@3x.png\" alt=\"P\u00e9rgola de Aluminio Meterny dise\u00f1o exclusivo patentado\" width=\"1024\" height=\"1448\" srcset=\"https:\/\/meterny.com\/wp-content\/uploads\/2024\/09\/\u753b\u677f-16@3x.png 1787w, https:\/\/meterny.com\/wp-content\/uploads\/2024\/09\/\u753b\u677f-16@3x-212x300.png 212w, https:\/\/meterny.com\/wp-content\/uploads\/2024\/09\/\u753b\u677f-16@3x-724x1024.png 724w, https:\/\/meterny.com\/wp-content\/uploads\/2024\/09\/\u753b\u677f-16@3x-768x1086.png 768w, https:\/\/meterny.com\/wp-content\/uploads\/2024\/09\/\u753b\u677f-16@3x-1086x1536.png 1086w, https:\/\/meterny.com\/wp-content\/uploads\/2024\/09\/\u753b\u677f-16@3x-1448x2048.png 1448w, https:\/\/meterny.com\/wp-content\/uploads\/2024\/09\/\u753b\u677f-16@3x-600x848.png 600w\" sizes=\"auto, (max-width: 1024px) 100vw, 1024px\" \/><figcaption id=\"caption-attachment-16951\" class=\"wp-caption-text\">Dise\u00f1o patentado de Meterny: Una p\u00e9rgola sin igual<\/figcaption><\/figure>\n<h3>\u00bfPor qu\u00e9 elegir el cenador de aluminio con lamas 3X4m de Meterny?<\/h3>\n<p id=\"\">A la hora de considerar un cenador para su espacio exterior, el cenador de aluminio con persianas de 3X4 m de Meterny destaca como una opci\u00f3n excepcional debido a varias razones de peso:<\/p>\n<ol>\n<li><strong>Materiales de primera calidad<\/strong>:\n<ul>\n<li>Fabricado con una aleaci\u00f3n de aluminio de alta calidad, el cenador est\u00e1 hecho para durar, resistir las inclemencias del tiempo y mantener su elegante aspecto con el paso del tiempo.<\/li>\n<\/ul>\n<\/li>\n<li><strong>Dise\u00f1o innovador de persianas<\/strong>:\n<ul>\n<li>El exclusivo dise\u00f1o de las rejillas le permite ajustar el nivel de luz y ventilaci\u00f3n a sus necesidades, creando un entorno exterior personalizable perfecto para cualquier ocasi\u00f3n.<\/li>\n<\/ul>\n<\/li>\n<li><strong>Est\u00e9tica elegante y moderna<\/strong>:\n<ul>\n<li>Con su dise\u00f1o elegante y moderno, el cenador a\u00f1ade un toque sofisticado a su espacio exterior, complementando cualquier jard\u00edn o patio.<\/li>\n<\/ul>\n<\/li>\n<li><strong>Uso vers\u00e1til<\/strong>:\n<ul>\n<li>Ideal para una amplia gama de actividades al aire libre, como comer, descansar y entretener a los invitados, el cenador proporciona una soluci\u00f3n de sombra vers\u00e1til y funcional.<\/li>\n<\/ul>\n<\/li>\n<li><strong>Durabilidad y resistencia a la intemperie<\/strong>:\n<ul>\n<li>La construcci\u00f3n de aluminio garantiza que el cenador sea resistente a la corrosi\u00f3n y a la intemperie, lo que lo convierte en una opci\u00f3n fiable para su uso en todas las estaciones.<\/li>\n<\/ul>\n<\/li>\n<li><strong>F\u00e1cil montaje y mantenimiento<\/strong>:\n<ul>\n<li>Dise\u00f1ado para una f\u00e1cil instalaci\u00f3n, el cenador viene con instrucciones completas, lo que le permite montarlo r\u00e1pidamente y sin esfuerzo. Adem\u00e1s, sus requisitos de mantenimiento son m\u00ednimos, lo que garantiza que se mantenga en perfectas condiciones durante a\u00f1os.<\/li>\n<\/ul>\n<\/li>\n<li><strong>Opciones personalizables<\/strong>:\n<ul>\n<li>Meterny ofrece opciones personalizables, como diferentes colores y tama\u00f1os, que le permiten adaptar el cenador a sus preferencias espec\u00edficas y a su espacio exterior.<\/li>\n<\/ul>\n<\/li>\n<\/ol>\n<p id=\"\">En resumen, el cenador de aluminio con persianas 3X4m de Meterny combina calidad superior, dise\u00f1o innovador y versatilidad, lo que lo convierte en una opci\u00f3n ideal para mejorar su experiencia de vida al aire libre. Su construcci\u00f3n duradera, su est\u00e9tica elegante y sus opciones personalizables garantizan que ser\u00e1 un complemento apreciado en su hogar durante muchos a\u00f1os.<\/p>","protected":false},"excerpt":{"rendered":"<p>Cree un refugio exterior elegante y resistente a la intemperie con el pabell\u00f3n impermeable met\u00e1lico de aluminio, que combina un dise\u00f1o elegante con un rendimiento duradero.<\/p>","protected":false},"featured_media":17053,"comment_status":"open","ping_status":"closed","template":"","meta":{"_uag_custom_page_level_css":"","site-sidebar-layout":"default","site-content-layout":"","ast-site-content-layout":"default","site-content-style":"default","site-sidebar-style":"default","ast-global-header-display":"","ast-banner-title-visibility":"","ast-main-header-display":"","ast-hfb-above-header-display":"","ast-hfb-below-header-display":"","ast-hfb-mobile-header-display":"","site-post-title":"","ast-breadcrumbs-content":"","ast-featured-img":"","footer-sml-layout":"","theme-transparent-header-meta":"default","adv-header-id-meta":"","stick-header-meta":"default","header-above-stick-meta":"","header-main-stick-meta":"","header-below-stick-meta":"","astra-migrate-meta-layouts":"set","ast-page-background-enabled":"default","ast-page-background-meta":{"desktop":{"background-color":"var(--ast-global-color-4)","background-image":"","background-repeat":"repeat","background-position":"center center","background-size":"auto","background-attachment":"scroll","background-type":"","background-media":"","overlay-type":"","overlay-color":"","overlay-opacity":"","overlay-gradient":""},"tablet":{"background-color":"","background-image":"","background-repeat":"repeat","background-position":"center center","background-size":"auto","background-attachment":"scroll","background-type":"","background-media":"","overlay-type":"","overlay-color":"","overlay-opacity":"","overlay-gradient":""},"mobile":{"background-color":"","background-image":"","background-repeat":"repeat","background-position":"center center","background-size":"auto","background-attachment":"scroll","background-type":"","background-media":"","overlay-type":"","overlay-color":"","overlay-opacity":"","overlay-gradient":""}},"ast-content-background-meta":{"desktop":{"background-color":"var(--ast-global-color-5)","background-image":"","background-repeat":"repeat","background-position":"center center","background-size":"auto","background-attachment":"scroll","background-type":"","background-media":"","overlay-type":"","overlay-color":"","overlay-opacity":"","overlay-gradient":""},"tablet":{"background-color":"var(--ast-global-color-5)","background-image":"","background-repeat":"repeat","background-position":"center center","background-size":"auto","background-attachment":"scroll","background-type":"","background-media":"","overlay-type":"","overlay-color":"","overlay-opacity":"","overlay-gradient":""},"mobile":{"background-color":"var(--ast-global-color-5)","background-image":"","background-repeat":"repeat","background-position":"center center","background-size":"auto","background-attachment":"scroll","background-type":"","background-media":"","overlay-type":"","overlay-color":"","overlay-opacity":"","overlay-gradient":""}}},"product_brand":[],"product_cat":[18],"product_tag":[219,217,218,216],"class_list":{"0":"post-18099","1":"product","2":"type-product","3":"status-publish","4":"has-post-thumbnail","6":"product_cat-uncategorized","7":"product_tag-aluminum-metal-waterproof-pergola","8":"product_tag-aluminum-pavilion","9":"product_tag-metal-pavilion","10":"product_tag-waterproof-pavilion","11":"desktop-align-center","12":"tablet-align-left","13":"mobile-align-left","14":"ast-product-gallery-layout-horizontal-slider","15":"ast-product-single-variable","16":"ast-product-tabs-layout-vertical","18":"first","19":"instock","20":"shipping-taxable","21":"product-type-variable"},"uagb_featured_image_src":{"full":["https:\/\/meterny.com\/wp-content\/uploads\/2024\/09\/mmexport1662711134665.jpg",739,738,false],"thumbnail":["https:\/\/meterny.com\/wp-content\/uploads\/2024\/09\/mmexport1662711134665-150x150.jpg",150,150,true],"medium":["https:\/\/meterny.com\/wp-content\/uploads\/2024\/09\/mmexport1662711134665-300x300.jpg",300,300,true],"medium_large":["https:\/\/meterny.com\/wp-content\/uploads\/2024\/09\/mmexport1662711134665.jpg",739,738,false],"large":["https:\/\/meterny.com\/wp-content\/uploads\/2024\/09\/mmexport1662711134665.jpg",739,738,false],"1536x1536":["https:\/\/meterny.com\/wp-content\/uploads\/2024\/09\/mmexport1662711134665.jpg",739,738,false],"2048x2048":["https:\/\/meterny.com\/wp-content\/uploads\/2024\/09\/mmexport1662711134665.jpg",739,738,false],"trp-custom-language-flag":["https:\/\/meterny.com\/wp-content\/uploads\/2024\/09\/mmexport1662711134665.jpg",12,12,false],"woocommerce_thumbnail":["https:\/\/meterny.com\/wp-content\/uploads\/2024\/09\/mmexport1662711134665-300x300.jpg",300,300,true],"woocommerce_single":["https:\/\/meterny.com\/wp-content\/uploads\/2024\/09\/mmexport1662711134665-600x599.jpg",600,599,true],"woocommerce_gallery_thumbnail":["https:\/\/meterny.com\/wp-content\/uploads\/2024\/09\/mmexport1662711134665-100x100.jpg",100,100,true]},"uagb_author_info":{"display_name":"meterny","author_link":"https:\/\/meterny.com\/es\/author\/"},"uagb_comment_info":0,"uagb_excerpt":"Create a stylish and weather-resistant outdoor haven with the Aluminum Metal Waterproof Pavilion, combining sleek design with durable performance.","_links":{"self":[{"href":"https:\/\/meterny.com\/es\/wp-json\/wp\/v2\/product\/18099","targetHints":{"allow":["GET"]}}],"collection":[{"href":"https:\/\/meterny.com\/es\/wp-json\/wp\/v2\/product"}],"about":[{"href":"https:\/\/meterny.com\/es\/wp-json\/wp\/v2\/types\/product"}],"replies":[{"embeddable":true,"href":"https:\/\/meterny.com\/es\/wp-json\/wp\/v2\/comments?post=18099"}],"wp:featuredmedia":[{"embeddable":true,"href":"https:\/\/meterny.com\/es\/wp-json\/wp\/v2\/media\/17053"}],"wp:attachment":[{"href":"https:\/\/meterny.com\/es\/wp-json\/wp\/v2\/media?parent=18099"}],"wp:term":[{"taxonomy":"product_brand","embeddable":true,"href":"https:\/\/meterny.com\/es\/wp-json\/wp\/v2\/product_brand?post=18099"},{"taxonomy":"product_cat","embeddable":true,"href":"https:\/\/meterny.com\/es\/wp-json\/wp\/v2\/product_cat?post=18099"},{"taxonomy":"product_tag","embeddable":true,"href":"https:\/\/meterny.com\/es\/wp-json\/wp\/v2\/product_tag?post=18099"}],"curies":[{"name":"wp","href":"https:\/\/api.w.org\/{rel}","templated":true}]}}