{"id":18130,"date":"2024-10-10T13:43:51","date_gmt":"2024-10-10T13:43:51","guid":{"rendered":"https:\/\/meterny.com\/?post_type=product&#038;p=18130"},"modified":"2025-05-24T02:04:28","modified_gmt":"2025-05-24T02:04:28","slug":"4x4m-louver-aluminium-gazebo-aluminium-pergola","status":"publish","type":"product","link":"https:\/\/meterny.com\/es\/producto\/4x4m-louver-aluminium-gazebo-aluminium-pergola\/","title":{"rendered":"4X4m Louver Aluminium Gazebo Outdoor Aluminium Pavilion Garden Gazebos Modern Aluminium Pergola"},"content":{"rendered":"<h2 style=\"text-align: center;\">4X4m Louver Aluminium Gazebo Outdoor Aluminium Pavilion Garden Gazebos Modern Aluminium Pergola<\/h2>\n<p><strong>Tipo<\/strong>: 4X4m Louver Aluminio Gazebo<\/p>\n<p><strong>Talla<\/strong>: personalizado<\/p>\n<p><strong>Superficie<\/strong>Revestimiento\/pintura a medida<\/p>\n<p><strong>Color<\/strong>: personalizado<\/p>\n<p><strong>Longitud<\/strong>: Personalizado<\/p>\n<p><strong>Material<\/strong>: Aleaci\u00f3n de aluminio de alta gama<\/p>\n<p><strong>Tecnolog\u00eda del producto<\/strong>: Meterny Sistema antifugas AquaGuard<\/p>\n<figure id=\"attachment_18300\" aria-describedby=\"caption-attachment-18300\" style=\"width: 1024px\" class=\"wp-caption alignnone\"><img loading=\"lazy\" decoding=\"async\" class=\"wp-image-18300\" src=\"https:\/\/meterny.com\/wp-content\/uploads\/2024\/10\/6-1-1.png\" alt=\"Gazebo de aluminio con persianas 4X4m\" width=\"1024\" height=\"512\" srcset=\"https:\/\/meterny.com\/wp-content\/uploads\/2024\/10\/6-1-1.png 2560w, https:\/\/meterny.com\/wp-content\/uploads\/2024\/10\/6-1-1-300x150.png 300w, https:\/\/meterny.com\/wp-content\/uploads\/2024\/10\/6-1-1-1024x512.png 1024w, https:\/\/meterny.com\/wp-content\/uploads\/2024\/10\/6-1-1-768x384.png 768w, https:\/\/meterny.com\/wp-content\/uploads\/2024\/10\/6-1-1-1536x768.png 1536w, https:\/\/meterny.com\/wp-content\/uploads\/2024\/10\/6-1-1-2048x1024.png 2048w, https:\/\/meterny.com\/wp-content\/uploads\/2024\/10\/6-1-1-600x300.png 600w\" sizes=\"auto, (max-width: 1024px) 100vw, 1024px\" \/><figcaption id=\"caption-attachment-18300\" class=\"wp-caption-text\">P\u00e9rgola de aluminio negro: Redefiniendo el lujo al aire libre<\/figcaption><\/figure>\n<h3><strong>Productos<\/strong><\/h3>\n<p id=\"\">Le damos la bienvenida a nuestro cenador de aluminio con persianas de 4x4 m, un impresionante complemento para su espacio exterior. Fabricado en aleaci\u00f3n de aluminio de alta calidad, este cenador combina elegancia, funcionalidad y durabilidad para crear una experiencia al aire libre sin igual. Con su elegante dise\u00f1o de lamas, podr\u00e1 disfrutar de una ventilaci\u00f3n y un control de la luz \u00f3ptimos, por lo que es perfecto para una gran variedad de actividades y reuniones al aire libre.<\/p>\n<hr \/>\n<h3><strong>Caracter\u00edsticas principales<\/strong><\/h3>\n<ol>\n<li>\n<p id=\"\"><strong>Aleaci\u00f3n de aluminio de alta calidad<\/strong>: Fabricado en aleaci\u00f3n de aluminio duradero, el cenador est\u00e1 construido para soportar los elementos, proporcionando una protecci\u00f3n duradera y disfrute.<\/p>\n<\/li>\n<li>\n<p id=\"\"><strong>Dise\u00f1o de persianas<\/strong>: Los paneles de la cubierta de lamas permiten una excelente ventilaci\u00f3n y control de la luz, creando un espacio exterior sombreado y confortable.<\/p>\n<\/li>\n<li>\n<p id=\"\"><strong>Interior espacioso<\/strong>: Con una generosa superficie de 4x4 m, el cenador ofrece mucho espacio para comer, descansar y recibir invitados.<\/p>\n<\/li>\n<li>\n<p id=\"\"><strong>Resistente al \u00f3xido<\/strong>: La construcci\u00f3n de aluminio es resistente al \u00f3xido, lo que garantiza que su cenador se mantenga en perfectas condiciones durante a\u00f1os.<\/p>\n<\/li>\n<li>\n<p id=\"\"><strong>Opciones personalizables<\/strong>: Elija entre una gama de colores, acabados y accesorios para adaptar el cenador a sus necesidades y preferencias espec\u00edficas.<\/p>\n<\/li>\n<li>\n<p id=\"\"><strong>F\u00e1cil instalaci\u00f3n<\/strong>: El cenador viene con instrucciones de instalaci\u00f3n completas, por lo que es f\u00e1cil de configurar y listo para usar en ning\u00fan momento.<\/p>\n<\/li>\n<li>\n<p id=\"\"><strong>Bajo mantenimiento<\/strong>: Con un mantenimiento m\u00ednimo, puede pasar m\u00e1s tiempo disfrutando de su cenador y menos tiempo preocup\u00e1ndose por el mantenimiento.<\/p>\n<\/li>\n<\/ol>\n<hr \/>\n<h3><strong>Especificaciones t\u00e9cnicas<\/strong><\/h3>\n<ul>\n<li><strong>Dimensiones<\/strong>: 4m x 4m<\/li>\n<li><strong>Material<\/strong>: Aleaci\u00f3n de aluminio de alta calidad<\/li>\n<li><strong>Tipo de tejado<\/strong>: Persiana<\/li>\n<li><strong>Opciones de color<\/strong>: [colores negro\/blanco\/marr\u00f3n]<\/li>\n<li><strong>Tiempo de montaje<\/strong>: [1 d\u00eda]<\/li>\n<li><strong>Garant\u00eda<\/strong>: [m\u00e1s de 10+a\u00f1os]<\/li>\n<\/ul>\n<figure id=\"attachment_16950\" aria-describedby=\"caption-attachment-16950\" style=\"width: 1024px\" class=\"wp-caption alignnone\"><img loading=\"lazy\" decoding=\"async\" class=\"wp-image-16950\" src=\"https:\/\/meterny.com\/wp-content\/uploads\/2024\/09\/About-Meterny@3x.png\" alt=\"P\u00e9rgola de aluminio de Meterny Comparaci\u00f3n con otras p\u00e9rgolas\" width=\"1024\" height=\"1447\" srcset=\"https:\/\/meterny.com\/wp-content\/uploads\/2024\/09\/About-Meterny@3x.png 1787w, https:\/\/meterny.com\/wp-content\/uploads\/2024\/09\/About-Meterny@3x-212x300.png 212w, https:\/\/meterny.com\/wp-content\/uploads\/2024\/09\/About-Meterny@3x-724x1024.png 724w, https:\/\/meterny.com\/wp-content\/uploads\/2024\/09\/About-Meterny@3x-768x1086.png 768w, https:\/\/meterny.com\/wp-content\/uploads\/2024\/09\/About-Meterny@3x-1087x1536.png 1087w, https:\/\/meterny.com\/wp-content\/uploads\/2024\/09\/About-Meterny@3x-1449x2048.png 1449w, https:\/\/meterny.com\/wp-content\/uploads\/2024\/09\/About-Meterny@3x-600x848.png 600w\" sizes=\"auto, (max-width: 1024px) 100vw, 1024px\" \/><figcaption id=\"caption-attachment-16950\" class=\"wp-caption-text\">P\u00e9rgolas Meterny frente a p\u00e9rgolas tradicionales: caracter\u00edsticas superiores<\/figcaption><\/figure>\n<h3><strong>4x4m Louver Aluminium Gazebo Ofrece una Mezcla Perfecta de Estilo, Funcionalidad y Durabilidad<\/strong><\/h3>\n<hr \/>\n<p id=\"\">El cenador de aluminio con persianas de 4x4 m es m\u00e1s que una simple estructura de exterior; es un santuario que ofrece una combinaci\u00f3n perfecta de estilo, funcionalidad y durabilidad. Tanto si desea crear un rinc\u00f3n acogedor en su jard\u00edn, un comedor privado o un lugar de descanso a la sombra, este cenador lo tiene todo.<\/p>\n<h3><strong>Dise\u00f1o elegante<\/strong><\/h3>\n<p id=\"\">Con su dise\u00f1o elegante y moderno, el cenador de aluminio con lamas de 4x4 m a\u00f1ade un toque de sofisticaci\u00f3n a su espacio exterior. Los paneles del techo de lamas no s\u00f3lo proporcionan sombra y privacidad, sino que tambi\u00e9n a\u00f1aden un atractivo est\u00e9tico \u00fanico a su jard\u00edn o patio. Las elegantes l\u00edneas y el aspecto contempor\u00e1neo del cenador complementar\u00e1n cualquier decoraci\u00f3n de exterior, convirti\u00e9ndolo en el centro de atenci\u00f3n de su propiedad.<\/p>\n<h3><strong>Funcionalidad<\/strong><\/h3>\n<p id=\"\">El dise\u00f1o de lamas del cenador no es s\u00f3lo est\u00e9tico, sino tambi\u00e9n incre\u00edblemente funcional. Las lamas ajustables le permiten controlar la cantidad de luz y ventilaci\u00f3n que entra en el cenador, creando un entorno perfecto para cualquier ocasi\u00f3n. Tanto si desea disfrutar de un soleado desayuno como de una acogedora reuni\u00f3n nocturna, las lamas pueden ajustarse a sus necesidades.<\/p>\n<h3><strong>Durabilidad<\/strong><\/h3>\n<p id=\"\">Fabricado con una aleaci\u00f3n de aluminio de alta calidad, el cenador de aluminio con persianas de 4x4 m est\u00e1 hecho para durar. La construcci\u00f3n de aluminio es resistente al \u00f3xido y a la intemperie, lo que garantiza que su cenador se mantenga en perfectas condiciones, incluso en las estaciones m\u00e1s duras. El fuerte armaz\u00f3n del cenador y los materiales duraderos proporcionan una estructura estable y fiable, capaz de soportar incluso los muebles y accesorios de exterior m\u00e1s pesados.<\/p>\n<h3><strong>Usos vers\u00e1tiles<\/strong><\/h3>\n<p id=\"\">La versatilidad del cenador de aluminio con persianas de 4x4 m lo convierte en una excelente opci\u00f3n para una gran variedad de actividades y reuniones al aire libre. Util\u00edcelo como zona de comedor para comidas al aire libre, como tumbona para relajarse con un buen libro o como zona de entretenimiento para recibir a amigos y familiares. El espacioso interior del cenador ofrece mucho espacio para todas sus necesidades al aire libre, lo que lo convierte en un espacio multifuncional.<\/p>\n<h3><strong>F\u00e1cil mantenimiento<\/strong><\/h3>\n<p id=\"\">A diferencia de los cenadores de madera tradicionales, la construcci\u00f3n de aluminio del cenador de aluminio con persianas de 4x4 m requiere un mantenimiento m\u00ednimo. Sin necesidad de pintura o sellado, puede pasar m\u00e1s tiempo disfrutando de su cenador y menos tiempo preocup\u00e1ndose por el mantenimiento. Simplemente limpie el cenador con una soluci\u00f3n de jab\u00f3n suave y agua, y se ver\u00e1 como nuevo en los a\u00f1os venideros.<\/p>\n<h3><strong>Opciones personalizables<\/strong><\/h3>\n<p id=\"\">\u00bfDesea adaptar el cenador a sus necesidades y preferencias espec\u00edficas? Ofrecemos una amplia gama de opciones personalizables, incluidos colores, acabados y accesorios. Elija entre una variedad de colores impresionantes para combinar con su decoraci\u00f3n exterior, o a\u00f1ada accesorios como cortinas, iluminaci\u00f3n y ventiladores para mejorar su experiencia al aire libre.<\/p>\n<h3>Si desea conocer m\u00e1s detalles, haga clic en este enlace de youtube:<a href=\"https:\/\/youtu.be\/XBnrx0OJS2g\" target=\"_blank\" rel=\"noopener\">https:\/\/youtu.be\/XBnrx0OJS2g<\/a><\/h3>\n<figure id=\"attachment_20288\" aria-describedby=\"caption-attachment-20288\" style=\"width: 1024px\" class=\"wp-caption alignnone\"><img loading=\"lazy\" decoding=\"async\" class=\"wp-image-20288\" src=\"https:\/\/meterny.com\/wp-content\/uploads\/2024\/10\/WPC-Colour-Card@3x.png\" alt=\"Dise\u00f1o de prevenci\u00f3n de fugas de agua de la p\u00e9rgola de aluminio de Meterny\" width=\"1024\" height=\"1024\" srcset=\"https:\/\/meterny.com\/wp-content\/uploads\/2024\/10\/WPC-Colour-Card@3x.png 800w, https:\/\/meterny.com\/wp-content\/uploads\/2024\/10\/WPC-Colour-Card@3x-300x300.png 300w, https:\/\/meterny.com\/wp-content\/uploads\/2024\/10\/WPC-Colour-Card@3x-150x150.png 150w, https:\/\/meterny.com\/wp-content\/uploads\/2024\/10\/WPC-Colour-Card@3x-768x768.png 768w, https:\/\/meterny.com\/wp-content\/uploads\/2024\/10\/WPC-Colour-Card@3x-600x600.png 600w, https:\/\/meterny.com\/wp-content\/uploads\/2024\/10\/WPC-Colour-Card@3x-100x100.png 100w\" sizes=\"auto, (max-width: 1024px) 100vw, 1024px\" \/><figcaption id=\"caption-attachment-20288\" class=\"wp-caption-text\">Innovador dise\u00f1o de prevenci\u00f3n de fugas de agua de Meterny<\/figcaption><\/figure>\n<figure id=\"attachment_16951\" aria-describedby=\"caption-attachment-16951\" style=\"width: 1024px\" class=\"wp-caption alignnone\"><img loading=\"lazy\" decoding=\"async\" class=\"wp-image-16951\" src=\"https:\/\/meterny.com\/wp-content\/uploads\/2024\/09\/\u753b\u677f-16@3x.png\" alt=\"P\u00e9rgola de Aluminio Meterny dise\u00f1o exclusivo patentado\" width=\"1024\" height=\"1448\" srcset=\"https:\/\/meterny.com\/wp-content\/uploads\/2024\/09\/\u753b\u677f-16@3x.png 1787w, https:\/\/meterny.com\/wp-content\/uploads\/2024\/09\/\u753b\u677f-16@3x-212x300.png 212w, https:\/\/meterny.com\/wp-content\/uploads\/2024\/09\/\u753b\u677f-16@3x-724x1024.png 724w, https:\/\/meterny.com\/wp-content\/uploads\/2024\/09\/\u753b\u677f-16@3x-768x1086.png 768w, https:\/\/meterny.com\/wp-content\/uploads\/2024\/09\/\u753b\u677f-16@3x-1086x1536.png 1086w, https:\/\/meterny.com\/wp-content\/uploads\/2024\/09\/\u753b\u677f-16@3x-1448x2048.png 1448w, https:\/\/meterny.com\/wp-content\/uploads\/2024\/09\/\u753b\u677f-16@3x-600x848.png 600w\" sizes=\"auto, (max-width: 1024px) 100vw, 1024px\" \/><figcaption id=\"caption-attachment-16951\" class=\"wp-caption-text\">Dise\u00f1o patentado de Meterny: Una p\u00e9rgola sin igual<\/figcaption><\/figure>\n<h3>\u00bfPor qu\u00e9 elegir el cenador de aluminio con lamas de 4x4m de Meterny?<\/h3>\n<ol>\n<li>\n<p id=\"\"><strong>Durabilidad y resistencia a la intemperie<\/strong>: El cenador est\u00e1 fabricado en aluminio de alta calidad, conocido por su solidez y resistencia a la oxidaci\u00f3n y la corrosi\u00f3n. Esto garantiza que el cenador resistir\u00e1 los elementos, durando muchos a\u00f1os incluso en condiciones clim\u00e1ticas adversas.<\/p>\n<\/li>\n<li>\n<p id=\"\"><strong>Rejillas ajustables para un confort personalizado<\/strong>: Los paneles del tejado de lamas se pueden ajustar para controlar la cantidad de luz solar, sombra y ventilaci\u00f3n que entra en el cenador. Esta caracter\u00edstica le permite crear un espacio exterior personalizado que se adapte a sus necesidades y preferencias, tanto si desea disfrutar de una tarde soleada como de un fresco retiro a la sombra.<\/p>\n<\/li>\n<li>\n<p id=\"\"><strong>Dise\u00f1o espacioso y vers\u00e1til<\/strong>: Con una superficie de 4x4 m, el cenador ofrece un amplio espacio para diversas actividades. Es perfecto para celebrar reuniones familiares, encuentros informales con amigos o simplemente para disfrutar de un rato tranquilo al aire libre. Su dise\u00f1o vers\u00e1til lo hace adecuado tanto para espacios exteriores residenciales como comerciales.<\/p>\n<\/li>\n<li>\n<p id=\"\"><strong>Est\u00e9tica elegante y moderna<\/strong>: El dise\u00f1o elegante y moderno del cenador Meterny a\u00f1ade un toque de sofisticaci\u00f3n a cualquier zona exterior. Sus elegantes l\u00edneas y est\u00e9tica contempor\u00e1nea complementar\u00e1n su decoraci\u00f3n exterior, mejorando el aspecto general y la sensaci\u00f3n de su jard\u00edn, patio o patio trasero.<\/p>\n<\/li>\n<li>\n<p id=\"\"><strong>Bajo mantenimiento<\/strong>: A diferencia de los cenadores de madera tradicionales, la construcci\u00f3n de aluminio del cenador Meterny requiere un mantenimiento m\u00ednimo. Esto significa que puede pasar m\u00e1s tiempo disfrutando de su cenador y menos tiempo preocup\u00e1ndose por el mantenimiento.<\/p>\n<\/li>\n<li>\n<p id=\"\"><strong>Excelente servicio de atenci\u00f3n al cliente<\/strong>: Meterny ofrece un servicio de atenci\u00f3n al cliente excepcional, que le garantiza una experiencia positiva desde la consulta hasta la instalaci\u00f3n. Nuestro equipo de expertos se dedica a proporcionar apoyo y asistencia para ayudarle a tomar la mejor decisi\u00f3n para su espacio al aire libre.<\/p>\n<\/li>\n<li>\n<p id=\"\"><strong>Relaci\u00f3n calidad-precio<\/strong>: Considerando su calidad superior, dise\u00f1o elegante y funcionalidad vers\u00e1til, el Gazebo de Aluminio Meterny 4x4m Louver ofrece una relaci\u00f3n calidad-precio excepcional. Es una inversi\u00f3n en su vida al aire libre que proporcionar\u00e1 disfrute y comodidad duraderos.<\/p>\n<\/li>\n<\/ol>\n<p id=\"\">En conclusi\u00f3n, el cenador de aluminio con persianas de 4x4 m de Meterny es una gran elecci\u00f3n para cualquiera que desee mejorar su experiencia de vida al aire libre con un cenador duradero, elegante y vers\u00e1til.<\/p>","protected":false},"excerpt":{"rendered":"<p>Cree un refugio exterior elegante y resistente a la intemperie con el pabell\u00f3n impermeable met\u00e1lico de aluminio, que combina un dise\u00f1o elegante con un rendimiento duradero.<\/p>","protected":false},"featured_media":18300,"comment_status":"open","ping_status":"closed","template":"","meta":{"_uag_custom_page_level_css":"","site-sidebar-layout":"default","site-content-layout":"","ast-site-content-layout":"default","site-content-style":"default","site-sidebar-style":"default","ast-global-header-display":"","ast-banner-title-visibility":"","ast-main-header-display":"","ast-hfb-above-header-display":"","ast-hfb-below-header-display":"","ast-hfb-mobile-header-display":"","site-post-title":"","ast-breadcrumbs-content":"","ast-featured-img":"","footer-sml-layout":"","theme-transparent-header-meta":"default","adv-header-id-meta":"","stick-header-meta":"default","header-above-stick-meta":"","header-main-stick-meta":"","header-below-stick-meta":"","astra-migrate-meta-layouts":"set","ast-page-background-enabled":"default","ast-page-background-meta":{"desktop":{"background-color":"var(--ast-global-color-4)","background-image":"","background-repeat":"repeat","background-position":"center center","background-size":"auto","background-attachment":"scroll","background-type":"","background-media":"","overlay-type":"","overlay-color":"","overlay-opacity":"","overlay-gradient":""},"tablet":{"background-color":"","background-image":"","background-repeat":"repeat","background-position":"center center","background-size":"auto","background-attachment":"scroll","background-type":"","background-media":"","overlay-type":"","overlay-color":"","overlay-opacity":"","overlay-gradient":""},"mobile":{"background-color":"","background-image":"","background-repeat":"repeat","background-position":"center center","background-size":"auto","background-attachment":"scroll","background-type":"","background-media":"","overlay-type":"","overlay-color":"","overlay-opacity":"","overlay-gradient":""}},"ast-content-background-meta":{"desktop":{"background-color":"var(--ast-global-color-5)","background-image":"","background-repeat":"repeat","background-position":"center center","background-size":"auto","background-attachment":"scroll","background-type":"","background-media":"","overlay-type":"","overlay-color":"","overlay-opacity":"","overlay-gradient":""},"tablet":{"background-color":"var(--ast-global-color-5)","background-image":"","background-repeat":"repeat","background-position":"center center","background-size":"auto","background-attachment":"scroll","background-type":"","background-media":"","overlay-type":"","overlay-color":"","overlay-opacity":"","overlay-gradient":""},"mobile":{"background-color":"var(--ast-global-color-5)","background-image":"","background-repeat":"repeat","background-position":"center center","background-size":"auto","background-attachment":"scroll","background-type":"","background-media":"","overlay-type":"","overlay-color":"","overlay-opacity":"","overlay-gradient":""}}},"product_brand":[],"product_cat":[18],"product_tag":[219,217,218,216],"class_list":{"0":"post-18130","1":"product","2":"type-product","3":"status-publish","4":"has-post-thumbnail","6":"product_cat-uncategorized","7":"product_tag-aluminum-metal-waterproof-pergola","8":"product_tag-aluminum-pavilion","9":"product_tag-metal-pavilion","10":"product_tag-waterproof-pavilion","11":"desktop-align-center","12":"tablet-align-left","13":"mobile-align-left","14":"ast-product-gallery-layout-horizontal-slider","15":"ast-product-single-variable","16":"ast-product-tabs-layout-vertical","18":"first","19":"instock","20":"shipping-taxable","21":"product-type-variable"},"uagb_featured_image_src":{"full":["https:\/\/meterny.com\/wp-content\/uploads\/2024\/10\/6-1-1.png",2560,1280,false],"thumbnail":["https:\/\/meterny.com\/wp-content\/uploads\/2024\/10\/6-1-1-150x150.png",150,150,true],"medium":["https:\/\/meterny.com\/wp-content\/uploads\/2024\/10\/6-1-1-300x150.png",300,150,true],"medium_large":["https:\/\/meterny.com\/wp-content\/uploads\/2024\/10\/6-1-1-768x384.png",768,384,true],"large":["https:\/\/meterny.com\/wp-content\/uploads\/2024\/10\/6-1-1-1024x512.png",1024,512,true],"1536x1536":["https:\/\/meterny.com\/wp-content\/uploads\/2024\/10\/6-1-1-1536x768.png",1536,768,true],"2048x2048":["https:\/\/meterny.com\/wp-content\/uploads\/2024\/10\/6-1-1-2048x1024.png",2048,1024,true],"trp-custom-language-flag":["https:\/\/meterny.com\/wp-content\/uploads\/2024\/10\/6-1-1.png",18,9,false],"woocommerce_thumbnail":["https:\/\/meterny.com\/wp-content\/uploads\/2024\/10\/6-1-1-300x300.png",300,300,true],"woocommerce_single":["https:\/\/meterny.com\/wp-content\/uploads\/2024\/10\/6-1-1-600x300.png",600,300,true],"woocommerce_gallery_thumbnail":["https:\/\/meterny.com\/wp-content\/uploads\/2024\/10\/6-1-1-100x100.png",100,100,true]},"uagb_author_info":{"display_name":"meterny","author_link":"https:\/\/meterny.com\/es\/author\/"},"uagb_comment_info":0,"uagb_excerpt":"Create a stylish and weather-resistant outdoor haven with the Aluminum Metal Waterproof Pavilion, combining sleek design with durable performance.","_links":{"self":[{"href":"https:\/\/meterny.com\/es\/wp-json\/wp\/v2\/product\/18130","targetHints":{"allow":["GET"]}}],"collection":[{"href":"https:\/\/meterny.com\/es\/wp-json\/wp\/v2\/product"}],"about":[{"href":"https:\/\/meterny.com\/es\/wp-json\/wp\/v2\/types\/product"}],"replies":[{"embeddable":true,"href":"https:\/\/meterny.com\/es\/wp-json\/wp\/v2\/comments?post=18130"}],"wp:featuredmedia":[{"embeddable":true,"href":"https:\/\/meterny.com\/es\/wp-json\/wp\/v2\/media\/18300"}],"wp:attachment":[{"href":"https:\/\/meterny.com\/es\/wp-json\/wp\/v2\/media?parent=18130"}],"wp:term":[{"taxonomy":"product_brand","embeddable":true,"href":"https:\/\/meterny.com\/es\/wp-json\/wp\/v2\/product_brand?post=18130"},{"taxonomy":"product_cat","embeddable":true,"href":"https:\/\/meterny.com\/es\/wp-json\/wp\/v2\/product_cat?post=18130"},{"taxonomy":"product_tag","embeddable":true,"href":"https:\/\/meterny.com\/es\/wp-json\/wp\/v2\/product_tag?post=18130"}],"curies":[{"name":"wp","href":"https:\/\/api.w.org\/{rel}","templated":true}]}}