{"id":18161,"date":"2024-10-10T13:43:56","date_gmt":"2024-10-10T13:43:56","guid":{"rendered":"https:\/\/meterny.com\/?post_type=product&#038;p=18161"},"modified":"2025-05-24T02:04:28","modified_gmt":"2025-05-24T02:04:28","slug":"3x3m-louver-aluminium-gazebo-aluminium-pergola","status":"publish","type":"product","link":"https:\/\/meterny.com\/es\/producto\/3x3m-louver-aluminium-gazebo-aluminium-pergola\/","title":{"rendered":"3X3m Louver Aluminium Gazebo Morden Aluminium Pergola Outdoor Aluminium Pavilion Garden Gazebos"},"content":{"rendered":"<h2 style=\"text-align: center;\">3X3m Louver Aluminium Gazebo Morden Aluminium Pergola Outdoor Aluminium Pavilion Garden Gazebos<\/h2>\n<p><strong>Tipo<\/strong>: 3X3m Louver Aluminio Gazebo<\/p>\n<p><strong>Talla<\/strong>: personalizado<\/p>\n<p><strong>Superficie<\/strong>Revestimiento\/pintura a medida<\/p>\n<p><strong>Color<\/strong>: personalizado<\/p>\n<p><strong>Longitud<\/strong>: Personalizado<\/p>\n<p><strong>Material<\/strong>: Aleaci\u00f3n de aluminio de alta gama<\/p>\n<p><strong>Tecnolog\u00eda del producto<\/strong>: Meterny Sistema antifugas AquaGuard<\/p>\n<figure id=\"attachment_18299\" aria-describedby=\"caption-attachment-18299\" style=\"width: 1024px\" class=\"wp-caption alignnone\"><img loading=\"lazy\" decoding=\"async\" class=\"wp-image-18299\" src=\"https:\/\/meterny.com\/wp-content\/uploads\/2024\/10\/6.png\" alt=\"Gazebo de aluminio con persianas 3X3m\" width=\"1024\" height=\"512\" srcset=\"https:\/\/meterny.com\/wp-content\/uploads\/2024\/10\/6.png 2560w, https:\/\/meterny.com\/wp-content\/uploads\/2024\/10\/6-300x150.png 300w, https:\/\/meterny.com\/wp-content\/uploads\/2024\/10\/6-1024x512.png 1024w, https:\/\/meterny.com\/wp-content\/uploads\/2024\/10\/6-768x384.png 768w, https:\/\/meterny.com\/wp-content\/uploads\/2024\/10\/6-1536x768.png 1536w, https:\/\/meterny.com\/wp-content\/uploads\/2024\/10\/6-2048x1024.png 2048w, https:\/\/meterny.com\/wp-content\/uploads\/2024\/10\/6-600x300.png 600w\" sizes=\"auto, (max-width: 1024px) 100vw, 1024px\" \/><figcaption id=\"caption-attachment-18299\" class=\"wp-caption-text\">P\u00e9rgola de Aluminio Negro: Una declaraci\u00f3n audaz para la elegancia al aire libre<\/figcaption><\/figure>\n<h3>Productos<\/h3>\n<p id=\"\"><strong>Nombre del producto<\/strong>: 3X3m Louver Aluminio Gazebo<br \/>\n<strong>Marca<\/strong>: Meterny<br \/>\n<strong>Material<\/strong>: Aleaci\u00f3n de aluminio de alta calidad<br \/>\n<strong>Talla<\/strong>: 3\u00d73 metros (personalizable seg\u00fan las necesidades del cliente)<br \/>\n<strong>Color<\/strong>: M\u00faltiples colores disponibles, personalizables<br \/>\n<strong>Funci\u00f3n<\/strong>: Parasol, impermeable, ocio al aire libre<\/p>\n<hr \/>\n<h3>Caracter\u00edsticas del producto<\/h3>\n<ol>\n<li>\n<p id=\"\"><strong>Durabilidad y resistencia a la intemperie<\/strong>: Fabricado en aleaci\u00f3n de aluminio de alta calidad, lo que garantiza una estructura robusta y duradera que puede soportar diversas condiciones clim\u00e1ticas, proporcionando una soluci\u00f3n de sombreado fiable para espacios al aire libre.<\/p>\n<\/li>\n<li>\n<p id=\"\"><strong>Personalizaci\u00f3n y versatilidad<\/strong>: Adecuado para m\u00faltiples escenarios, incluyendo terrazas, jardines, casas de campo, patios y zonas de playa, por lo que es una opci\u00f3n ideal para los usuarios que buscan soluciones flexibles para espacios al aire libre.<\/p>\n<\/li>\n<li>\n<p id=\"\"><strong>Impermeable y transpirable<\/strong>: Equipada con un techo de lona impermeable y cortinas laterales, proporciona a los usuarios un espacio exterior seco y c\u00f3modo, adecuado para actividades al aire libre o reuniones informales.<\/p>\n<\/li>\n<li>\n<p id=\"\"><strong>F\u00e1cil instalaci\u00f3n y mantenimiento<\/strong>: Dise\u00f1ado con simplicidad, el proceso de instalaci\u00f3n y mantenimiento es sencillo y f\u00e1cil, lo que permite a los usuarios disfrutar de su espacio exterior sin complicaciones.<\/p>\n<\/li>\n<li>\n<p id=\"\"><strong>Dise\u00f1o moderno<\/strong>: Con un dise\u00f1o moderno, el tama\u00f1o de 3\u00d73 metros garantiza una adaptaci\u00f3n perfecta a los espacios exteriores, satisfaciendo las expectativas de los usuarios de dise\u00f1os de cenadores contempor\u00e1neos.<\/p>\n<\/li>\n<\/ol>\n<hr \/>\n<h3>Especificaciones t\u00e9cnicas<\/h3>\n<ul>\n<li><strong>Material del marco<\/strong>: Aleaci\u00f3n de aluminio<\/li>\n<li><strong>Material del tejado<\/strong>: Lona impermeable<\/li>\n<li><strong>Material de la cortina lateral<\/strong>: Tejido impermeable<\/li>\n<li><strong>Tipo de estructura<\/strong>: Retr\u00e1ctil\/fijo (seg\u00fan modelos espec\u00edficos)<\/li>\n<li><strong>Opciones de color<\/strong>: M\u00faltiples colores disponibles, personalizables<\/li>\n<li><strong>Peso<\/strong>: Var\u00eda en funci\u00f3n de los modelos y configuraciones espec\u00edficos<\/li>\n<li><strong>Embalaje<\/strong>: Una pieza por caja, dimensiones y peso detallados del embalaje, consulte con el servicio de atenci\u00f3n al cliente<\/li>\n<\/ul>\n<hr \/>\n<h3>Escenarios de aplicaci\u00f3n<\/h3>\n<ul>\n<li><strong>Jard\u00edn<\/strong>: A\u00f1ada un elegante rinc\u00f3n sombreado a su jard\u00edn.<\/li>\n<li><strong>Terraza<\/strong>: Proporcione una c\u00f3moda zona de descanso para su terraza.<\/li>\n<li><strong>Playa<\/strong>: Instale en la playa un \u00e1rea de descanso temporal a la sombra y a prueba de lluvia.<\/li>\n<li><strong>Patio<\/strong>: Instala un cenador que d\u00e9 sombra en tu jard\u00edn.<\/li>\n<li><strong>Reuniones al aire libre<\/strong>: Ofrecen un lugar seco y c\u00f3modo para reuniones al aire libre.<\/li>\n<\/ul>\n<figure id=\"attachment_20288\" aria-describedby=\"caption-attachment-20288\" style=\"width: 1024px\" class=\"wp-caption alignnone\"><img loading=\"lazy\" decoding=\"async\" class=\"wp-image-20288\" src=\"https:\/\/meterny.com\/wp-content\/uploads\/2024\/10\/WPC-Colour-Card@3x.png\" alt=\"Dise\u00f1o de prevenci\u00f3n de fugas de agua de la p\u00e9rgola de aluminio de Meterny\" width=\"1024\" height=\"1024\" srcset=\"https:\/\/meterny.com\/wp-content\/uploads\/2024\/10\/WPC-Colour-Card@3x.png 800w, https:\/\/meterny.com\/wp-content\/uploads\/2024\/10\/WPC-Colour-Card@3x-300x300.png 300w, https:\/\/meterny.com\/wp-content\/uploads\/2024\/10\/WPC-Colour-Card@3x-150x150.png 150w, https:\/\/meterny.com\/wp-content\/uploads\/2024\/10\/WPC-Colour-Card@3x-768x768.png 768w, https:\/\/meterny.com\/wp-content\/uploads\/2024\/10\/WPC-Colour-Card@3x-600x600.png 600w, https:\/\/meterny.com\/wp-content\/uploads\/2024\/10\/WPC-Colour-Card@3x-100x100.png 100w\" sizes=\"auto, (max-width: 1024px) 100vw, 1024px\" \/><figcaption id=\"caption-attachment-20288\" class=\"wp-caption-text\">Innovador dise\u00f1o de prevenci\u00f3n de fugas de agua de Meterny<\/figcaption><\/figure>\n<h3><strong>Breve introducci\u00f3n del Gazebo de aluminio con persianas de 3x3m<\/strong><\/h3>\n<p id=\"\">Experimente la combinaci\u00f3n perfecta de estilo y funcionalidad con nuestro cenador de aluminio con persianas de 3x3 m. Fabricado a partir de una aleaci\u00f3n de aluminio de alta calidad, este cenador ofrece una estructura robusta y resistente a la intemperie, perfecta para crear un espacio al aire libre sombreado y confortable. El dise\u00f1o de lamas permite una excelente ventilaci\u00f3n y control de la luz, por lo que es ideal para diversas actividades al aire libre o reuniones informales. Con su est\u00e9tica moderna y sus opciones personalizables, este cenador mejorar\u00e1 su experiencia de vida al aire libre. F\u00e1cil de instalar y mantener, es el complemento perfecto para su jard\u00edn, terraza o patio.<\/p>\n<p>&nbsp;<\/p>\n<figure id=\"attachment_16951\" aria-describedby=\"caption-attachment-16951\" style=\"width: 1024px\" class=\"wp-caption alignnone\"><img loading=\"lazy\" decoding=\"async\" class=\"wp-image-16951\" src=\"https:\/\/meterny.com\/wp-content\/uploads\/2024\/09\/\u753b\u677f-16@3x.png\" alt=\"P\u00e9rgola de Aluminio Meterny dise\u00f1o exclusivo patentado\" width=\"1024\" height=\"1448\" srcset=\"https:\/\/meterny.com\/wp-content\/uploads\/2024\/09\/\u753b\u677f-16@3x.png 1787w, https:\/\/meterny.com\/wp-content\/uploads\/2024\/09\/\u753b\u677f-16@3x-212x300.png 212w, https:\/\/meterny.com\/wp-content\/uploads\/2024\/09\/\u753b\u677f-16@3x-724x1024.png 724w, https:\/\/meterny.com\/wp-content\/uploads\/2024\/09\/\u753b\u677f-16@3x-768x1086.png 768w, https:\/\/meterny.com\/wp-content\/uploads\/2024\/09\/\u753b\u677f-16@3x-1086x1536.png 1086w, https:\/\/meterny.com\/wp-content\/uploads\/2024\/09\/\u753b\u677f-16@3x-1448x2048.png 1448w, https:\/\/meterny.com\/wp-content\/uploads\/2024\/09\/\u753b\u677f-16@3x-600x848.png 600w\" sizes=\"auto, (max-width: 1024px) 100vw, 1024px\" \/><figcaption id=\"caption-attachment-16951\" class=\"wp-caption-text\">Dise\u00f1o patentado de Meterny: Una p\u00e9rgola sin igual<\/figcaption><\/figure>\n<h3>Si desea conocer m\u00e1s detalles, haga clic en este enlace de youtube:<a href=\"https:\/\/youtu.be\/88PIb9PK7Bk\" target=\"_blank\" rel=\"noopener\">https:\/\/youtu.be\/88PIb9PK7Bk<\/a><\/h3>\n<figure id=\"attachment_16950\" aria-describedby=\"caption-attachment-16950\" style=\"width: 1024px\" class=\"wp-caption alignnone\"><img loading=\"lazy\" decoding=\"async\" class=\"wp-image-16950\" src=\"https:\/\/meterny.com\/wp-content\/uploads\/2024\/09\/About-Meterny@3x.png\" alt=\"P\u00e9rgola de aluminio de Meterny Comparaci\u00f3n con otras p\u00e9rgolas\" width=\"1024\" height=\"1447\" srcset=\"https:\/\/meterny.com\/wp-content\/uploads\/2024\/09\/About-Meterny@3x.png 1787w, https:\/\/meterny.com\/wp-content\/uploads\/2024\/09\/About-Meterny@3x-212x300.png 212w, https:\/\/meterny.com\/wp-content\/uploads\/2024\/09\/About-Meterny@3x-724x1024.png 724w, https:\/\/meterny.com\/wp-content\/uploads\/2024\/09\/About-Meterny@3x-768x1086.png 768w, https:\/\/meterny.com\/wp-content\/uploads\/2024\/09\/About-Meterny@3x-1087x1536.png 1087w, https:\/\/meterny.com\/wp-content\/uploads\/2024\/09\/About-Meterny@3x-1449x2048.png 1449w, https:\/\/meterny.com\/wp-content\/uploads\/2024\/09\/About-Meterny@3x-600x848.png 600w\" sizes=\"auto, (max-width: 1024px) 100vw, 1024px\" \/><figcaption id=\"caption-attachment-16950\" class=\"wp-caption-text\">P\u00e9rgolas Meterny frente a p\u00e9rgolas tradicionales: caracter\u00edsticas superiores<\/figcaption><\/figure>\n<h3>Gu\u00eda de compra<\/h3>\n<ol>\n<li><strong>Seleccione marca y modelo<\/strong>: Elija la marca y el modelo adecuados en funci\u00f3n de sus necesidades y presupuesto.<\/li>\n<li><strong>Opciones de personalizaci\u00f3n<\/strong>: Si es necesario, p\u00f3ngase en contacto con el servicio de atenci\u00f3n al cliente para la personalizaci\u00f3n, incluidos el tama\u00f1o, el color y las caracter\u00edsticas adicionales.<\/li>\n<li><strong>Realizar pedido<\/strong>: Despu\u00e9s de confirmar la informaci\u00f3n del producto y el precio, haga clic en el bot\u00f3n de compra para realizar su pedido.<\/li>\n<li><strong>Pago y env\u00edo<\/strong>: Seleccione un m\u00e9todo de pago y espere a que se env\u00ede el producto.<\/li>\n<li><strong>Recepci\u00f3n e instalaci\u00f3n<\/strong>: Al recibir el producto, siga la gu\u00eda de instalaci\u00f3n para su puesta en marcha. Si es necesario, p\u00f3ngase en contacto con el servicio de atenci\u00f3n al cliente para obtener ayuda con la instalaci\u00f3n.<\/li>\n<\/ol>\n<h3>\u00bfPor qu\u00e9 elegir el cenador de aluminio con lamas 3X3m de Meterny?<\/h3>\n<p id=\"\">Elegir el cenador de aluminio con lamas de 3x3 m de Meterny es una sabia decisi\u00f3n por varias razones de peso:<\/p>\n<ol>\n<li>\n<p id=\"\"><strong>Durabilidad y resistencia<\/strong>: Fabricado con una aleaci\u00f3n de aluminio de alta calidad, el cenador ofrece una durabilidad y resistencia excepcionales. Est\u00e1 dise\u00f1ado para resistir las inclemencias del tiempo, proporcionando una protecci\u00f3n duradera y disfrute en los a\u00f1os venideros.<\/p>\n<\/li>\n<li>\n<p id=\"\"><strong>Dise\u00f1o de lamas para un confort \u00f3ptimo<\/strong>: El dise\u00f1o de rejilla no s\u00f3lo a\u00f1ade una est\u00e9tica elegante y moderna al cenador, sino que tambi\u00e9n permite una ventilaci\u00f3n y un control de la luz superiores. De este modo, podr\u00e1 disfrutar de una experiencia confortable al aire libre, independientemente de las condiciones meteorol\u00f3gicas.<\/p>\n<\/li>\n<li>\n<p id=\"\"><strong>Opciones personalizables<\/strong>: Meterny( 3X3m Louver Aluminio Gazebo Fabricante) ofrece una gama de opciones personalizables, lo que le permite adaptar el gazebo a sus necesidades y preferencias espec\u00edficas. Tanto si prefiere un color en particular, caracter\u00edsticas adicionales, o un tama\u00f1o \u00fanico, Meterny puede satisfacer sus peticiones.<\/p>\n<\/li>\n<li>\n<p id=\"\"><strong>Facilidad de instalaci\u00f3n y mantenimiento<\/strong>: El cenador est\u00e1 dise\u00f1ado para una f\u00e1cil instalaci\u00f3n, por lo que puede montarlo r\u00e1pidamente y empezar a disfrutar de su espacio al aire libre sin problemas. Adem\u00e1s, el mantenimiento es m\u00ednimo, lo que garantiza que pueda pasar m\u00e1s tiempo disfrutando de su cenador y menos tiempo preocup\u00e1ndose por el mantenimiento.<\/p>\n<\/li>\n<li>\n<p id=\"\"><strong>Vers\u00e1til y con estilo<\/strong>: Con su moderno dise\u00f1o y su tama\u00f1o de 3x3 m, el cenador es perfecto para una gran variedad de espacios exteriores, como jardines, terrazas, patios y mucho m\u00e1s. A\u00f1ade un toque de elegancia y sofisticaci\u00f3n a su espacio al aire libre, mejorando su disfrute general.<\/p>\n<\/li>\n<li>\n<p id=\"\"><strong>Relaci\u00f3n calidad-precio<\/strong>: El cenador de Meterny ofrece una calidad y unas caracter\u00edsticas excepcionales a un precio competitivo, lo que le garantiza la mejor relaci\u00f3n calidad-precio.<\/p>\n<\/li>\n<\/ol>\n<p id=\"\">En conclusi\u00f3n, elegir el cenador de aluminio con lamas de 3x3 m de Meterny es una inversi\u00f3n inteligente en su experiencia de vida al aire libre. Con su durabilidad, opciones personalizables, facilidad de instalaci\u00f3n y mantenimiento, y dise\u00f1o elegante, es seguro que se convertir\u00e1 en una adici\u00f3n apreciada a su hogar.<\/p>\n<p>&nbsp;<\/p>","protected":false},"excerpt":{"rendered":"<p>Cree un refugio exterior elegante y resistente a la intemperie con el pabell\u00f3n impermeable met\u00e1lico de aluminio, que combina un dise\u00f1o elegante con un rendimiento duradero.<\/p>","protected":false},"featured_media":18299,"comment_status":"open","ping_status":"closed","template":"","meta":{"_uag_custom_page_level_css":"","site-sidebar-layout":"default","site-content-layout":"","ast-site-content-layout":"default","site-content-style":"default","site-sidebar-style":"default","ast-global-header-display":"","ast-banner-title-visibility":"","ast-main-header-display":"","ast-hfb-above-header-display":"","ast-hfb-below-header-display":"","ast-hfb-mobile-header-display":"","site-post-title":"","ast-breadcrumbs-content":"","ast-featured-img":"","footer-sml-layout":"","theme-transparent-header-meta":"default","adv-header-id-meta":"","stick-header-meta":"default","header-above-stick-meta":"","header-main-stick-meta":"","header-below-stick-meta":"","astra-migrate-meta-layouts":"set","ast-page-background-enabled":"default","ast-page-background-meta":{"desktop":{"background-color":"var(--ast-global-color-4)","background-image":"","background-repeat":"repeat","background-position":"center center","background-size":"auto","background-attachment":"scroll","background-type":"","background-media":"","overlay-type":"","overlay-color":"","overlay-opacity":"","overlay-gradient":""},"tablet":{"background-color":"","background-image":"","background-repeat":"repeat","background-position":"center center","background-size":"auto","background-attachment":"scroll","background-type":"","background-media":"","overlay-type":"","overlay-color":"","overlay-opacity":"","overlay-gradient":""},"mobile":{"background-color":"","background-image":"","background-repeat":"repeat","background-position":"center center","background-size":"auto","background-attachment":"scroll","background-type":"","background-media":"","overlay-type":"","overlay-color":"","overlay-opacity":"","overlay-gradient":""}},"ast-content-background-meta":{"desktop":{"background-color":"var(--ast-global-color-5)","background-image":"","background-repeat":"repeat","background-position":"center center","background-size":"auto","background-attachment":"scroll","background-type":"","background-media":"","overlay-type":"","overlay-color":"","overlay-opacity":"","overlay-gradient":""},"tablet":{"background-color":"var(--ast-global-color-5)","background-image":"","background-repeat":"repeat","background-position":"center center","background-size":"auto","background-attachment":"scroll","background-type":"","background-media":"","overlay-type":"","overlay-color":"","overlay-opacity":"","overlay-gradient":""},"mobile":{"background-color":"var(--ast-global-color-5)","background-image":"","background-repeat":"repeat","background-position":"center center","background-size":"auto","background-attachment":"scroll","background-type":"","background-media":"","overlay-type":"","overlay-color":"","overlay-opacity":"","overlay-gradient":""}}},"product_brand":[],"product_cat":[18],"product_tag":[219,217,218,216],"class_list":{"0":"post-18161","1":"product","2":"type-product","3":"status-publish","4":"has-post-thumbnail","6":"product_cat-uncategorized","7":"product_tag-aluminum-metal-waterproof-pergola","8":"product_tag-aluminum-pavilion","9":"product_tag-metal-pavilion","10":"product_tag-waterproof-pavilion","11":"desktop-align-center","12":"tablet-align-left","13":"mobile-align-left","14":"ast-product-gallery-layout-horizontal-slider","15":"ast-product-single-variable","16":"ast-product-tabs-layout-vertical","18":"first","19":"instock","20":"shipping-taxable","21":"product-type-variable"},"uagb_featured_image_src":{"full":["https:\/\/meterny.com\/wp-content\/uploads\/2024\/10\/6.png",2560,1280,false],"thumbnail":["https:\/\/meterny.com\/wp-content\/uploads\/2024\/10\/6-150x150.png",150,150,true],"medium":["https:\/\/meterny.com\/wp-content\/uploads\/2024\/10\/6-300x150.png",300,150,true],"medium_large":["https:\/\/meterny.com\/wp-content\/uploads\/2024\/10\/6-768x384.png",768,384,true],"large":["https:\/\/meterny.com\/wp-content\/uploads\/2024\/10\/6-1024x512.png",1024,512,true],"1536x1536":["https:\/\/meterny.com\/wp-content\/uploads\/2024\/10\/6-1536x768.png",1536,768,true],"2048x2048":["https:\/\/meterny.com\/wp-content\/uploads\/2024\/10\/6-2048x1024.png",2048,1024,true],"trp-custom-language-flag":["https:\/\/meterny.com\/wp-content\/uploads\/2024\/10\/6.png",18,9,false],"woocommerce_thumbnail":["https:\/\/meterny.com\/wp-content\/uploads\/2024\/10\/6-300x300.png",300,300,true],"woocommerce_single":["https:\/\/meterny.com\/wp-content\/uploads\/2024\/10\/6-600x300.png",600,300,true],"woocommerce_gallery_thumbnail":["https:\/\/meterny.com\/wp-content\/uploads\/2024\/10\/6-100x100.png",100,100,true]},"uagb_author_info":{"display_name":"meterny","author_link":"https:\/\/meterny.com\/es\/author\/"},"uagb_comment_info":0,"uagb_excerpt":"Create a stylish and weather-resistant outdoor haven with the Aluminum Metal Waterproof Pavilion, combining sleek design with durable performance.","_links":{"self":[{"href":"https:\/\/meterny.com\/es\/wp-json\/wp\/v2\/product\/18161","targetHints":{"allow":["GET"]}}],"collection":[{"href":"https:\/\/meterny.com\/es\/wp-json\/wp\/v2\/product"}],"about":[{"href":"https:\/\/meterny.com\/es\/wp-json\/wp\/v2\/types\/product"}],"replies":[{"embeddable":true,"href":"https:\/\/meterny.com\/es\/wp-json\/wp\/v2\/comments?post=18161"}],"wp:featuredmedia":[{"embeddable":true,"href":"https:\/\/meterny.com\/es\/wp-json\/wp\/v2\/media\/18299"}],"wp:attachment":[{"href":"https:\/\/meterny.com\/es\/wp-json\/wp\/v2\/media?parent=18161"}],"wp:term":[{"taxonomy":"product_brand","embeddable":true,"href":"https:\/\/meterny.com\/es\/wp-json\/wp\/v2\/product_brand?post=18161"},{"taxonomy":"product_cat","embeddable":true,"href":"https:\/\/meterny.com\/es\/wp-json\/wp\/v2\/product_cat?post=18161"},{"taxonomy":"product_tag","embeddable":true,"href":"https:\/\/meterny.com\/es\/wp-json\/wp\/v2\/product_tag?post=18161"}],"curies":[{"name":"wp","href":"https:\/\/api.w.org\/{rel}","templated":true}]}}