{"id":18192,"date":"2024-10-10T13:46:51","date_gmt":"2024-10-10T13:46:51","guid":{"rendered":"https:\/\/meterny.com\/?post_type=product&#038;p=18192"},"modified":"2025-05-24T02:06:53","modified_gmt":"2025-05-24T02:06:53","slug":"aluminum-pavilion-pergola","status":"publish","type":"product","link":"https:\/\/meterny.com\/es\/producto\/aluminum-pavilion-pergola\/","title":{"rendered":"Balc\u00f3n Pabell\u00f3n de Aluminio P\u00e9rgola Toldos Gazebo de Aluminio Apertura de Techo P\u00e9rgola Bioclim\u00e1tica Louver"},"content":{"rendered":"<h2 style=\"text-align: center;\">Balc\u00f3n Pabell\u00f3n de Aluminio P\u00e9rgola Toldos Gazebo de Aluminio Apertura de Techo P\u00e9rgola Bioclim\u00e1tica Louver<\/h2>\n<p><strong>Tipo<\/strong>: Balc\u00f3n Pabell\u00f3n de Aluminio P\u00e9rgola Toldos Gazebo de Aluminio Abertura Techo P\u00e9rgola Bioclim\u00e1tica Louver<\/p>\n<p><strong>Talla<\/strong>: personalizado<\/p>\n<p><strong>Superficie<\/strong>Revestimiento\/pintura a medida<\/p>\n<p><strong>Color<\/strong>: personalizado<\/p>\n<p><strong>Longitud<\/strong>: Personalizado<\/p>\n<p><strong>Material<\/strong>: Aleaci\u00f3n de aluminio de alta gama<\/p>\n<p><strong>Tecnolog\u00eda del producto<\/strong>: Meterny Sistema antifugas AquaGuard<\/p>\n<figure id=\"attachment_17061\" aria-describedby=\"caption-attachment-17061\" style=\"width: 1024px\" class=\"wp-caption alignnone\"><img loading=\"lazy\" decoding=\"async\" class=\"wp-image-17061\" src=\"https:\/\/meterny.com\/wp-content\/uploads\/2024\/09\/49-2.png\" alt=\"p\u00e9rgola pabell\u00f3n de aluminio\" width=\"1024\" height=\"1024\" srcset=\"https:\/\/meterny.com\/wp-content\/uploads\/2024\/09\/49-2.png 800w, https:\/\/meterny.com\/wp-content\/uploads\/2024\/09\/49-2-300x300.png 300w, https:\/\/meterny.com\/wp-content\/uploads\/2024\/09\/49-2-150x150.png 150w, https:\/\/meterny.com\/wp-content\/uploads\/2024\/09\/49-2-768x768.png 768w, https:\/\/meterny.com\/wp-content\/uploads\/2024\/09\/49-2-600x600.png 600w, https:\/\/meterny.com\/wp-content\/uploads\/2024\/09\/49-2-100x100.png 100w\" sizes=\"auto, (max-width: 1024px) 100vw, 1024px\" \/><figcaption id=\"caption-attachment-17061\" class=\"wp-caption-text\">P\u00e9rgola de aluminio blanco para disfrutar de un confortable descanso al aire libre<\/figcaption><\/figure>\n<p>La P\u00e9rgola Pabell\u00f3n de Aluminio ofrece la soluci\u00f3n perfecta para crear un espacio exterior protegido, ideal para jardines, patios o zonas junto a piscinas. Construida con aluminio de primera calidad, esta p\u00e9rgola de aluminio ofrece una s\u00f3lida protecci\u00f3n contra los elementos gracias a su dise\u00f1o impermeable. La elegante y moderna estructura est\u00e1 dise\u00f1ada para durar, ofreciendo una soluci\u00f3n duradera y de bajo mantenimiento para el disfrute al aire libre. Tanto si organiza eventos como si busca un refugio tranquilo, este pabell\u00f3n ofrece comodidad y elegancia al tiempo que garantiza una protecci\u00f3n total contra la lluvia y las inclemencias del tiempo.<\/p>\n<h3><strong>Productos<\/strong><\/h3>\n<p id=\"\">Bienvenido a la p\u00e1gina de nuestra p\u00e9rgola de aluminio. Esta p\u00e9rgola, con su elegante dise\u00f1o, excepcional durabilidad y extraordinaria capacidad de sombreado, es la elecci\u00f3n perfecta para espacios de ocio al aire libre. Fabricada con material de aleaci\u00f3n de aluminio de alta calidad y combinando la artesan\u00eda moderna con la est\u00e9tica cl\u00e1sica, a\u00f1ade un toque \u00fanico a su jard\u00edn, terraza o patio.<\/p>\n<hr \/>\n<h3><strong>Caracter\u00edsticas del producto<\/strong><\/h3>\n<h4>1. <strong>Material de aleaci\u00f3n de aluminio de primera calidad<\/strong><\/h4>\n<ul>\n<li><strong>Resistente a la corrosi\u00f3n<\/strong>: La aleaci\u00f3n de aluminio presenta de forma natural una excelente resistencia a la corrosi\u00f3n, manteniendo su aspecto como nuevo incluso en entornos h\u00famedos o lluviosos.<\/li>\n<li><strong>Ligero pero resistente<\/strong>: En comparaci\u00f3n con las estructuras tradicionales de madera o hierro, la aleaci\u00f3n de aluminio es m\u00e1s ligera pero mantiene una gran resistencia, lo que garantiza la estabilidad estructural y la seguridad.<\/li>\n<li><strong>F\u00e1cil mantenimiento<\/strong>: No requiere tratamientos frecuentes de pintura o conservaci\u00f3n; basta con una limpieza ocasional para mantener su aspecto brillante.<\/li>\n<\/ul>\n<h4>2. <strong>Dise\u00f1o refinado<\/strong><\/h4>\n<ul>\n<li><strong>Estilo minimalista moderno<\/strong>: Las l\u00edneas suaves y las formas geom\u00e9tricas sencillas combinan a la perfecci\u00f3n con diversos estilos decorativos de exterior.<\/li>\n<li><strong>Techo ajustable<\/strong>: Algunos modelos cuentan con techos regulables, que se pueden ajustar libremente seg\u00fan el \u00e1ngulo del sol para obtener un sombreado \u00f3ptimo.<\/li>\n<li><strong>Multifuncionalidad<\/strong>: No s\u00f3lo sirve como zona de ocio a la sombra, sino tambi\u00e9n como comedor al aire libre, rinc\u00f3n de lectura o lugar de reuni\u00f3n familiar.<\/li>\n<\/ul>\n<h4>3. <strong>F\u00e1cil instalaci\u00f3n<\/strong><\/h4>\n<ul>\n<li><strong>Estructura modular<\/strong>: Al adoptar un dise\u00f1o modular, facilita un montaje y desmontaje r\u00e1pidos sin necesidad de un equipo de construcci\u00f3n profesional.<\/li>\n<li><strong>Accesorios completos<\/strong>: Proporciona una gu\u00eda de instalaci\u00f3n detallada y los accesorios necesarios para garantizar un proceso de instalaci\u00f3n sin complicaciones.<\/li>\n<\/ul>\n<h4>4. <strong>Servicios de personalizaci\u00f3n<\/strong><\/h4>\n<ul>\n<li><strong>Personalizaci\u00f3n del tama\u00f1o<\/strong>: Ofrece m\u00faltiples opciones de tama\u00f1o o la personalizaci\u00f3n del tama\u00f1o de acuerdo a sus necesidades espec\u00edficas.<\/li>\n<li><strong>Selecci\u00f3n de colores<\/strong>: Adem\u00e1s de los colores est\u00e1ndar, admite la personalizaci\u00f3n del color para integrar perfectamente la p\u00e9rgola con su entorno exterior.<\/li>\n<\/ul>\n<hr \/>\n<h3><strong>Especificaciones t\u00e9cnicas<\/strong><\/h3>\n<ul>\n<li><strong>Material<\/strong>: Aleaci\u00f3n de aluminio de alta calidad<\/li>\n<li><strong>Tratamiento de superficies<\/strong>: Pintura en polvo\/anodizado (seg\u00fan el modelo)<\/li>\n<li><strong>Tama\u00f1os<\/strong>: Tama\u00f1o est\u00e1ndar 3m x 3m (tama\u00f1os espec\u00edficos, consulte con el servicio de atenci\u00f3n al cliente)<\/li>\n<li><strong>Capacidad de carga<\/strong>: ZZZ kilogramos por metro cuadrado<\/li>\n<li><strong>Tipo de tejado<\/strong>: Fijo\/regulable (opcional)<\/li>\n<li><strong>Caracter\u00edsticas adicionales<\/strong>: Sistema de iluminaci\u00f3n LED (opcional), cortina parasol el\u00e9ctrica (opcional)<\/li>\n<\/ul>\n<h3>Si desea conocer m\u00e1s detalles, haga clic en este enlace de youtube:<a href=\"https:\/\/youtu.be\/88PIb9PK7Bk\" target=\"_blank\" rel=\"noopener\">https:\/\/youtu.be\/88PIb9PK7Bk<\/a><\/h3>\n<figure id=\"attachment_20288\" aria-describedby=\"caption-attachment-20288\" style=\"width: 1024px\" class=\"wp-caption alignnone\"><img loading=\"lazy\" decoding=\"async\" class=\"wp-image-20288\" src=\"https:\/\/meterny.com\/wp-content\/uploads\/2024\/10\/WPC-Colour-Card@3x.png\" alt=\"Dise\u00f1o de prevenci\u00f3n de fugas de agua de la p\u00e9rgola de aluminio de Meterny\" width=\"1024\" height=\"1024\" srcset=\"https:\/\/meterny.com\/wp-content\/uploads\/2024\/10\/WPC-Colour-Card@3x.png 800w, https:\/\/meterny.com\/wp-content\/uploads\/2024\/10\/WPC-Colour-Card@3x-300x300.png 300w, https:\/\/meterny.com\/wp-content\/uploads\/2024\/10\/WPC-Colour-Card@3x-150x150.png 150w, https:\/\/meterny.com\/wp-content\/uploads\/2024\/10\/WPC-Colour-Card@3x-768x768.png 768w, https:\/\/meterny.com\/wp-content\/uploads\/2024\/10\/WPC-Colour-Card@3x-600x600.png 600w, https:\/\/meterny.com\/wp-content\/uploads\/2024\/10\/WPC-Colour-Card@3x-100x100.png 100w\" sizes=\"auto, (max-width: 1024px) 100vw, 1024px\" \/><figcaption id=\"caption-attachment-20288\" class=\"wp-caption-text\">Innovador dise\u00f1o de prevenci\u00f3n de fugas de agua de Meterny<\/figcaption><\/figure>\n<figure id=\"attachment_16951\" aria-describedby=\"caption-attachment-16951\" style=\"width: 1024px\" class=\"wp-caption alignnone\"><img loading=\"lazy\" decoding=\"async\" class=\"wp-image-16951\" src=\"https:\/\/meterny.com\/wp-content\/uploads\/2024\/09\/\u753b\u677f-16@3x.png\" alt=\"P\u00e9rgola de Aluminio Meterny dise\u00f1o exclusivo patentado\" width=\"1024\" height=\"1448\" srcset=\"https:\/\/meterny.com\/wp-content\/uploads\/2024\/09\/\u753b\u677f-16@3x.png 1787w, https:\/\/meterny.com\/wp-content\/uploads\/2024\/09\/\u753b\u677f-16@3x-212x300.png 212w, https:\/\/meterny.com\/wp-content\/uploads\/2024\/09\/\u753b\u677f-16@3x-724x1024.png 724w, https:\/\/meterny.com\/wp-content\/uploads\/2024\/09\/\u753b\u677f-16@3x-768x1086.png 768w, https:\/\/meterny.com\/wp-content\/uploads\/2024\/09\/\u753b\u677f-16@3x-1086x1536.png 1086w, https:\/\/meterny.com\/wp-content\/uploads\/2024\/09\/\u753b\u677f-16@3x-1448x2048.png 1448w, https:\/\/meterny.com\/wp-content\/uploads\/2024\/09\/\u753b\u677f-16@3x-600x848.png 600w\" sizes=\"auto, (max-width: 1024px) 100vw, 1024px\" \/><figcaption id=\"caption-attachment-16951\" class=\"wp-caption-text\">Dise\u00f1o patentado de Meterny: Una p\u00e9rgola sin igual<\/figcaption><\/figure>\n<figure id=\"attachment_16950\" aria-describedby=\"caption-attachment-16950\" style=\"width: 1024px\" class=\"wp-caption alignnone\"><img loading=\"lazy\" decoding=\"async\" class=\"wp-image-16950\" src=\"https:\/\/meterny.com\/wp-content\/uploads\/2024\/09\/About-Meterny@3x.png\" alt=\"P\u00e9rgola de aluminio de Meterny Comparaci\u00f3n con otras p\u00e9rgolas\" width=\"1024\" height=\"1447\" srcset=\"https:\/\/meterny.com\/wp-content\/uploads\/2024\/09\/About-Meterny@3x.png 1787w, https:\/\/meterny.com\/wp-content\/uploads\/2024\/09\/About-Meterny@3x-212x300.png 212w, https:\/\/meterny.com\/wp-content\/uploads\/2024\/09\/About-Meterny@3x-724x1024.png 724w, https:\/\/meterny.com\/wp-content\/uploads\/2024\/09\/About-Meterny@3x-768x1086.png 768w, https:\/\/meterny.com\/wp-content\/uploads\/2024\/09\/About-Meterny@3x-1087x1536.png 1087w, https:\/\/meterny.com\/wp-content\/uploads\/2024\/09\/About-Meterny@3x-1449x2048.png 1449w, https:\/\/meterny.com\/wp-content\/uploads\/2024\/09\/About-Meterny@3x-600x848.png 600w\" sizes=\"auto, (max-width: 1024px) 100vw, 1024px\" \/><figcaption id=\"caption-attachment-16950\" class=\"wp-caption-text\">P\u00e9rgolas Meterny frente a p\u00e9rgolas tradicionales: caracter\u00edsticas superiores<\/figcaption><\/figure>\n<h3><strong>Gu\u00eda de compra<\/strong><\/h3>\n<ol>\n<li><strong>Seleccionar modelo y configuraci\u00f3n<\/strong>: Elija el modelo de p\u00e9rgola, el tama\u00f1o y las configuraciones opcionales adecuadas a sus necesidades.<\/li>\n<li><strong>Contactar con el Servicio de Atenci\u00f3n al Cliente<\/strong>: Si tiene alguna pregunta o necesita servicios de personalizaci\u00f3n, no dude en ponerse en contacto con nuestro equipo de atenci\u00f3n al cliente.<\/li>\n<li><strong>Realizar pedido<\/strong>: Despu\u00e9s de confirmar la informaci\u00f3n del pedido, haga clic en el bot\u00f3n de compra para completar el pago.<\/li>\n<li><strong>En espera de env\u00edo<\/strong>: Organizaremos la producci\u00f3n y el env\u00edo lo antes posible tras recibir el pedido, normalmente con un plazo de env\u00edo de XX d\u00edas laborables.<\/li>\n<li><strong>Instalaci\u00f3n y uso<\/strong>: Cuando reciba el producto, m\u00f3ntelo de acuerdo con la gu\u00eda de instalaci\u00f3n y disfrute de su nuevo espacio al aire libre.<\/li>\n<\/ol>\n<h3>\u00bfPor qu\u00e9 elegir la p\u00e9rgola de aluminio Meterny?<\/h3>\n<p id=\"\">La P\u00e9rgola Pabell\u00f3n de Aluminio de Meterny destaca como una opci\u00f3n excepcional por varias razones de peso:<\/p>\n<ol>\n<li>\n<p id=\"\"><strong>Durabilidad y resistencia a la intemperie<\/strong>: Fabricada con una aleaci\u00f3n de aluminio de alta calidad, nuestra p\u00e9rgola ofrece una durabilidad y resistencia superiores frente a los elementos. Es resistente a la corrosi\u00f3n, lo que garantiza que mantenga su belleza y funcionalidad incluso en condiciones clim\u00e1ticas adversas.<\/p>\n<\/li>\n<li>\n<p id=\"\"><strong>Ligero y f\u00e1cil de instalar<\/strong>: A diferencia de materiales m\u00e1s pesados como la madera o el acero, el aluminio es ligero pero resistente, lo que facilita su instalaci\u00f3n y transporte. El dise\u00f1o modular de nuestra p\u00e9rgola simplifica el proceso de montaje, permiti\u00e9ndote montarla r\u00e1pidamente sin necesidad de ayuda profesional.<\/p>\n<\/li>\n<li>\n<p id=\"\"><strong>Opciones personalizables<\/strong>: Meterny\uff08fabricante de p\u00e9rgolas de aluminio\uff09 ofrece una gama de opciones de personalizaci\u00f3n para adaptarse a sus necesidades \u00fanicas. Si usted prefiere un tama\u00f1o espec\u00edfico, color, o caracter\u00edsticas adicionales como techos ajustables o iluminaci\u00f3n integrada, podemos adaptar la p\u00e9rgola para que coincida perfectamente con su espacio al aire libre.<\/p>\n<\/li>\n<li>\n<p id=\"\"><strong>Dise\u00f1o elegante y moderno<\/strong>: Nuestra p\u00e9rgola presenta un dise\u00f1o elegante y moderno que complementa cualquier decoraci\u00f3n de exterior. Sus l\u00edneas limpias y formas geom\u00e9tricas crean un aspecto elegante y sofisticado, mejorando el atractivo est\u00e9tico de su jard\u00edn, terraza o patio.<\/p>\n<\/li>\n<li>\n<p id=\"\"><strong>Excelente sombreado y ventilaci\u00f3n<\/strong>: El dise\u00f1o de nuestra p\u00e9rgola proporciona una excelente sombra y ventilaci\u00f3n, creando un espacio exterior c\u00f3modo y agradable. Ya sea para celebrar una reuni\u00f3n, relajarse con un libro o cenar al aire libre, nuestra p\u00e9rgola ofrece el equilibrio perfecto entre protecci\u00f3n solar y una agradable brisa.<\/p>\n<\/li>\n<li>\n<p id=\"\"><strong>Bajo mantenimiento<\/strong>: El aluminio es un material de bajo mantenimiento, que requiere un esfuerzo m\u00ednimo para mantener su mejor aspecto. Con una limpieza ocasional y sin necesidad de tratamientos de pintura o conservaci\u00f3n, puede disfrutar de su p\u00e9rgola durante a\u00f1os sin la molestia de un mantenimiento constante.<\/p>\n<\/li>\n<li>\n<p id=\"\"><strong>Servicio centrado en el cliente<\/strong>: En Meterny, damos prioridad a la satisfacci\u00f3n del cliente. Nuestro equipo de atenci\u00f3n al cliente est\u00e1 a su disposici\u00f3n para ayudarle con cualquier pregunta, orientarle sobre la personalizaci\u00f3n y garantizarle una experiencia de compra perfecta.<\/p>\n<\/li>\n<\/ol>\n<p id=\"\">En resumen, la p\u00e9rgola de aluminio de Meterny combina durabilidad, estilo, personalizaci\u00f3n y facilidad de uso, convirti\u00e9ndola en el complemento perfecto para su espacio exterior. Elija Meterny para una p\u00e9rgola fiable, bonita y funcional que mejorar\u00e1 su estilo de vida al aire libre.<\/p>","protected":false},"excerpt":{"rendered":"<p>Cree un refugio exterior elegante y resistente a la intemperie con el pabell\u00f3n impermeable met\u00e1lico de aluminio, que combina un dise\u00f1o elegante con un rendimiento duradero.<\/p>","protected":false},"featured_media":17061,"comment_status":"open","ping_status":"closed","template":"","meta":{"_uag_custom_page_level_css":"","site-sidebar-layout":"default","site-content-layout":"","ast-site-content-layout":"default","site-content-style":"default","site-sidebar-style":"default","ast-global-header-display":"","ast-banner-title-visibility":"","ast-main-header-display":"","ast-hfb-above-header-display":"","ast-hfb-below-header-display":"","ast-hfb-mobile-header-display":"","site-post-title":"","ast-breadcrumbs-content":"","ast-featured-img":"","footer-sml-layout":"","theme-transparent-header-meta":"default","adv-header-id-meta":"","stick-header-meta":"default","header-above-stick-meta":"","header-main-stick-meta":"","header-below-stick-meta":"","astra-migrate-meta-layouts":"set","ast-page-background-enabled":"default","ast-page-background-meta":{"desktop":{"background-color":"var(--ast-global-color-4)","background-image":"","background-repeat":"repeat","background-position":"center center","background-size":"auto","background-attachment":"scroll","background-type":"","background-media":"","overlay-type":"","overlay-color":"","overlay-opacity":"","overlay-gradient":""},"tablet":{"background-color":"","background-image":"","background-repeat":"repeat","background-position":"center center","background-size":"auto","background-attachment":"scroll","background-type":"","background-media":"","overlay-type":"","overlay-color":"","overlay-opacity":"","overlay-gradient":""},"mobile":{"background-color":"","background-image":"","background-repeat":"repeat","background-position":"center center","background-size":"auto","background-attachment":"scroll","background-type":"","background-media":"","overlay-type":"","overlay-color":"","overlay-opacity":"","overlay-gradient":""}},"ast-content-background-meta":{"desktop":{"background-color":"var(--ast-global-color-5)","background-image":"","background-repeat":"repeat","background-position":"center center","background-size":"auto","background-attachment":"scroll","background-type":"","background-media":"","overlay-type":"","overlay-color":"","overlay-opacity":"","overlay-gradient":""},"tablet":{"background-color":"var(--ast-global-color-5)","background-image":"","background-repeat":"repeat","background-position":"center center","background-size":"auto","background-attachment":"scroll","background-type":"","background-media":"","overlay-type":"","overlay-color":"","overlay-opacity":"","overlay-gradient":""},"mobile":{"background-color":"var(--ast-global-color-5)","background-image":"","background-repeat":"repeat","background-position":"center center","background-size":"auto","background-attachment":"scroll","background-type":"","background-media":"","overlay-type":"","overlay-color":"","overlay-opacity":"","overlay-gradient":""}}},"product_brand":[],"product_cat":[18],"product_tag":[219,217,218,216],"class_list":{"0":"post-18192","1":"product","2":"type-product","3":"status-publish","4":"has-post-thumbnail","6":"product_cat-uncategorized","7":"product_tag-aluminum-metal-waterproof-pergola","8":"product_tag-aluminum-pavilion","9":"product_tag-metal-pavilion","10":"product_tag-waterproof-pavilion","11":"desktop-align-center","12":"tablet-align-left","13":"mobile-align-left","14":"ast-product-gallery-layout-horizontal-slider","15":"ast-product-single-variable","16":"ast-product-tabs-layout-vertical","18":"first","19":"instock","20":"shipping-taxable","21":"product-type-variable"},"uagb_featured_image_src":{"full":["https:\/\/meterny.com\/wp-content\/uploads\/2024\/09\/49-2.png",800,800,false],"thumbnail":["https:\/\/meterny.com\/wp-content\/uploads\/2024\/09\/49-2-150x150.png",150,150,true],"medium":["https:\/\/meterny.com\/wp-content\/uploads\/2024\/09\/49-2-300x300.png",300,300,true],"medium_large":["https:\/\/meterny.com\/wp-content\/uploads\/2024\/09\/49-2-768x768.png",768,768,true],"large":["https:\/\/meterny.com\/wp-content\/uploads\/2024\/09\/49-2.png",800,800,false],"1536x1536":["https:\/\/meterny.com\/wp-content\/uploads\/2024\/09\/49-2.png",800,800,false],"2048x2048":["https:\/\/meterny.com\/wp-content\/uploads\/2024\/09\/49-2.png",800,800,false],"trp-custom-language-flag":["https:\/\/meterny.com\/wp-content\/uploads\/2024\/09\/49-2.png",12,12,false],"woocommerce_thumbnail":["https:\/\/meterny.com\/wp-content\/uploads\/2024\/09\/49-2-300x300.png",300,300,true],"woocommerce_single":["https:\/\/meterny.com\/wp-content\/uploads\/2024\/09\/49-2-600x600.png",600,600,true],"woocommerce_gallery_thumbnail":["https:\/\/meterny.com\/wp-content\/uploads\/2024\/09\/49-2-100x100.png",100,100,true]},"uagb_author_info":{"display_name":"meterny","author_link":"https:\/\/meterny.com\/es\/author\/"},"uagb_comment_info":0,"uagb_excerpt":"Create a stylish and weather-resistant outdoor haven with the Aluminum Metal Waterproof Pavilion, combining sleek design with durable performance.","_links":{"self":[{"href":"https:\/\/meterny.com\/es\/wp-json\/wp\/v2\/product\/18192","targetHints":{"allow":["GET"]}}],"collection":[{"href":"https:\/\/meterny.com\/es\/wp-json\/wp\/v2\/product"}],"about":[{"href":"https:\/\/meterny.com\/es\/wp-json\/wp\/v2\/types\/product"}],"replies":[{"embeddable":true,"href":"https:\/\/meterny.com\/es\/wp-json\/wp\/v2\/comments?post=18192"}],"wp:featuredmedia":[{"embeddable":true,"href":"https:\/\/meterny.com\/es\/wp-json\/wp\/v2\/media\/17061"}],"wp:attachment":[{"href":"https:\/\/meterny.com\/es\/wp-json\/wp\/v2\/media?parent=18192"}],"wp:term":[{"taxonomy":"product_brand","embeddable":true,"href":"https:\/\/meterny.com\/es\/wp-json\/wp\/v2\/product_brand?post=18192"},{"taxonomy":"product_cat","embeddable":true,"href":"https:\/\/meterny.com\/es\/wp-json\/wp\/v2\/product_cat?post=18192"},{"taxonomy":"product_tag","embeddable":true,"href":"https:\/\/meterny.com\/es\/wp-json\/wp\/v2\/product_tag?post=18192"}],"curies":[{"name":"wp","href":"https:\/\/api.w.org\/{rel}","templated":true}]}}