{"id":20295,"date":"2024-12-15T12:13:48","date_gmt":"2024-12-15T12:13:48","guid":{"rendered":"https:\/\/meterny.com\/?post_type=product&#038;p=20295"},"modified":"2025-01-18T09:09:14","modified_gmt":"2025-01-18T09:09:14","slug":"wpc-fence-panel-with-natural-wood-texture","status":"publish","type":"product","link":"https:\/\/meterny.com\/es\/producto\/wpc-fence-panel-with-natural-wood-texture\/","title":{"rendered":"Panel decorativo de valla de WPC con textura de madera natural"},"content":{"rendered":"<div class=\"elementor-element elementor-element-c0e1d42 elementor-widget elementor-widget-heading\" data-id=\"c0e1d42\" data-element_type=\"widget\" data-widget_type=\"heading.default\">\n<div class=\"elementor-widget-container\"><\/div>\n<\/div>\n<div class=\"elementor-element elementor-element-1f676da elementor-widget elementor-widget-heading\" data-id=\"1f676da\" data-element_type=\"widget\" data-widget_type=\"heading.default\">\n<h2 class=\"elementor-widget-container\" style=\"text-align: center;\">Panel decorativo de valla de WPC con textura de madera natural<\/h2>\n<\/div>\n<p><strong>Modelo<\/strong>: Panel de la cerca de WPC con textura de madera natural<\/p>\n<p><strong>Tipo<\/strong>: Panel decorativo de la cerca de WPC con textura de madera natural<\/p>\n<p><strong>Talla<\/strong>: Anchura 1800mm x Altura 1850mm<\/p>\n<p><strong>Superficie<\/strong>: Dos superficies - Listones y vetas de madera<\/p>\n<p><strong>Color<\/strong>9 opciones de color<\/p>\n<p><strong>Longitud<\/strong>: Personalizado<\/p>\n<p><strong>Material<\/strong>: Compuesto de madera y pl\u00e1stico<\/p>\n<p><strong>Tecnolog\u00eda del producto<\/strong>: Eco-extrusi\u00f3n<\/p>\n<p>Panel de valla de WPC con textura de madera natural<\/p>\n<h3><strong>Nombre del producto<\/strong><\/h3>\n<p id=\"\">Panel de valla de WPC con textura de madera natural<\/p>\n<figure id=\"attachment_17490\" aria-describedby=\"caption-attachment-17490\" style=\"width: 1024px\" class=\"wp-caption alignnone\"><img loading=\"lazy\" decoding=\"async\" class=\"wp-image-17490\" src=\"https:\/\/meterny.com\/wp-content\/uploads\/2024\/10\/\u90a6\u82f1-5.jpg\" alt=\"Panel de valla de WPC con textura de madera natural\" width=\"1024\" height=\"1024\" srcset=\"https:\/\/meterny.com\/wp-content\/uploads\/2024\/10\/\u90a6\u82f1-5.jpg 800w, https:\/\/meterny.com\/wp-content\/uploads\/2024\/10\/\u90a6\u82f1-5-300x300.jpg 300w, https:\/\/meterny.com\/wp-content\/uploads\/2024\/10\/\u90a6\u82f1-5-150x150.jpg 150w, https:\/\/meterny.com\/wp-content\/uploads\/2024\/10\/\u90a6\u82f1-5-768x768.jpg 768w, https:\/\/meterny.com\/wp-content\/uploads\/2024\/10\/\u90a6\u82f1-5-600x600.jpg 600w, https:\/\/meterny.com\/wp-content\/uploads\/2024\/10\/\u90a6\u82f1-5-100x100.jpg 100w\" sizes=\"auto, (max-width: 1024px) 100vw, 1024px\" \/><figcaption id=\"caption-attachment-17490\" class=\"wp-caption-text\">Elegantes soluciones de vallado con paneles decorativos de WPC<\/figcaption><\/figure>\n<h3><strong>Productos<\/strong><\/h3>\n<p id=\"\">Bienvenido a nuestra p\u00e1gina de detalles del producto. Le presentamos este panel de valla de WPC (compuesto de madera y pl\u00e1stico) con textura de madera natural, que combina la textura de la madera natural con las ventajas de los materiales compuestos modernos, a\u00f1adiendo un toque \u00fanico y elegante a su espacio exterior. Este panel de valla no s\u00f3lo es bonito y duradero, sino tambi\u00e9n f\u00e1cil de instalar y mantener, por lo que es la opci\u00f3n ideal para crear su espacio privado perfecto.<\/p>\n<h3><strong>Caracter\u00edsticas del producto<\/strong><\/h3>\n<p>&nbsp;<\/p>\n<h4><strong>1. Textura de madera natural<\/strong><\/h4>\n<ul>\n<li><strong>Efecto realista<\/strong>: Utilizando t\u00e9cnicas de producci\u00f3n avanzadas, nuestro Panel de Valla de WPC con Textura de Madera Natural muestra una textura de madera natural realista, aportando un ambiente c\u00e1lido y natural a su jard\u00edn o terraza.<\/li>\n<li><strong>Variedad de opciones<\/strong>: Disponible en m\u00faltiples colores y texturas para adaptarse a diferentes estilos y preferencias est\u00e9ticas.<\/li>\n<\/ul>\n<h4><strong>2. Alta resistencia y durabilidad<\/strong><\/h4>\n<ul>\n<li><strong>Resistencia a la intemperie<\/strong>: El material WPC presenta una excelente resistencia a la intemperie, soportando condiciones clim\u00e1ticas extremas como altas temperaturas, fr\u00edo, humedad y radiaci\u00f3n UV.<\/li>\n<li><strong>Resistencia a la corrosi\u00f3n<\/strong>: Resistente a los insectos, el moho y la corrosi\u00f3n, lo que prolonga su vida \u00fatil.<\/li>\n<\/ul>\n<h4><strong>3. Respeto del medio ambiente y sostenibilidad<\/strong><\/h4>\n<ul>\n<li><strong>Material verde<\/strong>: Fabricado a partir de pl\u00e1stico reciclado y fibras de madera, lo que reduce la dependencia de los recursos naturales y se ajusta a los principios medioambientales.<\/li>\n<li><strong>No t\u00f3xico y seguro<\/strong>: Libre de formaldeh\u00eddo y otras sustancias nocivas, salvaguardando su salud y la de su familia.<\/li>\n<\/ul>\n<h4><strong>4. F\u00e1cil instalaci\u00f3n y mantenimiento<\/strong><\/h4>\n<ul>\n<li><strong>Dise\u00f1o ligero<\/strong>: En comparaci\u00f3n con las vallas de madera tradicionales, los paneles de valla de WPC con textura de madera natural son m\u00e1s ligeros, lo que facilita su manejo e instalaci\u00f3n.<\/li>\n<li><strong>Instalaci\u00f3n r\u00e1pida<\/strong>: Viene con gu\u00edas de instalaci\u00f3n detalladas y los accesorios necesarios, que no requieren habilidades especiales para un f\u00e1cil montaje.<\/li>\n<li><strong>Bajo coste de mantenimiento<\/strong>: Superficie lisa, resistente a la acumulaci\u00f3n de polvo y f\u00e1cil de limpiar con agua para mantener la limpieza.<\/li>\n<\/ul>\n<h4><strong>5. 5. Privacidad y seguridad<\/strong><\/h4>\n<ul>\n<li><strong>Blindaje eficaz<\/strong>: Proporciona suficiente protecci\u00f3n para proteger la intimidad de su espacio exterior.<\/li>\n<li><strong>Construcci\u00f3n robusta<\/strong>: Estructuralmente s\u00f3lido y dif\u00edcil de romper, lo que aumenta la seguridad.<\/li>\n<\/ul>\n<h3><strong>Especificaciones del producto<\/strong><\/h3>\n<ul>\n<li><strong>Talla<\/strong>: Personalizable seg\u00fan las necesidades del cliente (tama\u00f1os est\u00e1ndar como 1800 mm de alto x 1850 mm de ancho, etc.)<\/li>\n<li><strong>Espesor<\/strong>: Varias opciones de grosor disponibles en funci\u00f3n de los requisitos de resistencia<\/li>\n<li><strong>Color<\/strong>: M\u00faltiples colores de grano de madera natural para elegir<\/li>\n<\/ul>\n<h3><strong>Escenarios de aplicaci\u00f3n<\/strong><\/h3>\n<ul>\n<li>Vallado de jardines<\/li>\n<li>Mamparas de terraza<\/li>\n<li>Muros del patio<\/li>\n<li>Vallado de piscinas<\/li>\n<li>Decoraci\u00f3n exterior de la villa<\/li>\n<\/ul>\n<h3><strong>Gu\u00eda de compra<\/strong><\/h3>\n<ul>\n<li><strong>Seleccione tama\u00f1o y color<\/strong>: Elija el tama\u00f1o y el color adecuados seg\u00fan sus necesidades y preferencias espec\u00edficas.<\/li>\n<li><strong>P\u00f3ngase en contacto con nosotros<\/strong>: P\u00f3ngase en contacto con nosotros a trav\u00e9s de nuestra herramienta de chat en l\u00ednea, correo electr\u00f3nico o tel\u00e9fono para obtener m\u00e1s informaci\u00f3n o realizar un pedido.<\/li>\n<li><strong>Entrega e instalaci\u00f3n<\/strong>: Ofrecemos servicios de entrega en todo el pa\u00eds y podemos proporcionar orientaci\u00f3n para la instalaci\u00f3n o recomendar equipos de instalaci\u00f3n profesionales previa solicitud.<\/li>\n<\/ul>\n<h3><strong>Conclusi\u00f3n<\/strong><\/h3>\n<p id=\"\">Elija nuestro Panel de Valla WPC con Textura de Madera Natural para a\u00f1adir un toque de naturaleza y elegancia a su espacio exterior. Estamos comprometidos a proporcionar productos de alta calidad y un servicio excelente, \u00a1esperando trabajar con usted para crear un hogar hermoso!<\/p>\n<p>Panel decorativo de valla de WPC con textura de madera natural<\/p>\n<h3>Si desea conocer m\u00e1s detalles, haga clic en este enlace de youtube:<a href=\"https:\/\/youtu.be\/A_X4ZdlYfzc\" target=\"_blank\" rel=\"noopener\">https:\/\/youtu.be\/A_X4ZdlYfzc<\/a><\/h3>\n<p>&nbsp;<\/p>\n<h3>Galer\u00eda<\/h3>\n<figure id=\"attachment_17485\" aria-describedby=\"caption-attachment-17485\" style=\"width: 1024px\" class=\"wp-caption alignnone\"><img loading=\"lazy\" decoding=\"async\" class=\"wp-image-17485\" src=\"https:\/\/meterny.com\/wp-content\/uploads\/2024\/10\/83ZHU.jpg\" alt=\"Soluciones ecol\u00f3gicas para vallas de WPC\" width=\"1024\" height=\"1024\" srcset=\"https:\/\/meterny.com\/wp-content\/uploads\/2024\/10\/83ZHU.jpg 800w, https:\/\/meterny.com\/wp-content\/uploads\/2024\/10\/83ZHU-300x300.jpg 300w, https:\/\/meterny.com\/wp-content\/uploads\/2024\/10\/83ZHU-150x150.jpg 150w, https:\/\/meterny.com\/wp-content\/uploads\/2024\/10\/83ZHU-768x768.jpg 768w, https:\/\/meterny.com\/wp-content\/uploads\/2024\/10\/83ZHU-600x600.jpg 600w, https:\/\/meterny.com\/wp-content\/uploads\/2024\/10\/83ZHU-100x100.jpg 100w\" sizes=\"auto, (max-width: 1024px) 100vw, 1024px\" \/><figcaption id=\"caption-attachment-17485\" class=\"wp-caption-text\">Mejore su vida al aire libre con vallas de WPC de aspecto natural<\/figcaption><\/figure>\n<p>Panel de valla de WPC con textura de madera natural<\/p>\n<figure id=\"attachment_17484\" aria-describedby=\"caption-attachment-17484\" style=\"width: 1024px\" class=\"wp-caption alignnone\"><img loading=\"lazy\" decoding=\"async\" class=\"wp-image-17484\" src=\"https:\/\/meterny.com\/wp-content\/uploads\/2024\/10\/8-8ZHU.jpg\" alt=\"Panel de valla de madera con grano de madera en relieve 3D\" width=\"1024\" height=\"1024\" srcset=\"https:\/\/meterny.com\/wp-content\/uploads\/2024\/10\/8-8ZHU.jpg 800w, https:\/\/meterny.com\/wp-content\/uploads\/2024\/10\/8-8ZHU-300x300.jpg 300w, https:\/\/meterny.com\/wp-content\/uploads\/2024\/10\/8-8ZHU-150x150.jpg 150w, https:\/\/meterny.com\/wp-content\/uploads\/2024\/10\/8-8ZHU-768x768.jpg 768w, https:\/\/meterny.com\/wp-content\/uploads\/2024\/10\/8-8ZHU-600x600.jpg 600w, https:\/\/meterny.com\/wp-content\/uploads\/2024\/10\/8-8ZHU-100x100.jpg 100w\" sizes=\"auto, (max-width: 1024px) 100vw, 1024px\" \/><figcaption id=\"caption-attachment-17484\" class=\"wp-caption-text\">Transforme su espacio exterior con vallas de WPC duraderas<\/figcaption><\/figure>\n<p>Panel de valla de WPC con textura de madera natural<\/p>\n<figure id=\"attachment_17486\" aria-describedby=\"caption-attachment-17486\" style=\"width: 1024px\" class=\"wp-caption alignnone\"><img loading=\"lazy\" decoding=\"async\" class=\"wp-image-17486\" src=\"https:\/\/meterny.com\/wp-content\/uploads\/2024\/10\/10-5ZHU.jpg\" alt=\"Valla de WPC de alta calidad para privacidad exterior\" width=\"1024\" height=\"1024\" srcset=\"https:\/\/meterny.com\/wp-content\/uploads\/2024\/10\/10-5ZHU.jpg 800w, https:\/\/meterny.com\/wp-content\/uploads\/2024\/10\/10-5ZHU-300x300.jpg 300w, https:\/\/meterny.com\/wp-content\/uploads\/2024\/10\/10-5ZHU-150x150.jpg 150w, https:\/\/meterny.com\/wp-content\/uploads\/2024\/10\/10-5ZHU-768x768.jpg 768w, https:\/\/meterny.com\/wp-content\/uploads\/2024\/10\/10-5ZHU-600x600.jpg 600w, https:\/\/meterny.com\/wp-content\/uploads\/2024\/10\/10-5ZHU-100x100.jpg 100w\" sizes=\"auto, (max-width: 1024px) 100vw, 1024px\" \/><figcaption id=\"caption-attachment-17486\" class=\"wp-caption-text\">Experimente el equilibrio perfecto entre resistencia y belleza con las vallas de WPC<\/figcaption><\/figure>\n<p>Meterny Serie METE Panel de valla WPC con textura de madera natural Carta de colores<\/p>\n<figure id=\"attachment_20293\" aria-describedby=\"caption-attachment-20293\" style=\"width: 1024px\" class=\"wp-caption alignnone\"><img loading=\"lazy\" decoding=\"async\" class=\"wp-image-20293\" src=\"https:\/\/meterny.com\/wp-content\/uploads\/2024\/10\/METE-Series-Colour-151.png\" alt=\"Opciones de color de la valla de WPC Meterny\" width=\"1024\" height=\"1024\" srcset=\"https:\/\/meterny.com\/wp-content\/uploads\/2024\/10\/METE-Series-Colour-151.png 900w, https:\/\/meterny.com\/wp-content\/uploads\/2024\/10\/METE-Series-Colour-151-300x300.png 300w, https:\/\/meterny.com\/wp-content\/uploads\/2024\/10\/METE-Series-Colour-151-150x150.png 150w, https:\/\/meterny.com\/wp-content\/uploads\/2024\/10\/METE-Series-Colour-151-768x768.png 768w, https:\/\/meterny.com\/wp-content\/uploads\/2024\/10\/METE-Series-Colour-151-600x600.png 600w, https:\/\/meterny.com\/wp-content\/uploads\/2024\/10\/METE-Series-Colour-151-100x100.png 100w\" sizes=\"auto, (max-width: 1024px) 100vw, 1024px\" \/><figcaption id=\"caption-attachment-20293\" class=\"wp-caption-text\">Explore la valla de WPC Meterny - Nueve impresionantes opciones de color para cada estilo<\/figcaption><\/figure>\n<h3>Duradero e impermeable<\/h3>\n<p>Fabricada con tecnolog\u00eda avanzada de ecoextrusi\u00f3n, esta valla est\u00e1 hecha para durar. Sus propiedades impermeables la convierten en la opci\u00f3n ideal para todo tipo de condiciones clim\u00e1ticas, lo que garantiza su longevidad y un mantenimiento m\u00ednimo. Los pilares de aluminio proporcionan estabilidad adicional, por lo que es una soluci\u00f3n de vallado fiable y resistente para cualquier jard\u00edn.<\/p>\n<p>Instalaciones Accesorios<\/p>\n<figure id=\"attachment_17165\" aria-describedby=\"caption-attachment-17165\" style=\"width: 1024px\" class=\"wp-caption alignnone\"><img loading=\"lazy\" decoding=\"async\" class=\"wp-image-17165\" src=\"https:\/\/meterny.com\/wp-content\/uploads\/2024\/05\/Heef5f4fd9e2c4c9a9145a852eb0aedceQ-1.png\" alt=\"Accesorios completos para la instalaci\u00f3n de vallas de WPC\" width=\"1024\" height=\"1054\" srcset=\"https:\/\/meterny.com\/wp-content\/uploads\/2024\/05\/Heef5f4fd9e2c4c9a9145a852eb0aedceQ-1.png 923w, https:\/\/meterny.com\/wp-content\/uploads\/2024\/05\/Heef5f4fd9e2c4c9a9145a852eb0aedceQ-1-291x300.png 291w, https:\/\/meterny.com\/wp-content\/uploads\/2024\/05\/Heef5f4fd9e2c4c9a9145a852eb0aedceQ-1-768x790.png 768w, https:\/\/meterny.com\/wp-content\/uploads\/2024\/05\/Heef5f4fd9e2c4c9a9145a852eb0aedceQ-1-600x618.png 600w\" sizes=\"auto, (max-width: 1024px) 100vw, 1024px\" \/><figcaption id=\"caption-attachment-17165\" class=\"wp-caption-text\">Accesorios de instalaci\u00f3n de vallas de WPC todo en uno para un montaje sin esfuerzo<\/figcaption><\/figure>\n<h3>\u00bfPor qu\u00e9 elegir el panel de valla WPC METE1800H1850 con textura de madera natural?<\/h3>\n<p id=\"\">Al considerar por qu\u00e9 elegir el panel de valla METE1800H1850 WPC (Wood Plastic Composite), surgen varias razones de peso:<\/p>\n<ol>\n<li>\n<p id=\"\"><strong>Textura de madera natural y atractivo est\u00e9tico<\/strong>:<\/p>\n<ul>\n<li>El panel de valla de WPC METE1800H1850 presenta una textura de madera natural que proporciona un aspecto c\u00e1lido y acogedor a cualquier espacio exterior.<\/li>\n<li>Su atractivo est\u00e9tico puede realzar el aspecto general de su jard\u00edn, terraza o patio, a\u00f1adiendo un toque de elegancia y sofisticaci\u00f3n.<\/li>\n<\/ul>\n<\/li>\n<li>\n<p id=\"\"><strong>Durabilidad y resistencia a la intemperie<\/strong>:<\/p>\n<ul>\n<li>Fabricado a partir de una combinaci\u00f3n de pl\u00e1stico reciclado y fibras de madera, el panel de valla de WPC METE1800H1850 es muy duradero y resistente a condiciones clim\u00e1ticas como las altas temperaturas, el fr\u00edo, la humedad y la radiaci\u00f3n UV.<\/li>\n<li>Esto garantiza que el panel de la valla mantenga su aspecto y funcionalidad a lo largo del tiempo, con un mantenimiento m\u00ednimo.<\/li>\n<\/ul>\n<\/li>\n<li>\n<p id=\"\"><strong>Respeto del medio ambiente y sostenibilidad<\/strong>:<\/p>\n<ul>\n<li>El uso de materiales reciclados en la producci\u00f3n del panel de valla de WPC METE1800H1850 reduce la demanda de recursos naturales y se ajusta a los principios medioambientales.<\/li>\n<li>Es una opci\u00f3n sostenible que contribuye a reducir los residuos y a fomentar la responsabilidad medioambiental.<\/li>\n<\/ul>\n<\/li>\n<li>\n<p id=\"\"><strong>Facilidad de instalaci\u00f3n y mantenimiento<\/strong>:<\/p>\n<ul>\n<li>El panel de valla de WPC METE1800H1850 es ligero y f\u00e1cil de instalar, no requiere conocimientos ni herramientas especiales.<\/li>\n<li>Tambi\u00e9n es f\u00e1cil de mantener, con una superficie lisa que resiste la acumulaci\u00f3n de polvo y puede limpiarse f\u00e1cilmente con agua.<\/li>\n<\/ul>\n<\/li>\n<li>\n<p id=\"\"><strong>Privacidad y seguridad<\/strong>:<\/p>\n<ul>\n<li>El panel de la valla proporciona un blindaje eficaz, ofreciendo protecci\u00f3n de la intimidad para su espacio exterior.<\/li>\n<li>Su robusta construcci\u00f3n garantiza que sea dif\u00edcil de romper, lo que aumenta la seguridad y proporciona una sensaci\u00f3n de protecci\u00f3n.<\/li>\n<\/ul>\n<\/li>\n<li>\n<p id=\"\"><strong>Opciones de personalizaci\u00f3n<\/strong>:<\/p>\n<ul>\n<li>El panel de valla de WPC METE1800H1850 est\u00e1 disponible en m\u00faltiples colores y texturas, lo que le permite elegir el que mejor se adapte a su estilo y preferencias est\u00e9ticas.<\/li>\n<li>Tambi\u00e9n puede personalizarse en tama\u00f1o para adaptarse a sus necesidades y requisitos espec\u00edficos.<\/li>\n<\/ul>\n<\/li>\n<li>\n<p id=\"\"><strong>Relaci\u00f3n coste-eficacia<\/strong>:<\/p>\n<ul>\n<li>Aunque el coste inicial del panel de valla de WPC METE1800H1850 con textura de madera natural puede ser comparable o ligeramente superior al de las vallas de madera tradicionales, su durabilidad y bajos requisitos de mantenimiento lo convierten en una opci\u00f3n rentable a largo plazo.<\/li>\n<\/ul>\n<\/li>\n<\/ol>\n<p id=\"\">En conclusi\u00f3n, el panel de valla de WPC METE1800H1850 con textura de madera natural es una opci\u00f3n muy atractiva para cualquiera que desee mejorar el aspecto y la funcionalidad de su espacio exterior. Su combinaci\u00f3n de textura de madera natural, durabilidad, respeto por el medio ambiente, facilidad de instalaci\u00f3n y mantenimiento, privacidad y seguridad, opciones de personalizaci\u00f3n y rentabilidad lo convierten en una opci\u00f3n destacada entre los paneles para vallas.<\/p>","protected":false},"excerpt":{"rendered":"<h3>Caracter\u00edsticas principales:<\/h3>\n<p>Impermeable y resistente a la intemperie: Ideal para uso al aire libre en todos los climas.<br \/>\nMateriales ecol\u00f3gicos: Sostenible y respetuoso con el medio ambiente.<br \/>\nLongitud personalizable: Hecho a medida para adaptarse a las dimensiones espec\u00edficas de su jard\u00edn.<br \/>\nBajo mantenimiento: F\u00e1cil de limpiar y mantener, a diferencia de la madera tradicional.<br \/>\nOpciones de doble superficie: Elija entre elegantes vetas de madera o listones cl\u00e1sicos para un aspecto personalizado.<br \/>\nEstabilidad mejorada: Reforzado con pilares de aluminio duraderos para mayor resistencia y seguridad.<\/p>\n<h3>Aplicaciones:<\/h3>\n<p>Perfecta para delimitar jardines, proteger la intimidad y como valla decorativa.<\/p>","protected":false},"featured_media":17490,"comment_status":"open","ping_status":"closed","template":"","meta":{"_uag_custom_page_level_css":"","site-sidebar-layout":"default","site-content-layout":"","ast-site-content-layout":"default","site-content-style":"default","site-sidebar-style":"default","ast-global-header-display":"","ast-banner-title-visibility":"","ast-main-header-display":"","ast-hfb-above-header-display":"","ast-hfb-below-header-display":"","ast-hfb-mobile-header-display":"","site-post-title":"","ast-breadcrumbs-content":"","ast-featured-img":"","footer-sml-layout":"","theme-transparent-header-meta":"default","adv-header-id-meta":"","stick-header-meta":"default","header-above-stick-meta":"","header-main-stick-meta":"","header-below-stick-meta":"","astra-migrate-meta-layouts":"set","ast-page-background-enabled":"default","ast-page-background-meta":{"desktop":{"background-color":"var(--ast-global-color-4)","background-image":"","background-repeat":"repeat","background-position":"center center","background-size":"auto","background-attachment":"scroll","background-type":"","background-media":"","overlay-type":"","overlay-color":"","overlay-opacity":"","overlay-gradient":""},"tablet":{"background-color":"","background-image":"","background-repeat":"repeat","background-position":"center center","background-size":"auto","background-attachment":"scroll","background-type":"","background-media":"","overlay-type":"","overlay-color":"","overlay-opacity":"","overlay-gradient":""},"mobile":{"background-color":"","background-image":"","background-repeat":"repeat","background-position":"center center","background-size":"auto","background-attachment":"scroll","background-type":"","background-media":"","overlay-type":"","overlay-color":"","overlay-opacity":"","overlay-gradient":""}},"ast-content-background-meta":{"desktop":{"background-color":"var(--ast-global-color-5)","background-image":"","background-repeat":"repeat","background-position":"center center","background-size":"auto","background-attachment":"scroll","background-type":"","background-media":"","overlay-type":"","overlay-color":"","overlay-opacity":"","overlay-gradient":""},"tablet":{"background-color":"var(--ast-global-color-5)","background-image":"","background-repeat":"repeat","background-position":"center center","background-size":"auto","background-attachment":"scroll","background-type":"","background-media":"","overlay-type":"","overlay-color":"","overlay-opacity":"","overlay-gradient":""},"mobile":{"background-color":"var(--ast-global-color-5)","background-image":"","background-repeat":"repeat","background-position":"center center","background-size":"auto","background-attachment":"scroll","background-type":"","background-media":"","overlay-type":"","overlay-color":"","overlay-opacity":"","overlay-gradient":""}}},"product_brand":[],"product_cat":[18],"product_tag":[186,187,188,185],"class_list":{"0":"post-20295","1":"product","2":"type-product","3":"status-publish","4":"has-post-thumbnail","6":"product_cat-uncategorized","7":"product_tag-aluminum-fence","8":"product_tag-exterior-fence","9":"product_tag-garden-fence","10":"product_tag-wpc-fence","11":"desktop-align-center","12":"tablet-align-left","13":"mobile-align-left","14":"ast-product-gallery-layout-horizontal-slider","15":"ast-product-tabs-layout-vertical","17":"first","18":"instock","19":"shipping-taxable","20":"product-type-simple"},"uagb_featured_image_src":{"full":["https:\/\/meterny.com\/wp-content\/uploads\/2024\/10\/\u90a6\u82f1-5.jpg",800,800,false],"thumbnail":["https:\/\/meterny.com\/wp-content\/uploads\/2024\/10\/\u90a6\u82f1-5-150x150.jpg",150,150,true],"medium":["https:\/\/meterny.com\/wp-content\/uploads\/2024\/10\/\u90a6\u82f1-5-300x300.jpg",300,300,true],"medium_large":["https:\/\/meterny.com\/wp-content\/uploads\/2024\/10\/\u90a6\u82f1-5-768x768.jpg",768,768,true],"large":["https:\/\/meterny.com\/wp-content\/uploads\/2024\/10\/\u90a6\u82f1-5.jpg",800,800,false],"1536x1536":["https:\/\/meterny.com\/wp-content\/uploads\/2024\/10\/\u90a6\u82f1-5.jpg",800,800,false],"2048x2048":["https:\/\/meterny.com\/wp-content\/uploads\/2024\/10\/\u90a6\u82f1-5.jpg",800,800,false],"trp-custom-language-flag":["https:\/\/meterny.com\/wp-content\/uploads\/2024\/10\/\u90a6\u82f1-5.jpg",12,12,false],"woocommerce_thumbnail":["https:\/\/meterny.com\/wp-content\/uploads\/2024\/10\/\u90a6\u82f1-5-300x300.jpg",300,300,true],"woocommerce_single":["https:\/\/meterny.com\/wp-content\/uploads\/2024\/10\/\u90a6\u82f1-5-600x600.jpg",600,600,true],"woocommerce_gallery_thumbnail":["https:\/\/meterny.com\/wp-content\/uploads\/2024\/10\/\u90a6\u82f1-5-100x100.jpg",100,100,true]},"uagb_author_info":{"display_name":"meterny","author_link":"https:\/\/meterny.com\/es\/author\/"},"uagb_comment_info":0,"uagb_excerpt":"Key Features: Waterproof and Weather-Resistant: Ideal for outdoor use in all climates. Eco-Friendly Materials: Sustainable and environmentally conscious. Customizable Length: Tailored to fit your garden's specific dimensions. Low Maintenance: Easy to clean and maintain, unlike traditional wood. Dual Surface Options: Choose between elegant wood grains or classic strips for a personalized look. Enhanced Stability: Reinforced&hellip;","_links":{"self":[{"href":"https:\/\/meterny.com\/es\/wp-json\/wp\/v2\/product\/20295","targetHints":{"allow":["GET"]}}],"collection":[{"href":"https:\/\/meterny.com\/es\/wp-json\/wp\/v2\/product"}],"about":[{"href":"https:\/\/meterny.com\/es\/wp-json\/wp\/v2\/types\/product"}],"replies":[{"embeddable":true,"href":"https:\/\/meterny.com\/es\/wp-json\/wp\/v2\/comments?post=20295"}],"wp:featuredmedia":[{"embeddable":true,"href":"https:\/\/meterny.com\/es\/wp-json\/wp\/v2\/media\/17490"}],"wp:attachment":[{"href":"https:\/\/meterny.com\/es\/wp-json\/wp\/v2\/media?parent=20295"}],"wp:term":[{"taxonomy":"product_brand","embeddable":true,"href":"https:\/\/meterny.com\/es\/wp-json\/wp\/v2\/product_brand?post=20295"},{"taxonomy":"product_cat","embeddable":true,"href":"https:\/\/meterny.com\/es\/wp-json\/wp\/v2\/product_cat?post=20295"},{"taxonomy":"product_tag","embeddable":true,"href":"https:\/\/meterny.com\/es\/wp-json\/wp\/v2\/product_tag?post=20295"}],"curies":[{"name":"wp","href":"https:\/\/api.w.org\/{rel}","templated":true}]}}