{"id":20296,"date":"2024-12-15T12:21:01","date_gmt":"2024-12-15T12:21:01","guid":{"rendered":"https:\/\/meterny.com\/?post_type=product&#038;p=20296"},"modified":"2025-01-18T09:08:29","modified_gmt":"2025-01-18T09:08:29","slug":"heavy-duty-wpc-fence-panel","status":"publish","type":"product","link":"https:\/\/meterny.com\/es\/producto\/heavy-duty-wpc-fence-panel\/","title":{"rendered":"Panel de valla de WPC resistente para privacidad y seguridad"},"content":{"rendered":"<div class=\"elementor-element elementor-element-c0e1d42 elementor-widget elementor-widget-heading\" data-id=\"c0e1d42\" data-element_type=\"widget\" data-widget_type=\"heading.default\"><\/div>\n<div class=\"elementor-element elementor-element-1f676da elementor-widget elementor-widget-heading\" data-id=\"1f676da\" data-element_type=\"widget\" data-widget_type=\"heading.default\">\n<h2 class=\"elementor-widget-container\" style=\"text-align: center;\">Panel de valla de WPC resistente para privacidad y seguridad<\/h2>\n<\/div>\n<p><strong>Modelo<\/strong>: METE1800H1850<\/p>\n<p><strong>Tipo<\/strong>: Panel resistente de la cerca de WPC<\/p>\n<p><strong>Talla<\/strong>: Anchura 1800mm x Altura 1850mm<\/p>\n<p><strong>Superficie<\/strong>: Dos superficies - Listones y vetas de madera<\/p>\n<p><strong>Color<\/strong>9 opciones de color<\/p>\n<p><strong>Longitud<\/strong>: Personalizado<\/p>\n<p><strong>Material<\/strong>: Compuesto de madera y pl\u00e1stico<\/p>\n<p><strong>Tecnolog\u00eda del producto<\/strong>: Eco-extrusi\u00f3n<\/p>\n<p>Panel de valla de WPC resistente<\/p>\n<figure id=\"attachment_17491\" aria-describedby=\"caption-attachment-17491\" style=\"width: 1024px\" class=\"wp-caption alignnone\"><img loading=\"lazy\" decoding=\"async\" class=\"wp-image-17491\" src=\"https:\/\/meterny.com\/wp-content\/uploads\/2024\/10\/\u90a6\u82f1-6.jpg\" alt=\"Panel de valla de WPC resistente para privacidad y seguridad\" width=\"1024\" height=\"1024\" srcset=\"https:\/\/meterny.com\/wp-content\/uploads\/2024\/10\/\u90a6\u82f1-6.jpg 800w, https:\/\/meterny.com\/wp-content\/uploads\/2024\/10\/\u90a6\u82f1-6-300x300.jpg 300w, https:\/\/meterny.com\/wp-content\/uploads\/2024\/10\/\u90a6\u82f1-6-150x150.jpg 150w, https:\/\/meterny.com\/wp-content\/uploads\/2024\/10\/\u90a6\u82f1-6-768x768.jpg 768w, https:\/\/meterny.com\/wp-content\/uploads\/2024\/10\/\u90a6\u82f1-6-600x600.jpg 600w, https:\/\/meterny.com\/wp-content\/uploads\/2024\/10\/\u90a6\u82f1-6-100x100.jpg 100w\" sizes=\"auto, (max-width: 1024px) 100vw, 1024px\" \/><figcaption id=\"caption-attachment-17491\" class=\"wp-caption-text\">Duradera y segura: Paneles de valla de WPC resistentes para cada necesidad<\/figcaption><\/figure>\n<h3><strong>Productos<\/strong><\/h3>\n<p id=\"\"><strong>Construya una barrera resistente para la privacidad y la seguridad - Panel de valla de WPC resistente<\/strong><\/p>\n<p id=\"\">En la b\u00fasqueda de un entorno dom\u00e9stico que equilibre la est\u00e9tica con la practicidad, nuestro panel de valla de WPC (compuesto de madera y pl\u00e1stico) resistente destaca como una soluci\u00f3n de vallado exterior ideal gracias a su excepcional durabilidad, respeto por el medio ambiente y elegante dise\u00f1o. Espec\u00edficamente dise\u00f1ado para mejorar la privacidad y la seguridad, este panel de valla no s\u00f3lo bloquea eficazmente las vistas exteriores, sino que tambi\u00e9n proporciona una s\u00f3lida protecci\u00f3n f\u00edsica, haciendo que su hogar sea m\u00e1s acogedor y seguro.<\/p>\n<h3><strong>Caracter\u00edsticas del producto<\/strong><\/h3>\n<h4>1. <strong>Ultra durabilidad<\/strong><\/h4>\n<ul>\n<li><strong>Resistencia a la intemperie<\/strong>: Fabricado con material WPC avanzado, resiste eficazmente los rayos UV, el viento, la erosi\u00f3n de la lluvia y los cambios extremos de temperatura, manteniendo su color vibrante y resistiendo el envejecimiento y la deformaci\u00f3n con el paso del tiempo.<\/li>\n<li><strong>Resistencia a los impactos<\/strong>: Con un dise\u00f1o estructural de alta resistencia, puede soportar impactos accidentales, salvaguardando la seguridad de su familia.<\/li>\n<\/ul>\n<h4>2. <strong>Ecolog\u00eda y salud<\/strong><\/h4>\n<ul>\n<li><strong>No t\u00f3xico e inocuo<\/strong>: Completamente libre de formaldeh\u00eddo y otras sustancias nocivas, es seguro y respetuoso con el medio ambiente, protegiendo su salud y la de su familia.<\/li>\n<li><strong>Reciclable<\/strong>: El material WPC favorece el reciclaje, reduce el impacto medioambiental y se ajusta a los principios de la vida ecol\u00f3gica.<\/li>\n<\/ul>\n<h4>3. <strong>Protecci\u00f3n de la intimidad<\/strong><\/h4>\n<ul>\n<li><strong>Disposici\u00f3n ajustada<\/strong>: El dise\u00f1o \u00fanico de las lamas bloquea eficazmente las vistas al exterior, proporcionando privacidad a su espacio exterior.<\/li>\n<li><strong>Est\u00e9tica natural<\/strong>: Imitando las vetas de la madera aut\u00e9ntica, garantiza la privacidad sin sacrificar el efecto visual natural y armonioso.<\/li>\n<\/ul>\n<h4>4. <strong>F\u00e1cil instalaci\u00f3n<\/strong><\/h4>\n<ul>\n<li><strong>Estructura ligera<\/strong>: En comparaci\u00f3n con la madera tradicional, los paneles de valla de WPC son m\u00e1s ligeros, f\u00e1ciles de manejar y de instalar.<\/li>\n<li><strong>Montaje r\u00e1pido<\/strong>: Viene con gu\u00edas de instalaci\u00f3n detalladas y los accesorios necesarios, sin necesidad de herramientas complejas para una f\u00e1cil instalaci\u00f3n.<\/li>\n<\/ul>\n<h4>5. <strong>Bajo mantenimiento<\/strong><\/h4>\n<ul>\n<li><strong>No necesita pintura<\/strong>: Precoloreado y tratado para resistir a la corrosi\u00f3n, elimina la necesidad de un mantenimiento regular de pintura, ahorrando tiempo y costes.<\/li>\n<li><strong>F\u00e1cil de limpiar<\/strong>: La superficie lisa permite limpiarla f\u00e1cilmente s\u00f3lo con agua, manteni\u00e9ndola como nueva.<\/li>\n<\/ul>\n<h3><strong>Especificaciones del producto<\/strong><\/h3>\n<ul>\n<li><strong>Talla<\/strong>: Ancho x alto est\u00e1ndar (personalizable seg\u00fan las necesidades del cliente)<\/li>\n<li><strong>Color<\/strong>: M\u00faltiples colores de grano de madera natural disponibles, como roble, nogal, etc.<\/li>\n<li><strong>Espesor<\/strong>: Dise\u00f1o mejorado con un grosor muy superior al de los paneles de valla normales<\/li>\n<li><strong>Peso<\/strong>: Ligero pero robusto para una f\u00e1cil instalaci\u00f3n<\/li>\n<\/ul>\n<h3><strong>Escenarios de aplicaci\u00f3n<\/strong><\/h3>\n<ul>\n<li><strong>Patios traseros residenciales<\/strong>: A\u00f1ada un toque de verdor y seguridad a su jard\u00edn privado.<\/li>\n<li><strong>Villa Walls<\/strong>: Mejore la est\u00e9tica general y la privacidad de su villa.<\/li>\n<li><strong>Locales comerciales<\/strong>: Como hoteles, complejos tur\u00edsticos, creando un entorno exterior elegante y seguro.<\/li>\n<li><strong>Instalaciones p\u00fablicas<\/strong>: Parques, escuelas y otros lugares que necesitan tanto est\u00e9tica como protecci\u00f3n.<\/li>\n<\/ul>\n<h3><strong>Gu\u00eda de compra<\/strong><\/h3>\n<ul>\n<li><strong>Servicio de personalizaci\u00f3n<\/strong>: Ofrece tama\u00f1os y colores personalizados para satisfacer sus necesidades.<\/li>\n<li><strong>Env\u00edo y entrega<\/strong>: Entrega r\u00e1pida en todo el pa\u00eds que garantiza la llegada segura del producto.<\/li>\n<li><strong>Servicio posventa<\/strong>: Un equipo profesional de atenci\u00f3n al cliente que ofrece asesoramiento preventa y asistencia posventa para una experiencia de compra sin complicaciones.<\/li>\n<\/ul>\n<h3><strong>Conclusi\u00f3n<\/strong><\/h3>\n<p id=\"\">Elegir nuestro Panel de valla de WPC resistente es elegir una soluci\u00f3n de espacio exterior bonita y pr\u00e1ctica. No s\u00f3lo mejora eficazmente la seguridad de su vivienda y la protecci\u00f3n de su intimidad, sino que tambi\u00e9n a\u00f1ade un toque de naturaleza y armon\u00eda a su hogar. Act\u00fae ahora para dar un nuevo aspecto a su espacio exterior.<\/p>\n<h3>Color y superficie<\/h3>\n<p>Disponible en nueve colores distintos, el METE1800H1850 ofrece opciones de dise\u00f1o vers\u00e1tiles que se adaptan a cualquier jard\u00edn o entorno exterior. Elija entre dos texturas de superficie: listones cl\u00e1sicos o elegantes vetas de madera, para complementar a la perfecci\u00f3n su paisaje. Personalice la longitud para adaptarla a sus requisitos espec\u00edficos, garantizando una instalaci\u00f3n a medida y sin juntas.<\/p>\n<h3>Si desea conocer m\u00e1s detalles, haga clic en este enlace de youtube:<a href=\"https:\/\/youtu.be\/A_X4ZdlYfzc\" target=\"_blank\" rel=\"noopener\">https:\/\/youtu.be\/A_X4ZdlYfzc<\/a><\/h3>\n<p>&nbsp;<\/p>\n<h3>Galer\u00eda<\/h3>\n<figure id=\"attachment_17170\" aria-describedby=\"caption-attachment-17170\" style=\"width: 1024px\" class=\"wp-caption alignnone\"><img loading=\"lazy\" decoding=\"async\" class=\"wp-image-17170\" src=\"https:\/\/meterny.com\/wp-content\/uploads\/2024\/05\/14-4zhu.jpg\" alt=\"Valla de WPC resistente para l\u00edmites de propiedad\" width=\"1024\" height=\"1024\" srcset=\"https:\/\/meterny.com\/wp-content\/uploads\/2024\/05\/14-4zhu.jpg 800w, https:\/\/meterny.com\/wp-content\/uploads\/2024\/05\/14-4zhu-300x300.jpg 300w, https:\/\/meterny.com\/wp-content\/uploads\/2024\/05\/14-4zhu-150x150.jpg 150w, https:\/\/meterny.com\/wp-content\/uploads\/2024\/05\/14-4zhu-768x768.jpg 768w, https:\/\/meterny.com\/wp-content\/uploads\/2024\/05\/14-4zhu-600x600.jpg 600w, https:\/\/meterny.com\/wp-content\/uploads\/2024\/05\/14-4zhu-100x100.jpg 100w\" sizes=\"auto, (max-width: 1024px) 100vw, 1024px\" \/><figcaption id=\"caption-attachment-17170\" class=\"wp-caption-text\">Aporte elegancia a su jard\u00edn con vallas de composite de alta calidad<\/figcaption><\/figure>\n<figure id=\"attachment_17167\" aria-describedby=\"caption-attachment-17167\" style=\"width: 1024px\" class=\"wp-caption alignnone\"><img loading=\"lazy\" decoding=\"async\" class=\"wp-image-17167\" src=\"https:\/\/meterny.com\/wp-content\/uploads\/2024\/05\/7-2zhu.jpg\" alt=\"Cercados de WPC para zonas urbanas que reducen el ruido\" width=\"1024\" height=\"1024\" srcset=\"https:\/\/meterny.com\/wp-content\/uploads\/2024\/05\/7-2zhu.jpg 800w, https:\/\/meterny.com\/wp-content\/uploads\/2024\/05\/7-2zhu-300x300.jpg 300w, https:\/\/meterny.com\/wp-content\/uploads\/2024\/05\/7-2zhu-150x150.jpg 150w, https:\/\/meterny.com\/wp-content\/uploads\/2024\/05\/7-2zhu-768x768.jpg 768w, https:\/\/meterny.com\/wp-content\/uploads\/2024\/05\/7-2zhu-600x600.jpg 600w, https:\/\/meterny.com\/wp-content\/uploads\/2024\/05\/7-2zhu-100x100.jpg 100w\" sizes=\"auto, (max-width: 1024px) 100vw, 1024px\" \/><figcaption id=\"caption-attachment-17167\" class=\"wp-caption-text\">D\u00e9 rienda suelta a su creatividad con los dise\u00f1os personalizables de vallas de WPC<\/figcaption><\/figure>\n<p>Carta de colores del panel de valla WPC de la serie Meterny METE<\/p>\n<figure id=\"attachment_20293\" aria-describedby=\"caption-attachment-20293\" style=\"width: 1024px\" class=\"wp-caption alignnone\"><img loading=\"lazy\" decoding=\"async\" class=\"wp-image-20293\" src=\"https:\/\/meterny.com\/wp-content\/uploads\/2024\/10\/METE-Series-Colour-151.png\" alt=\"Opciones de color de la valla de WPC Meterny\" width=\"1024\" height=\"1024\" srcset=\"https:\/\/meterny.com\/wp-content\/uploads\/2024\/10\/METE-Series-Colour-151.png 900w, https:\/\/meterny.com\/wp-content\/uploads\/2024\/10\/METE-Series-Colour-151-300x300.png 300w, https:\/\/meterny.com\/wp-content\/uploads\/2024\/10\/METE-Series-Colour-151-150x150.png 150w, https:\/\/meterny.com\/wp-content\/uploads\/2024\/10\/METE-Series-Colour-151-768x768.png 768w, https:\/\/meterny.com\/wp-content\/uploads\/2024\/10\/METE-Series-Colour-151-600x600.png 600w, https:\/\/meterny.com\/wp-content\/uploads\/2024\/10\/METE-Series-Colour-151-100x100.png 100w\" sizes=\"auto, (max-width: 1024px) 100vw, 1024px\" \/><figcaption id=\"caption-attachment-20293\" class=\"wp-caption-text\">Explore la valla de WPC Meterny - Nueve impresionantes opciones de color para cada estilo<\/figcaption><\/figure>\n<p><strong>Valla de jard\u00edn de WPC<\/strong><\/p>\n<h3>Duradero e impermeable<\/h3>\n<p>Fabricada con tecnolog\u00eda avanzada de ecoextrusi\u00f3n, esta valla est\u00e1 hecha para durar. Sus propiedades impermeables la convierten en la opci\u00f3n ideal para todo tipo de condiciones clim\u00e1ticas, lo que garantiza su longevidad y un mantenimiento m\u00ednimo. Los pilares de aluminio proporcionan estabilidad adicional, por lo que es una soluci\u00f3n de vallado fiable y resistente para cualquier jard\u00edn.<\/p>\n<p>Instalaciones Accesorios<\/p>\n<figure id=\"attachment_17165\" aria-describedby=\"caption-attachment-17165\" style=\"width: 1024px\" class=\"wp-caption alignnone\"><img loading=\"lazy\" decoding=\"async\" class=\"wp-image-17165\" src=\"https:\/\/meterny.com\/wp-content\/uploads\/2024\/05\/Heef5f4fd9e2c4c9a9145a852eb0aedceQ-1.png\" alt=\"Accesorios completos para la instalaci\u00f3n de vallas de WPC\" width=\"1024\" height=\"1054\" srcset=\"https:\/\/meterny.com\/wp-content\/uploads\/2024\/05\/Heef5f4fd9e2c4c9a9145a852eb0aedceQ-1.png 923w, https:\/\/meterny.com\/wp-content\/uploads\/2024\/05\/Heef5f4fd9e2c4c9a9145a852eb0aedceQ-1-291x300.png 291w, https:\/\/meterny.com\/wp-content\/uploads\/2024\/05\/Heef5f4fd9e2c4c9a9145a852eb0aedceQ-1-768x790.png 768w, https:\/\/meterny.com\/wp-content\/uploads\/2024\/05\/Heef5f4fd9e2c4c9a9145a852eb0aedceQ-1-600x618.png 600w\" sizes=\"auto, (max-width: 1024px) 100vw, 1024px\" \/><figcaption id=\"caption-attachment-17165\" class=\"wp-caption-text\">Accesorios de instalaci\u00f3n de vallas de WPC todo en uno para un montaje sin esfuerzo<\/figcaption><\/figure>\n<h3>\u00bfPor qu\u00e9 elegir el panel de valla de WPC resistente METE1800H1850?<\/h3>\n<p id=\"\">Deber\u00eda elegir el Panel de valla de WPC resistente METE1800H1850 por varias razones de peso. Estas son algunas de las principales ventajas:<\/p>\n<h3>1.\u00a0<strong>Durabilidad y resistencia<\/strong><\/h3>\n<ul>\n<li><strong>Resistencia a la intemperie<\/strong>: El panel de valla METE1800H1850 Heavy-Duty WPC est\u00e1 fabricado con un avanzado material compuesto de madera y pl\u00e1stico (WPC), que es muy resistente a las condiciones meteorol\u00f3gicas, como los rayos UV, el viento, la lluvia y las fluctuaciones de temperatura. Esto garantiza que el panel de valla mantenga su integridad, color y aspecto con el paso del tiempo.<\/li>\n<li><strong>Resistencia a los impactos<\/strong>: El dise\u00f1o de alta resistencia del panel de la valla proporciona una excelente resistencia a los impactos, por lo que es adecuado para \u00e1reas donde la durabilidad es una prioridad.<\/li>\n<\/ul>\n<h3>2.\u00a0<strong>Respeto del medio ambiente<\/strong><\/h3>\n<ul>\n<li><strong>Material sostenible<\/strong>: El material WPC est\u00e1 compuesto de pl\u00e1stico reciclado y fibras de madera, lo que lo convierte en una opci\u00f3n respetuosa con el medio ambiente.<\/li>\n<li><strong>No t\u00f3xico y seguro<\/strong>: El panel de la valla no contiene formaldeh\u00eddo ni otras sustancias nocivas, lo que garantiza un entorno de vida seguro y saludable.<\/li>\n<\/ul>\n<h3>3.\u00a0<strong>Privacidad y seguridad<\/strong><\/h3>\n<ul>\n<li><strong>Barrera de privacidad eficaz<\/strong>: El dise\u00f1o \u00fanico del panel de la valla crea una barrera eficaz contra las vistas exteriores, proporcionando privacidad y seguridad para su espacio al aire libre.<\/li>\n<li><strong>Construcci\u00f3n robusta<\/strong>: La construcci\u00f3n de alta resistencia a\u00f1ade una capa adicional de seguridad, disuadiendo el acceso no autorizado y mejorando la seguridad general de su propiedad.<\/li>\n<\/ul>\n<h3>4.\u00a0<strong>Facilidad de instalaci\u00f3n y mantenimiento<\/strong><\/h3>\n<ul>\n<li><strong>Ligero y f\u00e1cil de manejar<\/strong>: En comparaci\u00f3n con las vallas de madera tradicionales, el panel de valla de WPC resistente METE1800H1850 es m\u00e1s ligero y f\u00e1cil de instalar.<\/li>\n<li><strong>Instalaci\u00f3n r\u00e1pida y sencilla<\/strong>: El panel de la valla viene con gu\u00edas de instalaci\u00f3n detalladas y los accesorios necesarios, por lo que es f\u00e1cil de montar sin necesidad de herramientas complejas.<\/li>\n<li><strong>Bajo mantenimiento<\/strong>: La superficie lisa del panel de la valla es f\u00e1cil de limpiar con agua, lo que ahorra tiempo y esfuerzo en el mantenimiento peri\u00f3dico.<\/li>\n<\/ul>\n<h3>5.\u00a0<strong>Atractivo est\u00e9tico<\/strong><\/h3>\n<ul>\n<li><strong>Grano de madera natural<\/strong>: El panel de valla imita el aspecto de la madera aut\u00e9ntica, a\u00f1adiendo una est\u00e9tica natural y armoniosa a su espacio exterior.<\/li>\n<li><strong>Opciones personalizables<\/strong>: El METE1800H1850 Heavy-Duty WPC Fence Panel se puede personalizar en varios tama\u00f1os y colores para satisfacer sus necesidades y preferencias \u00fanicas.<\/li>\n<\/ul>\n<h3>6.\u00a0<strong>Relaci\u00f3n coste-eficacia<\/strong><\/h3>\n<ul>\n<li><strong>Durabilidad a largo plazo<\/strong>: La durabilidad y resistencia a la intemperie del panel de valla garantizan que durar\u00e1 muchos a\u00f1os, reduciendo la necesidad de sustituciones frecuentes.<\/li>\n<li><strong>Relaci\u00f3n calidad-precio<\/strong>: La combinaci\u00f3n de material de alta calidad, excelente rendimiento y bajos costes de mantenimiento hace que el panel de valla de WPC resistente METE1800H1850 sea una opci\u00f3n rentable.<\/li>\n<\/ul>\n<p id=\"\">En conclusi\u00f3n, el panel de valla de WPC resistente METE1800H1850 es una opci\u00f3n excelente para cualquiera que busque una soluci\u00f3n de valla duradera, ecol\u00f3gica, que mejore la privacidad y f\u00e1cil de instalar. Su combinaci\u00f3n de resistencia, est\u00e9tica y rentabilidad lo convierte en una opci\u00f3n destacada en el mercado.<\/p>","protected":false},"excerpt":{"rendered":"<h3>Caracter\u00edsticas principales:<\/h3>\n<p>Impermeable y resistente a la intemperie: Ideal para uso al aire libre en todos los climas.<br \/>\nMateriales ecol\u00f3gicos: Sostenible y respetuoso con el medio ambiente.<br \/>\nLongitud personalizable: Hecho a medida para adaptarse a las dimensiones espec\u00edficas de su jard\u00edn.<br \/>\nBajo mantenimiento: F\u00e1cil de limpiar y mantener, a diferencia de la madera tradicional.<br \/>\nOpciones de doble superficie: Elija entre elegantes vetas de madera o listones cl\u00e1sicos para un aspecto personalizado.<br \/>\nEstabilidad mejorada: Reforzado con pilares de aluminio duraderos para mayor resistencia y seguridad.<\/p>\n<h3>Aplicaciones:<\/h3>\n<p>Perfecta para delimitar jardines, proteger la intimidad y como valla decorativa.<\/p>","protected":false},"featured_media":17491,"comment_status":"open","ping_status":"closed","template":"","meta":{"_uag_custom_page_level_css":"","site-sidebar-layout":"default","site-content-layout":"","ast-site-content-layout":"default","site-content-style":"default","site-sidebar-style":"default","ast-global-header-display":"","ast-banner-title-visibility":"","ast-main-header-display":"","ast-hfb-above-header-display":"","ast-hfb-below-header-display":"","ast-hfb-mobile-header-display":"","site-post-title":"","ast-breadcrumbs-content":"","ast-featured-img":"","footer-sml-layout":"","theme-transparent-header-meta":"default","adv-header-id-meta":"","stick-header-meta":"default","header-above-stick-meta":"","header-main-stick-meta":"","header-below-stick-meta":"","astra-migrate-meta-layouts":"set","ast-page-background-enabled":"default","ast-page-background-meta":{"desktop":{"background-color":"var(--ast-global-color-4)","background-image":"","background-repeat":"repeat","background-position":"center center","background-size":"auto","background-attachment":"scroll","background-type":"","background-media":"","overlay-type":"","overlay-color":"","overlay-opacity":"","overlay-gradient":""},"tablet":{"background-color":"","background-image":"","background-repeat":"repeat","background-position":"center center","background-size":"auto","background-attachment":"scroll","background-type":"","background-media":"","overlay-type":"","overlay-color":"","overlay-opacity":"","overlay-gradient":""},"mobile":{"background-color":"","background-image":"","background-repeat":"repeat","background-position":"center center","background-size":"auto","background-attachment":"scroll","background-type":"","background-media":"","overlay-type":"","overlay-color":"","overlay-opacity":"","overlay-gradient":""}},"ast-content-background-meta":{"desktop":{"background-color":"var(--ast-global-color-5)","background-image":"","background-repeat":"repeat","background-position":"center center","background-size":"auto","background-attachment":"scroll","background-type":"","background-media":"","overlay-type":"","overlay-color":"","overlay-opacity":"","overlay-gradient":""},"tablet":{"background-color":"var(--ast-global-color-5)","background-image":"","background-repeat":"repeat","background-position":"center center","background-size":"auto","background-attachment":"scroll","background-type":"","background-media":"","overlay-type":"","overlay-color":"","overlay-opacity":"","overlay-gradient":""},"mobile":{"background-color":"var(--ast-global-color-5)","background-image":"","background-repeat":"repeat","background-position":"center center","background-size":"auto","background-attachment":"scroll","background-type":"","background-media":"","overlay-type":"","overlay-color":"","overlay-opacity":"","overlay-gradient":""}}},"product_brand":[],"product_cat":[18],"product_tag":[186,187,188,185],"class_list":{"0":"post-20296","1":"product","2":"type-product","3":"status-publish","4":"has-post-thumbnail","6":"product_cat-uncategorized","7":"product_tag-aluminum-fence","8":"product_tag-exterior-fence","9":"product_tag-garden-fence","10":"product_tag-wpc-fence","11":"desktop-align-center","12":"tablet-align-left","13":"mobile-align-left","14":"ast-product-gallery-layout-horizontal-slider","15":"ast-product-tabs-layout-vertical","17":"first","18":"instock","19":"shipping-taxable","20":"product-type-simple"},"uagb_featured_image_src":{"full":["https:\/\/meterny.com\/wp-content\/uploads\/2024\/10\/\u90a6\u82f1-6.jpg",800,800,false],"thumbnail":["https:\/\/meterny.com\/wp-content\/uploads\/2024\/10\/\u90a6\u82f1-6-150x150.jpg",150,150,true],"medium":["https:\/\/meterny.com\/wp-content\/uploads\/2024\/10\/\u90a6\u82f1-6-300x300.jpg",300,300,true],"medium_large":["https:\/\/meterny.com\/wp-content\/uploads\/2024\/10\/\u90a6\u82f1-6-768x768.jpg",768,768,true],"large":["https:\/\/meterny.com\/wp-content\/uploads\/2024\/10\/\u90a6\u82f1-6.jpg",800,800,false],"1536x1536":["https:\/\/meterny.com\/wp-content\/uploads\/2024\/10\/\u90a6\u82f1-6.jpg",800,800,false],"2048x2048":["https:\/\/meterny.com\/wp-content\/uploads\/2024\/10\/\u90a6\u82f1-6.jpg",800,800,false],"trp-custom-language-flag":["https:\/\/meterny.com\/wp-content\/uploads\/2024\/10\/\u90a6\u82f1-6.jpg",12,12,false],"woocommerce_thumbnail":["https:\/\/meterny.com\/wp-content\/uploads\/2024\/10\/\u90a6\u82f1-6-300x300.jpg",300,300,true],"woocommerce_single":["https:\/\/meterny.com\/wp-content\/uploads\/2024\/10\/\u90a6\u82f1-6-600x600.jpg",600,600,true],"woocommerce_gallery_thumbnail":["https:\/\/meterny.com\/wp-content\/uploads\/2024\/10\/\u90a6\u82f1-6-100x100.jpg",100,100,true]},"uagb_author_info":{"display_name":"meterny","author_link":"https:\/\/meterny.com\/es\/author\/"},"uagb_comment_info":0,"uagb_excerpt":"Key Features: Waterproof and Weather-Resistant: Ideal for outdoor use in all climates. Eco-Friendly Materials: Sustainable and environmentally conscious. Customizable Length: Tailored to fit your garden's specific dimensions. Low Maintenance: Easy to clean and maintain, unlike traditional wood. Dual Surface Options: Choose between elegant wood grains or classic strips for a personalized look. Enhanced Stability: Reinforced&hellip;","_links":{"self":[{"href":"https:\/\/meterny.com\/es\/wp-json\/wp\/v2\/product\/20296","targetHints":{"allow":["GET"]}}],"collection":[{"href":"https:\/\/meterny.com\/es\/wp-json\/wp\/v2\/product"}],"about":[{"href":"https:\/\/meterny.com\/es\/wp-json\/wp\/v2\/types\/product"}],"replies":[{"embeddable":true,"href":"https:\/\/meterny.com\/es\/wp-json\/wp\/v2\/comments?post=20296"}],"wp:featuredmedia":[{"embeddable":true,"href":"https:\/\/meterny.com\/es\/wp-json\/wp\/v2\/media\/17491"}],"wp:attachment":[{"href":"https:\/\/meterny.com\/es\/wp-json\/wp\/v2\/media?parent=20296"}],"wp:term":[{"taxonomy":"product_brand","embeddable":true,"href":"https:\/\/meterny.com\/es\/wp-json\/wp\/v2\/product_brand?post=20296"},{"taxonomy":"product_cat","embeddable":true,"href":"https:\/\/meterny.com\/es\/wp-json\/wp\/v2\/product_cat?post=20296"},{"taxonomy":"product_tag","embeddable":true,"href":"https:\/\/meterny.com\/es\/wp-json\/wp\/v2\/product_tag?post=20296"}],"curies":[{"name":"wp","href":"https:\/\/api.w.org\/{rel}","templated":true}]}}