{"id":20298,"date":"2024-12-15T12:32:12","date_gmt":"2024-12-15T12:32:12","guid":{"rendered":"https:\/\/meterny.com\/?post_type=product&#038;p=20298"},"modified":"2025-01-18T09:10:03","modified_gmt":"2025-01-18T09:10:03","slug":"residential-wpc-fence","status":"publish","type":"product","link":"https:\/\/meterny.com\/es\/producto\/residential-wpc-fence\/","title":{"rendered":"Valla residencial de WPC con textura de madera natural Paneles de vallado de jard\u00edn de WPC"},"content":{"rendered":"<h2 class=\"elementor-element elementor-element-c0e1d42 elementor-widget elementor-widget-heading\" style=\"text-align: center;\" data-id=\"c0e1d42\" data-element_type=\"widget\" data-widget_type=\"heading.default\">Valla residencial de WPC con textura de madera natural Paneles de vallado de jard\u00edn de WPC<\/h2>\n<div class=\"elementor-element elementor-element-1f676da elementor-widget elementor-widget-heading\" data-id=\"1f676da\" data-element_type=\"widget\" data-widget_type=\"heading.default\">\n<h2 class=\"elementor-widget-container\" style=\"text-align: center;\"><\/h2>\n<\/div>\n<p><strong>Modelo<\/strong>: METE1800H1850 Residencial WPC Cerca<\/p>\n<p><strong>Tipo<\/strong>: Valla Residencial WPC<\/p>\n<p><strong>Talla<\/strong>: Anchura 1800mm x Altura 1850mm<\/p>\n<p><strong>Superficie<\/strong>: Dos superficies - Listones y vetas de madera<\/p>\n<p><strong>Color<\/strong>9 opciones de color<\/p>\n<p><strong>Longitud<\/strong>: Personalizado<\/p>\n<p><strong>Material<\/strong>: Compuesto de madera y pl\u00e1stico<\/p>\n<p><strong>Tecnolog\u00eda del producto<\/strong>: Eco-extrusi\u00f3n<\/p>\n<p><strong>Valla de jard\u00edn de WPC<\/strong><\/p>\n<figure id=\"attachment_17473\" aria-describedby=\"caption-attachment-17473\" style=\"width: 1024px\" class=\"wp-caption alignnone\"><img loading=\"lazy\" decoding=\"async\" class=\"wp-image-17473\" src=\"https:\/\/meterny.com\/wp-content\/uploads\/2024\/05\/A8c1e1d3dd6f44e7dbfc53b1a81cccee3q-1.png\" alt=\"Valla residencial de WPC\" width=\"1024\" height=\"1024\" srcset=\"https:\/\/meterny.com\/wp-content\/uploads\/2024\/05\/A8c1e1d3dd6f44e7dbfc53b1a81cccee3q-1.png 800w, https:\/\/meterny.com\/wp-content\/uploads\/2024\/05\/A8c1e1d3dd6f44e7dbfc53b1a81cccee3q-1-300x300.png 300w, https:\/\/meterny.com\/wp-content\/uploads\/2024\/05\/A8c1e1d3dd6f44e7dbfc53b1a81cccee3q-1-150x150.png 150w, https:\/\/meterny.com\/wp-content\/uploads\/2024\/05\/A8c1e1d3dd6f44e7dbfc53b1a81cccee3q-1-768x768.png 768w, https:\/\/meterny.com\/wp-content\/uploads\/2024\/05\/A8c1e1d3dd6f44e7dbfc53b1a81cccee3q-1-600x600.png 600w, https:\/\/meterny.com\/wp-content\/uploads\/2024\/05\/A8c1e1d3dd6f44e7dbfc53b1a81cccee3q-1-100x100.png 100w\" sizes=\"auto, (max-width: 1024px) 100vw, 1024px\" \/><figcaption id=\"caption-attachment-17473\" class=\"wp-caption-text\">El futuro de las vallas de exterior: Elegantes, resistentes y sostenibles<\/figcaption><\/figure>\n<h4>Nombre del producto<\/h4>\n<p id=\"\">Valla residencial de WPC (Valla de compuesto de madera y pl\u00e1stico para uso residencial)<\/p>\n<hr \/>\n<h4>Descripci\u00f3n del producto<\/h4>\n<p id=\"\">Nuestra valla residencial de WPC est\u00e1 fabricada con material compuesto de madera y pl\u00e1stico (WPC) de alta calidad, lo que garantiza su durabilidad, impermeabilidad y resistencia a la corrosi\u00f3n. Soporta condiciones clim\u00e1ticas adversas y es perfecta para su uso en exteriores.<\/p>\n<hr \/>\n<h4>Caracter\u00edsticas del producto<\/h4>\n<ol>\n<li><strong>Duradero e impermeable<\/strong>: La valla est\u00e1 fabricada con material WPC, que proporciona un excepcional rendimiento impermeable y mantiene la estabilidad estructural incluso en entornos h\u00famedos.<\/li>\n<li><strong>Ecol\u00f3gico y sostenible<\/strong>: Fabricado a partir de recursos renovables y tratado a presi\u00f3n para evitar la putrefacci\u00f3n y los da\u00f1os, ofrece una soluci\u00f3n sostenible para su jard\u00edn o espacio exterior.<\/li>\n<li><strong>F\u00e1cil instalaci\u00f3n<\/strong>: Dise\u00f1ado para facilitar el montaje, reduciendo las molestias y el tiempo durante la instalaci\u00f3n.<\/li>\n<li><strong>Opciones de personalizaci\u00f3n<\/strong>: Disponible en varios colores como caf\u00e9, gris plata, grafito, teca, arce y madera antigua, lo que le permite elegir la combinaci\u00f3n perfecta para el exterior de su casa.<\/li>\n<li><strong>Servicios integrales<\/strong>: Ofrecemos una gama de servicios que incluye modelado en 3D, modelos de muestra en 3D, manuales de instalaci\u00f3n, gu\u00edas de instalaci\u00f3n en v\u00eddeo y textos de marketing de productos para garantizar una experiencia de compra perfecta.<\/li>\n<\/ol>\n<hr \/>\n<h4>Especificaciones del producto<\/h4>\n<ul>\n<li><strong>Material<\/strong>: WPC (compuesto de madera y pl\u00e1stico)<\/li>\n<li><strong>Colores<\/strong>: M\u00faltiples colores disponibles (caf\u00e9, gris plata, grafito, teca, arce, madera antigua, etc.)<\/li>\n<li><strong>Tallas<\/strong>: Longitudes est\u00e1ndar de 0,9 m, 1,2 m, 1,5 m, 1,8 m; tama\u00f1os personalizados disponibles bajo pedido.<\/li>\n<li><strong>Tratamiento de superficies<\/strong>: Recubrimiento en polvo<\/li>\n<li><strong>Funci\u00f3n<\/strong>: Impermeable, Decorativo<\/li>\n<li><strong>Aplicaciones<\/strong>: Jardines, parques, zonas residenciales, etc.<\/li>\n<li><strong>Embalaje<\/strong>: Paletas de exportaci\u00f3n, cajas de madera<\/li>\n<li><strong>Origen<\/strong>: China<\/li>\n<li><strong>Capacidad de producci\u00f3n<\/strong>8.000 juegos al mes<\/li>\n<li><strong>Certificaciones<\/strong>: ISO, CE<\/li>\n<\/ul>\n<hr \/>\n<h4>Ventajas del producto<\/h4>\n<ul>\n<li><strong>Buena ventilaci\u00f3n<\/strong>: Su dise\u00f1o exclusivo proporciona una ventilaci\u00f3n excelente.<\/li>\n<li><strong>F\u00e1cil montaje<\/strong>: Simplifica el proceso de instalaci\u00f3n, ahorrando tiempo y mano de obra.<\/li>\n<li><strong>Ecol\u00f3gico<\/strong>: Fabricado a partir de recursos renovables, respetuoso con el medio ambiente.<\/li>\n<li><strong>Impermeable y resistente a la corrosi\u00f3n<\/strong>: Especialmente tratada para ofrecer excelentes propiedades de impermeabilidad y resistencia a la corrosi\u00f3n.<\/li>\n<li><strong>Servicios de personalizaci\u00f3n<\/strong>: M\u00faltiples opciones de color y tama\u00f1o disponibles para satisfacer las diversas necesidades de los clientes.<\/li>\n<\/ul>\n<hr \/>\n<h4>Servicios de personalizaci\u00f3n<\/h4>\n<p id=\"\">Ofrecemos servicios integrales de personalizaci\u00f3n, como personalizaci\u00f3n de tallas, personalizaci\u00f3n de colores y personalizaci\u00f3n de caracter\u00edsticas especiales. P\u00f3ngase en contacto con nosotros para obtener m\u00e1s informaci\u00f3n sobre las opciones de personalizaci\u00f3n.<\/p>\n<hr \/>\n<h4>Env\u00edo y entrega<\/h4>\n<ul>\n<li><strong>Gastos de env\u00edo<\/strong>: P\u00f3ngase en contacto con nosotros para conocer los gastos de env\u00edo y los plazos de entrega estimados.<\/li>\n<li><strong>Dimensiones del paquete<\/strong>: 160.00cm x 96.00cm x 110.00cm<\/li>\n<li><strong>Peso bruto del paquete<\/strong>: 56.000kg<\/li>\n<\/ul>\n<h3>Descripci\u00f3n<\/h3>\n<p>Esta valla residencial de WPC combina la est\u00e9tica natural de la madera con la durabilidad y las propiedades impermeables de los compuestos modernos.<\/p>\n<p>Dise\u00f1ada con pilares de aluminio para una mayor resistencia, esta valla es perfecta para crear un espacio exterior seguro, elegante y de bajo mantenimiento.<\/p>\n<h3>Color y superficie<\/h3>\n<p>Disponible en nueve colores distintos, el METE1800H1850 ofrece opciones de dise\u00f1o vers\u00e1tiles que se adaptan a cualquier jard\u00edn o entorno exterior. Elija entre dos texturas de superficie: listones cl\u00e1sicos o elegantes vetas de madera, para complementar a la perfecci\u00f3n su paisaje. Personalice la longitud para adaptarla a sus requisitos espec\u00edficos, garantizando una instalaci\u00f3n a medida y sin juntas.<\/p>\n<h3>Colores Opciones<\/h3>\n<p>Carta de colores del panel de valla WPC de la serie Meterny METE<\/p>\n<figure id=\"attachment_20293\" aria-describedby=\"caption-attachment-20293\" style=\"width: 1024px\" class=\"wp-caption alignnone\"><img loading=\"lazy\" decoding=\"async\" class=\"wp-image-20293\" src=\"https:\/\/meterny.com\/wp-content\/uploads\/2024\/10\/METE-Series-Colour-151.png\" alt=\"Opciones de color de la valla de WPC Meterny\" width=\"1024\" height=\"1024\" srcset=\"https:\/\/meterny.com\/wp-content\/uploads\/2024\/10\/METE-Series-Colour-151.png 900w, https:\/\/meterny.com\/wp-content\/uploads\/2024\/10\/METE-Series-Colour-151-300x300.png 300w, https:\/\/meterny.com\/wp-content\/uploads\/2024\/10\/METE-Series-Colour-151-150x150.png 150w, https:\/\/meterny.com\/wp-content\/uploads\/2024\/10\/METE-Series-Colour-151-768x768.png 768w, https:\/\/meterny.com\/wp-content\/uploads\/2024\/10\/METE-Series-Colour-151-600x600.png 600w, https:\/\/meterny.com\/wp-content\/uploads\/2024\/10\/METE-Series-Colour-151-100x100.png 100w\" sizes=\"auto, (max-width: 1024px) 100vw, 1024px\" \/><figcaption id=\"caption-attachment-20293\" class=\"wp-caption-text\">Explore la valla de WPC Meterny - Nueve impresionantes opciones de color para cada estilo<\/figcaption><\/figure>\n<h3>Si desea conocer m\u00e1s detalles, haga clic en este enlace de youtube:<a href=\"https:\/\/youtu.be\/RGAiGBOFKeo\" target=\"_blank\" rel=\"noopener\">https:\/\/youtu.be\/RGAiGBOFKeo<\/a><\/h3>\n<p>&nbsp;<\/p>\n<h3>Galer\u00eda<\/h3>\n<figure id=\"attachment_17486\" aria-describedby=\"caption-attachment-17486\" style=\"width: 1024px\" class=\"wp-caption alignnone\"><img loading=\"lazy\" decoding=\"async\" class=\"wp-image-17486\" src=\"https:\/\/meterny.com\/wp-content\/uploads\/2024\/10\/10-5ZHU.jpg\" alt=\"Valla de WPC de alta calidad para privacidad exterior\" width=\"1024\" height=\"1024\" srcset=\"https:\/\/meterny.com\/wp-content\/uploads\/2024\/10\/10-5ZHU.jpg 800w, https:\/\/meterny.com\/wp-content\/uploads\/2024\/10\/10-5ZHU-300x300.jpg 300w, https:\/\/meterny.com\/wp-content\/uploads\/2024\/10\/10-5ZHU-150x150.jpg 150w, https:\/\/meterny.com\/wp-content\/uploads\/2024\/10\/10-5ZHU-768x768.jpg 768w, https:\/\/meterny.com\/wp-content\/uploads\/2024\/10\/10-5ZHU-600x600.jpg 600w, https:\/\/meterny.com\/wp-content\/uploads\/2024\/10\/10-5ZHU-100x100.jpg 100w\" sizes=\"auto, (max-width: 1024px) 100vw, 1024px\" \/><figcaption id=\"caption-attachment-17486\" class=\"wp-caption-text\">Experimente el equilibrio perfecto entre resistencia y belleza con las vallas de WPC<\/figcaption><\/figure>\n<figure id=\"attachment_17485\" aria-describedby=\"caption-attachment-17485\" style=\"width: 1024px\" class=\"wp-caption alignnone\"><img loading=\"lazy\" decoding=\"async\" class=\"wp-image-17485\" src=\"https:\/\/meterny.com\/wp-content\/uploads\/2024\/10\/83ZHU.jpg\" alt=\"Soluciones ecol\u00f3gicas para vallas de WPC\" width=\"1024\" height=\"1024\" srcset=\"https:\/\/meterny.com\/wp-content\/uploads\/2024\/10\/83ZHU.jpg 800w, https:\/\/meterny.com\/wp-content\/uploads\/2024\/10\/83ZHU-300x300.jpg 300w, https:\/\/meterny.com\/wp-content\/uploads\/2024\/10\/83ZHU-150x150.jpg 150w, https:\/\/meterny.com\/wp-content\/uploads\/2024\/10\/83ZHU-768x768.jpg 768w, https:\/\/meterny.com\/wp-content\/uploads\/2024\/10\/83ZHU-600x600.jpg 600w, https:\/\/meterny.com\/wp-content\/uploads\/2024\/10\/83ZHU-100x100.jpg 100w\" sizes=\"auto, (max-width: 1024px) 100vw, 1024px\" \/><figcaption id=\"caption-attachment-17485\" class=\"wp-caption-text\">Mejore su vida al aire libre con vallas de WPC de aspecto natural<\/figcaption><\/figure>\n<p><strong>Valla de jard\u00edn de WPC<\/strong><\/p>\n<h3>Duradero e impermeable<\/h3>\n<p>Fabricada con tecnolog\u00eda avanzada de ecoextrusi\u00f3n, esta valla est\u00e1 hecha para durar. Sus propiedades impermeables la convierten en la opci\u00f3n ideal para todo tipo de condiciones clim\u00e1ticas, lo que garantiza su longevidad y un mantenimiento m\u00ednimo. Los pilares de aluminio proporcionan estabilidad adicional, por lo que es una soluci\u00f3n de vallado fiable y resistente para cualquier jard\u00edn.<\/p>\n<p>Instalaciones Accesorios<\/p>\n<figure id=\"attachment_17165\" aria-describedby=\"caption-attachment-17165\" style=\"width: 1024px\" class=\"wp-caption alignnone\"><img loading=\"lazy\" decoding=\"async\" class=\"wp-image-17165\" src=\"https:\/\/meterny.com\/wp-content\/uploads\/2024\/05\/Heef5f4fd9e2c4c9a9145a852eb0aedceQ-1.png\" alt=\"Accesorios completos para la instalaci\u00f3n de vallas de WPC\" width=\"1024\" height=\"1054\" srcset=\"https:\/\/meterny.com\/wp-content\/uploads\/2024\/05\/Heef5f4fd9e2c4c9a9145a852eb0aedceQ-1.png 923w, https:\/\/meterny.com\/wp-content\/uploads\/2024\/05\/Heef5f4fd9e2c4c9a9145a852eb0aedceQ-1-291x300.png 291w, https:\/\/meterny.com\/wp-content\/uploads\/2024\/05\/Heef5f4fd9e2c4c9a9145a852eb0aedceQ-1-768x790.png 768w, https:\/\/meterny.com\/wp-content\/uploads\/2024\/05\/Heef5f4fd9e2c4c9a9145a852eb0aedceQ-1-600x618.png 600w\" sizes=\"auto, (max-width: 1024px) 100vw, 1024px\" \/><figcaption id=\"caption-attachment-17165\" class=\"wp-caption-text\">Accesorios de instalaci\u00f3n de vallas de WPC todo en uno para un montaje sin esfuerzo<\/figcaption><\/figure>\n<h3>\u00bfPor qu\u00e9 elegir la valla residencial de WPC METE1800H1850?<\/h3>\n<p>Dise\u00f1o impermeable: Resistente a la humedad y a las condiciones meteorol\u00f3gicas, lo que garantiza su durabilidad.<\/p>\n<p>Respetuoso con el medio ambiente: Fabricado con materiales sostenibles mediante procesos respetuosos con el medio ambiente.<\/p>\n<p>Est\u00e9tica vers\u00e1til: Nueve opciones de color y dos texturas de superficie para adaptarse a su estilo.<\/p>\n<p>Bajo mantenimiento: Requiere un mantenimiento m\u00ednimo en comparaci\u00f3n con las vallas de madera tradicionales.<\/p>\n<p>Personalizable: Adapta la longitud a las dimensiones espec\u00edficas de tu jard\u00edn.<\/p>\n<p>Perfecto para cualquier jard\u00edn<\/p>\n<p>La valla residencial de WPC METE1800H1850 no es s\u00f3lo una valla; es un elemento de dise\u00f1o que realza la belleza y la seguridad de su jard\u00edn. Tanto si desea crear un refugio privado como un l\u00edmite decorativo, esta valla es la soluci\u00f3n perfecta para combinar estilo y funcionalidad.<\/p>","protected":false},"excerpt":{"rendered":"<h3>Caracter\u00edsticas principales:<\/h3>\n<p>Impermeable y resistente a la intemperie: Ideal para uso al aire libre en todos los climas.<br \/>\nMateriales ecol\u00f3gicos: Sostenible y respetuoso con el medio ambiente.<br \/>\nLongitud personalizable: Hecho a medida para adaptarse a las dimensiones espec\u00edficas de su jard\u00edn.<br \/>\nBajo mantenimiento: F\u00e1cil de limpiar y mantener, a diferencia de la madera tradicional.<br \/>\nOpciones de doble superficie: Elija entre elegantes vetas de madera o listones cl\u00e1sicos para un aspecto personalizado.<br \/>\nEstabilidad mejorada: Reforzado con pilares de aluminio duraderos para mayor resistencia y seguridad.<\/p>\n<h3>Aplicaciones:<\/h3>\n<p>Perfecta para delimitar jardines, proteger la intimidad y como valla decorativa.<\/p>","protected":false},"featured_media":17473,"comment_status":"open","ping_status":"closed","template":"","meta":{"_uag_custom_page_level_css":"","site-sidebar-layout":"default","site-content-layout":"","ast-site-content-layout":"default","site-content-style":"default","site-sidebar-style":"default","ast-global-header-display":"","ast-banner-title-visibility":"","ast-main-header-display":"","ast-hfb-above-header-display":"","ast-hfb-below-header-display":"","ast-hfb-mobile-header-display":"","site-post-title":"","ast-breadcrumbs-content":"","ast-featured-img":"","footer-sml-layout":"","theme-transparent-header-meta":"default","adv-header-id-meta":"","stick-header-meta":"default","header-above-stick-meta":"","header-main-stick-meta":"","header-below-stick-meta":"","astra-migrate-meta-layouts":"set","ast-page-background-enabled":"default","ast-page-background-meta":{"desktop":{"background-color":"var(--ast-global-color-4)","background-image":"","background-repeat":"repeat","background-position":"center center","background-size":"auto","background-attachment":"scroll","background-type":"","background-media":"","overlay-type":"","overlay-color":"","overlay-opacity":"","overlay-gradient":""},"tablet":{"background-color":"","background-image":"","background-repeat":"repeat","background-position":"center center","background-size":"auto","background-attachment":"scroll","background-type":"","background-media":"","overlay-type":"","overlay-color":"","overlay-opacity":"","overlay-gradient":""},"mobile":{"background-color":"","background-image":"","background-repeat":"repeat","background-position":"center center","background-size":"auto","background-attachment":"scroll","background-type":"","background-media":"","overlay-type":"","overlay-color":"","overlay-opacity":"","overlay-gradient":""}},"ast-content-background-meta":{"desktop":{"background-color":"var(--ast-global-color-5)","background-image":"","background-repeat":"repeat","background-position":"center center","background-size":"auto","background-attachment":"scroll","background-type":"","background-media":"","overlay-type":"","overlay-color":"","overlay-opacity":"","overlay-gradient":""},"tablet":{"background-color":"var(--ast-global-color-5)","background-image":"","background-repeat":"repeat","background-position":"center center","background-size":"auto","background-attachment":"scroll","background-type":"","background-media":"","overlay-type":"","overlay-color":"","overlay-opacity":"","overlay-gradient":""},"mobile":{"background-color":"var(--ast-global-color-5)","background-image":"","background-repeat":"repeat","background-position":"center center","background-size":"auto","background-attachment":"scroll","background-type":"","background-media":"","overlay-type":"","overlay-color":"","overlay-opacity":"","overlay-gradient":""}}},"product_brand":[],"product_cat":[18],"product_tag":[186,187,188,185],"class_list":{"0":"post-20298","1":"product","2":"type-product","3":"status-publish","4":"has-post-thumbnail","6":"product_cat-uncategorized","7":"product_tag-aluminum-fence","8":"product_tag-exterior-fence","9":"product_tag-garden-fence","10":"product_tag-wpc-fence","11":"desktop-align-center","12":"tablet-align-left","13":"mobile-align-left","14":"ast-product-gallery-layout-horizontal-slider","15":"ast-product-tabs-layout-vertical","17":"first","18":"instock","19":"shipping-taxable","20":"product-type-simple"},"uagb_featured_image_src":{"full":["https:\/\/meterny.com\/wp-content\/uploads\/2024\/05\/A8c1e1d3dd6f44e7dbfc53b1a81cccee3q-1.png",800,800,false],"thumbnail":["https:\/\/meterny.com\/wp-content\/uploads\/2024\/05\/A8c1e1d3dd6f44e7dbfc53b1a81cccee3q-1-150x150.png",150,150,true],"medium":["https:\/\/meterny.com\/wp-content\/uploads\/2024\/05\/A8c1e1d3dd6f44e7dbfc53b1a81cccee3q-1-300x300.png",300,300,true],"medium_large":["https:\/\/meterny.com\/wp-content\/uploads\/2024\/05\/A8c1e1d3dd6f44e7dbfc53b1a81cccee3q-1-768x768.png",768,768,true],"large":["https:\/\/meterny.com\/wp-content\/uploads\/2024\/05\/A8c1e1d3dd6f44e7dbfc53b1a81cccee3q-1.png",800,800,false],"1536x1536":["https:\/\/meterny.com\/wp-content\/uploads\/2024\/05\/A8c1e1d3dd6f44e7dbfc53b1a81cccee3q-1.png",800,800,false],"2048x2048":["https:\/\/meterny.com\/wp-content\/uploads\/2024\/05\/A8c1e1d3dd6f44e7dbfc53b1a81cccee3q-1.png",800,800,false],"trp-custom-language-flag":["https:\/\/meterny.com\/wp-content\/uploads\/2024\/05\/A8c1e1d3dd6f44e7dbfc53b1a81cccee3q-1.png",12,12,false],"woocommerce_thumbnail":["https:\/\/meterny.com\/wp-content\/uploads\/2024\/05\/A8c1e1d3dd6f44e7dbfc53b1a81cccee3q-1-300x300.png",300,300,true],"woocommerce_single":["https:\/\/meterny.com\/wp-content\/uploads\/2024\/05\/A8c1e1d3dd6f44e7dbfc53b1a81cccee3q-1-600x600.png",600,600,true],"woocommerce_gallery_thumbnail":["https:\/\/meterny.com\/wp-content\/uploads\/2024\/05\/A8c1e1d3dd6f44e7dbfc53b1a81cccee3q-1-100x100.png",100,100,true]},"uagb_author_info":{"display_name":"meterny","author_link":"https:\/\/meterny.com\/es\/author\/"},"uagb_comment_info":0,"uagb_excerpt":"Key Features: Waterproof and Weather-Resistant: Ideal for outdoor use in all climates. Eco-Friendly Materials: Sustainable and environmentally conscious. Customizable Length: Tailored to fit your garden's specific dimensions. Low Maintenance: Easy to clean and maintain, unlike traditional wood. Dual Surface Options: Choose between elegant wood grains or classic strips for a personalized look. Enhanced Stability: Reinforced&hellip;","_links":{"self":[{"href":"https:\/\/meterny.com\/es\/wp-json\/wp\/v2\/product\/20298","targetHints":{"allow":["GET"]}}],"collection":[{"href":"https:\/\/meterny.com\/es\/wp-json\/wp\/v2\/product"}],"about":[{"href":"https:\/\/meterny.com\/es\/wp-json\/wp\/v2\/types\/product"}],"replies":[{"embeddable":true,"href":"https:\/\/meterny.com\/es\/wp-json\/wp\/v2\/comments?post=20298"}],"wp:featuredmedia":[{"embeddable":true,"href":"https:\/\/meterny.com\/es\/wp-json\/wp\/v2\/media\/17473"}],"wp:attachment":[{"href":"https:\/\/meterny.com\/es\/wp-json\/wp\/v2\/media?parent=20298"}],"wp:term":[{"taxonomy":"product_brand","embeddable":true,"href":"https:\/\/meterny.com\/es\/wp-json\/wp\/v2\/product_brand?post=20298"},{"taxonomy":"product_cat","embeddable":true,"href":"https:\/\/meterny.com\/es\/wp-json\/wp\/v2\/product_cat?post=20298"},{"taxonomy":"product_tag","embeddable":true,"href":"https:\/\/meterny.com\/es\/wp-json\/wp\/v2\/product_tag?post=20298"}],"curies":[{"name":"wp","href":"https:\/\/api.w.org\/{rel}","templated":true}]}}