{"id":20305,"date":"2024-12-15T13:42:16","date_gmt":"2024-12-15T13:42:16","guid":{"rendered":"https:\/\/meterny.com\/?post_type=product&#038;p=20305"},"modified":"2025-01-18T09:27:23","modified_gmt":"2025-01-18T09:27:23","slug":"customized-wpc-flooring","status":"publish","type":"product","link":"https:\/\/meterny.com\/es\/producto\/customized-wpc-flooring\/","title":{"rendered":"Suelos de WPC a medida para proyectos de exterior de alta gama"},"content":{"rendered":"<div class=\"elementor-element elementor-element-c0e1d42 elementor-widget elementor-widget-heading\" data-id=\"c0e1d42\" data-element_type=\"widget\" data-widget_type=\"heading.default\">\n<div class=\"elementor-widget-container\">\n<h2 class=\"elementor-heading-title elementor-size-default\" style=\"text-align: center;\">Suelos de WPC personalizados para proyectos de exterior de alta gama Especificaci\u00f3n<\/h2>\n<\/div>\n<\/div>\n<div class=\"elementor-element elementor-element-1f676da elementor-widget elementor-widget-heading\" data-id=\"1f676da\" data-element_type=\"widget\" data-widget_type=\"heading.default\">\n<h3><strong>Visi\u00f3n general<\/strong><\/h3>\n<p id=\"\">Mejore sus espacios exteriores con suelos de WPC personalizados, dise\u00f1ados espec\u00edficamente para proyectos de exterior de alta gama. Combinando la belleza natural de la madera con la durabilidad y resistencia a la intemperie del pl\u00e1stico, nuestros suelos de WPC personalizados ofrecen una soluci\u00f3n lujosa y sostenible para sus necesidades de exterior.<\/p>\n<div class=\"elementor-element elementor-element-1f676da elementor-widget elementor-widget-heading\" data-id=\"1f676da\" data-element_type=\"widget\" data-widget_type=\"heading.default\">\n<p><strong>Modelo<\/strong>: METE140H25<br \/>\n<strong>Tipo<\/strong>: WPC Decking\/Piso<br \/>\n<strong>Talla<\/strong>: 140\u00d725mm<\/p>\n<p><strong>Superficie<\/strong>: Granos rectos<br \/>\n<strong>Longitud<\/strong>2,9 m o personalizado<br \/>\n<strong>Material<\/strong>: Compuesto de madera y pl\u00e1stico<br \/>\n<strong>Tecnolog\u00eda del producto<\/strong>: Eco-extrusi\u00f3n<\/p>\n<\/div>\n<figure id=\"attachment_17415\" aria-describedby=\"caption-attachment-17415\" style=\"width: 1024px\" class=\"wp-caption alignnone\"><img loading=\"lazy\" decoding=\"async\" class=\"wp-image-17415\" src=\"https:\/\/meterny.com\/wp-content\/uploads\/2024\/10\/Teak.png\" alt=\"Suelos de WPC a medida para proyectos de exterior de alta gama\" width=\"1024\" height=\"1024\" srcset=\"https:\/\/meterny.com\/wp-content\/uploads\/2024\/10\/Teak.png 800w, https:\/\/meterny.com\/wp-content\/uploads\/2024\/10\/Teak-300x300.png 300w, https:\/\/meterny.com\/wp-content\/uploads\/2024\/10\/Teak-150x150.png 150w, https:\/\/meterny.com\/wp-content\/uploads\/2024\/10\/Teak-768x768.png 768w, https:\/\/meterny.com\/wp-content\/uploads\/2024\/10\/Teak-600x600.png 600w, https:\/\/meterny.com\/wp-content\/uploads\/2024\/10\/Teak-100x100.png 100w\" sizes=\"auto, (max-width: 1024px) 100vw, 1024px\" \/><figcaption id=\"caption-attachment-17415\" class=\"wp-caption-text\">Suelos de WPC a medida: Dise\u00f1ado para espacios exteriores de alta gama.<\/figcaption><\/figure>\n<hr \/>\n<p id=\"\"><strong>Caracter\u00edsticas principales<\/strong><\/p>\n<ol>\n<li><strong>Opciones de dise\u00f1o personalizables<\/strong>:\n<ul>\n<li>Elija entre una amplia gama de colores, texturas y acabados para combinar con su estilo y decoraci\u00f3n \u00fanicos.<\/li>\n<li>Personalice su suelo con motivos, logotipos u otros elementos de dise\u00f1o para crear un aspecto realmente \u00fanico.<\/li>\n<\/ul>\n<\/li>\n<li><strong>Durabilidad y resistencia a la intemperie<\/strong>:\n<ul>\n<li>Dise\u00f1ado para soportar condiciones clim\u00e1ticas extremas, como calor, fr\u00edo, lluvia y nieve.<\/li>\n<li>Resistente a la decoloraci\u00f3n, el agrietamiento y la deformaci\u00f3n, garantiza un rendimiento y una belleza duraderos.<\/li>\n<\/ul>\n<\/li>\n<li><strong>Resistencia a ara\u00f1azos y manchas<\/strong>:\n<ul>\n<li>Una capa especial de desgaste mejora la resistencia a los ara\u00f1azos, protegiendo su suelo del desgaste diario.<\/li>\n<li>F\u00e1cil de limpiar y mantener, resistente a las manchas y otras formas de deterioro de la superficie.<\/li>\n<\/ul>\n<\/li>\n<li><strong>Ecol\u00f3gico y sostenible<\/strong>:\n<ul>\n<li>Fabricado con materiales reciclados, incluidos fibra de madera y residuos pl\u00e1sticos, lo que reduce el impacto medioambiental.<\/li>\n<li>Apoya las pr\u00e1cticas forestales sostenibles y reduce los residuos en el proceso de producci\u00f3n.<\/li>\n<\/ul>\n<\/li>\n<li><strong>F\u00e1cil instalaci\u00f3n y mantenimiento<\/strong>:\n<ul>\n<li>Dise\u00f1ado con un sistema de bloqueo para facilitar la instalaci\u00f3n, sin necesidad de pegamento ni clavos.<\/li>\n<li>F\u00e1ciles de limpiar y mantener, requieren un esfuerzo m\u00ednimo para mantener sus suelos en perfecto estado.<\/li>\n<\/ul>\n<\/li>\n<\/ol>\n<hr \/>\n<p id=\"\"><strong>Opciones de personalizaci\u00f3n<\/strong><\/p>\n<ul>\n<li><strong>Tama\u00f1o y forma<\/strong>: Personalice el tama\u00f1o y la forma de su suelo de WPC para adaptarlo a cualquier espacio, ya sea un peque\u00f1o patio o una gran terraza exterior.<\/li>\n<li><strong>Color y textura<\/strong>: Elija entre una variedad de colores y texturas para combinar con su decoraci\u00f3n actual o crear un nuevo aspecto que se adapte a su gusto.<\/li>\n<li><strong>Patr\u00f3n y dise\u00f1o<\/strong>: A\u00f1ada motivos personalizados, logotipos u otros elementos de dise\u00f1o para personalizar su suelo y hacerlo realmente \u00fanico.<\/li>\n<li><strong>Mejoras de rendimiento<\/strong>: Opte por caracter\u00edsticas adicionales como la resistencia a los rayos UV, las propiedades antideslizantes o la absorci\u00f3n ac\u00fastica para mejorar el rendimiento de su suelo de WPC.<\/li>\n<\/ul>\n<hr \/>\n<p id=\"\"><strong>Aplicaciones<\/strong><\/p>\n<ul>\n<li>Terrazas y patios exteriores<\/li>\n<li>Alrededores de piscinas y casas de playa<\/li>\n<li>Jardines y zonas ajardinadas<\/li>\n<li>Espacios comerciales al aire libre, como restaurantes y hoteles<\/li>\n<\/ul>\n<hr \/>\n<h3>Si desea conocer m\u00e1s detalles, haga clic en este enlace de youtube:<a href=\"https:\/\/youtu.be\/wB89vlDIY9o\" target=\"_blank\" rel=\"noopener\">https:\/\/youtu.be\/wB89vlDIY9o<\/a><\/h3>\n<p>&nbsp;<\/p>\n<h3><strong>Galer\u00eda<\/strong><\/h3>\n<figure id=\"attachment_17413\" aria-describedby=\"caption-attachment-17413\" style=\"width: 1024px\" class=\"wp-caption alignnone\"><img loading=\"lazy\" decoding=\"async\" class=\"wp-image-17413\" src=\"https:\/\/meterny.com\/wp-content\/uploads\/2024\/10\/1-9.jpg\" alt=\"Suelos de WPC impermeables para cubiertas exteriores\" width=\"1024\" height=\"1024\" srcset=\"https:\/\/meterny.com\/wp-content\/uploads\/2024\/10\/1-9.jpg 464w, https:\/\/meterny.com\/wp-content\/uploads\/2024\/10\/1-9-300x300.jpg 300w, https:\/\/meterny.com\/wp-content\/uploads\/2024\/10\/1-9-150x150.jpg 150w, https:\/\/meterny.com\/wp-content\/uploads\/2024\/10\/1-9-100x100.jpg 100w\" sizes=\"auto, (max-width: 1024px) 100vw, 1024px\" \/><figcaption id=\"caption-attachment-17413\" class=\"wp-caption-text\">Mejore su espacio exterior con suelos de WPC impermeables y duraderos<\/figcaption><\/figure>\n<figure id=\"attachment_17392\" aria-describedby=\"caption-attachment-17392\" style=\"width: 1024px\" class=\"wp-caption alignnone\"><img loading=\"lazy\" decoding=\"async\" class=\"wp-image-17392\" src=\"https:\/\/meterny.com\/wp-content\/uploads\/2024\/03\/1-3.jpg\" alt=\"Paneles de suelo de wpc con veteado de madera\" width=\"1024\" height=\"1024\" srcset=\"https:\/\/meterny.com\/wp-content\/uploads\/2024\/03\/1-3.jpg 800w, https:\/\/meterny.com\/wp-content\/uploads\/2024\/03\/1-3-300x300.jpg 300w, https:\/\/meterny.com\/wp-content\/uploads\/2024\/03\/1-3-150x150.jpg 150w, https:\/\/meterny.com\/wp-content\/uploads\/2024\/03\/1-3-768x768.jpg 768w, https:\/\/meterny.com\/wp-content\/uploads\/2024\/03\/1-3-600x600.jpg 600w, https:\/\/meterny.com\/wp-content\/uploads\/2024\/03\/1-3-100x100.jpg 100w\" sizes=\"auto, (max-width: 1024px) 100vw, 1024px\" \/><figcaption id=\"caption-attachment-17392\" class=\"wp-caption-text\">Suelos de WPC color Teca: La elegancia atemporal de la madera con la durabilidad moderna.<\/figcaption><\/figure>\n<\/div>\n<div class=\"elementor-element elementor-element-1f676da elementor-widget elementor-widget-heading\" data-id=\"1f676da\" data-element_type=\"widget\" data-widget_type=\"heading.default\">\n<h3 style=\"text-align: left;\"><strong>Descripci\u00f3n<\/strong><\/h3>\n<p id=\"\"><strong>Breve descripci\u00f3n: Suelos de WPC personalizados para proyectos de exterior de alta gama<\/strong><\/p>\n<p id=\"\">Mejore sus espacios exteriores con nuestros suelos de WPC (compuesto de madera y pl\u00e1stico) personalizables de alta calidad. Dise\u00f1ados espec\u00edficamente para proyectos de exterior de alta gama, nuestros suelos combinan la belleza natural de la madera con la durabilidad y resistencia a la intemperie del pl\u00e1stico. Elija entre una amplia gama de colores, texturas y acabados para adaptarse a su estilo \u00fanico, y disfrute de las ventajas ecol\u00f3gicas de los materiales reciclados. F\u00e1ciles de instalar y mantener, nuestros suelos de WPC personalizados son perfectos para terrazas, patios, alrededores de piscinas y mucho m\u00e1s.<\/p>\n<p>Carta de colores de suelos de WPC de la serie Meterny METE<\/p>\n<figure id=\"attachment_20293\" aria-describedby=\"caption-attachment-20293\" style=\"width: 1024px\" class=\"wp-caption alignnone\"><img loading=\"lazy\" decoding=\"async\" class=\"wp-image-20293\" src=\"https:\/\/meterny.com\/wp-content\/uploads\/2024\/10\/METE-Series-Colour-151.png\" alt=\"Opciones de color de la valla de WPC Meterny\" width=\"1024\" height=\"1024\" srcset=\"https:\/\/meterny.com\/wp-content\/uploads\/2024\/10\/METE-Series-Colour-151.png 900w, https:\/\/meterny.com\/wp-content\/uploads\/2024\/10\/METE-Series-Colour-151-300x300.png 300w, https:\/\/meterny.com\/wp-content\/uploads\/2024\/10\/METE-Series-Colour-151-150x150.png 150w, https:\/\/meterny.com\/wp-content\/uploads\/2024\/10\/METE-Series-Colour-151-768x768.png 768w, https:\/\/meterny.com\/wp-content\/uploads\/2024\/10\/METE-Series-Colour-151-600x600.png 600w, https:\/\/meterny.com\/wp-content\/uploads\/2024\/10\/METE-Series-Colour-151-100x100.png 100w\" sizes=\"auto, (max-width: 1024px) 100vw, 1024px\" \/><figcaption id=\"caption-attachment-20293\" class=\"wp-caption-text\">Explore Suelos de WPC Meterny - Nueve impresionantes opciones de color para cada estilo<\/figcaption><\/figure>\n<h3>\u00bfPor qu\u00e9 elegir suelos de WPC personalizados para proyectos de exterior de alta gama?<\/h3>\n<p id=\"\">Elegir suelos de WPC (Wood Plastic Composite) personalizados para proyectos de exterior de alta gama ofrece varias ventajas convincentes:<\/p>\n<ol>\n<li>\n<p id=\"\"><strong>Durabilidad y resistencia a la intemperie<\/strong>: Los suelos de WPC est\u00e1n dise\u00f1ados para soportar condiciones clim\u00e1ticas extremas, como calor, fr\u00edo, lluvia y nieve. Esto garantiza que sus espacios exteriores sigan siendo bonitos y funcionales independientemente de la estaci\u00f3n del a\u00f1o.<\/p>\n<\/li>\n<li>\n<p id=\"\"><strong>Opciones de dise\u00f1o personalizables<\/strong>: Con los suelos de WPC personalizados, puede elegir entre una amplia gama de colores, texturas y acabados que se adapten a su estilo y decoraci\u00f3n \u00fanicos. Esto le permite crear un espacio exterior verdaderamente personalizado que refleje su personalidad y sus gustos.<\/p>\n<\/li>\n<li>\n<p id=\"\"><strong>Resistencia a ara\u00f1azos y manchas<\/strong>: Los suelos de WPC son resistentes a ara\u00f1azos, manchas y otros da\u00f1os superficiales. Esto significa que sus suelos de exterior mantendr\u00e1n su mejor aspecto, incluso con el uso y el desgaste diarios.<\/p>\n<\/li>\n<li>\n<p id=\"\"><strong>Ecol\u00f3gico y sostenible<\/strong>: Los suelos de WPC personalizados se fabrican con materiales reciclados, como fibra de madera y residuos pl\u00e1sticos. Esto reduce el impacto ambiental y apoya las pr\u00e1cticas forestales sostenibles, por lo que es una opci\u00f3n ecol\u00f3gica para proyectos de exterior de alta gama.<\/p>\n<\/li>\n<li>\n<p id=\"\"><strong>F\u00e1cil instalaci\u00f3n y mantenimiento<\/strong>: Nuestros suelos de WPC personalizados est\u00e1n dise\u00f1ados con un sistema de bloqueo para facilitar su instalaci\u00f3n, sin necesidad de pegamento ni clavos. Esto lo convierte en una opci\u00f3n c\u00f3moda y rentable para proyectos de exterior de alta gama. Adem\u00e1s, los suelos de WPC son f\u00e1ciles de limpiar y mantener, ahorr\u00e1ndole tiempo y esfuerzo.<\/p>\n<\/li>\n<li>\n<p id=\"\"><strong>Funciones de rendimiento mejoradas<\/strong>: En funci\u00f3n de sus necesidades espec\u00edficas, puede optar por mejoras de rendimiento adicionales, como resistencia a los rayos UV, propiedades antideslizantes o absorci\u00f3n ac\u00fastica. Estas caracter\u00edsticas pueden mejorar a\u00fan m\u00e1s la funcionalidad y el atractivo de sus espacios de vida al aire libre.<\/p>\n<\/li>\n<\/ol>\n<p id=\"\">En resumen, los suelos de WPC personalizados ofrecen una combinaci\u00f3n de durabilidad, flexibilidad de dise\u00f1o, respeto por el medio ambiente y facilidad de instalaci\u00f3n y mantenimiento que los convierten en la opci\u00f3n ideal para proyectos de exterior de alta gama.<\/p>\n<\/div>","protected":false},"excerpt":{"rendered":"<p>Suelos de WPC personalizados para proyectos de exterior de alta gama Descripci\u00f3n general de las especificaciones Mejore sus espacios exteriores con suelos de WPC personalizados, dise\u00f1ados [...]<\/p>","protected":false},"featured_media":17415,"comment_status":"open","ping_status":"closed","template":"","meta":{"_uag_custom_page_level_css":"","site-sidebar-layout":"default","site-content-layout":"","ast-site-content-layout":"default","site-content-style":"default","site-sidebar-style":"default","ast-global-header-display":"","ast-banner-title-visibility":"","ast-main-header-display":"","ast-hfb-above-header-display":"","ast-hfb-below-header-display":"","ast-hfb-mobile-header-display":"","site-post-title":"","ast-breadcrumbs-content":"","ast-featured-img":"","footer-sml-layout":"","theme-transparent-header-meta":"default","adv-header-id-meta":"","stick-header-meta":"default","header-above-stick-meta":"","header-main-stick-meta":"","header-below-stick-meta":"","astra-migrate-meta-layouts":"set","ast-page-background-enabled":"default","ast-page-background-meta":{"desktop":{"background-color":"var(--ast-global-color-4)","background-image":"","background-repeat":"repeat","background-position":"center center","background-size":"auto","background-attachment":"scroll","background-type":"","background-media":"","overlay-type":"","overlay-color":"","overlay-opacity":"","overlay-gradient":""},"tablet":{"background-color":"","background-image":"","background-repeat":"repeat","background-position":"center center","background-size":"auto","background-attachment":"scroll","background-type":"","background-media":"","overlay-type":"","overlay-color":"","overlay-opacity":"","overlay-gradient":""},"mobile":{"background-color":"","background-image":"","background-repeat":"repeat","background-position":"center center","background-size":"auto","background-attachment":"scroll","background-type":"","background-media":"","overlay-type":"","overlay-color":"","overlay-opacity":"","overlay-gradient":""}},"ast-content-background-meta":{"desktop":{"background-color":"var(--ast-global-color-5)","background-image":"","background-repeat":"repeat","background-position":"center center","background-size":"auto","background-attachment":"scroll","background-type":"","background-media":"","overlay-type":"","overlay-color":"","overlay-opacity":"","overlay-gradient":""},"tablet":{"background-color":"var(--ast-global-color-5)","background-image":"","background-repeat":"repeat","background-position":"center center","background-size":"auto","background-attachment":"scroll","background-type":"","background-media":"","overlay-type":"","overlay-color":"","overlay-opacity":"","overlay-gradient":""},"mobile":{"background-color":"var(--ast-global-color-5)","background-image":"","background-repeat":"repeat","background-position":"center center","background-size":"auto","background-attachment":"scroll","background-type":"","background-media":"","overlay-type":"","overlay-color":"","overlay-opacity":"","overlay-gradient":""}}},"product_brand":[],"product_cat":[18],"product_tag":[182,181],"class_list":{"0":"post-20305","1":"product","2":"type-product","3":"status-publish","4":"has-post-thumbnail","6":"product_cat-uncategorized","7":"product_tag-wpc-decking","8":"product_tag-wpc-flooring","9":"desktop-align-center","10":"tablet-align-left","11":"mobile-align-left","12":"ast-product-gallery-layout-horizontal-slider","13":"ast-product-tabs-layout-vertical","15":"first","16":"instock","17":"featured","18":"shipping-taxable","19":"product-type-simple"},"uagb_featured_image_src":{"full":["https:\/\/meterny.com\/wp-content\/uploads\/2024\/10\/Teak.png",800,800,false],"thumbnail":["https:\/\/meterny.com\/wp-content\/uploads\/2024\/10\/Teak-150x150.png",150,150,true],"medium":["https:\/\/meterny.com\/wp-content\/uploads\/2024\/10\/Teak-300x300.png",300,300,true],"medium_large":["https:\/\/meterny.com\/wp-content\/uploads\/2024\/10\/Teak-768x768.png",768,768,true],"large":["https:\/\/meterny.com\/wp-content\/uploads\/2024\/10\/Teak.png",800,800,false],"1536x1536":["https:\/\/meterny.com\/wp-content\/uploads\/2024\/10\/Teak.png",800,800,false],"2048x2048":["https:\/\/meterny.com\/wp-content\/uploads\/2024\/10\/Teak.png",800,800,false],"trp-custom-language-flag":["https:\/\/meterny.com\/wp-content\/uploads\/2024\/10\/Teak.png",12,12,false],"woocommerce_thumbnail":["https:\/\/meterny.com\/wp-content\/uploads\/2024\/10\/Teak-300x300.png",300,300,true],"woocommerce_single":["https:\/\/meterny.com\/wp-content\/uploads\/2024\/10\/Teak-600x600.png",600,600,true],"woocommerce_gallery_thumbnail":["https:\/\/meterny.com\/wp-content\/uploads\/2024\/10\/Teak-100x100.png",100,100,true]},"uagb_author_info":{"display_name":"meterny","author_link":"https:\/\/meterny.com\/es\/author\/"},"uagb_comment_info":0,"uagb_excerpt":"Customized WPC Flooring for High-End Outdoor Projects Specification Overview Elevate your\u00a0outdoor living spaces with Customized WPC Flooring, designed specifically for [&hellip;]","_links":{"self":[{"href":"https:\/\/meterny.com\/es\/wp-json\/wp\/v2\/product\/20305","targetHints":{"allow":["GET"]}}],"collection":[{"href":"https:\/\/meterny.com\/es\/wp-json\/wp\/v2\/product"}],"about":[{"href":"https:\/\/meterny.com\/es\/wp-json\/wp\/v2\/types\/product"}],"replies":[{"embeddable":true,"href":"https:\/\/meterny.com\/es\/wp-json\/wp\/v2\/comments?post=20305"}],"wp:featuredmedia":[{"embeddable":true,"href":"https:\/\/meterny.com\/es\/wp-json\/wp\/v2\/media\/17415"}],"wp:attachment":[{"href":"https:\/\/meterny.com\/es\/wp-json\/wp\/v2\/media?parent=20305"}],"wp:term":[{"taxonomy":"product_brand","embeddable":true,"href":"https:\/\/meterny.com\/es\/wp-json\/wp\/v2\/product_brand?post=20305"},{"taxonomy":"product_cat","embeddable":true,"href":"https:\/\/meterny.com\/es\/wp-json\/wp\/v2\/product_cat?post=20305"},{"taxonomy":"product_tag","embeddable":true,"href":"https:\/\/meterny.com\/es\/wp-json\/wp\/v2\/product_tag?post=20305"}],"curies":[{"name":"wp","href":"https:\/\/api.w.org\/{rel}","templated":true}]}}