{"id":20306,"date":"2024-12-15T13:47:05","date_gmt":"2024-12-15T13:47:05","guid":{"rendered":"https:\/\/meterny.com\/?post_type=product&#038;p=20306"},"modified":"2025-01-18T09:25:55","modified_gmt":"2025-01-18T09:25:55","slug":"scratch-resistant-wpc-flooring","status":"publish","type":"product","link":"https:\/\/meterny.com\/es\/producto\/scratch-resistant-wpc-flooring\/","title":{"rendered":"Suelos de WPC resistentes a los ara\u00f1azos para zonas h\u00famedas"},"content":{"rendered":"<div class=\"elementor-element elementor-element-c0e1d42 elementor-widget elementor-widget-heading\" data-id=\"c0e1d42\" data-element_type=\"widget\" data-widget_type=\"heading.default\">\n<div class=\"elementor-widget-container\">\n<h2 class=\"elementor-heading-title elementor-size-default\" style=\"text-align: center;\">Suelos de WPC resistentes a los ara\u00f1azos para zonas h\u00famedas<\/h2>\n<\/div>\n<\/div>\n<div class=\"elementor-element elementor-element-1f676da elementor-widget elementor-widget-heading\" data-id=\"1f676da\" data-element_type=\"widget\" data-widget_type=\"heading.default\">\n<h2 class=\"elementor-widget-container\" style=\"text-align: center;\">Especificaci\u00f3n<\/h2>\n<h4>Productos<\/h4>\n<p id=\"\">El suelo de WPC (compuesto de madera y pl\u00e1stico) resistente a los ara\u00f1azos es un nuevo tipo de suelo ecol\u00f3gico que combina las ventajas de la madera y el pl\u00e1stico. Dise\u00f1ado espec\u00edficamente para los consumidores que dan prioridad a la resistencia al desgaste, la impermeabilidad, la facilidad de instalaci\u00f3n y el respeto por el medio ambiente, este producto utiliza una avanzada tecnolog\u00eda de procesamiento y una capa de desgaste transparente especial en su superficie para garantizar una resistencia excepcional a los ara\u00f1azos, manteniendo al mismo tiempo el atractivo est\u00e9tico y la practicidad.<\/p>\n<p><strong>Modelo<\/strong>: METE140H25<br \/>\n<strong>Tipo<\/strong>: WPC Decking\/Piso<br \/>\n<strong>Talla<\/strong>: 140\u00d725mm<\/p>\n<p><strong>Superficie<\/strong>: Granos rectos<br \/>\n<strong>Longitud<\/strong>2,9 m o personalizado<br \/>\n<strong>Material<\/strong>: Compuesto de madera y pl\u00e1stico<br \/>\n<strong>Tecnolog\u00eda del producto<\/strong>: Eco-extrusi\u00f3n<\/p>\n<p><img loading=\"lazy\" decoding=\"async\" class=\"alignnone wp-image-17412\" src=\"https:\/\/meterny.com\/wp-content\/uploads\/2024\/10\/1-1-1.jpg\" alt=\"Suelos de WPC resistentes a los ara\u00f1azos para zonas h\u00famedas\" width=\"1024\" height=\"1024\" srcset=\"https:\/\/meterny.com\/wp-content\/uploads\/2024\/10\/1-1-1.jpg 800w, https:\/\/meterny.com\/wp-content\/uploads\/2024\/10\/1-1-1-300x300.jpg 300w, https:\/\/meterny.com\/wp-content\/uploads\/2024\/10\/1-1-1-150x150.jpg 150w, https:\/\/meterny.com\/wp-content\/uploads\/2024\/10\/1-1-1-768x768.jpg 768w, https:\/\/meterny.com\/wp-content\/uploads\/2024\/10\/1-1-1-600x600.jpg 600w, https:\/\/meterny.com\/wp-content\/uploads\/2024\/10\/1-1-1-100x100.jpg 100w\" sizes=\"auto, (max-width: 1024px) 100vw, 1024px\" \/><\/p>\n<h4>Caracter\u00edsticas del producto<\/h4>\n<ol>\n<li><strong>Ultrarresistente a los ara\u00f1azos<\/strong>:\n<ul>\n<li>La capa de desgaste especialmente tratada de la superficie tiene una resistencia al desgaste de hasta 25.000 revoluciones, muy superior a las 8.000 revoluciones de los suelos laminados normales.<\/li>\n<li>Dependiendo del grosor de la capa de desgaste, el suelo puede durar entre 10 y 20 a\u00f1os con un uso normal, lo que prolonga considerablemente su vida \u00fatil.<\/li>\n<\/ul>\n<\/li>\n<li><strong>Impermeable y resistente a la humedad<\/strong>:\n<ul>\n<li>Fabricado principalmente con resina vin\u00edlica, no tiene afinidad por el agua, lo que resuelve fundamentalmente el problema de los productos de madera que se pudren e hinchan cuando se exponen al agua.<\/li>\n<li>Adecuado para cocinas, balcones y otros ambientes h\u00famedos, mantiene el suelo seco y refrescante.<\/li>\n<\/ul>\n<\/li>\n<li><strong>F\u00e1cil instalaci\u00f3n<\/strong>:\n<ul>\n<li>Incorpora un sistema de cierre que no requiere pegamento ni clavos, por lo que su instalaci\u00f3n resulta r\u00e1pida y c\u00f3moda.<\/li>\n<li>Ahorra tiempo y costes de instalaci\u00f3n, ideal para aficionados al bricolaje.<\/li>\n<\/ul>\n<\/li>\n<li><strong>Ecol\u00f3gico y saludable<\/strong>:\n<ul>\n<li>Producido a partir de cloruro de polivinilo, un recurso renovable y respetuoso con el medio ambiente.<\/li>\n<li>No contiene formaldeh\u00eddo, plomo ni otras sustancias nocivas, lo que crea un entorno de vida seguro y saludable.<\/li>\n<\/ul>\n<\/li>\n<li><strong>Sensaci\u00f3n c\u00f3moda en el pie<\/strong>:\n<ul>\n<li>Textura suave y buena elasticidad, con excelente recuperaci\u00f3n el\u00e1stica bajo fuertes impactos.<\/li>\n<li>Conocido como el \"oro suave de los materiales para suelos\", proporciona una agradable experiencia al caminar.<\/li>\n<\/ul>\n<\/li>\n<li><strong>Variedad de dise\u00f1os<\/strong>:\n<ul>\n<li>Ofrece una gama de colores y dise\u00f1os, incluidas texturas de moqueta, texturas de piedra y texturas de suelos de madera.<\/li>\n<li>Opciones personalizables para adaptarse a diferentes estilos de decoraci\u00f3n.<\/li>\n<\/ul>\n<\/li>\n<li><strong>Resistente al fuego<\/strong>:\n<ul>\n<li>Clasificaci\u00f3n al fuego B1, s\u00f3lo superada por los materiales p\u00e9treos, autoextinguible en caso de incendio y no produce gases t\u00f3xicos.<\/li>\n<\/ul>\n<\/li>\n<\/ol>\n<h4>Especificaciones del producto<\/h4>\n<ul>\n<li><strong>Espesor<\/strong>: M\u00faltiples especificaciones disponibles, como 5 mm, 8 mm, etc.<\/li>\n<li><strong>Anchura<\/strong>: Normalmente 48 pulgadas (aproximadamente 122 cm).<\/li>\n<li><strong>Longitud<\/strong>: Va de 7 pulgadas a 48 pulgadas (aproximadamente de 17,8 cm a 122 cm).<\/li>\n<li><strong>Zona<\/strong>: La cobertura por pieza var\u00eda en funci\u00f3n de las especificaciones, como 28,84 pies cuadrados (aproximadamente 2,68 metros cuadrados).<\/li>\n<\/ul>\n<h4>Escenarios de aplicaci\u00f3n<\/h4>\n<ul>\n<li>Residencial: Salones, dormitorios, cocinas, balcones, etc.<\/li>\n<li>Espacios comerciales: Oficinas, tiendas, restaurantes, etc.<\/li>\n<li>Instalaciones p\u00fablicas: Bibliotecas, hospitales, escuelas, etc.<\/li>\n<\/ul>\n<h4>Gu\u00eda de instalaci\u00f3n<\/h4>\n<ul>\n<li>Aseg\u00farese de que el suelo sea llano, est\u00e9 seco y no tenga manchas de aceite.<\/li>\n<li>Utilice el sistema de bloqueo para unir las piezas del suelo.<\/li>\n<li>No necesita cola ni clavos; durante la instalaci\u00f3n, aseg\u00farese de que haya espacios uniformes entre las piezas del suelo.<\/li>\n<\/ul>\n<\/div>\n<div class=\"elementor-element elementor-element-1f676da elementor-widget elementor-widget-heading\" data-id=\"1f676da\" data-element_type=\"widget\" data-widget_type=\"heading.default\">\n<h3 style=\"text-align: left;\"><strong>Descripci\u00f3n<\/strong><\/h3>\n<p style=\"text-align: left;\">Los suelos de WPC resistentes a los ara\u00f1azos son una opci\u00f3n duradera y elegante que combina la belleza natural de la madera con la solidez y resistencia a la intemperie del pl\u00e1stico. Cuenta con una capa especial de desgaste que mejora la resistencia a los ara\u00f1azos, por lo que es ideal para zonas de mucho tr\u00e1nsito. F\u00e1cil de instalar y mantener, este suelo ecol\u00f3gico ofrece una amplia gama de opciones de dise\u00f1o que se adaptan a cualquier decoraci\u00f3n.<\/p>\n<h3>Si desea conocer m\u00e1s detalles, haga clic en este enlace de youtube:<a href=\"https:\/\/youtu.be\/yQvN4lv4Rr4\" target=\"_blank\" rel=\"noopener\">https:\/\/youtu.be\/yQvN4lv4Rr4<\/a><\/h3>\n<p>&nbsp;<\/p>\n<h3>Galer\u00eda<\/h3>\n<figure id=\"attachment_17392\" aria-describedby=\"caption-attachment-17392\" style=\"width: 1024px\" class=\"wp-caption alignnone\"><img loading=\"lazy\" decoding=\"async\" class=\"wp-image-17392\" src=\"https:\/\/meterny.com\/wp-content\/uploads\/2024\/03\/1-3.jpg\" alt=\"Paneles de suelo de wpc con veteado de madera\" width=\"1024\" height=\"1024\" srcset=\"https:\/\/meterny.com\/wp-content\/uploads\/2024\/03\/1-3.jpg 800w, https:\/\/meterny.com\/wp-content\/uploads\/2024\/03\/1-3-300x300.jpg 300w, https:\/\/meterny.com\/wp-content\/uploads\/2024\/03\/1-3-150x150.jpg 150w, https:\/\/meterny.com\/wp-content\/uploads\/2024\/03\/1-3-768x768.jpg 768w, https:\/\/meterny.com\/wp-content\/uploads\/2024\/03\/1-3-600x600.jpg 600w, https:\/\/meterny.com\/wp-content\/uploads\/2024\/03\/1-3-100x100.jpg 100w\" sizes=\"auto, (max-width: 1024px) 100vw, 1024px\" \/><figcaption id=\"caption-attachment-17392\" class=\"wp-caption-text\">Suelos de WPC color Teca: La elegancia atemporal de la madera con la durabilidad moderna.<\/figcaption><\/figure>\n<figure id=\"attachment_17413\" aria-describedby=\"caption-attachment-17413\" style=\"width: 1024px\" class=\"wp-caption alignnone\"><img loading=\"lazy\" decoding=\"async\" class=\"wp-image-17413\" src=\"https:\/\/meterny.com\/wp-content\/uploads\/2024\/10\/1-9.jpg\" alt=\"Suelos de WPC impermeables para cubiertas exteriores\" width=\"1024\" height=\"1024\" srcset=\"https:\/\/meterny.com\/wp-content\/uploads\/2024\/10\/1-9.jpg 464w, https:\/\/meterny.com\/wp-content\/uploads\/2024\/10\/1-9-300x300.jpg 300w, https:\/\/meterny.com\/wp-content\/uploads\/2024\/10\/1-9-150x150.jpg 150w, https:\/\/meterny.com\/wp-content\/uploads\/2024\/10\/1-9-100x100.jpg 100w\" sizes=\"auto, (max-width: 1024px) 100vw, 1024px\" \/><figcaption id=\"caption-attachment-17413\" class=\"wp-caption-text\">Mejore su espacio exterior con suelos de WPC impermeables y duraderos<\/figcaption><\/figure>\n<figure id=\"attachment_20293\" aria-describedby=\"caption-attachment-20293\" style=\"width: 1024px\" class=\"wp-caption alignnone\"><img loading=\"lazy\" decoding=\"async\" class=\"wp-image-20293\" src=\"https:\/\/meterny.com\/wp-content\/uploads\/2024\/10\/METE-Series-Colour-151.png\" alt=\"Opciones de color de la valla de WPC Meterny\" width=\"1024\" height=\"1024\" srcset=\"https:\/\/meterny.com\/wp-content\/uploads\/2024\/10\/METE-Series-Colour-151.png 900w, https:\/\/meterny.com\/wp-content\/uploads\/2024\/10\/METE-Series-Colour-151-300x300.png 300w, https:\/\/meterny.com\/wp-content\/uploads\/2024\/10\/METE-Series-Colour-151-150x150.png 150w, https:\/\/meterny.com\/wp-content\/uploads\/2024\/10\/METE-Series-Colour-151-768x768.png 768w, https:\/\/meterny.com\/wp-content\/uploads\/2024\/10\/METE-Series-Colour-151-600x600.png 600w, https:\/\/meterny.com\/wp-content\/uploads\/2024\/10\/METE-Series-Colour-151-100x100.png 100w\" sizes=\"auto, (max-width: 1024px) 100vw, 1024px\" \/><figcaption id=\"caption-attachment-20293\" class=\"wp-caption-text\">Explore Suelos de WPC Meterny - Nueve impresionantes opciones de color para cada estilo<\/figcaption><\/figure>\n<h3>\u00bfPor qu\u00e9 elegir suelos de WPC resistentes a los ara\u00f1azos?<\/h3>\n<ol>\n<li>\n<p id=\"\"><strong>Durabilidad y longevidad<\/strong>: Los suelos de WPC resistentes a los ara\u00f1azos est\u00e1n dise\u00f1ados para soportar el desgaste diario, incluidos ara\u00f1azos, abolladuras y manchas. Esto garantiza que su suelo conserve su atractivo est\u00e9tico y su funcionalidad con el paso del tiempo, reduciendo la necesidad de sustituciones frecuentes.<\/p>\n<\/li>\n<li>\n<p id=\"\"><strong>Resistencia a los ara\u00f1azos<\/strong>: La principal ventaja de los suelos de WPC resistentes a los ara\u00f1azos es su capacidad para resistir ara\u00f1azos y otras formas de deterioro de la superficie. Esto es especialmente importante en zonas muy transitadas o en hogares con mascotas y ni\u00f1os, donde los suelos son m\u00e1s susceptibles a los ara\u00f1azos.<\/p>\n<\/li>\n<li>\n<p id=\"\"><strong>Resistencia al agua<\/strong>: Los suelos de WPC son muy resistentes al agua y la humedad, lo que los convierte en una opci\u00f3n excelente para cocinas, ba\u00f1os y otras zonas propensas a los derrames y la humedad. Esta resistencia ayuda a prevenir el hinchamiento, la deformaci\u00f3n y la putrefacci\u00f3n, garantizando un rendimiento duradero.<\/p>\n<\/li>\n<li>\n<p id=\"\"><strong>Facilidad de instalaci\u00f3n<\/strong>: Los suelos de WPC resistentes a los ara\u00f1azos suelen estar dise\u00f1ados con un sistema de fijaci\u00f3n que no requiere cola ni clavos, lo que facilita su instalaci\u00f3n en comparaci\u00f3n con los suelos tradicionales de madera dura o laminados. Esto puede ahorrar tiempo y costes de mano de obra, convirti\u00e9ndolo en una opci\u00f3n m\u00e1s rentable.<\/p>\n<\/li>\n<li>\n<p id=\"\"><strong>Bajo mantenimiento<\/strong>: La limpieza y el mantenimiento de los suelos de WPC resistentes a los ara\u00f1azos son sencillos y directos. Puede limpiarse con un pa\u00f1o h\u00famedo o una fregona, y no requiere productos o tratamientos de limpieza especiales. Este requisito de bajo mantenimiento ayuda a mantener sus suelos con el mejor aspecto con el m\u00ednimo esfuerzo.<\/p>\n<\/li>\n<li>\n<p id=\"\"><strong>Opciones de dise\u00f1o vers\u00e1tiles<\/strong>: Los suelos de WPC resistentes a los ara\u00f1azos est\u00e1n disponibles en una amplia gama de colores, estilos y texturas, lo que le permite elegir la opci\u00f3n perfecta que se adapte a su gusto y decoraci\u00f3n. Tanto si prefiere un aspecto tradicional de grano de madera como un dise\u00f1o m\u00e1s moderno y elegante, hay una opci\u00f3n de suelo de WPC que se adapta a sus necesidades.<\/p>\n<\/li>\n<li>\n<p id=\"\"><strong>Respetuoso con el medio ambiente<\/strong>: Los suelos de WPC se fabrican con materiales reciclados, como fibra de madera y residuos pl\u00e1sticos. Esto reduce los residuos y el impacto medioambiental, convirti\u00e9ndolo en una opci\u00f3n de suelo m\u00e1s sostenible.<\/p>\n<\/li>\n<\/ol>\n<p id=\"\">En resumen, elegir un suelo de WPC resistente a los ara\u00f1azos ofrece una combinaci\u00f3n de durabilidad, resistencia a los ara\u00f1azos, resistencia al agua, facilidad de instalaci\u00f3n, bajo mantenimiento, opciones de dise\u00f1o vers\u00e1tiles y respeto por el medio ambiente. Estas ventajas lo convierten en una excelente opci\u00f3n para cualquiera que busque un suelo de alta calidad, elegante y respetuoso con el medio ambiente.<\/p>\n<\/div>","protected":false},"excerpt":{"rendered":"<p>Suelos de WPC resistentes a los ara\u00f1azos para zonas h\u00famedas Especificaci\u00f3n Descripci\u00f3n general del producto Los suelos de WPC (compuesto de madera [...]<\/p>","protected":false},"featured_media":17412,"comment_status":"open","ping_status":"closed","template":"","meta":{"_uag_custom_page_level_css":"","site-sidebar-layout":"default","site-content-layout":"","ast-site-content-layout":"default","site-content-style":"default","site-sidebar-style":"default","ast-global-header-display":"","ast-banner-title-visibility":"","ast-main-header-display":"","ast-hfb-above-header-display":"","ast-hfb-below-header-display":"","ast-hfb-mobile-header-display":"","site-post-title":"","ast-breadcrumbs-content":"","ast-featured-img":"","footer-sml-layout":"","theme-transparent-header-meta":"default","adv-header-id-meta":"","stick-header-meta":"default","header-above-stick-meta":"","header-main-stick-meta":"","header-below-stick-meta":"","astra-migrate-meta-layouts":"set","ast-page-background-enabled":"default","ast-page-background-meta":{"desktop":{"background-color":"var(--ast-global-color-4)","background-image":"","background-repeat":"repeat","background-position":"center center","background-size":"auto","background-attachment":"scroll","background-type":"","background-media":"","overlay-type":"","overlay-color":"","overlay-opacity":"","overlay-gradient":""},"tablet":{"background-color":"","background-image":"","background-repeat":"repeat","background-position":"center center","background-size":"auto","background-attachment":"scroll","background-type":"","background-media":"","overlay-type":"","overlay-color":"","overlay-opacity":"","overlay-gradient":""},"mobile":{"background-color":"","background-image":"","background-repeat":"repeat","background-position":"center center","background-size":"auto","background-attachment":"scroll","background-type":"","background-media":"","overlay-type":"","overlay-color":"","overlay-opacity":"","overlay-gradient":""}},"ast-content-background-meta":{"desktop":{"background-color":"var(--ast-global-color-5)","background-image":"","background-repeat":"repeat","background-position":"center center","background-size":"auto","background-attachment":"scroll","background-type":"","background-media":"","overlay-type":"","overlay-color":"","overlay-opacity":"","overlay-gradient":""},"tablet":{"background-color":"var(--ast-global-color-5)","background-image":"","background-repeat":"repeat","background-position":"center center","background-size":"auto","background-attachment":"scroll","background-type":"","background-media":"","overlay-type":"","overlay-color":"","overlay-opacity":"","overlay-gradient":""},"mobile":{"background-color":"var(--ast-global-color-5)","background-image":"","background-repeat":"repeat","background-position":"center center","background-size":"auto","background-attachment":"scroll","background-type":"","background-media":"","overlay-type":"","overlay-color":"","overlay-opacity":"","overlay-gradient":""}}},"product_brand":[],"product_cat":[18],"product_tag":[182,181],"class_list":{"0":"post-20306","1":"product","2":"type-product","3":"status-publish","4":"has-post-thumbnail","6":"product_cat-uncategorized","7":"product_tag-wpc-decking","8":"product_tag-wpc-flooring","9":"desktop-align-center","10":"tablet-align-left","11":"mobile-align-left","12":"ast-product-gallery-layout-horizontal-slider","13":"ast-product-tabs-layout-vertical","15":"first","16":"instock","17":"featured","18":"shipping-taxable","19":"product-type-simple"},"uagb_featured_image_src":{"full":["https:\/\/meterny.com\/wp-content\/uploads\/2024\/10\/1-1-1.jpg",800,800,false],"thumbnail":["https:\/\/meterny.com\/wp-content\/uploads\/2024\/10\/1-1-1-150x150.jpg",150,150,true],"medium":["https:\/\/meterny.com\/wp-content\/uploads\/2024\/10\/1-1-1-300x300.jpg",300,300,true],"medium_large":["https:\/\/meterny.com\/wp-content\/uploads\/2024\/10\/1-1-1-768x768.jpg",768,768,true],"large":["https:\/\/meterny.com\/wp-content\/uploads\/2024\/10\/1-1-1.jpg",800,800,false],"1536x1536":["https:\/\/meterny.com\/wp-content\/uploads\/2024\/10\/1-1-1.jpg",800,800,false],"2048x2048":["https:\/\/meterny.com\/wp-content\/uploads\/2024\/10\/1-1-1.jpg",800,800,false],"trp-custom-language-flag":["https:\/\/meterny.com\/wp-content\/uploads\/2024\/10\/1-1-1.jpg",12,12,false],"woocommerce_thumbnail":["https:\/\/meterny.com\/wp-content\/uploads\/2024\/10\/1-1-1-300x300.jpg",300,300,true],"woocommerce_single":["https:\/\/meterny.com\/wp-content\/uploads\/2024\/10\/1-1-1-600x600.jpg",600,600,true],"woocommerce_gallery_thumbnail":["https:\/\/meterny.com\/wp-content\/uploads\/2024\/10\/1-1-1-100x100.jpg",100,100,true]},"uagb_author_info":{"display_name":"meterny","author_link":"https:\/\/meterny.com\/es\/author\/"},"uagb_comment_info":0,"uagb_excerpt":"Scratch-Resistant WPC Flooring for wet Areas Specification Product Overview Scratch-Resistant WPC (Wood Plastic Composite) Flooring is a new type of [&hellip;]","_links":{"self":[{"href":"https:\/\/meterny.com\/es\/wp-json\/wp\/v2\/product\/20306","targetHints":{"allow":["GET"]}}],"collection":[{"href":"https:\/\/meterny.com\/es\/wp-json\/wp\/v2\/product"}],"about":[{"href":"https:\/\/meterny.com\/es\/wp-json\/wp\/v2\/types\/product"}],"replies":[{"embeddable":true,"href":"https:\/\/meterny.com\/es\/wp-json\/wp\/v2\/comments?post=20306"}],"wp:featuredmedia":[{"embeddable":true,"href":"https:\/\/meterny.com\/es\/wp-json\/wp\/v2\/media\/17412"}],"wp:attachment":[{"href":"https:\/\/meterny.com\/es\/wp-json\/wp\/v2\/media?parent=20306"}],"wp:term":[{"taxonomy":"product_brand","embeddable":true,"href":"https:\/\/meterny.com\/es\/wp-json\/wp\/v2\/product_brand?post=20306"},{"taxonomy":"product_cat","embeddable":true,"href":"https:\/\/meterny.com\/es\/wp-json\/wp\/v2\/product_cat?post=20306"},{"taxonomy":"product_tag","embeddable":true,"href":"https:\/\/meterny.com\/es\/wp-json\/wp\/v2\/product_tag?post=20306"}],"curies":[{"name":"wp","href":"https:\/\/api.w.org\/{rel}","templated":true}]}}