{"id":20308,"date":"2024-12-15T13:53:10","date_gmt":"2024-12-15T13:53:10","guid":{"rendered":"https:\/\/meterny.com\/?post_type=product&#038;p=20308"},"modified":"2025-01-18T09:22:42","modified_gmt":"2025-01-18T09:22:42","slug":"versatile-two-tone-flooring","status":"publish","type":"product","link":"https:\/\/meterny.com\/es\/producto\/versatile-two-tone-flooring\/","title":{"rendered":"Suelos bicolor vers\u00e1tiles Suelos de WPC sostenibles"},"content":{"rendered":"<div class=\"elementor-element elementor-element-c0e1d42 elementor-widget elementor-widget-heading\" data-id=\"c0e1d42\" data-element_type=\"widget\" data-widget_type=\"heading.default\">\n<div class=\"elementor-widget-container\">\n<h2 class=\"elementor-heading-title elementor-size-default\" style=\"text-align: center;\">Pavimento bicolor vers\u00e1til Pavimento de WPC sostenible Especificaci\u00f3n<\/h2>\n<\/div>\n<\/div>\n<div class=\"elementor-element elementor-element-1f676da elementor-widget elementor-widget-heading\" data-id=\"1f676da\" data-element_type=\"widget\" data-widget_type=\"heading.default\">\n<p id=\"\"><strong>Nombre del producto<\/strong>: Vers\u00e1til suelo bicolor<\/p>\n<p id=\"\"><strong>Marca<\/strong>: Meterny<\/p>\n<p id=\"\"><strong>Productos<\/strong>:<\/p>\n<p id=\"\">Los vers\u00e1tiles suelos bicolor combinan la elegancia de un dise\u00f1o bicolor con la durabilidad y practicidad de las soluciones de suelos modernas. Esta innovadora opci\u00f3n de suelo ofrece un atractivo visual \u00fanico que puede transformar cualquier espacio en un entorno elegante y sofisticado.<\/p>\n<p><strong>Modelo<\/strong>: METE140H25<br \/>\n<strong>Tipo<\/strong>: WPC Decking\/Piso<br \/>\n<strong>Talla<\/strong>: 140\u00d725mm<\/p>\n<p><strong>Superficie<\/strong>: Granos rectos<br \/>\n<strong>Longitud<\/strong>2,9 m o personalizado<br \/>\n<strong>Material<\/strong>: Compuesto de madera y pl\u00e1stico<br \/>\n<strong>Tecnolog\u00eda del producto<\/strong>: Eco-extrusi\u00f3n<\/p>\n<figure id=\"attachment_17402\" aria-describedby=\"caption-attachment-17402\" style=\"width: 1024px\" class=\"wp-caption alignnone\"><img loading=\"lazy\" decoding=\"async\" class=\"wp-image-17402\" src=\"https:\/\/meterny.com\/wp-content\/uploads\/2024\/03\/14-3.png\" alt=\"Vers\u00e1til suelo bicolor\" width=\"1024\" height=\"1024\" srcset=\"https:\/\/meterny.com\/wp-content\/uploads\/2024\/03\/14-3.png 800w, https:\/\/meterny.com\/wp-content\/uploads\/2024\/03\/14-3-300x300.png 300w, https:\/\/meterny.com\/wp-content\/uploads\/2024\/03\/14-3-150x150.png 150w, https:\/\/meterny.com\/wp-content\/uploads\/2024\/03\/14-3-768x768.png 768w, https:\/\/meterny.com\/wp-content\/uploads\/2024\/03\/14-3-600x600.png 600w, https:\/\/meterny.com\/wp-content\/uploads\/2024\/03\/14-3-100x100.png 100w\" sizes=\"auto, (max-width: 1024px) 100vw, 1024px\" \/><figcaption id=\"caption-attachment-17402\" class=\"wp-caption-text\">Suelos de WPC de doble tono: Una elegante fusi\u00f3n de funcionalidad y dise\u00f1o<\/figcaption><\/figure>\n<p id=\"\"><strong>Caracter\u00edsticas principales<\/strong>:<\/p>\n<ol>\n<li><strong>Dise\u00f1o bicolor<\/strong>:\n<ul>\n<li>El suelo presenta una llamativa combinaci\u00f3n de colores bicolor que a\u00f1ade profundidad e inter\u00e9s visual a la habitaci\u00f3n.<\/li>\n<li>Disponible en varias combinaciones de colores para adaptarse a diferentes estilos de decoraci\u00f3n de interiores.<\/li>\n<\/ul>\n<\/li>\n<li><strong>Alta durabilidad<\/strong>:\n<ul>\n<li>Fabricado con materiales de alta calidad resistentes al desgaste, los ara\u00f1azos y las manchas.<\/li>\n<li>Dise\u00f1ado para soportar el tr\u00e1fico peatonal intenso y el desgaste diario, garantizando una belleza duradera.<\/li>\n<\/ul>\n<\/li>\n<li><strong>Resistencia al agua y la humedad<\/strong>:\n<ul>\n<li>Es impermeable y resistente a la humedad, por lo que puede utilizarse en entornos h\u00famedos.<\/li>\n<li>Perfecto para cocinas, ba\u00f1os y otras zonas propensas a los derrames de agua.<\/li>\n<\/ul>\n<\/li>\n<li><strong>F\u00e1cil instalaci\u00f3n<\/strong>:\n<ul>\n<li>Viene con un innovador sistema de bloqueo que simplifica el proceso de instalaci\u00f3n.<\/li>\n<li>No requiere herramientas ni conocimientos especiales, por lo que es una opci\u00f3n f\u00e1cil de usar.<\/li>\n<\/ul>\n<\/li>\n<li><strong>Ecol\u00f3gico<\/strong>:\n<ul>\n<li>Fabricado con materiales y procesos respetuosos con el medio ambiente.<\/li>\n<li>Apoya el desarrollo sostenible y reduce el impacto ambiental.<\/li>\n<\/ul>\n<\/li>\n<li><strong>Aplicaciones vers\u00e1tiles<\/strong>:\n<ul>\n<li>Adecuado para diversos entornos de interior, como hogares, oficinas, tiendas minoristas, etc.<\/li>\n<li>Realza el atractivo est\u00e9tico de cualquier espacio, creando un ambiente acogedor y elegante.<\/li>\n<\/ul>\n<\/li>\n<li><strong>Mantenimiento y limpieza<\/strong>:\n<ul>\n<li>F\u00e1cil de limpiar y mantener, ya que s\u00f3lo requiere barrer o aspirar con regularidad y pasar la mopa de vez en cuando.<\/li>\n<li>Resistente a las manchas y la suciedad, lo que la convierte en una opci\u00f3n de bajo mantenimiento.<\/li>\n<\/ul>\n<\/li>\n<\/ol>\n<p id=\"\"><strong>Especificaciones t\u00e9cnicas<\/strong>:<\/p>\n<ul>\n<li>Material: PVC de alta calidad (u otro material adecuado en funci\u00f3n del producto real)<\/li>\n<li>Grosor: Var\u00eda en funci\u00f3n de la selecci\u00f3n del producto<\/li>\n<li>Anchura: Est\u00e1ndar u opciones personalizables disponibles<\/li>\n<li>Longitud: Var\u00eda en funci\u00f3n del producto seleccionado<\/li>\n<li>Opciones de color: M\u00faltiples combinaciones de dos tonos para elegir<\/li>\n<li>M\u00e9todo de instalaci\u00f3n: Sistema de bloqueo para facilitar la instalaci\u00f3n<\/li>\n<\/ul>\n<p id=\"\"><strong>Informaci\u00f3n sobre la garant\u00eda<\/strong>:<\/p>\n<ul>\n<li>Amplia garant\u00eda que cubre los defectos de fabricaci\u00f3n y los problemas de instalaci\u00f3n.<\/li>\n<li>P\u00f3ngase en contacto con el servicio de atenci\u00f3n al cliente para conocer los detalles y el proceso de reclamaci\u00f3n.<\/li>\n<\/ul>\n<p id=\"\"><strong>Informaci\u00f3n de contacto<\/strong>:<\/p>\n<ul>\n<li>L\u00ednea directa de atenci\u00f3n al cliente: +86 18566054354<\/li>\n<li>Correo electr\u00f3nico: [damon@meterny.com]<\/li>\n<li>P\u00e1gina web: [meterny.com]<\/li>\n<\/ul>\n<h3>Si desea conocer m\u00e1s detalles, haga clic en este enlace de youtube:<a href=\"https:\/\/youtu.be\/-raUFt_4f7Y\" target=\"_blank\" rel=\"noopener\">https:\/\/youtu.be\/-raUFt_4f7Y<\/a><\/h3>\n<p>&nbsp;<\/p>\n<h3>Galer\u00eda<\/h3>\n<figure id=\"attachment_17415\" aria-describedby=\"caption-attachment-17415\" style=\"width: 1024px\" class=\"wp-caption alignnone\"><img loading=\"lazy\" decoding=\"async\" class=\"wp-image-17415\" src=\"https:\/\/meterny.com\/wp-content\/uploads\/2024\/10\/Teak.png\" alt=\"Suelos de WPC a medida para proyectos de exterior de alta gama\" width=\"1024\" height=\"1024\" srcset=\"https:\/\/meterny.com\/wp-content\/uploads\/2024\/10\/Teak.png 800w, https:\/\/meterny.com\/wp-content\/uploads\/2024\/10\/Teak-300x300.png 300w, https:\/\/meterny.com\/wp-content\/uploads\/2024\/10\/Teak-150x150.png 150w, https:\/\/meterny.com\/wp-content\/uploads\/2024\/10\/Teak-768x768.png 768w, https:\/\/meterny.com\/wp-content\/uploads\/2024\/10\/Teak-600x600.png 600w, https:\/\/meterny.com\/wp-content\/uploads\/2024\/10\/Teak-100x100.png 100w\" sizes=\"auto, (max-width: 1024px) 100vw, 1024px\" \/><figcaption id=\"caption-attachment-17415\" class=\"wp-caption-text\">Suelos de WPC a medida: Dise\u00f1ado para espacios exteriores de alta gama.<\/figcaption><\/figure>\n<figure id=\"attachment_17413\" aria-describedby=\"caption-attachment-17413\" style=\"width: 1024px\" class=\"wp-caption alignnone\"><img loading=\"lazy\" decoding=\"async\" class=\"wp-image-17413\" src=\"https:\/\/meterny.com\/wp-content\/uploads\/2024\/10\/1-9.jpg\" alt=\"Suelos de WPC impermeables para cubiertas exteriores\" width=\"1024\" height=\"1024\" srcset=\"https:\/\/meterny.com\/wp-content\/uploads\/2024\/10\/1-9.jpg 464w, https:\/\/meterny.com\/wp-content\/uploads\/2024\/10\/1-9-300x300.jpg 300w, https:\/\/meterny.com\/wp-content\/uploads\/2024\/10\/1-9-150x150.jpg 150w, https:\/\/meterny.com\/wp-content\/uploads\/2024\/10\/1-9-100x100.jpg 100w\" sizes=\"auto, (max-width: 1024px) 100vw, 1024px\" \/><figcaption id=\"caption-attachment-17413\" class=\"wp-caption-text\">Mejore su espacio exterior con suelos de WPC impermeables y duraderos<\/figcaption><\/figure>\n<figure id=\"attachment_17397\" aria-describedby=\"caption-attachment-17397\" style=\"width: 1024px\" class=\"wp-caption alignnone\"><img loading=\"lazy\" decoding=\"async\" class=\"wp-image-17397\" src=\"https:\/\/meterny.com\/wp-content\/uploads\/2024\/03\/5-1.png\" alt=\"Suelos de WPC Click-Lock f\u00e1ciles de instalar\" width=\"1024\" height=\"1024\" srcset=\"https:\/\/meterny.com\/wp-content\/uploads\/2024\/03\/5-1.png 1062w, https:\/\/meterny.com\/wp-content\/uploads\/2024\/03\/5-1-300x300.png 300w, https:\/\/meterny.com\/wp-content\/uploads\/2024\/03\/5-1-1024x1024.png 1024w, https:\/\/meterny.com\/wp-content\/uploads\/2024\/03\/5-1-150x150.png 150w, https:\/\/meterny.com\/wp-content\/uploads\/2024\/03\/5-1-768x768.png 768w, https:\/\/meterny.com\/wp-content\/uploads\/2024\/03\/5-1-600x600.png 600w, https:\/\/meterny.com\/wp-content\/uploads\/2024\/03\/5-1-100x100.png 100w\" sizes=\"auto, (max-width: 1024px) 100vw, 1024px\" \/><figcaption id=\"caption-attachment-17397\" class=\"wp-caption-text\">Instalaci\u00f3n sin complicaciones con los suelos de WPC Click-Lock<\/figcaption><\/figure>\n<p id=\"\"><strong>Qui\u00e9nes somos<\/strong>:<\/p>\n<p id=\"\">En VERSATile, nos dedicamos a proporcionar soluciones de suelos innovadoras y con estilo que satisfagan las diversas necesidades de nuestros clientes. Nuestro suelo Versatile Two-Tone es s\u00f3lo un ejemplo de nuestro compromiso con la excelencia en el dise\u00f1o, la durabilidad y el respeto al medio ambiente. Con una amplia gama de opciones de color y aplicaciones vers\u00e1tiles, nuestros suelos son perfectos para cualquier espacio. P\u00f3ngase en contacto con nosotros hoy mismo para obtener m\u00e1s informaci\u00f3n sobre nuestros productos y servicios.<\/p>\n<\/div>\n<div class=\"elementor-element elementor-element-1f676da elementor-widget elementor-widget-heading\" data-id=\"1f676da\" data-element_type=\"widget\" data-widget_type=\"heading.default\">\n<h3 style=\"text-align: left;\"><strong>Descripci\u00f3n<\/strong><\/h3>\n<p>El vers\u00e1til suelo bicolor presenta una llamativa combinaci\u00f3n de colores que a\u00f1ade profundidad e inter\u00e9s a la habitaci\u00f3n. El dise\u00f1o bicolor crea un efecto visualmente llamativo que puede realzar la est\u00e9tica general de su espacio. Con varias combinaciones de colores para elegir, puede encontrar f\u00e1cilmente una opci\u00f3n que se adapte a su estilo de decoraci\u00f3n interior y a sus preferencias personales.<\/p>\n<h3>Colores Opciones<\/h3>\n<p>&nbsp;<\/p>\n<figure id=\"attachment_20293\" aria-describedby=\"caption-attachment-20293\" style=\"width: 1024px\" class=\"wp-caption alignnone\"><img loading=\"lazy\" decoding=\"async\" class=\"wp-image-20293\" src=\"https:\/\/meterny.com\/wp-content\/uploads\/2024\/10\/METE-Series-Colour-151.png\" alt=\"Opciones de color de la valla de WPC Meterny\" width=\"1024\" height=\"1024\" srcset=\"https:\/\/meterny.com\/wp-content\/uploads\/2024\/10\/METE-Series-Colour-151.png 900w, https:\/\/meterny.com\/wp-content\/uploads\/2024\/10\/METE-Series-Colour-151-300x300.png 300w, https:\/\/meterny.com\/wp-content\/uploads\/2024\/10\/METE-Series-Colour-151-150x150.png 150w, https:\/\/meterny.com\/wp-content\/uploads\/2024\/10\/METE-Series-Colour-151-768x768.png 768w, https:\/\/meterny.com\/wp-content\/uploads\/2024\/10\/METE-Series-Colour-151-600x600.png 600w, https:\/\/meterny.com\/wp-content\/uploads\/2024\/10\/METE-Series-Colour-151-100x100.png 100w\" sizes=\"auto, (max-width: 1024px) 100vw, 1024px\" \/><figcaption id=\"caption-attachment-20293\" class=\"wp-caption-text\">Explore Suelos de WPC Meterny - Nueve impresionantes opciones de color para cada estilo<\/figcaption><\/figure>\n<h3>\u00bfPor qu\u00e9 elegir Versatile Two-Tone Flooring?<\/h3>\n<p id=\"\">Las razones para elegir Versatile Two-Tone Flooring (suponiendo que se refiere a una marca de suelos que ofrece un dise\u00f1o bicolor, como VERSATile) pueden elaborarse a partir de varios aspectos. He aqu\u00ed algunas razones clave:<\/p>\n<h3>1. Est\u00e9tica y personalizaci\u00f3n<\/h3>\n<ul>\n<li><strong>Dise\u00f1o bicolor<\/strong>: El vers\u00e1til suelo bicolor a\u00f1ade profundidad e inter\u00e9s visual a un espacio gracias a su exclusivo dise\u00f1o bicolor. Este dise\u00f1o no solo rompe con la monoton\u00eda de los suelos monocrom\u00e1ticos tradicionales, sino que tambi\u00e9n complementa diversos estilos de decoraci\u00f3n de interiores, mejorando la est\u00e9tica general.<\/li>\n<li><strong>Moda y Novedades<\/strong>: Los suelos bicolores suelen tener un aspecto elegante y novedoso, captan la atenci\u00f3n de la gente y se convierten en un elemento destacado de la decoraci\u00f3n de interiores.<\/li>\n<\/ul>\n<h3>2. Durabilidad y practicidad<\/h3>\n<ul>\n<li><strong>Materiales de alta calidad<\/strong>: Los suelos bicolores vers\u00e1tiles suelen estar fabricados con materiales de alta calidad que ofrecen una excelente resistencia al desgaste, los ara\u00f1azos y las manchas. Esto significa que el suelo puede mantener su belleza durante largos periodos de tiempo, reduciendo los costes de mantenimiento.<\/li>\n<li><strong>Resistencia al agua y la humedad<\/strong>: Algunas marcas de suelos bicolores, como VERSATile, son resistentes al agua y a la humedad. Esto hace que el suelo sea estable en ambientes h\u00famedos, evitando la deformaci\u00f3n o la aparici\u00f3n de moho.<\/li>\n<\/ul>\n<h3>3. F\u00e1cil instalaci\u00f3n y mantenimiento<\/h3>\n<ul>\n<li><strong>Instalaci\u00f3n c\u00f3moda<\/strong>: Los suelos bicolores vers\u00e1tiles suelen tener un proceso de instalaci\u00f3n sencillo. Algunas marcas utilizan mecanismos de cierre innovadores, que hacen que la instalaci\u00f3n sea m\u00e1s r\u00e1pida y segura.<\/li>\n<li><strong>Limpieza f\u00e1cil<\/strong>: La superficie de los suelos bicolor suele ser f\u00e1cil de limpiar, ya que basta con pasar un pa\u00f1o h\u00famedo o una aspiradora para eliminar el polvo y las manchas.<\/li>\n<\/ul>\n<h3>4. Respeto del medio ambiente y sostenibilidad<\/h3>\n<ul>\n<li><strong>Materiales ecol\u00f3gicos<\/strong>: Muchas opciones de suelos bicolor se fabrican con materiales ecol\u00f3gicos, como madera reciclada o bamb\u00fa. Estos materiales reducen el consumo de recursos naturales y ayudan a disminuir las emisiones de carbono.<\/li>\n<li><strong>Sostenibilidad<\/strong>: Elegir suelos bicolores ecol\u00f3gicos contribuye al desarrollo sostenible. Estos suelos minimizan el impacto medioambiental negativo durante su producci\u00f3n, uso y eliminaci\u00f3n.<\/li>\n<\/ul>\n<h3>5. Aplicaciones diversas<\/h3>\n<ul>\n<li><strong>Amplia aplicabilidad<\/strong>: El vers\u00e1til suelo bicolor es adecuado para diversos ambientes interiores, como hogares, oficinas, tiendas, etc. Sus diversos dise\u00f1os y opciones de color se adaptan a las necesidades de decoraci\u00f3n de diferentes entornos.<\/li>\n<li><strong>Percepci\u00f3n espacial mejorada<\/strong>: Los suelos bicolores pueden mejorar la percepci\u00f3n del espacio mediante el contraste y la coordinaci\u00f3n de colores, haciendo que las habitaciones parezcan m\u00e1s espaciosas y luminosas.<\/li>\n<\/ul>\n<p id=\"\">En resumen, la elecci\u00f3n de un suelo bicolor vers\u00e1til ofrece m\u00faltiples ventajas, como la est\u00e9tica, la durabilidad, la practicidad, la facilidad de instalaci\u00f3n y mantenimiento, as\u00ed como el respeto por el medio ambiente y la sostenibilidad. Estas ventajas hacen que los suelos bicolor sean la opci\u00f3n preferida de muchas personas en la decoraci\u00f3n de interiores. Sin embargo, la marca y el estilo concretos de suelo bicolor a elegir dependen de las preferencias personales, el presupuesto y las necesidades reales.<\/p>\n<\/div>","protected":false},"excerpt":{"rendered":"<p>Pisos vers\u00e1tiles de dos tonos Pisos sostenibles de WPC Especificaci\u00f3n Nombre del producto: Versatile Two-Tone Flooring Marca: Meterny Descripci\u00f3n general del producto: Versatile Two-Tone Flooring combina [...]<\/p>","protected":false},"featured_media":17402,"comment_status":"open","ping_status":"closed","template":"","meta":{"_uag_custom_page_level_css":"","site-sidebar-layout":"default","site-content-layout":"","ast-site-content-layout":"default","site-content-style":"default","site-sidebar-style":"default","ast-global-header-display":"","ast-banner-title-visibility":"","ast-main-header-display":"","ast-hfb-above-header-display":"","ast-hfb-below-header-display":"","ast-hfb-mobile-header-display":"","site-post-title":"","ast-breadcrumbs-content":"","ast-featured-img":"","footer-sml-layout":"","theme-transparent-header-meta":"default","adv-header-id-meta":"","stick-header-meta":"default","header-above-stick-meta":"","header-main-stick-meta":"","header-below-stick-meta":"","astra-migrate-meta-layouts":"set","ast-page-background-enabled":"default","ast-page-background-meta":{"desktop":{"background-color":"var(--ast-global-color-4)","background-image":"","background-repeat":"repeat","background-position":"center center","background-size":"auto","background-attachment":"scroll","background-type":"","background-media":"","overlay-type":"","overlay-color":"","overlay-opacity":"","overlay-gradient":""},"tablet":{"background-color":"","background-image":"","background-repeat":"repeat","background-position":"center center","background-size":"auto","background-attachment":"scroll","background-type":"","background-media":"","overlay-type":"","overlay-color":"","overlay-opacity":"","overlay-gradient":""},"mobile":{"background-color":"","background-image":"","background-repeat":"repeat","background-position":"center center","background-size":"auto","background-attachment":"scroll","background-type":"","background-media":"","overlay-type":"","overlay-color":"","overlay-opacity":"","overlay-gradient":""}},"ast-content-background-meta":{"desktop":{"background-color":"var(--ast-global-color-5)","background-image":"","background-repeat":"repeat","background-position":"center center","background-size":"auto","background-attachment":"scroll","background-type":"","background-media":"","overlay-type":"","overlay-color":"","overlay-opacity":"","overlay-gradient":""},"tablet":{"background-color":"var(--ast-global-color-5)","background-image":"","background-repeat":"repeat","background-position":"center center","background-size":"auto","background-attachment":"scroll","background-type":"","background-media":"","overlay-type":"","overlay-color":"","overlay-opacity":"","overlay-gradient":""},"mobile":{"background-color":"var(--ast-global-color-5)","background-image":"","background-repeat":"repeat","background-position":"center center","background-size":"auto","background-attachment":"scroll","background-type":"","background-media":"","overlay-type":"","overlay-color":"","overlay-opacity":"","overlay-gradient":""}}},"product_brand":[],"product_cat":[18],"product_tag":[182,181],"class_list":{"0":"post-20308","1":"product","2":"type-product","3":"status-publish","4":"has-post-thumbnail","6":"product_cat-uncategorized","7":"product_tag-wpc-decking","8":"product_tag-wpc-flooring","9":"desktop-align-center","10":"tablet-align-left","11":"mobile-align-left","12":"ast-product-gallery-layout-horizontal-slider","13":"ast-product-tabs-layout-vertical","15":"first","16":"instock","17":"featured","18":"shipping-taxable","19":"product-type-simple"},"uagb_featured_image_src":{"full":["https:\/\/meterny.com\/wp-content\/uploads\/2024\/03\/14-3.png",800,800,false],"thumbnail":["https:\/\/meterny.com\/wp-content\/uploads\/2024\/03\/14-3-150x150.png",150,150,true],"medium":["https:\/\/meterny.com\/wp-content\/uploads\/2024\/03\/14-3-300x300.png",300,300,true],"medium_large":["https:\/\/meterny.com\/wp-content\/uploads\/2024\/03\/14-3-768x768.png",768,768,true],"large":["https:\/\/meterny.com\/wp-content\/uploads\/2024\/03\/14-3.png",800,800,false],"1536x1536":["https:\/\/meterny.com\/wp-content\/uploads\/2024\/03\/14-3.png",800,800,false],"2048x2048":["https:\/\/meterny.com\/wp-content\/uploads\/2024\/03\/14-3.png",800,800,false],"trp-custom-language-flag":["https:\/\/meterny.com\/wp-content\/uploads\/2024\/03\/14-3.png",12,12,false],"woocommerce_thumbnail":["https:\/\/meterny.com\/wp-content\/uploads\/2024\/03\/14-3-300x300.png",300,300,true],"woocommerce_single":["https:\/\/meterny.com\/wp-content\/uploads\/2024\/03\/14-3-600x600.png",600,600,true],"woocommerce_gallery_thumbnail":["https:\/\/meterny.com\/wp-content\/uploads\/2024\/03\/14-3-100x100.png",100,100,true]},"uagb_author_info":{"display_name":"meterny","author_link":"https:\/\/meterny.com\/es\/author\/"},"uagb_comment_info":0,"uagb_excerpt":"Versatile Two-Tone Flooring Sustainable WPC Flooring Specification Product Name: Versatile Two-Tone Flooring Brand: Meterny Product Overview: Versatile Two-Tone Flooring combines [&hellip;]","_links":{"self":[{"href":"https:\/\/meterny.com\/es\/wp-json\/wp\/v2\/product\/20308","targetHints":{"allow":["GET"]}}],"collection":[{"href":"https:\/\/meterny.com\/es\/wp-json\/wp\/v2\/product"}],"about":[{"href":"https:\/\/meterny.com\/es\/wp-json\/wp\/v2\/types\/product"}],"replies":[{"embeddable":true,"href":"https:\/\/meterny.com\/es\/wp-json\/wp\/v2\/comments?post=20308"}],"wp:featuredmedia":[{"embeddable":true,"href":"https:\/\/meterny.com\/es\/wp-json\/wp\/v2\/media\/17402"}],"wp:attachment":[{"href":"https:\/\/meterny.com\/es\/wp-json\/wp\/v2\/media?parent=20308"}],"wp:term":[{"taxonomy":"product_brand","embeddable":true,"href":"https:\/\/meterny.com\/es\/wp-json\/wp\/v2\/product_brand?post=20308"},{"taxonomy":"product_cat","embeddable":true,"href":"https:\/\/meterny.com\/es\/wp-json\/wp\/v2\/product_cat?post=20308"},{"taxonomy":"product_tag","embeddable":true,"href":"https:\/\/meterny.com\/es\/wp-json\/wp\/v2\/product_tag?post=20308"}],"curies":[{"name":"wp","href":"https:\/\/api.w.org\/{rel}","templated":true}]}}