{"id":20309,"date":"2024-12-16T00:32:31","date_gmt":"2024-12-16T00:32:31","guid":{"rendered":"https:\/\/meterny.com\/?post_type=product&#038;p=20309"},"modified":"2025-01-18T09:21:25","modified_gmt":"2025-01-18T09:21:25","slug":"dark-grey-tone-wood-plastic-flooring","status":"publish","type":"product","link":"https:\/\/meterny.com\/es\/producto\/dark-grey-tone-wood-plastic-flooring\/","title":{"rendered":"Suelos de Madera Pl\u00e1stica en Tono Gris Oscuro Planchas Gris Oscuro Resistentes a los Ara\u00f1azos"},"content":{"rendered":"<div class=\"elementor-element elementor-element-c0e1d42 elementor-widget elementor-widget-heading\" data-id=\"c0e1d42\" data-element_type=\"widget\" data-widget_type=\"heading.default\">\n<h2 class=\"elementor-widget-container\" style=\"text-align: center;\">Suelos de Madera Pl\u00e1stica en Tono Gris Oscuro Planchas Gris Oscuro Resistentes a los Ara\u00f1azos<\/h2>\n<\/div>\n<div class=\"elementor-element elementor-element-1f676da elementor-widget elementor-widget-heading\" data-id=\"1f676da\" data-element_type=\"widget\" data-widget_type=\"heading.default\">\n<h2 class=\"elementor-widget-container\" style=\"text-align: center;\"><\/h2>\n<p>METE140H25 Tarima de Madera Pl\u00e1stica Tono Gris Oscuro : Dise\u00f1ada tanto para uso interior como exterior, ofrece durabilidad, resistencia al agua y una soluci\u00f3n ecol\u00f3gica para hogares y espacios comerciales. Perfecto para crear patrones \u00fanicos y dise\u00f1os de suelos con estilo<\/p>\n<p><strong>Modelo<\/strong>: METE140H25<br \/>\n<strong>Tipo<\/strong>: WPC Decking\/Piso<br \/>\n<strong>Talla<\/strong>: 140\u00d725mm<\/p>\n<p><strong>Superficie<\/strong>: Granos rectos<br \/>\n<strong>Longitud<\/strong>2,9 m o personalizado<br \/>\n<strong>Material<\/strong>: Compuesto de madera y pl\u00e1stico<br \/>\n<strong>Tecnolog\u00eda del producto<\/strong>: Eco-extrusi\u00f3n<\/p>\n<figure id=\"attachment_17395\" aria-describedby=\"caption-attachment-17395\" style=\"width: 1024px\" class=\"wp-caption alignnone\"><img loading=\"lazy\" decoding=\"async\" class=\"wp-image-17395\" src=\"https:\/\/meterny.com\/wp-content\/uploads\/2024\/03\/3-6-rotated.jpg\" alt=\"Suelos de madera pl\u00e1stica en tono gris oscuro\" width=\"1024\" height=\"1024\" srcset=\"https:\/\/meterny.com\/wp-content\/uploads\/2024\/03\/3-6-rotated.jpg 800w, https:\/\/meterny.com\/wp-content\/uploads\/2024\/03\/3-6-300x300.jpg 300w, https:\/\/meterny.com\/wp-content\/uploads\/2024\/03\/3-6-150x150.jpg 150w, https:\/\/meterny.com\/wp-content\/uploads\/2024\/03\/3-6-768x768.jpg 768w, https:\/\/meterny.com\/wp-content\/uploads\/2024\/03\/3-6-600x600.jpg 600w, https:\/\/meterny.com\/wp-content\/uploads\/2024\/03\/3-6-100x100.jpg 100w\" sizes=\"auto, (max-width: 1024px) 100vw, 1024px\" \/><figcaption id=\"caption-attachment-17395\" class=\"wp-caption-text\">Suelos de WPC Gris Oscuro: Sofisticaci\u00f3n moderna con durabilidad superior<\/figcaption><\/figure>\n<\/div>\n<div class=\"elementor-element elementor-element-1f676da elementor-widget elementor-widget-heading\" data-id=\"1f676da\" data-element_type=\"widget\" data-widget_type=\"heading.default\">\n<h3 style=\"text-align: left;\"><strong>Descripci\u00f3n<\/strong><\/h3>\n<p style=\"text-align: left;\">METE140H25 forma parte de la exclusiva serie Meterny\u00ae Eco-extrusion, dise\u00f1ada para realzar los ambientes interiores y exteriores con un toque de elegancia moderna.<\/p>\n<p id=\"\">El Suelo de Madera Pl\u00e1stica en Tono Gris Oscuro, tambi\u00e9n conocido como Suelo Compuesto de Madera Pl\u00e1stica (WPC) Gris Oscuro, es un tipo de material para suelos que combina la belleza natural de la madera con la durabilidad y resistencia a la intemperie del pl\u00e1stico. He aqu\u00ed una descripci\u00f3n detallada de esta innovadora opci\u00f3n de suelo:<\/p>\n<p id=\"\"><strong>Apariencia<\/strong>:<\/p>\n<ul>\n<li><strong>Color<\/strong>: El Suelo de Madera Pl\u00e1stica en Tono Gris Oscuro ofrece un aspecto elegante, moderno y sofisticado que puede realzar el atractivo est\u00e9tico de cualquier espacio exterior. El color es uniforme y resistente a la decoloraci\u00f3n, lo que garantiza que el suelo de madera pl\u00e1stica en tono gris oscuro mantenga su rico aspecto durante muchos a\u00f1os.<\/li>\n<li><strong>Textura<\/strong>: La textura de los suelos de WPC en tono gris oscuro imita el veteado natural de la madera, proporcionando un aspecto realista y aut\u00e9ntico. La superficie lisa es c\u00f3moda para caminar y se suma al atractivo general del suelo.<\/li>\n<\/ul>\n<p id=\"\"><strong>Composici\u00f3n<\/strong>:<\/p>\n<ul>\n<li><strong>Fibras de madera<\/strong>: El Suelo de Madera Pl\u00e1stica Tono Gris Oscuro est\u00e1 fabricado con fibras de madera recicladas, lo que contribuye a su car\u00e1cter ecol\u00f3gico. Las fibras de madera proporcionan un aspecto natural y c\u00e1lido, as\u00ed como cierta flexibilidad y resistencia.<\/li>\n<li><strong>Materiales pl\u00e1sticos<\/strong>: Los componentes pl\u00e1sticos de los Suelos de Madera Pl\u00e1stica Tono Gris Oscuro suelen estar hechos de materiales reciclados como el polietileno o el polipropileno. Estos pl\u00e1sticos proporcionan al suelo durabilidad, resistencia a la intemperie y resistencia a los ara\u00f1azos.<\/li>\n<\/ul>\n<p id=\"\"><strong>Propiedades<\/strong>:<\/p>\n<ul>\n<li><strong>Durabilidad<\/strong>: El suelo de WPC de tono gris oscuro est\u00e1 dise\u00f1ado para soportar el tr\u00e1fico peatonal intenso y los rigores del uso diario. Es resistente a la humedad, la putrefacci\u00f3n, los insectos y los rayos UV, lo que garantiza que mantenga su belleza y funcionalidad durante muchos a\u00f1os.<\/li>\n<li><strong>Resistencia a la intemperie<\/strong>: El Suelo de Madera Pl\u00e1stica Tono Gris Oscuro est\u00e1 espec\u00edficamente dise\u00f1ado para soportar condiciones clim\u00e1ticas extremas, incluyendo altas temperaturas, lluvia, nieve y hielo. Esto hace que sea una opci\u00f3n ideal para espacios exteriores que experimentan una serie de condiciones clim\u00e1ticas.<\/li>\n<li><strong>Bajo mantenimiento<\/strong>: El Suelo de Madera Pl\u00e1stica en Tono Gris Oscuro es f\u00e1cil de limpiar y requiere un mantenimiento m\u00ednimo. Puede lavarse con agua y un detergente suave, y no requiere pintura, sellado ni tinte.<\/li>\n<li><strong>Resistencia a los ara\u00f1azos y al desgaste<\/strong>: La superficie del suelo es resistente a los ara\u00f1azos y al desgaste, lo que garantiza que mantenga su aspecto y funcionalidad con el paso del tiempo.<\/li>\n<li><strong>Confort y seguridad<\/strong>: La superficie lisa del suelo es c\u00f3moda para caminar, adem\u00e1s de antideslizante y resistente a las grietas. Estas caracter\u00edsticas lo convierten en una elecci\u00f3n segura para espacios exteriores en los que la seguridad es una preocupaci\u00f3n.<\/li>\n<\/ul>\n<p id=\"\"><strong>Aplicaciones<\/strong>:<\/p>\n<ul>\n<li>Los suelos de WPC en tono gris oscuro son vers\u00e1tiles y pueden utilizarse en una amplia gama de entornos exteriores, como patios, terrazas, balcones, jardines y zonas de piscina. Es una opci\u00f3n excelente tanto para propiedades residenciales como comerciales, ya que proporciona una soluci\u00f3n de suelo elegante y duradera que mejora el aspecto general y la funcionalidad del espacio.<\/li>\n<\/ul>\n<\/div>\n<h3>Si desea conocer m\u00e1s detalles, haga clic en este enlace de youtube:<a href=\"https:\/\/youtu.be\/88PIb9PK7Bk\" target=\"_blank\" rel=\"noopener\">https:\/\/youtu.be\/88PIb9PK7Bk<\/a><\/h3>\n<p>&nbsp;<\/p>\n<div class=\"elementor-element elementor-element-1f676da elementor-widget elementor-widget-heading\" data-id=\"1f676da\" data-element_type=\"widget\" data-widget_type=\"heading.default\">\n<figure id=\"attachment_17396\" aria-describedby=\"caption-attachment-17396\" style=\"width: 1024px\" class=\"wp-caption alignnone\"><img loading=\"lazy\" decoding=\"async\" class=\"wp-image-17396\" src=\"https:\/\/meterny.com\/wp-content\/uploads\/2024\/03\/3-1.png\" alt=\"Suelos antideslizantes de WPC para caminos de jard\u00edn\" width=\"1024\" height=\"1024\" srcset=\"https:\/\/meterny.com\/wp-content\/uploads\/2024\/03\/3-1.png 1079w, https:\/\/meterny.com\/wp-content\/uploads\/2024\/03\/3-1-300x300.png 300w, https:\/\/meterny.com\/wp-content\/uploads\/2024\/03\/3-1-1024x1024.png 1024w, https:\/\/meterny.com\/wp-content\/uploads\/2024\/03\/3-1-150x150.png 150w, https:\/\/meterny.com\/wp-content\/uploads\/2024\/03\/3-1-768x768.png 768w, https:\/\/meterny.com\/wp-content\/uploads\/2024\/03\/3-1-600x600.png 600w, https:\/\/meterny.com\/wp-content\/uploads\/2024\/03\/3-1-100x100.png 100w\" sizes=\"auto, (max-width: 1024px) 100vw, 1024px\" \/><figcaption id=\"caption-attachment-17396\" class=\"wp-caption-text\">Suelos Antideslizantes WPC: Caminos de jard\u00edn seguros y elegantes<\/figcaption><\/figure>\n<p style=\"text-align: left;\">Estos Suelos de Madera Pl\u00e1stica en Tono Gris Oscuro combinan una construcci\u00f3n robusta con una est\u00e9tica refinada, garantizando un acabado elegante y duradero para cualquier ambiente.<\/p>\n<p style=\"text-align: left;\">La versatilidad y el rendimiento superior de nuestros suelos le permiten crear un espacio sofisticado y funcional sin esfuerzo.<\/p>\n<figure id=\"attachment_17397\" aria-describedby=\"caption-attachment-17397\" style=\"width: 1024px\" class=\"wp-caption alignnone\"><img loading=\"lazy\" decoding=\"async\" class=\"wp-image-17397\" src=\"https:\/\/meterny.com\/wp-content\/uploads\/2024\/03\/5-1.png\" alt=\"Suelos de WPC Click-Lock f\u00e1ciles de instalar\" width=\"1024\" height=\"1024\" srcset=\"https:\/\/meterny.com\/wp-content\/uploads\/2024\/03\/5-1.png 1062w, https:\/\/meterny.com\/wp-content\/uploads\/2024\/03\/5-1-300x300.png 300w, https:\/\/meterny.com\/wp-content\/uploads\/2024\/03\/5-1-1024x1024.png 1024w, https:\/\/meterny.com\/wp-content\/uploads\/2024\/03\/5-1-150x150.png 150w, https:\/\/meterny.com\/wp-content\/uploads\/2024\/03\/5-1-768x768.png 768w, https:\/\/meterny.com\/wp-content\/uploads\/2024\/03\/5-1-600x600.png 600w, https:\/\/meterny.com\/wp-content\/uploads\/2024\/03\/5-1-100x100.png 100w\" sizes=\"auto, (max-width: 1024px) 100vw, 1024px\" \/><figcaption id=\"caption-attachment-17397\" class=\"wp-caption-text\">Instalaci\u00f3n sin complicaciones con los suelos de WPC Click-Lock<\/figcaption><\/figure>\n<h3><strong>Color y superficie<\/strong><\/h3>\n<p>Nuestro Suelo de Madera Pl\u00e1stica en Tono Gris Oscuro presenta una elegante superficie de grano recto, a\u00f1adiendo una sofisticada textura a cualquier \u00e1rea.<\/p>\n<p>Con colores, dimensiones y formas personalizables, estos paneles ofrecen una flexibilidad excepcional, permiti\u00e9ndole dar rienda suelta a su creatividad en proyectos de dise\u00f1o de interiores y exteriores.<\/p>\n<p>La tecnolog\u00eda de ecoextrusi\u00f3n garantiza que cada panel no s\u00f3lo tenga un aspecto magn\u00edfico, sino que tambi\u00e9n contribuya a un entorno vital sostenible.<\/p>\n<p>Carta de colores de suelos de WPC de la serie Meterny METE<\/p>\n<p>&nbsp;<\/p>\n<figure id=\"attachment_20293\" aria-describedby=\"caption-attachment-20293\" style=\"width: 1024px\" class=\"wp-caption alignnone\"><img loading=\"lazy\" decoding=\"async\" class=\"wp-image-20293\" src=\"https:\/\/meterny.com\/wp-content\/uploads\/2024\/10\/METE-Series-Colour-151.png\" alt=\"Opciones de color de la valla de WPC Meterny\" width=\"1024\" height=\"1024\" srcset=\"https:\/\/meterny.com\/wp-content\/uploads\/2024\/10\/METE-Series-Colour-151.png 900w, https:\/\/meterny.com\/wp-content\/uploads\/2024\/10\/METE-Series-Colour-151-300x300.png 300w, https:\/\/meterny.com\/wp-content\/uploads\/2024\/10\/METE-Series-Colour-151-150x150.png 150w, https:\/\/meterny.com\/wp-content\/uploads\/2024\/10\/METE-Series-Colour-151-768x768.png 768w, https:\/\/meterny.com\/wp-content\/uploads\/2024\/10\/METE-Series-Colour-151-600x600.png 600w, https:\/\/meterny.com\/wp-content\/uploads\/2024\/10\/METE-Series-Colour-151-100x100.png 100w\" sizes=\"auto, (max-width: 1024px) 100vw, 1024px\" \/><figcaption id=\"caption-attachment-20293\" class=\"wp-caption-text\">Explore Suelos de WPC Meterny - Nueve impresionantes opciones de color para cada estilo<\/figcaption><\/figure>\n<p id=\"\">Elegir un Pavimento de Madera Pl\u00e1stica en Tono Gris Oscuro ofrece una serie de ventajas que lo convierten en una opci\u00f3n atractiva tanto para espacios exteriores residenciales como comerciales. He aqu\u00ed algunas razones de peso para considerar este tipo de suelo:<\/p>\n<ol>\n<li><strong>Atractivo est\u00e9tico<\/strong>:\n<ul>\n<li>Los suelos de madera pl\u00e1stica en tono gris oscuro ofrecen un aspecto elegante, moderno y sofisticado. Puede realzar el atractivo est\u00e9tico general de cualquier zona exterior, ya sea un patio, una terraza o un jard\u00edn.<\/li>\n<\/ul>\n<\/li>\n<li><strong>Durabilidad y resistencia a la intemperie<\/strong>:\n<ul>\n<li>Los suelos de compuesto de madera y pl\u00e1stico (WPC) son conocidos por su durabilidad y resistencia a las condiciones meteorol\u00f3gicas. Los suelos de WPC en tono gris oscuro no son una excepci\u00f3n, ya que ofrecen una excelente resistencia a la humedad, la podredumbre, los insectos y los rayos UV. Esto garantiza que el suelo mantenga su belleza y funcionalidad durante muchos a\u00f1os.<\/li>\n<\/ul>\n<\/li>\n<li><strong>Bajo mantenimiento<\/strong>:\n<ul>\n<li>A diferencia de los suelos de madera tradicionales, los suelos de WPC requieren un mantenimiento m\u00ednimo. Los suelos de WPC en tono gris oscuro se limpian f\u00e1cilmente con agua y no requieren pintura, sellado ni tintes. Esto reduce el tiempo y los recursos necesarios para el mantenimiento y mantiene el espacio exterior con un aspecto impecable.<\/li>\n<\/ul>\n<\/li>\n<li><strong>Resistencia a los ara\u00f1azos y al desgaste<\/strong>:\n<ul>\n<li>Los suelos de WPC en tono gris oscuro est\u00e1n dise\u00f1ados para resistir los ara\u00f1azos y el desgaste. Esto significa que puede soportar un tr\u00e1fico peatonal intenso y los rigores del uso diario sin mostrar signos de desgaste.<\/li>\n<\/ul>\n<\/li>\n<li><strong>Ecol\u00f3gico<\/strong>:\n<ul>\n<li>Los suelos compuestos de madera y pl\u00e1stico se fabrican a partir de fibras de madera y materiales pl\u00e1sticos reciclados, lo que los convierte en una opci\u00f3n respetuosa con el medio ambiente. Al elegir suelos de WPC en tono gris oscuro, contribuye a reducir los residuos y a promover pr\u00e1cticas sostenibles.<\/li>\n<\/ul>\n<\/li>\n<li><strong>C\u00f3modo y seguro<\/strong>:\n<ul>\n<li>La superficie de los suelos de WPC en tono gris oscuro es suave y c\u00f3moda, proporcionando una agradable experiencia al caminar. Adem\u00e1s, es antideslizante y resistente a las grietas, por lo que es una opci\u00f3n segura para espacios exteriores donde la seguridad es una preocupaci\u00f3n.<\/li>\n<\/ul>\n<\/li>\n<li><strong>Versatilidad y personalizaci\u00f3n<\/strong>:\n<ul>\n<li>La tarima de WPC en tono gris oscuro es vers\u00e1til y puede utilizarse en diversos entornos exteriores. Tambi\u00e9n est\u00e1 disponible en diferentes tama\u00f1os, texturas y patrones, lo que le permite personalizar el suelo para que coincida con sus preferencias y necesidades espec\u00edficas de dise\u00f1o.<\/li>\n<\/ul>\n<\/li>\n<li><strong>Rentable<\/strong>:\n<ul>\n<li>Aunque la inversi\u00f3n inicial en suelos de WPC en tono gris oscuro puede ser mayor que la de algunas opciones de suelos tradicionales, su durabilidad y bajos requisitos de mantenimiento lo convierten en una opci\u00f3n rentable a largo plazo.<\/li>\n<\/ul>\n<\/li>\n<\/ol>\n<p id=\"\">En resumen, la elecci\u00f3n de un Pavimento de Madera Pl\u00e1stica Tono Gris Oscuro ofrece una combinaci\u00f3n de atractivo est\u00e9tico, durabilidad, bajo mantenimiento, resistencia a los ara\u00f1azos y al desgaste, respeto por el medio ambiente, comodidad y seguridad, versatilidad y rentabilidad. Estas ventajas lo convierten en una excelente elecci\u00f3n para cualquiera que desee mejorar su espacio exterior con una soluci\u00f3n de suelo elegante, duradera y sostenible.<\/p>\n<\/div>","protected":false},"excerpt":{"rendered":"<p>Suelos de Madera Pl\u00e1stica en Tono Gris Oscuro Planchas Gris Oscuro Resistente a los Ara\u00f1azos METE140H25 Suelos de Madera Pl\u00e1stica en Tono Gris Oscuro : Dise\u00f1ado para [...]<\/p>","protected":false},"featured_media":17395,"comment_status":"open","ping_status":"closed","template":"","meta":{"_uag_custom_page_level_css":"","site-sidebar-layout":"default","site-content-layout":"","ast-site-content-layout":"default","site-content-style":"default","site-sidebar-style":"default","ast-global-header-display":"","ast-banner-title-visibility":"","ast-main-header-display":"","ast-hfb-above-header-display":"","ast-hfb-below-header-display":"","ast-hfb-mobile-header-display":"","site-post-title":"","ast-breadcrumbs-content":"","ast-featured-img":"","footer-sml-layout":"","theme-transparent-header-meta":"default","adv-header-id-meta":"","stick-header-meta":"default","header-above-stick-meta":"","header-main-stick-meta":"","header-below-stick-meta":"","astra-migrate-meta-layouts":"set","ast-page-background-enabled":"default","ast-page-background-meta":{"desktop":{"background-color":"var(--ast-global-color-4)","background-image":"","background-repeat":"repeat","background-position":"center center","background-size":"auto","background-attachment":"scroll","background-type":"","background-media":"","overlay-type":"","overlay-color":"","overlay-opacity":"","overlay-gradient":""},"tablet":{"background-color":"","background-image":"","background-repeat":"repeat","background-position":"center center","background-size":"auto","background-attachment":"scroll","background-type":"","background-media":"","overlay-type":"","overlay-color":"","overlay-opacity":"","overlay-gradient":""},"mobile":{"background-color":"","background-image":"","background-repeat":"repeat","background-position":"center center","background-size":"auto","background-attachment":"scroll","background-type":"","background-media":"","overlay-type":"","overlay-color":"","overlay-opacity":"","overlay-gradient":""}},"ast-content-background-meta":{"desktop":{"background-color":"var(--ast-global-color-5)","background-image":"","background-repeat":"repeat","background-position":"center center","background-size":"auto","background-attachment":"scroll","background-type":"","background-media":"","overlay-type":"","overlay-color":"","overlay-opacity":"","overlay-gradient":""},"tablet":{"background-color":"var(--ast-global-color-5)","background-image":"","background-repeat":"repeat","background-position":"center center","background-size":"auto","background-attachment":"scroll","background-type":"","background-media":"","overlay-type":"","overlay-color":"","overlay-opacity":"","overlay-gradient":""},"mobile":{"background-color":"var(--ast-global-color-5)","background-image":"","background-repeat":"repeat","background-position":"center center","background-size":"auto","background-attachment":"scroll","background-type":"","background-media":"","overlay-type":"","overlay-color":"","overlay-opacity":"","overlay-gradient":""}}},"product_brand":[],"product_cat":[18],"product_tag":[182,181],"class_list":{"0":"post-20309","1":"product","2":"type-product","3":"status-publish","4":"has-post-thumbnail","6":"product_cat-uncategorized","7":"product_tag-wpc-decking","8":"product_tag-wpc-flooring","9":"desktop-align-center","10":"tablet-align-left","11":"mobile-align-left","12":"ast-product-gallery-layout-horizontal-slider","13":"ast-product-tabs-layout-vertical","15":"first","16":"instock","17":"featured","18":"shipping-taxable","19":"product-type-simple"},"uagb_featured_image_src":{"full":["https:\/\/meterny.com\/wp-content\/uploads\/2024\/03\/3-6-rotated.jpg",800,800,false],"thumbnail":["https:\/\/meterny.com\/wp-content\/uploads\/2024\/03\/3-6-150x150.jpg",150,150,true],"medium":["https:\/\/meterny.com\/wp-content\/uploads\/2024\/03\/3-6-300x300.jpg",300,300,true],"medium_large":["https:\/\/meterny.com\/wp-content\/uploads\/2024\/03\/3-6-768x768.jpg",768,768,true],"large":["https:\/\/meterny.com\/wp-content\/uploads\/2024\/03\/3-6-rotated.jpg",800,800,false],"1536x1536":["https:\/\/meterny.com\/wp-content\/uploads\/2024\/03\/3-6-rotated.jpg",800,800,false],"2048x2048":["https:\/\/meterny.com\/wp-content\/uploads\/2024\/03\/3-6-rotated.jpg",800,800,false],"trp-custom-language-flag":["https:\/\/meterny.com\/wp-content\/uploads\/2024\/03\/3-6-rotated.jpg",12,12,false],"woocommerce_thumbnail":["https:\/\/meterny.com\/wp-content\/uploads\/2024\/03\/3-6-300x300.jpg",300,300,true],"woocommerce_single":["https:\/\/meterny.com\/wp-content\/uploads\/2024\/03\/3-6-600x600.jpg",600,600,true],"woocommerce_gallery_thumbnail":["https:\/\/meterny.com\/wp-content\/uploads\/2024\/03\/3-6-100x100.jpg",100,100,true]},"uagb_author_info":{"display_name":"meterny","author_link":"https:\/\/meterny.com\/es\/author\/"},"uagb_comment_info":0,"uagb_excerpt":"Dark Grey Tone Wood Plastic Flooring Scratch-Resistant Dark Grey Planks METE140H25 Dark Grey Tone Wood Plastic Flooring : Designed for [&hellip;]","_links":{"self":[{"href":"https:\/\/meterny.com\/es\/wp-json\/wp\/v2\/product\/20309","targetHints":{"allow":["GET"]}}],"collection":[{"href":"https:\/\/meterny.com\/es\/wp-json\/wp\/v2\/product"}],"about":[{"href":"https:\/\/meterny.com\/es\/wp-json\/wp\/v2\/types\/product"}],"replies":[{"embeddable":true,"href":"https:\/\/meterny.com\/es\/wp-json\/wp\/v2\/comments?post=20309"}],"wp:featuredmedia":[{"embeddable":true,"href":"https:\/\/meterny.com\/es\/wp-json\/wp\/v2\/media\/17395"}],"wp:attachment":[{"href":"https:\/\/meterny.com\/es\/wp-json\/wp\/v2\/media?parent=20309"}],"wp:term":[{"taxonomy":"product_brand","embeddable":true,"href":"https:\/\/meterny.com\/es\/wp-json\/wp\/v2\/product_brand?post=20309"},{"taxonomy":"product_cat","embeddable":true,"href":"https:\/\/meterny.com\/es\/wp-json\/wp\/v2\/product_cat?post=20309"},{"taxonomy":"product_tag","embeddable":true,"href":"https:\/\/meterny.com\/es\/wp-json\/wp\/v2\/product_tag?post=20309"}],"curies":[{"name":"wp","href":"https:\/\/api.w.org\/{rel}","templated":true}]}}