{"id":20836,"date":"2025-01-10T06:57:04","date_gmt":"2025-01-10T06:57:04","guid":{"rendered":"https:\/\/meterny.com\/?post_type=product&#038;p=20836"},"modified":"2025-03-07T03:49:58","modified_gmt":"2025-03-07T03:49:58","slug":"high-strength-wpc-wall-panel","status":"publish","type":"product","link":"https:\/\/meterny.com\/es\/producto\/high-strength-wpc-wall-panel\/","title":{"rendered":"Panel de pared de Wpc de seguridad contra incendios de alta resistencia Panel de pared de Wpc multifuncional"},"content":{"rendered":"<div class=\"elementor-element elementor-element-c0e1d42 elementor-widget elementor-widget-heading\" data-id=\"c0e1d42\" data-element_type=\"widget\" data-widget_type=\"heading.default\">\n<div class=\"elementor-widget-container\"><span style=\"font-size: 1.7em; font-weight: bold;\">Nombre del producto:<\/span><span style=\"font-size: 1.7em; font-weight: bold;\"> Panel de pared de Wpc de seguridad contra incendios de alta resistencia Panel de pared de Wpc multifuncional<\/span><\/div>\n<\/div>\n<div class=\"elementor-element elementor-element-1f676da elementor-widget elementor-widget-heading\" data-id=\"1f676da\" data-element_type=\"widget\" data-widget_type=\"heading.default\">\n<p>&nbsp;<\/p>\n<p><strong style=\"font-size: 1.5em;\">Especificaciones del producto<\/strong><span style=\"font-size: 1.5em; font-weight: bold;\">:<\/span><\/p>\n<ul>\n<li><strong>Material<\/strong>: Seguridad contra incendios compuestos de madera y pl\u00e1stico (WPC)<\/li>\n<li><strong>Dimensiones<\/strong>: 135*119*23mm\/217*201*28mm\/227*210*25mm,con personalizaci\u00f3n disponible seg\u00fan los requisitos del cliente.<\/li>\n<li><strong>Espesor<\/strong>: 23\/25\/28mm<\/li>\n<li><strong>Peso<\/strong>: 3 kg\/metro<\/li>\n<li><strong>Opciones de color<\/strong>: Disponible en una gran variedad de colores como palo de rosa, caf\u00e9, gris claro, marr\u00f3n, negro, etc., con diferentes texturas como grano de madera, papel pintado, m\u00e1rmol, etc.<\/li>\n<li><strong>Opciones de acabado<\/strong>: Las opciones incluyen acabados gofrados, cepillados y tridimensionales.<\/li>\n<li><strong>M\u00e9todo de instalaci\u00f3n<\/strong>machihembrado, sistema de clip, etc.<\/li>\n<li><strong>Garant\u00eda<\/strong>m\u00e1s de 10 a\u00f1os<\/li>\n<\/ul>\n<h4>Material del producto<\/h4>\n<p>Los paneles murales de WPC (Wood Plastic Composite) est\u00e1n hechos de una mezcla de fibras de madera o harina de madera y materiales termopl\u00e1sticos (como HDPE, PVC, PP, etc.). Este material compuesto combina la est\u00e9tica natural de la madera con la durabilidad del pl\u00e1stico, ofreciendo una soluci\u00f3n de construcci\u00f3n respetuosa con el medio ambiente y de alto rendimiento.<\/p>\n<h3>Para m\u00e1s informaci\u00f3n, haga clic en el enlace de youtube: <a href=\"https:\/\/youtu.be\/cW7s-_V3i-o\" target=\"_blank\" rel=\"noopener\">https:\/\/youtu.be\/cW7s-_V3i-o<\/a><\/h3>\n<p>&nbsp;<\/p>\n<h4>Caracter\u00edsticas del producto<\/h4>\n<ul>\n<li><strong>Alta resistencia y durabilidad<\/strong>: Los paneles murales de WPC de alta resistencia ofrecen una fuerza y una estabilidad dimensional excepcionales, y resisten la putrefacci\u00f3n, los da\u00f1os por insectos y la degradaci\u00f3n medioambiental a largo plazo. Mantienen su integridad estructural y su atractivo visual durante a\u00f1os.<\/li>\n<li><strong>Bajo mantenimiento<\/strong>: A diferencia de los paneles de madera tradicionales, los paneles de pared de WPC de alta resistencia no requieren tinci\u00f3n, pintura ni sellado regular. La limpieza rutinaria con jab\u00f3n suave y agua es suficiente, ahorrando tiempo y costes de mantenimiento.<\/li>\n<li><strong>Atractivo est\u00e9tico<\/strong>: Disponibles en una amplia gama de colores, texturas y acabados, los paneles de pared de WPC de alta resistencia pueden conseguir f\u00e1cilmente efectos decorativos modernos, r\u00fasticos o contempor\u00e1neos. Combinan la belleza natural de la madera con la durabilidad y versatilidad de los materiales compuestos, a\u00f1adiendo calidez y elegancia a cualquier ambiente.<\/li>\n<li><strong>Respeto del medio ambiente<\/strong>: Los paneles murales de WPC de alta resistencia se fabrican normalmente con materiales reciclados, incluidas fibras de madera y pl\u00e1stico reciclado, en l\u00ednea con los objetivos medioambientales y de sostenibilidad. Al elegir los paneles de pared de WPC de alta resistencia, contribuye a las pr\u00e1cticas sostenibles, reduce la demanda de madera virgen y ayuda a minimizar los residuos.<\/li>\n<li><strong>Resistencia a la humedad y a la intemperie<\/strong>: Dise\u00f1ados para resistir la humedad y las condiciones clim\u00e1ticas adversas, los paneles de pared de WPC de alta resistencia son adecuados tanto para aplicaciones interiores como exteriores. Resisten la deformaci\u00f3n, el hinchamiento y la formaci\u00f3n de moho, garantizando una superficie de pared duradera y visualmente atractiva incluso en entornos h\u00famedos o mojados.<\/li>\n<\/ul>\n<h4>Escenarios de aplicaci\u00f3n<\/h4>\n<ul>\n<li><strong>Espacios residenciales<\/strong>: Ideal para salones, dormitorios y cocinas, a\u00f1ade un toque elegante a las paredes al tiempo que proporciona una durabilidad excepcional.<\/li>\n<li><strong>Espacios comerciales<\/strong>: Perfectos para oficinas, hoteles y espacios comerciales, crean un entorno profesional y acogedor. Su resistencia al desgaste las hace adecuadas para zonas muy transitadas.<\/li>\n<li><strong>Aplicaciones de ba\u00f1o<\/strong>: Muy adecuadas para cuartos de ba\u00f1o, donde su resistencia a la humedad y sus propiedades impermeables las convierten en la opci\u00f3n ideal para las zonas de ducha y las paredes de los cuartos de ba\u00f1o, ya que evitan la formaci\u00f3n de moho y proporcionan una soluci\u00f3n higi\u00e9nica y elegante.<\/li>\n<li><strong>Techos y plafones<\/strong>: Los Paneles de Pared de WPC de Alta Resistencia pueden utilizarse para techos y sofitos, a\u00f1adiendo calidez y textura a superficies que de otro modo ser\u00edan lisas. Tanto si se instalan en paneles uniformes como con diversos patrones y dise\u00f1os, los paneles de pared de WPC de alta resistencia pueden transformar por completo el aspecto de los techos. Adem\u00e1s, pueden cubrir imperfecciones y proporcionar aislamiento ac\u00fastico, mejorando el confort general del espacio.<\/li>\n<li><strong>Mamparas y separadores de espacios<\/strong>: Los Paneles de Pared de WPC de Alta Resistencia pueden servir como tabiques y separadores de ambientes, ofreciendo una forma innovadora y personalizable de crear espacios separados dentro de \u00e1reas m\u00e1s grandes. Mediante la instalaci\u00f3n de paneles con dise\u00f1os o patrones \u00fanicos, puede crear inter\u00e9s visual y definir zonas espec\u00edficas, manteniendo una sensaci\u00f3n abierta y ventilada. Los paneles de pared de WPC de alta resistencia proporcionan privacidad sin bloquear completamente las l\u00edneas de visi\u00f3n, lo que los convierte en una opci\u00f3n ideal para espacios comerciales, oficinas y zonas residenciales.<\/li>\n<li><strong>Muebles y ebanister\u00eda<\/strong>: Los paneles murales de WPC de alta resistencia tienen algunas de las aplicaciones m\u00e1s interesantes e innovadoras en el dise\u00f1o de muebles y armarios. La versatilidad de los paneles murales de WPC de alta resistencia permite cortarlos, moldearlos y darles forma en diversos muebles, como mesas, encimeras, estanter\u00edas y armarios. Al incorporar los paneles murales de WPC de alta resistencia en el dise\u00f1o de muebles, puede conseguir un aspecto cohesivo y armonioso en todo el espacio. Las texturas y acabados de grano de madera natural de los paneles de pared de WPC a\u00f1aden elegancia y sofisticaci\u00f3n, convirti\u00e9ndolos en un punto focal en cualquier habitaci\u00f3n.<\/li>\n<li><strong>Revestimiento exterior y dise\u00f1o paisaj\u00edstico<\/strong>: Los paneles murales de WPC de alta resistencia no s\u00f3lo son adecuados para el revestimiento exterior, sino que tambi\u00e9n pueden utilizarse de forma innovadora m\u00e1s all\u00e1 de las aplicaciones tradicionales para crear elementos paisaj\u00edsticos \u00fanicos. Los paneles de pared de WPC pueden utilizarse para cubrir columnas, pilares o vigas exteriores, a\u00f1adiendo un toque moderno y elegante a los dise\u00f1os arquitect\u00f3nicos. Adem\u00e1s, pueden integrarse en zonas para sentarse al aire libre, cenadores y vallas, proporcionando un entorno exterior coordinado y visualmente atractivo. La durabilidad de los paneles de pared de WPC frente a los factores ambientales los convierte en una opci\u00f3n ideal para mejorar el aspecto de edificios residenciales y comerciales.<\/li>\n<\/ul>\n<h4>Gu\u00eda de instalaci\u00f3n<\/h4>\n<ul>\n<li><strong>Preparaci\u00f3n de la superficie<\/strong>: Aseg\u00farese de que la pared est\u00e9 limpia, seca y lisa.<\/li>\n<li><strong>M\u00e9todo de instalaci\u00f3n<\/strong>: Siga las instrucciones del fabricante para la instalaci\u00f3n utilizando adhesivos, fijaciones o sistemas de enclavamiento adecuados. Consultar con un instalador profesional o experimentado puede garantizar una instalaci\u00f3n perfecta y duradera.<\/li>\n<\/ul>\n<h3>Galer\u00eda<\/h3>\n<figure id=\"attachment_20840\" aria-describedby=\"caption-attachment-20840\" style=\"width: 1024px\" class=\"wp-caption alignnone\"><img loading=\"lazy\" decoding=\"async\" class=\"wp-image-20840\" src=\"https:\/\/meterny.com\/wp-content\/uploads\/2025\/01\/75-106.png\" alt=\"Panel de pared WPC gris para espacios comerciales\" width=\"1024\" height=\"1024\" srcset=\"https:\/\/meterny.com\/wp-content\/uploads\/2025\/01\/75-106.png 595w, https:\/\/meterny.com\/wp-content\/uploads\/2025\/01\/75-106-300x300.png 300w, https:\/\/meterny.com\/wp-content\/uploads\/2025\/01\/75-106-150x150.png 150w, https:\/\/meterny.com\/wp-content\/uploads\/2025\/01\/75-106-100x100.png 100w\" sizes=\"auto, (max-width: 1024px) 100vw, 1024px\" \/><figcaption id=\"caption-attachment-20840\" class=\"wp-caption-text\">Panel de pared de WPC gris: Mejore su espacio comercial con un revestimiento duradero y elegante<\/figcaption><\/figure>\n<figure id=\"attachment_20838\" aria-describedby=\"caption-attachment-20838\" style=\"width: 1024px\" class=\"wp-caption alignnone\"><img loading=\"lazy\" decoding=\"async\" class=\"wp-image-20838\" src=\"https:\/\/meterny.com\/wp-content\/uploads\/2025\/01\/70-46-scaled.jpg\" alt=\"Panel de pared WPC gris\" width=\"1024\" height=\"1365\" srcset=\"https:\/\/meterny.com\/wp-content\/uploads\/2025\/01\/70-46-scaled.jpg 1920w, https:\/\/meterny.com\/wp-content\/uploads\/2025\/01\/70-46-225x300.jpg 225w, https:\/\/meterny.com\/wp-content\/uploads\/2025\/01\/70-46-768x1024.jpg 768w, https:\/\/meterny.com\/wp-content\/uploads\/2025\/01\/70-46-1152x1536.jpg 1152w, https:\/\/meterny.com\/wp-content\/uploads\/2025\/01\/70-46-1536x2048.jpg 1536w, https:\/\/meterny.com\/wp-content\/uploads\/2025\/01\/70-46-600x800.jpg 600w\" sizes=\"auto, (max-width: 1024px) 100vw, 1024px\" \/><figcaption id=\"caption-attachment-20838\" class=\"wp-caption-text\">Panel de pared de WPC gris: Eleve su interior moderno con estilo y sostenibilidad<\/figcaption><\/figure>\n<\/div>\n<div class=\"elementor-element elementor-element-1f676da elementor-widget elementor-widget-heading\" data-id=\"1f676da\" data-element_type=\"widget\" data-widget_type=\"heading.default\">\n<h3>Colores Opciones<\/h3>\n<p>&nbsp;<\/p>\n<figure id=\"attachment_20293\" aria-describedby=\"caption-attachment-20293\" style=\"width: 1024px\" class=\"wp-caption alignnone\"><img loading=\"lazy\" decoding=\"async\" class=\"wp-image-20293\" src=\"https:\/\/meterny.com\/wp-content\/uploads\/2024\/10\/METE-Series-Colour-151.png\" alt=\"Opciones de color de la valla de WPC Meterny\" width=\"1024\" height=\"1024\" srcset=\"https:\/\/meterny.com\/wp-content\/uploads\/2024\/10\/METE-Series-Colour-151.png 900w, https:\/\/meterny.com\/wp-content\/uploads\/2024\/10\/METE-Series-Colour-151-300x300.png 300w, https:\/\/meterny.com\/wp-content\/uploads\/2024\/10\/METE-Series-Colour-151-150x150.png 150w, https:\/\/meterny.com\/wp-content\/uploads\/2024\/10\/METE-Series-Colour-151-768x768.png 768w, https:\/\/meterny.com\/wp-content\/uploads\/2024\/10\/METE-Series-Colour-151-600x600.png 600w, https:\/\/meterny.com\/wp-content\/uploads\/2024\/10\/METE-Series-Colour-151-100x100.png 100w\" sizes=\"auto, (max-width: 1024px) 100vw, 1024px\" \/><figcaption id=\"caption-attachment-20293\" class=\"wp-caption-text\">Explore la valla de WPC Meterny - Nueve impresionantes opciones de color para cada estilo<\/figcaption><\/figure>\n<h3 class=\"\">Por qu\u00e9 elegir<\/h3>\n<h4><strong>Sostenibilidad medioambiental<\/strong><\/h4>\n<p>Los paneles murales de WPC de alta resistencia se fabrican con fibras de madera y termopl\u00e1sticos reciclados, lo que los convierte en una opci\u00f3n m\u00e1s respetuosa con el medio ambiente que otras alternativas. Al optar por los paneles de pared de WPC, no s\u00f3lo mejora los aspectos est\u00e9ticos y funcionales de su hogar, sino que tambi\u00e9n apoya las pr\u00e1cticas sostenibles. Este enfoque ayuda a reducir los residuos y fomenta el uso de materiales reciclados, contribuyendo a la conservaci\u00f3n general del medio ambiente.<\/p>\n<h4>1. <strong>Relaci\u00f3n coste-eficacia<\/strong><\/h4>\n<p>Aunque el coste inicial de los paneles de pared de WPC de alta resistencia puede ser ligeramente superior al de materiales tradicionales como la madera, sus beneficios a largo plazo compensan la inversi\u00f3n inicial. La reducci\u00f3n de los costes de mantenimiento, la prolongaci\u00f3n de la vida \u00fatil y la eficiencia energ\u00e9tica contribuyen a la rentabilidad global.<\/p>\n<h4>2. <strong>Resistencia a los impactos<\/strong><\/h4>\n<p>Los paneles murales de WPC son resistentes a impactos y ara\u00f1azos, lo que los hace id\u00f3neos para zonas de mucho tr\u00e1nsito o entornos en los que la durabilidad es crucial. Esta caracter\u00edstica garantiza que los paneles mantengan su aspecto e integridad estructural incluso con el desgaste diario.<\/p>\n<h4>3. <strong>Opciones de personalizaci\u00f3n<\/strong><\/h4>\n<p>Los fabricantes ofrecen una amplia gama de opciones de personalizaci\u00f3n para los paneles de pared de WPC de alta resistencia, incluidos diferentes tama\u00f1os, formas y tratamientos superficiales. Esto permite crear soluciones a medida que satisfacen requisitos de dise\u00f1o espec\u00edficos y preferencias est\u00e9ticas.<\/p>\n<h4>4. <strong>Longevidad<\/strong><\/h4>\n<p>Debido a su naturaleza duradera y a su resistencia a los factores medioambientales, los paneles de pared de WPC de alta resistencia suelen tener una vida \u00fatil m\u00e1s larga en comparaci\u00f3n con los materiales tradicionales. Esta longevidad a\u00f1ade valor a las propiedades a lo largo del tiempo y reduce la necesidad de sustituciones o reparaciones frecuentes.<\/p>\n<h4>5. <strong>Resistencia a las plagas<\/strong><\/h4>\n<p>A diferencia de la madera natural, los paneles de pared de WPC de alta resistencia son resistentes a plagas como las termitas y otros insectos que pueden causar da\u00f1os importantes. Esto garantiza que la integridad estructural y el aspecto de los paneles permanezcan intactos con el paso del tiempo.<\/p>\n<h4>6. <strong>Higi\u00e9nico y seguro<\/strong><\/h4>\n<p>Los paneles murales de WPC de alta resistencia son resistentes al moho, lo que resulta especialmente beneficioso en entornos h\u00famedos. Esto los convierte en una opci\u00f3n higi\u00e9nica para hogares y espacios comerciales, reduciendo el riesgo de problemas de salud relacionados con la exposici\u00f3n al moho.<\/p>\n<h4>7. <strong>Resistencia a la intemperie<\/strong><\/h4>\n<p>Los paneles murales de WPC de alta resistencia est\u00e1n dise\u00f1ados para soportar diversas condiciones meteorol\u00f3gicas, como lluvias torrenciales, vientos fuertes y temperaturas extremas. Sus propiedades de resistencia a la intemperie los convierten en una opci\u00f3n fiable para instalaciones exteriores.<\/p>\n<h3>Conclusi\u00f3n<\/h3>\n<p class=\"last-node\">Los paneles murales de WPC de alta resistencia ofrecen una combinaci\u00f3n de versatilidad, durabilidad, bajo mantenimiento y sostenibilidad medioambiental. Son una opci\u00f3n excelente tanto para proyectos residenciales como comerciales, ya que proporcionan una soluci\u00f3n duradera y visualmente atractiva que cumple las normas de construcci\u00f3n modernas y los objetivos medioambientales. Al elegir paneles de pared de WPC, no s\u00f3lo mejora los aspectos est\u00e9ticos y funcionales de su espacio, sino que tambi\u00e9n apoya las pr\u00e1cticas sostenibles.<\/p>\n<div>\n<div class=\"paragraph\"><\/div>\n<\/div>\n<\/div>","protected":false},"excerpt":{"rendered":"<p>Calidad superior: Fabricado con materiales de primera calidad, este panel exterior de WPC ofrece protecci\u00f3n contra los elementos.<\/p>\n<p>Dise\u00f1o elegante: Eleve el exterior de su propiedad con un revestimiento elegante y moderno que complementa cualquier estilo arquitect\u00f3nico.<\/p>\n<p>F\u00e1cil instalaci\u00f3n: Est\u00e1 dise\u00f1ado para una instalaci\u00f3n sin complicaciones, ahorr\u00e1ndole tiempo y esfuerzo.<\/p>\n<p>Vers\u00e1til: Ya sea para propiedades residenciales o comerciales, este panel de WPC es perfecto para todas las aplicaciones de revestimiento exterior.<\/p>\n<p>Respetuoso con el medio ambiente: Fabricado con materiales sostenibles, es la opci\u00f3n m\u00e1s respetuosa con el medio ambiente para sus necesidades de dise\u00f1o exterior.<\/p>","protected":false},"featured_media":20793,"comment_status":"open","ping_status":"closed","template":"","meta":{"_uag_custom_page_level_css":"","site-sidebar-layout":"default","site-content-layout":"","ast-site-content-layout":"default","site-content-style":"default","site-sidebar-style":"default","ast-global-header-display":"","ast-banner-title-visibility":"","ast-main-header-display":"","ast-hfb-above-header-display":"","ast-hfb-below-header-display":"","ast-hfb-mobile-header-display":"","site-post-title":"","ast-breadcrumbs-content":"","ast-featured-img":"","footer-sml-layout":"","theme-transparent-header-meta":"default","adv-header-id-meta":"","stick-header-meta":"default","header-above-stick-meta":"","header-main-stick-meta":"","header-below-stick-meta":"","astra-migrate-meta-layouts":"set","ast-page-background-enabled":"default","ast-page-background-meta":{"desktop":{"background-color":"var(--ast-global-color-4)","background-image":"","background-repeat":"repeat","background-position":"center center","background-size":"auto","background-attachment":"scroll","background-type":"","background-media":"","overlay-type":"","overlay-color":"","overlay-opacity":"","overlay-gradient":""},"tablet":{"background-color":"","background-image":"","background-repeat":"repeat","background-position":"center center","background-size":"auto","background-attachment":"scroll","background-type":"","background-media":"","overlay-type":"","overlay-color":"","overlay-opacity":"","overlay-gradient":""},"mobile":{"background-color":"","background-image":"","background-repeat":"repeat","background-position":"center center","background-size":"auto","background-attachment":"scroll","background-type":"","background-media":"","overlay-type":"","overlay-color":"","overlay-opacity":"","overlay-gradient":""}},"ast-content-background-meta":{"desktop":{"background-color":"var(--ast-global-color-5)","background-image":"","background-repeat":"repeat","background-position":"center center","background-size":"auto","background-attachment":"scroll","background-type":"","background-media":"","overlay-type":"","overlay-color":"","overlay-opacity":"","overlay-gradient":""},"tablet":{"background-color":"var(--ast-global-color-5)","background-image":"","background-repeat":"repeat","background-position":"center center","background-size":"auto","background-attachment":"scroll","background-type":"","background-media":"","overlay-type":"","overlay-color":"","overlay-opacity":"","overlay-gradient":""},"mobile":{"background-color":"var(--ast-global-color-5)","background-image":"","background-repeat":"repeat","background-position":"center center","background-size":"auto","background-attachment":"scroll","background-type":"","background-media":"","overlay-type":"","overlay-color":"","overlay-opacity":"","overlay-gradient":""}}},"product_brand":[],"product_cat":[175],"product_tag":[184,180],"class_list":{"0":"post-20836","1":"product","2":"type-product","3":"status-publish","4":"has-post-thumbnail","6":"product_cat-exterior-wpc-wall","7":"product_tag-wpc-wall-exterior","8":"product_tag-wpc-wall-panel","9":"desktop-align-center","10":"tablet-align-left","11":"mobile-align-left","12":"ast-product-gallery-layout-horizontal-slider","13":"ast-product-tabs-layout-vertical","15":"first","16":"instock","17":"shipping-taxable","18":"product-type-simple"},"uagb_featured_image_src":{"full":["https:\/\/meterny.com\/wp-content\/uploads\/2024\/04\/227H25-Light-Grey1-300x300-2.png",300,300,false],"thumbnail":["https:\/\/meterny.com\/wp-content\/uploads\/2024\/04\/227H25-Light-Grey1-300x300-2-150x150.png",150,150,true],"medium":["https:\/\/meterny.com\/wp-content\/uploads\/2024\/04\/227H25-Light-Grey1-300x300-2.png",300,300,false],"medium_large":["https:\/\/meterny.com\/wp-content\/uploads\/2024\/04\/227H25-Light-Grey1-300x300-2.png",300,300,false],"large":["https:\/\/meterny.com\/wp-content\/uploads\/2024\/04\/227H25-Light-Grey1-300x300-2.png",300,300,false],"1536x1536":["https:\/\/meterny.com\/wp-content\/uploads\/2024\/04\/227H25-Light-Grey1-300x300-2.png",300,300,false],"2048x2048":["https:\/\/meterny.com\/wp-content\/uploads\/2024\/04\/227H25-Light-Grey1-300x300-2.png",300,300,false],"trp-custom-language-flag":["https:\/\/meterny.com\/wp-content\/uploads\/2024\/04\/227H25-Light-Grey1-300x300-2.png",12,12,false],"woocommerce_thumbnail":["https:\/\/meterny.com\/wp-content\/uploads\/2024\/04\/227H25-Light-Grey1-300x300-2.png",300,300,false],"woocommerce_single":["https:\/\/meterny.com\/wp-content\/uploads\/2024\/04\/227H25-Light-Grey1-300x300-2.png",300,300,false],"woocommerce_gallery_thumbnail":["https:\/\/meterny.com\/wp-content\/uploads\/2024\/04\/227H25-Light-Grey1-300x300-2-100x100.png",100,100,true]},"uagb_author_info":{"display_name":"meterny","author_link":"https:\/\/meterny.com\/es\/author\/"},"uagb_comment_info":0,"uagb_excerpt":"Superior Quality: Crafted from premium materials, this WPC Exterior panel offers protection against the elements. Stylish Design: Elevate the exterior of your property with sleek and modern cladding that complements any architectural style. Easy Installation: It is designed for hassle-free installation, saving you time and effort. Versatile: Whether it's for residential or commercial properties, This&hellip;","_links":{"self":[{"href":"https:\/\/meterny.com\/es\/wp-json\/wp\/v2\/product\/20836","targetHints":{"allow":["GET"]}}],"collection":[{"href":"https:\/\/meterny.com\/es\/wp-json\/wp\/v2\/product"}],"about":[{"href":"https:\/\/meterny.com\/es\/wp-json\/wp\/v2\/types\/product"}],"replies":[{"embeddable":true,"href":"https:\/\/meterny.com\/es\/wp-json\/wp\/v2\/comments?post=20836"}],"wp:featuredmedia":[{"embeddable":true,"href":"https:\/\/meterny.com\/es\/wp-json\/wp\/v2\/media\/20793"}],"wp:attachment":[{"href":"https:\/\/meterny.com\/es\/wp-json\/wp\/v2\/media?parent=20836"}],"wp:term":[{"taxonomy":"product_brand","embeddable":true,"href":"https:\/\/meterny.com\/es\/wp-json\/wp\/v2\/product_brand?post=20836"},{"taxonomy":"product_cat","embeddable":true,"href":"https:\/\/meterny.com\/es\/wp-json\/wp\/v2\/product_cat?post=20836"},{"taxonomy":"product_tag","embeddable":true,"href":"https:\/\/meterny.com\/es\/wp-json\/wp\/v2\/product_tag?post=20836"}],"curies":[{"name":"wp","href":"https:\/\/api.w.org\/{rel}","templated":true}]}}