{"id":20852,"date":"2025-01-10T12:45:42","date_gmt":"2025-01-10T12:45:42","guid":{"rendered":"https:\/\/meterny.com\/?post_type=product&#038;p=20852"},"modified":"2025-01-11T09:42:33","modified_gmt":"2025-01-11T09:42:33","slug":"outdoor-wpc-wall-panel-for-patio-design","status":"publish","type":"product","link":"https:\/\/meterny.com\/es\/producto\/outdoor-wpc-wall-panel-for-patio-design\/","title":{"rendered":"Panel de pared de WPC al aire libre para el dise\u00f1o del patio"},"content":{"rendered":"<div class=\"elementor-element elementor-element-c0e1d42 elementor-widget elementor-widget-heading\" data-id=\"c0e1d42\" data-element_type=\"widget\" data-widget_type=\"heading.default\">\n<h2 class=\"elementor-widget-container\" style=\"text-align: center;\">Panel de pared de WPC al aire libre para el dise\u00f1o del patio<\/h2>\n<p>&nbsp;<\/p>\n<\/div>\n<div class=\"elementor-element elementor-element-1f676da elementor-widget elementor-widget-heading\" data-id=\"1f676da\" data-element_type=\"widget\" data-widget_type=\"heading.default\">\n<h4>Nombre del producto<\/h4>\n<p>Panel de pared de WPC al aire libre para el dise\u00f1o del patio<\/p>\n<p><strong style=\"font-size: 1.5em;\">Especificaciones del producto<\/strong><span style=\"font-size: 1.5em; font-weight: bold;\">:<\/span><\/p>\n<ul>\n<li><strong>Material<\/strong>: Compuesto de madera y pl\u00e1stico (WPC)<\/li>\n<li><strong>Dimensiones<\/strong>: 135*119*23mm\/217*201*28mm\/227*210*25mm,con personalizaci\u00f3n disponible seg\u00fan los requisitos del cliente.<\/li>\n<li><strong>Espesor<\/strong>: 23\/25\/28mm<\/li>\n<li><strong>Peso<\/strong>: 3 kg\/metro<\/li>\n<li><strong>Opciones de color<\/strong>: Disponible en una gran variedad de colores como palo de rosa, caf\u00e9, gris claro, marr\u00f3n, negro, etc., con diferentes texturas como grano de madera, papel pintado, m\u00e1rmol, etc.<\/li>\n<li><strong>Opciones de acabado<\/strong>: Las opciones incluyen acabados en relieve, cepillados, tridimensionales y lisos para imitar la textura natural de la madera.<\/li>\n<li><strong>Material<\/strong>: Compuesto de madera y pl\u00e1stico (WPC) de alta calidad fabricado a partir de una mezcla de fibras de madera y materiales termopl\u00e1sticos (como HDPE, PVC, PP).<\/li>\n<li><strong>M\u00e9todo de instalaci\u00f3n<\/strong>machihembrado, sistema de clip, etc.<\/li>\n<li><strong>Garant\u00eda<\/strong>m\u00e1s de 10 a\u00f1os<\/li>\n<\/ul>\n<h4>Material del producto<\/h4>\n<p>Los paneles murales de WPC (Wood Plastic Composite) est\u00e1n hechos de una mezcla de fibras de madera o harina de madera y materiales termopl\u00e1sticos (como HDPE, PVC, PP, etc.). Este material compuesto combina la est\u00e9tica natural de la madera con la durabilidad del pl\u00e1stico, ofreciendo una soluci\u00f3n de construcci\u00f3n respetuosa con el medio ambiente y de alto rendimiento.<\/p>\n<h4>Caracter\u00edsticas del producto<\/h4>\n<ul>\n<li><strong>Durabilidad<\/strong>: Dise\u00f1ados para soportar condiciones clim\u00e1ticas adversas, como lluvias torrenciales, vientos fuertes y temperaturas extremas. Los paneles de pared al aire libre de WPC para el dise\u00f1o del patio son resistentes a la deformaci\u00f3n, a hincharse, y al crecimiento del moho.<\/li>\n<li><strong>Bajo mantenimiento<\/strong>: A diferencia de la madera tradicional, los paneles de pared de WPC para exteriores no requieren pintura, tinte ni sellado. Se pueden limpiar f\u00e1cilmente con jab\u00f3n suave y agua, ahorr\u00e1ndole tiempo y esfuerzo.<\/li>\n<li><strong>Atractivo est\u00e9tico<\/strong>: Ofrecen una amplia gama de colores y texturas que pueden realzar la belleza de su patio. El acabado natural similar a la madera a\u00f1ade calidez y elegancia a cualquier espacio al aire libre.<\/li>\n<li><strong>Respeto del medio ambiente<\/strong>: Fabricados con materiales reciclados, los paneles de pared de WPC para exteriores son una opci\u00f3n ecol\u00f3gica que apoya las pr\u00e1cticas sostenibles.<\/li>\n<li><strong>Resistencia a los impactos<\/strong>: Resistentes a impactos y ara\u00f1azos, resultan ideales para zonas de mucho tr\u00e1nsito y entornos en los que la durabilidad es crucial.<\/li>\n<li><strong>Resistencia UV<\/strong>: Protegidos contra los rayos UV, garantizan que los paneles no se decoloren ni se degraden con el paso del tiempo, manteniendo su aspecto durante a\u00f1os.<\/li>\n<li><strong>Impermeable<\/strong>: Completamente impermeables, lo que las hace perfectas para patios y otras zonas exteriores donde la humedad es un problema.<\/li>\n<\/ul>\n<h4>Escenarios de aplicaci\u00f3n<\/h4>\n<ul>\n<li><strong>Paredes de patio<\/strong>: Ideal para crear hermosas y funcionales paredes de patio que a\u00f1aden privacidad y estilo a su espacio de vida al aire libre.<\/li>\n<li><strong>Cercado de jardines<\/strong>: Perfecto para vallas de jard\u00edn, ya que proporciona una soluci\u00f3n duradera y de bajo mantenimiento que realza el atractivo est\u00e9tico de su jard\u00edn.<\/li>\n<li><strong>Habitaciones exteriores<\/strong>: Adecuado para habitaciones al aire libre, creando un espacio acogedor y acogedor que se mezcla a la perfecci\u00f3n con su entorno natural.<\/li>\n<li><strong>Zonas de piscina<\/strong>: Ideales para zonas de piscina, donde sus propiedades impermeables y de resistencia a los rayos UV garantizan su belleza y funcionalidad.<\/li>\n<\/ul>\n<h4>Gu\u00eda de instalaci\u00f3n<\/h4>\n<ul>\n<li><strong>Preparaci\u00f3n de la superficie<\/strong>: Aseg\u00farese de que la superficie est\u00e9 limpia, seca y nivelada. Para patios, se recomienda una base s\u00f3lida de hormig\u00f3n o madera.<\/li>\n<li><strong>M\u00e9todo de instalaci\u00f3n<\/strong>: Los paneles de pared de WPC para exteriores de dise\u00f1o para patios pueden instalarse utilizando diversos m\u00e9todos, como adhesivo, tornillos o sistemas de enclavamiento. Siga las instrucciones del fabricante para obtener los mejores resultados.<\/li>\n<li><strong>Sellado<\/strong>: Aunque los paneles de pared de WPC para exteriores son de bajo mantenimiento, la aplicaci\u00f3n de un sellador protector puede aumentar su durabilidad y resistencia a las condiciones clim\u00e1ticas.<\/li>\n<\/ul>\n<h4>Consejos de mantenimiento<\/h4>\n<ul>\n<li><strong>Limpieza regular<\/strong>: Limpie los paneles regularmente con agua y jab\u00f3n suave para eliminar la suciedad y los residuos.<\/li>\n<li><strong>Evite los productos qu\u00edmicos agresivos<\/strong>: Evite utilizar productos qu\u00edmicos agresivos o limpiadores abrasivos, ya que pueden da\u00f1ar la superficie de los paneles.<\/li>\n<li><strong>Inspecci\u00f3n de da\u00f1os<\/strong>: Inspeccione peri\u00f3dicamente los paneles para detectar cualquier signo de da\u00f1o y resuelva cualquier problema con prontitud.<\/li>\n<\/ul>\n<h4>Informaci\u00f3n de mercado<\/h4>\n<ul>\n<li><strong>Demanda creciente<\/strong>: El mercado del panel de pared de WPC al aire libre para el dise\u00f1o del patio est\u00e1 creciendo r\u00e1pidamente, conducido por la demanda cada vez mayor para los materiales de construcci\u00f3n durables, del bajo-mantenimiento, y respetuosos del medio ambiente.<\/li>\n<li><strong>Sostenibilidad<\/strong>: Los consumidores buscan cada vez m\u00e1s opciones sostenibles y respetuosas con el medio ambiente para sus proyectos de mejora del hogar, por lo que el panel de pared de WPC para exteriores para el dise\u00f1o de patios es una opci\u00f3n atractiva.<\/li>\n<\/ul>\n<h4>Gu\u00eda de instalaci\u00f3n<\/h4>\n<ul>\n<li><strong>Preparaci\u00f3n de la superficie<\/strong>: Aseg\u00farese de que la pared est\u00e9 limpia, seca y lisa.<\/li>\n<li><strong>M\u00e9todo de instalaci\u00f3n<\/strong>: Siga las instrucciones del fabricante para la instalaci\u00f3n utilizando adhesivos, fijaciones o sistemas de enclavamiento adecuados. Consultar con un instalador profesional o experimentado puede garantizar una instalaci\u00f3n perfecta y duradera.<\/li>\n<\/ul>\n<h3>Galer\u00eda<\/h3>\n<figure id=\"attachment_20841\" aria-describedby=\"caption-attachment-20841\" style=\"width: 1024px\" class=\"wp-caption alignnone\"><img loading=\"lazy\" decoding=\"async\" class=\"wp-image-20841\" src=\"https:\/\/meterny.com\/wp-content\/uploads\/2025\/01\/75-136-scaled.jpg\" alt=\"Panel de pared de WPC al aire libre para el cercado del jard\u00edn\" width=\"1024\" height=\"1024\" srcset=\"https:\/\/meterny.com\/wp-content\/uploads\/2025\/01\/75-136-scaled.jpg 2560w, https:\/\/meterny.com\/wp-content\/uploads\/2025\/01\/75-136-300x300.jpg 300w, https:\/\/meterny.com\/wp-content\/uploads\/2025\/01\/75-136-1024x1024.jpg 1024w, https:\/\/meterny.com\/wp-content\/uploads\/2025\/01\/75-136-150x150.jpg 150w, https:\/\/meterny.com\/wp-content\/uploads\/2025\/01\/75-136-768x768.jpg 768w, https:\/\/meterny.com\/wp-content\/uploads\/2025\/01\/75-136-1536x1536.jpg 1536w, https:\/\/meterny.com\/wp-content\/uploads\/2025\/01\/75-136-2048x2048.jpg 2048w, https:\/\/meterny.com\/wp-content\/uploads\/2025\/01\/75-136-600x600.jpg 600w, https:\/\/meterny.com\/wp-content\/uploads\/2025\/01\/75-136-100x100.jpg 100w\" sizes=\"auto, (max-width: 1024px) 100vw, 1024px\" \/><figcaption id=\"caption-attachment-20841\" class=\"wp-caption-text\">Panel de pared de WPC para exteriores: Cree un jard\u00edn privado y elegante con vallas duraderas<\/figcaption><\/figure>\n<figure id=\"attachment_20840\" aria-describedby=\"caption-attachment-20840\" style=\"width: 1024px\" class=\"wp-caption alignnone\"><img loading=\"lazy\" decoding=\"async\" class=\"wp-image-20840\" src=\"https:\/\/meterny.com\/wp-content\/uploads\/2025\/01\/75-106.png\" alt=\"Panel de pared WPC gris para espacios comerciales\" width=\"1024\" height=\"1024\" srcset=\"https:\/\/meterny.com\/wp-content\/uploads\/2025\/01\/75-106.png 595w, https:\/\/meterny.com\/wp-content\/uploads\/2025\/01\/75-106-300x300.png 300w, https:\/\/meterny.com\/wp-content\/uploads\/2025\/01\/75-106-150x150.png 150w, https:\/\/meterny.com\/wp-content\/uploads\/2025\/01\/75-106-100x100.png 100w\" sizes=\"auto, (max-width: 1024px) 100vw, 1024px\" \/><figcaption id=\"caption-attachment-20840\" class=\"wp-caption-text\">Panel de pared de WPC gris: Mejore su espacio comercial con un revestimiento duradero y elegante<\/figcaption><\/figure>\n<h3>Para m\u00e1s informaci\u00f3n, haga clic en el enlace de youtube: <a href=\"https:\/\/youtu.be\/cW7s-_V3i-o\" target=\"_blank\" rel=\"noopener\">https:\/\/youtu.be\/cW7s-_V3i-o<\/a><\/h3>\n<p>&nbsp;<\/p>\n<\/div>\n<div class=\"elementor-element elementor-element-1f676da elementor-widget elementor-widget-heading\" data-id=\"1f676da\" data-element_type=\"widget\" data-widget_type=\"heading.default\">\n<h3>Colores Opciones<\/h3>\n<p>&nbsp;<\/p>\n<figure id=\"attachment_20293\" aria-describedby=\"caption-attachment-20293\" style=\"width: 1024px\" class=\"wp-caption alignnone\"><img loading=\"lazy\" decoding=\"async\" class=\"wp-image-20293\" src=\"https:\/\/meterny.com\/wp-content\/uploads\/2024\/10\/METE-Series-Colour-151.png\" alt=\"Opciones de color de la valla de WPC Meterny\" width=\"1024\" height=\"1024\" srcset=\"https:\/\/meterny.com\/wp-content\/uploads\/2024\/10\/METE-Series-Colour-151.png 900w, https:\/\/meterny.com\/wp-content\/uploads\/2024\/10\/METE-Series-Colour-151-300x300.png 300w, https:\/\/meterny.com\/wp-content\/uploads\/2024\/10\/METE-Series-Colour-151-150x150.png 150w, https:\/\/meterny.com\/wp-content\/uploads\/2024\/10\/METE-Series-Colour-151-768x768.png 768w, https:\/\/meterny.com\/wp-content\/uploads\/2024\/10\/METE-Series-Colour-151-600x600.png 600w, https:\/\/meterny.com\/wp-content\/uploads\/2024\/10\/METE-Series-Colour-151-100x100.png 100w\" sizes=\"auto, (max-width: 1024px) 100vw, 1024px\" \/><figcaption id=\"caption-attachment-20293\" class=\"wp-caption-text\">Explore la valla de WPC Meterny - Nueve impresionantes opciones de color para cada estilo<\/figcaption><\/figure>\n<h3>\u00bfPor qu\u00e9 elegir nuestros paneles de pared de WPC para exteriores para el dise\u00f1o de patios?<\/h3>\n<h4>1.\u00a0<strong>Durabilidad y longevidad<\/strong><\/h4>\n<p>Nuestros paneles de pared de WPC para exteriores est\u00e1n dise\u00f1ados para resistir el paso del tiempo. Fabricados a partir de una combinaci\u00f3n de fibras de madera y termopl\u00e1sticos, ofrecen una resistencia y estabilidad dimensional excepcionales. Son resistentes a la putrefacci\u00f3n, la descomposici\u00f3n y los da\u00f1os por insectos, lo que garantiza que las paredes de su patio mantengan su integridad estructural y su atractivo visual durante a\u00f1os.<\/p>\n<h4>2.\u00a0<strong>Bajo mantenimiento<\/strong><\/h4>\n<p>Una de las principales ventajas de nuestros paneles murales de WPC para exteriores es su bajo mantenimiento. A diferencia de los paneles de madera tradicionales, no requieren tinci\u00f3n, pintura o sellado regular. Una limpieza rutinaria con jab\u00f3n suave y agua suele ser suficiente para mantenerlos en perfecto estado. Esto los convierte en una opci\u00f3n pr\u00e1ctica para los propietarios de viviendas, ya que ahorran tiempo y dinero en tareas de mantenimiento.<\/p>\n<h4>3.\u00a0<strong>Atractivo est\u00e9tico<\/strong><\/h4>\n<p>Nuestros paneles de pared de WPC ofrecen una amplia gama de posibilidades de dise\u00f1o, permiti\u00e9ndole crear un espacio de patio cautivador y personalizado. Con varios colores, texturas y acabados disponibles, puede lograr la est\u00e9tica deseada, ya sea un aspecto moderno, r\u00fastico o contempor\u00e1neo. Estos paneles combinan sin esfuerzo la belleza natural de la madera con la durabilidad y versatilidad de los materiales compuestos, a\u00f1adiendo calidez y elegancia a cualquier entorno.<\/p>\n<h4>4.\u00a0<strong>Sostenibilidad medioambiental<\/strong><\/h4>\n<p>Nuestros paneles de pared de WPC para exteriores son una alternativa ecol\u00f3gica a los paneles de madera tradicionales. Suelen estar compuestos de materiales reciclados, como fibras de madera y pl\u00e1stico reciclado. Al elegir nuestros paneles de pared de WPC, contribuye a las pr\u00e1cticas sostenibles, reduce la demanda de madera virgen y ayuda a minimizar los residuos.<\/p>\n<h4>5.\u00a0<strong>Resistencia a la humedad y a la intemperie<\/strong><\/h4>\n<p>Nuestros paneles de pared de WPC para exteriores est\u00e1n dise\u00f1ados para soportar la humedad y las condiciones clim\u00e1ticas adversas, por lo que son adecuados tanto para aplicaciones interiores como exteriores. Son resistentes a la deformaci\u00f3n, la hinchaz\u00f3n y la formaci\u00f3n de moho, lo que garantiza una superficie de pared duradera y visualmente atractiva incluso en entornos h\u00famedos o mojados.<\/p>\n<h4>6.\u00a0<strong>F\u00e1cil instalaci\u00f3n<\/strong><\/h4>\n<p>Nuestro panel de pared de WPC al aire libre para el dise\u00f1o del patio son ligeros y f\u00e1ciles de manejar, haci\u00e9ndolos m\u00e1s r\u00e1pidos de instalar. Los viejos tipos de instalaciones con grandes materiales f\u00edsicos pueden ser tediosos y llevar mucho tiempo, mientras que nuestro panel de pared de WPC al aire libre para el dise\u00f1o del patio se puede instalar t\u00edpicamente con poco equipo y habilidad m\u00ednima. Los procedimientos de montaje f\u00e1ciles de seguir permiten que estos paneles minimicen los gastos de mano de obra y ayuden a completar el trabajo en el plazo previsto sin sacrificar la calidad.<\/p>\n<h4>7.\u00a0<strong>Aislamiento ac\u00fastico y t\u00e9rmico<\/strong><\/h4>\n<p>Nuestros paneles de pared de WPC para exteriores para dise\u00f1o de patios ofrecen excelentes propiedades de aislamiento ac\u00fastico, por lo que son ideales para espacios que requieren una reducci\u00f3n del ruido, como patios y zonas de estar al aire libre. Sus capacidades de aislamiento t\u00e9rmico tambi\u00e9n ayudan a mantener temperaturas interiores confortables, reduciendo potencialmente los costes energ\u00e9ticos.<\/p>\n<h4>8.\u00a0<strong>Resistencia a los factores ambientales<\/strong><\/h4>\n<p>Estos paneles est\u00e1n dise\u00f1ados para resistir diversos retos medioambientales, como la humedad, los rayos UV y las fluctuaciones de temperatura. Esta resistencia garantiza que sigan siendo duraderos y atractivos, incluso en condiciones adversas. Ya se utilicen en ba\u00f1os h\u00famedos, exteriores soleados o climas fr\u00edos, los paneles de WPC mantienen sus prestaciones y su aspecto, lo que los convierte en una opci\u00f3n fiable para cualquier entorno.<\/p>\n<h4>9.\u00a0<strong>Relaci\u00f3n coste-eficacia<\/strong><\/h4>\n<p>Aunque el coste inicial de los paneles de pared de WPC para exteriores puede ser ligeramente superior al de materiales tradicionales como la madera, sus beneficios a largo plazo compensan la inversi\u00f3n inicial. La reducci\u00f3n de los costes de mantenimiento, la prolongaci\u00f3n de la vida \u00fatil y la eficiencia energ\u00e9tica contribuyen a la rentabilidad general.<\/p>\n<h4>10.\u00a0<strong>Resistencia a los impactos<\/strong><\/h4>\n<p>Nuestros paneles de pared de WPC para exteriores para dise\u00f1o de patios son resistentes a impactos y ara\u00f1azos, lo que los hace id\u00f3neos para zonas de mucho tr\u00e1nsito o entornos en los que la durabilidad es crucial. Esta caracter\u00edstica garantiza que los paneles mantengan su aspecto e integridad estructural incluso con el desgaste diario.<\/p>\n<h3>Conclusi\u00f3n<\/h3>\n<p class=\"last-node\">Nuestros paneles de pared de WPC para exteriores ofrecen una combinaci\u00f3n de versatilidad, durabilidad, bajo mantenimiento y sostenibilidad medioambiental. Son una opci\u00f3n excelente tanto para proyectos residenciales como comerciales, ya que proporcionan una soluci\u00f3n duradera y visualmente atractiva que cumple las normas de construcci\u00f3n modernas y los objetivos medioambientales. Al elegir nuestro panel de pared de WPC para exteriores para el dise\u00f1o de patios, no s\u00f3lo mejorar\u00e1 los aspectos est\u00e9ticos y funcionales de su patio, sino que tambi\u00e9n apoyar\u00e1 las pr\u00e1cticas sostenibles. Transforme su espacio exterior con la elegancia y durabilidad de nuestro Panel de Pared de WPC para Exterior para Dise\u00f1o de Patio.<\/p>\n<div>\n<div class=\"paragraph\"><\/div>\n<\/div>\n<\/div>","protected":false},"excerpt":{"rendered":"<p>Calidad superior: Fabricado con materiales de primera calidad, este panel exterior de WPC ofrece protecci\u00f3n contra los elementos.<\/p>\n<p>Dise\u00f1o elegante: Eleve el exterior de su propiedad con un revestimiento elegante y moderno que complementa cualquier estilo arquitect\u00f3nico.<\/p>\n<p>F\u00e1cil instalaci\u00f3n: Est\u00e1 dise\u00f1ado para una instalaci\u00f3n sin complicaciones, ahorr\u00e1ndole tiempo y esfuerzo.<\/p>\n<p>Vers\u00e1til: Ya sea para propiedades residenciales o comerciales, este panel de WPC es perfecto para todas las aplicaciones de revestimiento exterior.<\/p>\n<p>Respetuoso con el medio ambiente: Fabricado con materiales sostenibles, es la opci\u00f3n m\u00e1s respetuosa con el medio ambiente para sus necesidades de dise\u00f1o exterior.<\/p>","protected":false},"featured_media":20843,"comment_status":"open","ping_status":"closed","template":"","meta":{"_uag_custom_page_level_css":"","site-sidebar-layout":"default","site-content-layout":"","ast-site-content-layout":"default","site-content-style":"default","site-sidebar-style":"default","ast-global-header-display":"","ast-banner-title-visibility":"","ast-main-header-display":"","ast-hfb-above-header-display":"","ast-hfb-below-header-display":"","ast-hfb-mobile-header-display":"","site-post-title":"","ast-breadcrumbs-content":"","ast-featured-img":"","footer-sml-layout":"","theme-transparent-header-meta":"default","adv-header-id-meta":"","stick-header-meta":"default","header-above-stick-meta":"","header-main-stick-meta":"","header-below-stick-meta":"","astra-migrate-meta-layouts":"set","ast-page-background-enabled":"default","ast-page-background-meta":{"desktop":{"background-color":"var(--ast-global-color-4)","background-image":"","background-repeat":"repeat","background-position":"center center","background-size":"auto","background-attachment":"scroll","background-type":"","background-media":"","overlay-type":"","overlay-color":"","overlay-opacity":"","overlay-gradient":""},"tablet":{"background-color":"","background-image":"","background-repeat":"repeat","background-position":"center center","background-size":"auto","background-attachment":"scroll","background-type":"","background-media":"","overlay-type":"","overlay-color":"","overlay-opacity":"","overlay-gradient":""},"mobile":{"background-color":"","background-image":"","background-repeat":"repeat","background-position":"center center","background-size":"auto","background-attachment":"scroll","background-type":"","background-media":"","overlay-type":"","overlay-color":"","overlay-opacity":"","overlay-gradient":""}},"ast-content-background-meta":{"desktop":{"background-color":"var(--ast-global-color-5)","background-image":"","background-repeat":"repeat","background-position":"center center","background-size":"auto","background-attachment":"scroll","background-type":"","background-media":"","overlay-type":"","overlay-color":"","overlay-opacity":"","overlay-gradient":""},"tablet":{"background-color":"var(--ast-global-color-5)","background-image":"","background-repeat":"repeat","background-position":"center center","background-size":"auto","background-attachment":"scroll","background-type":"","background-media":"","overlay-type":"","overlay-color":"","overlay-opacity":"","overlay-gradient":""},"mobile":{"background-color":"var(--ast-global-color-5)","background-image":"","background-repeat":"repeat","background-position":"center center","background-size":"auto","background-attachment":"scroll","background-type":"","background-media":"","overlay-type":"","overlay-color":"","overlay-opacity":"","overlay-gradient":""}}},"product_brand":[],"product_cat":[175],"product_tag":[184,180],"class_list":{"0":"post-20852","1":"product","2":"type-product","3":"status-publish","4":"has-post-thumbnail","6":"product_cat-exterior-wpc-wall","7":"product_tag-wpc-wall-exterior","8":"product_tag-wpc-wall-panel","9":"desktop-align-center","10":"tablet-align-left","11":"mobile-align-left","12":"ast-product-gallery-layout-horizontal-slider","13":"ast-product-tabs-layout-vertical","15":"first","16":"instock","17":"shipping-taxable","18":"product-type-simple"},"uagb_featured_image_src":{"full":["https:\/\/meterny.com\/wp-content\/uploads\/2025\/01\/\u4e3b\u56fe5.jpg",900,900,false],"thumbnail":["https:\/\/meterny.com\/wp-content\/uploads\/2025\/01\/\u4e3b\u56fe5-150x150.jpg",150,150,true],"medium":["https:\/\/meterny.com\/wp-content\/uploads\/2025\/01\/\u4e3b\u56fe5-300x300.jpg",300,300,true],"medium_large":["https:\/\/meterny.com\/wp-content\/uploads\/2025\/01\/\u4e3b\u56fe5-768x768.jpg",768,768,true],"large":["https:\/\/meterny.com\/wp-content\/uploads\/2025\/01\/\u4e3b\u56fe5.jpg",900,900,false],"1536x1536":["https:\/\/meterny.com\/wp-content\/uploads\/2025\/01\/\u4e3b\u56fe5.jpg",900,900,false],"2048x2048":["https:\/\/meterny.com\/wp-content\/uploads\/2025\/01\/\u4e3b\u56fe5.jpg",900,900,false],"trp-custom-language-flag":["https:\/\/meterny.com\/wp-content\/uploads\/2025\/01\/\u4e3b\u56fe5.jpg",12,12,false],"woocommerce_thumbnail":["https:\/\/meterny.com\/wp-content\/uploads\/2025\/01\/\u4e3b\u56fe5-300x300.jpg",300,300,true],"woocommerce_single":["https:\/\/meterny.com\/wp-content\/uploads\/2025\/01\/\u4e3b\u56fe5-600x600.jpg",600,600,true],"woocommerce_gallery_thumbnail":["https:\/\/meterny.com\/wp-content\/uploads\/2025\/01\/\u4e3b\u56fe5-100x100.jpg",100,100,true]},"uagb_author_info":{"display_name":"meterny","author_link":"https:\/\/meterny.com\/es\/author\/"},"uagb_comment_info":0,"uagb_excerpt":"Superior Quality: Crafted from premium materials, this WPC Exterior panel offers protection against the elements. Stylish Design: Elevate the exterior of your property with sleek and modern cladding that complements any architectural style. Easy Installation: It is designed for hassle-free installation, saving you time and effort. Versatile: Whether it's for residential or commercial properties, This&hellip;","_links":{"self":[{"href":"https:\/\/meterny.com\/es\/wp-json\/wp\/v2\/product\/20852","targetHints":{"allow":["GET"]}}],"collection":[{"href":"https:\/\/meterny.com\/es\/wp-json\/wp\/v2\/product"}],"about":[{"href":"https:\/\/meterny.com\/es\/wp-json\/wp\/v2\/types\/product"}],"replies":[{"embeddable":true,"href":"https:\/\/meterny.com\/es\/wp-json\/wp\/v2\/comments?post=20852"}],"wp:featuredmedia":[{"embeddable":true,"href":"https:\/\/meterny.com\/es\/wp-json\/wp\/v2\/media\/20843"}],"wp:attachment":[{"href":"https:\/\/meterny.com\/es\/wp-json\/wp\/v2\/media?parent=20852"}],"wp:term":[{"taxonomy":"product_brand","embeddable":true,"href":"https:\/\/meterny.com\/es\/wp-json\/wp\/v2\/product_brand?post=20852"},{"taxonomy":"product_cat","embeddable":true,"href":"https:\/\/meterny.com\/es\/wp-json\/wp\/v2\/product_cat?post=20852"},{"taxonomy":"product_tag","embeddable":true,"href":"https:\/\/meterny.com\/es\/wp-json\/wp\/v2\/product_tag?post=20852"}],"curies":[{"name":"wp","href":"https:\/\/api.w.org\/{rel}","templated":true}]}}