{"id":21000,"date":"2025-01-14T07:34:48","date_gmt":"2025-01-14T07:34:48","guid":{"rendered":"https:\/\/meterny.com\/?post_type=product&#038;p=21000"},"modified":"2025-01-14T07:59:00","modified_gmt":"2025-01-14T07:59:00","slug":"fire-retardant-outdoor-wpc-wall-panels","status":"publish","type":"product","link":"https:\/\/meterny.com\/es\/producto\/fire-retardant-outdoor-wpc-wall-panels\/","title":{"rendered":"Paneles de pared de WPC ign\u00edfugos para exteriores"},"content":{"rendered":"<div class=\"elementor-element elementor-element-c0e1d42 elementor-widget elementor-widget-heading\" data-id=\"c0e1d42\" data-element_type=\"widget\" data-widget_type=\"heading.default\">\n<h2 style=\"text-align: center;\">Paneles de pared de WPC ign\u00edfugos para exteriores<\/h2>\n<p>&nbsp;<\/p>\n<h2>Productos<\/h2>\n<p>Los paneles de pared de WPC ign\u00edfugos para exteriores est\u00e1n dise\u00f1ados para proporcionar tanto un atractivo est\u00e9tico como una mayor seguridad a sus espacios exteriores. Estos paneles est\u00e1n fabricados a partir de una combinaci\u00f3n de fibras de madera y pol\u00edmeros termopl\u00e1sticos, y ofrecen un aspecto natural similar a la madera al tiempo que cumplen estrictas normas de seguridad contra incendios. Son una opci\u00f3n ideal para diversas aplicaciones, incluidos edificios residenciales y comerciales, donde la seguridad y la durabilidad son primordiales.<\/p>\n<figure id=\"attachment_20949\" aria-describedby=\"caption-attachment-20949\" style=\"width: 1024px\" class=\"wp-caption alignnone\"><img loading=\"lazy\" decoding=\"async\" class=\"wp-image-20949\" src=\"https:\/\/meterny.com\/wp-content\/uploads\/2025\/01\/\u4e3b\u56fe3\uff081.jpg\" alt=\"Paneles de pared de WPC ign\u00edfugos para exteriores\" width=\"1024\" height=\"1024\" srcset=\"https:\/\/meterny.com\/wp-content\/uploads\/2025\/01\/\u4e3b\u56fe3\uff081.jpg 800w, https:\/\/meterny.com\/wp-content\/uploads\/2025\/01\/\u4e3b\u56fe3\uff081-300x300.jpg 300w, https:\/\/meterny.com\/wp-content\/uploads\/2025\/01\/\u4e3b\u56fe3\uff081-150x150.jpg 150w, https:\/\/meterny.com\/wp-content\/uploads\/2025\/01\/\u4e3b\u56fe3\uff081-768x768.jpg 768w, https:\/\/meterny.com\/wp-content\/uploads\/2025\/01\/\u4e3b\u56fe3\uff081-600x600.jpg 600w, https:\/\/meterny.com\/wp-content\/uploads\/2025\/01\/\u4e3b\u56fe3\uff081-100x100.jpg 100w\" sizes=\"auto, (max-width: 1024px) 100vw, 1024px\" \/><figcaption id=\"caption-attachment-20949\" class=\"wp-caption-text\">Mantenga su espacio exterior seguro con paneles de WPC ign\u00edfugos<\/figcaption><\/figure>\n<p><strong style=\"font-size: 1.5em;\">Especificaciones del producto<\/strong><span style=\"font-size: 1.5em; font-weight: bold;\">:<\/span><\/p>\n<ul>\n<li style=\"list-style-type: none;\">\n<ul>\n<li><strong>Material<\/strong>: Fibras de madera y pl\u00e1stico reciclados<\/li>\n<li><strong>Dimensiones<\/strong>: 135*119*23mm\/217*201*28mm\/227*210*25mm,con personalizaci\u00f3n disponible seg\u00fan los requisitos del cliente.<\/li>\n<li><strong>Espesor<\/strong>: 23\/25\/28mm<\/li>\n<li><strong>Peso<\/strong>: 3 kg\/metro<\/li>\n<li><strong>Opciones de color<\/strong>: Disponible en 9 colores est\u00e1ndar, con la opci\u00f3n de combinar colores personalizados.<\/li>\n<li><strong>Tratamiento de superficies<\/strong>: Disponible en acabados convencional, cepillado o gofrado.<\/li>\n<li><strong>Material<\/strong>: Compuesto de madera y pl\u00e1stico (WPC) de alta calidad fabricado a partir de una mezcla de fibras de madera y materiales termopl\u00e1sticos (como HDPE, PVC, PP).<\/li>\n<li><strong>M\u00e9todo de instalaci\u00f3n<\/strong>machihembrado, sistema de clip, etc.<\/li>\n<li><strong>Resistencia al fuego<\/strong>: Cumple las normas internacionales de seguridad contra incendios, proporcionando una capa adicional de seguridad para su hogar.<\/li>\n<li><strong>Protecci\u00f3n UV<\/strong>: Protecci\u00f3n UV mejorada para evitar la decoloraci\u00f3n y mantener el aspecto vibrante del revestimiento.<\/li>\n<li><strong>Garant\u00eda<\/strong>m\u00e1s de 10 a\u00f1os<\/li>\n<\/ul>\n<\/li>\n<\/ul>\n<h2>Caracter\u00edsticas principales<\/h2>\n<ul>\n<li><strong>Resistencia al fuego<\/strong>: Dise\u00f1ados para cumplir la clasificaci\u00f3n contra incendios de Clase A, estos paneles tienen un punto de ignici\u00f3n m\u00e1s alto y liberan menos calor en comparaci\u00f3n con materiales tradicionales como la madera o los paneles de yeso. Esto reduce significativamente el riesgo de incendios y contribuye a la seguridad general del edificio.<\/li>\n<li><strong>Baja emisi\u00f3n de humos y gases t\u00f3xicos<\/strong>: En caso de incendio, los paneles de pared de WPC emiten un humo y unos gases t\u00f3xicos m\u00ednimos, lo que mejora la visibilidad y reduce los riesgos para la salud de los ocupantes.<\/li>\n<li><strong>Integridad estructural y estabilidad<\/strong>: Estos paneles son resistentes y duraderos, y mantienen su integridad estructural incluso en condiciones de altas temperaturas. Su baja conductividad t\u00e9rmica ayuda a contener la propagaci\u00f3n del fuego y a reducir su impacto en las zonas circundantes.<\/li>\n<li><strong>Respeto del medio ambiente<\/strong>: Fabricados a partir de fibras de madera y pl\u00e1stico reciclados, los paneles de pared de WPC son 100% reciclables, lo que reduce los residuos y conserva los recursos naturales.<\/li>\n<li><strong>Durabilidad y resistencia a la intemperie<\/strong>: Altamente resistentes a los rayos UV, la lluvia, la nieve y los cambios extremos de temperatura, estos paneles no se deforman, agrietan ni decoloran con el paso del tiempo.<\/li>\n<li><strong>Bajo mantenimiento<\/strong>: F\u00e1cil de limpiar y mantener, no requiere pintura ni manchas. Un simple enjuague con agua o un pa\u00f1o suave suele ser suficiente.<\/li>\n<li><strong>Opciones personalizables<\/strong>: Disponible en varios tama\u00f1os, colores y tratamientos superficiales, lo que permite personalizarlo para adaptarlo a sus requisitos de dise\u00f1o espec\u00edficos.<\/li>\n<\/ul>\n<\/div>\n<div class=\"elementor-element elementor-element-1f676da elementor-widget elementor-widget-heading\" data-id=\"1f676da\" data-element_type=\"widget\" data-widget_type=\"heading.default\">\n<h4>P\u00f3ngase en contacto con nosotros<\/h4>\n<p>Como fabricante y proveedor profesional de productos de WPC de alta calidad, nos comprometemos a ofrecerle las mejores soluciones para sus proyectos de exterior. P\u00f3ngase en contacto con nosotros hoy mismo para hablar de sus necesidades espec\u00edficas y obtener un presupuesto gratuito.<\/p>\n<p>Whatsapp:+86 18566054354<\/p>\n<p>Correo electr\u00f3nico: damon@meterny.com<\/p>\n<h3>Si desea conocer m\u00e1s detalles, haga clic en el enlace de youtube:<a href=\"https:\/\/youtu.be\/tvSl5yo4US0\" target=\"_blank\" rel=\"noopener\"> https:\/\/youtu.be\/tvSl5yo4US0<\/a><\/h3>\n<p>&nbsp;<\/p>\n<h3>Galer\u00eda<\/h3>\n<p>Paneles de pared de WPC ign\u00edfugos para exteriores<\/p>\n<figure id=\"attachment_20950\" aria-describedby=\"caption-attachment-20950\" style=\"width: 1024px\" class=\"wp-caption alignnone\"><img loading=\"lazy\" decoding=\"async\" class=\"wp-image-20950\" src=\"https:\/\/meterny.com\/wp-content\/uploads\/2025\/01\/\u4e3b\u56fe9.jpg\" alt=\"Paneles de pared de WPC para exteriores resistentes a las termitas\" width=\"1024\" height=\"1024\" srcset=\"https:\/\/meterny.com\/wp-content\/uploads\/2025\/01\/\u4e3b\u56fe9.jpg 800w, https:\/\/meterny.com\/wp-content\/uploads\/2025\/01\/\u4e3b\u56fe9-300x300.jpg 300w, https:\/\/meterny.com\/wp-content\/uploads\/2025\/01\/\u4e3b\u56fe9-150x150.jpg 150w, https:\/\/meterny.com\/wp-content\/uploads\/2025\/01\/\u4e3b\u56fe9-768x768.jpg 768w, https:\/\/meterny.com\/wp-content\/uploads\/2025\/01\/\u4e3b\u56fe9-600x600.jpg 600w, https:\/\/meterny.com\/wp-content\/uploads\/2025\/01\/\u4e3b\u56fe9-100x100.jpg 100w\" sizes=\"auto, (max-width: 1024px) 100vw, 1024px\" \/><figcaption id=\"caption-attachment-20950\" class=\"wp-caption-text\">Defienda su espacio exterior de las termitas con paneles de WPC<\/figcaption><\/figure>\n<p>Paneles de pared de WPC ign\u00edfugos para exteriores<\/p>\n<figure id=\"attachment_20947\" aria-describedby=\"caption-attachment-20947\" style=\"width: 1024px\" class=\"wp-caption alignnone\"><img loading=\"lazy\" decoding=\"async\" class=\"wp-image-20947\" src=\"https:\/\/meterny.com\/wp-content\/uploads\/2025\/01\/75-155.jpg\" alt=\"Paneles de pared de WPC con protecci\u00f3n UV para la decoraci\u00f3n de paredes exteriores del hogar\" width=\"1024\" height=\"1024\" srcset=\"https:\/\/meterny.com\/wp-content\/uploads\/2025\/01\/75-155.jpg 800w, https:\/\/meterny.com\/wp-content\/uploads\/2025\/01\/75-155-300x300.jpg 300w, https:\/\/meterny.com\/wp-content\/uploads\/2025\/01\/75-155-150x150.jpg 150w, https:\/\/meterny.com\/wp-content\/uploads\/2025\/01\/75-155-768x768.jpg 768w, https:\/\/meterny.com\/wp-content\/uploads\/2025\/01\/75-155-600x600.jpg 600w, https:\/\/meterny.com\/wp-content\/uploads\/2025\/01\/75-155-100x100.jpg 100w\" sizes=\"auto, (max-width: 1024px) 100vw, 1024px\" \/><figcaption id=\"caption-attachment-20947\" class=\"wp-caption-text\">Proteja su espacio exterior de los rayos UV con paneles de WPC<\/figcaption><\/figure>\n<p>Paneles de pared de WPC ign\u00edfugos para exteriores<\/p>\n<figure id=\"attachment_20956\" aria-describedby=\"caption-attachment-20956\" style=\"width: 1024px\" class=\"wp-caption alignnone\"><img loading=\"lazy\" decoding=\"async\" class=\"wp-image-20956\" src=\"https:\/\/meterny.com\/wp-content\/uploads\/2025\/01\/75-178-300x300-1.png\" alt=\"Paneles de pared de WPC para exteriores que reducen el ruido\" width=\"1024\" height=\"1024\" srcset=\"https:\/\/meterny.com\/wp-content\/uploads\/2025\/01\/75-178-300x300-1.png 800w, https:\/\/meterny.com\/wp-content\/uploads\/2025\/01\/75-178-300x300-1-300x300.png 300w, https:\/\/meterny.com\/wp-content\/uploads\/2025\/01\/75-178-300x300-1-150x150.png 150w, https:\/\/meterny.com\/wp-content\/uploads\/2025\/01\/75-178-300x300-1-768x768.png 768w, https:\/\/meterny.com\/wp-content\/uploads\/2025\/01\/75-178-300x300-1-600x600.png 600w, https:\/\/meterny.com\/wp-content\/uploads\/2025\/01\/75-178-300x300-1-100x100.png 100w\" sizes=\"auto, (max-width: 1024px) 100vw, 1024px\" \/><figcaption id=\"caption-attachment-20956\" class=\"wp-caption-text\">Cree un espacio exterior tranquilo con paneles de WPC que reducen el ruido<\/figcaption><\/figure>\n<\/div>\n<div class=\"elementor-element elementor-element-1f676da elementor-widget elementor-widget-heading\" data-id=\"1f676da\" data-element_type=\"widget\" data-widget_type=\"heading.default\">\n<h3>Colores Opciones<\/h3>\n<p>Paneles de pared de WPC ign\u00edfugos para exteriores<\/p>\n<p>&nbsp;<\/p>\n<figure id=\"attachment_20293\" aria-describedby=\"caption-attachment-20293\" style=\"width: 1024px\" class=\"wp-caption alignnone\"><img loading=\"lazy\" decoding=\"async\" class=\"wp-image-20293\" src=\"https:\/\/meterny.com\/wp-content\/uploads\/2024\/10\/METE-Series-Colour-151.png\" alt=\"Opciones de color de la valla de WPC Meterny\" width=\"1024\" height=\"1024\" srcset=\"https:\/\/meterny.com\/wp-content\/uploads\/2024\/10\/METE-Series-Colour-151.png 900w, https:\/\/meterny.com\/wp-content\/uploads\/2024\/10\/METE-Series-Colour-151-300x300.png 300w, https:\/\/meterny.com\/wp-content\/uploads\/2024\/10\/METE-Series-Colour-151-150x150.png 150w, https:\/\/meterny.com\/wp-content\/uploads\/2024\/10\/METE-Series-Colour-151-768x768.png 768w, https:\/\/meterny.com\/wp-content\/uploads\/2024\/10\/METE-Series-Colour-151-600x600.png 600w, https:\/\/meterny.com\/wp-content\/uploads\/2024\/10\/METE-Series-Colour-151-100x100.png 100w\" sizes=\"auto, (max-width: 1024px) 100vw, 1024px\" \/><figcaption id=\"caption-attachment-20293\" class=\"wp-caption-text\">Explore la valla de WPC Meterny - Nueve impresionantes opciones de color para cada estilo<\/figcaption><\/figure>\n<div class=\"pop-container\">\n<div class=\"popcontent-hole\">\n<div class=\"pop-content\">\n<div class=\"normal___qxduM\">\n<div class=\"\">\n<div id=\"chat-markdown-cu123vos8jdneeo3jnsg-0-0\">\n<div class=\"markdown___vuBDJ\">\n<div class=\"markdown___vuBDJ\">\n<h3><strong>\u00bfPor qu\u00e9 elegir paneles murales de WPC ign\u00edfugos para exteriores?<\/strong><\/h3>\n<p>&nbsp;<\/p>\n<div class=\"inter-wCaKYV\">\n<div class=\"container-ncFTrL\">\n<div class=\"item-KOa3z_\">\n<div class=\"container-rBgb6B chrome70-container\">\n<div class=\"inner-LOKNYu inner-item-AQrr_W\" data-target-id=\"message-box-target-id\" data-testid=\"union_message\">\n<div class=\"message-block-container-CKPFh2\" data-testid=\"message-block-container\">\n<div class=\"message-box-y4MH8s\" data-testid=\"receive_message\">\n<div class=\"message-box-content-wrapper-fgNGpz\">\n<div class=\"message-content message-box-content-xoCEoU receive-message-box-content-bNaFpa samantha-message-box-content-gWlptz\" data-testid=\"message_content\">\n<div class=\"container-ZYIsnH flow-markdown-body theme-samantha-Nbr9UN\" dir=\"ltr\" data-testid=\"message_text_content\" data-show-indicator=\"false\">\n<div class=\"auto-hide-last-sibling-br paragraph-JOTKXA paragraph-element br-paragraph-space\">Hay varias razones para elegir paneles de pared de WPC ign\u00edfugos para exteriores:<\/div>\n<h3 class=\"header-vfC6AV auto-hide-last-sibling-br\">Mayor seguridad contra incendios<\/h3>\n<p>&nbsp;<\/p>\n<ul class=\"auto-hide-last-sibling-br\">\n<li><strong>Inhibici\u00f3n de la propagaci\u00f3n del fuego<\/strong>: Los paneles murales de WPC ign\u00edfugos para exteriores est\u00e1n dise\u00f1ados para ralentizar o incluso evitar la propagaci\u00f3n del fuego. En caso de incendio, estos paneles pueden actuar como barrera, reduciendo el riesgo de que el fuego se propague r\u00e1pidamente por el exterior del edificio, con lo que se gana un tiempo precioso para la evacuaci\u00f3n de los ocupantes y la respuesta de los bomberos.<\/li>\n<li><strong>Reducci\u00f3n de la emisi\u00f3n de humos y gases t\u00f3xicos<\/strong>: Cuando se exponen al fuego, suelen emitir menos humo y gases t\u00f3xicos que otros materiales. Esto es crucial, ya que la inhalaci\u00f3n de humo es una de las principales causas de v\u00edctimas en los incendios, y menos humo permite una mejor visibilidad y rutas de evacuaci\u00f3n m\u00e1s seguras para las personas dentro del edificio.<\/li>\n<\/ul>\n<h3 class=\"header-vfC6AV auto-hide-last-sibling-br\">Cumplimiento de la normativa<\/h3>\n<p>&nbsp;<\/p>\n<ul class=\"auto-hide-last-sibling-br\">\n<li><strong>Cumplir los c\u00f3digos de construcci\u00f3n<\/strong>: La mayor\u00eda de las normativas y c\u00f3digos de seguridad en la construcci\u00f3n exigen el uso de materiales resistentes al fuego en determinadas aplicaciones, especialmente en edificios comerciales y p\u00fablicos. Los paneles de pared de WPC ign\u00edfugos que cumplen los \u00edndices de resistencia al fuego exigidos garantizan que el edificio cumpla estas normativas, evitando posibles problemas legales y responsabilidades.<\/li>\n<\/ul>\n<h3 class=\"header-vfC6AV auto-hide-last-sibling-br\">Durabilidad y longevidad<\/h3>\n<p>&nbsp;<\/p>\n<ul class=\"auto-hide-last-sibling-br\">\n<li><strong>Resistencia a las duras condiciones exteriores<\/strong>: Adem\u00e1s de sus propiedades ign\u00edfugas, estos paneles tambi\u00e9n est\u00e1n dise\u00f1ados para soportar los rigores del uso en exteriores. Son resistentes a la humedad, la radiaci\u00f3n UV, los cambios de temperatura y las plagas, lo que significa que no solo proporcionar\u00e1n protecci\u00f3n contra incendios, sino que tambi\u00e9n mantendr\u00e1n su integridad estructural y su aspecto con el paso del tiempo, reduciendo la necesidad de sustituciones y reparaciones frecuentes.<\/li>\n<li><strong>Resistencia qu\u00edmica y a la corrosi\u00f3n<\/strong>: La combinaci\u00f3n de fibras de madera y pol\u00edmeros pl\u00e1sticos en los WPC, junto con aditivos ign\u00edfugos, suele dar como resultado una buena resistencia qu\u00edmica y a la corrosi\u00f3n. Esto hace que sean adecuados para su uso en una variedad de entornos exteriores, incluidos aquellos con alta humedad o exposici\u00f3n a contaminantes industriales.<\/li>\n<\/ul>\n<h3 class=\"header-vfC6AV auto-hide-last-sibling-br\">Est\u00e9tica y versatilidad<\/h3>\n<p>&nbsp;<\/p>\n<ul class=\"auto-hide-last-sibling-br\">\n<li><strong>Amplia gama de opciones de dise\u00f1o<\/strong>: Los paneles murales de WPC ign\u00edfugos para exteriores est\u00e1n disponibles en una gran variedad de colores, texturas y acabados, lo que ofrece posibilidades de dise\u00f1o creativas y personalizables. Pueden imitar el aspecto de la madera natural, la piedra u otros materiales, lo que proporciona a arquitectos y dise\u00f1adores la flexibilidad necesaria para lograr la est\u00e9tica deseada y, al mismo tiempo, cumplir los requisitos de seguridad contra incendios.<\/li>\n<li><strong>F\u00e1cil integraci\u00f3n con otros materiales<\/strong>: Estos paneles pueden integrarse f\u00e1cilmente con otros materiales de construcci\u00f3n como el metal, el vidrio o el hormig\u00f3n, lo que permite crear dise\u00f1os arquitect\u00f3nicos \u00fanicos y modernos.<\/li>\n<\/ul>\n<h3 class=\"header-vfC6AV auto-hide-last-sibling-br\">Respeto del medio ambiente<\/h3>\n<p>&nbsp;<\/p>\n<ul class=\"auto-hide-last-sibling-br\">\n<li><strong>Uso de materiales reciclados<\/strong>: Los paneles murales de WPC suelen fabricarse a partir de fibras de madera y pol\u00edmeros pl\u00e1sticos reciclados, lo que reduce la demanda de materiales v\u00edrgenes y minimiza los residuos. Esto los convierte en una opci\u00f3n respetuosa con el medio ambiente en comparaci\u00f3n con algunos materiales de construcci\u00f3n tradicionales.<\/li>\n<li><strong>Baja huella de carbono<\/strong>: El proceso de producci\u00f3n de los paneles murales de WPC ign\u00edfugos suele consumir menos energ\u00eda y emitir menos gases de efecto invernadero que la producci\u00f3n de otros materiales ign\u00edfugos, lo que contribuye a\u00fan m\u00e1s a su sostenibilidad medioambiental.<\/li>\n<\/ul>\n<h3 class=\"header-vfC6AV auto-hide-last-sibling-br\">Relaci\u00f3n coste-eficacia<\/h3>\n<p>&nbsp;<\/p>\n<ul class=\"auto-hide-last-sibling-br\">\n<li><strong>Reducci\u00f3n de los costes de seguro<\/strong>: El uso de materiales ign\u00edfugos puede reducir las primas de seguro de los edificios, ya que presentan un menor riesgo de da\u00f1os por incendio. Esto puede suponer un importante ahorro de costes a largo plazo.<\/li>\n<li><strong>Inversi\u00f3n a largo plazo<\/strong>: Aunque el coste inicial de los paneles de WPC ign\u00edfugos para exteriores puede ser ligeramente superior al de algunas alternativas no ign\u00edfugas, su durabilidad, su escaso mantenimiento y su potencial para reducir las p\u00e9rdidas relacionadas con el fuego los convierten en una inversi\u00f3n rentable a largo plazo.<\/li>\n<\/ul>\n<\/div>\n<\/div>\n<\/div>\n<div class=\"answer-action-bar-wEWc6C bottom-action-bar-wrapper-qtqrci large-space-b582O0 answer-action-bar\" data-testid=\"message_action_bar\"><\/div>\n<\/div>\n<\/div>\n<\/div>\n<\/div>\n<\/div>\n<\/div>\n<\/div>\n<\/div>\n<\/div>\n<\/div>\n<\/div>\n<\/div>\n<\/div>\n<\/div>\n<\/div>\n<\/div>","protected":false},"excerpt":{"rendered":"<p>Calidad superior: Fabricado con materiales de primera calidad, este panel exterior de WPC ofrece protecci\u00f3n contra los elementos.<\/p>\n<p>Dise\u00f1o elegante: Eleve el exterior de su propiedad con un revestimiento elegante y moderno que complementa cualquier estilo arquitect\u00f3nico.<\/p>\n<p>F\u00e1cil instalaci\u00f3n: Est\u00e1 dise\u00f1ado para una instalaci\u00f3n sin complicaciones, ahorr\u00e1ndole tiempo y esfuerzo.<\/p>\n<p>Vers\u00e1til: Ya sea para propiedades residenciales o comerciales, este panel de WPC es perfecto para todas las aplicaciones de revestimiento exterior.<\/p>\n<p>Respetuoso con el medio ambiente: Fabricado con materiales sostenibles, es la opci\u00f3n m\u00e1s respetuosa con el medio ambiente para sus necesidades de dise\u00f1o exterior.<\/p>","protected":false},"featured_media":20949,"comment_status":"open","ping_status":"closed","template":"","meta":{"_uag_custom_page_level_css":"","site-sidebar-layout":"default","site-content-layout":"","ast-site-content-layout":"default","site-content-style":"default","site-sidebar-style":"default","ast-global-header-display":"","ast-banner-title-visibility":"","ast-main-header-display":"","ast-hfb-above-header-display":"","ast-hfb-below-header-display":"","ast-hfb-mobile-header-display":"","site-post-title":"","ast-breadcrumbs-content":"","ast-featured-img":"","footer-sml-layout":"","theme-transparent-header-meta":"default","adv-header-id-meta":"","stick-header-meta":"default","header-above-stick-meta":"","header-main-stick-meta":"","header-below-stick-meta":"","astra-migrate-meta-layouts":"set","ast-page-background-enabled":"default","ast-page-background-meta":{"desktop":{"background-color":"var(--ast-global-color-4)","background-image":"","background-repeat":"repeat","background-position":"center center","background-size":"auto","background-attachment":"scroll","background-type":"","background-media":"","overlay-type":"","overlay-color":"","overlay-opacity":"","overlay-gradient":""},"tablet":{"background-color":"","background-image":"","background-repeat":"repeat","background-position":"center center","background-size":"auto","background-attachment":"scroll","background-type":"","background-media":"","overlay-type":"","overlay-color":"","overlay-opacity":"","overlay-gradient":""},"mobile":{"background-color":"","background-image":"","background-repeat":"repeat","background-position":"center center","background-size":"auto","background-attachment":"scroll","background-type":"","background-media":"","overlay-type":"","overlay-color":"","overlay-opacity":"","overlay-gradient":""}},"ast-content-background-meta":{"desktop":{"background-color":"var(--ast-global-color-5)","background-image":"","background-repeat":"repeat","background-position":"center center","background-size":"auto","background-attachment":"scroll","background-type":"","background-media":"","overlay-type":"","overlay-color":"","overlay-opacity":"","overlay-gradient":""},"tablet":{"background-color":"var(--ast-global-color-5)","background-image":"","background-repeat":"repeat","background-position":"center center","background-size":"auto","background-attachment":"scroll","background-type":"","background-media":"","overlay-type":"","overlay-color":"","overlay-opacity":"","overlay-gradient":""},"mobile":{"background-color":"var(--ast-global-color-5)","background-image":"","background-repeat":"repeat","background-position":"center center","background-size":"auto","background-attachment":"scroll","background-type":"","background-media":"","overlay-type":"","overlay-color":"","overlay-opacity":"","overlay-gradient":""}}},"product_brand":[],"product_cat":[175],"product_tag":[184,180],"class_list":{"0":"post-21000","1":"product","2":"type-product","3":"status-publish","4":"has-post-thumbnail","6":"product_cat-exterior-wpc-wall","7":"product_tag-wpc-wall-exterior","8":"product_tag-wpc-wall-panel","9":"desktop-align-center","10":"tablet-align-left","11":"mobile-align-left","12":"ast-product-gallery-layout-horizontal-slider","13":"ast-product-tabs-layout-vertical","15":"first","16":"instock","17":"shipping-taxable","18":"product-type-simple"},"uagb_featured_image_src":{"full":["https:\/\/meterny.com\/wp-content\/uploads\/2025\/01\/\u4e3b\u56fe3\uff081.jpg",800,800,false],"thumbnail":["https:\/\/meterny.com\/wp-content\/uploads\/2025\/01\/\u4e3b\u56fe3\uff081-150x150.jpg",150,150,true],"medium":["https:\/\/meterny.com\/wp-content\/uploads\/2025\/01\/\u4e3b\u56fe3\uff081-300x300.jpg",300,300,true],"medium_large":["https:\/\/meterny.com\/wp-content\/uploads\/2025\/01\/\u4e3b\u56fe3\uff081-768x768.jpg",768,768,true],"large":["https:\/\/meterny.com\/wp-content\/uploads\/2025\/01\/\u4e3b\u56fe3\uff081.jpg",800,800,false],"1536x1536":["https:\/\/meterny.com\/wp-content\/uploads\/2025\/01\/\u4e3b\u56fe3\uff081.jpg",800,800,false],"2048x2048":["https:\/\/meterny.com\/wp-content\/uploads\/2025\/01\/\u4e3b\u56fe3\uff081.jpg",800,800,false],"trp-custom-language-flag":["https:\/\/meterny.com\/wp-content\/uploads\/2025\/01\/\u4e3b\u56fe3\uff081.jpg",12,12,false],"woocommerce_thumbnail":["https:\/\/meterny.com\/wp-content\/uploads\/2025\/01\/\u4e3b\u56fe3\uff081-300x300.jpg",300,300,true],"woocommerce_single":["https:\/\/meterny.com\/wp-content\/uploads\/2025\/01\/\u4e3b\u56fe3\uff081-600x600.jpg",600,600,true],"woocommerce_gallery_thumbnail":["https:\/\/meterny.com\/wp-content\/uploads\/2025\/01\/\u4e3b\u56fe3\uff081-100x100.jpg",100,100,true]},"uagb_author_info":{"display_name":"meterny","author_link":"https:\/\/meterny.com\/es\/author\/"},"uagb_comment_info":0,"uagb_excerpt":"Superior Quality: Crafted from premium materials, this WPC Exterior panel offers protection against the elements. Stylish Design: Elevate the exterior of your property with sleek and modern cladding that complements any architectural style. Easy Installation: It is designed for hassle-free installation, saving you time and effort. Versatile: Whether it's for residential or commercial properties, This&hellip;","_links":{"self":[{"href":"https:\/\/meterny.com\/es\/wp-json\/wp\/v2\/product\/21000","targetHints":{"allow":["GET"]}}],"collection":[{"href":"https:\/\/meterny.com\/es\/wp-json\/wp\/v2\/product"}],"about":[{"href":"https:\/\/meterny.com\/es\/wp-json\/wp\/v2\/types\/product"}],"replies":[{"embeddable":true,"href":"https:\/\/meterny.com\/es\/wp-json\/wp\/v2\/comments?post=21000"}],"wp:featuredmedia":[{"embeddable":true,"href":"https:\/\/meterny.com\/es\/wp-json\/wp\/v2\/media\/20949"}],"wp:attachment":[{"href":"https:\/\/meterny.com\/es\/wp-json\/wp\/v2\/media?parent=21000"}],"wp:term":[{"taxonomy":"product_brand","embeddable":true,"href":"https:\/\/meterny.com\/es\/wp-json\/wp\/v2\/product_brand?post=21000"},{"taxonomy":"product_cat","embeddable":true,"href":"https:\/\/meterny.com\/es\/wp-json\/wp\/v2\/product_cat?post=21000"},{"taxonomy":"product_tag","embeddable":true,"href":"https:\/\/meterny.com\/es\/wp-json\/wp\/v2\/product_tag?post=21000"}],"curies":[{"name":"wp","href":"https:\/\/api.w.org\/{rel}","templated":true}]}}