{"id":21002,"date":"2025-01-14T07:59:19","date_gmt":"2025-01-14T07:59:19","guid":{"rendered":"https:\/\/meterny.com\/?post_type=product&#038;p=21002"},"modified":"2025-01-14T08:37:43","modified_gmt":"2025-01-14T08:37:43","slug":"termite-resistant-wpc-wall-panels-outdoor-wall","status":"publish","type":"product","link":"https:\/\/meterny.com\/es\/producto\/termite-resistant-wpc-wall-panels-outdoor-wall\/","title":{"rendered":"Paneles de pared de WPC resistentes a las termitas Pared exterior"},"content":{"rendered":"<div class=\"elementor-element elementor-element-c0e1d42 elementor-widget elementor-widget-heading\" data-id=\"c0e1d42\" data-element_type=\"widget\" data-widget_type=\"heading.default\">\n<h2 style=\"text-align: center;\">Paneles de pared de WPC resistentes a las termitas Pared exterior<\/h2>\n<p>&nbsp;<\/p>\n<h2>Productos<\/h2>\n<p>Los paneles de pared de WPC resistentes a las termitas son un material compuesto que combina fibras de madera y pl\u00e1stico, ofreciendo una excelente resistencia a insectos y termitas, lo que los hace ideales para su uso en zonas h\u00famedas o lluviosas. Estos paneles no s\u00f3lo son est\u00e9ticamente agradables, sino tambi\u00e9n duraderos y respetuosos con el medio ambiente, lo que los convierte en una opci\u00f3n perfecta para la decoraci\u00f3n de paredes exteriores.<\/p>\n<figure id=\"attachment_20950\" aria-describedby=\"caption-attachment-20950\" style=\"width: 1024px\" class=\"wp-caption alignnone\"><img loading=\"lazy\" decoding=\"async\" class=\"wp-image-20950\" src=\"https:\/\/meterny.com\/wp-content\/uploads\/2025\/01\/\u4e3b\u56fe9.jpg\" alt=\"Paneles de pared de WPC resistentes a las termitas Pared exterior\" width=\"1024\" height=\"1024\" srcset=\"https:\/\/meterny.com\/wp-content\/uploads\/2025\/01\/\u4e3b\u56fe9.jpg 800w, https:\/\/meterny.com\/wp-content\/uploads\/2025\/01\/\u4e3b\u56fe9-300x300.jpg 300w, https:\/\/meterny.com\/wp-content\/uploads\/2025\/01\/\u4e3b\u56fe9-150x150.jpg 150w, https:\/\/meterny.com\/wp-content\/uploads\/2025\/01\/\u4e3b\u56fe9-768x768.jpg 768w, https:\/\/meterny.com\/wp-content\/uploads\/2025\/01\/\u4e3b\u56fe9-600x600.jpg 600w, https:\/\/meterny.com\/wp-content\/uploads\/2025\/01\/\u4e3b\u56fe9-100x100.jpg 100w\" sizes=\"auto, (max-width: 1024px) 100vw, 1024px\" \/><figcaption id=\"caption-attachment-20950\" class=\"wp-caption-text\">Defienda su espacio exterior de las termitas con paneles de WPC<\/figcaption><\/figure>\n<p><strong style=\"font-size: 1.5em;\">Especificaciones del producto<\/strong><span style=\"font-size: 1.5em; font-weight: bold;\">:<\/span><\/p>\n<ul>\n<li style=\"list-style-type: none;\">\n<ul>\n<li><strong>Material<\/strong>: Fibras de madera y pl\u00e1stico reciclados<\/li>\n<li><strong>Dimensiones<\/strong>: 135*119*23mm\/217*201*28mm\/227*210*25mm,con personalizaci\u00f3n disponible seg\u00fan los requisitos del cliente.<\/li>\n<li><strong>Espesor<\/strong>: 23\/25\/28mm<\/li>\n<li><strong>Peso<\/strong>: 3 kg\/metro<\/li>\n<li><strong>Opciones de color<\/strong>: Disponible en 9 colores est\u00e1ndar, con la opci\u00f3n de combinar colores personalizados.<\/li>\n<li><strong>Tratamiento de superficies<\/strong>: Disponible en acabados convencional, cepillado o gofrado.<\/li>\n<li><strong>Material<\/strong>: Compuesto de madera y pl\u00e1stico (WPC) de alta calidad fabricado a partir de una mezcla de fibras de madera y materiales termopl\u00e1sticos (como HDPE, PVC, PP).<\/li>\n<li><strong>M\u00e9todo de instalaci\u00f3n<\/strong>machihembrado, sistema de clip, etc.<\/li>\n<li><strong>Resistencia al fuego<\/strong>: Cumple las normas internacionales de seguridad contra incendios, proporcionando una capa adicional de seguridad para su hogar.<\/li>\n<li><strong>Protecci\u00f3n UV<\/strong>: Protecci\u00f3n UV mejorada para evitar la decoloraci\u00f3n y mantener el aspecto vibrante del revestimiento.<\/li>\n<li><strong>Garant\u00eda<\/strong>m\u00e1s de 10 a\u00f1os<\/li>\n<\/ul>\n<\/li>\n<\/ul>\n<h2>Caracter\u00edsticas principales<\/h2>\n<ul>\n<li><strong>Resistencia a insectos y termitas<\/strong>: Los paneles de pared de WPC son resistentes a la infestaci\u00f3n de insectos y al crecimiento de moho, por lo que son adecuados para su uso en climas h\u00famedos o lluviosos.<\/li>\n<li><strong>Resistencia al agua y la humedad<\/strong>: A diferencia de la madera tradicional, que puede hincharse y pudrirse con la humedad, los paneles de pared de WPC evitan f\u00e1cilmente estos problemas, garantizando una larga vida \u00fatil y un aspecto uniforme.<\/li>\n<li><strong>Resistencia al fuego<\/strong>: Los paneles murales de WPC tienen excelentes propiedades ign\u00edfugas, lo que ralentiza eficazmente la propagaci\u00f3n del fuego y mejora la seguridad de los espacios habitables o de trabajo.<\/li>\n<li><strong>Bajo mantenimiento<\/strong>: Los paneles de pared de WPC no requieren la pintura o el tratamiento habitual que necesita la madera tradicional. Son f\u00e1ciles de limpiar, por lo general s\u00f3lo requieren un enjuague con agua para eliminar la suciedad, lo que reduce significativamente los costes de mantenimiento y mano de obra.<\/li>\n<li><strong>Atractivo est\u00e9tico<\/strong>: Los paneles murales de WPC se presentan en una gran variedad de colores y texturas, imitando el aspecto de la madera natural. Est\u00e1n disponibles en una amplia gama de estilos para adaptarse al dise\u00f1o general de edificios tradicionales o modernos, y su estabilidad crom\u00e1tica evita la decoloraci\u00f3n, realzando el valor est\u00e9tico del edificio.<\/li>\n<li><strong>F\u00e1cil instalaci\u00f3n<\/strong>: Los paneles de pared de WPC presentan un dise\u00f1o f\u00e1cil de usar con un sistema de instalaci\u00f3n a presi\u00f3n o enchufable, lo que hace que la instalaci\u00f3n sea r\u00e1pida y c\u00f3moda sin necesidad de herramientas profesionales, ahorrando tiempo de construcci\u00f3n y costes de mano de obra.<\/li>\n<li><strong>Aislamiento t\u00e9rmico y ac\u00fastico<\/strong>: Gracias a su estructura \u00fanica, los materiales de WPC ofrecen buenas propiedades de aislamiento t\u00e9rmico y ac\u00fastico, lo que los convierte en una opci\u00f3n ideal para viviendas u oficinas que requieren un entorno silencioso y confortable.<\/li>\n<li><strong>Respetuoso con el medio ambiente<\/strong>: Los paneles murales de WPC no contienen sustancias nocivas como el benceno o el formaldeh\u00eddo, por lo que no contaminan el aire. Adem\u00e1s, su reciclabilidad se ajusta perfectamente a las pol\u00edticas mundiales de desarrollo sostenible, lo que los convierte en una opci\u00f3n responsable para quienes se preocupan por el medio ambiente.<\/li>\n<\/ul>\n<\/div>\n<div class=\"elementor-element elementor-element-1f676da elementor-widget elementor-widget-heading\" data-id=\"1f676da\" data-element_type=\"widget\" data-widget_type=\"heading.default\">\n<h2>Aplicaciones<\/h2>\n<ul>\n<li><strong>Residencial<\/strong>: Ideal para decorar las paredes exteriores de las casas, realzar el aspecto de patios, balcones y zonas ajardinadas.<\/li>\n<li><strong>Comercial<\/strong>: Adecuado para hoteles, restaurantes, cafeter\u00edas y espacios comerciales, proporcionando un entorno seguro y est\u00e9ticamente agradable.<\/li>\n<li><strong>Espacios p\u00fablicos<\/strong>: Perfecto para parques, plazas, muelles, paseos mar\u00edtimos, playas y puertos deportivos, realzando la belleza y la seguridad de los espacios p\u00fablicos.<\/li>\n<\/ul>\n<h4>P\u00f3ngase en contacto con nosotros<\/h4>\n<p>Como fabricante y proveedor profesional de productos de WPC de alta calidad, nos comprometemos a ofrecerle las mejores soluciones para sus proyectos de exterior. P\u00f3ngase en contacto con nosotros hoy mismo para hablar de sus necesidades espec\u00edficas y obtener un presupuesto gratuito.<\/p>\n<p>Whatsapp:+86 18566054354<\/p>\n<p>Correo electr\u00f3nico: damon@meterny.com<\/p>\n<h3>Si desea conocer m\u00e1s detalles, haga clic en el enlace de youtube:<a href=\"https:\/\/youtu.be\/cW7s-_V3i-o\" target=\"_blank\" rel=\"noopener\">https:\/\/youtu.be\/cW7s-_V3i-o<\/a><\/h3>\n<p>&nbsp;<\/p>\n<h3>Galer\u00eda<\/h3>\n<figure id=\"attachment_20956\" aria-describedby=\"caption-attachment-20956\" style=\"width: 1024px\" class=\"wp-caption alignnone\"><img loading=\"lazy\" decoding=\"async\" class=\"wp-image-20956\" src=\"https:\/\/meterny.com\/wp-content\/uploads\/2025\/01\/75-178-300x300-1.png\" alt=\"Paneles de pared de WPC para exteriores que reducen el ruido\" width=\"1024\" height=\"1024\" srcset=\"https:\/\/meterny.com\/wp-content\/uploads\/2025\/01\/75-178-300x300-1.png 800w, https:\/\/meterny.com\/wp-content\/uploads\/2025\/01\/75-178-300x300-1-300x300.png 300w, https:\/\/meterny.com\/wp-content\/uploads\/2025\/01\/75-178-300x300-1-150x150.png 150w, https:\/\/meterny.com\/wp-content\/uploads\/2025\/01\/75-178-300x300-1-768x768.png 768w, https:\/\/meterny.com\/wp-content\/uploads\/2025\/01\/75-178-300x300-1-600x600.png 600w, https:\/\/meterny.com\/wp-content\/uploads\/2025\/01\/75-178-300x300-1-100x100.png 100w\" sizes=\"auto, (max-width: 1024px) 100vw, 1024px\" \/><figcaption id=\"caption-attachment-20956\" class=\"wp-caption-text\">Cree un espacio exterior tranquilo con paneles de WPC que reducen el ruido<\/figcaption><\/figure>\n<figure id=\"attachment_20939\" aria-describedby=\"caption-attachment-20939\" style=\"width: 1024px\" class=\"wp-caption alignnone\"><img loading=\"lazy\" decoding=\"async\" class=\"wp-image-20939\" src=\"https:\/\/meterny.com\/wp-content\/uploads\/2025\/01\/70-43.jpg\" alt=\"Paneles de pared de WPC resistentes a la intemperie para exteriores\" width=\"1024\" height=\"1026\" srcset=\"https:\/\/meterny.com\/wp-content\/uploads\/2025\/01\/70-43.jpg 820w, https:\/\/meterny.com\/wp-content\/uploads\/2025\/01\/70-43-300x300.jpg 300w, https:\/\/meterny.com\/wp-content\/uploads\/2025\/01\/70-43-150x150.jpg 150w, https:\/\/meterny.com\/wp-content\/uploads\/2025\/01\/70-43-768x770.jpg 768w, https:\/\/meterny.com\/wp-content\/uploads\/2025\/01\/70-43-600x601.jpg 600w, https:\/\/meterny.com\/wp-content\/uploads\/2025\/01\/70-43-100x100.jpg 100w\" sizes=\"auto, (max-width: 1024px) 100vw, 1024px\" \/><figcaption id=\"caption-attachment-20939\" class=\"wp-caption-text\">Haga frente a los elementos con paneles de WPC resistentes a la intemperie<\/figcaption><\/figure>\n<\/div>\n<div class=\"elementor-element elementor-element-1f676da elementor-widget elementor-widget-heading\" data-id=\"1f676da\" data-element_type=\"widget\" data-widget_type=\"heading.default\">\n<h3>Colores Opciones<\/h3>\n<p>Paneles de pared de WPC ign\u00edfugos para exteriores<\/p>\n<p>&nbsp;<\/p>\n<figure id=\"attachment_20293\" aria-describedby=\"caption-attachment-20293\" style=\"width: 1024px\" class=\"wp-caption alignnone\"><img loading=\"lazy\" decoding=\"async\" class=\"wp-image-20293\" src=\"https:\/\/meterny.com\/wp-content\/uploads\/2024\/10\/METE-Series-Colour-151.png\" alt=\"Opciones de color de la valla de WPC Meterny\" width=\"1024\" height=\"1024\" srcset=\"https:\/\/meterny.com\/wp-content\/uploads\/2024\/10\/METE-Series-Colour-151.png 900w, https:\/\/meterny.com\/wp-content\/uploads\/2024\/10\/METE-Series-Colour-151-300x300.png 300w, https:\/\/meterny.com\/wp-content\/uploads\/2024\/10\/METE-Series-Colour-151-150x150.png 150w, https:\/\/meterny.com\/wp-content\/uploads\/2024\/10\/METE-Series-Colour-151-768x768.png 768w, https:\/\/meterny.com\/wp-content\/uploads\/2024\/10\/METE-Series-Colour-151-600x600.png 600w, https:\/\/meterny.com\/wp-content\/uploads\/2024\/10\/METE-Series-Colour-151-100x100.png 100w\" sizes=\"auto, (max-width: 1024px) 100vw, 1024px\" \/><figcaption id=\"caption-attachment-20293\" class=\"wp-caption-text\">Explore la valla de WPC Meterny - Nueve impresionantes opciones de color para cada estilo<\/figcaption><\/figure>\n<div class=\"pop-container\">\n<div class=\"popcontent-hole\">\n<div class=\"pop-content\">\n<div class=\"normal___qxduM\">\n<div class=\"\">\n<div id=\"chat-markdown-cu123vos8jdneeo3jnsg-0-0\">\n<div class=\"markdown___vuBDJ\">\n<div class=\"markdown___vuBDJ\">\n<h3><strong>\u00bfPor qu\u00e9 elegir paneles de pared de WPC resistentes a las termitas para exteriores?<\/strong><\/h3>\n<div class=\"auto-hide-last-sibling-br paragraph-JOTKXA paragraph-element br-paragraph-space\">Hay varias razones para elegir paneles de WPC resistentes a las termitas para paredes exteriores:<\/div>\n<h3 class=\"header-vfC6AV auto-hide-last-sibling-br\">Protecci\u00f3n contra las termitas<\/h3>\n<p>&nbsp;<\/p>\n<ul class=\"auto-hide-last-sibling-br\">\n<li>Las termitas pueden causar da\u00f1os importantes en las paredes de madera tradicionales, lo que conlleva costosas reparaciones y posibles problemas estructurales. Los paneles de pared de WPC resistentes a las termitas est\u00e1n hechos de una combinaci\u00f3n de fibras de madera y materiales pl\u00e1sticos reciclados, lo que los hace poco atractivos para las termitas.<\/li>\n<li>La ausencia de celulosa en la matriz termopl\u00e1stica proporciona un entorno inh\u00f3spito para las termitas, impidiendo que infesten y da\u00f1en las paredes.<\/li>\n<\/ul>\n<h3 class=\"header-vfC6AV auto-hide-last-sibling-br\">Durabilidad<\/h3>\n<p>&nbsp;<\/p>\n<ul class=\"auto-hide-last-sibling-br\">\n<li>Adem\u00e1s de ser resistentes a las termitas, los paneles de pared de WPC est\u00e1n dise\u00f1ados para soportar las duras condiciones del exterior, como la humedad y las fluctuaciones extremas de temperatura. Son muy resistentes al alabeo, la putrefacci\u00f3n y el agrietamiento, lo que garantiza su durabilidad a largo plazo y su integridad estructural.<\/li>\n<li>El proceso de fabricaci\u00f3n de los paneles de WPC tambi\u00e9n los hace resistentes a los rayos UV, lo que evita la p\u00e9rdida de color o la decoloraci\u00f3n con el paso del tiempo y mantiene el atractivo est\u00e9tico de las paredes exteriores durante muchos a\u00f1os.<\/li>\n<\/ul>\n<h3 class=\"header-vfC6AV auto-hide-last-sibling-br\">Bajo mantenimiento<\/h3>\n<p>&nbsp;<\/p>\n<ul class=\"auto-hide-last-sibling-br\">\n<li>A diferencia de la madera tradicional, que requiere tintes, sellado y pintura con regularidad para protegerla contra las termitas y los elementos, los paneles de pared de WPC resistentes a las termitas requieren un mantenimiento m\u00ednimo. La limpieza peri\u00f3dica de los paneles con jab\u00f3n suave y agua suele ser suficiente para eliminar la suciedad, los residuos y las manchas.<\/li>\n<li>Esto no s\u00f3lo ahorra a los propietarios un valioso tiempo, esfuerzo y dinero en tareas de mantenimiento, sino que tambi\u00e9n les permite disfrutar de su espacio exterior sin la necesidad constante de mantenimiento.<\/li>\n<\/ul>\n<h3 class=\"header-vfC6AV auto-hide-last-sibling-br\">Respeto del medio ambiente<\/h3>\n<p>&nbsp;<\/p>\n<ul class=\"auto-hide-last-sibling-br\">\n<li>La composici\u00f3n de los paneles de WPC suele incluir materiales reciclados, como fibras de madera y pl\u00e1stico reciclados, lo que contribuye a la conservaci\u00f3n de recursos y la reducci\u00f3n de residuos.<\/li>\n<li>Al elegir paneles de pared de WPC resistentes a las termitas, los propietarios pueden evitar el uso de pesticidas qu\u00edmicos t\u00f3xicos que suelen ser necesarios para los tratamientos tradicionales contra termitas e insectos, reduciendo as\u00ed su huella ecol\u00f3gica.<\/li>\n<\/ul>\n<h3 class=\"header-vfC6AV auto-hide-last-sibling-br\">Atractivo est\u00e9tico<\/h3>\n<p>&nbsp;<\/p>\n<ul class=\"auto-hide-last-sibling-br\">\n<li>Los paneles de pared de WPC pueden fabricarse para imitar el aspecto y el tacto de la madera natural, proporcionando el atractivo est\u00e9tico de la madera sin los inconvenientes de los materiales de madera tradicionales. Est\u00e1n disponibles en una gran variedad de colores, texturas y acabados, lo que permite a los propietarios elegir la opci\u00f3n que mejor complemente su dise\u00f1o exterior y su estilo arquitect\u00f3nico.<\/li>\n<li>Los paneles tambi\u00e9n pueden cortarse y moldearse f\u00e1cilmente para adaptarse a distintas configuraciones de pared y requisitos de dise\u00f1o, lo que ofrece flexibilidad de instalaci\u00f3n y personalizaci\u00f3n.<\/li>\n<\/ul>\n<h3 class=\"header-vfC6AV auto-hide-last-sibling-br\">Relaci\u00f3n coste-eficacia<\/h3>\n<p>&nbsp;<\/p>\n<ul class=\"auto-hide-last-sibling-br\">\n<li>Aunque el coste inicial de los paneles de pared de WPC puede ser ligeramente superior al de los materiales tradicionales, su rentabilidad a largo plazo es significativa. La durabilidad y los bajos requisitos de mantenimiento de los paneles de WPC permiten a los propietarios ahorrar en reparaciones, sustituciones y gastos de mantenimiento a lo largo del tiempo.<\/li>\n<li>Adem\u00e1s, la resistencia a las termitas y otras plagas ayuda a proteger la inversi\u00f3n en la propiedad y a mantener su valor, lo que las convierte en una sabia elecci\u00f3n tanto para los propietarios como para los promotores inmobiliarios.<\/li>\n<\/ul>\n<\/div>\n<\/div>\n<\/div>\n<\/div>\n<\/div>\n<\/div>\n<\/div>\n<\/div>\n<\/div>","protected":false},"excerpt":{"rendered":"<p>Calidad superior: Fabricado con materiales de primera calidad, este panel exterior de WPC ofrece protecci\u00f3n contra los elementos.<\/p>\n<p>Dise\u00f1o elegante: Eleve el exterior de su propiedad con un revestimiento elegante y moderno que complementa cualquier estilo arquitect\u00f3nico.<\/p>\n<p>F\u00e1cil instalaci\u00f3n: Est\u00e1 dise\u00f1ado para una instalaci\u00f3n sin complicaciones, ahorr\u00e1ndole tiempo y esfuerzo.<\/p>\n<p>Vers\u00e1til: Ya sea para propiedades residenciales o comerciales, este panel de WPC es perfecto para todas las aplicaciones de revestimiento exterior.<\/p>\n<p>Respetuoso con el medio ambiente: Fabricado con materiales sostenibles, es la opci\u00f3n m\u00e1s respetuosa con el medio ambiente para sus necesidades de dise\u00f1o exterior.<\/p>","protected":false},"featured_media":20950,"comment_status":"open","ping_status":"closed","template":"","meta":{"_uag_custom_page_level_css":"","site-sidebar-layout":"default","site-content-layout":"","ast-site-content-layout":"default","site-content-style":"default","site-sidebar-style":"default","ast-global-header-display":"","ast-banner-title-visibility":"","ast-main-header-display":"","ast-hfb-above-header-display":"","ast-hfb-below-header-display":"","ast-hfb-mobile-header-display":"","site-post-title":"","ast-breadcrumbs-content":"","ast-featured-img":"","footer-sml-layout":"","theme-transparent-header-meta":"default","adv-header-id-meta":"","stick-header-meta":"default","header-above-stick-meta":"","header-main-stick-meta":"","header-below-stick-meta":"","astra-migrate-meta-layouts":"set","ast-page-background-enabled":"default","ast-page-background-meta":{"desktop":{"background-color":"var(--ast-global-color-4)","background-image":"","background-repeat":"repeat","background-position":"center center","background-size":"auto","background-attachment":"scroll","background-type":"","background-media":"","overlay-type":"","overlay-color":"","overlay-opacity":"","overlay-gradient":""},"tablet":{"background-color":"","background-image":"","background-repeat":"repeat","background-position":"center center","background-size":"auto","background-attachment":"scroll","background-type":"","background-media":"","overlay-type":"","overlay-color":"","overlay-opacity":"","overlay-gradient":""},"mobile":{"background-color":"","background-image":"","background-repeat":"repeat","background-position":"center center","background-size":"auto","background-attachment":"scroll","background-type":"","background-media":"","overlay-type":"","overlay-color":"","overlay-opacity":"","overlay-gradient":""}},"ast-content-background-meta":{"desktop":{"background-color":"var(--ast-global-color-5)","background-image":"","background-repeat":"repeat","background-position":"center center","background-size":"auto","background-attachment":"scroll","background-type":"","background-media":"","overlay-type":"","overlay-color":"","overlay-opacity":"","overlay-gradient":""},"tablet":{"background-color":"var(--ast-global-color-5)","background-image":"","background-repeat":"repeat","background-position":"center center","background-size":"auto","background-attachment":"scroll","background-type":"","background-media":"","overlay-type":"","overlay-color":"","overlay-opacity":"","overlay-gradient":""},"mobile":{"background-color":"var(--ast-global-color-5)","background-image":"","background-repeat":"repeat","background-position":"center center","background-size":"auto","background-attachment":"scroll","background-type":"","background-media":"","overlay-type":"","overlay-color":"","overlay-opacity":"","overlay-gradient":""}}},"product_brand":[],"product_cat":[175],"product_tag":[184,180],"class_list":{"0":"post-21002","1":"product","2":"type-product","3":"status-publish","4":"has-post-thumbnail","6":"product_cat-exterior-wpc-wall","7":"product_tag-wpc-wall-exterior","8":"product_tag-wpc-wall-panel","9":"desktop-align-center","10":"tablet-align-left","11":"mobile-align-left","12":"ast-product-gallery-layout-horizontal-slider","13":"ast-product-tabs-layout-vertical","15":"first","16":"instock","17":"shipping-taxable","18":"product-type-simple"},"uagb_featured_image_src":{"full":["https:\/\/meterny.com\/wp-content\/uploads\/2025\/01\/\u4e3b\u56fe9.jpg",800,800,false],"thumbnail":["https:\/\/meterny.com\/wp-content\/uploads\/2025\/01\/\u4e3b\u56fe9-150x150.jpg",150,150,true],"medium":["https:\/\/meterny.com\/wp-content\/uploads\/2025\/01\/\u4e3b\u56fe9-300x300.jpg",300,300,true],"medium_large":["https:\/\/meterny.com\/wp-content\/uploads\/2025\/01\/\u4e3b\u56fe9-768x768.jpg",768,768,true],"large":["https:\/\/meterny.com\/wp-content\/uploads\/2025\/01\/\u4e3b\u56fe9.jpg",800,800,false],"1536x1536":["https:\/\/meterny.com\/wp-content\/uploads\/2025\/01\/\u4e3b\u56fe9.jpg",800,800,false],"2048x2048":["https:\/\/meterny.com\/wp-content\/uploads\/2025\/01\/\u4e3b\u56fe9.jpg",800,800,false],"trp-custom-language-flag":["https:\/\/meterny.com\/wp-content\/uploads\/2025\/01\/\u4e3b\u56fe9.jpg",12,12,false],"woocommerce_thumbnail":["https:\/\/meterny.com\/wp-content\/uploads\/2025\/01\/\u4e3b\u56fe9-300x300.jpg",300,300,true],"woocommerce_single":["https:\/\/meterny.com\/wp-content\/uploads\/2025\/01\/\u4e3b\u56fe9-600x600.jpg",600,600,true],"woocommerce_gallery_thumbnail":["https:\/\/meterny.com\/wp-content\/uploads\/2025\/01\/\u4e3b\u56fe9-100x100.jpg",100,100,true]},"uagb_author_info":{"display_name":"meterny","author_link":"https:\/\/meterny.com\/es\/author\/"},"uagb_comment_info":0,"uagb_excerpt":"Superior Quality: Crafted from premium materials, this WPC Exterior panel offers protection against the elements. Stylish Design: Elevate the exterior of your property with sleek and modern cladding that complements any architectural style. Easy Installation: It is designed for hassle-free installation, saving you time and effort. Versatile: Whether it's for residential or commercial properties, This&hellip;","_links":{"self":[{"href":"https:\/\/meterny.com\/es\/wp-json\/wp\/v2\/product\/21002","targetHints":{"allow":["GET"]}}],"collection":[{"href":"https:\/\/meterny.com\/es\/wp-json\/wp\/v2\/product"}],"about":[{"href":"https:\/\/meterny.com\/es\/wp-json\/wp\/v2\/types\/product"}],"replies":[{"embeddable":true,"href":"https:\/\/meterny.com\/es\/wp-json\/wp\/v2\/comments?post=21002"}],"wp:featuredmedia":[{"embeddable":true,"href":"https:\/\/meterny.com\/es\/wp-json\/wp\/v2\/media\/20950"}],"wp:attachment":[{"href":"https:\/\/meterny.com\/es\/wp-json\/wp\/v2\/media?parent=21002"}],"wp:term":[{"taxonomy":"product_brand","embeddable":true,"href":"https:\/\/meterny.com\/es\/wp-json\/wp\/v2\/product_brand?post=21002"},{"taxonomy":"product_cat","embeddable":true,"href":"https:\/\/meterny.com\/es\/wp-json\/wp\/v2\/product_cat?post=21002"},{"taxonomy":"product_tag","embeddable":true,"href":"https:\/\/meterny.com\/es\/wp-json\/wp\/v2\/product_tag?post=21002"}],"curies":[{"name":"wp","href":"https:\/\/api.w.org\/{rel}","templated":true}]}}