{"id":21006,"date":"2025-01-14T12:03:47","date_gmt":"2025-01-14T12:03:47","guid":{"rendered":"https:\/\/meterny.com\/?post_type=product&#038;p=21006"},"modified":"2025-01-14T12:33:47","modified_gmt":"2025-01-14T12:33:47","slug":"outdoor-noise-reducing-wpc-wall-panels","status":"publish","type":"product","link":"https:\/\/meterny.com\/es\/producto\/outdoor-noise-reducing-wpc-wall-panels\/","title":{"rendered":"Paneles de pared de WPC para exteriores que reducen el ruido"},"content":{"rendered":"<div class=\"elementor-element elementor-element-c0e1d42 elementor-widget elementor-widget-heading\" data-id=\"c0e1d42\" data-element_type=\"widget\" data-widget_type=\"heading.default\">\n<p><span style=\"font-size: 1.5em; font-weight: bold;\">Paneles de pared de WPC para exteriores que reducen el ruido<\/span><\/p>\n<div class=\"elementor-element elementor-element-1f676da elementor-widget elementor-widget-heading\" data-id=\"1f676da\" data-element_type=\"widget\" data-widget_type=\"heading.default\">\n<h4>Productos<\/h4>\n<p id=\"\">Los paneles de pared de WPC para exteriores reducen el ruido y son innovadores elementos decorativos dise\u00f1ados espec\u00edficamente para exteriores. Estos paneles, que combinan un excelente aislamiento ac\u00fastico con la durabilidad de los compuestos de madera y pl\u00e1stico (WPC), no solo reducen eficazmente el ruido exterior, sino que tambi\u00e9n ofrecen soluciones decorativas bonitas y respetuosas con el medio ambiente.<\/p>\n<figure id=\"attachment_20956\" aria-describedby=\"caption-attachment-20956\" style=\"width: 1024px\" class=\"wp-caption alignnone\"><img loading=\"lazy\" decoding=\"async\" class=\"wp-image-20956\" src=\"https:\/\/meterny.com\/wp-content\/uploads\/2025\/01\/75-178-300x300-1.png\" alt=\"Paneles de pared de WPC para exteriores que reducen el ruido\" width=\"1024\" height=\"1024\" srcset=\"https:\/\/meterny.com\/wp-content\/uploads\/2025\/01\/75-178-300x300-1.png 800w, https:\/\/meterny.com\/wp-content\/uploads\/2025\/01\/75-178-300x300-1-300x300.png 300w, https:\/\/meterny.com\/wp-content\/uploads\/2025\/01\/75-178-300x300-1-150x150.png 150w, https:\/\/meterny.com\/wp-content\/uploads\/2025\/01\/75-178-300x300-1-768x768.png 768w, https:\/\/meterny.com\/wp-content\/uploads\/2025\/01\/75-178-300x300-1-600x600.png 600w, https:\/\/meterny.com\/wp-content\/uploads\/2025\/01\/75-178-300x300-1-100x100.png 100w\" sizes=\"auto, (max-width: 1024px) 100vw, 1024px\" \/><figcaption id=\"caption-attachment-20956\" class=\"wp-caption-text\">Cree un espacio exterior tranquilo con paneles de WPC que reducen el ruido<\/figcaption><\/figure>\n<\/div>\n<p><strong style=\"font-size: 1.5em;\">Especificaciones del producto<\/strong><span style=\"font-size: 1.5em; font-weight: bold;\">:<\/span><\/p>\n<ul>\n<li style=\"list-style-type: none;\">\n<ul>\n<li><strong>Material<\/strong>: Fibras de madera y pl\u00e1stico reciclados<\/li>\n<li><strong>Dimensiones<\/strong>: 135*119*23mm\/217*201*28mm\/227*210*25mm,con personalizaci\u00f3n disponible seg\u00fan los requisitos del cliente.<\/li>\n<li><strong>Espesor<\/strong>: 23\/25\/28mm<\/li>\n<li><strong>Peso<\/strong>: 3 kg\/metro<\/li>\n<li><strong>Opciones de color<\/strong>: Disponible en 9 colores est\u00e1ndar, con la opci\u00f3n de combinar colores personalizados.<\/li>\n<li><strong>Tratamiento de superficies<\/strong>: Disponible en acabados convencional, cepillado o gofrado.<\/li>\n<li><strong>Material<\/strong>: Compuesto de madera y pl\u00e1stico (WPC) de alta calidad fabricado a partir de una mezcla de fibras de madera y materiales termopl\u00e1sticos (como HDPE, PVC, PP).<\/li>\n<li><strong>M\u00e9todo de instalaci\u00f3n<\/strong>machihembrado, sistema de clip, etc.<\/li>\n<li><strong>Resistencia al fuego<\/strong>: Cumple las normas internacionales de seguridad contra incendios, proporcionando una capa adicional de seguridad para su hogar.<\/li>\n<li><strong>Protecci\u00f3n UV<\/strong>: Protecci\u00f3n UV mejorada para evitar la decoloraci\u00f3n y mantener el aspecto vibrante del revestimiento.<\/li>\n<li><strong>Garant\u00eda<\/strong>m\u00e1s de 10 a\u00f1os<\/li>\n<li><strong>Escenarios de aplicaci\u00f3n<\/strong>: Decoraci\u00f3n de paredes exteriores, barreras ac\u00fasticas, vallas de privacidad, etc.<\/li>\n<\/ul>\n<\/li>\n<\/ul>\n<div class=\"elementor-element elementor-element-1f676da elementor-widget elementor-widget-heading\" data-id=\"1f676da\" data-element_type=\"widget\" data-widget_type=\"heading.default\">\n<h4>Caracter\u00edsticas principales<\/h4>\n<ol>\n<li><strong>Excelentes prestaciones de insonorizaci\u00f3n<\/strong>:\n<ul>\n<li>Dise\u00f1ado espec\u00edficamente para reducir el ruido, a\u00edsla eficazmente el ruido exterior para crear un espacio exterior tranquilo.<\/li>\n<\/ul>\n<\/li>\n<li><strong>Duradero y respetuoso con el medio ambiente<\/strong>:\n<ul>\n<li>Fabricado con compuestos de madera y pl\u00e1stico (WPC) de alta calidad, que combinan las ventajas de las fibras de madera y los pl\u00e1sticos, con propiedades impermeables, ign\u00edfugas, anticorrosivas y resistentes a la intemperie.<\/li>\n<li>Respetuoso con el medio ambiente y no t\u00f3xico, reciclable y conforme a los principios del desarrollo sostenible.<\/li>\n<\/ul>\n<\/li>\n<li><strong>Versatilidad<\/strong>:\n<ul>\n<li>Adecuado para diversos entornos exteriores, como jardines, balcones, pasillos, garajes, etc.<\/li>\n<li>No s\u00f3lo cumple una funci\u00f3n decorativa, sino que tambi\u00e9n proporciona una protecci\u00f3n adicional de la intimidad.<\/li>\n<\/ul>\n<\/li>\n<li><strong>Atractivo est\u00e9tico y f\u00e1cil instalaci\u00f3n<\/strong>:\n<ul>\n<li>Ofrece una gran variedad de colores y dise\u00f1os entre los que elegir, personalizables seg\u00fan las preferencias personales y los estilos arquitect\u00f3nicos.<\/li>\n<li>F\u00e1cil de instalar, compatible con el bricolaje, lo que ahorra costes de instalaci\u00f3n y tiempo.<\/li>\n<\/ul>\n<\/li>\n<li><strong>Servicio de calidad<\/strong>:\n<ul>\n<li>Ofrece un completo servicio de asesoramiento preventa y posventa, que incluye asistencia t\u00e9cnica en l\u00ednea, inspecci\u00f3n in situ, devoluciones y cambios.<\/li>\n<li>Admite servicios OEM y ODM para satisfacer necesidades personalizadas.<\/li>\n<\/ul>\n<\/li>\n<\/ol>\n<h4>Garant\u00eda de calidad y certificaciones<\/h4>\n<ul>\n<li><strong>Garant\u00eda<\/strong>: M\u00e1s de 5 a\u00f1os<\/li>\n<li><strong>Certificaciones<\/strong>: CE, EN 15534, REACH y otras certificaciones de normas internacionales para garantizar la calidad y seguridad del producto.<\/li>\n<\/ul>\n<h4>Embalaje y env\u00edo<\/h4>\n<ul>\n<li><strong>Unidad de ventas<\/strong>: Art\u00edculo individual<\/li>\n<li><strong>Tama\u00f1o de envase individual<\/strong>: Var\u00eda seg\u00fan el modelo<\/li>\n<li><strong>Peso bruto por art\u00edculo<\/strong>: Aproximadamente 3.000 kg<\/li>\n<li><strong>Plazo de entrega<\/strong>: Depende del volumen del pedido y de los requisitos de personalizaci\u00f3n<\/li>\n<li><strong>M\u00e9todo de env\u00edo<\/strong>: Admite m\u00faltiples m\u00e9todos de transporte, negociables en funci\u00f3n de las necesidades del cliente.<\/li>\n<\/ul>\n<h4>P\u00f3ngase en contacto con nosotros<\/h4>\n<p>Como fabricante y proveedor profesional de productos de WPC de alta calidad, nos comprometemos a ofrecerle las mejores soluciones para sus proyectos de exterior. P\u00f3ngase en contacto con nosotros hoy mismo para hablar de sus necesidades espec\u00edficas y obtener un presupuesto gratuito.<\/p>\n<p>Whatsapp:+86 18566054354<\/p>\n<p>Correo electr\u00f3nico: damon@meterny.com<\/p>\n<h3>Si desea conocer m\u00e1s detalles, haga clic en el enlace de youtube:<a href=\"https:\/\/youtu.be\/Btywqaynt_Y\" target=\"_blank\" rel=\"noopener\">https:\/\/youtu.be\/Btywqaynt_Y<\/a><\/h3>\n<p>&nbsp;<\/p>\n<h3>Galer\u00eda<\/h3>\n<p>&nbsp;<\/p>\n<figure id=\"attachment_20947\" aria-describedby=\"caption-attachment-20947\" style=\"width: 1024px\" class=\"wp-caption alignnone\"><img loading=\"lazy\" decoding=\"async\" class=\"wp-image-20947\" src=\"https:\/\/meterny.com\/wp-content\/uploads\/2025\/01\/75-155.jpg\" alt=\"Paneles de pared de WPC con protecci\u00f3n UV para la decoraci\u00f3n de paredes exteriores del hogar\" width=\"1024\" height=\"1024\" srcset=\"https:\/\/meterny.com\/wp-content\/uploads\/2025\/01\/75-155.jpg 800w, https:\/\/meterny.com\/wp-content\/uploads\/2025\/01\/75-155-300x300.jpg 300w, https:\/\/meterny.com\/wp-content\/uploads\/2025\/01\/75-155-150x150.jpg 150w, https:\/\/meterny.com\/wp-content\/uploads\/2025\/01\/75-155-768x768.jpg 768w, https:\/\/meterny.com\/wp-content\/uploads\/2025\/01\/75-155-600x600.jpg 600w, https:\/\/meterny.com\/wp-content\/uploads\/2025\/01\/75-155-100x100.jpg 100w\" sizes=\"auto, (max-width: 1024px) 100vw, 1024px\" \/><figcaption id=\"caption-attachment-20947\" class=\"wp-caption-text\">Proteja su espacio exterior de los rayos UV con paneles de WPC<\/figcaption><\/figure>\n<figure id=\"attachment_20939\" aria-describedby=\"caption-attachment-20939\" style=\"width: 1024px\" class=\"wp-caption alignnone\"><img loading=\"lazy\" decoding=\"async\" class=\"wp-image-20939\" src=\"https:\/\/meterny.com\/wp-content\/uploads\/2025\/01\/70-43.jpg\" alt=\"Paneles de pared de WPC resistentes a la intemperie para exteriores\" width=\"1024\" height=\"1026\" srcset=\"https:\/\/meterny.com\/wp-content\/uploads\/2025\/01\/70-43.jpg 820w, https:\/\/meterny.com\/wp-content\/uploads\/2025\/01\/70-43-300x300.jpg 300w, https:\/\/meterny.com\/wp-content\/uploads\/2025\/01\/70-43-150x150.jpg 150w, https:\/\/meterny.com\/wp-content\/uploads\/2025\/01\/70-43-768x770.jpg 768w, https:\/\/meterny.com\/wp-content\/uploads\/2025\/01\/70-43-600x601.jpg 600w, https:\/\/meterny.com\/wp-content\/uploads\/2025\/01\/70-43-100x100.jpg 100w\" sizes=\"auto, (max-width: 1024px) 100vw, 1024px\" \/><figcaption id=\"caption-attachment-20939\" class=\"wp-caption-text\">Haga frente a los elementos con paneles de WPC resistentes a la intemperie<\/figcaption><\/figure>\n<figure id=\"attachment_20792\" aria-describedby=\"caption-attachment-20792\" style=\"width: 1024px\" class=\"wp-caption alignnone\"><img loading=\"lazy\" decoding=\"async\" class=\"wp-image-20792\" src=\"https:\/\/meterny.com\/wp-content\/uploads\/2024\/04\/99.png\" alt=\"Panel de revestimiento de pared WPC\" width=\"1024\" height=\"1024\" srcset=\"https:\/\/meterny.com\/wp-content\/uploads\/2024\/04\/99.png 1000w, https:\/\/meterny.com\/wp-content\/uploads\/2024\/04\/99-300x300.png 300w, https:\/\/meterny.com\/wp-content\/uploads\/2024\/04\/99-150x150.png 150w, https:\/\/meterny.com\/wp-content\/uploads\/2024\/04\/99-768x768.png 768w, https:\/\/meterny.com\/wp-content\/uploads\/2024\/04\/99-600x600.png 600w, https:\/\/meterny.com\/wp-content\/uploads\/2024\/04\/99-100x100.png 100w\" sizes=\"auto, (max-width: 1024px) 100vw, 1024px\" \/><figcaption id=\"caption-attachment-20792\" class=\"wp-caption-text\">Mejore el exterior de su edificio con paneles de WPC duraderos y elegantes<\/figcaption><\/figure>\n<\/div>\n<div class=\"elementor-element elementor-element-1f676da elementor-widget elementor-widget-heading\" data-id=\"1f676da\" data-element_type=\"widget\" data-widget_type=\"heading.default\">\n<h3>Colores Opciones<\/h3>\n<p>Panel de pared WPC personalizable para valla de privacidad<\/p>\n<p>&nbsp;<\/p>\n<figure id=\"attachment_20293\" aria-describedby=\"caption-attachment-20293\" style=\"width: 1024px\" class=\"wp-caption alignnone\"><img loading=\"lazy\" decoding=\"async\" class=\"wp-image-20293\" src=\"https:\/\/meterny.com\/wp-content\/uploads\/2024\/10\/METE-Series-Colour-151.png\" alt=\"Opciones de color de la valla de WPC Meterny\" width=\"1024\" height=\"1024\" srcset=\"https:\/\/meterny.com\/wp-content\/uploads\/2024\/10\/METE-Series-Colour-151.png 900w, https:\/\/meterny.com\/wp-content\/uploads\/2024\/10\/METE-Series-Colour-151-300x300.png 300w, https:\/\/meterny.com\/wp-content\/uploads\/2024\/10\/METE-Series-Colour-151-150x150.png 150w, https:\/\/meterny.com\/wp-content\/uploads\/2024\/10\/METE-Series-Colour-151-768x768.png 768w, https:\/\/meterny.com\/wp-content\/uploads\/2024\/10\/METE-Series-Colour-151-600x600.png 600w, https:\/\/meterny.com\/wp-content\/uploads\/2024\/10\/METE-Series-Colour-151-100x100.png 100w\" sizes=\"auto, (max-width: 1024px) 100vw, 1024px\" \/><figcaption id=\"caption-attachment-20293\" class=\"wp-caption-text\">Explore la valla de WPC Meterny - Nueve impresionantes opciones de color para cada estilo<\/figcaption><\/figure>\n<div class=\"pop-container\">\n<div class=\"popcontent-hole\">\n<div class=\"pop-content\">\n<div class=\"normal___qxduM\">\n<div class=\"\">\n<div id=\"chat-markdown-cu123vos8jdneeo3jnsg-0-0\">\n<div class=\"markdown___vuBDJ\">\n<div class=\"markdown___vuBDJ\">\n<h3><strong>\u00bfPor qu\u00e9 elegir paneles murales de WPC para exteriores que reducen el ruido?<\/strong><\/h3>\n<div class=\"inter-wCaKYV\">\n<div class=\"container-ncFTrL\">\n<div class=\"item-KOa3z_\">\n<div class=\"container-rBgb6B chrome70-container\">\n<div class=\"inner-LOKNYu inner-item-AQrr_W\" data-target-id=\"message-box-target-id\" data-testid=\"union_message\">\n<div class=\"message-block-container-CKPFh2\" data-testid=\"message-block-container\">\n<div class=\"message-box-y4MH8s\" data-testid=\"receive_message\">\n<div class=\"message-box-content-wrapper-fgNGpz\">\n<div class=\"message-content message-box-content-xoCEoU receive-message-box-content-bNaFpa samantha-message-box-content-gWlptz\" data-testid=\"message_content\">\n<div class=\"container-ZYIsnH flow-markdown-body theme-samantha-Nbr9UN\" dir=\"ltr\" data-testid=\"message_text_content\" data-show-indicator=\"false\">\n<div class=\"auto-hide-last-sibling-br paragraph-JOTKXA paragraph-element br-paragraph-space\">Hay varias razones para elegir paneles de pared de WPC para exteriores que reducen el ruido:<\/div>\n<h3 class=\"header-vfC6AV auto-hide-last-sibling-br\">Reducci\u00f3n de ruido superior<\/h3>\n<p>&nbsp;<\/p>\n<ul class=\"auto-hide-last-sibling-br\">\n<li><strong>Absorci\u00f3n ac\u00fastica efectiva<\/strong>: La combinaci\u00f3n de fibras de madera y pol\u00edmeros en los paneles de WPC ayuda a absorber y amortiguar las ondas sonoras, reduciendo la transmisi\u00f3n del ruido. Pueden bloquear significativamente ruidos externos como el tr\u00e1fico, la construcci\u00f3n y las actividades del vecindario, creando un entorno exterior m\u00e1s silencioso y tranquilo.<\/li>\n<li><strong>Vers\u00e1til en distintos entornos<\/strong>: Tanto si se trata de una propiedad residencial cerca de una calle muy transitada, como de un edificio comercial en una zona ruidosa o un emplazamiento industrial con altos niveles de ruido, los paneles de pared de WPC reductores del ruido exterior pueden aplicarse eficazmente para mitigar la contaminaci\u00f3n ac\u00fastica.<\/li>\n<\/ul>\n<h3 class=\"header-vfC6AV auto-hide-last-sibling-br\">Durabilidad y resistencia a la intemperie<\/h3>\n<p>&nbsp;<\/p>\n<ul class=\"auto-hide-last-sibling-br\">\n<li><strong>Resistente a la intemperie<\/strong>: Los paneles de pared de WPC son muy resistentes a la humedad, los rayos UV y las fluctuaciones extremas de temperatura. No se deforman, agrietan ni decoloran f\u00e1cilmente cuando se exponen a la lluvia, la nieve o la luz solar durante mucho tiempo, lo que garantiza su durabilidad a largo plazo y mantiene su rendimiento de reducci\u00f3n de ruido en exteriores.<\/li>\n<li><strong>Resistencia a los insectos y a la putrefacci\u00f3n<\/strong>: A diferencia de las paredes de madera tradicionales, propensas a sufrir da\u00f1os por termitas y a pudrirse, los paneles de pared de WPC son resistentes a los insectos y a la putrefacci\u00f3n, por lo que ofrecen una soluci\u00f3n m\u00e1s fiable y duradera para la reducci\u00f3n del ruido exterior.<\/li>\n<\/ul>\n<h3 class=\"header-vfC6AV auto-hide-last-sibling-br\">Personalizaci\u00f3n y est\u00e9tica<\/h3>\n<p>&nbsp;<\/p>\n<ul class=\"auto-hide-last-sibling-br\">\n<li><strong>Amplia gama de opciones de dise\u00f1o<\/strong>: Los paneles de pared de WPC para exteriores que reducen el ruido est\u00e1n disponibles en varios colores, texturas y acabados, lo que le permite personalizar el aspecto para adaptarlo a su estilo personal y a la est\u00e9tica general de su propiedad. Tambi\u00e9n pueden cortarse y moldearse f\u00e1cilmente para adaptarse a diferentes configuraciones de pared y requisitos de dise\u00f1o, lo que ofrece flexibilidad en la instalaci\u00f3n y la personalizaci\u00f3n.<\/li>\n<li><strong>Mejorar los espacios exteriores<\/strong>: Estos paneles no s\u00f3lo reducen el ruido, sino que tambi\u00e9n a\u00f1aden un elemento atractivo a sus zonas exteriores, como jardines, patios y balcones, creando un espacio m\u00e1s confortable y visualmente atractivo.<\/li>\n<\/ul>\n<h3 class=\"header-vfC6AV auto-hide-last-sibling-br\">Bajo mantenimiento<\/h3>\n<p>&nbsp;<\/p>\n<ul class=\"auto-hide-last-sibling-br\">\n<li><strong>F\u00e1cil de limpiar<\/strong>: Los paneles murales de WPC requieren un mantenimiento m\u00ednimo. Una limpieza peri\u00f3dica con jab\u00f3n suave y agua suele bastar para eliminar la suciedad, los restos y las manchas, manteniendo los paneles limpios y en \u00f3ptimas condiciones. No es necesario pintar, te\u00f1ir ni sellar como en el caso de las paredes de madera tradicionales, lo que ahorra tiempo y dinero en tareas de mantenimiento.<\/li>\n<li><strong>Larga vida \u00fatil<\/strong>: Gracias a su durabilidad y resistencia a diversos elementos, los paneles murales de WPC para exteriores que reducen el ruido tienen una larga vida \u00fatil. Esto significa que no tendr\u00e1s que preocuparte por sustituciones o reparaciones frecuentes, lo que reduce el coste total y las molestias asociadas al mantenimiento de las paredes exteriores.<\/li>\n<\/ul>\n<h3 class=\"header-vfC6AV auto-hide-last-sibling-br\">Respeto del medio ambiente<\/h3>\n<p>&nbsp;<\/p>\n<ul class=\"auto-hide-last-sibling-br\">\n<li><strong>Materiales reciclados<\/strong>: El WPC se fabrica a menudo con fibras de madera y pl\u00e1stico reciclados, lo que ayuda a reducir los residuos y a conservar los recursos naturales. Al elegir paneles de pared de WPC para exteriores que reducen el ruido, puede contribuir a un medio ambiente m\u00e1s sostenible.<\/li>\n<li><strong>Sin productos qu\u00edmicos t\u00f3xicos<\/strong>: A diferencia de algunos materiales de cercado tradicionales que pueden requerir el uso de productos qu\u00edmicos t\u00f3xicos para su tratamiento o conservaci\u00f3n, los paneles de pared de WPC no suelen contener sustancias nocivas. Esto los convierte en una opci\u00f3n m\u00e1s segura tanto para el medio ambiente como para las personas que viven en la propiedad y sus alrededores.<\/li>\n<\/ul>\n<\/div>\n<\/div>\n<\/div>\n<div class=\"answer-action-bar-wEWc6C bottom-action-bar-wrapper-qtqrci large-space-b582O0 answer-action-bar\" data-testid=\"message_action_bar\">\n<div class=\"container-seCXVJ container-TRt1mF bottom-action-bar-iUQiGg\" data-message-action-bar=\"1\">\n<div class=\"left-Qpwvoi\">\n<div class=\"bp5-overflow-list container-LFxhPL align-start-B2LgK_ inner-TjQIQn\"><\/div>\n<\/div>\n<\/div>\n<\/div>\n<\/div>\n<\/div>\n<\/div>\n<\/div>\n<\/div>\n<\/div>\n<\/div>\n<div class=\"top-dN_PSZ\">\n<div class=\"container-rBgb6B chrome70-container\"><\/div>\n<\/div>\n<\/div>\n<\/div>\n<\/div>\n<\/div>\n<\/div>\n<\/div>\n<\/div>\n<\/div>\n<\/div>\n<\/div>","protected":false},"excerpt":{"rendered":"<p>Calidad superior: Fabricado con materiales de primera calidad, este panel exterior de WPC ofrece protecci\u00f3n contra los elementos.<\/p>\n<p>Dise\u00f1o elegante: Eleve el exterior de su propiedad con un revestimiento elegante y moderno que complementa cualquier estilo arquitect\u00f3nico.<\/p>\n<p>F\u00e1cil instalaci\u00f3n: Est\u00e1 dise\u00f1ado para una instalaci\u00f3n sin complicaciones, ahorr\u00e1ndole tiempo y esfuerzo.<\/p>\n<p>Vers\u00e1til: Ya sea para propiedades residenciales o comerciales, este panel de WPC es perfecto para todas las aplicaciones de revestimiento exterior.<\/p>\n<p>Respetuoso con el medio ambiente: Fabricado con materiales sostenibles, es la opci\u00f3n m\u00e1s respetuosa con el medio ambiente para sus necesidades de dise\u00f1o exterior.<\/p>","protected":false},"featured_media":20956,"comment_status":"open","ping_status":"closed","template":"","meta":{"_uag_custom_page_level_css":"","site-sidebar-layout":"default","site-content-layout":"","ast-site-content-layout":"default","site-content-style":"default","site-sidebar-style":"default","ast-global-header-display":"","ast-banner-title-visibility":"","ast-main-header-display":"","ast-hfb-above-header-display":"","ast-hfb-below-header-display":"","ast-hfb-mobile-header-display":"","site-post-title":"","ast-breadcrumbs-content":"","ast-featured-img":"","footer-sml-layout":"","theme-transparent-header-meta":"default","adv-header-id-meta":"","stick-header-meta":"default","header-above-stick-meta":"","header-main-stick-meta":"","header-below-stick-meta":"","astra-migrate-meta-layouts":"set","ast-page-background-enabled":"default","ast-page-background-meta":{"desktop":{"background-color":"var(--ast-global-color-4)","background-image":"","background-repeat":"repeat","background-position":"center center","background-size":"auto","background-attachment":"scroll","background-type":"","background-media":"","overlay-type":"","overlay-color":"","overlay-opacity":"","overlay-gradient":""},"tablet":{"background-color":"","background-image":"","background-repeat":"repeat","background-position":"center center","background-size":"auto","background-attachment":"scroll","background-type":"","background-media":"","overlay-type":"","overlay-color":"","overlay-opacity":"","overlay-gradient":""},"mobile":{"background-color":"","background-image":"","background-repeat":"repeat","background-position":"center center","background-size":"auto","background-attachment":"scroll","background-type":"","background-media":"","overlay-type":"","overlay-color":"","overlay-opacity":"","overlay-gradient":""}},"ast-content-background-meta":{"desktop":{"background-color":"var(--ast-global-color-5)","background-image":"","background-repeat":"repeat","background-position":"center center","background-size":"auto","background-attachment":"scroll","background-type":"","background-media":"","overlay-type":"","overlay-color":"","overlay-opacity":"","overlay-gradient":""},"tablet":{"background-color":"var(--ast-global-color-5)","background-image":"","background-repeat":"repeat","background-position":"center center","background-size":"auto","background-attachment":"scroll","background-type":"","background-media":"","overlay-type":"","overlay-color":"","overlay-opacity":"","overlay-gradient":""},"mobile":{"background-color":"var(--ast-global-color-5)","background-image":"","background-repeat":"repeat","background-position":"center center","background-size":"auto","background-attachment":"scroll","background-type":"","background-media":"","overlay-type":"","overlay-color":"","overlay-opacity":"","overlay-gradient":""}}},"product_brand":[],"product_cat":[175],"product_tag":[184,180],"class_list":{"0":"post-21006","1":"product","2":"type-product","3":"status-publish","4":"has-post-thumbnail","6":"product_cat-exterior-wpc-wall","7":"product_tag-wpc-wall-exterior","8":"product_tag-wpc-wall-panel","9":"desktop-align-center","10":"tablet-align-left","11":"mobile-align-left","12":"ast-product-gallery-layout-horizontal-slider","13":"ast-product-tabs-layout-vertical","15":"first","16":"instock","17":"shipping-taxable","18":"product-type-simple"},"uagb_featured_image_src":{"full":["https:\/\/meterny.com\/wp-content\/uploads\/2025\/01\/75-178-300x300-1.png",800,800,false],"thumbnail":["https:\/\/meterny.com\/wp-content\/uploads\/2025\/01\/75-178-300x300-1-150x150.png",150,150,true],"medium":["https:\/\/meterny.com\/wp-content\/uploads\/2025\/01\/75-178-300x300-1-300x300.png",300,300,true],"medium_large":["https:\/\/meterny.com\/wp-content\/uploads\/2025\/01\/75-178-300x300-1-768x768.png",768,768,true],"large":["https:\/\/meterny.com\/wp-content\/uploads\/2025\/01\/75-178-300x300-1.png",800,800,false],"1536x1536":["https:\/\/meterny.com\/wp-content\/uploads\/2025\/01\/75-178-300x300-1.png",800,800,false],"2048x2048":["https:\/\/meterny.com\/wp-content\/uploads\/2025\/01\/75-178-300x300-1.png",800,800,false],"trp-custom-language-flag":["https:\/\/meterny.com\/wp-content\/uploads\/2025\/01\/75-178-300x300-1.png",12,12,false],"woocommerce_thumbnail":["https:\/\/meterny.com\/wp-content\/uploads\/2025\/01\/75-178-300x300-1-300x300.png",300,300,true],"woocommerce_single":["https:\/\/meterny.com\/wp-content\/uploads\/2025\/01\/75-178-300x300-1-600x600.png",600,600,true],"woocommerce_gallery_thumbnail":["https:\/\/meterny.com\/wp-content\/uploads\/2025\/01\/75-178-300x300-1-100x100.png",100,100,true]},"uagb_author_info":{"display_name":"meterny","author_link":"https:\/\/meterny.com\/es\/author\/"},"uagb_comment_info":0,"uagb_excerpt":"Superior Quality: Crafted from premium materials, this WPC Exterior panel offers protection against the elements. Stylish Design: Elevate the exterior of your property with sleek and modern cladding that complements any architectural style. Easy Installation: It is designed for hassle-free installation, saving you time and effort. Versatile: Whether it's for residential or commercial properties, This&hellip;","_links":{"self":[{"href":"https:\/\/meterny.com\/es\/wp-json\/wp\/v2\/product\/21006","targetHints":{"allow":["GET"]}}],"collection":[{"href":"https:\/\/meterny.com\/es\/wp-json\/wp\/v2\/product"}],"about":[{"href":"https:\/\/meterny.com\/es\/wp-json\/wp\/v2\/types\/product"}],"replies":[{"embeddable":true,"href":"https:\/\/meterny.com\/es\/wp-json\/wp\/v2\/comments?post=21006"}],"wp:featuredmedia":[{"embeddable":true,"href":"https:\/\/meterny.com\/es\/wp-json\/wp\/v2\/media\/20956"}],"wp:attachment":[{"href":"https:\/\/meterny.com\/es\/wp-json\/wp\/v2\/media?parent=21006"}],"wp:term":[{"taxonomy":"product_brand","embeddable":true,"href":"https:\/\/meterny.com\/es\/wp-json\/wp\/v2\/product_brand?post=21006"},{"taxonomy":"product_cat","embeddable":true,"href":"https:\/\/meterny.com\/es\/wp-json\/wp\/v2\/product_cat?post=21006"},{"taxonomy":"product_tag","embeddable":true,"href":"https:\/\/meterny.com\/es\/wp-json\/wp\/v2\/product_tag?post=21006"}],"curies":[{"name":"wp","href":"https:\/\/api.w.org\/{rel}","templated":true}]}}