{"id":15880,"date":"2024-03-29T14:06:10","date_gmt":"2024-03-29T14:06:10","guid":{"rendered":"https:\/\/meterny.com\/?post_type=product&#038;p=15880"},"modified":"2025-01-18T09:34:30","modified_gmt":"2025-01-18T09:34:30","slug":"outdoor-wpc-swimming-pool-flooring","status":"publish","type":"product","link":"https:\/\/meterny.com\/fr\/produit\/outdoor-wpc-swimming-pool-flooring\/","title":{"rendered":"3D Embossed Wood Grain Outdoor Wpc Flooring Wpc Composite Decking WPC Composite Flooring"},"content":{"rendered":"<div class=\"elementor-element elementor-element-c0e1d42 elementor-widget elementor-widget-heading\" data-id=\"c0e1d42\" data-element_type=\"widget\" data-widget_type=\"heading.default\">\n<div class=\"elementor-widget-container\">\n<h2 class=\"elementor-heading-title elementor-size-default\" style=\"text-align: center;\">Sp\u00e9cification du rev\u00eatement de sol de piscine Wpc ext\u00e9rieur en grain de bois gaufr\u00e9 3D<\/h2>\n<p id=\"\"><strong>Page du produit : Rev\u00eatement de sol de piscine en WPC pour l'ext\u00e9rieur<\/strong><\/p>\n<h4><strong>Vue d'ensemble<\/strong><\/h4>\n<p id=\"\">Transformez votre piscine en un espace luxueux et accueillant gr\u00e2ce \u00e0 notre rev\u00eatement de sol pour piscine en WPC (Wood Plastic Composite). Con\u00e7u sp\u00e9cialement pour l'ext\u00e9rieur, ce rev\u00eatement innovant associe la beaut\u00e9 naturelle du bois \u00e0 la durabilit\u00e9 et \u00e0 la r\u00e9sistance aux intemp\u00e9ries du plastique, cr\u00e9ant ainsi un m\u00e9lange parfait pour des applications de haute performance au bord de la piscine.<\/p>\n<\/div>\n<\/div>\n<div class=\"elementor-element elementor-element-1f676da elementor-widget elementor-widget-heading\" data-id=\"1f676da\" data-element_type=\"widget\" data-widget_type=\"heading.default\">\n<p>Rev\u00eatement de sol de piscine Wpc ext\u00e9rieur en grain de bois gaufr\u00e9 3D<\/p>\n<p>METE140H25 WPC 3D Embossed Wood Grain Wpc Flooring : \u00c9levez vos espaces avec une \u00e9l\u00e9gance moderne<\/p>\n<p><strong>Mod\u00e8le<\/strong>: METE140H25<br \/>\n<strong>Type<\/strong>: WPC Decking\/Flooring<br \/>\n<strong>Taille<\/strong>: 140\u00d725mm<\/p>\n<p><strong>Surface<\/strong>: Grains droits<br \/>\n<strong>Longueur<\/strong>2,9 m ou sur mesure<br \/>\n<strong>Mat\u00e9riau<\/strong>: Bois composite<br \/>\n<strong>Technologie des produits<\/strong>: Eco-extrusion<\/p>\n<figure id=\"attachment_17394\" aria-describedby=\"caption-attachment-17394\" style=\"width: 1024px\" class=\"wp-caption alignnone\"><img loading=\"lazy\" decoding=\"async\" class=\"wp-image-17394\" src=\"https:\/\/meterny.com\/wp-content\/uploads\/2024\/03\/3-1-rotated.jpg\" alt=\"Rev\u00eatement de sol de piscine en Wpc pour l&#039;ext\u00e9rieur\" width=\"1024\" height=\"1024\" srcset=\"https:\/\/meterny.com\/wp-content\/uploads\/2024\/03\/3-1-rotated.jpg 800w, https:\/\/meterny.com\/wp-content\/uploads\/2024\/03\/3-1-300x300.jpg 300w, https:\/\/meterny.com\/wp-content\/uploads\/2024\/03\/3-1-150x150.jpg 150w, https:\/\/meterny.com\/wp-content\/uploads\/2024\/03\/3-1-768x768.jpg 768w, https:\/\/meterny.com\/wp-content\/uploads\/2024\/03\/3-1-600x600.jpg 600w, https:\/\/meterny.com\/wp-content\/uploads\/2024\/03\/3-1-100x100.jpg 100w\" sizes=\"auto, (max-width: 1024px) 100vw, 1024px\" \/><figcaption id=\"caption-attachment-17394\" class=\"wp-caption-text\">Rev\u00eatement de sol ext\u00e9rieur pour piscine en WPC - Beau et antid\u00e9rapant pour la s\u00e9curit\u00e9 au bord de la piscine.<\/figcaption><\/figure>\n<h4><strong>Caract\u00e9ristiques principales<\/strong><\/h4>\n<ol>\n<li><strong>R\u00e9sistant \u00e0 l'eau et antid\u00e9rapant<\/strong>:\n<ul>\n<li>Notre rev\u00eatement de sol pour piscine en WPC est sp\u00e9cialement con\u00e7u pour r\u00e9sister aux conditions humides, ce qui garantit qu'il reste stable et antid\u00e9rapant m\u00eame lorsqu'il est immerg\u00e9 dans l'eau.<\/li>\n<li>Il est donc id\u00e9al pour les plages de piscine, les all\u00e9es et les zones d'\u00e9claboussures, offrant une surface s\u00fbre et s\u00e9curis\u00e9e pour vous et vos invit\u00e9s.<\/li>\n<\/ul>\n<\/li>\n<li><strong>Durabilit\u00e9 et long\u00e9vit\u00e9<\/strong>:\n<ul>\n<li>Fabriqu\u00e9 \u00e0 partir d'un mat\u00e9riau WPC de haute qualit\u00e9, ce rev\u00eatement de sol r\u00e9siste \u00e0 la d\u00e9coloration, \u00e0 la fissuration et au gauchissement, m\u00eame dans des conditions m\u00e9t\u00e9orologiques extr\u00eames.<\/li>\n<li>Il conserve son int\u00e9grit\u00e9 structurelle et son attrait esth\u00e9tique au fil du temps, garantissant ainsi un investissement durable.<\/li>\n<\/ul>\n<\/li>\n<li><strong>Respect de l'environnement<\/strong>:\n<ul>\n<li>Fabriqu\u00e9 \u00e0 partir d'un m\u00e9lange de fibres de bois et de plastique recycl\u00e9s, notre rev\u00eatement de sol pour piscine WPC est un choix respectueux de l'environnement.<\/li>\n<li>Elle contribue aux efforts de d\u00e9veloppement durable en r\u00e9duisant les d\u00e9chets et en encourageant l'utilisation de mat\u00e9riaux recycl\u00e9s.<\/li>\n<\/ul>\n<\/li>\n<li><strong>Facile \u00e0 nettoyer et \u00e0 entretenir<\/strong>:\n<ul>\n<li>Ce rev\u00eatement de sol est con\u00e7u pour un entretien facile, n\u00e9cessitant un minimum d'effort pour le maintenir propre et lui donner son meilleur aspect.<\/li>\n<li>Il suffit de passer un tuyau d'arrosage ou un chiffon humide pour \u00e9liminer la salet\u00e9, les d\u00e9bris et les produits chimiques de la piscine, ce qui garantit un processus d'entretien sans probl\u00e8me.<\/li>\n<\/ul>\n<\/li>\n<li><strong>L'attrait esth\u00e9tique<\/strong>:\n<ul>\n<li>Disponible dans une gamme de couleurs, de textures et de styles \u00e9tonnants, notre rev\u00eatement de sol pour piscine en WPC offre un aspect naturel et \u00e9l\u00e9gant.<\/li>\n<li>Il am\u00e9liore l'esth\u00e9tique g\u00e9n\u00e9rale de votre espace piscine, cr\u00e9ant une atmosph\u00e8re accueillante et invitante pour la d\u00e9tente et le divertissement.<\/li>\n<\/ul>\n<\/li>\n<li><strong>Options personnalisables<\/strong>:\n<ul>\n<li>Nous offrons une vari\u00e9t\u00e9 d'options de personnalisation pour r\u00e9pondre \u00e0 vos besoins et pr\u00e9f\u00e9rences sp\u00e9cifiques.<\/li>\n<li>Choisissez parmi diff\u00e9rentes tailles, formes et m\u00e9thodes d'installation pour cr\u00e9er une exp\u00e9rience unique et personnalis\u00e9e au bord de la piscine.<\/li>\n<\/ul>\n<\/li>\n<\/ol>\n<h4><strong>Sp\u00e9cifications techniques<\/strong><\/h4>\n<ul>\n<li><strong>Mat\u00e9riau<\/strong>: Composite bois-plastique (WPC)<\/li>\n<li><strong>Dimensions<\/strong>: 135*119*23mm\/217*201*28mm\/227*210*25mm<\/li>\n<li><strong>\u00c9paisseur<\/strong>23\/25\/28mm<\/li>\n<li><strong>Poids<\/strong>: 3kg\/m\u00e8tre<\/li>\n<li><strong>Options de couleur<\/strong>: marron\/noir\/double couleurs<\/li>\n<li><strong>Installation<\/strong>: Syst\u00e8me de verrouillage facile \u00e0 installer (sans clous ni vis)<\/li>\n<li><strong>Garantie<\/strong>: plus de 10 ans d'exp\u00e9rience<\/li>\n<\/ul>\n<h4><strong>Guide d'installation<\/strong><\/h4>\n<p id=\"\">L'installation de notre rev\u00eatement de sol pour piscine ext\u00e9rieure en WPC est rapide et facile, gr\u00e2ce \u00e0 notre syst\u00e8me de verrouillage innovant. Suivez ces \u00e9tapes simples pour obtenir une installation transparente et de qualit\u00e9 professionnelle :<\/p>\n<ol>\n<li><strong>Pr\u00e9paration de la surface<\/strong>: S'assurer que la surface est propre, s\u00e8che et exempte de d\u00e9bris.<\/li>\n<li><strong>Disposer le rev\u00eatement de sol<\/strong>: Mesurez et coupez les pi\u00e8ces pour les adapter \u00e0 la disposition souhait\u00e9e, en veillant \u00e0 ce qu'elles s'ajustent parfaitement et \u00e0 ce qu'il y ait un minimum d'espace.<\/li>\n<li><strong>Pose du rev\u00eatement de sol<\/strong>: Le syst\u00e8me de verrouillage permet de relier les pi\u00e8ces entre elles, cr\u00e9ant ainsi une surface s\u00fbre et stable.<\/li>\n<li><strong>Finir et d\u00e9guster<\/strong>: Coupez les morceaux exc\u00e9dentaires et profitez de votre nouveau rev\u00eatement de sol pour la piscine.<\/li>\n<\/ol>\n<\/div>\n<div class=\"elementor-element elementor-element-1f676da elementor-widget elementor-widget-heading\" data-id=\"1f676da\" data-element_type=\"widget\" data-widget_type=\"heading.default\">\n<ul>\n<li>Bois Plastique Composite Wpc Grain de Bois 3D Grain de Bois Ext\u00e9rieur Wpc Rev\u00eatement de Piscine Wpc Decking Composite<\/li>\n<\/ul>\n<h3>Si vous voulez en savoir plus, cliquez sur ce lien vers Youtube :<a href=\"https:\/\/youtu.be\/zl6KzeQz4IE\" target=\"_blank\" rel=\"noopener\">https:\/\/youtu.be\/zl6KzeQz4IE<\/a><\/h3>\n<p>&nbsp;<\/p>\n<h3>Galerie<\/h3>\n<p>Rev\u00eatement de sol de piscine en Wpc pour l'ext\u00e9rieur<\/p>\n<figure id=\"attachment_17396\" aria-describedby=\"caption-attachment-17396\" style=\"width: 1024px\" class=\"wp-caption alignnone\"><img loading=\"lazy\" decoding=\"async\" class=\"wp-image-17396\" src=\"https:\/\/meterny.com\/wp-content\/uploads\/2024\/03\/3-1.png\" alt=\"Rev\u00eatement de sol antid\u00e9rapant en WPC pour les all\u00e9es de jardin\" width=\"1024\" height=\"1024\" srcset=\"https:\/\/meterny.com\/wp-content\/uploads\/2024\/03\/3-1.png 1079w, https:\/\/meterny.com\/wp-content\/uploads\/2024\/03\/3-1-300x300.png 300w, https:\/\/meterny.com\/wp-content\/uploads\/2024\/03\/3-1-1024x1024.png 1024w, https:\/\/meterny.com\/wp-content\/uploads\/2024\/03\/3-1-150x150.png 150w, https:\/\/meterny.com\/wp-content\/uploads\/2024\/03\/3-1-768x768.png 768w, https:\/\/meterny.com\/wp-content\/uploads\/2024\/03\/3-1-600x600.png 600w, https:\/\/meterny.com\/wp-content\/uploads\/2024\/03\/3-1-100x100.png 100w\" sizes=\"auto, (max-width: 1024px) 100vw, 1024px\" \/><figcaption id=\"caption-attachment-17396\" class=\"wp-caption-text\">Rev\u00eatements de sol antid\u00e9rapants en WPC : Des all\u00e9es de jardin s\u00fbres et \u00e9l\u00e9gantes<\/figcaption><\/figure>\n<p>Rev\u00eatement de sol de piscine en Wpc pour l'ext\u00e9rieur<\/p>\n<figure id=\"attachment_17400\" aria-describedby=\"caption-attachment-17400\" style=\"width: 1024px\" class=\"wp-caption alignnone\"><img loading=\"lazy\" decoding=\"async\" class=\"wp-image-17400\" src=\"https:\/\/meterny.com\/wp-content\/uploads\/2024\/03\/13-4.png\" alt=\"Rev\u00eatement de sol WPC antibact\u00e9rien pour les espaces hygi\u00e9niques\" width=\"1024\" height=\"1024\" srcset=\"https:\/\/meterny.com\/wp-content\/uploads\/2024\/03\/13-4.png 800w, https:\/\/meterny.com\/wp-content\/uploads\/2024\/03\/13-4-300x300.png 300w, https:\/\/meterny.com\/wp-content\/uploads\/2024\/03\/13-4-150x150.png 150w, https:\/\/meterny.com\/wp-content\/uploads\/2024\/03\/13-4-768x768.png 768w, https:\/\/meterny.com\/wp-content\/uploads\/2024\/03\/13-4-600x600.png 600w, https:\/\/meterny.com\/wp-content\/uploads\/2024\/03\/13-4-100x100.png 100w\" sizes=\"auto, (max-width: 1024px) 100vw, 1024px\" \/><figcaption id=\"caption-attachment-17400\" class=\"wp-caption-text\">Rev\u00eatement de sol WPC antibact\u00e9rien : Propre et s\u00fbr pour tous les environnements<\/figcaption><\/figure>\n<p>Rev\u00eatement de sol de piscine en Wpc pour l'ext\u00e9rieur<\/p>\n<figure id=\"attachment_17407\" aria-describedby=\"caption-attachment-17407\" style=\"width: 1024px\" class=\"wp-caption alignnone\"><img loading=\"lazy\" decoding=\"async\" class=\"wp-image-17407\" src=\"https:\/\/meterny.com\/wp-content\/uploads\/2024\/03\/1-2.png\" alt=\"Wpc Composite Decking Outdoor\" width=\"1024\" height=\"1024\" srcset=\"https:\/\/meterny.com\/wp-content\/uploads\/2024\/03\/1-2.png 1024w, https:\/\/meterny.com\/wp-content\/uploads\/2024\/03\/1-2-300x300.png 300w, https:\/\/meterny.com\/wp-content\/uploads\/2024\/03\/1-2-150x150.png 150w, https:\/\/meterny.com\/wp-content\/uploads\/2024\/03\/1-2-768x768.png 768w, https:\/\/meterny.com\/wp-content\/uploads\/2024\/03\/1-2-600x600.png 600w, https:\/\/meterny.com\/wp-content\/uploads\/2024\/03\/1-2-100x100.png 100w\" sizes=\"auto, (max-width: 1024px) 100vw, 1024px\" \/><figcaption id=\"caption-attachment-17407\" class=\"wp-caption-text\">Rev\u00eatement de sol WPC r\u00e9sistant aux intemp\u00e9ries : S\u00fbr, \u00e9l\u00e9gant et durable<\/figcaption><\/figure>\n<h3><strong>Couleur et surface<\/strong><\/h3>\n<p>Notre rev\u00eatement de sol METE140H25 pr\u00e9sente une surface \u00e9l\u00e9gante \u00e0 grain droit, ajoutant une texture sophistiqu\u00e9e \u00e0 n'importe quel endroit.<\/p>\n<p>Avec des couleurs, des dimensions et des formes personnalisables, ces panneaux offrent une flexibilit\u00e9 exceptionnelle, vous permettant de lib\u00e9rer votre cr\u00e9ativit\u00e9 dans les projets d'am\u00e9nagement int\u00e9rieur et ext\u00e9rieur.<\/p>\n<p>La technologie d'\u00e9co-extrusion garantit que chaque panneau n'est pas seulement esth\u00e9tique, mais qu'il contribue \u00e9galement \u00e0 un environnement de vie durable.<\/p>\n<h3>Options de couleurs<\/h3>\n<p>Meterny S\u00e9rie METE Carte de couleurs des rev\u00eatements de sol WPC<\/p>\n<figure id=\"attachment_20293\" aria-describedby=\"caption-attachment-20293\" style=\"width: 1024px\" class=\"wp-caption alignnone\"><img loading=\"lazy\" decoding=\"async\" class=\"wp-image-20293\" src=\"https:\/\/meterny.com\/wp-content\/uploads\/2024\/10\/METE-Series-Colour-151.png\" alt=\"Options de couleur de la cl\u00f4ture WPC Meterny\" width=\"1024\" height=\"1024\" srcset=\"https:\/\/meterny.com\/wp-content\/uploads\/2024\/10\/METE-Series-Colour-151.png 900w, https:\/\/meterny.com\/wp-content\/uploads\/2024\/10\/METE-Series-Colour-151-300x300.png 300w, https:\/\/meterny.com\/wp-content\/uploads\/2024\/10\/METE-Series-Colour-151-150x150.png 150w, https:\/\/meterny.com\/wp-content\/uploads\/2024\/10\/METE-Series-Colour-151-768x768.png 768w, https:\/\/meterny.com\/wp-content\/uploads\/2024\/10\/METE-Series-Colour-151-600x600.png 600w, https:\/\/meterny.com\/wp-content\/uploads\/2024\/10\/METE-Series-Colour-151-100x100.png 100w\" sizes=\"auto, (max-width: 1024px) 100vw, 1024px\" \/><figcaption id=\"caption-attachment-20293\" class=\"wp-caption-text\">Explore Meterny WPC Floor- Nine Stunning Color Options for Every Style (neuf options de couleur \u00e9tonnantes pour tous les styles)<\/figcaption><\/figure>\n<h3><strong>Pourquoi choisir un rev\u00eatement de sol pour piscine en WPC ?<\/strong><\/h3>\n<p id=\"\">Le rev\u00eatement de sol ext\u00e9rieur pour piscine en WPC (Wood Plastic Composite) est un excellent choix pour les abords de votre piscine en raison de ses nombreux avantages. Voici quelques raisons convaincantes d'opter pour cette solution de rev\u00eatement de sol innovante :<\/p>\n<h3>1.\u00a0<strong>Durabilit\u00e9 et long\u00e9vit\u00e9<\/strong><\/h3>\n<ul>\n<li><strong>R\u00e9sistance aux intemp\u00e9ries<\/strong>: Les rev\u00eatements de sol WPC sont con\u00e7us pour r\u00e9sister aux rigueurs des environnements ext\u00e9rieurs, notamment aux temp\u00e9ratures extr\u00eames, \u00e0 l'humidit\u00e9 et \u00e0 l'exposition aux UV. Cela garantit que votre rev\u00eatement de sol reste en excellent \u00e9tat, m\u00eame dans des conditions m\u00e9t\u00e9orologiques difficiles.<\/li>\n<li><strong>R\u00e9sistance \u00e0 la d\u00e9coloration et aux rayures<\/strong>: Contrairement aux terrasses en bois traditionnelles, les rev\u00eatements de sol WPC r\u00e9sistent \u00e0 la d\u00e9coloration et aux rayures et conservent leur attrait esth\u00e9tique au fil du temps.<\/li>\n<\/ul>\n<h3>2.\u00a0<strong>R\u00e9sistant \u00e0 l'eau et antid\u00e9rapant<\/strong><\/h3>\n<ul>\n<li><strong>Propri\u00e9t\u00e9s d'\u00e9tanch\u00e9it\u00e9<\/strong>: Le mat\u00e9riau composite est imperm\u00e9able, ce qui le rend id\u00e9al pour les terrasses de piscine et les zones d'\u00e9claboussures. Il n'absorbe pas l'eau, ne gonfle pas et ne se d\u00e9forme pas, ce qui garantit une surface stable et s\u00fbre.<\/li>\n<li><strong>Surface antid\u00e9rapante<\/strong>: La surface textur\u00e9e des rev\u00eatements de sol WPC offre une excellente traction, r\u00e9duisant le risque de glissades et de chutes, m\u00eame lorsqu'ils sont mouill\u00e9s.<\/li>\n<\/ul>\n<h3>3.\u00a0<strong>Respect de l'environnement<\/strong><\/h3>\n<ul>\n<li><strong>Mat\u00e9riau durable<\/strong>: Les rev\u00eatements de sol WPC sont fabriqu\u00e9s \u00e0 partir d'un m\u00e9lange de fibres de bois et de plastique recycl\u00e9s, ce qui en fait un choix respectueux de l'environnement. Il contribue aux efforts de d\u00e9veloppement durable en r\u00e9duisant les d\u00e9chets et en encourageant l'utilisation de mat\u00e9riaux recycl\u00e9s.<\/li>\n<\/ul>\n<h3>4.\u00a0<strong>Facilit\u00e9 d'entretien<\/strong><\/h3>\n<ul>\n<li><strong>Faible entretien<\/strong>: Les rev\u00eatements de sol WPC sont faciles \u00e0 nettoyer et \u00e0 entretenir, et ne n\u00e9cessitent qu'un minimum d'efforts pour conserver leur \u00e9clat. Il suffit de passer un tuyau d'arrosage ou un chiffon humide pour enlever la salet\u00e9, les d\u00e9bris et les produits chimiques de la piscine.<\/li>\n<li><strong>R\u00e9sistant aux taches<\/strong>: Le mat\u00e9riau composite est r\u00e9sistant aux taches et \u00e0 la moisissure, ce qui garantit une surface propre et hygi\u00e9nique au bord de la piscine.<\/li>\n<\/ul>\n<h3>5.\u00a0<strong>L'attrait esth\u00e9tique<\/strong><\/h3>\n<ul>\n<li><strong>Aspect naturel<\/strong>: Les rev\u00eatements de sol WPC offrent un aspect naturel et \u00e9l\u00e9gant, imitant l'aspect du bois v\u00e9ritable sans les exigences d'entretien.<\/li>\n<li><strong>Vari\u00e9t\u00e9 d'options<\/strong>: Disponible dans une gamme de couleurs, de textures et de styles \u00e9tonnants, vous pouvez choisir l'option parfaite pour compl\u00e9ter votre espace piscine et am\u00e9liorer son esth\u00e9tique g\u00e9n\u00e9rale.<\/li>\n<\/ul>\n<h3>6.\u00a0<strong>Personnalisable et polyvalent<\/strong><\/h3>\n<ul>\n<li><strong>Options personnalisables<\/strong>: Les rev\u00eatements de sol WPC peuvent \u00eatre personnalis\u00e9s pour r\u00e9pondre \u00e0 vos besoins et pr\u00e9f\u00e9rences sp\u00e9cifiques, y compris diff\u00e9rentes tailles, formes et m\u00e9thodes d'installation.<\/li>\n<li><strong>Applications polyvalentes<\/strong>: Adapt\u00e9 \u00e0 une vari\u00e9t\u00e9 d'applications ext\u00e9rieures, y compris les terrasses de piscine, les all\u00e9es, les patios et les balcons, le rev\u00eatement de sol WPC offre une solution polyvalente pour le bord de votre piscine.<\/li>\n<\/ul>\n<h3>7.\u00a0<strong>Rentabilit\u00e9<\/strong><\/h3>\n<ul>\n<li><strong>Valeur \u00e0 long terme<\/strong>: Gr\u00e2ce \u00e0 sa durabilit\u00e9 et \u00e0 ses faibles besoins d'entretien, le rev\u00eatement de sol WPC offre une excellente valeur \u00e0 long terme, ce qui en fait un investissement rentable pour les abords de votre piscine.<\/li>\n<li><strong>Efficacit\u00e9 de l'installation<\/strong>: Le syst\u00e8me de verrouillage innovant rend l'installation rapide et facile, r\u00e9duisant les co\u00fbts de main d'\u0153uvre et les temps d'arr\u00eat.<\/li>\n<\/ul>\n<p id=\"\">En r\u00e9sum\u00e9, le rev\u00eatement de sol pour piscine en WPC est un excellent choix pour votre espace piscine en raison de sa durabilit\u00e9, de sa r\u00e9sistance \u00e0 l'eau, de son caract\u00e8re \u00e9cologique, de sa facilit\u00e9 d'entretien, de son attrait esth\u00e9tique, de sa capacit\u00e9 \u00e0 \u00eatre personnalis\u00e9 et de son rapport qualit\u00e9-prix. Il offre une surface s\u00fbre, stable et esth\u00e9tique pour les loisirs et la d\u00e9tente au bord de la piscine.<\/p>\n<\/div>","protected":false},"excerpt":{"rendered":"<p>3D Embossed Wood Grain Outdoor Wpc Swimming Pool Flooring Specification Page produit : Rev\u00eatement de sol pour piscine ext\u00e9rieure WPC Vue d'ensemble Transformez votre [...]<\/p>","protected":false},"featured_media":17394,"comment_status":"open","ping_status":"closed","template":"","meta":{"_uag_custom_page_level_css":"","site-sidebar-layout":"default","site-content-layout":"","ast-site-content-layout":"default","site-content-style":"default","site-sidebar-style":"default","ast-global-header-display":"","ast-banner-title-visibility":"","ast-main-header-display":"","ast-hfb-above-header-display":"","ast-hfb-below-header-display":"","ast-hfb-mobile-header-display":"","site-post-title":"","ast-breadcrumbs-content":"","ast-featured-img":"","footer-sml-layout":"","theme-transparent-header-meta":"default","adv-header-id-meta":"","stick-header-meta":"default","header-above-stick-meta":"","header-main-stick-meta":"","header-below-stick-meta":"","astra-migrate-meta-layouts":"set","ast-page-background-enabled":"default","ast-page-background-meta":{"desktop":{"background-color":"var(--ast-global-color-4)","background-image":"","background-repeat":"repeat","background-position":"center center","background-size":"auto","background-attachment":"scroll","background-type":"","background-media":"","overlay-type":"","overlay-color":"","overlay-opacity":"","overlay-gradient":""},"tablet":{"background-color":"","background-image":"","background-repeat":"repeat","background-position":"center center","background-size":"auto","background-attachment":"scroll","background-type":"","background-media":"","overlay-type":"","overlay-color":"","overlay-opacity":"","overlay-gradient":""},"mobile":{"background-color":"","background-image":"","background-repeat":"repeat","background-position":"center center","background-size":"auto","background-attachment":"scroll","background-type":"","background-media":"","overlay-type":"","overlay-color":"","overlay-opacity":"","overlay-gradient":""}},"ast-content-background-meta":{"desktop":{"background-color":"var(--ast-global-color-5)","background-image":"","background-repeat":"repeat","background-position":"center center","background-size":"auto","background-attachment":"scroll","background-type":"","background-media":"","overlay-type":"","overlay-color":"","overlay-opacity":"","overlay-gradient":""},"tablet":{"background-color":"var(--ast-global-color-5)","background-image":"","background-repeat":"repeat","background-position":"center center","background-size":"auto","background-attachment":"scroll","background-type":"","background-media":"","overlay-type":"","overlay-color":"","overlay-opacity":"","overlay-gradient":""},"mobile":{"background-color":"var(--ast-global-color-5)","background-image":"","background-repeat":"repeat","background-position":"center center","background-size":"auto","background-attachment":"scroll","background-type":"","background-media":"","overlay-type":"","overlay-color":"","overlay-opacity":"","overlay-gradient":""}}},"product_brand":[],"product_cat":[18],"product_tag":[182,181],"class_list":{"0":"post-15880","1":"product","2":"type-product","3":"status-publish","4":"has-post-thumbnail","6":"product_cat-uncategorized","7":"product_tag-wpc-decking","8":"product_tag-wpc-flooring","9":"desktop-align-center","10":"tablet-align-left","11":"mobile-align-left","12":"ast-product-gallery-layout-horizontal-slider","13":"ast-product-tabs-layout-vertical","15":"first","16":"instock","17":"featured","18":"shipping-taxable","19":"product-type-simple"},"uagb_featured_image_src":{"full":["https:\/\/meterny.com\/wp-content\/uploads\/2024\/03\/3-1-rotated.jpg",800,800,false],"thumbnail":["https:\/\/meterny.com\/wp-content\/uploads\/2024\/03\/3-1-150x150.jpg",150,150,true],"medium":["https:\/\/meterny.com\/wp-content\/uploads\/2024\/03\/3-1-300x300.jpg",300,300,true],"medium_large":["https:\/\/meterny.com\/wp-content\/uploads\/2024\/03\/3-1-768x768.jpg",768,768,true],"large":["https:\/\/meterny.com\/wp-content\/uploads\/2024\/03\/3-1-rotated.jpg",800,800,false],"1536x1536":["https:\/\/meterny.com\/wp-content\/uploads\/2024\/03\/3-1-rotated.jpg",800,800,false],"2048x2048":["https:\/\/meterny.com\/wp-content\/uploads\/2024\/03\/3-1-rotated.jpg",800,800,false],"trp-custom-language-flag":["https:\/\/meterny.com\/wp-content\/uploads\/2024\/03\/3-1-rotated.jpg",12,12,false],"woocommerce_thumbnail":["https:\/\/meterny.com\/wp-content\/uploads\/2024\/03\/3-1-300x300.jpg",300,300,true],"woocommerce_single":["https:\/\/meterny.com\/wp-content\/uploads\/2024\/03\/3-1-600x600.jpg",600,600,true],"woocommerce_gallery_thumbnail":["https:\/\/meterny.com\/wp-content\/uploads\/2024\/03\/3-1-100x100.jpg",100,100,true]},"uagb_author_info":{"display_name":"meterny","author_link":"https:\/\/meterny.com\/fr\/author\/"},"uagb_comment_info":0,"uagb_excerpt":"3D Embossed Wood Grain Outdoor Wpc Swimming Pool Flooring Specification Product Page: Outdoor WPC Swimming Pool Flooring Overview Transform your [&hellip;]","_links":{"self":[{"href":"https:\/\/meterny.com\/fr\/wp-json\/wp\/v2\/product\/15880","targetHints":{"allow":["GET"]}}],"collection":[{"href":"https:\/\/meterny.com\/fr\/wp-json\/wp\/v2\/product"}],"about":[{"href":"https:\/\/meterny.com\/fr\/wp-json\/wp\/v2\/types\/product"}],"replies":[{"embeddable":true,"href":"https:\/\/meterny.com\/fr\/wp-json\/wp\/v2\/comments?post=15880"}],"wp:featuredmedia":[{"embeddable":true,"href":"https:\/\/meterny.com\/fr\/wp-json\/wp\/v2\/media\/17394"}],"wp:attachment":[{"href":"https:\/\/meterny.com\/fr\/wp-json\/wp\/v2\/media?parent=15880"}],"wp:term":[{"taxonomy":"product_brand","embeddable":true,"href":"https:\/\/meterny.com\/fr\/wp-json\/wp\/v2\/product_brand?post=15880"},{"taxonomy":"product_cat","embeddable":true,"href":"https:\/\/meterny.com\/fr\/wp-json\/wp\/v2\/product_cat?post=15880"},{"taxonomy":"product_tag","embeddable":true,"href":"https:\/\/meterny.com\/fr\/wp-json\/wp\/v2\/product_tag?post=15880"}],"curies":[{"name":"wp","href":"https:\/\/api.w.org\/{rel}","templated":true}]}}