{"id":16569,"date":"2024-05-25T08:59:26","date_gmt":"2024-05-25T08:59:26","guid":{"rendered":"https:\/\/meterny.com\/?post_type=product&#038;p=16569"},"modified":"2025-01-18T09:19:25","modified_gmt":"2025-01-18T09:19:25","slug":"wpc-fence-waterproof-outdoor-wpc-fence-panel","status":"publish","type":"product","link":"https:\/\/meterny.com\/fr\/produit\/wpc-fence-waterproof-outdoor-wpc-fence-panel\/","title":{"rendered":"Cl\u00f4ture ext\u00e9rieure \u00e9tanche en WPC pour le jardin METE1800H1850 Panneau de cl\u00f4ture en WPC"},"content":{"rendered":"<div class=\"elementor-element elementor-element-c0e1d42 elementor-widget elementor-widget-heading\" data-id=\"c0e1d42\" data-element_type=\"widget\" data-widget_type=\"heading.default\">\n<div class=\"elementor-widget-container\">\n<h2 class=\"elementor-heading-title elementor-size-default\" style=\"text-align: center;\">Cl\u00f4ture ext\u00e9rieure \u00e9tanche en WPC pour le jardin<\/h2>\n<\/div>\n<\/div>\n<div class=\"elementor-element elementor-element-1f676da elementor-widget elementor-widget-heading\" data-id=\"1f676da\" data-element_type=\"widget\" data-widget_type=\"heading.default\">\n<h2 class=\"elementor-widget-container\" style=\"text-align: center;\">METE1800H1850 Sp\u00e9cifications<\/h2>\n<p>&nbsp;<\/p>\n<\/div>\n<p>METE1800H1850 Cl\u00f4ture ext\u00e9rieure \u00e9tanche en WPC avec piliers en aluminium<\/p>\n<p><strong>Mod\u00e8le<\/strong>: METE1800H1850<\/p>\n<p><strong>Type<\/strong>: Cl\u00f4ture WPC avec piliers en aluminium<\/p>\n<p><strong>Taille<\/strong>: Largeur 1800mm x Hauteur 1850mm<\/p>\n<p><strong>Surface<\/strong>: Deux surfaces - Strips et Wood Grains<\/p>\n<p><strong>Couleur<\/strong>9 options de couleurs<\/p>\n<p><strong>Longueur<\/strong>: Sur mesure<\/p>\n<p><strong>Mat\u00e9riau<\/strong>: Bois composite<\/p>\n<p><strong>Technologie des produits<\/strong>: Eco-extrusion<\/p>\n<p><img loading=\"lazy\" decoding=\"async\" class=\"alignnone wp-image-17159\" src=\"https:\/\/meterny.com\/wp-content\/uploads\/2024\/05\/H52ab0232fea245aca8ea52d8bd63596cA.png\" alt=\"Cl\u00f4ture moderne en WPC pour un am\u00e9nagement ext\u00e9rieur durable\" width=\"1024\" height=\"1068\" srcset=\"https:\/\/meterny.com\/wp-content\/uploads\/2024\/05\/H52ab0232fea245aca8ea52d8bd63596cA.png 1284w, https:\/\/meterny.com\/wp-content\/uploads\/2024\/05\/H52ab0232fea245aca8ea52d8bd63596cA-288x300.png 288w, https:\/\/meterny.com\/wp-content\/uploads\/2024\/05\/H52ab0232fea245aca8ea52d8bd63596cA-982x1024.png 982w, https:\/\/meterny.com\/wp-content\/uploads\/2024\/05\/H52ab0232fea245aca8ea52d8bd63596cA-768x801.png 768w, https:\/\/meterny.com\/wp-content\/uploads\/2024\/05\/H52ab0232fea245aca8ea52d8bd63596cA-600x626.png 600w\" sizes=\"auto, (max-width: 1024px) 100vw, 1024px\" \/><\/p>\n<p id=\"\"><strong>Nom du produit<\/strong>: Cl\u00f4ture moderne en WPC<\/p>\n<p id=\"\"><strong>Cat\u00e9gorie<\/strong>: Solutions de cl\u00f4tures ext\u00e9rieures<\/p>\n<p id=\"\"><strong>Mat\u00e9riau<\/strong>: Composite bois-plastique (WPC)<\/p>\n<p id=\"\"><strong>Conception<\/strong>: Moderne et contemporain<\/p>\n<p id=\"\"><strong>Utilisation<\/strong>: Espaces ext\u00e9rieurs, jardins, patios, piscines, etc.<\/p>\n<hr \/>\n<h3><strong>Aper\u00e7u du produit<\/strong><\/h3>\n<p id=\"\">Nous vous pr\u00e9sentons notre cl\u00f4ture moderne en WPC, un m\u00e9lange parfait de style, de durabilit\u00e9 et de fonctionnalit\u00e9 pour votre espace ext\u00e9rieur. Fabriqu\u00e9e en composite bois-plastique (WPC) de haute qualit\u00e9, cette cl\u00f4ture allie la beaut\u00e9 naturelle du bois \u00e0 la durabilit\u00e9 et \u00e0 la r\u00e9sistance aux intemp\u00e9ries du plastique, ce qui en fait un choix id\u00e9al pour les am\u00e9nagements ext\u00e9rieurs modernes.<\/p>\n<h3><strong>Caract\u00e9ristiques principales<\/strong><\/h3>\n<ol>\n<li><strong>Respectueux de l'environnement et durable<\/strong>:\n<ul>\n<li>Notre cl\u00f4ture moderne en WPC est fabriqu\u00e9e \u00e0 partir de fibres de bois recycl\u00e9es et de plastique poly\u00e9thyl\u00e8ne haute densit\u00e9, contribuant ainsi \u00e0 la r\u00e9duction des d\u00e9chets et \u00e0 la promotion d'un mode de vie durable.<\/li>\n<\/ul>\n<\/li>\n<li><strong>Durable et de longue dur\u00e9e<\/strong>:\n<ul>\n<li>Con\u00e7ue pour r\u00e9sister aux \u00e9l\u00e9ments, notamment \u00e0 l'humidit\u00e9, aux insectes et aux rayons UV, cette cl\u00f4ture conserve sa beaut\u00e9 et sa fonctionnalit\u00e9 pendant des ann\u00e9es.<\/li>\n<\/ul>\n<\/li>\n<li><strong>Faible entretien<\/strong>:\n<ul>\n<li>Aucune peinture, aucun scellement ou aucune teinture n'est n\u00e9cessaire. Il suffit de le nettoyer \u00e0 l'eau pour lui redonner un aspect neuf et impeccable.<\/li>\n<\/ul>\n<\/li>\n<li><strong>Design moderne<\/strong>:\n<ul>\n<li>Le design \u00e9pur\u00e9 et contemporain s'int\u00e8gre \u00e0 tout environnement ext\u00e9rieur moderne, ajoutant une touche de sophistication et de style \u00e0 votre jardin ou \u00e0 votre patio.<\/li>\n<\/ul>\n<\/li>\n<li><strong>R\u00e9sistance aux intemp\u00e9ries<\/strong>:\n<ul>\n<li>R\u00e9sistant \u00e0 la pourriture, au gauchissement et \u00e0 la fissuration, m\u00eame dans des conditions climatiques difficiles, il reste en excellent \u00e9tat.<\/li>\n<\/ul>\n<\/li>\n<li><strong>Polyvalent et personnalisable<\/strong>:\n<ul>\n<li>Disponible dans une gamme de couleurs, de textures et de tailles, cette cl\u00f4ture peut \u00eatre personnalis\u00e9e pour r\u00e9pondre \u00e0 vos besoins sp\u00e9cifiques et \u00e0 vos pr\u00e9f\u00e9rences en mati\u00e8re de style.<\/li>\n<\/ul>\n<\/li>\n<li><strong>Installation facile<\/strong>:\n<ul>\n<li>Con\u00e7u pour une installation simple et directe, il est facile \u00e0 bricoler et vous permet d'\u00e9conomiser sur les co\u00fbts d'installation.<\/li>\n<\/ul>\n<\/li>\n<li><strong>Renforcement de la protection de la vie priv\u00e9e et de la s\u00e9curit\u00e9<\/strong>:\n<ul>\n<li>Il cr\u00e9e une barri\u00e8re qui prot\u00e8ge votre espace ext\u00e9rieur des intrus et du bruit.<\/li>\n<\/ul>\n<\/li>\n<\/ol>\n<h3><strong>Sp\u00e9cifications techniques<\/strong><\/h3>\n<ul>\n<li><strong>Mat\u00e9riau<\/strong>: Composite bois-plastique (WPC)<\/li>\n<li><strong>Dimensions<\/strong>: Varie en fonction de la personnalisation (les tailles standard sont \u00e9galement disponibles).<\/li>\n<li><strong>Options de couleur<\/strong>: Plusieurs couleurs au choix<\/li>\n<li><strong>Texture<\/strong>: Texture de grain de bois gaufr\u00e9e en 3D pour un aspect r\u00e9aliste<\/li>\n<li><strong>Poids<\/strong>: Varie en fonction de la taille et de la personnalisation<\/li>\n<li><strong>Installation<\/strong>: Instructions faciles \u00e0 suivre incluses<\/li>\n<\/ul>\n<h3><strong>Avantages<\/strong><\/h3>\n<ul>\n<li><strong>Augmentation de la valeur de la propri\u00e9t\u00e9<\/strong>: Il ajoute un attrait esth\u00e9tique et rehausse la valeur globale de votre propri\u00e9t\u00e9.<\/li>\n<li><strong>Rentabilit\u00e9<\/strong>: Les \u00e9conomies \u00e0 long terme sur l'entretien et la durabilit\u00e9 en font un choix rentable.<\/li>\n<li><strong>Impact sur l'environnement<\/strong>: Contribue \u00e0 r\u00e9duire l'empreinte \u00e9cologique en utilisant des mat\u00e9riaux recycl\u00e9s.<\/li>\n<\/ul>\n<h3><strong>Options de personnalisation<\/strong><\/h3>\n<ul>\n<li><strong>Couleur<\/strong>: Choisissez parmi notre gamme de couleurs populaires ou cr\u00e9ez votre propre couleur personnalis\u00e9e.<\/li>\n<li><strong>Taille<\/strong>: Personnalisable pour s'adapter \u00e0 tout espace, qu'il s'agisse d'une petite bordure ou d'une grande cl\u00f4ture d'intimit\u00e9.<\/li>\n<li><strong>Conception<\/strong>: Optez pour des caract\u00e9ristiques suppl\u00e9mentaires telles que des panneaux d\u00e9coratifs, des sommets en treillis ou des \u00e9clairages int\u00e9gr\u00e9s pour un design vraiment unique.<\/li>\n<\/ul>\n<h3><strong>Guide d'installation<\/strong><\/h3>\n<ul>\n<li><strong>Pr\u00e9paration<\/strong>: Assurez-vous que la zone est d\u00e9gag\u00e9e de tout d\u00e9bris et qu'elle est plane.<\/li>\n<li><strong>Positionnement<\/strong>: Marquez l'emplacement souhait\u00e9 pour vos poteaux de cl\u00f4ture.<\/li>\n<li><strong>Assembl\u00e9e<\/strong>: Suivez les instructions faciles \u00e0 suivre fournies lors de l'achat.<\/li>\n<li><strong>Touches finales<\/strong>: Ajustez et fixez tous les \u00e9l\u00e9ments pour obtenir une cl\u00f4ture solide et \u00e9l\u00e9gante.<\/li>\n<\/ul>\n<h3>Si vous voulez en savoir plus, cliquez sur ce lien vers Youtube :<a href=\"https:\/\/youtu.be\/88PIb9PK7Bk\" target=\"_blank\" rel=\"noopener\">https:\/\/youtu.be\/88PIb9PK7Bk<\/a><\/h3>\n<p>&nbsp;<\/p>\n<h3>Galerie<\/h3>\n<figure id=\"attachment_17492\" aria-describedby=\"caption-attachment-17492\" style=\"width: 1024px\" class=\"wp-caption alignnone\"><img loading=\"lazy\" decoding=\"async\" class=\"wp-image-17492\" src=\"https:\/\/meterny.com\/wp-content\/uploads\/2024\/10\/\u90a6\u82f13-1ZHU.jpg\" alt=\"Panneau de cl\u00f4ture l\u00e9ger en WPC pour l&#039;am\u00e9nagement du jardin\" width=\"1024\" height=\"1024\" srcset=\"https:\/\/meterny.com\/wp-content\/uploads\/2024\/10\/\u90a6\u82f13-1ZHU.jpg 800w, https:\/\/meterny.com\/wp-content\/uploads\/2024\/10\/\u90a6\u82f13-1ZHU-300x300.jpg 300w, https:\/\/meterny.com\/wp-content\/uploads\/2024\/10\/\u90a6\u82f13-1ZHU-150x150.jpg 150w, https:\/\/meterny.com\/wp-content\/uploads\/2024\/10\/\u90a6\u82f13-1ZHU-768x768.jpg 768w, https:\/\/meterny.com\/wp-content\/uploads\/2024\/10\/\u90a6\u82f13-1ZHU-600x600.jpg 600w, https:\/\/meterny.com\/wp-content\/uploads\/2024\/10\/\u90a6\u82f13-1ZHU-100x100.jpg 100w\" sizes=\"auto, (max-width: 1024px) 100vw, 1024px\" \/><figcaption id=\"caption-attachment-17492\" class=\"wp-caption-text\">\u00c9l\u00e9gance sans effort avec les panneaux de cl\u00f4ture l\u00e9gers en WPC<\/figcaption><\/figure>\n<figure id=\"attachment_17172\" aria-describedby=\"caption-attachment-17172\" style=\"width: 1024px\" class=\"wp-caption alignnone\"><img loading=\"lazy\" decoding=\"async\" class=\"wp-image-17172\" src=\"https:\/\/meterny.com\/wp-content\/uploads\/2024\/05\/22-1ZHU.jpg\" alt=\"Syst\u00e8mes de cl\u00f4tures composites faciles \u00e0 installer\" width=\"1024\" height=\"1024\" srcset=\"https:\/\/meterny.com\/wp-content\/uploads\/2024\/05\/22-1ZHU.jpg 800w, https:\/\/meterny.com\/wp-content\/uploads\/2024\/05\/22-1ZHU-300x300.jpg 300w, https:\/\/meterny.com\/wp-content\/uploads\/2024\/05\/22-1ZHU-150x150.jpg 150w, https:\/\/meterny.com\/wp-content\/uploads\/2024\/05\/22-1ZHU-768x768.jpg 768w, https:\/\/meterny.com\/wp-content\/uploads\/2024\/05\/22-1ZHU-600x600.jpg 600w, https:\/\/meterny.com\/wp-content\/uploads\/2024\/05\/22-1ZHU-100x100.jpg 100w\" sizes=\"auto, (max-width: 1024px) 100vw, 1024px\" \/><figcaption id=\"caption-attachment-17172\" class=\"wp-caption-text\">Esth\u00e9tique intemporelle, z\u00e9ro compromis - Panneaux de cl\u00f4ture en WPC<\/figcaption><\/figure>\n<figure id=\"attachment_17170\" aria-describedby=\"caption-attachment-17170\" style=\"width: 1024px\" class=\"wp-caption alignnone\"><img loading=\"lazy\" decoding=\"async\" class=\"wp-image-17170\" src=\"https:\/\/meterny.com\/wp-content\/uploads\/2024\/05\/14-4zhu.jpg\" alt=\"Cl\u00f4ture robuste en WPC pour les limites de propri\u00e9t\u00e9\" width=\"1024\" height=\"1024\" srcset=\"https:\/\/meterny.com\/wp-content\/uploads\/2024\/05\/14-4zhu.jpg 800w, https:\/\/meterny.com\/wp-content\/uploads\/2024\/05\/14-4zhu-300x300.jpg 300w, https:\/\/meterny.com\/wp-content\/uploads\/2024\/05\/14-4zhu-150x150.jpg 150w, https:\/\/meterny.com\/wp-content\/uploads\/2024\/05\/14-4zhu-768x768.jpg 768w, https:\/\/meterny.com\/wp-content\/uploads\/2024\/05\/14-4zhu-600x600.jpg 600w, https:\/\/meterny.com\/wp-content\/uploads\/2024\/05\/14-4zhu-100x100.jpg 100w\" sizes=\"auto, (max-width: 1024px) 100vw, 1024px\" \/><figcaption id=\"caption-attachment-17170\" class=\"wp-caption-text\">Apportez de l'\u00e9l\u00e9gance \u00e0 votre jardin avec des cl\u00f4tures en composite de haute qualit\u00e9<\/figcaption><\/figure>\n<h3>Couleur et surface<\/h3>\n<p>Disponible en neuf couleurs distinctes, le METE1800H1850 offre des options de conception polyvalentes pour s'adapter \u00e0 tout jardin ou cadre ext\u00e9rieur. Choisissez entre deux textures de surface : des bandes classiques ou d'\u00e9l\u00e9gants grains de bois, pour compl\u00e9ter parfaitement votre paysage. Personnalisez la longueur pour r\u00e9pondre \u00e0 vos besoins sp\u00e9cifiques, afin de garantir une installation sur mesure et sans faille.<\/p>\n<figure id=\"attachment_17473\" aria-describedby=\"caption-attachment-17473\" style=\"width: 1024px\" class=\"wp-caption alignnone\"><img loading=\"lazy\" decoding=\"async\" class=\"wp-image-17473\" src=\"https:\/\/meterny.com\/wp-content\/uploads\/2024\/05\/A8c1e1d3dd6f44e7dbfc53b1a81cccee3q-1.png\" alt=\"Cl\u00f4ture WPC avec texture bois naturel\" width=\"1024\" height=\"1024\" srcset=\"https:\/\/meterny.com\/wp-content\/uploads\/2024\/05\/A8c1e1d3dd6f44e7dbfc53b1a81cccee3q-1.png 800w, https:\/\/meterny.com\/wp-content\/uploads\/2024\/05\/A8c1e1d3dd6f44e7dbfc53b1a81cccee3q-1-300x300.png 300w, https:\/\/meterny.com\/wp-content\/uploads\/2024\/05\/A8c1e1d3dd6f44e7dbfc53b1a81cccee3q-1-150x150.png 150w, https:\/\/meterny.com\/wp-content\/uploads\/2024\/05\/A8c1e1d3dd6f44e7dbfc53b1a81cccee3q-1-768x768.png 768w, https:\/\/meterny.com\/wp-content\/uploads\/2024\/05\/A8c1e1d3dd6f44e7dbfc53b1a81cccee3q-1-600x600.png 600w, https:\/\/meterny.com\/wp-content\/uploads\/2024\/05\/A8c1e1d3dd6f44e7dbfc53b1a81cccee3q-1-100x100.png 100w\" sizes=\"auto, (max-width: 1024px) 100vw, 1024px\" \/><figcaption id=\"caption-attachment-17473\" class=\"wp-caption-text\">L'avenir des cl\u00f4tures ext\u00e9rieures : \u00c9l\u00e9gantes, solides et durables<\/figcaption><\/figure>\n<p>Meterny S\u00e9rie METE Panneau WPC carte de couleurs<\/p>\n<figure id=\"attachment_20293\" aria-describedby=\"caption-attachment-20293\" style=\"width: 1024px\" class=\"wp-caption alignnone\"><img loading=\"lazy\" decoding=\"async\" class=\"wp-image-20293\" src=\"https:\/\/meterny.com\/wp-content\/uploads\/2024\/10\/METE-Series-Colour-151.png\" alt=\"Options de couleur de la cl\u00f4ture WPC Meterny\" width=\"1024\" height=\"1024\" srcset=\"https:\/\/meterny.com\/wp-content\/uploads\/2024\/10\/METE-Series-Colour-151.png 900w, https:\/\/meterny.com\/wp-content\/uploads\/2024\/10\/METE-Series-Colour-151-300x300.png 300w, https:\/\/meterny.com\/wp-content\/uploads\/2024\/10\/METE-Series-Colour-151-150x150.png 150w, https:\/\/meterny.com\/wp-content\/uploads\/2024\/10\/METE-Series-Colour-151-768x768.png 768w, https:\/\/meterny.com\/wp-content\/uploads\/2024\/10\/METE-Series-Colour-151-600x600.png 600w, https:\/\/meterny.com\/wp-content\/uploads\/2024\/10\/METE-Series-Colour-151-100x100.png 100w\" sizes=\"auto, (max-width: 1024px) 100vw, 1024px\" \/><figcaption id=\"caption-attachment-20293\" class=\"wp-caption-text\">Explore Meterny WPC Fence - Neuf superbes options de couleurs pour tous les styles<\/figcaption><\/figure>\n<h3>Durable et imperm\u00e9able<\/h3>\n<p>Fabriqu\u00e9e \u00e0 l'aide d'une technologie d'\u00e9co-extrusion avanc\u00e9e, cette cl\u00f4ture en WPC est con\u00e7ue pour durer. Ses propri\u00e9t\u00e9s imperm\u00e9ables en font un choix id\u00e9al pour toutes les conditions m\u00e9t\u00e9orologiques, garantissant une long\u00e9vit\u00e9 et un entretien minimal. Les piliers en aluminium offrent une stabilit\u00e9 suppl\u00e9mentaire, ce qui en fait une solution de cl\u00f4ture fiable et robuste pour tout jardin.<\/p>\n<p>Installations Accessoires<\/p>\n<figure id=\"attachment_17165\" aria-describedby=\"caption-attachment-17165\" style=\"width: 1024px\" class=\"wp-caption alignnone\"><img loading=\"lazy\" decoding=\"async\" class=\"wp-image-17165\" src=\"https:\/\/meterny.com\/wp-content\/uploads\/2024\/05\/Heef5f4fd9e2c4c9a9145a852eb0aedceQ-1.png\" alt=\"Accessoires complets pour l&#039;installation de cl\u00f4tures en WPC\" width=\"1024\" height=\"1054\" srcset=\"https:\/\/meterny.com\/wp-content\/uploads\/2024\/05\/Heef5f4fd9e2c4c9a9145a852eb0aedceQ-1.png 923w, https:\/\/meterny.com\/wp-content\/uploads\/2024\/05\/Heef5f4fd9e2c4c9a9145a852eb0aedceQ-1-291x300.png 291w, https:\/\/meterny.com\/wp-content\/uploads\/2024\/05\/Heef5f4fd9e2c4c9a9145a852eb0aedceQ-1-768x790.png 768w, https:\/\/meterny.com\/wp-content\/uploads\/2024\/05\/Heef5f4fd9e2c4c9a9145a852eb0aedceQ-1-600x618.png 600w\" sizes=\"auto, (max-width: 1024px) 100vw, 1024px\" \/><figcaption id=\"caption-attachment-17165\" class=\"wp-caption-text\">Accessoires d'installation de cl\u00f4ture WPC tout-en-un pour un montage sans effort<\/figcaption><\/figure>\n<h3>Pourquoi choisir une cl\u00f4ture moderne en WPC pour un am\u00e9nagement ext\u00e9rieur durable ?<\/h3>\n<p>&nbsp;<\/p>","protected":false},"excerpt":{"rendered":"<h3>Caract\u00e9ristiques principales :<\/h3>\n<p>Imperm\u00e9able et r\u00e9sistant aux intemp\u00e9ries : id\u00e9al pour une utilisation en ext\u00e9rieur sous tous les climats.<br \/>\nMat\u00e9riaux respectueux de l'environnement : Durables et respectueux de l'environnement.<br \/>\nLongueur personnalisable : Adapt\u00e9e aux dimensions sp\u00e9cifiques de votre jardin.<br \/>\nPeu d'entretien : Facile \u00e0 nettoyer et \u00e0 entretenir, contrairement au bois traditionnel.<br \/>\nOptions de double surface : Choisissez entre d'\u00e9l\u00e9gants grains de bois ou des bandes classiques pour un aspect personnalis\u00e9.<br \/>\nStabilit\u00e9 accrue : Renforc\u00e9 par des piliers en aluminium durables pour une solidit\u00e9 et une s\u00e9curit\u00e9 accrues.<\/p>\n<h3>Applications :<\/h3>\n<p>Parfait pour d\u00e9limiter les jardins, prot\u00e9ger la vie priv\u00e9e et cr\u00e9er des cl\u00f4tures d\u00e9coratives.<\/p>","protected":false},"featured_media":17159,"comment_status":"open","ping_status":"closed","template":"","meta":{"_uag_custom_page_level_css":"","site-sidebar-layout":"default","site-content-layout":"","ast-site-content-layout":"default","site-content-style":"default","site-sidebar-style":"default","ast-global-header-display":"","ast-banner-title-visibility":"","ast-main-header-display":"","ast-hfb-above-header-display":"","ast-hfb-below-header-display":"","ast-hfb-mobile-header-display":"","site-post-title":"","ast-breadcrumbs-content":"","ast-featured-img":"","footer-sml-layout":"","theme-transparent-header-meta":"default","adv-header-id-meta":"","stick-header-meta":"default","header-above-stick-meta":"","header-main-stick-meta":"","header-below-stick-meta":"","astra-migrate-meta-layouts":"set","ast-page-background-enabled":"default","ast-page-background-meta":{"desktop":{"background-color":"var(--ast-global-color-4)","background-image":"","background-repeat":"repeat","background-position":"center center","background-size":"auto","background-attachment":"scroll","background-type":"","background-media":"","overlay-type":"","overlay-color":"","overlay-opacity":"","overlay-gradient":""},"tablet":{"background-color":"","background-image":"","background-repeat":"repeat","background-position":"center center","background-size":"auto","background-attachment":"scroll","background-type":"","background-media":"","overlay-type":"","overlay-color":"","overlay-opacity":"","overlay-gradient":""},"mobile":{"background-color":"","background-image":"","background-repeat":"repeat","background-position":"center center","background-size":"auto","background-attachment":"scroll","background-type":"","background-media":"","overlay-type":"","overlay-color":"","overlay-opacity":"","overlay-gradient":""}},"ast-content-background-meta":{"desktop":{"background-color":"var(--ast-global-color-5)","background-image":"","background-repeat":"repeat","background-position":"center center","background-size":"auto","background-attachment":"scroll","background-type":"","background-media":"","overlay-type":"","overlay-color":"","overlay-opacity":"","overlay-gradient":""},"tablet":{"background-color":"var(--ast-global-color-5)","background-image":"","background-repeat":"repeat","background-position":"center center","background-size":"auto","background-attachment":"scroll","background-type":"","background-media":"","overlay-type":"","overlay-color":"","overlay-opacity":"","overlay-gradient":""},"mobile":{"background-color":"var(--ast-global-color-5)","background-image":"","background-repeat":"repeat","background-position":"center center","background-size":"auto","background-attachment":"scroll","background-type":"","background-media":"","overlay-type":"","overlay-color":"","overlay-opacity":"","overlay-gradient":""}}},"product_brand":[],"product_cat":[18],"product_tag":[186,187,188,185],"class_list":{"0":"post-16569","1":"product","2":"type-product","3":"status-publish","4":"has-post-thumbnail","6":"product_cat-uncategorized","7":"product_tag-aluminum-fence","8":"product_tag-exterior-fence","9":"product_tag-garden-fence","10":"product_tag-wpc-fence","11":"desktop-align-center","12":"tablet-align-left","13":"mobile-align-left","14":"ast-product-gallery-layout-horizontal-slider","15":"ast-product-tabs-layout-vertical","17":"first","18":"instock","19":"shipping-taxable","20":"product-type-simple"},"uagb_featured_image_src":{"full":["https:\/\/meterny.com\/wp-content\/uploads\/2024\/05\/H52ab0232fea245aca8ea52d8bd63596cA.png",1284,1339,false],"thumbnail":["https:\/\/meterny.com\/wp-content\/uploads\/2024\/05\/H52ab0232fea245aca8ea52d8bd63596cA-150x150.png",150,150,true],"medium":["https:\/\/meterny.com\/wp-content\/uploads\/2024\/05\/H52ab0232fea245aca8ea52d8bd63596cA-288x300.png",288,300,true],"medium_large":["https:\/\/meterny.com\/wp-content\/uploads\/2024\/05\/H52ab0232fea245aca8ea52d8bd63596cA-768x801.png",768,801,true],"large":["https:\/\/meterny.com\/wp-content\/uploads\/2024\/05\/H52ab0232fea245aca8ea52d8bd63596cA-982x1024.png",982,1024,true],"1536x1536":["https:\/\/meterny.com\/wp-content\/uploads\/2024\/05\/H52ab0232fea245aca8ea52d8bd63596cA.png",1284,1339,false],"2048x2048":["https:\/\/meterny.com\/wp-content\/uploads\/2024\/05\/H52ab0232fea245aca8ea52d8bd63596cA.png",1284,1339,false],"trp-custom-language-flag":["https:\/\/meterny.com\/wp-content\/uploads\/2024\/05\/H52ab0232fea245aca8ea52d8bd63596cA.png",12,12,false],"woocommerce_thumbnail":["https:\/\/meterny.com\/wp-content\/uploads\/2024\/05\/H52ab0232fea245aca8ea52d8bd63596cA-300x300.png",300,300,true],"woocommerce_single":["https:\/\/meterny.com\/wp-content\/uploads\/2024\/05\/H52ab0232fea245aca8ea52d8bd63596cA-600x626.png",600,626,true],"woocommerce_gallery_thumbnail":["https:\/\/meterny.com\/wp-content\/uploads\/2024\/05\/H52ab0232fea245aca8ea52d8bd63596cA-100x100.png",100,100,true]},"uagb_author_info":{"display_name":"meterny","author_link":"https:\/\/meterny.com\/fr\/author\/"},"uagb_comment_info":0,"uagb_excerpt":"Key Features: Waterproof and Weather-Resistant: Ideal for outdoor use in all climates. Eco-Friendly Materials: Sustainable and environmentally conscious. Customizable Length: Tailored to fit your garden's specific dimensions. Low Maintenance: Easy to clean and maintain, unlike traditional wood. Dual Surface Options: Choose between elegant wood grains or classic strips for a personalized look. Enhanced Stability: Reinforced\u2026","_links":{"self":[{"href":"https:\/\/meterny.com\/fr\/wp-json\/wp\/v2\/product\/16569","targetHints":{"allow":["GET"]}}],"collection":[{"href":"https:\/\/meterny.com\/fr\/wp-json\/wp\/v2\/product"}],"about":[{"href":"https:\/\/meterny.com\/fr\/wp-json\/wp\/v2\/types\/product"}],"replies":[{"embeddable":true,"href":"https:\/\/meterny.com\/fr\/wp-json\/wp\/v2\/comments?post=16569"}],"wp:featuredmedia":[{"embeddable":true,"href":"https:\/\/meterny.com\/fr\/wp-json\/wp\/v2\/media\/17159"}],"wp:attachment":[{"href":"https:\/\/meterny.com\/fr\/wp-json\/wp\/v2\/media?parent=16569"}],"wp:term":[{"taxonomy":"product_brand","embeddable":true,"href":"https:\/\/meterny.com\/fr\/wp-json\/wp\/v2\/product_brand?post=16569"},{"taxonomy":"product_cat","embeddable":true,"href":"https:\/\/meterny.com\/fr\/wp-json\/wp\/v2\/product_cat?post=16569"},{"taxonomy":"product_tag","embeddable":true,"href":"https:\/\/meterny.com\/fr\/wp-json\/wp\/v2\/product_tag?post=16569"}],"curies":[{"name":"wp","href":"https:\/\/api.w.org\/{rel}","templated":true}]}}