{"id":16676,"date":"2024-07-11T11:26:35","date_gmt":"2024-07-11T11:26:35","guid":{"rendered":"https:\/\/meterny.com\/?post_type=product&#038;p=16676"},"modified":"2024-10-08T02:07:15","modified_gmt":"2024-10-08T02:07:15","slug":"art-aluminum-museum-ceiling","status":"publish","type":"product","link":"https:\/\/meterny.com\/fr\/produit\/art-aluminum-museum-ceiling\/","title":{"rendered":"Art Plafond de mus\u00e9e en aluminium"},"content":{"rendered":"<p>Art Plafond de mus\u00e9e en aluminium<\/p>\n<p><strong>Type<\/strong>: Plafond du Mus\u00e9e de l'Art et de l'Aluminium<\/p>\n<p><strong>Taille<\/strong>: personnalis\u00e9<\/p>\n<p><strong>Surface<\/strong>Rev\u00eatement\/peinture : rev\u00eatement\/peinture sur mesure<\/p>\n<p><strong>Couleur<\/strong>: personnalis\u00e9<\/p>\n<p><strong>Longueur<\/strong>: Sur mesure<\/p>\n<p><strong>Mat\u00e9riau<\/strong>: Alliage d'aluminium haut de gamme<\/p>\n<p><strong>Technologie des produits<\/strong>: Forme 3D Pliage de l'aluminium<\/p>\n<h3>Description<\/h3>\n<p>Transformez votre espace mus\u00e9al avec notre plafond mus\u00e9al en aluminium, m\u00e9ticuleusement con\u00e7u pour offrir \u00e0 la fois un attrait visuel et une fonctionnalit\u00e9 sup\u00e9rieure. Fabriqu\u00e9 en aluminium de haute qualit\u00e9, ce plafond allie une esth\u00e9tique moderne \u00e0 des avantages pratiques tels qu'une meilleure acoustique et un entretien minimal. Disponible dans une vari\u00e9t\u00e9 de configurations et de finitions personnalisables, notre plafond mus\u00e9al en aluminium est parfait pour cr\u00e9er un environnement distinctif et accueillant dans n'importe quel mus\u00e9e.<\/p>\n<figure id=\"attachment_16678\" aria-describedby=\"caption-attachment-16678\" style=\"width: 1000px\" class=\"wp-caption alignnone\"><img loading=\"lazy\" decoding=\"async\" class=\"size-full wp-image-16678\" src=\"https:\/\/meterny.com\/wp-content\/uploads\/2024\/07\/Baffle-ceiling-2.jpg\" alt=\"Art Aluminum Museum Plafond dans une salle d&#039;exposition d&#039;un mus\u00e9e contemporain.\" width=\"1000\" height=\"1333\" srcset=\"https:\/\/meterny.com\/wp-content\/uploads\/2024\/07\/Baffle-ceiling-2.jpg 1000w, https:\/\/meterny.com\/wp-content\/uploads\/2024\/07\/Baffle-ceiling-2-225x300.jpg 225w, https:\/\/meterny.com\/wp-content\/uploads\/2024\/07\/Baffle-ceiling-2-768x1024.jpg 768w, https:\/\/meterny.com\/wp-content\/uploads\/2024\/07\/Baffle-ceiling-2-600x800.jpg 600w\" sizes=\"auto, (max-width: 1000px) 100vw, 1000px\" \/><figcaption id=\"caption-attachment-16678\" class=\"wp-caption-text\">Art Aluminum Museum Ceiling - Un design moderne pour des espaces d'exposition sophistiqu\u00e9s<\/figcaption><\/figure>\n<h3>Couleur et surface<\/h3>\n<ul>\n<li><strong>Vari\u00e9t\u00e9 de rev\u00eatements<\/strong>: Disponible avec n'importe quel type de rev\u00eatement ou d'impression pour r\u00e9pondre \u00e0 vos besoins en mati\u00e8re de design.<\/li>\n<li><strong>Couleurs illimit\u00e9es<\/strong>: Choisissez parmi une large gamme de couleurs, y compris des finitions m\u00e9talliques et des motifs de grain de bois, pour s'adapter \u00e0 tous les d\u00e9cors.<\/li>\n<\/ul>\n<h3>Durable et imperm\u00e9able<\/h3>\n<p>Fabriqu\u00e9 \u00e0 partir d'un alliage d'aluminium haut de gamme et d'une technologie de pliage en 3D, ce plafond en aluminium est fait pour embellir votre plafond. Ses propri\u00e9t\u00e9s imperm\u00e9ables en font un choix id\u00e9al pour toutes les conditions m\u00e9t\u00e9orologiques, garantissant une long\u00e9vit\u00e9 et un entretien minimal. Le mat\u00e9riau de haute qualit\u00e9 offre une stabilit\u00e9 suppl\u00e9mentaire, ce qui en fait un plafond fiable et robuste pour tout espace int\u00e9rieur.<\/p>\n<p>Bandes d'aluminium sur mesure pour plafonds - Am\u00e9liorer les int\u00e9rieurs r\u00e9sidentiels avec une \u00e9l\u00e9gance moderne<\/p>\n<p><img loading=\"lazy\" decoding=\"async\" class=\"size-full wp-image-16667\" src=\"https:\/\/meterny.com\/wp-content\/uploads\/2024\/07\/Baffle-ceiling-41.jpg\" alt=\"Installation de bandes d&#039;aluminium personnalis\u00e9es au plafond dans un int\u00e9rieur r\u00e9sidentiel \u00e9l\u00e9gant.\" width=\"1920\" height=\"1080\" srcset=\"https:\/\/meterny.com\/wp-content\/uploads\/2024\/07\/Baffle-ceiling-41.jpg 1920w, https:\/\/meterny.com\/wp-content\/uploads\/2024\/07\/Baffle-ceiling-41-300x169.jpg 300w, https:\/\/meterny.com\/wp-content\/uploads\/2024\/07\/Baffle-ceiling-41-1024x576.jpg 1024w, https:\/\/meterny.com\/wp-content\/uploads\/2024\/07\/Baffle-ceiling-41-768x432.jpg 768w, https:\/\/meterny.com\/wp-content\/uploads\/2024\/07\/Baffle-ceiling-41-1536x864.jpg 1536w, https:\/\/meterny.com\/wp-content\/uploads\/2024\/07\/Baffle-ceiling-41-600x338.jpg 600w\" sizes=\"auto, (max-width: 1920px) 100vw, 1920px\" \/><\/p>\n<p><strong>Pourquoi choisir le plafond Art Aluminum Museum ?<\/strong><\/p>\n<ol>\n<li><strong>Conception artistique<\/strong>: Rehaussez les int\u00e9rieurs des mus\u00e9es avec un plafond qui incarne l'art moderne.<\/li>\n<li><strong>Mat\u00e9riaux de premi\u00e8re qualit\u00e9<\/strong>: Fabriqu\u00e9 en aluminium de haute qualit\u00e9 pour une durabilit\u00e9 et une beaut\u00e9 durables.<\/li>\n<li><strong>Acoustique am\u00e9lior\u00e9e<\/strong>: Am\u00e9liorez la qualit\u00e9 du son et r\u00e9duisez les niveaux de bruit gr\u00e2ce \u00e0 des configurations efficaces.<\/li>\n<li><strong>Finitions personnalisables<\/strong>: Disponible dans une vari\u00e9t\u00e9 de finitions pour compl\u00e9ter n'importe quel espace d'exposition.<\/li>\n<li><strong>Faible entretien<\/strong>: N\u00e9cessite un minimum d'entretien pour conserver son aspect impeccable.<\/li>\n<li><strong>Polyvalence<\/strong>: Convient \u00e0 divers contextes mus\u00e9aux, des galeries aux salles d'exposition.<\/li>\n<li><strong>Environnement confortable<\/strong>: Cr\u00e9er une atmosph\u00e8re accueillante pour les visiteurs et le personnel.<\/li>\n<li><strong>Respect de l'environnement<\/strong>: Fabriqu\u00e9 \u00e0 partir de mat\u00e9riaux durables pour un design respectueux de l'environnement.<\/li>\n<li><strong>R\u00e9sistance au feu<\/strong>: Offre une s\u00e9curit\u00e9 accrue gr\u00e2ce \u00e0 d'excellentes propri\u00e9t\u00e9s de r\u00e9sistance au feu.<\/li>\n<li><strong>Valeur exceptionnelle<\/strong>: Offre qualit\u00e9 et sophistication pour les projets mus\u00e9aux de toute envergure.<\/li>\n<\/ol>","protected":false},"excerpt":{"rendered":"<p>Rehaussez votre espace mus\u00e9al avec notre plafond mus\u00e9al Art Aluminum, qui combine une esth\u00e9tique moderne, une acoustique am\u00e9lior\u00e9e et un entretien minimal pour un environnement distinctif et accueillant.<\/p>","protected":false},"featured_media":16678,"comment_status":"open","ping_status":"closed","template":"","meta":{"_uag_custom_page_level_css":"","site-sidebar-layout":"default","site-content-layout":"","ast-site-content-layout":"default","site-content-style":"default","site-sidebar-style":"default","ast-global-header-display":"","ast-banner-title-visibility":"","ast-main-header-display":"","ast-hfb-above-header-display":"","ast-hfb-below-header-display":"","ast-hfb-mobile-header-display":"","site-post-title":"","ast-breadcrumbs-content":"","ast-featured-img":"","footer-sml-layout":"","theme-transparent-header-meta":"","adv-header-id-meta":"","stick-header-meta":"","header-above-stick-meta":"","header-main-stick-meta":"","header-below-stick-meta":"","astra-migrate-meta-layouts":"default","ast-page-background-enabled":"default","ast-page-background-meta":{"desktop":{"background-color":"var(--ast-global-color-4)","background-image":"","background-repeat":"repeat","background-position":"center center","background-size":"auto","background-attachment":"scroll","background-type":"","background-media":"","overlay-type":"","overlay-color":"","overlay-opacity":"","overlay-gradient":""},"tablet":{"background-color":"","background-image":"","background-repeat":"repeat","background-position":"center center","background-size":"auto","background-attachment":"scroll","background-type":"","background-media":"","overlay-type":"","overlay-color":"","overlay-opacity":"","overlay-gradient":""},"mobile":{"background-color":"","background-image":"","background-repeat":"repeat","background-position":"center center","background-size":"auto","background-attachment":"scroll","background-type":"","background-media":"","overlay-type":"","overlay-color":"","overlay-opacity":"","overlay-gradient":""}},"ast-content-background-meta":{"desktop":{"background-color":"var(--ast-global-color-5)","background-image":"","background-repeat":"repeat","background-position":"center center","background-size":"auto","background-attachment":"scroll","background-type":"","background-media":"","overlay-type":"","overlay-color":"","overlay-opacity":"","overlay-gradient":""},"tablet":{"background-color":"var(--ast-global-color-5)","background-image":"","background-repeat":"repeat","background-position":"center center","background-size":"auto","background-attachment":"scroll","background-type":"","background-media":"","overlay-type":"","overlay-color":"","overlay-opacity":"","overlay-gradient":""},"mobile":{"background-color":"var(--ast-global-color-5)","background-image":"","background-repeat":"repeat","background-position":"center center","background-size":"auto","background-attachment":"scroll","background-type":"","background-media":"","overlay-type":"","overlay-color":"","overlay-opacity":"","overlay-gradient":""}}},"product_brand":[],"product_cat":[190],"product_tag":[191,193,194,192],"class_list":{"0":"post-16676","1":"product","2":"type-product","3":"status-publish","4":"has-post-thumbnail","6":"product_cat-aluminum-ceiling","7":"product_tag-aluminum-ceiling","8":"product_tag-baffle-ceiling","9":"product_tag-ceiling","10":"product_tag-metal-ceiling","11":"desktop-align-center","12":"tablet-align-left","13":"mobile-align-left","14":"ast-product-gallery-layout-horizontal-slider","15":"ast-product-tabs-layout-vertical","17":"first","18":"instock","19":"shipping-taxable","20":"product-type-simple"},"uagb_featured_image_src":{"full":["https:\/\/meterny.com\/wp-content\/uploads\/2024\/07\/Baffle-ceiling-2.jpg",1000,1333,false],"thumbnail":["https:\/\/meterny.com\/wp-content\/uploads\/2024\/07\/Baffle-ceiling-2-150x150.jpg",150,150,true],"medium":["https:\/\/meterny.com\/wp-content\/uploads\/2024\/07\/Baffle-ceiling-2-225x300.jpg",225,300,true],"medium_large":["https:\/\/meterny.com\/wp-content\/uploads\/2024\/07\/Baffle-ceiling-2-768x1024.jpg",768,1024,true],"large":["https:\/\/meterny.com\/wp-content\/uploads\/2024\/07\/Baffle-ceiling-2-768x1024.jpg",768,1024,true],"1536x1536":["https:\/\/meterny.com\/wp-content\/uploads\/2024\/07\/Baffle-ceiling-2.jpg",1000,1333,false],"2048x2048":["https:\/\/meterny.com\/wp-content\/uploads\/2024\/07\/Baffle-ceiling-2.jpg",1000,1333,false],"trp-custom-language-flag":["https:\/\/meterny.com\/wp-content\/uploads\/2024\/07\/Baffle-ceiling-2.jpg",9,12,false],"woocommerce_thumbnail":["https:\/\/meterny.com\/wp-content\/uploads\/2024\/07\/Baffle-ceiling-2-300x300.jpg",300,300,true],"woocommerce_single":["https:\/\/meterny.com\/wp-content\/uploads\/2024\/07\/Baffle-ceiling-2-600x800.jpg",600,800,true],"woocommerce_gallery_thumbnail":["https:\/\/meterny.com\/wp-content\/uploads\/2024\/07\/Baffle-ceiling-2-100x100.jpg",100,100,true]},"uagb_author_info":{"display_name":"meterny","author_link":"https:\/\/meterny.com\/fr\/author\/"},"uagb_comment_info":0,"uagb_excerpt":"Elevate your museum space with our Art Aluminum Museum Ceiling, combining modern aesthetics, enhanced acoustics, and minimal maintenance for a distinctive and inviting environment.","_links":{"self":[{"href":"https:\/\/meterny.com\/fr\/wp-json\/wp\/v2\/product\/16676","targetHints":{"allow":["GET"]}}],"collection":[{"href":"https:\/\/meterny.com\/fr\/wp-json\/wp\/v2\/product"}],"about":[{"href":"https:\/\/meterny.com\/fr\/wp-json\/wp\/v2\/types\/product"}],"replies":[{"embeddable":true,"href":"https:\/\/meterny.com\/fr\/wp-json\/wp\/v2\/comments?post=16676"}],"wp:featuredmedia":[{"embeddable":true,"href":"https:\/\/meterny.com\/fr\/wp-json\/wp\/v2\/media\/16678"}],"wp:attachment":[{"href":"https:\/\/meterny.com\/fr\/wp-json\/wp\/v2\/media?parent=16676"}],"wp:term":[{"taxonomy":"product_brand","embeddable":true,"href":"https:\/\/meterny.com\/fr\/wp-json\/wp\/v2\/product_brand?post=16676"},{"taxonomy":"product_cat","embeddable":true,"href":"https:\/\/meterny.com\/fr\/wp-json\/wp\/v2\/product_cat?post=16676"},{"taxonomy":"product_tag","embeddable":true,"href":"https:\/\/meterny.com\/fr\/wp-json\/wp\/v2\/product_tag?post=16676"}],"curies":[{"name":"wp","href":"https:\/\/api.w.org\/{rel}","templated":true}]}}