{"id":16925,"date":"2024-09-06T13:56:51","date_gmt":"2024-09-06T13:56:51","guid":{"rendered":"https:\/\/meterny.com\/?post_type=product&#038;p=16925"},"modified":"2025-01-18T13:09:22","modified_gmt":"2025-01-18T13:09:22","slug":"aluminum-pergola","status":"publish","type":"product","link":"https:\/\/meterny.com\/fr\/produit\/aluminum-pergola\/","title":{"rendered":"Pergola en aluminium Meterny avec syst\u00e8me AquaGuard Plafond motoris\u00e9 Gazebo en aluminium Pavillon"},"content":{"rendered":"<h1 style=\"text-align: center;\">Pergola en aluminium avec plafond motoris\u00e9 et syst\u00e8me AquaGuard Meterny<\/h1>\n<p><strong>Type<\/strong>: Pergola en aluminium avec plafond motoris\u00e9 et syst\u00e8me AquaGuard Meterny<\/p>\n<p><strong>Taille<\/strong>: personnalis\u00e9<\/p>\n<p><strong>Surface<\/strong>Rev\u00eatement\/peinture : rev\u00eatement\/peinture sur mesure<\/p>\n<p><strong>Couleur<\/strong>: personnalis\u00e9<\/p>\n<p><strong>Longueur<\/strong>: Sur mesure<\/p>\n<p><strong>Mat\u00e9riau<\/strong>: Alliage d'aluminium haut de gamme<\/p>\n<p><strong>Technologie des produits<\/strong>: Meterny Syst\u00e8me anti-fuite AquaGuard<\/p>\n<figure id=\"attachment_16983\" aria-describedby=\"caption-attachment-16983\" style=\"width: 1024px\" class=\"wp-caption alignnone\"><img loading=\"lazy\" decoding=\"async\" class=\"wp-image-16983\" src=\"https:\/\/meterny.com\/wp-content\/uploads\/2024\/09\/54-5\u4e3b.jpg\" alt=\"pavillon en aluminium facile \u00e0 installer structure l\u00e9g\u00e8re\" width=\"1024\" height=\"1024\" srcset=\"https:\/\/meterny.com\/wp-content\/uploads\/2024\/09\/54-5\u4e3b.jpg 800w, https:\/\/meterny.com\/wp-content\/uploads\/2024\/09\/54-5\u4e3b-300x300.jpg 300w, https:\/\/meterny.com\/wp-content\/uploads\/2024\/09\/54-5\u4e3b-150x150.jpg 150w, https:\/\/meterny.com\/wp-content\/uploads\/2024\/09\/54-5\u4e3b-768x768.jpg 768w, https:\/\/meterny.com\/wp-content\/uploads\/2024\/09\/54-5\u4e3b-600x600.jpg 600w, https:\/\/meterny.com\/wp-content\/uploads\/2024\/09\/54-5\u4e3b-100x100.jpg 100w\" sizes=\"auto, (max-width: 1024px) 100vw, 1024px\" \/><figcaption id=\"caption-attachment-16983\" class=\"wp-caption-text\">Pavillon en aluminium facile \u00e0 installer<\/figcaption><\/figure>\n<h3>Nom du produit<\/h3>\n<p id=\"\">Pergola en aluminium<\/p>\n<h3>Aper\u00e7u du produit<\/h3>\n<p id=\"\">La pergola en aluminium est une structure ext\u00e9rieure \u00e9l\u00e9gante et durable con\u00e7ue pour fournir de l'ombre et am\u00e9liorer l'attrait esth\u00e9tique de votre espace ext\u00e9rieur. Construite en alliage d'aluminium de haute qualit\u00e9, cette pergola offre une solidit\u00e9 et une r\u00e9sistance aux intemp\u00e9ries exceptionnelles, ce qui lui permet de r\u00e9sister aux \u00e9l\u00e9ments tout en conservant sa belle apparence. Convenant \u00e0 une vari\u00e9t\u00e9 d'environnements ext\u00e9rieurs, y compris les patios, les jardins et les balcons, la pergola en aluminium est l'ajout parfait \u00e0 votre espace de vie ext\u00e9rieur.<\/p>\n<h3>Caract\u00e9ristiques principales<\/h3>\n<ol>\n<li><strong>Mat\u00e9riaux de haute qualit\u00e9<\/strong>: Fabriqu\u00e9 en alliage d'aluminium r\u00e9sistant \u00e0 la rouille, il garantit une longue dur\u00e9e de vie et une r\u00e9sistance aux conditions m\u00e9t\u00e9orologiques.<\/li>\n<li><strong>Design \u00e9l\u00e9gant<\/strong>: Avec un design \u00e9pur\u00e9 et moderne, il ajoute une touche de sophistication et d'\u00e9l\u00e9gance \u00e0 tout espace ext\u00e9rieur.<\/li>\n<li><strong>Options personnalisables<\/strong>: Disponible dans une vari\u00e9t\u00e9 de tailles, de couleurs et de finitions pour r\u00e9pondre aux pr\u00e9f\u00e9rences individuelles et s'int\u00e9grer harmonieusement au d\u00e9cor existant.<\/li>\n<li><strong>Installation facile<\/strong>: Con\u00e7ue pour une installation rapide et facile, elle permet d'\u00e9conomiser du temps et des efforts tout en garantissant une structure s\u00fbre et stable.<\/li>\n<li><strong>Faible entretien<\/strong>: N\u00e9cessitant un minimum d'entretien, c'est le choix id\u00e9al pour les propri\u00e9taires occup\u00e9s qui souhaitent profiter de leur espace ext\u00e9rieur sans avoir \u00e0 se pr\u00e9occuper de l'entretien constant.<\/li>\n<\/ol>\n<h3>Sp\u00e9cifications techniques<\/h3>\n<table class=\"OxEWNITQ\">\n<thead>\n<tr>\n<th>Sp\u00e9cifications<\/th>\n<th>Description d\u00e9taill\u00e9e<\/th>\n<\/tr>\n<\/thead>\n<tbody>\n<tr>\n<td>Mat\u00e9riau<\/td>\n<td>Alliage d'aluminium de haute qualit\u00e9<\/td>\n<\/tr>\n<tr>\n<td>Options de finition<\/td>\n<td>Rev\u00eatement en poudre, anodis\u00e9 et autres (personnalisable)<\/td>\n<\/tr>\n<tr>\n<td>Options de taille<\/td>\n<td>Dimensions personnalisables en fonction des besoins du client<\/td>\n<\/tr>\n<tr>\n<td>Poids<\/td>\n<td>D\u00e9termin\u00e9 par la taille et la configuration r\u00e9elles<\/td>\n<\/tr>\n<tr>\n<td>R\u00e9sistance aux intemp\u00e9ries<\/td>\n<td>R\u00e9sistant \u00e0 la rouille, \u00e0 la corrosion et \u00e0 diverses conditions m\u00e9t\u00e9orologiques<\/td>\n<\/tr>\n<tr>\n<td>Assembl\u00e9e<\/td>\n<td>Instructions de montage faciles \u00e0 suivre<\/td>\n<\/tr>\n<\/tbody>\n<\/table>\n<h3>Sc\u00e9narios d'application<\/h3>\n<ul>\n<li><strong>Patios<\/strong>: Fournit une zone ombrag\u00e9e pour les repas en plein air, la d\u00e9tente et les divertissements.<\/li>\n<li><strong>Jardins<\/strong>: Ajoute un point focal et am\u00e9liore l'esth\u00e9tique du paysage de votre jardin.<\/li>\n<li><strong>Balcons<\/strong>: Offre une solution d'ombrage \u00e9l\u00e9gante et fonctionnelle pour les petits espaces ext\u00e9rieurs.<\/li>\n<li><strong>Espaces commerciaux<\/strong>: Convient aux caf\u00e9s, restaurants et autres espaces ext\u00e9rieurs commerciaux, am\u00e9liorant l'exp\u00e9rience des clients et l'ambiance g\u00e9n\u00e9rale.<\/li>\n<\/ul>\n<h3>Installation et maintenance<\/h3>\n<ul>\n<li><strong>Installation<\/strong>: Suivez les instructions d'assemblage fournies pour une installation facile et s\u00fbre. Pour une installation professionnelle, veuillez contacter notre service client\u00e8le.<\/li>\n<li><strong>Maintenance<\/strong>: Nettoyez r\u00e9guli\u00e8rement la surface en aluminium \u00e0 l'aide d'un chiffon doux et d'un d\u00e9tergent doux pour conserver son bel aspect. V\u00e9rifiez qu'il n'y a pas de connexions ou de ferrures desserr\u00e9es et resserrez-les si n\u00e9cessaire.<\/li>\n<\/ul>\n<h3>Services de personnalisation<\/h3>\n<p id=\"\">Nous proposons des services de personnalisation complets, notamment en ce qui concerne la taille, la couleur, la finition, etc. Veuillez contacter notre service client\u00e8le en fonction de vos besoins sp\u00e9cifiques, et nous vous fournirons un plan de personnalisation professionnel.<\/p>\n<h3>Service apr\u00e8s-vente<\/h3>\n<p id=\"\">Nous nous engageons \u00e0 fournir un excellent service apr\u00e8s-vente, y compris des conseils sur les produits, des conseils d'installation et une assistance \u00e0 la maintenance. Si vous avez des questions ou des besoins, n'h\u00e9sitez pas \u00e0 contacter notre service client\u00e8le, qui se fera un plaisir de vous aider.<\/p>\n<p>&nbsp;<\/p>\n<h3>Si vous voulez en savoir plus, cliquez sur ce lien vers Youtube :<a href=\"https:\/\/youtu.be\/J8DMrYIno6U\" target=\"_blank\" rel=\"noopener\">https:\/\/youtu.be\/J8DMrYIno6U<\/a><\/h3>\n<figure id=\"attachment_16950\" aria-describedby=\"caption-attachment-16950\" style=\"width: 1024px\" class=\"wp-caption alignnone\"><img loading=\"lazy\" decoding=\"async\" class=\"wp-image-16950\" src=\"https:\/\/meterny.com\/wp-content\/uploads\/2024\/09\/About-Meterny@3x.png\" alt=\"Comparaison de la pergola en aluminium de Meterny avec d&#039;autres pergolas\" width=\"1024\" height=\"1447\" srcset=\"https:\/\/meterny.com\/wp-content\/uploads\/2024\/09\/About-Meterny@3x.png 1787w, https:\/\/meterny.com\/wp-content\/uploads\/2024\/09\/About-Meterny@3x-212x300.png 212w, https:\/\/meterny.com\/wp-content\/uploads\/2024\/09\/About-Meterny@3x-724x1024.png 724w, https:\/\/meterny.com\/wp-content\/uploads\/2024\/09\/About-Meterny@3x-768x1086.png 768w, https:\/\/meterny.com\/wp-content\/uploads\/2024\/09\/About-Meterny@3x-1087x1536.png 1087w, https:\/\/meterny.com\/wp-content\/uploads\/2024\/09\/About-Meterny@3x-1449x2048.png 1449w, https:\/\/meterny.com\/wp-content\/uploads\/2024\/09\/About-Meterny@3x-600x848.png 600w\" sizes=\"auto, (max-width: 1024px) 100vw, 1024px\" \/><figcaption id=\"caption-attachment-16950\" class=\"wp-caption-text\">Pergolas Meterny vs. pergolas traditionnelles : des caract\u00e9ristiques sup\u00e9rieures<\/figcaption><\/figure>\n<p>Voici la pergola en aluminium avec plafond motoris\u00e9, con\u00e7ue avec le syst\u00e8me anti-fuite Meterny AquaGuard pour assurer une protection sup\u00e9rieure contre la pluie et les fuites d'eau. Gr\u00e2ce au syst\u00e8me anti-fuite METERNY AquaGuard, les persiennes s'\u00e9tendent jusqu'\u00e0 l'int\u00e9rieur de l'\u00e9vier, emp\u00eachant l'eau de pluie de s'infiltrer \u00e0 l'int\u00e9rieur de l'\u00e9vier le long de la partie inf\u00e9rieure des persiennes.<\/p>\n<p>Avec le syst\u00e8me anti-fuite METERNY AquaGuard Augmentez la bande d'\u00e9tanch\u00e9it\u00e9 \u00e0 l'extr\u00e9mit\u00e9 de la lame pour emp\u00eacher l'eau de pluie de s'infiltrer par l'espace entre les lames.Cette pergola est parfaite pour les espaces ext\u00e9rieurs, offrant une structure en aluminium \u00e9l\u00e9gante et durable qui compl\u00e8te les paysages modernes. Le plafond motoris\u00e9 permet de contr\u00f4ler facilement la lumi\u00e8re et l'ombre, s'adaptant aux conditions m\u00e9t\u00e9orologiques changeantes sur simple pression d'un bouton.<\/p>\n<p>Associ\u00e9e au syst\u00e8me AquaGuard, cette pergola offre une r\u00e9sistance \u00e0 l'eau in\u00e9gal\u00e9e, garantissant un espace ext\u00e9rieur sec et confortable m\u00eame en cas de fortes pluies. Id\u00e9ale pour les patios, les jardins et les terrasses, elle am\u00e9liore \u00e0 la fois la fonctionnalit\u00e9 et l'attrait esth\u00e9tique de votre espace ext\u00e9rieur.<\/p>\n<figure id=\"attachment_20288\" aria-describedby=\"caption-attachment-20288\" style=\"width: 1024px\" class=\"wp-caption alignnone\"><img loading=\"lazy\" decoding=\"async\" class=\"wp-image-20288\" src=\"https:\/\/meterny.com\/wp-content\/uploads\/2024\/10\/WPC-Colour-Card@3x.png\" alt=\"Meterny&#039;s Aluminum Pergola Water Leakage Prevention Design (Pr\u00e9vention des fuites d&#039;eau de la pergola en aluminium)\" width=\"1024\" height=\"1024\" srcset=\"https:\/\/meterny.com\/wp-content\/uploads\/2024\/10\/WPC-Colour-Card@3x.png 800w, https:\/\/meterny.com\/wp-content\/uploads\/2024\/10\/WPC-Colour-Card@3x-300x300.png 300w, https:\/\/meterny.com\/wp-content\/uploads\/2024\/10\/WPC-Colour-Card@3x-150x150.png 150w, https:\/\/meterny.com\/wp-content\/uploads\/2024\/10\/WPC-Colour-Card@3x-768x768.png 768w, https:\/\/meterny.com\/wp-content\/uploads\/2024\/10\/WPC-Colour-Card@3x-600x600.png 600w, https:\/\/meterny.com\/wp-content\/uploads\/2024\/10\/WPC-Colour-Card@3x-100x100.png 100w\" sizes=\"auto, (max-width: 1024px) 100vw, 1024px\" \/><figcaption id=\"caption-attachment-20288\" class=\"wp-caption-text\">Conception innovante de pr\u00e9vention des fuites d'eau de Meterny<\/figcaption><\/figure>\n<figure id=\"attachment_16951\" aria-describedby=\"caption-attachment-16951\" style=\"width: 1024px\" class=\"wp-caption alignnone\"><img loading=\"lazy\" decoding=\"async\" class=\"wp-image-16951\" src=\"https:\/\/meterny.com\/wp-content\/uploads\/2024\/09\/\u753b\u677f-16@3x.png\" alt=\"Pergola en aluminium de Meterny : un design brevet\u00e9 exclusif\" width=\"1024\" height=\"1448\" srcset=\"https:\/\/meterny.com\/wp-content\/uploads\/2024\/09\/\u753b\u677f-16@3x.png 1787w, https:\/\/meterny.com\/wp-content\/uploads\/2024\/09\/\u753b\u677f-16@3x-212x300.png 212w, https:\/\/meterny.com\/wp-content\/uploads\/2024\/09\/\u753b\u677f-16@3x-724x1024.png 724w, https:\/\/meterny.com\/wp-content\/uploads\/2024\/09\/\u753b\u677f-16@3x-768x1086.png 768w, https:\/\/meterny.com\/wp-content\/uploads\/2024\/09\/\u753b\u677f-16@3x-1086x1536.png 1086w, https:\/\/meterny.com\/wp-content\/uploads\/2024\/09\/\u753b\u677f-16@3x-1448x2048.png 1448w, https:\/\/meterny.com\/wp-content\/uploads\/2024\/09\/\u753b\u677f-16@3x-600x848.png 600w\" sizes=\"auto, (max-width: 1024px) 100vw, 1024px\" \/><figcaption id=\"caption-attachment-16951\" class=\"wp-caption-text\">Le design brevet\u00e9 de Meterny : Une pergola pas comme les autres<\/figcaption><\/figure>\n<h3><strong>Pourquoi choisir la pergola en aluminium avec plafond motoris\u00e9 et syst\u00e8me AquaGuard Meterny ?<\/strong><\/h3>\n<p id=\"\">Le choix d'une pergola en aluminium est une d\u00e9cision judicieuse pour plusieurs raisons imp\u00e9rieuses :<\/p>\n<ol>\n<li><strong>Durabilit\u00e9 et r\u00e9sistance aux intemp\u00e9ries<\/strong>:\n<ul>\n<li>L'aluminium est un mat\u00e9riau tr\u00e8s durable qui r\u00e9siste \u00e0 la rouille, \u00e0 la corrosion et \u00e0 d'autres dommages li\u00e9s aux intemp\u00e9ries. Cela garantit que votre pergola conservera son int\u00e9grit\u00e9 structurelle et sa belle apparence pendant de nombreuses ann\u00e9es, m\u00eame dans des environnements ext\u00e9rieurs difficiles.<\/li>\n<\/ul>\n<\/li>\n<li><strong>L\u00e9ger et facile \u00e0 installer<\/strong>:\n<ul>\n<li>L'aluminium est beaucoup plus l\u00e9ger que les mat\u00e9riaux traditionnels tels que le bois ou l'acier, ce qui le rend plus facile \u00e0 transporter et \u00e0 installer. Cela peut vous faire gagner du temps et de l'argent sur les co\u00fbts d'installation, et permet \u00e9galement des options de conception plus flexibles.<\/li>\n<\/ul>\n<\/li>\n<li><strong>Faible entretien<\/strong>:\n<ul>\n<li>Contrairement au bois, l'aluminium n'a pas besoin d'\u00eatre scell\u00e9, peint ou entretenu r\u00e9guli\u00e8rement. Avec un minimum d'entretien, votre pergola conservera son aspect et ses performances pendant de nombreuses ann\u00e9es.<\/li>\n<\/ul>\n<\/li>\n<li><strong>Options personnalisables<\/strong>:\n<ul>\n<li>Les pergolas en aluminium sont disponibles dans une large gamme de tailles, de styles et de finitions, ce qui vous permet de cr\u00e9er une structure ext\u00e9rieure personnalis\u00e9e qui correspond parfaitement \u00e0 vos pr\u00e9f\u00e9rences personnelles et \u00e0 votre espace ext\u00e9rieur.<\/li>\n<\/ul>\n<\/li>\n<li><strong>Am\u00e9lioration de l'attrait esth\u00e9tique<\/strong>:\n<ul>\n<li>Le design \u00e9pur\u00e9 et moderne des pergolas en aluminium ajoute une touche de sophistication et d'\u00e9l\u00e9gance \u00e0 tout espace ext\u00e9rieur. Que vous souhaitiez cr\u00e9er un coin repas confortable, un lieu de d\u00e9tente ou un point focal \u00e9l\u00e9gant pour votre jardin, une pergola en aluminium peut vous aider \u00e0 r\u00e9aliser votre vision.<\/li>\n<\/ul>\n<\/li>\n<li><strong>Rentabilit\u00e9<\/strong>:\n<ul>\n<li>Si l'investissement initial dans une pergola en aluminium peut \u00eatre plus \u00e9lev\u00e9 que pour d'autres mat\u00e9riaux, sa durabilit\u00e9 \u00e0 long terme et ses faibles besoins d'entretien en font un choix rentable. Vous \u00e9conomiserez de l'argent sur les r\u00e9parations et les remplacements au fil du temps, et vous profiterez de la beaut\u00e9 et de la fonctionnalit\u00e9 de votre pergola pendant de nombreuses ann\u00e9es.<\/li>\n<\/ul>\n<\/li>\n<li><strong>Polyvalence<\/strong>:\n<ul>\n<li>Les pergolas en aluminium sont polyvalentes et peuvent \u00eatre utilis\u00e9es dans une vari\u00e9t\u00e9 d'environnements ext\u00e9rieurs, y compris les patios, les jardins, les balcons et les espaces commerciaux. Elles offrent de l'ombre et une protection contre les \u00e9l\u00e9ments, ce qui les rend id\u00e9ales pour les repas en plein air, la d\u00e9tente et les divertissements.<\/li>\n<\/ul>\n<\/li>\n<\/ol>\n<p id=\"\">En r\u00e9sum\u00e9, le choix de la pergola en aluminium offre une combinaison de durabilit\u00e9, de facilit\u00e9 d'installation, de faible entretien, d'options personnalisables, d'attrait esth\u00e9tique am\u00e9lior\u00e9, de rentabilit\u00e9 et de polyvalence. Il s'agit d'un investissement intelligent dans votre espace de vie ext\u00e9rieur qui vous procurera des ann\u00e9es de plaisir et de valeur.<\/p>\n<p>&nbsp;<\/p>","protected":false},"excerpt":{"rendered":"<p>Am\u00e9liorez votre exp\u00e9rience ext\u00e9rieure avec la pergola en aluminium dot\u00e9e d'un plafond motoris\u00e9 et du syst\u00e8me anti-fuite innovant Meterny AquaGuard, offrant une protection compl\u00e8te contre les intemp\u00e9ries et un style moderne.<\/p>","protected":false},"featured_media":16983,"comment_status":"open","ping_status":"closed","template":"","meta":{"_uag_custom_page_level_css":"","site-sidebar-layout":"default","site-content-layout":"","ast-site-content-layout":"default","site-content-style":"default","site-sidebar-style":"default","ast-global-header-display":"","ast-banner-title-visibility":"","ast-main-header-display":"","ast-hfb-above-header-display":"","ast-hfb-below-header-display":"","ast-hfb-mobile-header-display":"","site-post-title":"","ast-breadcrumbs-content":"","ast-featured-img":"","footer-sml-layout":"","theme-transparent-header-meta":"default","adv-header-id-meta":"","stick-header-meta":"default","header-above-stick-meta":"","header-main-stick-meta":"","header-below-stick-meta":"","astra-migrate-meta-layouts":"set","ast-page-background-enabled":"default","ast-page-background-meta":{"desktop":{"background-color":"var(--ast-global-color-4)","background-image":"","background-repeat":"repeat","background-position":"center center","background-size":"auto","background-attachment":"scroll","background-type":"","background-media":"","overlay-type":"","overlay-color":"","overlay-opacity":"","overlay-gradient":""},"tablet":{"background-color":"","background-image":"","background-repeat":"repeat","background-position":"center center","background-size":"auto","background-attachment":"scroll","background-type":"","background-media":"","overlay-type":"","overlay-color":"","overlay-opacity":"","overlay-gradient":""},"mobile":{"background-color":"","background-image":"","background-repeat":"repeat","background-position":"center center","background-size":"auto","background-attachment":"scroll","background-type":"","background-media":"","overlay-type":"","overlay-color":"","overlay-opacity":"","overlay-gradient":""}},"ast-content-background-meta":{"desktop":{"background-color":"var(--ast-global-color-5)","background-image":"","background-repeat":"repeat","background-position":"center center","background-size":"auto","background-attachment":"scroll","background-type":"","background-media":"","overlay-type":"","overlay-color":"","overlay-opacity":"","overlay-gradient":""},"tablet":{"background-color":"var(--ast-global-color-5)","background-image":"","background-repeat":"repeat","background-position":"center center","background-size":"auto","background-attachment":"scroll","background-type":"","background-media":"","overlay-type":"","overlay-color":"","overlay-opacity":"","overlay-gradient":""},"mobile":{"background-color":"var(--ast-global-color-5)","background-image":"","background-repeat":"repeat","background-position":"center center","background-size":"auto","background-attachment":"scroll","background-type":"","background-media":"","overlay-type":"","overlay-color":"","overlay-opacity":"","overlay-gradient":""}}},"product_brand":[],"product_cat":[18],"product_tag":[212,211,209,210,208],"class_list":{"0":"post-16925","1":"product","2":"type-product","3":"status-publish","4":"has-post-thumbnail","6":"product_cat-uncategorized","7":"product_tag-aluminum-pergola","8":"product_tag-gazebo","9":"product_tag-motor-ceiling-pergola","10":"product_tag-pavilion","11":"product_tag-pergola","12":"desktop-align-center","13":"tablet-align-left","14":"mobile-align-left","15":"ast-product-gallery-layout-horizontal-slider","16":"ast-product-single-variable","17":"ast-product-tabs-layout-vertical","19":"first","20":"instock","21":"shipping-taxable","22":"product-type-variable"},"uagb_featured_image_src":{"full":["https:\/\/meterny.com\/wp-content\/uploads\/2024\/09\/54-5\u4e3b.jpg",800,800,false],"thumbnail":["https:\/\/meterny.com\/wp-content\/uploads\/2024\/09\/54-5\u4e3b-150x150.jpg",150,150,true],"medium":["https:\/\/meterny.com\/wp-content\/uploads\/2024\/09\/54-5\u4e3b-300x300.jpg",300,300,true],"medium_large":["https:\/\/meterny.com\/wp-content\/uploads\/2024\/09\/54-5\u4e3b-768x768.jpg",768,768,true],"large":["https:\/\/meterny.com\/wp-content\/uploads\/2024\/09\/54-5\u4e3b.jpg",800,800,false],"1536x1536":["https:\/\/meterny.com\/wp-content\/uploads\/2024\/09\/54-5\u4e3b.jpg",800,800,false],"2048x2048":["https:\/\/meterny.com\/wp-content\/uploads\/2024\/09\/54-5\u4e3b.jpg",800,800,false],"trp-custom-language-flag":["https:\/\/meterny.com\/wp-content\/uploads\/2024\/09\/54-5\u4e3b.jpg",12,12,false],"woocommerce_thumbnail":["https:\/\/meterny.com\/wp-content\/uploads\/2024\/09\/54-5\u4e3b-300x300.jpg",300,300,true],"woocommerce_single":["https:\/\/meterny.com\/wp-content\/uploads\/2024\/09\/54-5\u4e3b-600x600.jpg",600,600,true],"woocommerce_gallery_thumbnail":["https:\/\/meterny.com\/wp-content\/uploads\/2024\/09\/54-5\u4e3b-100x100.jpg",100,100,true]},"uagb_author_info":{"display_name":"meterny","author_link":"https:\/\/meterny.com\/fr\/author\/"},"uagb_comment_info":0,"uagb_excerpt":"Upgrade your outdoor experience with the Aluminum Pergola featuring a motorized ceiling and the innovative Meterny AquaGuard Anti-Leak System, offering complete weather protection and modern style.","_links":{"self":[{"href":"https:\/\/meterny.com\/fr\/wp-json\/wp\/v2\/product\/16925","targetHints":{"allow":["GET"]}}],"collection":[{"href":"https:\/\/meterny.com\/fr\/wp-json\/wp\/v2\/product"}],"about":[{"href":"https:\/\/meterny.com\/fr\/wp-json\/wp\/v2\/types\/product"}],"replies":[{"embeddable":true,"href":"https:\/\/meterny.com\/fr\/wp-json\/wp\/v2\/comments?post=16925"}],"wp:featuredmedia":[{"embeddable":true,"href":"https:\/\/meterny.com\/fr\/wp-json\/wp\/v2\/media\/16983"}],"wp:attachment":[{"href":"https:\/\/meterny.com\/fr\/wp-json\/wp\/v2\/media?parent=16925"}],"wp:term":[{"taxonomy":"product_brand","embeddable":true,"href":"https:\/\/meterny.com\/fr\/wp-json\/wp\/v2\/product_brand?post=16925"},{"taxonomy":"product_cat","embeddable":true,"href":"https:\/\/meterny.com\/fr\/wp-json\/wp\/v2\/product_cat?post=16925"},{"taxonomy":"product_tag","embeddable":true,"href":"https:\/\/meterny.com\/fr\/wp-json\/wp\/v2\/product_tag?post=16925"}],"curies":[{"name":"wp","href":"https:\/\/api.w.org\/{rel}","templated":true}]}}