{"id":16932,"date":"2024-09-07T13:38:55","date_gmt":"2024-09-07T13:38:55","guid":{"rendered":"https:\/\/meterny.com\/?post_type=product&#038;p=16932"},"modified":"2025-01-18T13:06:24","modified_gmt":"2025-01-18T13:06:24","slug":"motorized-ceiling-pergola","status":"publish","type":"product","link":"https:\/\/meterny.com\/fr\/produit\/motorized-ceiling-pergola\/","title":{"rendered":"Pergola Bioclimatique Plafond Motoris\u00e9 Pergola Aluminium Gazebo Aluminium Ext\u00e9rieur"},"content":{"rendered":"<h1 style=\"text-align: center;\">Pergola Bioclimatique Plafond Motoris\u00e9 Pergola Aluminium Gazebo Aluminium Ext\u00e9rieur<\/h1>\n<p><strong>Type<\/strong>: Pergola en aluminium avec plafond motoris\u00e9 et syst\u00e8me AquaGuard Meterny<\/p>\n<p><strong>Taille<\/strong>: personnalis\u00e9<\/p>\n<p><strong>Surface<\/strong>Rev\u00eatement\/peinture : rev\u00eatement\/peinture sur mesure<\/p>\n<p><strong>Couleur<\/strong>: personnalis\u00e9<\/p>\n<p><strong>Longueur<\/strong>: Sur mesure<\/p>\n<p><strong>Mat\u00e9riau<\/strong>: Alliage d'aluminium haut de gamme<\/p>\n<p><strong>Technologie des produits<\/strong>: Meterny Syst\u00e8me anti-fuite AquaGuard<\/p>\n<figure id=\"attachment_17064\" aria-describedby=\"caption-attachment-17064\" style=\"width: 1024px\" class=\"wp-caption alignnone\"><img loading=\"lazy\" decoding=\"async\" class=\"wp-image-17064\" src=\"https:\/\/meterny.com\/wp-content\/uploads\/2024\/09\/54-1zhu.jpg\" alt=\"Plafond motoris\u00e9 Pergola\" width=\"1024\" height=\"1024\" srcset=\"https:\/\/meterny.com\/wp-content\/uploads\/2024\/09\/54-1zhu.jpg 800w, https:\/\/meterny.com\/wp-content\/uploads\/2024\/09\/54-1zhu-300x300.jpg 300w, https:\/\/meterny.com\/wp-content\/uploads\/2024\/09\/54-1zhu-150x150.jpg 150w, https:\/\/meterny.com\/wp-content\/uploads\/2024\/09\/54-1zhu-768x768.jpg 768w, https:\/\/meterny.com\/wp-content\/uploads\/2024\/09\/54-1zhu-600x600.jpg 600w, https:\/\/meterny.com\/wp-content\/uploads\/2024\/09\/54-1zhu-100x100.jpg 100w\" sizes=\"auto, (max-width: 1024px) 100vw, 1024px\" \/><figcaption id=\"caption-attachment-17064\" class=\"wp-caption-text\">Pergola en aluminium blanc : Votre espace id\u00e9al sous le soleil<\/figcaption><\/figure>\n<h3>Nom du produit<\/h3>\n<p id=\"\">Plafond motoris\u00e9 Pergola<\/p>\n<h3>Aper\u00e7u du produit<\/h3>\n<p id=\"\">La pergola \u00e0 plafond motoris\u00e9 est une solution d'ombrage ext\u00e9rieure innovante qui allie beaut\u00e9 et fonctionnalit\u00e9. Gr\u00e2ce \u00e0 son syst\u00e8me \u00e9lectrique, les utilisateurs peuvent facilement contr\u00f4ler l'extension et la r\u00e9traction de l'auvent, offrant ainsi un ombrage flexible et des effets d\u00e9coratifs pour les espaces ext\u00e9rieurs. Adapt\u00e9 aux patios, jardins, balcons et autres environnements ext\u00e9rieurs, ce produit ajoute confort et plaisir \u00e0 votre style de vie en plein air.<\/p>\n<h3>Caract\u00e9ristiques principales<\/h3>\n<ol>\n<li><strong>Contr\u00f4le \u00e9lectrique<\/strong>: \u00c9quip\u00e9 d'un syst\u00e8me \u00e9lectrique efficace, il est possible d'utiliser une t\u00e9l\u00e9commande ou une commande intelligente pour faciliter l'utilisation et le r\u00e9glage personnalis\u00e9 de l'ouverture et de la fermeture de l'auvent.<\/li>\n<li><strong>Mat\u00e9riaux de premi\u00e8re qualit\u00e9<\/strong>: Fabriqu\u00e9 \u00e0 partir de cadres en alliage d'aluminium tr\u00e8s r\u00e9sistants et d'un tissu imperm\u00e9able de haute qualit\u00e9, il offre une forte r\u00e9sistance au vent et une grande durabilit\u00e9, garantissant des performances d'ombrage stables \u00e0 long terme.<\/li>\n<li><strong>Design \u00e9l\u00e9gant<\/strong>: Avec un design \u00e9pur\u00e9, il est \u00e9l\u00e9gant et de bon go\u00fbt, se mariant parfaitement avec diff\u00e9rents styles de d\u00e9coration ext\u00e9rieure pour am\u00e9liorer l'esth\u00e9tique globale de l'espace.<\/li>\n<li><strong>Capteurs intelligents<\/strong>\u00a0(en option) : \u00c9quip\u00e9 de capteurs intelligents qui ajustent automatiquement l'\u00e9tat de la canop\u00e9e en fonction de facteurs environnementaux tels que l'intensit\u00e9 lumineuse et la vitesse du vent, pour une gestion intelligente.<\/li>\n<li><strong>Installation et entretien faciles<\/strong>: Conception modulaire pour une installation rapide et facile ; le tissu est facile \u00e0 nettoyer et les co\u00fbts d'entretien sont faibles.<\/li>\n<\/ol>\n<h3>Sp\u00e9cifications techniques de la Pergola \u00e0 plafond motoris\u00e9<\/h3>\n<table class=\"OxEWNITQ\">\n<thead>\n<tr>\n<th>Sp\u00e9cifications<\/th>\n<th>Description d\u00e9taill\u00e9e<\/th>\n<\/tr>\n<\/thead>\n<tbody>\n<tr>\n<td>Mat\u00e9riau du cadre<\/td>\n<td>Alliage d'aluminium \u00e0 haute r\u00e9sistance<\/td>\n<\/tr>\n<tr>\n<td>Mat\u00e9riau du tissu<\/td>\n<td>Tissu imperm\u00e9able de haute qualit\u00e9<\/td>\n<\/tr>\n<tr>\n<td>M\u00e9thode de contr\u00f4le<\/td>\n<td>Commande \u00e0 distance\/intelligente<\/td>\n<\/tr>\n<tr>\n<td>Taille \u00e9tendue<\/td>\n<td>Dimensions personnalisables en fonction des besoins du client<\/td>\n<\/tr>\n<tr>\n<td>Taille de l'emballage<\/td>\n<td>Emballage personnalis\u00e9 en fonction de la taille r\u00e9elle<\/td>\n<\/tr>\n<tr>\n<td>Poids brut<\/td>\n<td>D\u00e9termin\u00e9 par la taille et la configuration r\u00e9elles<\/td>\n<\/tr>\n<tr>\n<td>Puissance requise<\/td>\n<td>AC 220V (r\u00e9glable en fonction des besoins du client)<\/td>\n<\/tr>\n<tr>\n<td>Consommation \u00e9lectrique<\/td>\n<td>Conception \u00e0 faible consommation d'\u00e9nergie pour une meilleure efficacit\u00e9 \u00e9nerg\u00e9tique<\/td>\n<\/tr>\n<tr>\n<td>Indice d'imperm\u00e9abilit\u00e9<\/td>\n<td>IPX4 (r\u00e9sistant aux \u00e9claboussures)<\/td>\n<\/tr>\n<tr>\n<td>Dur\u00e9e de vie<\/td>\n<td>Ann\u00e9es d'utilisation, en fonction de l'environnement d'utilisation et de l'entretien<\/td>\n<\/tr>\n<\/tbody>\n<\/table>\n<h3>Sc\u00e9narios d'application<\/h3>\n<ul>\n<li><strong>Patios<\/strong>: Fournit de l'ombre et des effets d\u00e9coratifs pour les patios, cr\u00e9ant ainsi un espace de loisir ext\u00e9rieur confortable.<\/li>\n<li><strong>Jardins<\/strong>: Permet de cr\u00e9er de l'ombre et d'am\u00e9liorer l'esth\u00e9tique du paysage dans les jardins.<\/li>\n<li><strong>Balcons<\/strong>: Convient \u00e0 divers environnements de balcons, offrant des solutions d'ombrage flexibles.<\/li>\n<li><strong>Autres espaces ext\u00e9rieurs<\/strong>: Les patios des caf\u00e9s, les restaurants ext\u00e9rieurs des h\u00f4tels, etc., am\u00e9liorent la qualit\u00e9 des lieux et l'exp\u00e9rience des utilisateurs.<\/li>\n<\/ul>\n<h3>Installation et maintenance<\/h3>\n<ul>\n<li><strong>Installation<\/strong>: Suivez les instructions d'installation figurant dans le manuel du produit pour vous assurer que tous les composants sont correctement connect\u00e9s et fix\u00e9s. Pour des services d'installation professionnels, veuillez contacter notre service client\u00e8le.<\/li>\n<li><strong>Maintenance<\/strong>: Nettoyez r\u00e9guli\u00e8rement le tissu et le cadre pour maintenir le produit en ordre ; v\u00e9rifiez le bon fonctionnement du syst\u00e8me \u00e9lectrique et contactez rapidement le service apr\u00e8s-vente en cas d'anomalie.<\/li>\n<\/ul>\n<h3>Services de personnalisation<\/h3>\n<p id=\"\">Nous proposons des services de personnalisation complets, notamment en ce qui concerne la taille, la couleur, le mat\u00e9riau du tissu, etc. Veuillez contacter notre service client\u00e8le en fonction de vos besoins sp\u00e9cifiques, et nous vous fournirons un plan de personnalisation professionnel.<\/p>\n<h3>Service apr\u00e8s-vente<\/h3>\n<p id=\"\">Nous nous engageons \u00e0 fournir un excellent service apr\u00e8s-vente, y compris des conseils sur les produits, des conseils d'installation, une assistance \u00e0 la maintenance et aux r\u00e9parations. Si vous avez des questions ou des besoins, n'h\u00e9sitez pas \u00e0 contacter notre service client\u00e8le, qui se fera un plaisir de vous aider.<\/p>\n<h3>Si vous voulez en savoir plus, cliquez sur ce lien vers Youtube :<a href=\"https:\/\/youtu.be\/QQ1L_SL1a1Q\" target=\"_blank\" rel=\"noopener\">https:\/\/youtu.be\/QQ1L_SL1a1Q<\/a><\/h3>\n<figure id=\"attachment_16950\" aria-describedby=\"caption-attachment-16950\" style=\"width: 1024px\" class=\"wp-caption alignnone\"><img loading=\"lazy\" decoding=\"async\" class=\"wp-image-16950\" src=\"https:\/\/meterny.com\/wp-content\/uploads\/2024\/09\/About-Meterny@3x.png\" alt=\"Comparaison de la pergola en aluminium de Meterny avec d&#039;autres pergolas\" width=\"1024\" height=\"1447\" srcset=\"https:\/\/meterny.com\/wp-content\/uploads\/2024\/09\/About-Meterny@3x.png 1787w, https:\/\/meterny.com\/wp-content\/uploads\/2024\/09\/About-Meterny@3x-212x300.png 212w, https:\/\/meterny.com\/wp-content\/uploads\/2024\/09\/About-Meterny@3x-724x1024.png 724w, https:\/\/meterny.com\/wp-content\/uploads\/2024\/09\/About-Meterny@3x-768x1086.png 768w, https:\/\/meterny.com\/wp-content\/uploads\/2024\/09\/About-Meterny@3x-1087x1536.png 1087w, https:\/\/meterny.com\/wp-content\/uploads\/2024\/09\/About-Meterny@3x-1449x2048.png 1449w, https:\/\/meterny.com\/wp-content\/uploads\/2024\/09\/About-Meterny@3x-600x848.png 600w\" sizes=\"auto, (max-width: 1024px) 100vw, 1024px\" \/><figcaption id=\"caption-attachment-16950\" class=\"wp-caption-text\">Pergolas Meterny vs. pergolas traditionnelles : des caract\u00e9ristiques sup\u00e9rieures<\/figcaption><\/figure>\n<p>La pergola \u00e0 plafond motoris\u00e9 apporte une combinaison de commodit\u00e9, de fonctionnalit\u00e9 et de style aux espaces ext\u00e9rieurs. Elle permet de contr\u00f4ler facilement l'extension et la r\u00e9traction de la toile, offrant ainsi des options d'ombrage flexibles adapt\u00e9es aux besoins de chacun. De plus, son design \u00e9l\u00e9gant et moderne rehausse l'attrait esth\u00e9tique des espaces ext\u00e9rieurs, tels que les patios, les jardins et les balcons. Dans l'ensemble, la pergola \u00e0 plafond motoris\u00e9 ajoute confort, fonctionnalit\u00e9 et une touche d'\u00e9l\u00e9gance \u00e0 tout espace de vie ext\u00e9rieur.<\/p>\n<figure id=\"attachment_20288\" aria-describedby=\"caption-attachment-20288\" style=\"width: 1024px\" class=\"wp-caption alignnone\"><img loading=\"lazy\" decoding=\"async\" class=\"wp-image-20288\" src=\"https:\/\/meterny.com\/wp-content\/uploads\/2024\/10\/WPC-Colour-Card@3x.png\" alt=\"Meterny&#039;s Aluminum Pergola Water Leakage Prevention Design (Pr\u00e9vention des fuites d&#039;eau de la pergola en aluminium)\" width=\"1024\" height=\"1024\" srcset=\"https:\/\/meterny.com\/wp-content\/uploads\/2024\/10\/WPC-Colour-Card@3x.png 800w, https:\/\/meterny.com\/wp-content\/uploads\/2024\/10\/WPC-Colour-Card@3x-300x300.png 300w, https:\/\/meterny.com\/wp-content\/uploads\/2024\/10\/WPC-Colour-Card@3x-150x150.png 150w, https:\/\/meterny.com\/wp-content\/uploads\/2024\/10\/WPC-Colour-Card@3x-768x768.png 768w, https:\/\/meterny.com\/wp-content\/uploads\/2024\/10\/WPC-Colour-Card@3x-600x600.png 600w, https:\/\/meterny.com\/wp-content\/uploads\/2024\/10\/WPC-Colour-Card@3x-100x100.png 100w\" sizes=\"auto, (max-width: 1024px) 100vw, 1024px\" \/><figcaption id=\"caption-attachment-20288\" class=\"wp-caption-text\">Conception innovante de pr\u00e9vention des fuites d'eau de Meterny<\/figcaption><\/figure>\n<figure id=\"attachment_16951\" aria-describedby=\"caption-attachment-16951\" style=\"width: 1024px\" class=\"wp-caption alignnone\"><img loading=\"lazy\" decoding=\"async\" class=\"wp-image-16951\" src=\"https:\/\/meterny.com\/wp-content\/uploads\/2024\/09\/\u753b\u677f-16@3x.png\" alt=\"Pergola en aluminium de Meterny : un design brevet\u00e9 exclusif\" width=\"1024\" height=\"1448\" srcset=\"https:\/\/meterny.com\/wp-content\/uploads\/2024\/09\/\u753b\u677f-16@3x.png 1787w, https:\/\/meterny.com\/wp-content\/uploads\/2024\/09\/\u753b\u677f-16@3x-212x300.png 212w, https:\/\/meterny.com\/wp-content\/uploads\/2024\/09\/\u753b\u677f-16@3x-724x1024.png 724w, https:\/\/meterny.com\/wp-content\/uploads\/2024\/09\/\u753b\u677f-16@3x-768x1086.png 768w, https:\/\/meterny.com\/wp-content\/uploads\/2024\/09\/\u753b\u677f-16@3x-1086x1536.png 1086w, https:\/\/meterny.com\/wp-content\/uploads\/2024\/09\/\u753b\u677f-16@3x-1448x2048.png 1448w, https:\/\/meterny.com\/wp-content\/uploads\/2024\/09\/\u753b\u677f-16@3x-600x848.png 600w\" sizes=\"auto, (max-width: 1024px) 100vw, 1024px\" \/><figcaption id=\"caption-attachment-16951\" class=\"wp-caption-text\">Le design brevet\u00e9 de Meterny : Une pergola pas comme les autres<\/figcaption><\/figure>\n<h3><strong>Pourquoi choisir la pergola \u00e0 plafond motoris\u00e9 ?<\/strong><\/h3>\n<ol>\n<li><strong>Un contr\u00f4le sans faille<\/strong>: Le syst\u00e8me motoris\u00e9 vous permet d'ajuster facilement le plafond pour obtenir une lumi\u00e8re, une ombre et une ventilation optimales en appuyant sur un bouton de la t\u00e9l\u00e9commande.<\/li>\n<li><strong>Protection tous temps<\/strong>: Con\u00e7us pour r\u00e9sister aux diff\u00e9rentes conditions m\u00e9t\u00e9orologiques, ils offrent un confort et une fonctionnalit\u00e9 tout au long de l'ann\u00e9e pour vos espaces ext\u00e9rieurs.<\/li>\n<li><strong>Construction durable<\/strong>: Fabriqu\u00e9 \u00e0 partir de mat\u00e9riaux de haute qualit\u00e9 comme l'aluminium, il garantit la long\u00e9vit\u00e9, la r\u00e9sistance \u00e0 la rouille et un entretien minimal.<\/li>\n<li><strong>Esth\u00e9tique moderne<\/strong>: Ajoute un aspect \u00e9l\u00e9gant et contemporain \u00e0 n'importe quel espace ext\u00e9rieur, alliant style et fonctionnalit\u00e9 pratique.<\/li>\n<li><strong>Conception personnalisable<\/strong>: Disponible en diff\u00e9rentes tailles, finitions et couleurs pour s'adapter \u00e0 votre style personnel ou architectural.<\/li>\n<li><strong>Un confort accru<\/strong>: La flexibilit\u00e9 permet de s'adapter aussi bien aux journ\u00e9es ensoleill\u00e9es qu'aux journ\u00e9es nuageuses, ce qui rend votre espace ext\u00e9rieur confortable quel que soit le temps.<\/li>\n<li><strong>Applications polyvalentes<\/strong>: Id\u00e9al pour les patios, les jardins, les terrasses, les bords de piscine et bien plus encore, ce qui en fait un excellent choix pour un usage r\u00e9sidentiel ou commercial.<\/li>\n<li><strong>Respect de l'environnement<\/strong>: Utilise des mat\u00e9riaux durables et recyclables, favorisant ainsi un am\u00e9nagement ext\u00e9rieur respectueux de l'environnement.<\/li>\n<li><strong>Augmentation de la valeur de la propri\u00e9t\u00e9<\/strong>: La mise en place d'un espace ext\u00e9rieur attrayant et fonctionnel renforce l'attrait et la valeur de votre maison ou de votre entreprise.<\/li>\n<li><strong>Installation simple<\/strong>: Con\u00e7u pour une installation rapide et facile, qu'il s'agisse d'un projet de bricolage ou d'une installation professionnelle.<\/li>\n<\/ol>","protected":false},"excerpt":{"rendered":"<p>Profitez d'un contr\u00f4le total de votre espace ext\u00e9rieur avec la pergola motoris\u00e9e au plafond, qui offre ombre, ventilation et protection par simple pression d'un bouton.<\/p>","protected":false},"featured_media":17064,"comment_status":"open","ping_status":"closed","template":"","meta":{"_uag_custom_page_level_css":"","site-sidebar-layout":"default","site-content-layout":"","ast-site-content-layout":"default","site-content-style":"default","site-sidebar-style":"default","ast-global-header-display":"","ast-banner-title-visibility":"","ast-main-header-display":"","ast-hfb-above-header-display":"","ast-hfb-below-header-display":"","ast-hfb-mobile-header-display":"","site-post-title":"","ast-breadcrumbs-content":"","ast-featured-img":"","footer-sml-layout":"","theme-transparent-header-meta":"default","adv-header-id-meta":"","stick-header-meta":"default","header-above-stick-meta":"","header-main-stick-meta":"","header-below-stick-meta":"","astra-migrate-meta-layouts":"set","ast-page-background-enabled":"default","ast-page-background-meta":{"desktop":{"background-color":"var(--ast-global-color-4)","background-image":"","background-repeat":"repeat","background-position":"center center","background-size":"auto","background-attachment":"scroll","background-type":"","background-media":"","overlay-type":"","overlay-color":"","overlay-opacity":"","overlay-gradient":""},"tablet":{"background-color":"","background-image":"","background-repeat":"repeat","background-position":"center center","background-size":"auto","background-attachment":"scroll","background-type":"","background-media":"","overlay-type":"","overlay-color":"","overlay-opacity":"","overlay-gradient":""},"mobile":{"background-color":"","background-image":"","background-repeat":"repeat","background-position":"center center","background-size":"auto","background-attachment":"scroll","background-type":"","background-media":"","overlay-type":"","overlay-color":"","overlay-opacity":"","overlay-gradient":""}},"ast-content-background-meta":{"desktop":{"background-color":"var(--ast-global-color-5)","background-image":"","background-repeat":"repeat","background-position":"center center","background-size":"auto","background-attachment":"scroll","background-type":"","background-media":"","overlay-type":"","overlay-color":"","overlay-opacity":"","overlay-gradient":""},"tablet":{"background-color":"var(--ast-global-color-5)","background-image":"","background-repeat":"repeat","background-position":"center center","background-size":"auto","background-attachment":"scroll","background-type":"","background-media":"","overlay-type":"","overlay-color":"","overlay-opacity":"","overlay-gradient":""},"mobile":{"background-color":"var(--ast-global-color-5)","background-image":"","background-repeat":"repeat","background-position":"center center","background-size":"auto","background-attachment":"scroll","background-type":"","background-media":"","overlay-type":"","overlay-color":"","overlay-opacity":"","overlay-gradient":""}}},"product_brand":[],"product_cat":[18],"product_tag":[212,214,213,215,208],"class_list":{"0":"post-16932","1":"product","2":"type-product","3":"status-publish","4":"has-post-thumbnail","6":"product_cat-uncategorized","7":"product_tag-aluminum-pergola","8":"product_tag-ceiling-pergola","9":"product_tag-motorized-ceiling-pergola","10":"product_tag-motorized-pergola","11":"product_tag-pergola","12":"desktop-align-center","13":"tablet-align-left","14":"mobile-align-left","15":"ast-product-gallery-layout-horizontal-slider","16":"ast-product-single-variable","17":"ast-product-tabs-layout-vertical","19":"first","20":"instock","21":"shipping-taxable","22":"product-type-variable"},"uagb_featured_image_src":{"full":["https:\/\/meterny.com\/wp-content\/uploads\/2024\/09\/54-1zhu.jpg",800,800,false],"thumbnail":["https:\/\/meterny.com\/wp-content\/uploads\/2024\/09\/54-1zhu-150x150.jpg",150,150,true],"medium":["https:\/\/meterny.com\/wp-content\/uploads\/2024\/09\/54-1zhu-300x300.jpg",300,300,true],"medium_large":["https:\/\/meterny.com\/wp-content\/uploads\/2024\/09\/54-1zhu-768x768.jpg",768,768,true],"large":["https:\/\/meterny.com\/wp-content\/uploads\/2024\/09\/54-1zhu.jpg",800,800,false],"1536x1536":["https:\/\/meterny.com\/wp-content\/uploads\/2024\/09\/54-1zhu.jpg",800,800,false],"2048x2048":["https:\/\/meterny.com\/wp-content\/uploads\/2024\/09\/54-1zhu.jpg",800,800,false],"trp-custom-language-flag":["https:\/\/meterny.com\/wp-content\/uploads\/2024\/09\/54-1zhu.jpg",12,12,false],"woocommerce_thumbnail":["https:\/\/meterny.com\/wp-content\/uploads\/2024\/09\/54-1zhu-300x300.jpg",300,300,true],"woocommerce_single":["https:\/\/meterny.com\/wp-content\/uploads\/2024\/09\/54-1zhu-600x600.jpg",600,600,true],"woocommerce_gallery_thumbnail":["https:\/\/meterny.com\/wp-content\/uploads\/2024\/09\/54-1zhu-100x100.jpg",100,100,true]},"uagb_author_info":{"display_name":"meterny","author_link":"https:\/\/meterny.com\/fr\/author\/"},"uagb_comment_info":0,"uagb_excerpt":"Enjoy full control of your outdoor space with the Motorized Ceiling Pergola, offering shade, ventilation, and protection at the touch of a button.","_links":{"self":[{"href":"https:\/\/meterny.com\/fr\/wp-json\/wp\/v2\/product\/16932","targetHints":{"allow":["GET"]}}],"collection":[{"href":"https:\/\/meterny.com\/fr\/wp-json\/wp\/v2\/product"}],"about":[{"href":"https:\/\/meterny.com\/fr\/wp-json\/wp\/v2\/types\/product"}],"replies":[{"embeddable":true,"href":"https:\/\/meterny.com\/fr\/wp-json\/wp\/v2\/comments?post=16932"}],"wp:featuredmedia":[{"embeddable":true,"href":"https:\/\/meterny.com\/fr\/wp-json\/wp\/v2\/media\/17064"}],"wp:attachment":[{"href":"https:\/\/meterny.com\/fr\/wp-json\/wp\/v2\/media?parent=16932"}],"wp:term":[{"taxonomy":"product_brand","embeddable":true,"href":"https:\/\/meterny.com\/fr\/wp-json\/wp\/v2\/product_brand?post=16932"},{"taxonomy":"product_cat","embeddable":true,"href":"https:\/\/meterny.com\/fr\/wp-json\/wp\/v2\/product_cat?post=16932"},{"taxonomy":"product_tag","embeddable":true,"href":"https:\/\/meterny.com\/fr\/wp-json\/wp\/v2\/product_tag?post=16932"}],"curies":[{"name":"wp","href":"https:\/\/api.w.org\/{rel}","templated":true}]}}