{"id":17180,"date":"2024-10-07T12:25:11","date_gmt":"2024-10-07T12:25:11","guid":{"rendered":"https:\/\/meterny.com\/?post_type=product&#038;p=17180"},"modified":"2025-01-18T13:01:30","modified_gmt":"2025-01-18T13:01:30","slug":"motorized-aluminum-gazebo-aluminum-pergola","status":"publish","type":"product","link":"https:\/\/meterny.com\/fr\/produit\/motorized-aluminum-gazebo-aluminum-pergola\/","title":{"rendered":"Gazebo pergola en aluminium motoris\u00e9 Couleur noire Gazebo pergola en m\u00e9tal aluminium bioclimatique"},"content":{"rendered":"<h1 style=\"text-align: center;\">\u00a0Gazebo en aluminium motoris\u00e9 Couleur noire Aluminium M\u00e9tal Pergola bioclimatique<\/h1>\n<p><strong>Type<\/strong>: Gazebo motoris\u00e9 en aluminium<\/p>\n<p><strong>Taille<\/strong>: personnalis\u00e9<\/p>\n<p><strong>Surface<\/strong>Rev\u00eatement\/peinture : rev\u00eatement\/peinture sur mesure<\/p>\n<p><strong>Couleur<\/strong>: personnalis\u00e9<\/p>\n<p><strong>Longueur<\/strong>: Sur mesure<\/p>\n<p><strong>Mat\u00e9riau<\/strong>: Alliage d'aluminium haut de gamme<\/p>\n<p><strong>Technologie des produits<\/strong>: Meterny Syst\u00e8me anti-fuite AquaGuard<\/p>\n<p id=\"\"><strong>\u00c0 la une<\/strong>:<br \/>\nFaites l'exp\u00e9rience de l'\u00e9l\u00e9gance et de la commodit\u00e9 avec le gazebo motoris\u00e9 en aluminium<\/p>\n<hr \/>\n<p><strong>Images du produit<\/strong>:<\/p>\n<figure id=\"attachment_16985\" aria-describedby=\"caption-attachment-16985\" style=\"width: 1024px\" class=\"wp-caption alignnone\"><img loading=\"lazy\" decoding=\"async\" class=\"wp-image-16985\" src=\"https:\/\/meterny.com\/wp-content\/uploads\/2024\/09\/9-4zhu.jpg\" alt=\"Gazebo motoris\u00e9 en aluminium\" width=\"1024\" height=\"1024\" srcset=\"https:\/\/meterny.com\/wp-content\/uploads\/2024\/09\/9-4zhu.jpg 800w, https:\/\/meterny.com\/wp-content\/uploads\/2024\/09\/9-4zhu-300x300.jpg 300w, https:\/\/meterny.com\/wp-content\/uploads\/2024\/09\/9-4zhu-150x150.jpg 150w, https:\/\/meterny.com\/wp-content\/uploads\/2024\/09\/9-4zhu-768x768.jpg 768w, https:\/\/meterny.com\/wp-content\/uploads\/2024\/09\/9-4zhu-600x600.jpg 600w, https:\/\/meterny.com\/wp-content\/uploads\/2024\/09\/9-4zhu-100x100.jpg 100w\" sizes=\"auto, (max-width: 1024px) 100vw, 1024px\" \/><figcaption id=\"caption-attachment-16985\" class=\"wp-caption-text\">Pergola noire intemporelle pour les all\u00e9es d'un parc<\/figcaption><\/figure>\n<hr \/>\n<p id=\"\"><strong>Description du produit<\/strong>:<\/p>\n<p id=\"\">Voici le gazebo motoris\u00e9 en aluminium, la solution ultime pour vivre \u00e0 l'ext\u00e9rieur qui allie \u00e9l\u00e9gance, fonctionnalit\u00e9 et commodit\u00e9. Fabriqu\u00e9 en aluminium de haute qualit\u00e9, ce gazebo offre une durabilit\u00e9 sup\u00e9rieure et une r\u00e9sistance aux intemp\u00e9ries, ce qui vous permet de profiter de l'ext\u00e9rieur en toute saison.<\/p>\n<p id=\"\"><strong>Caract\u00e9ristiques principales<\/strong>:<\/p>\n<ul>\n<li><strong>Verri\u00e8re motoris\u00e9e<\/strong>: Ajustez la canop\u00e9e ou les persiennes en toute simplicit\u00e9 \u00e0 l'aide d'une t\u00e9l\u00e9commande ou de l'int\u00e9gration d'une application smartphone. Personnalisez les param\u00e8tres de votre gazebo en fonction de vos besoins et de vos pr\u00e9f\u00e9rences, en cr\u00e9ant l'environnement ext\u00e9rieur parfait pour toutes les occasions.<\/li>\n<li><strong>Construction en aluminium de haute qualit\u00e9<\/strong>: Fabriqu\u00e9 en aluminium durable et l\u00e9ger, le gazebo est con\u00e7u pour r\u00e9sister aux rigueurs de l'utilisation en ext\u00e9rieur. Ses propri\u00e9t\u00e9s anticorrosion garantissent une performance et une fiabilit\u00e9 durables, m\u00eame dans des conditions m\u00e9t\u00e9orologiques difficiles.<\/li>\n<li><strong>Conception personnalisable<\/strong>: Adaptez la conception du gazebo \u00e0 vos go\u00fbts et \u00e0 vos besoins sp\u00e9cifiques. Choisissez parmi une gamme d'options personnalisables, y compris les couleurs de l'auvent, les motifs des persiennes et les finitions du cadre, pour cr\u00e9er un gazebo qui compl\u00e8te votre espace ext\u00e9rieur et en am\u00e9liore l'attrait g\u00e9n\u00e9ral.<\/li>\n<li><strong>Espace ext\u00e9rieur polyvalent<\/strong>: Le gazebo motoris\u00e9 en aluminium offre un espace ext\u00e9rieur polyvalent qui peut \u00eatre utilis\u00e9 pour une vari\u00e9t\u00e9 d'activit\u00e9s. Qu'il s'agisse d'un repas en plein air, d'un moment de d\u00e9tente entre amis ou d'une r\u00e9union de famille, le gazebo offre le cadre id\u00e9al pour profiter de l'ext\u00e9rieur dans le confort et le style.<\/li>\n<li><strong>Installation et entretien faciles<\/strong>: Le gazebo est livr\u00e9 avec des instructions d'installation compl\u00e8tes et ne n\u00e9cessite qu'un entretien minimal. Gr\u00e2ce \u00e0 sa conception robuste et \u00e0 ses fonctions faciles \u00e0 utiliser, vous pourrez profiter de votre gazebo pendant des ann\u00e9es avec un minimum d'efforts.<\/li>\n<\/ul>\n<p id=\"\"><strong>Sp\u00e9cifications<\/strong>:<\/p>\n<ul>\n<li><strong>Mat\u00e9riau<\/strong>: Aluminium de haute qualit\u00e9<\/li>\n<li><strong>Mat\u00e9riau du baldaquin\/de la persienne<\/strong>: Tissu r\u00e9sistant aux intemp\u00e9ries\/aluminium<\/li>\n<li><strong>Options de finition du cadre<\/strong>: Rev\u00eatement en poudre, aluminium bross\u00e9, etc.<\/li>\n<li><strong>Couleurs de l'auvent\/des persiennes<\/strong>: Plusieurs options disponibles<\/li>\n<li><strong>Dimensions<\/strong>(Fournir les dimensions sp\u00e9cifiques du gazebo, y compris la largeur, la longueur et la hauteur)<\/li>\n<li><strong>Poids<\/strong>(200-450kg)<\/li>\n<li><strong>Source d'\u00e9nergie<\/strong>: \u00c9lectrique (commande \u00e0 distance ou int\u00e9gration d'une application smartphone)<\/li>\n<li><strong>Garantie<\/strong>(plus de 10 ans)<\/li>\n<\/ul>\n<h3>Si vous voulez en savoir plus, cliquez sur ce lien vers Youtube :<a href=\"https:\/\/youtu.be\/RDBg0nXdM1I\" target=\"_blank\" rel=\"noopener\">https:\/\/youtu.be\/RDBg0nXdM1I<\/a><\/h3>\n<p>&nbsp;<\/p>\n<figure id=\"attachment_16950\" aria-describedby=\"caption-attachment-16950\" style=\"width: 1024px\" class=\"wp-caption alignnone\"><img loading=\"lazy\" decoding=\"async\" class=\"wp-image-16950\" src=\"https:\/\/meterny.com\/wp-content\/uploads\/2024\/09\/About-Meterny@3x.png\" alt=\"Comparaison de la pergola en aluminium de Meterny avec d&#039;autres pergolas\" width=\"1024\" height=\"1447\" srcset=\"https:\/\/meterny.com\/wp-content\/uploads\/2024\/09\/About-Meterny@3x.png 1787w, https:\/\/meterny.com\/wp-content\/uploads\/2024\/09\/About-Meterny@3x-212x300.png 212w, https:\/\/meterny.com\/wp-content\/uploads\/2024\/09\/About-Meterny@3x-724x1024.png 724w, https:\/\/meterny.com\/wp-content\/uploads\/2024\/09\/About-Meterny@3x-768x1086.png 768w, https:\/\/meterny.com\/wp-content\/uploads\/2024\/09\/About-Meterny@3x-1087x1536.png 1087w, https:\/\/meterny.com\/wp-content\/uploads\/2024\/09\/About-Meterny@3x-1449x2048.png 1449w, https:\/\/meterny.com\/wp-content\/uploads\/2024\/09\/About-Meterny@3x-600x848.png 600w\" sizes=\"auto, (max-width: 1024px) 100vw, 1024px\" \/><figcaption id=\"caption-attachment-16950\" class=\"wp-caption-text\">Pergolas Meterny vs. pergolas traditionnelles : des caract\u00e9ristiques sup\u00e9rieures<\/figcaption><\/figure>\n<p>Le Gazebo en aluminium motoris\u00e9 est une structure ext\u00e9rieure \u00e9l\u00e9gante et fonctionnelle, dot\u00e9e d'un auvent ou de persiennes motoris\u00e9es qui peuvent \u00eatre facilement r\u00e9gl\u00e9es \u00e0 l'aide d'une t\u00e9l\u00e9commande ou d'une application pour smartphone. Fabriqu\u00e9 en aluminium de haute qualit\u00e9, il offre une durabilit\u00e9 sup\u00e9rieure et une r\u00e9sistance aux intemp\u00e9ries, ce qui le rend parfait pour profiter de l'ext\u00e9rieur en toute saison. Avec son design \u00e9l\u00e9gant et ses options personnalisables, ce gazebo am\u00e9liore votre espace de vie ext\u00e9rieur, offrant un cadre polyvalent et \u00e9l\u00e9gant pour les repas, la d\u00e9tente et les divertissements.<\/p>\n<p>&nbsp;<\/p>\n<figure id=\"attachment_20288\" aria-describedby=\"caption-attachment-20288\" style=\"width: 1024px\" class=\"wp-caption alignnone\"><img loading=\"lazy\" decoding=\"async\" class=\"wp-image-20288\" src=\"https:\/\/meterny.com\/wp-content\/uploads\/2024\/10\/WPC-Colour-Card@3x.png\" alt=\"Meterny&#039;s Aluminum Pergola Water Leakage Prevention Design (Pr\u00e9vention des fuites d&#039;eau de la pergola en aluminium)\" width=\"1024\" height=\"1024\" srcset=\"https:\/\/meterny.com\/wp-content\/uploads\/2024\/10\/WPC-Colour-Card@3x.png 800w, https:\/\/meterny.com\/wp-content\/uploads\/2024\/10\/WPC-Colour-Card@3x-300x300.png 300w, https:\/\/meterny.com\/wp-content\/uploads\/2024\/10\/WPC-Colour-Card@3x-150x150.png 150w, https:\/\/meterny.com\/wp-content\/uploads\/2024\/10\/WPC-Colour-Card@3x-768x768.png 768w, https:\/\/meterny.com\/wp-content\/uploads\/2024\/10\/WPC-Colour-Card@3x-600x600.png 600w, https:\/\/meterny.com\/wp-content\/uploads\/2024\/10\/WPC-Colour-Card@3x-100x100.png 100w\" sizes=\"auto, (max-width: 1024px) 100vw, 1024px\" \/><figcaption id=\"caption-attachment-20288\" class=\"wp-caption-text\">Conception innovante de pr\u00e9vention des fuites d'eau de Meterny<\/figcaption><\/figure>\n<figure id=\"attachment_16951\" aria-describedby=\"caption-attachment-16951\" style=\"width: 1024px\" class=\"wp-caption alignnone\"><img loading=\"lazy\" decoding=\"async\" class=\"wp-image-16951\" src=\"https:\/\/meterny.com\/wp-content\/uploads\/2024\/09\/\u753b\u677f-16@3x.png\" alt=\"Pergola en aluminium de Meterny : un design brevet\u00e9 exclusif\" width=\"1024\" height=\"1448\" srcset=\"https:\/\/meterny.com\/wp-content\/uploads\/2024\/09\/\u753b\u677f-16@3x.png 1787w, https:\/\/meterny.com\/wp-content\/uploads\/2024\/09\/\u753b\u677f-16@3x-212x300.png 212w, https:\/\/meterny.com\/wp-content\/uploads\/2024\/09\/\u753b\u677f-16@3x-724x1024.png 724w, https:\/\/meterny.com\/wp-content\/uploads\/2024\/09\/\u753b\u677f-16@3x-768x1086.png 768w, https:\/\/meterny.com\/wp-content\/uploads\/2024\/09\/\u753b\u677f-16@3x-1086x1536.png 1086w, https:\/\/meterny.com\/wp-content\/uploads\/2024\/09\/\u753b\u677f-16@3x-1448x2048.png 1448w, https:\/\/meterny.com\/wp-content\/uploads\/2024\/09\/\u753b\u677f-16@3x-600x848.png 600w\" sizes=\"auto, (max-width: 1024px) 100vw, 1024px\" \/><figcaption id=\"caption-attachment-16951\" class=\"wp-caption-text\">Le design brevet\u00e9 de Meterny : Une pergola pas comme les autres<\/figcaption><\/figure>\n<h3>Pourquoi choisir le gazebo motoris\u00e9 en aluminium ?<\/h3>\n<p id=\"\">Le choix d'un gazebo motoris\u00e9 en aluminium offre de nombreux avantages qui peuvent consid\u00e9rablement am\u00e9liorer votre exp\u00e9rience de vie en plein air. Voici quelques raisons convaincantes de consid\u00e9rer cette option :<\/p>\n<ol>\n<li><strong>Commodit\u00e9 et contr\u00f4le<\/strong>:\n<ul>\n<li>La fonction motoris\u00e9e vous permet d'ajuster facilement l'auvent ou les persiennes du gazebo, ce qui vous permet d'obtenir de l'ombre et une protection contre les \u00e9l\u00e9ments du bout des doigts.<\/li>\n<li>Gr\u00e2ce \u00e0 la t\u00e9l\u00e9commande ou \u00e0 l'int\u00e9gration de l'application smartphone, vous pouvez personnaliser sans effort les param\u00e8tres du gazebo en fonction de vos besoins et de vos pr\u00e9f\u00e9rences, que vous vous d\u00e9tendiez, que vous receviez ou que vous organisiez un \u00e9v\u00e9nement.<\/li>\n<\/ul>\n<\/li>\n<li><strong>Durabilit\u00e9 et r\u00e9sistance aux intemp\u00e9ries<\/strong>:\n<ul>\n<li>Construit en aluminium de haute qualit\u00e9, le gazebo est con\u00e7u pour r\u00e9sister aux rigueurs de l'utilisation en ext\u00e9rieur.<\/li>\n<li>L'aluminium est r\u00e9sistant \u00e0 la corrosion et l\u00e9ger, ce qui en fait un mat\u00e9riau id\u00e9al pour les pavillons de jardin qui doivent r\u00e9sister \u00e0 diverses conditions m\u00e9t\u00e9orologiques tout en restant robustes et fiables.<\/li>\n<\/ul>\n<\/li>\n<li><strong>Conception personnalisable<\/strong>:\n<ul>\n<li>Les gazebos motoris\u00e9s en aluminium sont souvent dot\u00e9s d'une gamme d'options personnalisables, ce qui vous permet d'adapter la conception \u00e0 vos go\u00fbts et besoins sp\u00e9cifiques.<\/li>\n<li>Que vous pr\u00e9f\u00e9riez une esth\u00e9tique moderne ou traditionnelle, vous pouvez trouver un gazebo qui compl\u00e8te votre espace ext\u00e9rieur et en am\u00e9liore l'attrait g\u00e9n\u00e9ral.<\/li>\n<\/ul>\n<\/li>\n<li><strong>Am\u00e9lioration de la vie \u00e0 l'ext\u00e9rieur<\/strong>:\n<ul>\n<li>Un gazebo motoris\u00e9 offre un espace ext\u00e9rieur polyvalent qui peut \u00eatre utilis\u00e9 pour une vari\u00e9t\u00e9 d'activit\u00e9s.<\/li>\n<li>Que vous d\u00eeniez en plein air, que vous vous d\u00e9tendiez avec des amis ou que vous organisiez une r\u00e9union de famille, le gazebo offre le cadre id\u00e9al pour profiter de l'ext\u00e9rieur dans le confort et le style.<\/li>\n<\/ul>\n<\/li>\n<li><strong>Rapport qualit\u00e9-prix<\/strong>:\n<ul>\n<li>Investir dans un gazebo motoris\u00e9 en aluminium est un moyen rentable d'am\u00e9liorer votre espace de vie ext\u00e9rieur.<\/li>\n<li>Avec sa combinaison de durabilit\u00e9, de commodit\u00e9 et de design personnalisable, le gazebo offre un rapport qualit\u00e9-prix exceptionnel, pour des ann\u00e9es de plaisir et d'utilisation.<\/li>\n<\/ul>\n<\/li>\n<\/ol>\n<p id=\"\">En r\u00e9sum\u00e9, un gazebo motoris\u00e9 en aluminium offre une gamme d'avantages qui en font un choix id\u00e9al pour tous ceux qui cherchent \u00e0 cr\u00e9er un espace de vie ext\u00e9rieur polyvalent, \u00e9l\u00e9gant et fonctionnel. Avec sa commodit\u00e9, sa durabilit\u00e9, son design personnalisable et son exp\u00e9rience de vie en plein air am\u00e9lior\u00e9e, un gazebo motoris\u00e9 est un investissement intelligent qui sera rentabilis\u00e9 \u00e0 long terme.<\/p>","protected":false},"excerpt":{"rendered":"<p>Cr\u00e9ez un havre de paix \u00e9l\u00e9gant et r\u00e9sistant aux intemp\u00e9ries avec le pavillon \u00e9tanche en aluminium et m\u00e9tal, qui allie un design \u00e9l\u00e9gant \u00e0 des performances durables.<\/p>","protected":false},"featured_media":16985,"comment_status":"open","ping_status":"closed","template":"","meta":{"_uag_custom_page_level_css":"","site-sidebar-layout":"default","site-content-layout":"","ast-site-content-layout":"default","site-content-style":"default","site-sidebar-style":"default","ast-global-header-display":"","ast-banner-title-visibility":"","ast-main-header-display":"","ast-hfb-above-header-display":"","ast-hfb-below-header-display":"","ast-hfb-mobile-header-display":"","site-post-title":"","ast-breadcrumbs-content":"","ast-featured-img":"","footer-sml-layout":"","theme-transparent-header-meta":"default","adv-header-id-meta":"","stick-header-meta":"default","header-above-stick-meta":"","header-main-stick-meta":"","header-below-stick-meta":"","astra-migrate-meta-layouts":"set","ast-page-background-enabled":"default","ast-page-background-meta":{"desktop":{"background-color":"var(--ast-global-color-4)","background-image":"","background-repeat":"repeat","background-position":"center center","background-size":"auto","background-attachment":"scroll","background-type":"","background-media":"","overlay-type":"","overlay-color":"","overlay-opacity":"","overlay-gradient":""},"tablet":{"background-color":"","background-image":"","background-repeat":"repeat","background-position":"center center","background-size":"auto","background-attachment":"scroll","background-type":"","background-media":"","overlay-type":"","overlay-color":"","overlay-opacity":"","overlay-gradient":""},"mobile":{"background-color":"","background-image":"","background-repeat":"repeat","background-position":"center center","background-size":"auto","background-attachment":"scroll","background-type":"","background-media":"","overlay-type":"","overlay-color":"","overlay-opacity":"","overlay-gradient":""}},"ast-content-background-meta":{"desktop":{"background-color":"var(--ast-global-color-5)","background-image":"","background-repeat":"repeat","background-position":"center center","background-size":"auto","background-attachment":"scroll","background-type":"","background-media":"","overlay-type":"","overlay-color":"","overlay-opacity":"","overlay-gradient":""},"tablet":{"background-color":"var(--ast-global-color-5)","background-image":"","background-repeat":"repeat","background-position":"center center","background-size":"auto","background-attachment":"scroll","background-type":"","background-media":"","overlay-type":"","overlay-color":"","overlay-opacity":"","overlay-gradient":""},"mobile":{"background-color":"var(--ast-global-color-5)","background-image":"","background-repeat":"repeat","background-position":"center center","background-size":"auto","background-attachment":"scroll","background-type":"","background-media":"","overlay-type":"","overlay-color":"","overlay-opacity":"","overlay-gradient":""}}},"product_brand":[],"product_cat":[18],"product_tag":[219,217,218,216],"class_list":{"0":"post-17180","1":"product","2":"type-product","3":"status-publish","4":"has-post-thumbnail","6":"product_cat-uncategorized","7":"product_tag-aluminum-metal-waterproof-pergola","8":"product_tag-aluminum-pavilion","9":"product_tag-metal-pavilion","10":"product_tag-waterproof-pavilion","11":"desktop-align-center","12":"tablet-align-left","13":"mobile-align-left","14":"ast-product-gallery-layout-horizontal-slider","15":"ast-product-single-variable","16":"ast-product-tabs-layout-vertical","18":"first","19":"instock","20":"shipping-taxable","21":"product-type-variable"},"uagb_featured_image_src":{"full":["https:\/\/meterny.com\/wp-content\/uploads\/2024\/09\/9-4zhu.jpg",800,800,false],"thumbnail":["https:\/\/meterny.com\/wp-content\/uploads\/2024\/09\/9-4zhu-150x150.jpg",150,150,true],"medium":["https:\/\/meterny.com\/wp-content\/uploads\/2024\/09\/9-4zhu-300x300.jpg",300,300,true],"medium_large":["https:\/\/meterny.com\/wp-content\/uploads\/2024\/09\/9-4zhu-768x768.jpg",768,768,true],"large":["https:\/\/meterny.com\/wp-content\/uploads\/2024\/09\/9-4zhu.jpg",800,800,false],"1536x1536":["https:\/\/meterny.com\/wp-content\/uploads\/2024\/09\/9-4zhu.jpg",800,800,false],"2048x2048":["https:\/\/meterny.com\/wp-content\/uploads\/2024\/09\/9-4zhu.jpg",800,800,false],"trp-custom-language-flag":["https:\/\/meterny.com\/wp-content\/uploads\/2024\/09\/9-4zhu.jpg",12,12,false],"woocommerce_thumbnail":["https:\/\/meterny.com\/wp-content\/uploads\/2024\/09\/9-4zhu-300x300.jpg",300,300,true],"woocommerce_single":["https:\/\/meterny.com\/wp-content\/uploads\/2024\/09\/9-4zhu-600x600.jpg",600,600,true],"woocommerce_gallery_thumbnail":["https:\/\/meterny.com\/wp-content\/uploads\/2024\/09\/9-4zhu-100x100.jpg",100,100,true]},"uagb_author_info":{"display_name":"meterny","author_link":"https:\/\/meterny.com\/fr\/author\/"},"uagb_comment_info":0,"uagb_excerpt":"Create a stylish and weather-resistant outdoor haven with the Aluminum Metal Waterproof Pavilion, combining sleek design with durable performance.","_links":{"self":[{"href":"https:\/\/meterny.com\/fr\/wp-json\/wp\/v2\/product\/17180","targetHints":{"allow":["GET"]}}],"collection":[{"href":"https:\/\/meterny.com\/fr\/wp-json\/wp\/v2\/product"}],"about":[{"href":"https:\/\/meterny.com\/fr\/wp-json\/wp\/v2\/types\/product"}],"replies":[{"embeddable":true,"href":"https:\/\/meterny.com\/fr\/wp-json\/wp\/v2\/comments?post=17180"}],"wp:featuredmedia":[{"embeddable":true,"href":"https:\/\/meterny.com\/fr\/wp-json\/wp\/v2\/media\/16985"}],"wp:attachment":[{"href":"https:\/\/meterny.com\/fr\/wp-json\/wp\/v2\/media?parent=17180"}],"wp:term":[{"taxonomy":"product_brand","embeddable":true,"href":"https:\/\/meterny.com\/fr\/wp-json\/wp\/v2\/product_brand?post=17180"},{"taxonomy":"product_cat","embeddable":true,"href":"https:\/\/meterny.com\/fr\/wp-json\/wp\/v2\/product_cat?post=17180"},{"taxonomy":"product_tag","embeddable":true,"href":"https:\/\/meterny.com\/fr\/wp-json\/wp\/v2\/product_tag?post=17180"}],"curies":[{"name":"wp","href":"https:\/\/api.w.org\/{rel}","templated":true}]}}