{"id":17389,"date":"2024-10-08T13:14:21","date_gmt":"2024-10-08T13:14:21","guid":{"rendered":"https:\/\/meterny.com\/?post_type=product&#038;p=17389"},"modified":"2025-01-15T08:02:30","modified_gmt":"2025-01-15T08:02:30","slug":"interior-bedroom-decoration-wpc-wall-panel","status":"publish","type":"product","link":"https:\/\/meterny.com\/fr\/produit\/interior-bedroom-decoration-wpc-wall-panel\/","title":{"rendered":"Panneaux muraux int\u00e9rieurs en bois composite Wpc D\u00e9coration int\u00e9rieure Panneaux muraux en bois composite Wpc"},"content":{"rendered":"<div class=\"elementor-element elementor-element-c0e1d42 elementor-widget elementor-widget-heading\" data-id=\"c0e1d42\" data-element_type=\"widget\" data-widget_type=\"heading.default\">\n<div class=\"elementor-widget-container\">\n<h2 class=\"elementor-heading-title elementor-size-default\" style=\"text-align: center;\">Composite bois-plastique <strong>D\u00e9coration int\u00e9rieure de chambre \u00e0 coucher Panneau mural WPC<\/strong><\/h2>\n<h2 class=\"elementor-heading-title elementor-size-default\" style=\"text-align: center;\">Sp\u00e9cifications<\/h2>\n<\/div>\n<\/div>\n<div class=\"elementor-element elementor-element-1f676da elementor-widget elementor-widget-heading\" data-id=\"1f676da\" data-element_type=\"widget\" data-widget_type=\"heading.default\">\n<h3><strong>Aper\u00e7u du produit<\/strong>:<\/h3>\n<p id=\"\">Le panneau mural WPC, ou panneau mural en composite bois-plastique, est un mat\u00e9riau de panneau mural \u00e9cologique, imperm\u00e9able et durable, fabriqu\u00e9 \u00e0 partir d'un m\u00e9lange de fibres de bois et de plastique. Il allie la beaut\u00e9 naturelle du bois traditionnel aux avantages de la technologie moderne, ce qui en fait un choix id\u00e9al pour la r\u00e9novation des maisons et la d\u00e9coration des espaces commerciaux.<\/p>\n<p><strong>Mod\u00e8le<\/strong>: METE227H25<br \/>\n<strong>Type<\/strong>: Panneau mural cannel\u00e9 WPC<br \/>\n<strong>Taille<\/strong>227\u00d725mm<\/p>\n<p><strong>Surface<\/strong>: Grains droits<br \/>\n<strong>Longueur<\/strong>2,9 m ou sur mesure<br \/>\n<strong>Mat\u00e9riau<\/strong>: Bois composite<br \/>\n<strong>Technologie des produits<\/strong>: Eco-extrusion<\/p>\n<\/div>\n<div class=\"elementor-element elementor-element-1f676da elementor-widget elementor-widget-heading\" data-id=\"1f676da\" data-element_type=\"widget\" data-widget_type=\"heading.default\">\n<figure id=\"attachment_17367\" aria-describedby=\"caption-attachment-17367\" style=\"width: 1024px\" class=\"wp-caption alignnone\"><img loading=\"lazy\" decoding=\"async\" class=\"wp-image-17367\" src=\"https:\/\/meterny.com\/wp-content\/uploads\/2024\/04\/118.png\" alt=\"panneau mural en wpc\" width=\"1024\" height=\"1024\" srcset=\"https:\/\/meterny.com\/wp-content\/uploads\/2024\/04\/118.png 800w, https:\/\/meterny.com\/wp-content\/uploads\/2024\/04\/118-300x300.png 300w, https:\/\/meterny.com\/wp-content\/uploads\/2024\/04\/118-150x150.png 150w, https:\/\/meterny.com\/wp-content\/uploads\/2024\/04\/118-768x768.png 768w, https:\/\/meterny.com\/wp-content\/uploads\/2024\/04\/118-600x600.png 600w, https:\/\/meterny.com\/wp-content\/uploads\/2024\/04\/118-100x100.png 100w\" sizes=\"auto, (max-width: 1024px) 100vw, 1024px\" \/><figcaption id=\"caption-attachment-17367\" class=\"wp-caption-text\">Transformez votre chambre \u00e0 coucher avec d'\u00e9l\u00e9gants panneaux muraux en WPC<\/figcaption><\/figure>\n<h3><strong>Caract\u00e9ristiques du produit<\/strong>:<\/h3>\n<ol>\n<li><strong>Mat\u00e9riau \u00e9cologique<\/strong>:\n<ul>\n<li>Fabriqu\u00e9 \u00e0 partir de fibres de bois et de plastique renouvelables, il est respectueux de l'environnement et r\u00e9duit la d\u00e9pendance \u00e0 l'\u00e9gard des ressources naturelles.<\/li>\n<\/ul>\n<\/li>\n<li><strong>Imperm\u00e9able et r\u00e9sistant \u00e0 l'humidit\u00e9<\/strong>:\n<ul>\n<li>Il ne se d\u00e9forme pas et ne pourrit pas, m\u00eame apr\u00e8s une exposition prolong\u00e9e \u00e0 l'eau, ce qui le rend id\u00e9al pour les cuisines, les salles de bains et autres environnements humides.<\/li>\n<\/ul>\n<\/li>\n<li><strong>Haute durabilit\u00e9<\/strong>:\n<ul>\n<li>Dot\u00e9 d'une excellente r\u00e9sistance aux intemp\u00e9ries et \u00e0 la corrosion, il peut r\u00e9sister aux rayons UV, au vent, \u00e0 la pluie et \u00e0 d'autres facteurs naturels, ce qui prolonge sa dur\u00e9e de vie.<\/li>\n<\/ul>\n<\/li>\n<li><strong>L\u00e9ger et facile \u00e0 installer<\/strong>:\n<ul>\n<li>L\u00e9ger, il est simple et rapide \u00e0 installer et ne n\u00e9cessite aucune comp\u00e9tence particuli\u00e8re. L'installation par soi-m\u00eame permet d'\u00e9conomiser du temps et de l'argent.<\/li>\n<\/ul>\n<\/li>\n<li><strong>Riches couleurs<\/strong>:\n<ul>\n<li>Une vari\u00e9t\u00e9 de couleurs et de textures est disponible pour r\u00e9pondre aux diff\u00e9rents styles de d\u00e9coration et aux besoins personnalis\u00e9s.<\/li>\n<\/ul>\n<\/li>\n<li><strong>Entretien facile<\/strong>:\n<ul>\n<li>Le nettoyage est pratique et peut \u00eatre effectu\u00e9 \u00e0 l'aide d'un chiffon humide, sans qu'il soit n\u00e9cessaire d'utiliser des nettoyants sp\u00e9ciaux ou de cirer.<\/li>\n<\/ul>\n<\/li>\n<\/ol>\n<h3><strong>Sp\u00e9cifications des produits<\/strong>:<\/h3>\n<ul>\n<li>Taille : 135*119*23mm\/217*201*28mm\/227*210*25mm(personnalisable en fonction des besoins du client)<\/li>\n<li>Couleurs : Noir, blanc ivoire, vert, brun chocolat, \u00e9rable, acajou, brun sable, gris fran\u00e7ais, noyer, brun teck, etc. (d'autres couleurs sont disponibles apr\u00e8s consultation du service client\u00e8le).<\/li>\n<li>Composition : 35% HDPE (Poly\u00e9thyl\u00e8ne haute densit\u00e9) + 60% Fibres de bois + 5% Additifs<\/li>\n<\/ul>\n<h3><strong>Sc\u00e9narios d'application<\/strong>:<\/h3>\n<ul>\n<li>Convient aux murs int\u00e9rieurs, aux plafonds des pi\u00e8ces, aux bureaux, aux sous-sols et \u00e0 d'autres endroits.<\/li>\n<li>Particuli\u00e8rement adapt\u00e9 aux chambres \u00e0 coucher, salons, cuisines et autres espaces domestiques, ainsi qu'aux magasins, restaurants et autres lieux commerciaux.<\/li>\n<\/ul>\n<h3><strong>Guide d'installation<\/strong>:<\/h3>\n<ul>\n<li>Le panneau mural WPC peut \u00eatre install\u00e9 sur diff\u00e9rents supports tels que les carreaux de c\u00e9ramique, le contreplaqu\u00e9 et les cloisons s\u00e8ches.<\/li>\n<li>Utiliser des accessoires sp\u00e9cifiques pour l'installation afin de garantir la fermet\u00e9 et l'esth\u00e9tique.<\/li>\n<li>Assurez-vous que la surface du mur est plane, s\u00e8che et propre avant de proc\u00e9der \u00e0 l'installation.<\/li>\n<\/ul>\n<h3><strong>Attention<\/strong>:<\/h3>\n<ul>\n<li>\u00c9vitez d'utiliser du chlore ou des produits abrasifs pour le nettoyage afin de ne pas endommager la surface.<\/li>\n<li>Ne placez pas d'objets chauds directement sur le panneau mural pour \u00e9viter de le d\u00e9former ou de l'endommager.<\/li>\n<li>Respectez le manuel du produit et les r\u00e8gles de s\u00e9curit\u00e9 lors de l'installation et de l'utilisation.<\/li>\n<\/ul>\n<h3><strong>Pr\u00e9sentation de la marque<\/strong>:<\/h3>\n<p id=\"\">Nous sommes une entreprise sp\u00e9cialis\u00e9e dans la recherche, le d\u00e9veloppement, la production et la vente de composites bois-plastique. Gr\u00e2ce \u00e0 notre vaste exp\u00e9rience en mati\u00e8re de production et \u00e0 nos \u00e9quipements techniques de pointe, nos panneaux muraux en WPC ont \u00e9t\u00e9 soumis \u00e0 des tests de qualit\u00e9 et \u00e0 des certifications rigoureuses, garantissant ainsi une qualit\u00e9 et une s\u00e9curit\u00e9 exceptionnelles. Nous nous engageons \u00e0 fournir \u00e0 nos clients des produits et des services de haute qualit\u00e9 pour r\u00e9pondre \u00e0 leurs besoins personnalis\u00e9s.<\/p>\n<\/div>\n<h3>Si vous souhaitez obtenir plus de d\u00e9tails, veuillez cliquer sur ce lien :<a href=\"https:\/\/youtu.be\/XqR4zuwyGyE\" target=\"_blank\" rel=\"noopener\">https:\/\/youtu.be\/XqR4zuwyGyE<\/a><\/h3>\n<p>&nbsp;<\/p>\n<div class=\"elementor-element elementor-element-1f676da elementor-widget elementor-widget-heading\" data-id=\"1f676da\" data-element_type=\"widget\" data-widget_type=\"heading.default\">\n<h3>Galerie<\/h3>\n<p>Panneau mural en bois composite pour l'int\u00e9rieur WPC Decor Wall Cladding For Indoor<\/p>\n<figure id=\"attachment_17370\" aria-describedby=\"caption-attachment-17370\" style=\"width: 1024px\" class=\"wp-caption alignnone\"><img loading=\"lazy\" decoding=\"async\" class=\"wp-image-17370\" src=\"https:\/\/meterny.com\/wp-content\/uploads\/2024\/04\/32-2.jpg\" alt=\"Panneaux muraux acoustiques en WPC pour salles de m\u00e9dias\" width=\"1024\" height=\"1024\" srcset=\"https:\/\/meterny.com\/wp-content\/uploads\/2024\/04\/32-2.jpg 640w, https:\/\/meterny.com\/wp-content\/uploads\/2024\/04\/32-2-300x300.jpg 300w, https:\/\/meterny.com\/wp-content\/uploads\/2024\/04\/32-2-150x150.jpg 150w, https:\/\/meterny.com\/wp-content\/uploads\/2024\/04\/32-2-600x600.jpg 600w, https:\/\/meterny.com\/wp-content\/uploads\/2024\/04\/32-2-100x100.jpg 100w\" sizes=\"auto, (max-width: 1024px) 100vw, 1024px\" \/><figcaption id=\"caption-attachment-17370\" class=\"wp-caption-text\">Am\u00e9liorez votre salle de m\u00e9dias avec des panneaux muraux acoustiques en WPC<\/figcaption><\/figure>\n<figure id=\"attachment_17372\" aria-describedby=\"caption-attachment-17372\" style=\"width: 1024px\" class=\"wp-caption alignnone\"><img loading=\"lazy\" decoding=\"async\" class=\"wp-image-17372\" src=\"https:\/\/meterny.com\/wp-content\/uploads\/2024\/04\/66.jpg\" alt=\"Panneau mural WPC pour salles de s\u00e9jour modernes\" width=\"1024\" height=\"1024\" srcset=\"https:\/\/meterny.com\/wp-content\/uploads\/2024\/04\/66.jpg 1080w, https:\/\/meterny.com\/wp-content\/uploads\/2024\/04\/66-300x300.jpg 300w, https:\/\/meterny.com\/wp-content\/uploads\/2024\/04\/66-1024x1024.jpg 1024w, https:\/\/meterny.com\/wp-content\/uploads\/2024\/04\/66-150x150.jpg 150w, https:\/\/meterny.com\/wp-content\/uploads\/2024\/04\/66-768x768.jpg 768w, https:\/\/meterny.com\/wp-content\/uploads\/2024\/04\/66-600x600.jpg 600w, https:\/\/meterny.com\/wp-content\/uploads\/2024\/04\/66-100x100.jpg 100w\" sizes=\"auto, (max-width: 1024px) 100vw, 1024px\" \/><figcaption id=\"caption-attachment-17372\" class=\"wp-caption-text\">\u00c9levez votre salon avec des panneaux muraux modernes en WPC.<\/figcaption><\/figure>\n<figure id=\"attachment_17369\" aria-describedby=\"caption-attachment-17369\" style=\"width: 1024px\" class=\"wp-caption alignnone\"><img loading=\"lazy\" decoding=\"async\" class=\"wp-image-17369\" src=\"https:\/\/meterny.com\/wp-content\/uploads\/2024\/04\/3-2.jpg\" alt=\"Panneaux muraux WPC pour entr\u00e9es\" width=\"1024\" height=\"1024\" srcset=\"https:\/\/meterny.com\/wp-content\/uploads\/2024\/04\/3-2.jpg 750w, https:\/\/meterny.com\/wp-content\/uploads\/2024\/04\/3-2-300x300.jpg 300w, https:\/\/meterny.com\/wp-content\/uploads\/2024\/04\/3-2-150x150.jpg 150w, https:\/\/meterny.com\/wp-content\/uploads\/2024\/04\/3-2-600x600.jpg 600w, https:\/\/meterny.com\/wp-content\/uploads\/2024\/04\/3-2-100x100.jpg 100w\" sizes=\"auto, (max-width: 1024px) 100vw, 1024px\" \/><figcaption id=\"caption-attachment-17369\" class=\"wp-caption-text\">Cr\u00e9er une entr\u00e9e accueillante avec des panneaux muraux en WPC<\/figcaption><\/figure>\n<h3><strong>Couleur et surface<\/strong><\/h3>\n<p>Notre panneau METE227H25 pr\u00e9sente une surface \u00e9l\u00e9gante \u00e0 grain droit, ajoutant une texture sophistiqu\u00e9e \u00e0 n'importe quel endroit.<\/p>\n<p>Avec des couleurs, des dimensions et des formes personnalisables, ces panneaux offrent une flexibilit\u00e9 exceptionnelle, vous permettant de lib\u00e9rer votre cr\u00e9ativit\u00e9 dans les projets d'am\u00e9nagement int\u00e9rieur et ext\u00e9rieur.<\/p>\n<p>La technologie d'\u00e9co-extrusion garantit que chaque panneau n'est pas seulement esth\u00e9tique, mais qu'il contribue \u00e9galement \u00e0 un environnement de vie durable.<\/p>\n<h3>Options de couleur<\/h3>\n<p>Meterny S\u00e9rie METE Panneau WPC carte de couleurs<\/p>\n<figure id=\"attachment_20293\" aria-describedby=\"caption-attachment-20293\" style=\"width: 1024px\" class=\"wp-caption alignnone\"><img loading=\"lazy\" decoding=\"async\" class=\"wp-image-20293\" src=\"https:\/\/meterny.com\/wp-content\/uploads\/2024\/10\/METE-Series-Colour-151.png\" alt=\"Options de couleur de la cl\u00f4ture WPC Meterny\" width=\"1024\" height=\"1024\" srcset=\"https:\/\/meterny.com\/wp-content\/uploads\/2024\/10\/METE-Series-Colour-151.png 900w, https:\/\/meterny.com\/wp-content\/uploads\/2024\/10\/METE-Series-Colour-151-300x300.png 300w, https:\/\/meterny.com\/wp-content\/uploads\/2024\/10\/METE-Series-Colour-151-150x150.png 150w, https:\/\/meterny.com\/wp-content\/uploads\/2024\/10\/METE-Series-Colour-151-768x768.png 768w, https:\/\/meterny.com\/wp-content\/uploads\/2024\/10\/METE-Series-Colour-151-600x600.png 600w, https:\/\/meterny.com\/wp-content\/uploads\/2024\/10\/METE-Series-Colour-151-100x100.png 100w\" sizes=\"auto, (max-width: 1024px) 100vw, 1024px\" \/><figcaption id=\"caption-attachment-20293\" class=\"wp-caption-text\">Explore Meterny WPC Fence - Neuf superbes options de couleurs pour tous les styles<\/figcaption><\/figure>\n<h3><strong>Pourquoi choisir les panneaux muraux en WPC pour la d\u00e9coration int\u00e9rieure des chambres \u00e0 coucher ?<\/strong><\/h3>\n<p id=\"\">La d\u00e9coration int\u00e9rieure des chambres \u00e0 coucher b\u00e9n\u00e9ficie souvent de l'utilisation de panneaux muraux en WPC (Wood Plastic Composite). Voici plusieurs raisons convaincantes de choisir des panneaux muraux en WPC pour la d\u00e9coration d'une chambre \u00e0 coucher :<\/p>\n<ol>\n<li>\n<p id=\"\"><strong>Respect de l'environnement<\/strong>:<\/p>\n<ul>\n<li>Les panneaux muraux en WPC sont fabriqu\u00e9s \u00e0 partir d'une combinaison de fibres de bois et de plastique, souvent \u00e0 partir de mat\u00e9riaux recyclables.<\/li>\n<li>Ils offrent une alternative durable aux panneaux de bois traditionnels, r\u00e9duisant l'impact sur les for\u00eats et les ressources naturelles.<\/li>\n<\/ul>\n<\/li>\n<li>\n<p id=\"\"><strong>Durabilit\u00e9 et r\u00e9sistance<\/strong>:<\/p>\n<ul>\n<li>Les panneaux muraux en WPC sont connus pour leur excellente durabilit\u00e9, leur r\u00e9sistance \u00e0 l'humidit\u00e9 et aux moisissures.<\/li>\n<li>Ils sont moins susceptibles de se d\u00e9former, de se fissurer ou de pourrir, ce qui leur assure une dur\u00e9e de vie plus longue que d'autres mat\u00e9riaux.<\/li>\n<\/ul>\n<\/li>\n<li>\n<p id=\"\"><strong>Facilit\u00e9 d'installation<\/strong>:<\/p>\n<ul>\n<li>Les panneaux muraux en WPC sont con\u00e7us pour une installation facile, n\u00e9cessitant souvent un minimum d'outils et de comp\u00e9tences.<\/li>\n<li>Cela permet de gagner du temps et de r\u00e9duire les co\u00fbts de main-d'\u0153uvre lors du processus de d\u00e9coration.<\/li>\n<\/ul>\n<\/li>\n<li>\n<p id=\"\"><strong>L'attrait esth\u00e9tique<\/strong>:<\/p>\n<ul>\n<li>Les panneaux muraux en WPC sont disponibles dans une grande vari\u00e9t\u00e9 de couleurs, de textures et de designs, ce qui permet un large \u00e9ventail de choix esth\u00e9tiques.<\/li>\n<li>Ils peuvent imiter l'aspect du bois naturel, mais avec les avantages suppl\u00e9mentaires de la durabilit\u00e9 et de la r\u00e9sistance.<\/li>\n<\/ul>\n<\/li>\n<li>\n<p id=\"\"><strong>Rapport co\u00fbt-efficacit\u00e9<\/strong>:<\/p>\n<ul>\n<li>Les panneaux muraux en WPC offrent une solution rentable pour la d\u00e9coration des chambres \u00e0 coucher, combinant un prix abordable avec une esth\u00e9tique de haute qualit\u00e9 et une grande durabilit\u00e9.<\/li>\n<li>Ils peuvent constituer une alternative \u00e9conomique \u00e0 des mat\u00e9riaux plus co\u00fbteux tout en offrant un aspect haut de gamme.<\/li>\n<\/ul>\n<\/li>\n<li>\n<p id=\"\"><strong>Sans entretien<\/strong>:<\/p>\n<ul>\n<li>Les panneaux muraux en WPC ne n\u00e9cessitent qu'un minimum d'entretien, comme un nettoyage avec un chiffon humide.<\/li>\n<li>Ils n'ont pas besoin d'\u00eatre peints ou scell\u00e9s, ce qui r\u00e9duit la n\u00e9cessit\u00e9 d'un entretien permanent.<\/li>\n<\/ul>\n<\/li>\n<li>\n<p id=\"\"><strong>Am\u00e9lioration des performances<\/strong>:<\/p>\n<ul>\n<li>Outre leur attrait visuel, les panneaux muraux en WPC peuvent \u00e9galement am\u00e9liorer les performances de l'espace de la chambre \u00e0 coucher.<\/li>\n<li>Ils peuvent am\u00e9liorer l'isolation, l'insonorisation et le contr\u00f4le du bruit, cr\u00e9ant ainsi un environnement plus confortable et plus serein.<\/li>\n<\/ul>\n<\/li>\n<li>\n<p id=\"\"><strong>Polyvalence d'application<\/strong>:<\/p>\n<ul>\n<li>Les panneaux muraux en WPC sont polyvalents et peuvent \u00eatre utilis\u00e9s dans diff\u00e9rents contextes, notamment dans les chambres \u00e0 coucher, les salles de s\u00e9jour et m\u00eame les espaces commerciaux.<\/li>\n<li>Leur adaptabilit\u00e9 en fait un excellent choix pour un large \u00e9ventail de projets de d\u00e9coration.<\/li>\n<\/ul>\n<\/li>\n<\/ol>\n<p id=\"\">En conclusion, le choix de panneaux muraux en WPC pour la d\u00e9coration int\u00e9rieure des chambres \u00e0 coucher offre une combinaison de respect de l'environnement, de durabilit\u00e9, de facilit\u00e9 d'installation, d'attrait esth\u00e9tique, de rentabilit\u00e9, d'absence d'entretien, d'am\u00e9lioration des performances et de polyvalence d'application. Ces avantages font des panneaux muraux en WPC un excellent choix pour la d\u00e9coration de la chambre \u00e0 coucher, car ils constituent une solution \u00e9l\u00e9gante, durable et pratique.<\/p>\n<\/div>","protected":false},"excerpt":{"rendered":"<p>D\u00e9couvrez le m\u00e9lange parfait de style et de fonctionnalit\u00e9 avec les panneaux composites bois-plastique de premi\u00e8re qualit\u00e9 de Meterny. Que vous r\u00e9noviez votre maison, votre bureau ou votre propri\u00e9t\u00e9 commerciale, nos panneaux offrent une durabilit\u00e9 et une esth\u00e9tique in\u00e9gal\u00e9es.<\/p>\n<p>Fabriqu\u00e9s \u00e0 partir de mat\u00e9riaux de haute qualit\u00e9, nos panneaux composites bois-plastique sont con\u00e7us pour r\u00e9sister aux rigueurs de l'usage quotidien tout en conservant leur aspect impeccable pendant des ann\u00e9es. De plus, avec une vari\u00e9t\u00e9 de couleurs, de textures et de finitions parmi lesquelles vous pouvez choisir, vous pouvez facilement personnaliser votre espace pour refl\u00e9ter votre style et votre vision uniques.<\/p>\n<p>Mais ce n'est pas qu'une question d'apparence : nos panneaux sont \u00e9galement \u00e9cologiques et durables, fabriqu\u00e9s \u00e0 partir de mat\u00e9riaux recycl\u00e9s et con\u00e7us pour minimiser l'impact sur l'environnement. Vous pouvez donc profiter de beaux murs tout en r\u00e9duisant votre empreinte carbone.<\/p>\n<p>Am\u00e9liorez votre d\u00e9cor avec les panneaux composites bois-plastique de Meterny. Explorez notre collection d\u00e8s aujourd'hui et faites le premier pas vers la transformation de votre espace en un chef-d'\u0153uvre moderne.<\/p>","protected":false},"featured_media":17367,"comment_status":"open","ping_status":"closed","template":"","meta":{"_uag_custom_page_level_css":"","site-sidebar-layout":"default","site-content-layout":"","ast-site-content-layout":"default","site-content-style":"default","site-sidebar-style":"default","ast-global-header-display":"","ast-banner-title-visibility":"","ast-main-header-display":"","ast-hfb-above-header-display":"","ast-hfb-below-header-display":"","ast-hfb-mobile-header-display":"","site-post-title":"","ast-breadcrumbs-content":"","ast-featured-img":"","footer-sml-layout":"","theme-transparent-header-meta":"default","adv-header-id-meta":"","stick-header-meta":"default","header-above-stick-meta":"","header-main-stick-meta":"","header-below-stick-meta":"","astra-migrate-meta-layouts":"set","ast-page-background-enabled":"default","ast-page-background-meta":{"desktop":{"background-color":"var(--ast-global-color-4)","background-image":"","background-repeat":"repeat","background-position":"center center","background-size":"auto","background-attachment":"scroll","background-type":"","background-media":"","overlay-type":"","overlay-color":"","overlay-opacity":"","overlay-gradient":""},"tablet":{"background-color":"","background-image":"","background-repeat":"repeat","background-position":"center center","background-size":"auto","background-attachment":"scroll","background-type":"","background-media":"","overlay-type":"","overlay-color":"","overlay-opacity":"","overlay-gradient":""},"mobile":{"background-color":"","background-image":"","background-repeat":"repeat","background-position":"center center","background-size":"auto","background-attachment":"scroll","background-type":"","background-media":"","overlay-type":"","overlay-color":"","overlay-opacity":"","overlay-gradient":""}},"ast-content-background-meta":{"desktop":{"background-color":"var(--ast-global-color-5)","background-image":"","background-repeat":"repeat","background-position":"center center","background-size":"auto","background-attachment":"scroll","background-type":"","background-media":"","overlay-type":"","overlay-color":"","overlay-opacity":"","overlay-gradient":""},"tablet":{"background-color":"var(--ast-global-color-5)","background-image":"","background-repeat":"repeat","background-position":"center center","background-size":"auto","background-attachment":"scroll","background-type":"","background-media":"","overlay-type":"","overlay-color":"","overlay-opacity":"","overlay-gradient":""},"mobile":{"background-color":"var(--ast-global-color-5)","background-image":"","background-repeat":"repeat","background-position":"center center","background-size":"auto","background-attachment":"scroll","background-type":"","background-media":"","overlay-type":"","overlay-color":"","overlay-opacity":"","overlay-gradient":""}}},"product_brand":[],"product_cat":[174],"product_tag":[183,180],"class_list":{"0":"post-17389","1":"product","2":"type-product","3":"status-publish","4":"has-post-thumbnail","6":"product_cat-interior-wpc-wall","7":"product_tag-wpc-wall-interior","8":"product_tag-wpc-wall-panel","9":"desktop-align-center","10":"tablet-align-left","11":"mobile-align-left","12":"ast-product-gallery-layout-horizontal-slider","13":"ast-product-tabs-layout-vertical","15":"first","16":"instock","17":"shipping-taxable","18":"product-type-simple"},"uagb_featured_image_src":{"full":["https:\/\/meterny.com\/wp-content\/uploads\/2024\/04\/118.png",800,800,false],"thumbnail":["https:\/\/meterny.com\/wp-content\/uploads\/2024\/04\/118-150x150.png",150,150,true],"medium":["https:\/\/meterny.com\/wp-content\/uploads\/2024\/04\/118-300x300.png",300,300,true],"medium_large":["https:\/\/meterny.com\/wp-content\/uploads\/2024\/04\/118-768x768.png",768,768,true],"large":["https:\/\/meterny.com\/wp-content\/uploads\/2024\/04\/118.png",800,800,false],"1536x1536":["https:\/\/meterny.com\/wp-content\/uploads\/2024\/04\/118.png",800,800,false],"2048x2048":["https:\/\/meterny.com\/wp-content\/uploads\/2024\/04\/118.png",800,800,false],"trp-custom-language-flag":["https:\/\/meterny.com\/wp-content\/uploads\/2024\/04\/118.png",12,12,false],"woocommerce_thumbnail":["https:\/\/meterny.com\/wp-content\/uploads\/2024\/04\/118-300x300.png",300,300,true],"woocommerce_single":["https:\/\/meterny.com\/wp-content\/uploads\/2024\/04\/118-600x600.png",600,600,true],"woocommerce_gallery_thumbnail":["https:\/\/meterny.com\/wp-content\/uploads\/2024\/04\/118-100x100.png",100,100,true]},"uagb_author_info":{"display_name":"meterny","author_link":"https:\/\/meterny.com\/fr\/author\/"},"uagb_comment_info":0,"uagb_excerpt":"Discover the perfect blend of style and functionality with Meterny's premium wood-plastic composite panels. Whether you're revamping your home, office, or commercial property, our panels offer unparalleled durability and aesthetics. Crafted from high-quality materials, our wood-plastic composite panels are designed to withstand the rigors of everyday use while maintaining their pristine appearance for years to\u2026","_links":{"self":[{"href":"https:\/\/meterny.com\/fr\/wp-json\/wp\/v2\/product\/17389","targetHints":{"allow":["GET"]}}],"collection":[{"href":"https:\/\/meterny.com\/fr\/wp-json\/wp\/v2\/product"}],"about":[{"href":"https:\/\/meterny.com\/fr\/wp-json\/wp\/v2\/types\/product"}],"replies":[{"embeddable":true,"href":"https:\/\/meterny.com\/fr\/wp-json\/wp\/v2\/comments?post=17389"}],"wp:featuredmedia":[{"embeddable":true,"href":"https:\/\/meterny.com\/fr\/wp-json\/wp\/v2\/media\/17367"}],"wp:attachment":[{"href":"https:\/\/meterny.com\/fr\/wp-json\/wp\/v2\/media?parent=17389"}],"wp:term":[{"taxonomy":"product_brand","embeddable":true,"href":"https:\/\/meterny.com\/fr\/wp-json\/wp\/v2\/product_brand?post=17389"},{"taxonomy":"product_cat","embeddable":true,"href":"https:\/\/meterny.com\/fr\/wp-json\/wp\/v2\/product_cat?post=17389"},{"taxonomy":"product_tag","embeddable":true,"href":"https:\/\/meterny.com\/fr\/wp-json\/wp\/v2\/product_tag?post=17389"}],"curies":[{"name":"wp","href":"https:\/\/api.w.org\/{rel}","templated":true}]}}