{"id":17410,"date":"2024-10-08T13:57:00","date_gmt":"2024-10-08T13:57:00","guid":{"rendered":"https:\/\/meterny.com\/?post_type=product&#038;p=17410"},"modified":"2025-01-18T09:30:53","modified_gmt":"2025-01-18T09:30:53","slug":"wpc-decking-panels-wpc-flooring","status":"publish","type":"product","link":"https:\/\/meterny.com\/fr\/produit\/wpc-decking-panels-wpc-flooring\/","title":{"rendered":"Bois Plastique Composite 3D Grain de Bois Wpc Panneaux de D\u00e9coration Wpc Sols Wpc"},"content":{"rendered":"<div class=\"elementor-element elementor-element-c0e1d42 elementor-widget elementor-widget-heading\" data-id=\"c0e1d42\" data-element_type=\"widget\" data-widget_type=\"heading.default\">\n<div class=\"elementor-widget-container\">\n<h2 class=\"elementor-heading-title elementor-size-default\" style=\"text-align: center;\">\u00a0Panneaux de terrasse en Wpc Rev\u00eatements de sol en Wpc<\/h2>\n<\/div>\n<\/div>\n<div class=\"elementor-element elementor-element-1f676da elementor-widget elementor-widget-heading\" data-id=\"1f676da\" data-element_type=\"widget\" data-widget_type=\"heading.default\">\n<h2 class=\"elementor-widget-container\" style=\"text-align: center;\">Sp\u00e9cifications<\/h2>\n<p>Panneaux de terrasse en Wpc Rev\u00eatements de sol en Wpc<\/p>\n<p>METE140H25 Panneaux de D\u00e9coration Wpc Sols Wpc : Elever vos espaces avec une \u00e9l\u00e9gance moderne<\/p>\n<p><strong>Mod\u00e8le<\/strong>: METE140H25<br \/>\n<strong>Type<\/strong>: WPC Decking\/Flooring<br \/>\n<strong>Taille<\/strong>: 140\u00d725mm<\/p>\n<p><strong>Surface<\/strong>: Grains droits<br \/>\n<strong>Longueur<\/strong>2,9 m ou sur mesure<br \/>\n<strong>Mat\u00e9riau<\/strong>: Bois composite<br \/>\n<strong>Technologie des produits<\/strong>: Eco-extrusion<\/p>\n<p><img loading=\"lazy\" decoding=\"async\" class=\"alignnone wp-image-17393\" src=\"https:\/\/meterny.com\/wp-content\/uploads\/2024\/03\/1-40.jpg\" alt=\"Panneaux de terrasse en Wpc Rev\u00eatements de sol en Wpc\" width=\"1024\" height=\"1024\" srcset=\"https:\/\/meterny.com\/wp-content\/uploads\/2024\/03\/1-40.jpg 800w, https:\/\/meterny.com\/wp-content\/uploads\/2024\/03\/1-40-300x300.jpg 300w, https:\/\/meterny.com\/wp-content\/uploads\/2024\/03\/1-40-150x150.jpg 150w, https:\/\/meterny.com\/wp-content\/uploads\/2024\/03\/1-40-768x768.jpg 768w, https:\/\/meterny.com\/wp-content\/uploads\/2024\/03\/1-40-600x600.jpg 600w, https:\/\/meterny.com\/wp-content\/uploads\/2024\/03\/1-40-100x100.jpg 100w\" sizes=\"auto, (max-width: 1024px) 100vw, 1024px\" \/><\/p>\n<\/div>\n<div class=\"elementor-element elementor-element-1f676da elementor-widget elementor-widget-heading\" data-id=\"1f676da\" data-element_type=\"widget\" data-widget_type=\"heading.default\">\n<ul>\n<li>Wpc Composite Decking Outdoor Wpc 3D Embossed Wood Grain Outdoor Wpc Decking Panels Wpc Flooring<\/li>\n<\/ul>\n<p id=\"\"><strong>\u3010Nom du produit\u3011<\/strong><br \/>\nPanneaux de terrasse en WPC et rev\u00eatements de sol en WPC<\/p>\n<p id=\"\"><strong>\u3010Pr\u00e9sentation du produit\u3011<\/strong><\/p>\n<p id=\"\">Bienvenue dans notre collection de panneaux et de sols de terrasse en WPC (Wood Plastic Composite) ! Nos panneaux de terrasse et nos sols en WPC allient la beaut\u00e9 du bois naturel \u00e0 la durabilit\u00e9 du plastique, apportant un confort et un style in\u00e9gal\u00e9s \u00e0 vos espaces ext\u00e9rieurs et int\u00e9rieurs. Fabriqu\u00e9s \u00e0 l'aide de techniques de production avanc\u00e9es et de mat\u00e9riaux respectueux de l'environnement, nos produits sont con\u00e7us pour cr\u00e9er un environnement de vie esth\u00e9tique et fonctionnel.<\/p>\n<p id=\"\"><strong>\u3010Caract\u00e9ristiques du produit\u3011<\/strong><\/p>\n<ol>\n<li>\n<p id=\"\"><strong>Grain de bois naturel<\/strong>: Nos panneaux et rev\u00eatements de sol en WPC sont dot\u00e9s d'une technologie d'impression haute d\u00e9finition qui reproduit parfaitement les textures d\u00e9licates du bois naturel, ajoutant ainsi une touche de nature \u00e0 votre espace.<\/p>\n<\/li>\n<li>\n<p id=\"\"><strong>Super durabilit\u00e9<\/strong>: Fabriqu\u00e9s \u00e0 partir de fibres de bois de haute qualit\u00e9 et de poly\u00e9thyl\u00e8ne haute densit\u00e9, nos produits offrent une excellente r\u00e9sistance \u00e0 l'usure, aux intemp\u00e9ries et \u00e0 l'eau. Ils r\u00e9sistent aux conditions m\u00e9t\u00e9orologiques difficiles et \u00e0 l'usure quotidienne.<\/p>\n<\/li>\n<li>\n<p id=\"\"><strong>Respectueux de l'environnement et de la sant\u00e9<\/strong>: Nous nous engageons \u00e0 produire de mani\u00e8re \u00e9cologique, tous les mat\u00e9riaux \u00e9tant conformes aux normes environnementales, non toxiques et inoffensifs, afin de cr\u00e9er un environnement sain et s\u00fbr pour vous et votre famille.<\/p>\n<\/li>\n<li>\n<p id=\"\"><strong>Installation facile<\/strong>: Gr\u00e2ce \u00e0 des conceptions de verrouillage innovantes, nos produits peuvent \u00eatre facilement install\u00e9s sans colle ni clous, ce qui permet d'\u00e9conomiser du temps et de l'argent.<\/p>\n<\/li>\n<li>\n<p id=\"\"><strong>Entretien simple<\/strong>: Le nettoyage quotidien ne n\u00e9cessite qu'un simple essuyage \u00e0 l'aide d'un chiffon humide. Aucun soin particulier n'est n\u00e9cessaire, ce qui vous rend la vie plus facile et plus pratique.<\/p>\n<\/li>\n<li>\n<p id=\"\"><strong>Diverses options<\/strong>: Nous proposons une vari\u00e9t\u00e9 de couleurs, de textures et de tailles pour r\u00e9pondre \u00e0 diff\u00e9rents styles et besoins, afin de personnaliser votre espace.<\/p>\n<\/li>\n<\/ol>\n<p id=\"\"><strong>\u3010Application Sc\u00e9narios\u3011<\/strong><\/p>\n<ul>\n<li>\n<p id=\"\"><strong>Terrasse ext\u00e9rieure<\/strong>: Nos panneaux de terrasse en WPC sont id\u00e9aux pour la d\u00e9tente en plein air, offrant une plate-forme confortable et magnifique pour les barbecues, les rassemblements ou les loisirs quotidiens.<\/p>\n<\/li>\n<li>\n<p id=\"\"><strong>Rev\u00eatements de sol int\u00e9rieurs<\/strong>: Les rev\u00eatements de sol WPC sont non seulement beaux et durables, mais aussi faciles \u00e0 nettoyer, ce qui les rend parfaits pour les maisons, les bureaux, les magasins et autres espaces int\u00e9rieurs.<\/p>\n<\/li>\n<li>\n<p id=\"\"><strong>Patios et balcons<\/strong>: Ajoutez une touche de nature et de chaleur \u00e0 votre patio ou \u00e0 votre balcon et profitez de la beaut\u00e9 de la vie en plein air.<\/p>\n<\/li>\n<\/ul>\n<p id=\"\"><strong>\u3010Sp\u00e9cifications techniques\u3011<\/strong><\/p>\n<ul>\n<li><strong>Mat\u00e9riau<\/strong>: Fibres de bois + poly\u00e9thyl\u00e8ne haute densit\u00e9<\/li>\n<li><strong>Taille<\/strong>: Plusieurs tailles disponibles (veuillez consulter le service client\u00e8le pour des informations d\u00e9taill\u00e9es)<\/li>\n<li><strong>Couleur<\/strong>: Diff\u00e9rentes couleurs de bois naturel disponibles<\/li>\n<li><strong>Poids<\/strong>: D\u00e9pend de la taille sp\u00e9cifique<\/li>\n<li><strong>M\u00e9thode d'installation<\/strong>: Installation de verrouillage<\/li>\n<\/ul>\n<p id=\"\"><strong>\u3010Guide d'achat\u3011<\/strong><\/p>\n<ul>\n<li><strong>Consulter le service client\u00e8le<\/strong>: Pour toute question ou service personnalis\u00e9, n'h\u00e9sitez pas \u00e0 contacter notre service client\u00e8le.<\/li>\n<li><strong>Passer commande<\/strong>: S\u00e9lectionnez le style et la taille de votre choix, ajoutez au panier et effectuez le paiement.<\/li>\n<li><strong>Logistique et livraison<\/strong>: Nous proposons des services de logistique et de livraison rapides et s\u00fbrs pour garantir que les produits arrivent \u00e0 temps.<\/li>\n<\/ul>\n<h3><strong>Couleur et surface<\/strong><\/h3>\n<p>Notre rev\u00eatement de sol METE140H25 pr\u00e9sente une surface \u00e9l\u00e9gante \u00e0 grain droit, ajoutant une texture sophistiqu\u00e9e \u00e0 n'importe quel endroit.<\/p>\n<p>Avec des couleurs, des dimensions et des formes personnalisables, ces panneaux offrent une flexibilit\u00e9 exceptionnelle, vous permettant de lib\u00e9rer votre cr\u00e9ativit\u00e9 dans les projets d'am\u00e9nagement int\u00e9rieur et ext\u00e9rieur.<\/p>\n<p>La technologie d'\u00e9co-extrusion garantit que chaque panneau n'est pas seulement esth\u00e9tique, mais qu'il contribue \u00e9galement \u00e0 un environnement de vie durable.<\/p>\n<\/div>\n<h3>Si vous voulez en savoir plus, cliquez sur ce lien vers Youtube :<a href=\"https:\/\/youtu.be\/J9f8X8wStE4\" target=\"_blank\" rel=\"noopener\">https:\/\/youtu.be\/J9f8X8wStE4<\/a><\/h3>\n<p>&nbsp;<\/p>\n<div class=\"elementor-element elementor-element-1f676da elementor-widget elementor-widget-heading\" data-id=\"1f676da\" data-element_type=\"widget\" data-widget_type=\"heading.default\">\n<h3>Galerie<\/h3>\n<figure id=\"attachment_17399\" aria-describedby=\"caption-attachment-17399\" style=\"width: 1024px\" class=\"wp-caption alignnone\"><img loading=\"lazy\" decoding=\"async\" class=\"wp-image-17399\" src=\"https:\/\/meterny.com\/wp-content\/uploads\/2024\/03\/13-3.png\" alt=\"Rev\u00eatement de sol WPC \u00e0 drainage rapide pour les zones pluvieuses\" width=\"1024\" height=\"1024\" srcset=\"https:\/\/meterny.com\/wp-content\/uploads\/2024\/03\/13-3.png 800w, https:\/\/meterny.com\/wp-content\/uploads\/2024\/03\/13-3-300x300.png 300w, https:\/\/meterny.com\/wp-content\/uploads\/2024\/03\/13-3-150x150.png 150w, https:\/\/meterny.com\/wp-content\/uploads\/2024\/03\/13-3-768x768.png 768w, https:\/\/meterny.com\/wp-content\/uploads\/2024\/03\/13-3-600x600.png 600w, https:\/\/meterny.com\/wp-content\/uploads\/2024\/03\/13-3-100x100.png 100w\" sizes=\"auto, (max-width: 1024px) 100vw, 1024px\" \/><figcaption id=\"caption-attachment-17399\" class=\"wp-caption-text\">Rev\u00eatement de sol WPC Quick-Drain : La solution parfaite pour les r\u00e9gions pluvieuses<\/figcaption><\/figure>\n<figure id=\"attachment_17396\" aria-describedby=\"caption-attachment-17396\" style=\"width: 1024px\" class=\"wp-caption alignnone\"><img loading=\"lazy\" decoding=\"async\" class=\"wp-image-17396\" src=\"https:\/\/meterny.com\/wp-content\/uploads\/2024\/03\/3-1.png\" alt=\"Rev\u00eatement de sol antid\u00e9rapant en WPC pour les all\u00e9es de jardin\" width=\"1024\" height=\"1024\" srcset=\"https:\/\/meterny.com\/wp-content\/uploads\/2024\/03\/3-1.png 1079w, https:\/\/meterny.com\/wp-content\/uploads\/2024\/03\/3-1-300x300.png 300w, https:\/\/meterny.com\/wp-content\/uploads\/2024\/03\/3-1-1024x1024.png 1024w, https:\/\/meterny.com\/wp-content\/uploads\/2024\/03\/3-1-150x150.png 150w, https:\/\/meterny.com\/wp-content\/uploads\/2024\/03\/3-1-768x768.png 768w, https:\/\/meterny.com\/wp-content\/uploads\/2024\/03\/3-1-600x600.png 600w, https:\/\/meterny.com\/wp-content\/uploads\/2024\/03\/3-1-100x100.png 100w\" sizes=\"auto, (max-width: 1024px) 100vw, 1024px\" \/><figcaption id=\"caption-attachment-17396\" class=\"wp-caption-text\">Rev\u00eatements de sol antid\u00e9rapants en WPC : Des all\u00e9es de jardin s\u00fbres et \u00e9l\u00e9gantes<\/figcaption><\/figure>\n<p><img loading=\"lazy\" decoding=\"async\" class=\"alignnone wp-image-17395\" src=\"https:\/\/meterny.com\/wp-content\/uploads\/2024\/03\/3-6-rotated.jpg\" alt=\"\" width=\"1024\" height=\"1024\" srcset=\"https:\/\/meterny.com\/wp-content\/uploads\/2024\/03\/3-6-rotated.jpg 800w, https:\/\/meterny.com\/wp-content\/uploads\/2024\/03\/3-6-300x300.jpg 300w, https:\/\/meterny.com\/wp-content\/uploads\/2024\/03\/3-6-150x150.jpg 150w, https:\/\/meterny.com\/wp-content\/uploads\/2024\/03\/3-6-768x768.jpg 768w, https:\/\/meterny.com\/wp-content\/uploads\/2024\/03\/3-6-600x600.jpg 600w, https:\/\/meterny.com\/wp-content\/uploads\/2024\/03\/3-6-100x100.jpg 100w\" sizes=\"auto, (max-width: 1024px) 100vw, 1024px\" \/><\/p>\n<h3>Options de couleurs<\/h3>\n<p>Meterny S\u00e9rie METE Carte de couleurs des rev\u00eatements de sol WPC<\/p>\n<figure id=\"attachment_20293\" aria-describedby=\"caption-attachment-20293\" style=\"width: 1024px\" class=\"wp-caption alignnone\"><img loading=\"lazy\" decoding=\"async\" class=\"wp-image-20293\" src=\"https:\/\/meterny.com\/wp-content\/uploads\/2024\/10\/METE-Series-Colour-151.png\" alt=\"Options de couleur de la cl\u00f4ture WPC Meterny\" width=\"1024\" height=\"1024\" srcset=\"https:\/\/meterny.com\/wp-content\/uploads\/2024\/10\/METE-Series-Colour-151.png 900w, https:\/\/meterny.com\/wp-content\/uploads\/2024\/10\/METE-Series-Colour-151-300x300.png 300w, https:\/\/meterny.com\/wp-content\/uploads\/2024\/10\/METE-Series-Colour-151-150x150.png 150w, https:\/\/meterny.com\/wp-content\/uploads\/2024\/10\/METE-Series-Colour-151-768x768.png 768w, https:\/\/meterny.com\/wp-content\/uploads\/2024\/10\/METE-Series-Colour-151-600x600.png 600w, https:\/\/meterny.com\/wp-content\/uploads\/2024\/10\/METE-Series-Colour-151-100x100.png 100w\" sizes=\"auto, (max-width: 1024px) 100vw, 1024px\" \/><figcaption id=\"caption-attachment-20293\" class=\"wp-caption-text\">Explore Meterny WPC Floor - Neuf options de couleurs \u00e9tonnantes pour tous les styles<\/figcaption><\/figure>\n<h3><strong>Pourquoi choisir les panneaux de terrasse en WPC et les rev\u00eatements de sol en WPC ?<\/strong><\/h3>\n<p id=\"\">Le choix de panneaux et de rev\u00eatements de sol en WPC (Wood Plastic Composite) offre une multitude d'avantages qui en font un choix id\u00e9al pour les applications r\u00e9sidentielles et commerciales. Voici plusieurs raisons convaincantes d'opter pour les terrasses et les sols en WPC :<\/p>\n<ol>\n<li><strong>Durabilit\u00e9 et long\u00e9vit\u00e9<\/strong>:\n<ul>\n<li>Le WPC associe la r\u00e9sistance et la stabilit\u00e9 du plastique \u00e0 l'esth\u00e9tique naturelle du bois, ce qui donne un produit tr\u00e8s r\u00e9sistant \u00e0 l'usure, aux d\u00e9chirures et aux conditions climatiques.<\/li>\n<li>Il est moins sujet \u00e0 la pourriture, au gauchissement et \u00e0 la d\u00e9coloration que les terrasses et les planchers en bois traditionnels, ce qui lui assure une dur\u00e9e de vie plus longue.<\/li>\n<\/ul>\n<\/li>\n<li><strong>Faible entretien<\/strong>:\n<ul>\n<li>Contrairement au bois traditionnel, les terrasses et les sols en WPC ne n\u00e9cessitent qu'un minimum d'entretien. Ils sont faciles \u00e0 nettoyer et n'ont pas besoin d'\u00eatre scell\u00e9s, teint\u00e9s ou peints r\u00e9guli\u00e8rement.<\/li>\n<li>Il suffit de les nettoyer au jet d'eau ou de les essuyer avec un chiffon humide pour pr\u00e9server leur apparence.<\/li>\n<\/ul>\n<\/li>\n<li><strong>Respect de l'environnement<\/strong>:\n<ul>\n<li>Les produits WPC sont fabriqu\u00e9s \u00e0 partir de plastique recycl\u00e9 et de d\u00e9chets de bois, ce qui permet de r\u00e9duire l'impact sur l'environnement et de promouvoir le d\u00e9veloppement durable.<\/li>\n<li>Ils offrent une alternative \u00e9cologique aux mat\u00e9riaux traditionnels pour les terrasses et les sols, qui peuvent impliquer la d\u00e9forestation.<\/li>\n<\/ul>\n<\/li>\n<li><strong>Polyvalence et esth\u00e9tique<\/strong>:\n<ul>\n<li>Les terrasses et les sols en WPC sont disponibles dans une large gamme de couleurs, de textures et de styles, ce qui vous permet de cr\u00e9er un espace ext\u00e9rieur ou int\u00e9rieur unique et personnalis\u00e9.<\/li>\n<li>Ils imitent l'aspect du bois v\u00e9ritable, mais avec des avantages suppl\u00e9mentaires en termes de durabilit\u00e9 et de performance.<\/li>\n<\/ul>\n<\/li>\n<li><strong>Rentabilit\u00e9<\/strong>:\n<ul>\n<li>Si l'investissement initial pour les terrasses et les rev\u00eatements de sol en WPC peut \u00eatre similaire ou l\u00e9g\u00e8rement sup\u00e9rieur \u00e0 celui de certains mat\u00e9riaux traditionnels, leur durabilit\u00e9 \u00e0 long terme et leurs faibles besoins d'entretien peuvent conduire \u00e0 des \u00e9conomies significatives au fil du temps.<\/li>\n<\/ul>\n<\/li>\n<li><strong>Installation facile<\/strong>:\n<ul>\n<li>De nombreux produits de terrasse et de rev\u00eatement de sol en WPC sont dot\u00e9s de syst\u00e8mes de verrouillage innovants qui simplifient l'installation, en \u00e9liminant le besoin de clous ou de vis.<\/li>\n<li>Cela permet de r\u00e9duire les co\u00fbts de main-d'\u0153uvre et le temps d'installation, ce qui en fait une option plus pratique.<\/li>\n<\/ul>\n<\/li>\n<li><strong>R\u00e9sistance aux intemp\u00e9ries<\/strong>:\n<ul>\n<li>Les terrasses et les sols en WPC sont con\u00e7us pour r\u00e9sister \u00e0 des conditions climatiques extr\u00eames, y compris les temp\u00e9ratures \u00e9lev\u00e9es, la pluie, la neige et les rayons UV.<\/li>\n<li>Ils conservent leur int\u00e9grit\u00e9 structurelle et leur apparence, m\u00eame dans des environnements ext\u00e9rieurs difficiles.<\/li>\n<\/ul>\n<\/li>\n<li><strong>Am\u00e9lioration de la s\u00e9curit\u00e9<\/strong>:\n<ul>\n<li>Les propri\u00e9t\u00e9s antid\u00e9rapantes des terrasses et des sols en WPC en font des options plus s\u00fbres, en particulier dans des conditions humides.<\/li>\n<li>Ils r\u00e9duisent le risque d'accidents et de blessures, offrant un espace ext\u00e9rieur ou int\u00e9rieur plus s\u00fbr.<\/li>\n<\/ul>\n<\/li>\n<\/ol>\n<p id=\"\">En r\u00e9sum\u00e9, les panneaux de terrasse et les rev\u00eatements de sol en WPC offrent une combinaison de durabilit\u00e9, d'esth\u00e9tique, de faible entretien, de respect de l'environnement et de rentabilit\u00e9 qui en fait un choix sup\u00e9rieur pour les maisons modernes et les propri\u00e9t\u00e9s commerciales. Que vous cherchiez \u00e0 am\u00e9liorer votre espace de vie ext\u00e9rieur ou \u00e0 moderniser vos sols int\u00e9rieurs, les terrasses et les rev\u00eatements de sol en WPC constituent une solution polyvalente et fiable.<\/p>\n<\/div>","protected":false},"excerpt":{"rendered":"<p>\u00a0Panneaux de terrasse Wpc Plancher Wpc Sp\u00e9cification Panneaux de terrasse Wpc Plancher METE140H25 Panneaux de terrasse Wpc Plancher Wpc : \u00e9levez votre [...]<\/p>","protected":false},"featured_media":17393,"comment_status":"open","ping_status":"closed","template":"","meta":{"_uag_custom_page_level_css":"","site-sidebar-layout":"default","site-content-layout":"","ast-site-content-layout":"default","site-content-style":"default","site-sidebar-style":"default","ast-global-header-display":"","ast-banner-title-visibility":"","ast-main-header-display":"","ast-hfb-above-header-display":"","ast-hfb-below-header-display":"","ast-hfb-mobile-header-display":"","site-post-title":"","ast-breadcrumbs-content":"","ast-featured-img":"","footer-sml-layout":"","theme-transparent-header-meta":"default","adv-header-id-meta":"","stick-header-meta":"default","header-above-stick-meta":"","header-main-stick-meta":"","header-below-stick-meta":"","astra-migrate-meta-layouts":"set","ast-page-background-enabled":"default","ast-page-background-meta":{"desktop":{"background-color":"var(--ast-global-color-4)","background-image":"","background-repeat":"repeat","background-position":"center center","background-size":"auto","background-attachment":"scroll","background-type":"","background-media":"","overlay-type":"","overlay-color":"","overlay-opacity":"","overlay-gradient":""},"tablet":{"background-color":"","background-image":"","background-repeat":"repeat","background-position":"center center","background-size":"auto","background-attachment":"scroll","background-type":"","background-media":"","overlay-type":"","overlay-color":"","overlay-opacity":"","overlay-gradient":""},"mobile":{"background-color":"","background-image":"","background-repeat":"repeat","background-position":"center center","background-size":"auto","background-attachment":"scroll","background-type":"","background-media":"","overlay-type":"","overlay-color":"","overlay-opacity":"","overlay-gradient":""}},"ast-content-background-meta":{"desktop":{"background-color":"var(--ast-global-color-5)","background-image":"","background-repeat":"repeat","background-position":"center center","background-size":"auto","background-attachment":"scroll","background-type":"","background-media":"","overlay-type":"","overlay-color":"","overlay-opacity":"","overlay-gradient":""},"tablet":{"background-color":"var(--ast-global-color-5)","background-image":"","background-repeat":"repeat","background-position":"center center","background-size":"auto","background-attachment":"scroll","background-type":"","background-media":"","overlay-type":"","overlay-color":"","overlay-opacity":"","overlay-gradient":""},"mobile":{"background-color":"var(--ast-global-color-5)","background-image":"","background-repeat":"repeat","background-position":"center center","background-size":"auto","background-attachment":"scroll","background-type":"","background-media":"","overlay-type":"","overlay-color":"","overlay-opacity":"","overlay-gradient":""}}},"product_brand":[],"product_cat":[18],"product_tag":[182,181],"class_list":{"0":"post-17410","1":"product","2":"type-product","3":"status-publish","4":"has-post-thumbnail","6":"product_cat-uncategorized","7":"product_tag-wpc-decking","8":"product_tag-wpc-flooring","9":"desktop-align-center","10":"tablet-align-left","11":"mobile-align-left","12":"ast-product-gallery-layout-horizontal-slider","13":"ast-product-tabs-layout-vertical","15":"first","16":"instock","17":"featured","18":"shipping-taxable","19":"product-type-simple"},"uagb_featured_image_src":{"full":["https:\/\/meterny.com\/wp-content\/uploads\/2024\/03\/1-40.jpg",800,800,false],"thumbnail":["https:\/\/meterny.com\/wp-content\/uploads\/2024\/03\/1-40-150x150.jpg",150,150,true],"medium":["https:\/\/meterny.com\/wp-content\/uploads\/2024\/03\/1-40-300x300.jpg",300,300,true],"medium_large":["https:\/\/meterny.com\/wp-content\/uploads\/2024\/03\/1-40-768x768.jpg",768,768,true],"large":["https:\/\/meterny.com\/wp-content\/uploads\/2024\/03\/1-40.jpg",800,800,false],"1536x1536":["https:\/\/meterny.com\/wp-content\/uploads\/2024\/03\/1-40.jpg",800,800,false],"2048x2048":["https:\/\/meterny.com\/wp-content\/uploads\/2024\/03\/1-40.jpg",800,800,false],"trp-custom-language-flag":["https:\/\/meterny.com\/wp-content\/uploads\/2024\/03\/1-40.jpg",12,12,false],"woocommerce_thumbnail":["https:\/\/meterny.com\/wp-content\/uploads\/2024\/03\/1-40-300x300.jpg",300,300,true],"woocommerce_single":["https:\/\/meterny.com\/wp-content\/uploads\/2024\/03\/1-40-600x600.jpg",600,600,true],"woocommerce_gallery_thumbnail":["https:\/\/meterny.com\/wp-content\/uploads\/2024\/03\/1-40-100x100.jpg",100,100,true]},"uagb_author_info":{"display_name":"meterny","author_link":"https:\/\/meterny.com\/fr\/author\/"},"uagb_comment_info":0,"uagb_excerpt":"\u00a0Wpc Decking Panels Wpc Flooring Specification Wpc Decking Panels Wpc Flooring METE140H25\u00a0 Wpc Decking Panels Wpc Flooring : Elevate Your [&hellip;]","_links":{"self":[{"href":"https:\/\/meterny.com\/fr\/wp-json\/wp\/v2\/product\/17410","targetHints":{"allow":["GET"]}}],"collection":[{"href":"https:\/\/meterny.com\/fr\/wp-json\/wp\/v2\/product"}],"about":[{"href":"https:\/\/meterny.com\/fr\/wp-json\/wp\/v2\/types\/product"}],"replies":[{"embeddable":true,"href":"https:\/\/meterny.com\/fr\/wp-json\/wp\/v2\/comments?post=17410"}],"wp:featuredmedia":[{"embeddable":true,"href":"https:\/\/meterny.com\/fr\/wp-json\/wp\/v2\/media\/17393"}],"wp:attachment":[{"href":"https:\/\/meterny.com\/fr\/wp-json\/wp\/v2\/media?parent=17410"}],"wp:term":[{"taxonomy":"product_brand","embeddable":true,"href":"https:\/\/meterny.com\/fr\/wp-json\/wp\/v2\/product_brand?post=17410"},{"taxonomy":"product_cat","embeddable":true,"href":"https:\/\/meterny.com\/fr\/wp-json\/wp\/v2\/product_cat?post=17410"},{"taxonomy":"product_tag","embeddable":true,"href":"https:\/\/meterny.com\/fr\/wp-json\/wp\/v2\/product_tag?post=17410"}],"curies":[{"name":"wp","href":"https:\/\/api.w.org\/{rel}","templated":true}]}}