{"id":17411,"date":"2024-10-08T14:02:53","date_gmt":"2024-10-08T14:02:53","guid":{"rendered":"https:\/\/meterny.com\/?post_type=product&#038;p=17411"},"modified":"2025-01-18T09:29:13","modified_gmt":"2025-01-18T09:29:13","slug":"wood-grain-wpc-flooring-panels","status":"publish","type":"product","link":"https:\/\/meterny.com\/fr\/produit\/wood-grain-wpc-flooring-panels\/","title":{"rendered":"Balcon Rev\u00eatement de sol en bois composite Wpc Grain de bois Rev\u00eatement de sol Wpc Panneaux de rev\u00eatement de sol WPC Composite Decking"},"content":{"rendered":"<div class=\"elementor-element elementor-element-c0e1d42 elementor-widget elementor-widget-heading\" data-id=\"c0e1d42\" data-element_type=\"widget\" data-widget_type=\"heading.default\">\n<div class=\"elementor-widget-container\">\n<h2 class=\"elementor-heading-title elementor-size-default\" style=\"text-align: center;\">Balcony Wood Plastic Composite Wpc Flooring<\/h2>\n<\/div>\n<\/div>\n<div class=\"elementor-element elementor-element-1f676da elementor-widget elementor-widget-heading\" data-id=\"1f676da\" data-element_type=\"widget\" data-widget_type=\"heading.default\">\n<h2 class=\"elementor-widget-container\" style=\"text-align: center;\">Sp\u00e9cifications<\/h2>\n<p>METE140H25 WPC Panneaux de sol Wpc en grain de bois : \u00c9levez vos espaces avec une \u00e9l\u00e9gance moderne<\/p>\n<h3><strong>Titre du produit<\/strong><\/h3>\n<p id=\"\">Panneaux de sol WPC en grain de bois - Cr\u00e9er des espaces de vie naturels et confortables<\/p>\n<div class=\"elementor-element elementor-element-1f676da elementor-widget elementor-widget-heading\" data-id=\"1f676da\" data-element_type=\"widget\" data-widget_type=\"heading.default\">\n<p><strong>Mod\u00e8le<\/strong>: METE140H25<br \/>\n<strong>Type<\/strong>: WPC Decking\/Floor<br \/>\n<strong>Taille<\/strong>: 140\u00d725mm<\/p>\n<p><strong>Surface<\/strong>: Grains droits<br \/>\n<strong>Longueur<\/strong>2,9 m ou sur mesure<br \/>\n<strong>Mat\u00e9riau<\/strong>: Bois composite<br \/>\n<strong>Technologie des produits<\/strong>: Eco-extrusion<\/p>\n<\/div>\n<div class=\"elementor-element elementor-element-1f676da elementor-widget elementor-widget-heading\" data-id=\"1f676da\" data-element_type=\"widget\" data-widget_type=\"heading.default\">\n<p><img loading=\"lazy\" decoding=\"async\" class=\"alignnone wp-image-17392\" src=\"https:\/\/meterny.com\/wp-content\/uploads\/2024\/03\/1-3.jpg\" alt=\"Panneaux de rev\u00eatement de sol Wpc en grain de bois\" width=\"1024\" height=\"1024\" srcset=\"https:\/\/meterny.com\/wp-content\/uploads\/2024\/03\/1-3.jpg 800w, https:\/\/meterny.com\/wp-content\/uploads\/2024\/03\/1-3-300x300.jpg 300w, https:\/\/meterny.com\/wp-content\/uploads\/2024\/03\/1-3-150x150.jpg 150w, https:\/\/meterny.com\/wp-content\/uploads\/2024\/03\/1-3-768x768.jpg 768w, https:\/\/meterny.com\/wp-content\/uploads\/2024\/03\/1-3-600x600.jpg 600w, https:\/\/meterny.com\/wp-content\/uploads\/2024\/03\/1-3-100x100.jpg 100w\" sizes=\"auto, (max-width: 1024px) 100vw, 1024px\" \/><\/p>\n<\/div>\n<ol>\n<li><strong>Image principale du produit<\/strong>\u00a0- Mise en valeur de l'effet esth\u00e9tique global du rev\u00eatement de sol WPC \u00e0 grain de bois.<\/li>\n<li><strong>Image de texture d\u00e9taill\u00e9e<\/strong>\u00a0- Il met en valeur la texture du grain de bois du rev\u00eatement de sol, r\u00e9v\u00e9lant ainsi sa beaut\u00e9 naturelle.<\/li>\n<li><strong>Exemple d'installation Image<\/strong>\u00a0- D\u00e9monstration de l'application pratique du rev\u00eatement de sol dans un environnement domestique.<\/li>\n<li><strong>Image de la certification environnementale<\/strong>\u00a0- Afficher les marques de certification environnementale du produit pour renforcer la confiance des consommateurs.<\/li>\n<\/ol>\n<h3><strong>Description du produit<\/strong><\/h3>\n<h4><strong>I. Pr\u00e9sentation du produit<\/strong><\/h4>\n<p id=\"\">Les panneaux de rev\u00eatement de sol WPC \u00e0 grain de bois constituent un nouveau type de rev\u00eatement de sol qui allie beaut\u00e9, durabilit\u00e9 et respect de l'environnement. Gr\u00e2ce \u00e0 la technologie avanc\u00e9e du WPC (Wood Plastic Composite), les fibres de bois naturel sont parfaitement combin\u00e9es \u00e0 des r\u00e9sines polym\u00e8res, ce qui permet de conserver la texture naturelle et le toucher chaleureux du bois tout en surmontant les inconv\u00e9nients du bois traditionnel, tels que la sensibilit\u00e9 \u00e0 l'humidit\u00e9 et \u00e0 la d\u00e9formation.<\/p>\n<h4><strong>II. Caract\u00e9ristiques du produit<\/strong><\/h4>\n<ol>\n<li><strong>Grain de bois naturel<\/strong>\u00a0- Gr\u00e2ce \u00e0 une technologie d'impression haute d\u00e9finition, les textures et les couleurs du bois v\u00e9ritable sont parfaitement reproduites sur le rev\u00eatement de sol, ce qui conf\u00e8re \u00e0 votre espace de vie une atmosph\u00e8re naturelle.<\/li>\n<li><strong>Imperm\u00e9able et r\u00e9sistant \u00e0 l'humidit\u00e9<\/strong>\u00a0- Le mat\u00e9riau WPC pr\u00e9sente d'excellentes performances en mati\u00e8re d'\u00e9tanch\u00e9it\u00e9, maintenant la s\u00e9cheresse et la stabilit\u00e9 du sol m\u00eame dans des environnements humides.<\/li>\n<li><strong>R\u00e9sistant \u00e0 l'usure et durable<\/strong>\u00a0- L'ajout de r\u00e9sines polym\u00e8res rend le rev\u00eatement de sol plus r\u00e9sistant \u00e0 l'usure et aux chocs, conservant son \u00e9clat et sa fra\u00eecheur m\u00eame apr\u00e8s une utilisation prolong\u00e9e.<\/li>\n<li><strong>Respectueux de l'environnement et de la sant\u00e9<\/strong>\u00a0- Fabriqu\u00e9 \u00e0 partir de mat\u00e9riaux \u00e9cologiques, il est non toxique, inoffensif et ne produit pas d'\u00e9missions de formald\u00e9hyde, prot\u00e9geant ainsi votre sant\u00e9 et celle de votre famille.<\/li>\n<li><strong>Installation facile<\/strong>\u00a0- Dot\u00e9 d'un syst\u00e8me de verrouillage, il ne n\u00e9cessite ni colle ni clous, ce qui rend l'installation simple et rapide et permet d'\u00e9conomiser du temps et de l'argent.<\/li>\n<\/ol>\n<h4><strong>III. Sc\u00e9narios d'application<\/strong><\/h4>\n<p id=\"\">Les panneaux de rev\u00eatement de sol en bois WPC conviennent \u00e0 diff\u00e9rents types d'espaces, tels que les chambres \u00e0 coucher, les salons, les salles \u00e0 manger et les salles d'\u00e9tude. Leur grain de bois naturel et leur toucher confortable peuvent ajouter un sentiment de chaleur et de tranquillit\u00e9 \u00e0 votre espace de vie.<\/p>\n<h4><strong>IV. Sp\u00e9cifications des produits<\/strong><\/h4>\n<ul>\n<li><strong>Mat\u00e9riau<\/strong>: WPC (Wood Plastic Composite)<\/li>\n<li><strong>\u00c9paisseur<\/strong>: 23\/25 \/28mm<\/li>\n<li><strong>Largeur<\/strong>:  119\/201\/210mm<\/li>\n<li><strong>Longueur<\/strong>:135\/ 217\/227mm<\/li>\n<li><strong>Couleurs<\/strong>: Plusieurs couleurs de bois disponibles (par exemple, ch\u00eane, noyer, \u00e9rable, etc.)<\/li>\n<li><strong>M\u00e9thode d'installation<\/strong>: Installation de verrouillage<\/li>\n<\/ul>\n<h4><strong>V. Entretien et nettoyage<\/strong><\/h4>\n<ul>\n<li>Nettoyage quotidien : Utilisez une serpilli\u00e8re s\u00e8che ou l\u00e9g\u00e8rement humide pour essuyer.<\/li>\n<li>\u00c9vitez de tra\u00eener lourdement : \u00c9vitez de rayer la surface du sol avec des objets pointus.<\/li>\n<li>Garder au sec : Essayez d'\u00e9viter les trempages prolong\u00e9s ou le contact avec de grandes quantit\u00e9s d'eau.<\/li>\n<\/ul>\n<\/div>\n<div class=\"elementor-element elementor-element-1f676da elementor-widget elementor-widget-heading\" data-id=\"1f676da\" data-element_type=\"widget\" data-widget_type=\"heading.default\">\n<h3><strong>Couleur et surface<\/strong><\/h3>\n<p>Notre sol METE140H25 pr\u00e9sente une surface \u00e9l\u00e9gante \u00e0 grain droit, ajoutant une texture sophistiqu\u00e9e \u00e0 n'importe quel endroit.<\/p>\n<p>Avec des couleurs, des dimensions et des formes personnalisables, ces panneaux offrent une flexibilit\u00e9 exceptionnelle, vous permettant de lib\u00e9rer votre cr\u00e9ativit\u00e9 dans les projets d'am\u00e9nagement int\u00e9rieur et ext\u00e9rieur.<\/p>\n<p>La technologie d'\u00e9co-extrusion garantit que chaque panneau n'est pas seulement esth\u00e9tique, mais qu'il contribue \u00e9galement \u00e0 un environnement de vie durable.<\/p>\n<h3>Si vous voulez en savoir plus, cliquez sur ce lien vers Youtube :<a href=\"https:\/\/youtu.be\/XqR4zuwyGyE\" target=\"_blank\" rel=\"noopener\">https:\/\/youtu.be\/XqR4zuwyGyE<\/a><\/h3>\n<p>&nbsp;<\/p>\n<h3>Galerie<\/h3>\n<figure id=\"attachment_17414\" aria-describedby=\"caption-attachment-17414\" style=\"width: 1024px\" class=\"wp-caption alignnone\"><img loading=\"lazy\" decoding=\"async\" class=\"wp-image-17414\" src=\"https:\/\/meterny.com\/wp-content\/uploads\/2024\/10\/4.png\" alt=\"Rev\u00eatements de sol WPC abordables pour l&#039;int\u00e9rieur et l&#039;ext\u00e9rieur\" width=\"1024\" height=\"923\" srcset=\"https:\/\/meterny.com\/wp-content\/uploads\/2024\/10\/4.png 498w, https:\/\/meterny.com\/wp-content\/uploads\/2024\/10\/4-300x270.png 300w\" sizes=\"auto, (max-width: 1024px) 100vw, 1024px\" \/><figcaption id=\"caption-attachment-17414\" class=\"wp-caption-text\">Rev\u00eatement de sol WPC abordable : Le choix parfait pour des applications polyvalentes.<\/figcaption><\/figure>\n<figure id=\"attachment_17412\" aria-describedby=\"caption-attachment-17412\" style=\"width: 1024px\" class=\"wp-caption alignnone\"><img loading=\"lazy\" decoding=\"async\" class=\"wp-image-17412\" src=\"https:\/\/meterny.com\/wp-content\/uploads\/2024\/10\/1-1-1.jpg\" alt=\"Rev\u00eatement de sol WPC r\u00e9sistant aux rayures\" width=\"1024\" height=\"1024\" srcset=\"https:\/\/meterny.com\/wp-content\/uploads\/2024\/10\/1-1-1.jpg 800w, https:\/\/meterny.com\/wp-content\/uploads\/2024\/10\/1-1-1-300x300.jpg 300w, https:\/\/meterny.com\/wp-content\/uploads\/2024\/10\/1-1-1-150x150.jpg 150w, https:\/\/meterny.com\/wp-content\/uploads\/2024\/10\/1-1-1-768x768.jpg 768w, https:\/\/meterny.com\/wp-content\/uploads\/2024\/10\/1-1-1-600x600.jpg 600w, https:\/\/meterny.com\/wp-content\/uploads\/2024\/10\/1-1-1-100x100.jpg 100w\" sizes=\"auto, (max-width: 1024px) 100vw, 1024px\" \/><figcaption id=\"caption-attachment-17412\" class=\"wp-caption-text\">Parfait pour les espaces occup\u00e9s - Rev\u00eatement de sol WPC r\u00e9sistant aux rayures<\/figcaption><\/figure>\n<figure id=\"attachment_17413\" aria-describedby=\"caption-attachment-17413\" style=\"width: 1024px\" class=\"wp-caption alignnone\"><img loading=\"lazy\" decoding=\"async\" class=\"wp-image-17413\" src=\"https:\/\/meterny.com\/wp-content\/uploads\/2024\/10\/1-9.jpg\" alt=\"Rev\u00eatement de sol WPC imperm\u00e9able pour les terrasses ext\u00e9rieures\" width=\"1024\" height=\"1024\" srcset=\"https:\/\/meterny.com\/wp-content\/uploads\/2024\/10\/1-9.jpg 464w, https:\/\/meterny.com\/wp-content\/uploads\/2024\/10\/1-9-300x300.jpg 300w, https:\/\/meterny.com\/wp-content\/uploads\/2024\/10\/1-9-150x150.jpg 150w, https:\/\/meterny.com\/wp-content\/uploads\/2024\/10\/1-9-100x100.jpg 100w\" sizes=\"auto, (max-width: 1024px) 100vw, 1024px\" \/><figcaption id=\"caption-attachment-17413\" class=\"wp-caption-text\">Am\u00e9liorez votre espace ext\u00e9rieur avec un rev\u00eatement de sol WPC imperm\u00e9able et durable<\/figcaption><\/figure>\n<h3>options de couleurs<\/h3>\n<p>Meterny S\u00e9rie METE Carte de couleurs des sols WPC<\/p>\n<p>&nbsp;<\/p>\n<figure id=\"attachment_20293\" aria-describedby=\"caption-attachment-20293\" style=\"width: 1024px\" class=\"wp-caption alignnone\"><img loading=\"lazy\" decoding=\"async\" class=\"wp-image-20293\" src=\"https:\/\/meterny.com\/wp-content\/uploads\/2024\/10\/METE-Series-Colour-151.png\" alt=\"Options de couleur de la cl\u00f4ture WPC Meterny\" width=\"1024\" height=\"1024\" srcset=\"https:\/\/meterny.com\/wp-content\/uploads\/2024\/10\/METE-Series-Colour-151.png 900w, https:\/\/meterny.com\/wp-content\/uploads\/2024\/10\/METE-Series-Colour-151-300x300.png 300w, https:\/\/meterny.com\/wp-content\/uploads\/2024\/10\/METE-Series-Colour-151-150x150.png 150w, https:\/\/meterny.com\/wp-content\/uploads\/2024\/10\/METE-Series-Colour-151-768x768.png 768w, https:\/\/meterny.com\/wp-content\/uploads\/2024\/10\/METE-Series-Colour-151-600x600.png 600w, https:\/\/meterny.com\/wp-content\/uploads\/2024\/10\/METE-Series-Colour-151-100x100.png 100w\" sizes=\"auto, (max-width: 1024px) 100vw, 1024px\" \/><figcaption id=\"caption-attachment-20293\" class=\"wp-caption-text\">Explore Meterny WPC Floor- Nine Stunning Color Options for Every Style (neuf options de couleur \u00e9tonnantes pour tous les styles)<\/figcaption><\/figure>\n<h3><strong>Pourquoi choisir les panneaux de rev\u00eatement de sol WPC en grain de bois ?<\/strong><\/h3>\n<p id=\"\">Les panneaux de rev\u00eatement de sol WPC (Wood Plastic Composite) en grain de bois offrent une multitude d'avantages qui en font un excellent choix pour les solutions de rev\u00eatement de sol modernes. Voici quelques raisons convaincantes d'opter pour ces panneaux :<\/p>\n<ol>\n<li>\n<p id=\"\"><strong>Esth\u00e9tique naturelle<\/strong>: Les panneaux de rev\u00eatement de sol WPC en grain de bois reproduisent la beaut\u00e9 naturelle et la texture du bois v\u00e9ritable, cr\u00e9ant ainsi une atmosph\u00e8re chaleureuse et accueillante dans votre espace de vie. La technologie d'impression haute d\u00e9finition garantit que les motifs de grain de bois sont r\u00e9alistes et visuellement attrayants.<\/p>\n<\/li>\n<li>\n<p id=\"\"><strong>Durabilit\u00e9 et long\u00e9vit\u00e9<\/strong>: Contrairement aux rev\u00eatements de sol en bois traditionnels, les panneaux WPC sont con\u00e7us pour r\u00e9sister aux rigueurs d'un usage quotidien. Ils sont r\u00e9sistants \u00e0 l'humidit\u00e9, aux rayures et \u00e0 la d\u00e9coloration, ce qui leur permet de conserver leur beaut\u00e9 et leur fonctionnalit\u00e9 pendant de nombreuses ann\u00e9es.<\/p>\n<\/li>\n<li>\n<p id=\"\"><strong>Imperm\u00e9able et r\u00e9sistant \u00e0 l'humidit\u00e9<\/strong>: L'une des principales caract\u00e9ristiques des rev\u00eatements de sol WPC est leur imperm\u00e9abilit\u00e9. Cela en fait un choix id\u00e9al pour les zones sujettes \u00e0 l'humidit\u00e9 ou aux \u00e9claboussures d'eau, telles que les salles de bains, les cuisines et les buanderies.<\/p>\n<\/li>\n<li>\n<p id=\"\"><strong>Installation et entretien faciles<\/strong>: Les panneaux de rev\u00eatement de sol WPC en grain de bois sont con\u00e7us pour une installation facile, souvent avec des m\u00e9canismes de verrouillage qui ne n\u00e9cessitent ni colle ni clous. Cela simplifie le processus d'installation et r\u00e9duit les co\u00fbts de main-d'\u0153uvre. En outre, l'entretien est simple, un nettoyage r\u00e9gulier suffisant pour que le rev\u00eatement de sol conserve son aspect optimal.<\/p>\n<\/li>\n<li>\n<p id=\"\"><strong>Respectueux de l'environnement et durable<\/strong>: Fabriqu\u00e9 \u00e0 partir d'une combinaison de fibres de bois et de mat\u00e9riaux plastiques recycl\u00e9s, le rev\u00eatement de sol WPC est une option respectueuse de l'environnement. Il r\u00e9duit les d\u00e9chets et favorise le d\u00e9veloppement durable en utilisant des mat\u00e9riaux recycl\u00e9s et en minimisant l'impact sur les ressources naturelles.<\/p>\n<\/li>\n<li>\n<p id=\"\"><strong>Rentabilit\u00e9<\/strong>: Bien que l'investissement initial dans les panneaux de rev\u00eatement de sol WPC Wood Grain puisse \u00eatre comparable ou l\u00e9g\u00e8rement sup\u00e9rieur \u00e0 celui de certains rev\u00eatements de sol traditionnels, leur durabilit\u00e9 et leur faible besoin d'entretien permettent de r\u00e9aliser des \u00e9conomies \u00e0 long terme.<\/p>\n<\/li>\n<li>\n<p id=\"\"><strong>Polyvalence et personnalisation<\/strong>: Les rev\u00eatements de sol WPC sont disponibles dans une vari\u00e9t\u00e9 de couleurs, de styles et de tailles de grain de bois, ce qui vous permet de cr\u00e9er un aspect personnalis\u00e9 qui correspond \u00e0 vos pr\u00e9f\u00e9rences en mati\u00e8re de d\u00e9coration d'int\u00e9rieur. Que vous pr\u00e9f\u00e9riez l'aspect classique du ch\u00eane ou le charme contemporain du bambou, vous trouverez un rev\u00eatement de sol WPC adapt\u00e9 \u00e0 votre style.<\/p>\n<\/li>\n<\/ol>\n<p id=\"\">En r\u00e9sum\u00e9, les panneaux de rev\u00eatement de sol en bois WPC offrent une combinaison de beaut\u00e9 naturelle, de durabilit\u00e9, de facilit\u00e9 d'installation et de respect de l'environnement qui en fait un choix id\u00e9al pour les maisons modernes. Leur capacit\u00e9 \u00e0 r\u00e9sister aux rigueurs de la vie quotidienne tout en conservant un niveau \u00e9lev\u00e9 d'attrait esth\u00e9tique en fait un investissement judicieux pour le confort et la valeur de votre maison.<\/p>\n<\/div>","protected":false},"excerpt":{"rendered":"<p>Balcony Wood Plastic Composite Wpc Flooring Specification METE140H25 WPC Wood Grain Wpc Flooring Panels : \u00c9levez vos espaces avec une \u00e9l\u00e9gance moderne [...]<\/p>","protected":false},"featured_media":17392,"comment_status":"open","ping_status":"closed","template":"","meta":{"_uag_custom_page_level_css":"","site-sidebar-layout":"default","site-content-layout":"","ast-site-content-layout":"default","site-content-style":"default","site-sidebar-style":"default","ast-global-header-display":"","ast-banner-title-visibility":"","ast-main-header-display":"","ast-hfb-above-header-display":"","ast-hfb-below-header-display":"","ast-hfb-mobile-header-display":"","site-post-title":"","ast-breadcrumbs-content":"","ast-featured-img":"","footer-sml-layout":"","theme-transparent-header-meta":"default","adv-header-id-meta":"","stick-header-meta":"default","header-above-stick-meta":"","header-main-stick-meta":"","header-below-stick-meta":"","astra-migrate-meta-layouts":"set","ast-page-background-enabled":"default","ast-page-background-meta":{"desktop":{"background-color":"var(--ast-global-color-4)","background-image":"","background-repeat":"repeat","background-position":"center center","background-size":"auto","background-attachment":"scroll","background-type":"","background-media":"","overlay-type":"","overlay-color":"","overlay-opacity":"","overlay-gradient":""},"tablet":{"background-color":"","background-image":"","background-repeat":"repeat","background-position":"center center","background-size":"auto","background-attachment":"scroll","background-type":"","background-media":"","overlay-type":"","overlay-color":"","overlay-opacity":"","overlay-gradient":""},"mobile":{"background-color":"","background-image":"","background-repeat":"repeat","background-position":"center center","background-size":"auto","background-attachment":"scroll","background-type":"","background-media":"","overlay-type":"","overlay-color":"","overlay-opacity":"","overlay-gradient":""}},"ast-content-background-meta":{"desktop":{"background-color":"var(--ast-global-color-5)","background-image":"","background-repeat":"repeat","background-position":"center center","background-size":"auto","background-attachment":"scroll","background-type":"","background-media":"","overlay-type":"","overlay-color":"","overlay-opacity":"","overlay-gradient":""},"tablet":{"background-color":"var(--ast-global-color-5)","background-image":"","background-repeat":"repeat","background-position":"center center","background-size":"auto","background-attachment":"scroll","background-type":"","background-media":"","overlay-type":"","overlay-color":"","overlay-opacity":"","overlay-gradient":""},"mobile":{"background-color":"var(--ast-global-color-5)","background-image":"","background-repeat":"repeat","background-position":"center center","background-size":"auto","background-attachment":"scroll","background-type":"","background-media":"","overlay-type":"","overlay-color":"","overlay-opacity":"","overlay-gradient":""}}},"product_brand":[],"product_cat":[18],"product_tag":[182,181],"class_list":{"0":"post-17411","1":"product","2":"type-product","3":"status-publish","4":"has-post-thumbnail","6":"product_cat-uncategorized","7":"product_tag-wpc-decking","8":"product_tag-wpc-flooring","9":"desktop-align-center","10":"tablet-align-left","11":"mobile-align-left","12":"ast-product-gallery-layout-horizontal-slider","13":"ast-product-tabs-layout-vertical","15":"first","16":"instock","17":"featured","18":"shipping-taxable","19":"product-type-simple"},"uagb_featured_image_src":{"full":["https:\/\/meterny.com\/wp-content\/uploads\/2024\/03\/1-3.jpg",800,800,false],"thumbnail":["https:\/\/meterny.com\/wp-content\/uploads\/2024\/03\/1-3-150x150.jpg",150,150,true],"medium":["https:\/\/meterny.com\/wp-content\/uploads\/2024\/03\/1-3-300x300.jpg",300,300,true],"medium_large":["https:\/\/meterny.com\/wp-content\/uploads\/2024\/03\/1-3-768x768.jpg",768,768,true],"large":["https:\/\/meterny.com\/wp-content\/uploads\/2024\/03\/1-3.jpg",800,800,false],"1536x1536":["https:\/\/meterny.com\/wp-content\/uploads\/2024\/03\/1-3.jpg",800,800,false],"2048x2048":["https:\/\/meterny.com\/wp-content\/uploads\/2024\/03\/1-3.jpg",800,800,false],"trp-custom-language-flag":["https:\/\/meterny.com\/wp-content\/uploads\/2024\/03\/1-3.jpg",12,12,false],"woocommerce_thumbnail":["https:\/\/meterny.com\/wp-content\/uploads\/2024\/03\/1-3-300x300.jpg",300,300,true],"woocommerce_single":["https:\/\/meterny.com\/wp-content\/uploads\/2024\/03\/1-3-600x600.jpg",600,600,true],"woocommerce_gallery_thumbnail":["https:\/\/meterny.com\/wp-content\/uploads\/2024\/03\/1-3-100x100.jpg",100,100,true]},"uagb_author_info":{"display_name":"meterny","author_link":"https:\/\/meterny.com\/fr\/author\/"},"uagb_comment_info":0,"uagb_excerpt":"Balcony Wood Plastic Composite Wpc Flooring Specification METE140H25 WPC Wood Grain Wpc Flooring Panels: Elevate Your Spaces with Modern Elegance [&hellip;]","_links":{"self":[{"href":"https:\/\/meterny.com\/fr\/wp-json\/wp\/v2\/product\/17411","targetHints":{"allow":["GET"]}}],"collection":[{"href":"https:\/\/meterny.com\/fr\/wp-json\/wp\/v2\/product"}],"about":[{"href":"https:\/\/meterny.com\/fr\/wp-json\/wp\/v2\/types\/product"}],"replies":[{"embeddable":true,"href":"https:\/\/meterny.com\/fr\/wp-json\/wp\/v2\/comments?post=17411"}],"wp:featuredmedia":[{"embeddable":true,"href":"https:\/\/meterny.com\/fr\/wp-json\/wp\/v2\/media\/17392"}],"wp:attachment":[{"href":"https:\/\/meterny.com\/fr\/wp-json\/wp\/v2\/media?parent=17411"}],"wp:term":[{"taxonomy":"product_brand","embeddable":true,"href":"https:\/\/meterny.com\/fr\/wp-json\/wp\/v2\/product_brand?post=17411"},{"taxonomy":"product_cat","embeddable":true,"href":"https:\/\/meterny.com\/fr\/wp-json\/wp\/v2\/product_cat?post=17411"},{"taxonomy":"product_tag","embeddable":true,"href":"https:\/\/meterny.com\/fr\/wp-json\/wp\/v2\/product_tag?post=17411"}],"curies":[{"name":"wp","href":"https:\/\/api.w.org\/{rel}","templated":true}]}}