{"id":17480,"date":"2024-10-09T05:04:55","date_gmt":"2024-10-09T05:04:55","guid":{"rendered":"https:\/\/meterny.com\/?post_type=product&#038;p=17480"},"modified":"2025-01-18T09:17:33","modified_gmt":"2025-01-18T09:17:33","slug":"outdoor-wpc-fence-panel","status":"publish","type":"product","link":"https:\/\/meterny.com\/fr\/produit\/outdoor-wpc-fence-panel\/","title":{"rendered":"Panneau de cl\u00f4ture ext\u00e9rieur Wpc Panneau de cl\u00f4ture en bois composite Vinly"},"content":{"rendered":"<div class=\"elementor-element elementor-element-c0e1d42 elementor-widget elementor-widget-heading\" data-id=\"c0e1d42\" data-element_type=\"widget\" data-widget_type=\"heading.default\">\n<div class=\"elementor-widget-container\">\n<h2>Panneau de cl\u00f4ture ext\u00e9rieur Wpc Panneau de cl\u00f4ture en bois composite Vinly<\/h2>\n<p>&nbsp;<\/p>\n<p><strong style=\"font-size: 16px;\">Mod\u00e8le<\/strong><span style=\"font-size: 16px;\">: METE1800H1850<\/span><\/p>\n<\/div>\n<\/div>\n<p><strong>Type<\/strong>: Panneau de cl\u00f4ture ext\u00e9rieur en Wpc avec piliers en aluminium<\/p>\n<p><strong>Taille<\/strong>: Largeur 1800mm x Hauteur 1850mm<\/p>\n<p><strong>Surface<\/strong>: Deux surfaces - Strips et Wood Grains<\/p>\n<p><strong>Couleur<\/strong>9 options de couleurs<\/p>\n<p><strong>Longueur<\/strong>: Sur mesure<\/p>\n<p><strong>Mat\u00e9riau<\/strong>: Bois composite<\/p>\n<p><strong>Technologie des produits<\/strong>: Eco-extrusion<\/p>\n<figure id=\"attachment_17495\" aria-describedby=\"caption-attachment-17495\" style=\"width: 1024px\" class=\"wp-caption alignnone\"><img loading=\"lazy\" decoding=\"async\" class=\"wp-image-17495\" src=\"https:\/\/meterny.com\/wp-content\/uploads\/2024\/10\/8-7ZHU.jpg\" alt=\"Panneau de cl\u00f4ture ext\u00e9rieur en Wpc\" width=\"1024\" height=\"1024\" srcset=\"https:\/\/meterny.com\/wp-content\/uploads\/2024\/10\/8-7ZHU.jpg 800w, https:\/\/meterny.com\/wp-content\/uploads\/2024\/10\/8-7ZHU-300x300.jpg 300w, https:\/\/meterny.com\/wp-content\/uploads\/2024\/10\/8-7ZHU-150x150.jpg 150w, https:\/\/meterny.com\/wp-content\/uploads\/2024\/10\/8-7ZHU-768x768.jpg 768w, https:\/\/meterny.com\/wp-content\/uploads\/2024\/10\/8-7ZHU-600x600.jpg 600w, https:\/\/meterny.com\/wp-content\/uploads\/2024\/10\/8-7ZHU-100x100.jpg 100w\" sizes=\"auto, (max-width: 1024px) 100vw, 1024px\" \/><figcaption id=\"caption-attachment-17495\" class=\"wp-caption-text\">Intimit\u00e9 et \u00e9l\u00e9gance \u00e0 la fois - D\u00e9couvrez les options de cl\u00f4ture en WPC<\/figcaption><\/figure>\n<h4><strong>Aper\u00e7u du produit<\/strong><\/h4>\n<p id=\"\">Transformez votre espace ext\u00e9rieur avec nos panneaux de cl\u00f4ture en WPC (Wood Plastic Composite). Combinant la beaut\u00e9 naturelle du bois et la durabilit\u00e9 du plastique, nos panneaux de cl\u00f4ture en WPC offrent une solution \u00e9l\u00e9gante et pratique pour vos besoins en mati\u00e8re de cl\u00f4ture de jardin. Con\u00e7us pour r\u00e9sister aux \u00e9l\u00e9ments tout en garantissant l'intimit\u00e9 et la s\u00e9curit\u00e9, ces panneaux sont le compl\u00e9ment id\u00e9al de tout espace ext\u00e9rieur.<\/p>\n<h4><strong>Caract\u00e9ristiques principales<\/strong><\/h4>\n<ul>\n<li>\n<p id=\"\"><strong>Construction \u00e9cologique<\/strong>: Fabriqu\u00e9s \u00e0 partir de fibres de bois recycl\u00e9es et de plastique poly\u00e9thyl\u00e8ne haute densit\u00e9, nos panneaux de cl\u00f4ture en WPC sont un choix respectueux de l'environnement. Ils contribuent \u00e0 la r\u00e9duction des d\u00e9chets et favorisent un mode de vie durable.<\/p>\n<\/li>\n<li>\n<p id=\"\"><strong>Durabilit\u00e9 et long\u00e9vit\u00e9<\/strong>: R\u00e9sistants \u00e0 la pourriture, \u00e0 l'humidit\u00e9, aux insectes et aux rayons UV, nos panneaux de cl\u00f4ture sont con\u00e7us pour durer. Ils conservent leur beaut\u00e9 et leur fonctionnalit\u00e9 pendant des ann\u00e9es et r\u00e9sistent aux conditions climatiques les plus difficiles.<\/p>\n<\/li>\n<li>\n<p id=\"\"><strong>Texture naturelle du grain de bois<\/strong>: La texture du grain de bois gaufr\u00e9 en 3D offre un aspect r\u00e9aliste et sophistiqu\u00e9, imitant l'aspect du bois naturel sans les exigences d'entretien. Am\u00e9liorez l'attrait esth\u00e9tique de votre jardin avec cette option de cl\u00f4ture \u00e9l\u00e9gante.<\/p>\n<\/li>\n<li>\n<p id=\"\"><strong>Faible entretien<\/strong>: Gagnez du temps et de l'argent avec nos panneaux de cl\u00f4ture en WPC. Ils ne n\u00e9cessitent pas de peinture, de scellement ou de teinture et peuvent \u00eatre facilement nettoy\u00e9s \u00e0 l'eau. Profitez de votre beau jardin sans vous soucier de l'entretien constant.<\/p>\n<\/li>\n<li>\n<p id=\"\"><strong>Options de conception polyvalentes<\/strong>: Disponibles dans une vari\u00e9t\u00e9 de couleurs, de textures et de tailles, nos panneaux de cl\u00f4ture peuvent \u00eatre personnalis\u00e9s pour r\u00e9pondre \u00e0 vos besoins sp\u00e9cifiques et \u00e0 vos pr\u00e9f\u00e9rences en mati\u00e8re de style. Cr\u00e9ez facilement des cl\u00f4tures d'intimit\u00e9, des bordures d\u00e9coratives ou m\u00eame des structures de jardin comme des pergolas et des gazebos.<\/p>\n<\/li>\n<li>\n<p id=\"\"><strong>Installation facile<\/strong>: Con\u00e7us pour une installation simple et directe, nos panneaux de cl\u00f4ture en WPC sont faciles \u00e0 bricoler. Avec des comp\u00e9tences de base en menuiserie et des outils simples, vous pouvez les installer en un rien de temps, ce qui vous permet d'\u00e9conomiser sur les co\u00fbts d'installation.<\/p>\n<\/li>\n<li>\n<p id=\"\"><strong>R\u00e9silience et force<\/strong>: Nos panneaux de cl\u00f4ture sont solides et r\u00e9sistants, offrant une protection et une intimit\u00e9 efficaces \u00e0 votre jardin. Ils sont moins susceptibles de se d\u00e9former, de se fissurer ou d'\u00e9clater avec le temps, ce qui leur permet de rester en excellent \u00e9tat pendant des ann\u00e9es.<\/p>\n<\/li>\n<\/ul>\n<h4><strong>Sp\u00e9cifications<\/strong><\/h4>\n<ul>\n<li><strong>Mat\u00e9riau<\/strong>: Composite bois-plastique (WPC)<\/li>\n<li><strong>Dimensions<\/strong>: 1800*1850<\/li>\n<li><strong>Options de couleur<\/strong>: blanc, marron, noir<\/li>\n<li><strong>Texture<\/strong>: Grain de bois gaufr\u00e9 en 3D<\/li>\n<li><strong>R\u00e9sistance aux intemp\u00e9ries<\/strong>: R\u00e9sistant \u00e0 la pourriture, \u00e0 l'humidit\u00e9, aux insectes et aux rayons UV<\/li>\n<li><strong>Maintenance<\/strong>: Peu d'entretien ; pas de peinture, de scellement ou de teinture n\u00e9cessaires<\/li>\n<li><strong>Installation<\/strong>: Convivialit\u00e9 ; processus d'installation simple et direct<\/li>\n<\/ul>\n<h3>Si vous voulez en savoir plus, cliquez sur ce lien vers Youtube :<a href=\"https:\/\/youtu.be\/88PIb9PK7Bk\" target=\"_blank\" rel=\"noopener\">https:\/\/youtu.be\/88PIb9PK7Bk<\/a><\/h3>\n<p>&nbsp;<\/p>\n<h3>Galerie<\/h3>\n<figure id=\"attachment_17496\" aria-describedby=\"caption-attachment-17496\" style=\"width: 1024px\" class=\"wp-caption alignnone\"><img loading=\"lazy\" decoding=\"async\" class=\"wp-image-17496\" src=\"https:\/\/meterny.com\/wp-content\/uploads\/2024\/10\/10-1ZHU.jpg\" alt=\"Panneau de cl\u00f4ture en bois composite Wpc pour le jardin\" width=\"1024\" height=\"1024\" srcset=\"https:\/\/meterny.com\/wp-content\/uploads\/2024\/10\/10-1ZHU.jpg 800w, https:\/\/meterny.com\/wp-content\/uploads\/2024\/10\/10-1ZHU-300x300.jpg 300w, https:\/\/meterny.com\/wp-content\/uploads\/2024\/10\/10-1ZHU-150x150.jpg 150w, https:\/\/meterny.com\/wp-content\/uploads\/2024\/10\/10-1ZHU-768x768.jpg 768w, https:\/\/meterny.com\/wp-content\/uploads\/2024\/10\/10-1ZHU-600x600.jpg 600w, https:\/\/meterny.com\/wp-content\/uploads\/2024\/10\/10-1ZHU-100x100.jpg 100w\" sizes=\"auto, (max-width: 1024px) 100vw, 1024px\" \/><figcaption id=\"caption-attachment-17496\" class=\"wp-caption-text\">Beaut\u00e9 durable : Cl\u00f4tures modernes en WPC pour tous les projets<\/figcaption><\/figure>\n<figure id=\"attachment_17494\" aria-describedby=\"caption-attachment-17494\" style=\"width: 1024px\" class=\"wp-caption alignnone\"><img loading=\"lazy\" decoding=\"async\" class=\"wp-image-17494\" src=\"https:\/\/meterny.com\/wp-content\/uploads\/2024\/10\/2-3ZHU.jpg\" alt=\"Panneaux de cl\u00f4ture en WPC pour projets r\u00e9sidentiels\" width=\"1024\" height=\"1024\" srcset=\"https:\/\/meterny.com\/wp-content\/uploads\/2024\/10\/2-3ZHU.jpg 800w, https:\/\/meterny.com\/wp-content\/uploads\/2024\/10\/2-3ZHU-300x300.jpg 300w, https:\/\/meterny.com\/wp-content\/uploads\/2024\/10\/2-3ZHU-150x150.jpg 150w, https:\/\/meterny.com\/wp-content\/uploads\/2024\/10\/2-3ZHU-768x768.jpg 768w, https:\/\/meterny.com\/wp-content\/uploads\/2024\/10\/2-3ZHU-600x600.jpg 600w, https:\/\/meterny.com\/wp-content\/uploads\/2024\/10\/2-3ZHU-100x100.jpg 100w\" sizes=\"auto, (max-width: 1024px) 100vw, 1024px\" \/><figcaption id=\"caption-attachment-17494\" class=\"wp-caption-text\">R\u00e9sistant aux intemp\u00e9ries et \u00e9l\u00e9gant : Cl\u00f4tures en WPC parfaites pour toutes les saisons<\/figcaption><\/figure>\n<figure id=\"attachment_17490\" aria-describedby=\"caption-attachment-17490\" style=\"width: 1024px\" class=\"wp-caption alignnone\"><img loading=\"lazy\" decoding=\"async\" class=\"wp-image-17490\" src=\"https:\/\/meterny.com\/wp-content\/uploads\/2024\/10\/\u90a6\u82f1-5.jpg\" alt=\"Panneau de cl\u00f4ture en WPC avec texture en bois naturel\" width=\"1024\" height=\"1024\" srcset=\"https:\/\/meterny.com\/wp-content\/uploads\/2024\/10\/\u90a6\u82f1-5.jpg 800w, https:\/\/meterny.com\/wp-content\/uploads\/2024\/10\/\u90a6\u82f1-5-300x300.jpg 300w, https:\/\/meterny.com\/wp-content\/uploads\/2024\/10\/\u90a6\u82f1-5-150x150.jpg 150w, https:\/\/meterny.com\/wp-content\/uploads\/2024\/10\/\u90a6\u82f1-5-768x768.jpg 768w, https:\/\/meterny.com\/wp-content\/uploads\/2024\/10\/\u90a6\u82f1-5-600x600.jpg 600w, https:\/\/meterny.com\/wp-content\/uploads\/2024\/10\/\u90a6\u82f1-5-100x100.jpg 100w\" sizes=\"auto, (max-width: 1024px) 100vw, 1024px\" \/><figcaption id=\"caption-attachment-17490\" class=\"wp-caption-text\">Des solutions de cl\u00f4ture \u00e9l\u00e9gantes avec des panneaux de cl\u00f4ture d\u00e9coratifs en WPC<\/figcaption><\/figure>\n<h3>Couleur et surface<\/h3>\n<p>Disponible en neuf couleurs distinctes, le METE1800H1850 offre des options de conception polyvalentes pour s'adapter \u00e0 tout jardin ou cadre ext\u00e9rieur. Choisissez entre deux textures de surface : des bandes classiques ou d'\u00e9l\u00e9gants grains de bois, pour compl\u00e9ter parfaitement votre paysage. Personnalisez la longueur pour r\u00e9pondre \u00e0 vos besoins sp\u00e9cifiques, afin de garantir une installation sur mesure et sans faille.<\/p>\n<figure id=\"attachment_17473\" aria-describedby=\"caption-attachment-17473\" style=\"width: 1024px\" class=\"wp-caption alignnone\"><img loading=\"lazy\" decoding=\"async\" class=\"wp-image-17473\" src=\"https:\/\/meterny.com\/wp-content\/uploads\/2024\/05\/A8c1e1d3dd6f44e7dbfc53b1a81cccee3q-1.png\" alt=\"Cl\u00f4ture WPC avec texture bois naturel\" width=\"1024\" height=\"1024\" srcset=\"https:\/\/meterny.com\/wp-content\/uploads\/2024\/05\/A8c1e1d3dd6f44e7dbfc53b1a81cccee3q-1.png 800w, https:\/\/meterny.com\/wp-content\/uploads\/2024\/05\/A8c1e1d3dd6f44e7dbfc53b1a81cccee3q-1-300x300.png 300w, https:\/\/meterny.com\/wp-content\/uploads\/2024\/05\/A8c1e1d3dd6f44e7dbfc53b1a81cccee3q-1-150x150.png 150w, https:\/\/meterny.com\/wp-content\/uploads\/2024\/05\/A8c1e1d3dd6f44e7dbfc53b1a81cccee3q-1-768x768.png 768w, https:\/\/meterny.com\/wp-content\/uploads\/2024\/05\/A8c1e1d3dd6f44e7dbfc53b1a81cccee3q-1-600x600.png 600w, https:\/\/meterny.com\/wp-content\/uploads\/2024\/05\/A8c1e1d3dd6f44e7dbfc53b1a81cccee3q-1-100x100.png 100w\" sizes=\"auto, (max-width: 1024px) 100vw, 1024px\" \/><figcaption id=\"caption-attachment-17473\" class=\"wp-caption-text\">L'avenir des cl\u00f4tures ext\u00e9rieures : \u00c9l\u00e9gantes, solides et durables<\/figcaption><\/figure>\n<p>Meterny S\u00e9rie METE Panneau de cl\u00f4ture WPC Carte de couleurs<\/p>\n<figure id=\"attachment_20293\" aria-describedby=\"caption-attachment-20293\" style=\"width: 1024px\" class=\"wp-caption alignnone\"><img loading=\"lazy\" decoding=\"async\" class=\"wp-image-20293\" src=\"https:\/\/meterny.com\/wp-content\/uploads\/2024\/10\/METE-Series-Colour-151.png\" alt=\"Options de couleur de la cl\u00f4ture WPC Meterny\" width=\"1024\" height=\"1024\" srcset=\"https:\/\/meterny.com\/wp-content\/uploads\/2024\/10\/METE-Series-Colour-151.png 900w, https:\/\/meterny.com\/wp-content\/uploads\/2024\/10\/METE-Series-Colour-151-300x300.png 300w, https:\/\/meterny.com\/wp-content\/uploads\/2024\/10\/METE-Series-Colour-151-150x150.png 150w, https:\/\/meterny.com\/wp-content\/uploads\/2024\/10\/METE-Series-Colour-151-768x768.png 768w, https:\/\/meterny.com\/wp-content\/uploads\/2024\/10\/METE-Series-Colour-151-600x600.png 600w, https:\/\/meterny.com\/wp-content\/uploads\/2024\/10\/METE-Series-Colour-151-100x100.png 100w\" sizes=\"auto, (max-width: 1024px) 100vw, 1024px\" \/><figcaption id=\"caption-attachment-20293\" class=\"wp-caption-text\">Explore Meterny WPC Fence - Neuf superbes options de couleurs pour tous les styles<\/figcaption><\/figure>\n<h3>Durable et imperm\u00e9able<\/h3>\n<p>Fabriqu\u00e9e \u00e0 l'aide d'une technologie d'\u00e9co-extrusion avanc\u00e9e, cette cl\u00f4ture en WPC Composite est con\u00e7ue pour durer. Ses propri\u00e9t\u00e9s imperm\u00e9ables en font un choix id\u00e9al pour toutes les conditions m\u00e9t\u00e9orologiques, garantissant une long\u00e9vit\u00e9 et un entretien minimal. Les piliers en aluminium offrent une stabilit\u00e9 suppl\u00e9mentaire, ce qui en fait une solution de cl\u00f4ture fiable et robuste pour tout jardin.<\/p>\n<p>Installations Accessoires<\/p>\n<figure id=\"attachment_17165\" aria-describedby=\"caption-attachment-17165\" style=\"width: 1024px\" class=\"wp-caption alignnone\"><img loading=\"lazy\" decoding=\"async\" class=\"wp-image-17165\" src=\"https:\/\/meterny.com\/wp-content\/uploads\/2024\/05\/Heef5f4fd9e2c4c9a9145a852eb0aedceQ-1.png\" alt=\"Accessoires complets pour l&#039;installation de cl\u00f4tures en WPC\" width=\"1024\" height=\"1054\" srcset=\"https:\/\/meterny.com\/wp-content\/uploads\/2024\/05\/Heef5f4fd9e2c4c9a9145a852eb0aedceQ-1.png 923w, https:\/\/meterny.com\/wp-content\/uploads\/2024\/05\/Heef5f4fd9e2c4c9a9145a852eb0aedceQ-1-291x300.png 291w, https:\/\/meterny.com\/wp-content\/uploads\/2024\/05\/Heef5f4fd9e2c4c9a9145a852eb0aedceQ-1-768x790.png 768w, https:\/\/meterny.com\/wp-content\/uploads\/2024\/05\/Heef5f4fd9e2c4c9a9145a852eb0aedceQ-1-600x618.png 600w\" sizes=\"auto, (max-width: 1024px) 100vw, 1024px\" \/><figcaption id=\"caption-attachment-17165\" class=\"wp-caption-text\">Accessoires d'installation de cl\u00f4ture WPC tout-en-un pour un montage sans effort<\/figcaption><\/figure>\n<h3>Pourquoi choisir une cl\u00f4ture en Wpc pour l'ext\u00e9rieur ?<\/h3>\n<p id=\"\">Le choix d'une cl\u00f4ture ext\u00e9rieure en WPC (Wood Plastic Composite) offre plusieurs raisons convaincantes d'am\u00e9liorer votre espace ext\u00e9rieur. Voici quelques avantages cl\u00e9s :<\/p>\n<ol>\n<li><strong>Durabilit\u00e9 et long\u00e9vit\u00e9<\/strong>:\n<ul>\n<li>Les cl\u00f4tures en WPC sont con\u00e7ues pour r\u00e9sister aux \u00e9l\u00e9ments, notamment \u00e0 l'humidit\u00e9, aux insectes et aux rayons UV. Elles conservent ainsi leur beaut\u00e9 et leur fonctionnalit\u00e9 pendant des ann\u00e9es, sans n\u00e9cessiter de r\u00e9parations ou de remplacements fr\u00e9quents.<\/li>\n<\/ul>\n<\/li>\n<li><strong>Respectueux de l'environnement et durable<\/strong>:\n<ul>\n<li>Fabriqu\u00e9es \u00e0 partir de fibres de bois recycl\u00e9es et de plastique poly\u00e9thyl\u00e8ne haute densit\u00e9, les cl\u00f4tures en WPC contribuent \u00e0 la r\u00e9duction des d\u00e9chets et favorisent un mode de vie durable. Elles constituent un choix \u00e9cologique qui contribue \u00e0 la protection de notre plan\u00e8te.<\/li>\n<\/ul>\n<\/li>\n<li><strong>Faible entretien<\/strong>:\n<ul>\n<li>Contrairement aux cl\u00f4tures en bois traditionnelles, les cl\u00f4tures en WPC ne n\u00e9cessitent pas de peinture, de scellement ou de teinture. Elles se nettoient facilement \u00e0 l'eau, ce qui vous permet d'\u00e9conomiser du temps et de l'argent sur les co\u00fbts d'entretien.<\/li>\n<\/ul>\n<\/li>\n<li><strong>Texture naturelle du grain de bois<\/strong>:\n<ul>\n<li>La texture du grain de bois gaufr\u00e9 en 3D des cl\u00f4tures en WPC offre un aspect r\u00e9aliste et sophistiqu\u00e9. Elle imite l'aspect du bois naturel sans n\u00e9cessiter d'entretien, ce qui renforce l'attrait esth\u00e9tique de votre espace ext\u00e9rieur.<\/li>\n<\/ul>\n<\/li>\n<li><strong>R\u00e9sistance aux intemp\u00e9ries<\/strong>:\n<ul>\n<li>Les cl\u00f4tures en WPC sont r\u00e9sistantes \u00e0 la pourriture, au gauchissement et \u00e0 la fissuration, m\u00eame dans des conditions climatiques difficiles. Elles restent donc en excellent \u00e9tat et prot\u00e8gent efficacement votre jardin contre les regards indiscrets.<\/li>\n<\/ul>\n<\/li>\n<li><strong>Options de conception polyvalentes<\/strong>:\n<ul>\n<li>Disponibles dans une vari\u00e9t\u00e9 de couleurs, de textures et de tailles, les cl\u00f4tures en composite WPC peuvent \u00eatre personnalis\u00e9es pour r\u00e9pondre \u00e0 vos besoins sp\u00e9cifiques et \u00e0 vos pr\u00e9f\u00e9rences en mati\u00e8re de style. Que vous recherchiez des cl\u00f4tures d'intimit\u00e9, des bordures d\u00e9coratives ou des structures de jardin, les cl\u00f4tures en WPC Composite offrent des options de conception polyvalentes pour r\u00e9pondre \u00e0 vos besoins.<\/li>\n<\/ul>\n<\/li>\n<li><strong>Installation facile<\/strong>:\n<ul>\n<li>Con\u00e7ues pour une installation simple et directe, les cl\u00f4tures en WPC Composite sont faciles \u00e0 bricoler. Avec des comp\u00e9tences de base en menuiserie et des outils simples, vous pouvez les installer en un rien de temps, ce qui vous permet d'\u00e9conomiser de l'argent sur les co\u00fbts d'installation.<\/li>\n<\/ul>\n<\/li>\n<li><strong>Rentabilit\u00e9<\/strong>:\n<ul>\n<li>Si l'investissement initial dans une cl\u00f4ture en WPC Composite peut \u00eatre l\u00e9g\u00e8rement sup\u00e9rieur \u00e0 celui d'une cl\u00f4ture en bois traditionnelle, les \u00e9conomies r\u00e9alis\u00e9es \u00e0 long terme sur l'entretien et la durabilit\u00e9 en font un choix rentable.<\/li>\n<\/ul>\n<\/li>\n<li><strong>Augmentation de la valeur de la propri\u00e9t\u00e9<\/strong>:\n<ul>\n<li>L'ajout d'une cl\u00f4ture en WPC Composite \u00e0 votre espace ext\u00e9rieur peut augmenter la valeur globale de votre propri\u00e9t\u00e9. Elle rehausse l'attrait de la fa\u00e7ade et offre un environnement s\u00e9curis\u00e9 et priv\u00e9 \u00e0 votre jardin.<\/li>\n<\/ul>\n<\/li>\n<li><strong>Renforcement de la protection de la vie priv\u00e9e et de la s\u00e9curit\u00e9<\/strong>:\n<ul>\n<li>Les cl\u00f4tures en composite WPC offrent une intimit\u00e9 et une s\u00e9curit\u00e9 efficaces pour votre jardin. Elles cr\u00e9ent une barri\u00e8re qui prot\u00e8ge votre espace ext\u00e9rieur des intrus ind\u00e9sirables et du bruit, vous offrant ainsi un environnement paisible et tranquille.<\/li>\n<\/ul>\n<\/li>\n<\/ol>\n<p id=\"\">En conclusion, le choix d'une cl\u00f4ture ext\u00e9rieure en composite WPC offre de nombreux avantages qui am\u00e9liorent la beaut\u00e9, la fonctionnalit\u00e9 et la valeur de votre espace ext\u00e9rieur. Gr\u00e2ce \u00e0 leur durabilit\u00e9, leur respect de l'environnement, leur faible entretien et leurs options de conception polyvalentes, les cl\u00f4tures en composite WPC sont un excellent choix pour tous ceux qui cherchent \u00e0 am\u00e9liorer leur jardin ou leur espace ext\u00e9rieur.<\/p>","protected":false},"excerpt":{"rendered":"<h3>Caract\u00e9ristiques principales :<\/h3>\n<p>Imperm\u00e9able et r\u00e9sistant aux intemp\u00e9ries : id\u00e9al pour une utilisation en ext\u00e9rieur sous tous les climats.<br \/>\nMat\u00e9riaux respectueux de l'environnement : Durables et respectueux de l'environnement.<br \/>\nLongueur personnalisable : Adapt\u00e9e aux dimensions sp\u00e9cifiques de votre jardin.<br \/>\nPeu d'entretien : Facile \u00e0 nettoyer et \u00e0 entretenir, contrairement au bois traditionnel.<br \/>\nOptions de double surface : Choisissez entre d'\u00e9l\u00e9gants grains de bois ou des bandes classiques pour un aspect personnalis\u00e9.<br \/>\nStabilit\u00e9 accrue : Renforc\u00e9 par des piliers en aluminium durables pour une solidit\u00e9 et une s\u00e9curit\u00e9 accrues.<\/p>\n<h3>Applications :<\/h3>\n<p>Parfait pour d\u00e9limiter les jardins, prot\u00e9ger la vie priv\u00e9e et cr\u00e9er des cl\u00f4tures d\u00e9coratives.<\/p>","protected":false},"featured_media":17495,"comment_status":"open","ping_status":"closed","template":"","meta":{"_uag_custom_page_level_css":"","site-sidebar-layout":"default","site-content-layout":"","ast-site-content-layout":"default","site-content-style":"default","site-sidebar-style":"default","ast-global-header-display":"","ast-banner-title-visibility":"","ast-main-header-display":"","ast-hfb-above-header-display":"","ast-hfb-below-header-display":"","ast-hfb-mobile-header-display":"","site-post-title":"","ast-breadcrumbs-content":"","ast-featured-img":"","footer-sml-layout":"","theme-transparent-header-meta":"default","adv-header-id-meta":"","stick-header-meta":"default","header-above-stick-meta":"","header-main-stick-meta":"","header-below-stick-meta":"","astra-migrate-meta-layouts":"set","ast-page-background-enabled":"default","ast-page-background-meta":{"desktop":{"background-color":"var(--ast-global-color-4)","background-image":"","background-repeat":"repeat","background-position":"center center","background-size":"auto","background-attachment":"scroll","background-type":"","background-media":"","overlay-type":"","overlay-color":"","overlay-opacity":"","overlay-gradient":""},"tablet":{"background-color":"","background-image":"","background-repeat":"repeat","background-position":"center center","background-size":"auto","background-attachment":"scroll","background-type":"","background-media":"","overlay-type":"","overlay-color":"","overlay-opacity":"","overlay-gradient":""},"mobile":{"background-color":"","background-image":"","background-repeat":"repeat","background-position":"center center","background-size":"auto","background-attachment":"scroll","background-type":"","background-media":"","overlay-type":"","overlay-color":"","overlay-opacity":"","overlay-gradient":""}},"ast-content-background-meta":{"desktop":{"background-color":"var(--ast-global-color-5)","background-image":"","background-repeat":"repeat","background-position":"center center","background-size":"auto","background-attachment":"scroll","background-type":"","background-media":"","overlay-type":"","overlay-color":"","overlay-opacity":"","overlay-gradient":""},"tablet":{"background-color":"var(--ast-global-color-5)","background-image":"","background-repeat":"repeat","background-position":"center center","background-size":"auto","background-attachment":"scroll","background-type":"","background-media":"","overlay-type":"","overlay-color":"","overlay-opacity":"","overlay-gradient":""},"mobile":{"background-color":"var(--ast-global-color-5)","background-image":"","background-repeat":"repeat","background-position":"center center","background-size":"auto","background-attachment":"scroll","background-type":"","background-media":"","overlay-type":"","overlay-color":"","overlay-opacity":"","overlay-gradient":""}}},"product_brand":[],"product_cat":[18],"product_tag":[186,187,188,185],"class_list":{"0":"post-17480","1":"product","2":"type-product","3":"status-publish","4":"has-post-thumbnail","6":"product_cat-uncategorized","7":"product_tag-aluminum-fence","8":"product_tag-exterior-fence","9":"product_tag-garden-fence","10":"product_tag-wpc-fence","11":"desktop-align-center","12":"tablet-align-left","13":"mobile-align-left","14":"ast-product-gallery-layout-horizontal-slider","15":"ast-product-tabs-layout-vertical","17":"first","18":"instock","19":"shipping-taxable","20":"product-type-simple"},"uagb_featured_image_src":{"full":["https:\/\/meterny.com\/wp-content\/uploads\/2024\/10\/8-7ZHU.jpg",800,800,false],"thumbnail":["https:\/\/meterny.com\/wp-content\/uploads\/2024\/10\/8-7ZHU-150x150.jpg",150,150,true],"medium":["https:\/\/meterny.com\/wp-content\/uploads\/2024\/10\/8-7ZHU-300x300.jpg",300,300,true],"medium_large":["https:\/\/meterny.com\/wp-content\/uploads\/2024\/10\/8-7ZHU-768x768.jpg",768,768,true],"large":["https:\/\/meterny.com\/wp-content\/uploads\/2024\/10\/8-7ZHU.jpg",800,800,false],"1536x1536":["https:\/\/meterny.com\/wp-content\/uploads\/2024\/10\/8-7ZHU.jpg",800,800,false],"2048x2048":["https:\/\/meterny.com\/wp-content\/uploads\/2024\/10\/8-7ZHU.jpg",800,800,false],"trp-custom-language-flag":["https:\/\/meterny.com\/wp-content\/uploads\/2024\/10\/8-7ZHU.jpg",12,12,false],"woocommerce_thumbnail":["https:\/\/meterny.com\/wp-content\/uploads\/2024\/10\/8-7ZHU-300x300.jpg",300,300,true],"woocommerce_single":["https:\/\/meterny.com\/wp-content\/uploads\/2024\/10\/8-7ZHU-600x600.jpg",600,600,true],"woocommerce_gallery_thumbnail":["https:\/\/meterny.com\/wp-content\/uploads\/2024\/10\/8-7ZHU-100x100.jpg",100,100,true]},"uagb_author_info":{"display_name":"meterny","author_link":"https:\/\/meterny.com\/fr\/author\/"},"uagb_comment_info":0,"uagb_excerpt":"Key Features: Waterproof and Weather-Resistant: Ideal for outdoor use in all climates. Eco-Friendly Materials: Sustainable and environmentally conscious. Customizable Length: Tailored to fit your garden's specific dimensions. Low Maintenance: Easy to clean and maintain, unlike traditional wood. Dual Surface Options: Choose between elegant wood grains or classic strips for a personalized look. Enhanced Stability: Reinforced\u2026","_links":{"self":[{"href":"https:\/\/meterny.com\/fr\/wp-json\/wp\/v2\/product\/17480","targetHints":{"allow":["GET"]}}],"collection":[{"href":"https:\/\/meterny.com\/fr\/wp-json\/wp\/v2\/product"}],"about":[{"href":"https:\/\/meterny.com\/fr\/wp-json\/wp\/v2\/types\/product"}],"replies":[{"embeddable":true,"href":"https:\/\/meterny.com\/fr\/wp-json\/wp\/v2\/comments?post=17480"}],"wp:featuredmedia":[{"embeddable":true,"href":"https:\/\/meterny.com\/fr\/wp-json\/wp\/v2\/media\/17495"}],"wp:attachment":[{"href":"https:\/\/meterny.com\/fr\/wp-json\/wp\/v2\/media?parent=17480"}],"wp:term":[{"taxonomy":"product_brand","embeddable":true,"href":"https:\/\/meterny.com\/fr\/wp-json\/wp\/v2\/product_brand?post=17480"},{"taxonomy":"product_cat","embeddable":true,"href":"https:\/\/meterny.com\/fr\/wp-json\/wp\/v2\/product_cat?post=17480"},{"taxonomy":"product_tag","embeddable":true,"href":"https:\/\/meterny.com\/fr\/wp-json\/wp\/v2\/product_tag?post=17480"}],"curies":[{"name":"wp","href":"https:\/\/api.w.org\/{rel}","templated":true}]}}