{"id":17736,"date":"2024-10-10T02:29:39","date_gmt":"2024-10-10T02:29:39","guid":{"rendered":"https:\/\/meterny.com\/?post_type=product&#038;p=17736"},"modified":"2025-01-18T12:45:58","modified_gmt":"2025-01-18T12:45:58","slug":"high-quality-aluminum-sunroom","status":"publish","type":"product","link":"https:\/\/meterny.com\/fr\/produit\/high-quality-aluminum-sunroom\/","title":{"rendered":"Verre tremp\u00e9 Salle de bronzage en aluminium de haute qualit\u00e9 Toit en verre multicolore Salle de bronzage en aluminium"},"content":{"rendered":"<h2 style=\"text-align: center;\">Pare-soleil en aluminium de haute qualit\u00e9 Pare-soleil en aluminium multicolore<\/h2>\n<p><strong>Type<\/strong>: Pare-soleil en aluminium de haute qualit\u00e9<\/p>\n<p><strong>Taille<\/strong>: personnalis\u00e9<\/p>\n<p><strong>Surface<\/strong>Rev\u00eatement\/peinture : rev\u00eatement\/peinture sur mesure<\/p>\n<p><strong>Couleur<\/strong>: personnalis\u00e9<\/p>\n<p><strong>Longueur<\/strong>: Sur mesure<\/p>\n<p><strong>Mat\u00e9riau<\/strong>: Alliage d'aluminium haut de gamme<\/p>\n<p><strong>Technologie des produits<\/strong>: Meterny Syst\u00e8me anti-fuite AquaGuard<\/p>\n<figure id=\"attachment_17732\" aria-describedby=\"caption-attachment-17732\" style=\"width: 1024px\" class=\"wp-caption alignnone\"><img loading=\"lazy\" decoding=\"async\" class=\"wp-image-17732\" src=\"https:\/\/meterny.com\/wp-content\/uploads\/2024\/10\/\u5e9e\u91d1\u5168\u9633\u5149\u623fzhu.jpg\" alt=\"Pare-soleil en aluminium de haute qualit\u00e9\" width=\"1024\" height=\"1024\" srcset=\"https:\/\/meterny.com\/wp-content\/uploads\/2024\/10\/\u5e9e\u91d1\u5168\u9633\u5149\u623fzhu.jpg 800w, https:\/\/meterny.com\/wp-content\/uploads\/2024\/10\/\u5e9e\u91d1\u5168\u9633\u5149\u623fzhu-300x300.jpg 300w, https:\/\/meterny.com\/wp-content\/uploads\/2024\/10\/\u5e9e\u91d1\u5168\u9633\u5149\u623fzhu-150x150.jpg 150w, https:\/\/meterny.com\/wp-content\/uploads\/2024\/10\/\u5e9e\u91d1\u5168\u9633\u5149\u623fzhu-768x768.jpg 768w, https:\/\/meterny.com\/wp-content\/uploads\/2024\/10\/\u5e9e\u91d1\u5168\u9633\u5149\u623fzhu-600x600.jpg 600w, https:\/\/meterny.com\/wp-content\/uploads\/2024\/10\/\u5e9e\u91d1\u5168\u9633\u5149\u623fzhu-100x100.jpg 100w\" sizes=\"auto, (max-width: 1024px) 100vw, 1024px\" \/><figcaption id=\"caption-attachment-17732\" class=\"wp-caption-text\">Salle de bronzage noire : Le m\u00e9lange parfait de la modernit\u00e9 et de la nature<\/figcaption><\/figure>\n<hr \/>\n<p id=\"\"><strong>Titre<\/strong>: Pare-soleil en aluminium de haute qualit\u00e9 - Cr\u00e9ez votre espace de loisirs id\u00e9al<\/p>\n<hr \/>\n<p id=\"\"><strong>Points forts du produit<\/strong>:<\/p>\n<ol>\n<li><strong>Mat\u00e9riau de premi\u00e8re qualit\u00e9, durable et sans souci<\/strong>\n<ul>\n<li>Fabriqu\u00e9 en alliage d'aluminium de haute qualit\u00e9, il pr\u00e9sente une excellente r\u00e9sistance \u00e0 la corrosion, une grande solidit\u00e9 et des propri\u00e9t\u00e9s de l\u00e9g\u00e8ret\u00e9.<\/li>\n<li>Processus de traitement de surface raffin\u00e9, r\u00e9sistant aux UV et \u00e0 la d\u00e9coloration, conservant sa beaut\u00e9 au fil du temps.<\/li>\n<\/ul>\n<\/li>\n<li><strong>Design panoramique, embrasser la nature<\/strong>\n<ul>\n<li>La conception des grandes portes et fen\u00eatres en verre permet d'introduire une grande quantit\u00e9 de lumi\u00e8re naturelle, ce qui rend l'int\u00e9rieur lumineux et a\u00e9r\u00e9.<\/li>\n<li>Syst\u00e8me d'ombrage en option, permettant de r\u00e9gler efficacement l'intensit\u00e9 lumineuse et de cr\u00e9er un environnement int\u00e9rieur confortable.<\/li>\n<\/ul>\n<\/li>\n<li><strong>Isolation thermique, habitable toute l'ann\u00e9e<\/strong>\n<ul>\n<li>Vitrage isolant \u00e0 haut rendement et syst\u00e8me d'\u00e9tanch\u00e9it\u00e9, isolant efficacement l'air chaud et l'air froid ext\u00e9rieurs, maintenant une temp\u00e9rature int\u00e9rieure constante.<\/li>\n<li>Cadre en alliage d'aluminium avec couche isolante int\u00e9gr\u00e9e, am\u00e9liorant les performances thermiques globales et permettant de rester au chaud en hiver.<\/li>\n<\/ul>\n<\/li>\n<li><strong>Sauvegarde, tranquillit\u00e9 d'esprit<\/strong>\n<ul>\n<li>\u00c9quip\u00e9 de serrures de s\u00e9curit\u00e9 de haut niveau, il emp\u00eache efficacement toute entr\u00e9e non autoris\u00e9e et garantit la s\u00e9curit\u00e9 de la famille.<\/li>\n<li>Verre tremp\u00e9 ou feuillet\u00e9, am\u00e9liorant la r\u00e9sistance aux chocs et garantissant une utilisation s\u00fbre.<\/li>\n<\/ul>\n<\/li>\n<li><strong>Personnalisation flexible, r\u00e9ponse aux besoins<\/strong>\n<ul>\n<li>Plusieurs tailles, formes et styles sont disponibles, ce qui permet de s'adapter \u00e0 diff\u00e9rents agencements de maisons et \u00e0 diff\u00e9rentes exigences en mati\u00e8re d'espace.<\/li>\n<li>Meubles, rideaux et autres accessoires personnalisables en fonction des besoins du client, pour cr\u00e9er une v\u00e9randa sur mesure.<\/li>\n<\/ul>\n<\/li>\n<li><strong>Facilit\u00e9 d'entretien, dur\u00e9e de vie comme \u00e0 l'\u00e9tat neuf<\/strong>\n<ul>\n<li>Mat\u00e9riau en alliage d'aluminium facile \u00e0 nettoyer, ne n\u00e9cessitant pas d'entretien particulier, pour une beaut\u00e9 durable.<\/li>\n<li>Portes et fen\u00eatres en verre, coulissantes ou \u00e0 charni\u00e8res, faciles \u00e0 utiliser et \u00e0 entretenir.<\/li>\n<\/ul>\n<\/li>\n<\/ol>\n<hr \/>\n<p id=\"\"><strong>Sp\u00e9cifications des produits de la v\u00e9randa en aluminium de haute qualit\u00e9<\/strong><\/p>\n<ul>\n<li><strong>Mat\u00e9riau<\/strong>: Alliage d'aluminium de haute qualit\u00e9<\/li>\n<li><strong>Verre<\/strong>: Double vitrage tremp\u00e9\/lamin\u00e9 (en option)<\/li>\n<li><strong>Taille<\/strong>: Personnalis\u00e9 (d\u00e9termin\u00e9 en fonction des besoins du client)<\/li>\n<li><strong>Couleur<\/strong>: Plusieurs couleurs disponibles (par exemple, blanc, gris, or champagne, etc.)<\/li>\n<li><strong>Accessoires<\/strong>: Serrures de s\u00e9curit\u00e9, syst\u00e8me d'ombrage (en option), mobilier et rideaux (personnalis\u00e9s)<\/li>\n<\/ul>\n<hr \/>\n<p id=\"\"><strong>Sc\u00e9narios d'application de la v\u00e9randa en aluminium de haute qualit\u00e9<\/strong><\/p>\n<ul>\n<li>Maisons r\u00e9sidentielles : Comme salle de loisirs, bureau, salle de jeux pour les enfants, etc.<\/li>\n<li>Villa Terraces : Agrandir l'espace de vie, profiter de la vie en plein air.<\/li>\n<li>Restaurants d'h\u00f4tels : Cr\u00e9ation d'un environnement gastronomique unique, am\u00e9lioration de l'exp\u00e9rience des clients.<\/li>\n<li>Espaces de bureaux : Fournir un espace de d\u00e9tente confortable, inspirer la cr\u00e9ativit\u00e9 des employ\u00e9s.<\/li>\n<\/ul>\n<h3>Plus de mod\u00e8les de v\u00e9randas en aluminium de haute qualit\u00e9<\/h3>\n<figure id=\"attachment_17691\" aria-describedby=\"caption-attachment-17691\" style=\"width: 1024px\" class=\"wp-caption alignnone\"><img loading=\"lazy\" decoding=\"async\" class=\"wp-image-17691\" src=\"https:\/\/meterny.com\/wp-content\/uploads\/2024\/10\/\u4e0b\u8f7d-23.jpg\" alt=\"styles de v\u00e9randas en aluminium multicolore solutions de v\u00e9randas \u00e9l\u00e9gantes\" width=\"1024\" height=\"1024\" srcset=\"https:\/\/meterny.com\/wp-content\/uploads\/2024\/10\/\u4e0b\u8f7d-23.jpg 1200w, https:\/\/meterny.com\/wp-content\/uploads\/2024\/10\/\u4e0b\u8f7d-23-300x300.jpg 300w, https:\/\/meterny.com\/wp-content\/uploads\/2024\/10\/\u4e0b\u8f7d-23-1024x1024.jpg 1024w, https:\/\/meterny.com\/wp-content\/uploads\/2024\/10\/\u4e0b\u8f7d-23-150x150.jpg 150w, https:\/\/meterny.com\/wp-content\/uploads\/2024\/10\/\u4e0b\u8f7d-23-768x768.jpg 768w, https:\/\/meterny.com\/wp-content\/uploads\/2024\/10\/\u4e0b\u8f7d-23-600x600.jpg 600w, https:\/\/meterny.com\/wp-content\/uploads\/2024\/10\/\u4e0b\u8f7d-23-100x100.jpg 100w\" sizes=\"auto, (max-width: 1024px) 100vw, 1024px\" \/><figcaption id=\"caption-attachment-17691\" class=\"wp-caption-text\">Un kal\u00e9idoscope de mod\u00e8les de v\u00e9randas : Choisissez ce qui vous convient le mieux<\/figcaption><\/figure>\n<p>Pare-soleil en aluminium de haute qualit\u00e9<\/p>\n<figure id=\"attachment_16950\" aria-describedby=\"caption-attachment-16950\" style=\"width: 1024px\" class=\"wp-caption alignnone\"><img loading=\"lazy\" decoding=\"async\" class=\"wp-image-16950\" src=\"https:\/\/meterny.com\/wp-content\/uploads\/2024\/09\/About-Meterny@3x.png\" alt=\"Comparaison de la pergola en aluminium de Meterny avec d&#039;autres pergolas\" width=\"1024\" height=\"1447\" srcset=\"https:\/\/meterny.com\/wp-content\/uploads\/2024\/09\/About-Meterny@3x.png 1787w, https:\/\/meterny.com\/wp-content\/uploads\/2024\/09\/About-Meterny@3x-212x300.png 212w, https:\/\/meterny.com\/wp-content\/uploads\/2024\/09\/About-Meterny@3x-724x1024.png 724w, https:\/\/meterny.com\/wp-content\/uploads\/2024\/09\/About-Meterny@3x-768x1086.png 768w, https:\/\/meterny.com\/wp-content\/uploads\/2024\/09\/About-Meterny@3x-1087x1536.png 1087w, https:\/\/meterny.com\/wp-content\/uploads\/2024\/09\/About-Meterny@3x-1449x2048.png 1449w, https:\/\/meterny.com\/wp-content\/uploads\/2024\/09\/About-Meterny@3x-600x848.png 600w\" sizes=\"auto, (max-width: 1024px) 100vw, 1024px\" \/><figcaption id=\"caption-attachment-16950\" class=\"wp-caption-text\">Pergolas Meterny vs. pergolas traditionnelles : des caract\u00e9ristiques sup\u00e9rieures<\/figcaption><\/figure>\n<h3>Br\u00e8ve description de la v\u00e9randa en aluminium de haute qualit\u00e9<\/h3>\n<p id=\"\">Une v\u00e9randa en aluminium de haute qualit\u00e9 apporte de nombreux avantages \u00e0 votre maison et \u00e0 votre mode de vie. Voici quelques-uns de ces avantages :<\/p>\n<ol>\n<li>\n<p id=\"\"><strong>Augmentation de l'espace de vie<\/strong>:<br \/>\nUn solarium ajoute un espace de vie pr\u00e9cieux \u00e0 votre maison, vous permettant de profiter d'une pi\u00e8ce suppl\u00e9mentaire sans avoir besoin d'extensions ou de r\u00e9novations co\u00fbteuses.<\/p>\n<\/li>\n<li>\n<p id=\"\"><strong>Lumi\u00e8re naturelle et vues<\/strong>:<br \/>\nGr\u00e2ce \u00e0 ses grandes fen\u00eatres et portes vitr\u00e9es, une v\u00e9randa inonde votre maison de lumi\u00e8re naturelle et offre une vue imprenable sur votre jardin ou sur les environs. Cela cr\u00e9e une atmosph\u00e8re lumineuse, a\u00e9r\u00e9e et accueillante.<\/p>\n<\/li>\n<li>\n<p id=\"\"><strong>Utilisation tout au long de l'ann\u00e9e<\/strong>:<br \/>\nLes v\u00e9randas en aluminium de haute qualit\u00e9 sont con\u00e7ues pour \u00eatre confortables et fonctionnelles tout au long de l'ann\u00e9e. Les vitres isol\u00e9es et les syst\u00e8mes d'\u00e9tanch\u00e9it\u00e9 efficaces maintiennent une temp\u00e9rature int\u00e9rieure constante, faisant de votre v\u00e9randa un espace polyvalent pour manger, se d\u00e9tendre ou recevoir des invit\u00e9s.<\/p>\n<\/li>\n<li>\n<p id=\"\"><strong>Efficacit\u00e9 \u00e9nerg\u00e9tique<\/strong>:<br \/>\nL'utilisation de vitrages isol\u00e9s \u00e0 haut rendement et de technologies d'\u00e9conomie d'\u00e9nergie dans les solariums en aluminium permet de r\u00e9duire les co\u00fbts de chauffage et de climatisation. Votre v\u00e9randa est donc un ajout \u00e9cologique et rentable \u00e0 votre maison.<\/p>\n<\/li>\n<li>\n<p id=\"\"><strong>Augmentation de la valeur de la propri\u00e9t\u00e9<\/strong>:<br \/>\nL'ajout d'une v\u00e9randa \u00e0 votre maison peut en augmenter consid\u00e9rablement la valeur. Il offre aux acheteurs potentiels un espace de vie suppl\u00e9mentaire avec des caract\u00e9ristiques et des avantages uniques, ce qui rend votre propri\u00e9t\u00e9 plus attrayante sur le march\u00e9 immobilier.<\/p>\n<\/li>\n<\/ol>\n<p>Pare-soleil en aluminium de haute qualit\u00e9<\/p>\n<h3>Si vous voulez en savoir plus, cliquez sur ce lien vers Youtube :<a href=\"https:\/\/youtu.be\/XBnrx0OJS2g\" target=\"_blank\" rel=\"noopener\">https:\/\/youtu.be\/XBnrx0OJS2g<\/a><\/h3>\n<p>&nbsp;<\/p>\n<figure id=\"attachment_16952\" aria-describedby=\"caption-attachment-16952\" style=\"width: 1024px\" class=\"wp-caption alignnone\"><img loading=\"lazy\" decoding=\"async\" class=\"wp-image-16952\" src=\"https:\/\/meterny.com\/wp-content\/uploads\/2024\/09\/\u5fae\u4fe1\u56fe\u7247_20241006211816.png\" alt=\"Meterny&#039;s Aluminum Pergola Water Leakage Prevention Design (Pr\u00e9vention des fuites d&#039;eau de la pergola en aluminium)\" width=\"1024\" height=\"1403\" srcset=\"https:\/\/meterny.com\/wp-content\/uploads\/2024\/09\/\u5fae\u4fe1\u56fe\u7247_20241006211816.png 888w, https:\/\/meterny.com\/wp-content\/uploads\/2024\/09\/\u5fae\u4fe1\u56fe\u7247_20241006211816-219x300.png 219w, https:\/\/meterny.com\/wp-content\/uploads\/2024\/09\/\u5fae\u4fe1\u56fe\u7247_20241006211816-747x1024.png 747w, https:\/\/meterny.com\/wp-content\/uploads\/2024\/09\/\u5fae\u4fe1\u56fe\u7247_20241006211816-768x1053.png 768w, https:\/\/meterny.com\/wp-content\/uploads\/2024\/09\/\u5fae\u4fe1\u56fe\u7247_20241006211816-600x822.png 600w\" sizes=\"auto, (max-width: 1024px) 100vw, 1024px\" \/><figcaption id=\"caption-attachment-16952\" class=\"wp-caption-text\">Conception innovante de pr\u00e9vention des fuites d'eau de Meterny<\/figcaption><\/figure>\n<h3><strong>Guide d'achat d'une v\u00e9randa en aluminium de haute qualit\u00e9<\/strong><\/h3>\n<ul>\n<li><strong>Consultation<\/strong>: Contactez notre service client\u00e8le pour en savoir plus sur les d\u00e9tails du produit et les besoins de personnalisation.<\/li>\n<li><strong>Conception<\/strong>: Des concepteurs professionnels proposent des solutions de conception personnalis\u00e9es, garantissant qu'elles r\u00e9pondent \u00e0 vos attentes.<\/li>\n<li><strong>Devis<\/strong>: Fournir un devis d\u00e9taill\u00e9 bas\u00e9 sur la solution de conception, transparent et sans frais cach\u00e9s.<\/li>\n<li><strong>Installation<\/strong>: Une \u00e9quipe d'installation professionnelle effectue l'installation sur place, garantissant ainsi la qualit\u00e9 et la s\u00e9curit\u00e9 de l'installation.<\/li>\n<li><strong>Apr\u00e8s-vente<\/strong>: Offrir un service apr\u00e8s-vente complet, en r\u00e9pondant \u00e0 vos pr\u00e9occupations.<\/li>\n<\/ul>\n<figure id=\"attachment_16951\" aria-describedby=\"caption-attachment-16951\" style=\"width: 1024px\" class=\"wp-caption alignnone\"><img loading=\"lazy\" decoding=\"async\" class=\"wp-image-16951\" src=\"https:\/\/meterny.com\/wp-content\/uploads\/2024\/09\/\u753b\u677f-16@3x.png\" alt=\"Pergola en aluminium de Meterny : un design brevet\u00e9 exclusif\" width=\"1024\" height=\"1448\" srcset=\"https:\/\/meterny.com\/wp-content\/uploads\/2024\/09\/\u753b\u677f-16@3x.png 1787w, https:\/\/meterny.com\/wp-content\/uploads\/2024\/09\/\u753b\u677f-16@3x-212x300.png 212w, https:\/\/meterny.com\/wp-content\/uploads\/2024\/09\/\u753b\u677f-16@3x-724x1024.png 724w, https:\/\/meterny.com\/wp-content\/uploads\/2024\/09\/\u753b\u677f-16@3x-768x1086.png 768w, https:\/\/meterny.com\/wp-content\/uploads\/2024\/09\/\u753b\u677f-16@3x-1086x1536.png 1086w, https:\/\/meterny.com\/wp-content\/uploads\/2024\/09\/\u753b\u677f-16@3x-1448x2048.png 1448w, https:\/\/meterny.com\/wp-content\/uploads\/2024\/09\/\u753b\u677f-16@3x-600x848.png 600w\" sizes=\"auto, (max-width: 1024px) 100vw, 1024px\" \/><figcaption id=\"caption-attachment-16951\" class=\"wp-caption-text\">Le design brevet\u00e9 de Meterny : Une pergola pas comme les autres<\/figcaption><\/figure>\n<h3>Pourquoi choisir la v\u00e9randa en aluminium de haute qualit\u00e9 de Meterny ?<\/h3>\n<p id=\"\">Choisir une v\u00e9randa en aluminium de haute qualit\u00e9 de Meterny est une d\u00e9cision qui apporte de nombreux avantages \u00e0 votre maison et \u00e0 votre style de vie. Voici quelques raisons convaincantes d'opter pour nos v\u00e9randas :<\/p>\n<ol>\n<li>\n<p id=\"\"><strong>Mat\u00e9riaux de premi\u00e8re qualit\u00e9 et durabilit\u00e9<\/strong>:<br \/>\nLes solariums de Meterny sont fabriqu\u00e9s \u00e0 partir d'un alliage d'aluminium de haute qualit\u00e9, r\u00e9put\u00e9 pour sa r\u00e9sistance \u00e0 la corrosion, sa grande solidit\u00e9 et sa l\u00e9g\u00e8ret\u00e9. Cela garantit que votre v\u00e9randa r\u00e9sistera \u00e0 l'\u00e9preuve du temps, en conservant sa beaut\u00e9 et sa fonctionnalit\u00e9 pour les ann\u00e9es \u00e0 venir.<\/p>\n<\/li>\n<li>\n<p id=\"\"><strong>Une conception et une esth\u00e9tique exceptionnelles<\/strong>:<br \/>\nNos solariums sont \u00e9l\u00e9gants et s'int\u00e8grent parfaitement \u00e0 l'architecture de votre maison. Les grandes portes et fen\u00eatres en verre permettent \u00e0 la lumi\u00e8re naturelle d'inonder l'espace, cr\u00e9ant ainsi une atmosph\u00e8re lumineuse, a\u00e9r\u00e9e et accueillante.<\/p>\n<\/li>\n<li>\n<p id=\"\"><strong>Isolation thermique et efficacit\u00e9 \u00e9nerg\u00e9tique<\/strong>:<br \/>\nLes solariums en aluminium de Meterny sont \u00e9quip\u00e9s d'un vitrage isolant \u00e0 haut rendement et d'un syst\u00e8me d'\u00e9tanch\u00e9it\u00e9 qui isole efficacement l'air chaud et l'air froid ext\u00e9rieurs. Cela permet de maintenir une temp\u00e9rature int\u00e9rieure constante, rendant votre v\u00e9randa habitable tout au long de l'ann\u00e9e tout en r\u00e9duisant la consommation d'\u00e9nergie.<\/p>\n<\/li>\n<li>\n<p id=\"\"><strong>Personnalisation et flexibilit\u00e9<\/strong>:<br \/>\nNous proposons plusieurs tailles, formes et styles pour r\u00e9pondre aux diff\u00e9rentes configurations de maison et aux besoins d'espace. Nos options de personnalisation s'\u00e9tendent \u00e9galement au mobilier, aux rideaux et aux autres accessoires, ce qui vous permet de cr\u00e9er une v\u00e9randa personnalis\u00e9e qui r\u00e9pond parfaitement \u00e0 vos besoins et \u00e0 vos pr\u00e9f\u00e9rences.<\/p>\n<\/li>\n<li>\n<p id=\"\"><strong>S\u00e9curit\u00e9 et tranquillit\u00e9 d'esprit<\/strong>:<br \/>\nLa s\u00e9curit\u00e9 est notre priorit\u00e9 absolue. Les solariums de Meterny sont \u00e9quip\u00e9s de serrures de s\u00e9curit\u00e9 de haut niveau pour emp\u00eacher toute entr\u00e9e non autoris\u00e9e. De plus, le verre est trait\u00e9 avec un traitement tremp\u00e9 ou feuillet\u00e9, ce qui am\u00e9liore la r\u00e9sistance aux chocs et garantit une utilisation s\u00fbre.<\/p>\n<\/li>\n<li>\n<p id=\"\"><strong>Entretien facile<\/strong>:<br \/>\nNotre mat\u00e9riau en alliage d'aluminium est facile \u00e0 nettoyer et ne n\u00e9cessite aucun entretien particulier. Ainsi, votre v\u00e9randa conserve sa beaut\u00e9 et sa fonctionnalit\u00e9 au fil du temps, avec un minimum d'efforts de votre part.<\/p>\n<\/li>\n<li>\n<p id=\"\"><strong>Installation professionnelle et service apr\u00e8s-vente<\/strong>:<br \/>\nL'\u00e9quipe d'installation professionnelle de Meterny veille \u00e0 ce que votre v\u00e9randa soit install\u00e9e correctement et en toute s\u00e9curit\u00e9. Notre service apr\u00e8s-vente complet r\u00e9pond \u00e0 toutes les questions que vous pouvez vous poser, pour votre plus grande tranquillit\u00e9 d'esprit et votre plus grande satisfaction.<\/p>\n<\/li>\n<\/ol>\n<p id=\"\">En conclusion, choisir la v\u00e9randa en aluminium de haute qualit\u00e9 de Meterny, c'est investir dans un ajout durable, beau et fonctionnel \u00e0 votre maison. Gr\u00e2ce \u00e0 notre engagement d'excellence en mati\u00e8re de conception, de personnalisation, de s\u00e9curit\u00e9 et de service, vous pouvez \u00eatre assur\u00e9 d'obtenir une v\u00e9randa qui r\u00e9pondra \u00e0 vos attentes et les d\u00e9passera.<\/p>\n<h3><strong>Avis des clients<\/strong>:<\/h3>\n<ul>\n<li>\"Le design de cette v\u00e9randa en aluminium de haute qualit\u00e9 est tr\u00e8s beau, il s'int\u00e8gre parfaitement \u00e0 la d\u00e9coration de ma maison et ma famille l'adore.<\/li>\n<li>\"Le mat\u00e9riau en alliage d'aluminium est robuste et durable, et l'installation fonctionne tr\u00e8s bien, avec d'excellentes performances en mati\u00e8re d'isolation thermique.<\/li>\n<li>\"Le service de personnalisation est tr\u00e8s attentionn\u00e9, de la conception \u00e0 l'installation, il tient compte de tous les d\u00e9tails, je suis tr\u00e8s satisfait.<\/li>\n<\/ul>","protected":false},"excerpt":{"rendered":"<p>Cr\u00e9ez un havre de paix \u00e9l\u00e9gant et r\u00e9sistant aux intemp\u00e9ries avec le pavillon \u00e9tanche en aluminium et m\u00e9tal, qui allie un design \u00e9l\u00e9gant \u00e0 des performances durables.<\/p>","protected":false},"featured_media":17732,"comment_status":"open","ping_status":"closed","template":"","meta":{"_uag_custom_page_level_css":"","site-sidebar-layout":"default","site-content-layout":"","ast-site-content-layout":"default","site-content-style":"default","site-sidebar-style":"default","ast-global-header-display":"","ast-banner-title-visibility":"","ast-main-header-display":"","ast-hfb-above-header-display":"","ast-hfb-below-header-display":"","ast-hfb-mobile-header-display":"","site-post-title":"","ast-breadcrumbs-content":"","ast-featured-img":"","footer-sml-layout":"","theme-transparent-header-meta":"default","adv-header-id-meta":"","stick-header-meta":"default","header-above-stick-meta":"","header-main-stick-meta":"","header-below-stick-meta":"","astra-migrate-meta-layouts":"set","ast-page-background-enabled":"default","ast-page-background-meta":{"desktop":{"background-color":"var(--ast-global-color-4)","background-image":"","background-repeat":"repeat","background-position":"center center","background-size":"auto","background-attachment":"scroll","background-type":"","background-media":"","overlay-type":"","overlay-color":"","overlay-opacity":"","overlay-gradient":""},"tablet":{"background-color":"","background-image":"","background-repeat":"repeat","background-position":"center center","background-size":"auto","background-attachment":"scroll","background-type":"","background-media":"","overlay-type":"","overlay-color":"","overlay-opacity":"","overlay-gradient":""},"mobile":{"background-color":"","background-image":"","background-repeat":"repeat","background-position":"center center","background-size":"auto","background-attachment":"scroll","background-type":"","background-media":"","overlay-type":"","overlay-color":"","overlay-opacity":"","overlay-gradient":""}},"ast-content-background-meta":{"desktop":{"background-color":"var(--ast-global-color-5)","background-image":"","background-repeat":"repeat","background-position":"center center","background-size":"auto","background-attachment":"scroll","background-type":"","background-media":"","overlay-type":"","overlay-color":"","overlay-opacity":"","overlay-gradient":""},"tablet":{"background-color":"var(--ast-global-color-5)","background-image":"","background-repeat":"repeat","background-position":"center center","background-size":"auto","background-attachment":"scroll","background-type":"","background-media":"","overlay-type":"","overlay-color":"","overlay-opacity":"","overlay-gradient":""},"mobile":{"background-color":"var(--ast-global-color-5)","background-image":"","background-repeat":"repeat","background-position":"center center","background-size":"auto","background-attachment":"scroll","background-type":"","background-media":"","overlay-type":"","overlay-color":"","overlay-opacity":"","overlay-gradient":""}}},"product_brand":[],"product_cat":[18],"product_tag":[219,217,218,216],"class_list":{"0":"post-17736","1":"product","2":"type-product","3":"status-publish","4":"has-post-thumbnail","6":"product_cat-uncategorized","7":"product_tag-aluminum-metal-waterproof-pergola","8":"product_tag-aluminum-pavilion","9":"product_tag-metal-pavilion","10":"product_tag-waterproof-pavilion","11":"desktop-align-center","12":"tablet-align-left","13":"mobile-align-left","14":"ast-product-gallery-layout-horizontal-slider","15":"ast-product-single-variable","16":"ast-product-tabs-layout-vertical","18":"first","19":"instock","20":"shipping-taxable","21":"product-type-variable"},"uagb_featured_image_src":{"full":["https:\/\/meterny.com\/wp-content\/uploads\/2024\/10\/\u5e9e\u91d1\u5168\u9633\u5149\u623fzhu.jpg",800,800,false],"thumbnail":["https:\/\/meterny.com\/wp-content\/uploads\/2024\/10\/\u5e9e\u91d1\u5168\u9633\u5149\u623fzhu-150x150.jpg",150,150,true],"medium":["https:\/\/meterny.com\/wp-content\/uploads\/2024\/10\/\u5e9e\u91d1\u5168\u9633\u5149\u623fzhu-300x300.jpg",300,300,true],"medium_large":["https:\/\/meterny.com\/wp-content\/uploads\/2024\/10\/\u5e9e\u91d1\u5168\u9633\u5149\u623fzhu-768x768.jpg",768,768,true],"large":["https:\/\/meterny.com\/wp-content\/uploads\/2024\/10\/\u5e9e\u91d1\u5168\u9633\u5149\u623fzhu.jpg",800,800,false],"1536x1536":["https:\/\/meterny.com\/wp-content\/uploads\/2024\/10\/\u5e9e\u91d1\u5168\u9633\u5149\u623fzhu.jpg",800,800,false],"2048x2048":["https:\/\/meterny.com\/wp-content\/uploads\/2024\/10\/\u5e9e\u91d1\u5168\u9633\u5149\u623fzhu.jpg",800,800,false],"trp-custom-language-flag":["https:\/\/meterny.com\/wp-content\/uploads\/2024\/10\/\u5e9e\u91d1\u5168\u9633\u5149\u623fzhu.jpg",12,12,false],"woocommerce_thumbnail":["https:\/\/meterny.com\/wp-content\/uploads\/2024\/10\/\u5e9e\u91d1\u5168\u9633\u5149\u623fzhu-300x300.jpg",300,300,true],"woocommerce_single":["https:\/\/meterny.com\/wp-content\/uploads\/2024\/10\/\u5e9e\u91d1\u5168\u9633\u5149\u623fzhu-600x600.jpg",600,600,true],"woocommerce_gallery_thumbnail":["https:\/\/meterny.com\/wp-content\/uploads\/2024\/10\/\u5e9e\u91d1\u5168\u9633\u5149\u623fzhu-100x100.jpg",100,100,true]},"uagb_author_info":{"display_name":"meterny","author_link":"https:\/\/meterny.com\/fr\/author\/"},"uagb_comment_info":0,"uagb_excerpt":"Create a stylish and weather-resistant outdoor haven with the Aluminum Metal Waterproof Pavilion, combining sleek design with durable performance.","_links":{"self":[{"href":"https:\/\/meterny.com\/fr\/wp-json\/wp\/v2\/product\/17736","targetHints":{"allow":["GET"]}}],"collection":[{"href":"https:\/\/meterny.com\/fr\/wp-json\/wp\/v2\/product"}],"about":[{"href":"https:\/\/meterny.com\/fr\/wp-json\/wp\/v2\/types\/product"}],"replies":[{"embeddable":true,"href":"https:\/\/meterny.com\/fr\/wp-json\/wp\/v2\/comments?post=17736"}],"wp:featuredmedia":[{"embeddable":true,"href":"https:\/\/meterny.com\/fr\/wp-json\/wp\/v2\/media\/17732"}],"wp:attachment":[{"href":"https:\/\/meterny.com\/fr\/wp-json\/wp\/v2\/media?parent=17736"}],"wp:term":[{"taxonomy":"product_brand","embeddable":true,"href":"https:\/\/meterny.com\/fr\/wp-json\/wp\/v2\/product_brand?post=17736"},{"taxonomy":"product_cat","embeddable":true,"href":"https:\/\/meterny.com\/fr\/wp-json\/wp\/v2\/product_cat?post=17736"},{"taxonomy":"product_tag","embeddable":true,"href":"https:\/\/meterny.com\/fr\/wp-json\/wp\/v2\/product_tag?post=17736"}],"curies":[{"name":"wp","href":"https:\/\/api.w.org\/{rel}","templated":true}]}}