{"id":17798,"date":"2024-10-10T03:05:45","date_gmt":"2024-10-10T03:05:45","guid":{"rendered":"https:\/\/meterny.com\/?post_type=product&#038;p=17798"},"modified":"2025-05-24T02:14:03","modified_gmt":"2025-05-24T02:14:03","slug":"aluminum-tempered-glass-greenhouse","status":"publish","type":"product","link":"https:\/\/meterny.com\/fr\/produit\/aluminum-tempered-glass-greenhouse\/","title":{"rendered":"Aluminium Verre tremp\u00e9 Serre Aluminium Jardin d'hiver Verre tremp\u00e9 Aluminium Salle de soleil"},"content":{"rendered":"<h2 style=\"text-align: center;\">Aluminium Verre tremp\u00e9 Serre Aluminium Jardin d'hiver Verre tremp\u00e9 Aluminium Salle de soleil<\/h2>\n<p><strong>Type<\/strong>:  Verre tremp\u00e9 Salle de soleil en aluminium<\/p>\n<p><strong>Taille<\/strong>: personnalis\u00e9<\/p>\n<p><strong>Surface<\/strong>Rev\u00eatement\/peinture : rev\u00eatement\/peinture sur mesure<\/p>\n<p><strong>Couleur<\/strong>: personnalis\u00e9<\/p>\n<p><strong>Longueur<\/strong>: Sur mesure<\/p>\n<p><strong>Mat\u00e9riau<\/strong>: Alliage d'aluminium haut de gamme<\/p>\n<p><strong>Technologie des produits<\/strong>: Meterny Syst\u00e8me anti-fuite AquaGuard<\/p>\n<figure id=\"attachment_17881\" aria-describedby=\"caption-attachment-17881\" style=\"width: 1024px\" class=\"wp-caption alignnone\"><img loading=\"lazy\" decoding=\"async\" class=\"wp-image-17881\" src=\"https:\/\/meterny.com\/wp-content\/uploads\/2024\/10\/22\u526f\u672c\u4e3b.jpg\" alt=\"Serre en aluminium et verre tremp\u00e9\" width=\"1024\" height=\"1024\" srcset=\"https:\/\/meterny.com\/wp-content\/uploads\/2024\/10\/22\u526f\u672c\u4e3b.jpg 800w, https:\/\/meterny.com\/wp-content\/uploads\/2024\/10\/22\u526f\u672c\u4e3b-300x300.jpg 300w, https:\/\/meterny.com\/wp-content\/uploads\/2024\/10\/22\u526f\u672c\u4e3b-150x150.jpg 150w, https:\/\/meterny.com\/wp-content\/uploads\/2024\/10\/22\u526f\u672c\u4e3b-768x768.jpg 768w, https:\/\/meterny.com\/wp-content\/uploads\/2024\/10\/22\u526f\u672c\u4e3b-600x600.jpg 600w, https:\/\/meterny.com\/wp-content\/uploads\/2024\/10\/22\u526f\u672c\u4e3b-100x100.jpg 100w\" sizes=\"auto, (max-width: 1024px) 100vw, 1024px\" \/><figcaption id=\"caption-attachment-17881\" class=\"wp-caption-text\">Salle de bronzage brune : Une retraite douillette dans votre jardin<\/figcaption><\/figure>\n<p id=\"\"><strong>Nom du produit<\/strong>: Serre en aluminium et verre tremp\u00e9<\/p>\n<hr \/>\n<p id=\"\"><strong>Vue d'ensemble<\/strong>:<\/p>\n<p id=\"\">Notre serre en aluminium et verre tremp\u00e9 est un ajout \u00e9tonnant et fonctionnel \u00e0 tout jardin ou espace ext\u00e9rieur. Con\u00e7ue dans un souci de durabilit\u00e9 et d'esth\u00e9tique, cette serre est dot\u00e9e d'un cadre en aluminium et de panneaux en verre tremp\u00e9 qui offrent un environnement solide, stable et transparent pour le d\u00e9veloppement de vos plantes.<\/p>\n<hr \/>\n<p id=\"\"><strong>Caract\u00e9ristiques principales<\/strong>:<\/p>\n<ol>\n<li><strong>Cadre en aluminium durable<\/strong>:\n<ul>\n<li>Construit en aluminium de haute qualit\u00e9, le cadre de cette serre est \u00e0 la fois solide et l\u00e9ger. Elle est r\u00e9sistante \u00e0 la rouille et \u00e0 la corrosion, ce qui garantit que votre serre restera fonctionnelle et attrayante pendant de nombreuses ann\u00e9es.<\/li>\n<\/ul>\n<\/li>\n<li><strong>Panneaux en verre tremp\u00e9<\/strong>:\n<ul>\n<li>Les panneaux en verre tremp\u00e9 offrent une clart\u00e9 et une durabilit\u00e9 excellentes. Ils sont r\u00e9sistants aux chocs, ce qui renforce la s\u00e9curit\u00e9 de vos plantes et de vos biens. Le verre permet \u00e9galement une transmission maximale de la lumi\u00e8re, garantissant que vos plantes re\u00e7oivent la lumi\u00e8re du soleil dont elles ont besoin pour grandir et s'\u00e9panouir.<\/li>\n<\/ul>\n<\/li>\n<li><strong>Ventilation r\u00e9glable<\/strong>:\n<ul>\n<li>La serre est \u00e9quip\u00e9e de syst\u00e8mes de ventilation r\u00e9glables qui vous permettent de contr\u00f4ler la temp\u00e9rature et l'humidit\u00e9 \u00e0 l'int\u00e9rieur. Vos plantes b\u00e9n\u00e9ficient ainsi de conditions de croissance optimales, quel que soit le temps qu'il fait \u00e0 l'ext\u00e9rieur.<\/li>\n<\/ul>\n<\/li>\n<li><strong>Mise en page personnalisable<\/strong>:\n<ul>\n<li>Nos serres sont dot\u00e9es d'une s\u00e9rie d'options personnalisables, ce qui vous permet de cr\u00e9er un agencement adapt\u00e9 \u00e0 vos besoins et pr\u00e9f\u00e9rences sp\u00e9cifiques. Que vous recherchiez une petite serre compacte ou une structure plus grande, nous avons une solution qui r\u00e9pondra \u00e0 vos besoins.<\/li>\n<\/ul>\n<\/li>\n<li><strong>Installation facile<\/strong>:\n<ul>\n<li>La serre est con\u00e7ue pour une installation facile, avec des instructions claires et tout le mat\u00e9riel n\u00e9cessaire inclus. Cela signifie que vous pouvez installer votre serre en un rien de temps, sans avoir besoin de l'aide d'un professionnel.<\/li>\n<\/ul>\n<\/li>\n<li><strong>R\u00e9sistance aux intemp\u00e9ries<\/strong>:\n<ul>\n<li>Avec son cadre en aluminium durable et ses panneaux en verre tremp\u00e9, cette serre est capable de r\u00e9sister \u00e0 des conditions m\u00e9t\u00e9orologiques difficiles. Qu'il s'agisse de neige, de pluie ou de vent, vous pouvez \u00eatre s\u00fbr que votre serre restera debout et fonctionnelle.<\/li>\n<\/ul>\n<\/li>\n<\/ol>\n<hr \/>\n<p id=\"\"><strong>Sp\u00e9cifications<\/strong>:<\/p>\n<ul>\n<li><strong>Mat\u00e9riau du cadre<\/strong>: Aluminium<\/li>\n<li><strong>Type de verre<\/strong>: Verre tremp\u00e9<\/li>\n<li><strong>Dimensions<\/strong>: 3*3\/3*4\/4*4<\/li>\n<li><strong>Poids<\/strong>Poids : 250-450 kg<\/li>\n<li><strong>Ventilation<\/strong>: R\u00e9glable<\/li>\n<li><strong>Options personnalisables<\/strong>: Oui<\/li>\n<li><strong>Installation<\/strong>: Installation facile, \u00e0 faire soi-m\u00eame<\/li>\n<li><strong>Garantie<\/strong>: [plus de 10 ans]<\/li>\n<\/ul>\n<h3>Plus de designs<\/h3>\n<p>&nbsp;<\/p>\n<figure id=\"attachment_17691\" aria-describedby=\"caption-attachment-17691\" style=\"width: 1204px\" class=\"wp-caption alignnone\"><img loading=\"lazy\" decoding=\"async\" class=\"wp-image-17691\" src=\"https:\/\/meterny.com\/wp-content\/uploads\/2024\/10\/\u4e0b\u8f7d-23.jpg\" alt=\"styles de v\u00e9randas en aluminium multicolore solutions de v\u00e9randas \u00e9l\u00e9gantes\" width=\"1204\" height=\"1204\" srcset=\"https:\/\/meterny.com\/wp-content\/uploads\/2024\/10\/\u4e0b\u8f7d-23.jpg 1200w, https:\/\/meterny.com\/wp-content\/uploads\/2024\/10\/\u4e0b\u8f7d-23-300x300.jpg 300w, https:\/\/meterny.com\/wp-content\/uploads\/2024\/10\/\u4e0b\u8f7d-23-1024x1024.jpg 1024w, https:\/\/meterny.com\/wp-content\/uploads\/2024\/10\/\u4e0b\u8f7d-23-150x150.jpg 150w, https:\/\/meterny.com\/wp-content\/uploads\/2024\/10\/\u4e0b\u8f7d-23-768x768.jpg 768w, https:\/\/meterny.com\/wp-content\/uploads\/2024\/10\/\u4e0b\u8f7d-23-600x600.jpg 600w, https:\/\/meterny.com\/wp-content\/uploads\/2024\/10\/\u4e0b\u8f7d-23-100x100.jpg 100w\" sizes=\"auto, (max-width: 1204px) 100vw, 1204px\" \/><figcaption id=\"caption-attachment-17691\" class=\"wp-caption-text\">Un kal\u00e9idoscope de mod\u00e8les de v\u00e9randas : Choisissez ce qui vous convient le mieux<\/figcaption><\/figure>\n<p>Serre en aluminium et verre tremp\u00e9<\/p>\n<figure id=\"attachment_16950\" aria-describedby=\"caption-attachment-16950\" style=\"width: 1024px\" class=\"wp-caption alignnone\"><img loading=\"lazy\" decoding=\"async\" class=\"wp-image-16950\" src=\"https:\/\/meterny.com\/wp-content\/uploads\/2024\/09\/About-Meterny@3x.png\" alt=\"Comparaison de la pergola en aluminium de Meterny avec d&#039;autres pergolas\" width=\"1024\" height=\"1447\" srcset=\"https:\/\/meterny.com\/wp-content\/uploads\/2024\/09\/About-Meterny@3x.png 1787w, https:\/\/meterny.com\/wp-content\/uploads\/2024\/09\/About-Meterny@3x-212x300.png 212w, https:\/\/meterny.com\/wp-content\/uploads\/2024\/09\/About-Meterny@3x-724x1024.png 724w, https:\/\/meterny.com\/wp-content\/uploads\/2024\/09\/About-Meterny@3x-768x1086.png 768w, https:\/\/meterny.com\/wp-content\/uploads\/2024\/09\/About-Meterny@3x-1087x1536.png 1087w, https:\/\/meterny.com\/wp-content\/uploads\/2024\/09\/About-Meterny@3x-1449x2048.png 1449w, https:\/\/meterny.com\/wp-content\/uploads\/2024\/09\/About-Meterny@3x-600x848.png 600w\" sizes=\"auto, (max-width: 1024px) 100vw, 1024px\" \/><figcaption id=\"caption-attachment-16950\" class=\"wp-caption-text\">Pergolas Meterny vs. pergolas traditionnelles : des caract\u00e9ristiques sup\u00e9rieures<\/figcaption><\/figure>\n<h3>Br\u00e8ve description<\/h3>\n<p>Le jardin d'hiver en aluminium offre<\/p>\n<p id=\"\">Un jardin d'hiver en aluminium offre une gamme d'avantages et de caract\u00e9ristiques qui en font un choix id\u00e9al pour ceux qui cherchent \u00e0 cr\u00e9er un espace ext\u00e9rieur \u00e9l\u00e9gant et fonctionnel pendant les mois les plus froids. Voici quelques-unes des principales caract\u00e9ristiques d'un jardin d'hiver en aluminium :<\/p>\n<ol>\n<li><strong>Durabilit\u00e9 et r\u00e9sistance aux intemp\u00e9ries<\/strong>:\n<ul>\n<li>Construit en aluminium de haute qualit\u00e9, le cadre d'un jardin d'hiver r\u00e9siste \u00e0 la rouille, \u00e0 la corrosion et aux conditions climatiques difficiles. Ainsi, votre jardin d'hiver reste fonctionnel et attrayant tout au long de la saison hivernale.<\/li>\n<\/ul>\n<\/li>\n<li><strong>Panneaux en verre tremp\u00e9<\/strong>:\n<ul>\n<li>De nombreux jardins d'hiver en aluminium sont dot\u00e9s de panneaux en verre tremp\u00e9 qui offrent une clart\u00e9 et une durabilit\u00e9 excellentes. Ces panneaux sont r\u00e9sistants aux \u00e9clats, ce qui renforce la s\u00e9curit\u00e9. Ils permettent \u00e9galement une transmission maximale de la lumi\u00e8re, garantissant que vos plantes re\u00e7oivent la lumi\u00e8re du soleil dont elles ont besoin pour rester saines et vivantes.<\/li>\n<\/ul>\n<\/li>\n<li><strong>Chaleur et protection<\/strong>:\n<ul>\n<li>Gr\u00e2ce \u00e0 sa conception ferm\u00e9e, un jardin d'hiver en aluminium offre un environnement chaud et prot\u00e9g\u00e9 pour vos plantes et vos meubles d'ext\u00e9rieur. Il s'agit donc d'un choix id\u00e9al pour prolonger la saison de croissance et prot\u00e9ger les plantes d\u00e9licates du froid hivernal.<\/li>\n<\/ul>\n<\/li>\n<li><strong>Mise en page et conception personnalisables<\/strong>:\n<ul>\n<li>Les jardins d'hiver en aluminium sont disponibles dans une large gamme de tailles, de formes et de conceptions, ce qui vous permet de cr\u00e9er un am\u00e9nagement adapt\u00e9 \u00e0 vos besoins et \u00e0 vos pr\u00e9f\u00e9rences. Que vous recherchiez une petite structure compacte ou un espace plus grand, il existe un jardin d'hiver en aluminium qui r\u00e9pondra \u00e0 vos besoins.<\/li>\n<\/ul>\n<\/li>\n<li><strong>Ventilation et contr\u00f4le du climat<\/strong>:\n<ul>\n<li>De nombreux jardins d'hiver en aluminium sont \u00e9quip\u00e9s de syst\u00e8mes de ventilation r\u00e9glables qui vous permettent de contr\u00f4ler la temp\u00e9rature et l'humidit\u00e9 \u00e0 l'int\u00e9rieur. Vos plantes b\u00e9n\u00e9ficient ainsi de conditions de croissance optimales, quel que soit le temps qu'il fait \u00e0 l'ext\u00e9rieur.<\/li>\n<\/ul>\n<\/li>\n<\/ol>\n<h3>Si vous voulez en savoir plus, cliquez sur ce lien vers Youtube :<a href=\"https:\/\/youtu.be\/88PIb9PK7Bk\" target=\"_blank\" rel=\"noopener\">https:\/\/youtu.be\/88PIb9PK7Bk<\/a><\/h3>\n<p>&nbsp;<\/p>\n<figure id=\"attachment_16952\" aria-describedby=\"caption-attachment-16952\" style=\"width: 1024px\" class=\"wp-caption alignnone\"><img loading=\"lazy\" decoding=\"async\" class=\"wp-image-16952\" src=\"https:\/\/meterny.com\/wp-content\/uploads\/2024\/09\/\u5fae\u4fe1\u56fe\u7247_20241006211816.png\" alt=\"Meterny&#039;s Aluminum Pergola Water Leakage Prevention Design (Pr\u00e9vention des fuites d&#039;eau de la pergola en aluminium)\" width=\"1024\" height=\"1403\" srcset=\"https:\/\/meterny.com\/wp-content\/uploads\/2024\/09\/\u5fae\u4fe1\u56fe\u7247_20241006211816.png 888w, https:\/\/meterny.com\/wp-content\/uploads\/2024\/09\/\u5fae\u4fe1\u56fe\u7247_20241006211816-219x300.png 219w, https:\/\/meterny.com\/wp-content\/uploads\/2024\/09\/\u5fae\u4fe1\u56fe\u7247_20241006211816-747x1024.png 747w, https:\/\/meterny.com\/wp-content\/uploads\/2024\/09\/\u5fae\u4fe1\u56fe\u7247_20241006211816-768x1053.png 768w, https:\/\/meterny.com\/wp-content\/uploads\/2024\/09\/\u5fae\u4fe1\u56fe\u7247_20241006211816-600x822.png 600w\" sizes=\"auto, (max-width: 1024px) 100vw, 1024px\" \/><figcaption id=\"caption-attachment-16952\" class=\"wp-caption-text\">Conception innovante de pr\u00e9vention des fuites d'eau de Meterny<\/figcaption><\/figure>\n<p>Serre en aluminium et verre tremp\u00e9<\/p>\n<figure id=\"attachment_16951\" aria-describedby=\"caption-attachment-16951\" style=\"width: 1024px\" class=\"wp-caption alignnone\"><img loading=\"lazy\" decoding=\"async\" class=\"wp-image-16951\" src=\"https:\/\/meterny.com\/wp-content\/uploads\/2024\/09\/\u753b\u677f-16@3x.png\" alt=\"Pergola en aluminium de Meterny : un design brevet\u00e9 exclusif\" width=\"1024\" height=\"1448\" srcset=\"https:\/\/meterny.com\/wp-content\/uploads\/2024\/09\/\u753b\u677f-16@3x.png 1787w, https:\/\/meterny.com\/wp-content\/uploads\/2024\/09\/\u753b\u677f-16@3x-212x300.png 212w, https:\/\/meterny.com\/wp-content\/uploads\/2024\/09\/\u753b\u677f-16@3x-724x1024.png 724w, https:\/\/meterny.com\/wp-content\/uploads\/2024\/09\/\u753b\u677f-16@3x-768x1086.png 768w, https:\/\/meterny.com\/wp-content\/uploads\/2024\/09\/\u753b\u677f-16@3x-1086x1536.png 1086w, https:\/\/meterny.com\/wp-content\/uploads\/2024\/09\/\u753b\u677f-16@3x-1448x2048.png 1448w, https:\/\/meterny.com\/wp-content\/uploads\/2024\/09\/\u753b\u677f-16@3x-600x848.png 600w\" sizes=\"auto, (max-width: 1024px) 100vw, 1024px\" \/><figcaption id=\"caption-attachment-16951\" class=\"wp-caption-text\">Le design brevet\u00e9 de Meterny : Une pergola pas comme les autres<\/figcaption><\/figure>\n<h3>Pourquoi choisir la serre de Meterny ?<\/h3>\n<p id=\"\">Choisissez la serre de Meterny pour plusieurs raisons imp\u00e9rieuses :<\/p>\n<ol>\n<li><strong>Mat\u00e9riaux et construction de haute qualit\u00e9<\/strong>:\n<ul>\n<li>Les serres de Meterny sont construites avec des mat\u00e9riaux de haute qualit\u00e9, notamment des cadres en aluminium durables et des vitrages r\u00e9sistants aux intemp\u00e9ries comme le verre ou le polycarbonate. Cela garantit que votre serre est solide, stable et capable de r\u00e9sister aux conditions m\u00e9t\u00e9orologiques difficiles.<\/li>\n<\/ul>\n<\/li>\n<li><strong>Conception innovante<\/strong>:\n<ul>\n<li>Meterny offre une gamme de caract\u00e9ristiques de conception innovantes qui am\u00e9liorent la fonctionnalit\u00e9 et l'attrait esth\u00e9tique de ses serres. Il s'agit notamment de syst\u00e8mes de ventilation r\u00e9glables, d'ouvertures automatis\u00e9es et d'options de vitrage \u00e0 haut rendement \u00e9nerg\u00e9tique qui contribuent \u00e0 r\u00e9guler la temp\u00e9rature et l'humidit\u00e9 \u00e0 l'int\u00e9rieur de la serre.<\/li>\n<\/ul>\n<\/li>\n<li><strong>Options personnalisables<\/strong>:\n<ul>\n<li>Meterny propose une large gamme d'options personnalisables pour r\u00e9pondre \u00e0 vos besoins et pr\u00e9f\u00e9rences sp\u00e9cifiques. Que vous recherchiez une petite serre portable ou une grande structure permanente, Meterny a une solution qui r\u00e9pondra \u00e0 vos besoins.<\/li>\n<\/ul>\n<\/li>\n<li><strong>Excellent service \u00e0 la client\u00e8le<\/strong>:\n<ul>\n<li>Meterny s'engage \u00e0 fournir un service client exceptionnel. Son \u00e9quipe d'experts est \u00e0 votre disposition pour r\u00e9pondre \u00e0 toutes vos questions avant, pendant et apr\u00e8s votre achat. Vous \u00eates ainsi assur\u00e9 de recevoir le soutien et les conseils dont vous avez besoin pour tirer le meilleur parti de votre serre.<\/li>\n<\/ul>\n<\/li>\n<li><strong>Performance durable<\/strong>:\n<ul>\n<li>Avec un entretien ad\u00e9quat, les serres Meterny sont con\u00e7ues pour offrir des performances durables. Leurs mat\u00e9riaux et leur construction durables garantissent que votre serre restera fonctionnelle et attrayante pendant de nombreuses ann\u00e9es.<\/li>\n<\/ul>\n<\/li>\n<li><strong>Rapport qualit\u00e9-prix<\/strong>:\n<ul>\n<li>Les serres de Meterny offrent un excellent rapport qualit\u00e9-prix. Bien que leurs prix puissent \u00eatre comp\u00e9titifs par rapport \u00e0 d'autres marques de haute qualit\u00e9, la combinaison de mat\u00e9riaux durables, d'un design innovant et d'un service client\u00e8le exceptionnel en fait un investissement judicieux.<\/li>\n<\/ul>\n<\/li>\n<li><strong>Durabilit\u00e9<\/strong>:\n<ul>\n<li>Meterny s'engage en faveur du d\u00e9veloppement durable et propose des options \u00e9cologiques pour ses serres. Cela inclut l'utilisation de mat\u00e9riaux renouvelables et d'options de vitrage \u00e0 haut rendement \u00e9nerg\u00e9tique qui r\u00e9duisent votre empreinte carbone et contribuent \u00e0 un avenir plus durable.<\/li>\n<\/ul>\n<\/li>\n<\/ol>\n<p id=\"\">En r\u00e9sum\u00e9, choisissez les serres Meterny pour leurs mat\u00e9riaux et leur construction de haute qualit\u00e9, leur conception innovante, leurs options personnalisables, leur excellent service client\u00e8le, leurs performances durables, leur rapport qualit\u00e9-prix et leur engagement en faveur du d\u00e9veloppement durable. Ces avantages font de Meterny un choix fiable pour tous ceux qui souhaitent cr\u00e9er une serre fonctionnelle et \u00e9l\u00e9gante pour leurs plantes.<\/p>\n<p>&nbsp;<\/p>","protected":false},"excerpt":{"rendered":"<p>Cr\u00e9ez un havre de paix \u00e9l\u00e9gant et r\u00e9sistant aux intemp\u00e9ries avec le pavillon \u00e9tanche en aluminium et m\u00e9tal, qui allie un design \u00e9l\u00e9gant \u00e0 des performances durables.<\/p>","protected":false},"featured_media":17881,"comment_status":"open","ping_status":"closed","template":"","meta":{"_uag_custom_page_level_css":"","site-sidebar-layout":"default","site-content-layout":"","ast-site-content-layout":"default","site-content-style":"default","site-sidebar-style":"default","ast-global-header-display":"","ast-banner-title-visibility":"","ast-main-header-display":"","ast-hfb-above-header-display":"","ast-hfb-below-header-display":"","ast-hfb-mobile-header-display":"","site-post-title":"","ast-breadcrumbs-content":"","ast-featured-img":"","footer-sml-layout":"","theme-transparent-header-meta":"default","adv-header-id-meta":"","stick-header-meta":"default","header-above-stick-meta":"","header-main-stick-meta":"","header-below-stick-meta":"","astra-migrate-meta-layouts":"set","ast-page-background-enabled":"default","ast-page-background-meta":{"desktop":{"background-color":"var(--ast-global-color-4)","background-image":"","background-repeat":"repeat","background-position":"center center","background-size":"auto","background-attachment":"scroll","background-type":"","background-media":"","overlay-type":"","overlay-color":"","overlay-opacity":"","overlay-gradient":""},"tablet":{"background-color":"","background-image":"","background-repeat":"repeat","background-position":"center center","background-size":"auto","background-attachment":"scroll","background-type":"","background-media":"","overlay-type":"","overlay-color":"","overlay-opacity":"","overlay-gradient":""},"mobile":{"background-color":"","background-image":"","background-repeat":"repeat","background-position":"center center","background-size":"auto","background-attachment":"scroll","background-type":"","background-media":"","overlay-type":"","overlay-color":"","overlay-opacity":"","overlay-gradient":""}},"ast-content-background-meta":{"desktop":{"background-color":"var(--ast-global-color-5)","background-image":"","background-repeat":"repeat","background-position":"center center","background-size":"auto","background-attachment":"scroll","background-type":"","background-media":"","overlay-type":"","overlay-color":"","overlay-opacity":"","overlay-gradient":""},"tablet":{"background-color":"var(--ast-global-color-5)","background-image":"","background-repeat":"repeat","background-position":"center center","background-size":"auto","background-attachment":"scroll","background-type":"","background-media":"","overlay-type":"","overlay-color":"","overlay-opacity":"","overlay-gradient":""},"mobile":{"background-color":"var(--ast-global-color-5)","background-image":"","background-repeat":"repeat","background-position":"center center","background-size":"auto","background-attachment":"scroll","background-type":"","background-media":"","overlay-type":"","overlay-color":"","overlay-opacity":"","overlay-gradient":""}}},"product_brand":[],"product_cat":[18],"product_tag":[219,217,218,216],"class_list":{"0":"post-17798","1":"product","2":"type-product","3":"status-publish","4":"has-post-thumbnail","6":"product_cat-uncategorized","7":"product_tag-aluminum-metal-waterproof-pergola","8":"product_tag-aluminum-pavilion","9":"product_tag-metal-pavilion","10":"product_tag-waterproof-pavilion","11":"desktop-align-center","12":"tablet-align-left","13":"mobile-align-left","14":"ast-product-gallery-layout-horizontal-slider","15":"ast-product-single-variable","16":"ast-product-tabs-layout-vertical","18":"first","19":"instock","20":"shipping-taxable","21":"product-type-variable"},"uagb_featured_image_src":{"full":["https:\/\/meterny.com\/wp-content\/uploads\/2024\/10\/22\u526f\u672c\u4e3b.jpg",800,800,false],"thumbnail":["https:\/\/meterny.com\/wp-content\/uploads\/2024\/10\/22\u526f\u672c\u4e3b-150x150.jpg",150,150,true],"medium":["https:\/\/meterny.com\/wp-content\/uploads\/2024\/10\/22\u526f\u672c\u4e3b-300x300.jpg",300,300,true],"medium_large":["https:\/\/meterny.com\/wp-content\/uploads\/2024\/10\/22\u526f\u672c\u4e3b-768x768.jpg",768,768,true],"large":["https:\/\/meterny.com\/wp-content\/uploads\/2024\/10\/22\u526f\u672c\u4e3b.jpg",800,800,false],"1536x1536":["https:\/\/meterny.com\/wp-content\/uploads\/2024\/10\/22\u526f\u672c\u4e3b.jpg",800,800,false],"2048x2048":["https:\/\/meterny.com\/wp-content\/uploads\/2024\/10\/22\u526f\u672c\u4e3b.jpg",800,800,false],"trp-custom-language-flag":["https:\/\/meterny.com\/wp-content\/uploads\/2024\/10\/22\u526f\u672c\u4e3b.jpg",12,12,false],"woocommerce_thumbnail":["https:\/\/meterny.com\/wp-content\/uploads\/2024\/10\/22\u526f\u672c\u4e3b-300x300.jpg",300,300,true],"woocommerce_single":["https:\/\/meterny.com\/wp-content\/uploads\/2024\/10\/22\u526f\u672c\u4e3b-600x600.jpg",600,600,true],"woocommerce_gallery_thumbnail":["https:\/\/meterny.com\/wp-content\/uploads\/2024\/10\/22\u526f\u672c\u4e3b-100x100.jpg",100,100,true]},"uagb_author_info":{"display_name":"meterny","author_link":"https:\/\/meterny.com\/fr\/author\/"},"uagb_comment_info":0,"uagb_excerpt":"Create a stylish and weather-resistant outdoor haven with the Aluminum Metal Waterproof Pavilion, combining sleek design with durable performance.","_links":{"self":[{"href":"https:\/\/meterny.com\/fr\/wp-json\/wp\/v2\/product\/17798","targetHints":{"allow":["GET"]}}],"collection":[{"href":"https:\/\/meterny.com\/fr\/wp-json\/wp\/v2\/product"}],"about":[{"href":"https:\/\/meterny.com\/fr\/wp-json\/wp\/v2\/types\/product"}],"replies":[{"embeddable":true,"href":"https:\/\/meterny.com\/fr\/wp-json\/wp\/v2\/comments?post=17798"}],"wp:featuredmedia":[{"embeddable":true,"href":"https:\/\/meterny.com\/fr\/wp-json\/wp\/v2\/media\/17881"}],"wp:attachment":[{"href":"https:\/\/meterny.com\/fr\/wp-json\/wp\/v2\/media?parent=17798"}],"wp:term":[{"taxonomy":"product_brand","embeddable":true,"href":"https:\/\/meterny.com\/fr\/wp-json\/wp\/v2\/product_brand?post=17798"},{"taxonomy":"product_cat","embeddable":true,"href":"https:\/\/meterny.com\/fr\/wp-json\/wp\/v2\/product_cat?post=17798"},{"taxonomy":"product_tag","embeddable":true,"href":"https:\/\/meterny.com\/fr\/wp-json\/wp\/v2\/product_tag?post=17798"}],"curies":[{"name":"wp","href":"https:\/\/api.w.org\/{rel}","templated":true}]}}