{"id":17887,"date":"2024-10-10T08:20:44","date_gmt":"2024-10-10T08:20:44","guid":{"rendered":"https:\/\/meterny.com\/?post_type=product&#038;p=17887"},"modified":"2025-05-24T02:04:14","modified_gmt":"2025-05-24T02:04:14","slug":"aluminum-frame-glass-winter-garden-sunroom","status":"publish","type":"product","link":"https:\/\/meterny.com\/fr\/produit\/aluminum-frame-glass-winter-garden-sunroom\/","title":{"rendered":"Cadre en aluminium Verre Jardin d'hiver Salle de bronzage Maison en aluminium Verre sur pied Salle de bronzage en aluminium"},"content":{"rendered":"<h2 style=\"text-align: center;\">Chambre solaire en aluminium et verre pour jardin d'hiver Chambre solaire en aluminium et verre pour jardin d'hiver<\/h2>\n<p><strong>Type<\/strong>: Chambre solaire en aluminium et verre pour jardin d'hiver Chambre solaire en aluminium et verre pour jardin d'hiver<\/p>\n<p><strong>Taille<\/strong>: personnalis\u00e9<\/p>\n<p><strong>Surface<\/strong>Rev\u00eatement\/peinture : rev\u00eatement\/peinture sur mesure<\/p>\n<p><strong>Couleur<\/strong>: personnalis\u00e9<\/p>\n<p><strong>Longueur<\/strong>: Sur mesure<\/p>\n<p><strong>Mat\u00e9riau<\/strong>: Alliage d'aluminium haut de gamme<\/p>\n<p><strong>Technologie des produits<\/strong>: Meterny Syst\u00e8me anti-fuite AquaGuard<\/p>\n<figure id=\"attachment_17882\" aria-describedby=\"caption-attachment-17882\" style=\"width: 1024px\" class=\"wp-caption alignnone\"><img loading=\"lazy\" decoding=\"async\" class=\"wp-image-17882\" src=\"https:\/\/meterny.com\/wp-content\/uploads\/2024\/10\/yangguanfang\u4e3b-1.jpg\" alt=\"Verre \u00e0 cadre en aluminium Salle de soleil Winter Garden\" width=\"1024\" height=\"1024\" srcset=\"https:\/\/meterny.com\/wp-content\/uploads\/2024\/10\/yangguanfang\u4e3b-1.jpg 800w, https:\/\/meterny.com\/wp-content\/uploads\/2024\/10\/yangguanfang\u4e3b-1-300x300.jpg 300w, https:\/\/meterny.com\/wp-content\/uploads\/2024\/10\/yangguanfang\u4e3b-1-150x150.jpg 150w, https:\/\/meterny.com\/wp-content\/uploads\/2024\/10\/yangguanfang\u4e3b-1-768x768.jpg 768w, https:\/\/meterny.com\/wp-content\/uploads\/2024\/10\/yangguanfang\u4e3b-1-600x600.jpg 600w, https:\/\/meterny.com\/wp-content\/uploads\/2024\/10\/yangguanfang\u4e3b-1-100x100.jpg 100w\" sizes=\"auto, (max-width: 1024px) 100vw, 1024px\" \/><figcaption id=\"caption-attachment-17882\" class=\"wp-caption-text\">Salle de bronzage rustique et brune : La nature au service de la tranquillit\u00e9<\/figcaption><\/figure>\n<h4><strong>Pr\u00e9sentation du produit<\/strong><\/h4>\n<p id=\"\">Bienvenue dans notre v\u00e9randa en aluminium et verre Winter Garden, o\u00f9 confort, \u00e9l\u00e9gance et fonctionnalit\u00e9 se rejoignent. Fabriqu\u00e9e avec pr\u00e9cision et con\u00e7ue pour durer, cette v\u00e9randa transforme votre espace ext\u00e9rieur en un lieu de vie luxueux tout au long de l'ann\u00e9e. Id\u00e9ale pour les propri\u00e9t\u00e9s r\u00e9sidentielles et commerciales, notre v\u00e9randa offre un m\u00e9lange parfait de lumi\u00e8re naturelle, de chaleur et de protection contre les \u00e9l\u00e9ments.<\/p>\n<hr \/>\n<h4><strong>Caract\u00e9ristiques principales de la v\u00e9randa en verre \u00e0 cadre en aluminium Winter Garden<\/strong><\/h4>\n<ol>\n<li><strong>Cadre en aluminium<\/strong>:\n<ul>\n<li>Fabriqu\u00e9 en alliage d'aluminium de haute qualit\u00e9, il est robuste et r\u00e9siste \u00e0 la corrosion.<\/li>\n<li>Le design \u00e9l\u00e9gant et moderne compl\u00e8te l'esth\u00e9tique de la maison ou de l'entreprise.<\/li>\n<li>L\u00e9ger mais robuste, il garantit une installation facile et une durabilit\u00e9 \u00e0 long terme.<\/li>\n<\/ul>\n<\/li>\n<li><strong>Panneaux de verre<\/strong>:\n<ul>\n<li>Utilise un double ou un triple vitrage pour une meilleure isolation et une r\u00e9duction du bruit.<\/li>\n<li>Offre une vue claire et d\u00e9gag\u00e9e de votre environnement ext\u00e9rieur.<\/li>\n<li>Facile \u00e0 nettoyer et \u00e0 entretenir, il permet \u00e0 votre v\u00e9randa de rester impeccable tout au long de l'ann\u00e9e.<\/li>\n<\/ul>\n<\/li>\n<li><strong>Conception personnalisable<\/strong>:\n<ul>\n<li>Choisissez parmi une vari\u00e9t\u00e9 de couleurs de cadre, de types de verre et de configurations pour r\u00e9pondre \u00e0 vos besoins uniques.<\/li>\n<li>Possibilit\u00e9 d'ajouter des portes, des fen\u00eatres et des \u00e9vents pour am\u00e9liorer la ventilation et l'accessibilit\u00e9.<\/li>\n<li>Con\u00e7ue sur mesure pour s'adapter \u00e0 toutes les tailles et formes d'espace, elle s'int\u00e8gre parfaitement \u00e0 votre propri\u00e9t\u00e9.<\/li>\n<\/ul>\n<\/li>\n<li><strong>Efficacit\u00e9 \u00e9nerg\u00e9tique<\/strong>:\n<ul>\n<li>Con\u00e7u avec une technologie de rupture thermique pour minimiser le transfert de chaleur.<\/li>\n<li>Les rev\u00eatements de verre \u00e0 faible \u00e9missivit\u00e9 r\u00e9duisent les rayons UV et maintiennent des temp\u00e9ratures int\u00e9rieures confortables.<\/li>\n<li>Id\u00e9al pour toutes les saisons, pour que votre v\u00e9randa reste confortable en hiver et fra\u00eeche en \u00e9t\u00e9.<\/li>\n<\/ul>\n<\/li>\n<\/ol>\n<hr \/>\n<h4><strong>Avantages de la v\u00e9randa en aluminium Winter Garden<\/strong><\/h4>\n<ul>\n<li><strong>Am\u00e9lioration de l'espace de vie<\/strong>: Cr\u00e9ez un espace de vie polyvalent, id\u00e9al pour d\u00eener, se d\u00e9tendre ou recevoir des invit\u00e9s.<\/li>\n<li><strong>Lumi\u00e8re naturelle<\/strong>: Maximisez la lumi\u00e8re naturelle, am\u00e9liorez l'ambiance de votre maison et stimulez votre humeur.<\/li>\n<li><strong>Utilisation tout au long de l'ann\u00e9e<\/strong>: Prot\u00e9g\u00e9 de la pluie, de la neige et du vent, profitez de votre v\u00e9randa tout au long de l'ann\u00e9e.<\/li>\n<li><strong>Augmentation de la valeur de la propri\u00e9t\u00e9<\/strong>: Ajouter un attrait esth\u00e9tique et un espace fonctionnel \u00e0 votre propri\u00e9t\u00e9, en augmentant sa valeur globale.<\/li>\n<\/ul>\n<hr \/>\n<h4><strong>Options de personnalisation<\/strong><\/h4>\n<ul>\n<li><strong>Couleurs du cadre<\/strong>: Choisissez parmi une gamme de couleurs populaires pour assortir l'ext\u00e9rieur de votre maison.<\/li>\n<li><strong>Types de verre<\/strong>: Les options comprennent le verre clair, teint\u00e9, d\u00e9poli et textur\u00e9.<\/li>\n<li><strong>Caract\u00e9ristiques suppl\u00e9mentaires<\/strong>: Ajoutez des auvents, des \u00e9crans, des syst\u00e8mes de chauffage et des \u00e9clairages pour am\u00e9liorer encore votre v\u00e9randa.<\/li>\n<\/ul>\n<hr \/>\n<h4><strong>Installation et maintenance<\/strong><\/h4>\n<ul>\n<li><strong>Installation professionnelle<\/strong>: Notre \u00e9quipe d'experts garantit un processus d'installation sans faille, avec une perturbation minimale de votre routine quotidienne.<\/li>\n<li><strong>Entretien facile<\/strong>: Un nettoyage r\u00e9gulier avec de l'eau et du savon doux permet \u00e0 votre solarium de conserver son aspect optimal.<\/li>\n<li><strong>Garantie<\/strong>: Nous offrons une garantie compl\u00e8te pour couvrir tout d\u00e9faut de fabrication et assurer votre satisfaction.<\/li>\n<\/ul>\n<h3>Plus de designs<\/h3>\n<figure id=\"attachment_17691\" aria-describedby=\"caption-attachment-17691\" style=\"width: 1200px\" class=\"wp-caption alignnone\"><img loading=\"lazy\" decoding=\"async\" class=\"size-full wp-image-17691\" src=\"https:\/\/meterny.com\/wp-content\/uploads\/2024\/10\/\u4e0b\u8f7d-23.jpg\" alt=\"styles de v\u00e9randas en aluminium multicolore solutions de v\u00e9randas \u00e9l\u00e9gantes\" width=\"1200\" height=\"1200\" srcset=\"https:\/\/meterny.com\/wp-content\/uploads\/2024\/10\/\u4e0b\u8f7d-23.jpg 1200w, https:\/\/meterny.com\/wp-content\/uploads\/2024\/10\/\u4e0b\u8f7d-23-300x300.jpg 300w, https:\/\/meterny.com\/wp-content\/uploads\/2024\/10\/\u4e0b\u8f7d-23-1024x1024.jpg 1024w, https:\/\/meterny.com\/wp-content\/uploads\/2024\/10\/\u4e0b\u8f7d-23-150x150.jpg 150w, https:\/\/meterny.com\/wp-content\/uploads\/2024\/10\/\u4e0b\u8f7d-23-768x768.jpg 768w, https:\/\/meterny.com\/wp-content\/uploads\/2024\/10\/\u4e0b\u8f7d-23-600x600.jpg 600w, https:\/\/meterny.com\/wp-content\/uploads\/2024\/10\/\u4e0b\u8f7d-23-100x100.jpg 100w\" sizes=\"auto, (max-width: 1200px) 100vw, 1200px\" \/><figcaption id=\"caption-attachment-17691\" class=\"wp-caption-text\">Un kal\u00e9idoscope de mod\u00e8les de v\u00e9randas : Choisissez ce qui vous convient le mieux<\/figcaption><\/figure>\n<p>Verre \u00e0 cadre en aluminium Salle de soleil Winter Garden<\/p>\n<h3>Si vous voulez en savoir plus, cliquez sur ce lien vers Youtube :<a href=\"https:\/\/youtu.be\/J8DMrYIno6U\" target=\"_blank\" rel=\"noopener\">https:\/\/youtu.be\/J8DMrYIno6U<\/a><\/h3>\n<figure id=\"attachment_16950\" aria-describedby=\"caption-attachment-16950\" style=\"width: 1024px\" class=\"wp-caption alignnone\"><img loading=\"lazy\" decoding=\"async\" class=\"wp-image-16950\" src=\"https:\/\/meterny.com\/wp-content\/uploads\/2024\/09\/About-Meterny@3x.png\" alt=\"Comparaison de la pergola en aluminium de Meterny avec d&#039;autres pergolas\" width=\"1024\" height=\"1447\" srcset=\"https:\/\/meterny.com\/wp-content\/uploads\/2024\/09\/About-Meterny@3x.png 1787w, https:\/\/meterny.com\/wp-content\/uploads\/2024\/09\/About-Meterny@3x-212x300.png 212w, https:\/\/meterny.com\/wp-content\/uploads\/2024\/09\/About-Meterny@3x-724x1024.png 724w, https:\/\/meterny.com\/wp-content\/uploads\/2024\/09\/About-Meterny@3x-768x1086.png 768w, https:\/\/meterny.com\/wp-content\/uploads\/2024\/09\/About-Meterny@3x-1087x1536.png 1087w, https:\/\/meterny.com\/wp-content\/uploads\/2024\/09\/About-Meterny@3x-1449x2048.png 1449w, https:\/\/meterny.com\/wp-content\/uploads\/2024\/09\/About-Meterny@3x-600x848.png 600w\" sizes=\"auto, (max-width: 1024px) 100vw, 1024px\" \/><figcaption id=\"caption-attachment-16950\" class=\"wp-caption-text\">Pergolas Meterny vs. pergolas traditionnelles : des caract\u00e9ristiques sup\u00e9rieures<\/figcaption><\/figure>\n<h3>Description succincte de la v\u00e9randa en aluminium et en verre Winter Garden<\/h3>\n<p><strong>Verre \u00e0 cadre en aluminium Salle de soleil Winter Garden<\/strong>: Une extension \u00e9l\u00e9gante et durable de votre espace de vie, avec des cadres en aluminium robustes et de grands panneaux de verre qui laissent entrer une lumi\u00e8re naturelle abondante. Parfaite pour une utilisation tout au long de l'ann\u00e9e, cette v\u00e9randa offre chaleur, confort et une connexion transparente avec l'ext\u00e9rieur.<\/p>\n<p>&nbsp;<\/p>\n<figure id=\"attachment_16952\" aria-describedby=\"caption-attachment-16952\" style=\"width: 1024px\" class=\"wp-caption alignnone\"><img loading=\"lazy\" decoding=\"async\" class=\"wp-image-16952\" src=\"https:\/\/meterny.com\/wp-content\/uploads\/2024\/09\/\u5fae\u4fe1\u56fe\u7247_20241006211816.png\" alt=\"Meterny&#039;s Aluminum Pergola Water Leakage Prevention Design (Pr\u00e9vention des fuites d&#039;eau de la pergola en aluminium)\" width=\"1024\" height=\"1403\" srcset=\"https:\/\/meterny.com\/wp-content\/uploads\/2024\/09\/\u5fae\u4fe1\u56fe\u7247_20241006211816.png 888w, https:\/\/meterny.com\/wp-content\/uploads\/2024\/09\/\u5fae\u4fe1\u56fe\u7247_20241006211816-219x300.png 219w, https:\/\/meterny.com\/wp-content\/uploads\/2024\/09\/\u5fae\u4fe1\u56fe\u7247_20241006211816-747x1024.png 747w, https:\/\/meterny.com\/wp-content\/uploads\/2024\/09\/\u5fae\u4fe1\u56fe\u7247_20241006211816-768x1053.png 768w, https:\/\/meterny.com\/wp-content\/uploads\/2024\/09\/\u5fae\u4fe1\u56fe\u7247_20241006211816-600x822.png 600w\" sizes=\"auto, (max-width: 1024px) 100vw, 1024px\" \/><figcaption id=\"caption-attachment-16952\" class=\"wp-caption-text\">Conception innovante de pr\u00e9vention des fuites d'eau de Meterny<\/figcaption><\/figure>\n<p>&nbsp;<\/p>\n<figure id=\"attachment_16951\" aria-describedby=\"caption-attachment-16951\" style=\"width: 1024px\" class=\"wp-caption alignnone\"><img loading=\"lazy\" decoding=\"async\" class=\"wp-image-16951\" src=\"https:\/\/meterny.com\/wp-content\/uploads\/2024\/09\/\u753b\u677f-16@3x.png\" alt=\"Pergola en aluminium de Meterny : un design brevet\u00e9 exclusif\" width=\"1024\" height=\"1448\" srcset=\"https:\/\/meterny.com\/wp-content\/uploads\/2024\/09\/\u753b\u677f-16@3x.png 1787w, https:\/\/meterny.com\/wp-content\/uploads\/2024\/09\/\u753b\u677f-16@3x-212x300.png 212w, https:\/\/meterny.com\/wp-content\/uploads\/2024\/09\/\u753b\u677f-16@3x-724x1024.png 724w, https:\/\/meterny.com\/wp-content\/uploads\/2024\/09\/\u753b\u677f-16@3x-768x1086.png 768w, https:\/\/meterny.com\/wp-content\/uploads\/2024\/09\/\u753b\u677f-16@3x-1086x1536.png 1086w, https:\/\/meterny.com\/wp-content\/uploads\/2024\/09\/\u753b\u677f-16@3x-1448x2048.png 1448w, https:\/\/meterny.com\/wp-content\/uploads\/2024\/09\/\u753b\u677f-16@3x-600x848.png 600w\" sizes=\"auto, (max-width: 1024px) 100vw, 1024px\" \/><figcaption id=\"caption-attachment-16951\" class=\"wp-caption-text\">Le design brevet\u00e9 de Meterny : Une pergola pas comme les autres<\/figcaption><\/figure>\n<h3>Pourquoi choisir la v\u00e9randa en aluminium de Meterny Winter Garden ?<\/h3>\n<p id=\"\">Le choix de la v\u00e9randa Meterny \u00e0 cadre en aluminium et verre Winter Garden offre une multitude de raisons convaincantes, ce qui en fait un choix exceptionnel pour tous ceux qui cherchent \u00e0 agrandir leur espace de vie avec \u00e9l\u00e9gance, durabilit\u00e9 et fonctionnalit\u00e9. Voici quelques avantages cl\u00e9s :<\/p>\n<ol>\n<li><strong>Une qualit\u00e9 et un savoir-faire in\u00e9gal\u00e9s<\/strong>:\n<ul>\n<li>Les solariums de Meterny sont fabriqu\u00e9s avec des mat\u00e9riaux de haute qualit\u00e9 et des techniques de fabrication de pointe. Les cadres en aluminium sont robustes, r\u00e9sistants \u00e0 la corrosion et con\u00e7us pour r\u00e9sister aux intemp\u00e9ries, ce qui leur assure une longue dur\u00e9e de vie.<\/li>\n<\/ul>\n<\/li>\n<li><strong>Options de conception personnalisables<\/strong>:\n<ul>\n<li>Meterny offre une large gamme d'options de personnalisation pour r\u00e9pondre \u00e0 vos pr\u00e9f\u00e9rences et besoins uniques. Des diff\u00e9rentes couleurs de cadre et types de verre aux caract\u00e9ristiques optionnelles telles que les portes, les fen\u00eatres et les \u00e9vents, vous pouvez adapter votre v\u00e9randa \u00e0 votre propri\u00e9t\u00e9 et \u00e0 votre style de vie.<\/li>\n<\/ul>\n<\/li>\n<li><strong>Efficacit\u00e9 \u00e9nerg\u00e9tique optimale<\/strong>:\n<ul>\n<li>Nos solariums sont con\u00e7us dans un souci d'efficacit\u00e9 \u00e9nerg\u00e9tique. Des caract\u00e9ristiques telles que le double ou triple vitrage, la technologie de rupture thermique et les rev\u00eatements de verre \u00e0 faible \u00e9missivit\u00e9 garantissent le confort de votre solarium tout au long de l'ann\u00e9e, r\u00e9duisant ainsi les co\u00fbts \u00e9nerg\u00e9tiques et votre empreinte carbone.<\/li>\n<\/ul>\n<\/li>\n<li><strong>Lumi\u00e8re naturelle et vues<\/strong>:\n<ul>\n<li>Les grands panneaux de verre permettent \u00e0 une abondance de lumi\u00e8re naturelle de p\u00e9n\u00e9trer dans votre v\u00e9randa, am\u00e9liorant l'ambiance et stimulant votre humeur. Les vues d\u00e9gag\u00e9es sur votre environnement ext\u00e9rieur cr\u00e9ent une connexion transparente entre l'int\u00e9rieur et l'ext\u00e9rieur.<\/li>\n<\/ul>\n<\/li>\n<li><strong>Profiter tout au long de l'ann\u00e9e<\/strong>:\n<ul>\n<li>Les v\u00e9randas de Meterny sont con\u00e7ues pour \u00eatre utilis\u00e9es tout au long de l'ann\u00e9e. Prot\u00e9g\u00e9s de la pluie, de la neige et du vent, vous pouvez vous d\u00e9tendre, vous divertir ou d\u00eener dans votre v\u00e9randa quel que soit le temps qu'il fait \u00e0 l'ext\u00e9rieur.<\/li>\n<\/ul>\n<\/li>\n<li><strong>Installation professionnelle<\/strong>:\n<ul>\n<li>Notre \u00e9quipe d'installateurs hautement qualifi\u00e9s et exp\u00e9riment\u00e9s assure un processus d'installation sans faille. Nous prenons soin de minimiser les perturbations de votre routine quotidienne et garantissons un ajustement parfait de votre v\u00e9randa.<\/li>\n<\/ul>\n<\/li>\n<li><strong>Garantie compl\u00e8te<\/strong>:\n<ul>\n<li>Meterny offre une garantie compl\u00e8te pour couvrir tout d\u00e9faut de fabrication, ce qui vous permet d'avoir l'esprit tranquille et de vous assurer de la satisfaction de votre v\u00e9randa.<\/li>\n<\/ul>\n<\/li>\n<li><strong>Augmentation de la valeur de la propri\u00e9t\u00e9<\/strong>:\n<ul>\n<li>L'ajout d'une v\u00e9randa Meterny \u00e0 votre propri\u00e9t\u00e9 permet non seulement d'am\u00e9liorer votre espace de vie, mais aussi d'en augmenter la valeur globale. L'attrait esth\u00e9tique et la polyvalence fonctionnelle de nos v\u00e9randas en font un ajout pr\u00e9cieux pour les propri\u00e9t\u00e9s r\u00e9sidentielles et commerciales.<\/li>\n<\/ul>\n<\/li>\n<li><strong>Un service \u00e0 la client\u00e8le exceptionnel<\/strong>:\n<ul>\n<li>Chez Meterny, nous sommes fiers d'offrir un service \u00e0 la client\u00e8le exceptionnel. Nos experts en design sont l\u00e0 pour vous aider \u00e0 chaque \u00e9tape, de la consultation initiale \u00e0 l'installation et au-del\u00e0, afin que votre v\u00e9randa r\u00e9ponde \u00e0 vos attentes et les d\u00e9passe.<\/li>\n<\/ul>\n<\/li>\n<\/ol>","protected":false},"excerpt":{"rendered":"<p>Cr\u00e9ez un havre de paix \u00e9l\u00e9gant et r\u00e9sistant aux intemp\u00e9ries avec le pavillon \u00e9tanche en aluminium et m\u00e9tal, qui allie un design \u00e9l\u00e9gant \u00e0 des performances durables.<\/p>","protected":false},"featured_media":17882,"comment_status":"open","ping_status":"closed","template":"","meta":{"_uag_custom_page_level_css":"","site-sidebar-layout":"default","site-content-layout":"","ast-site-content-layout":"default","site-content-style":"default","site-sidebar-style":"default","ast-global-header-display":"","ast-banner-title-visibility":"","ast-main-header-display":"","ast-hfb-above-header-display":"","ast-hfb-below-header-display":"","ast-hfb-mobile-header-display":"","site-post-title":"","ast-breadcrumbs-content":"","ast-featured-img":"","footer-sml-layout":"","theme-transparent-header-meta":"default","adv-header-id-meta":"","stick-header-meta":"default","header-above-stick-meta":"","header-main-stick-meta":"","header-below-stick-meta":"","astra-migrate-meta-layouts":"set","ast-page-background-enabled":"default","ast-page-background-meta":{"desktop":{"background-color":"var(--ast-global-color-4)","background-image":"","background-repeat":"repeat","background-position":"center center","background-size":"auto","background-attachment":"scroll","background-type":"","background-media":"","overlay-type":"","overlay-color":"","overlay-opacity":"","overlay-gradient":""},"tablet":{"background-color":"","background-image":"","background-repeat":"repeat","background-position":"center center","background-size":"auto","background-attachment":"scroll","background-type":"","background-media":"","overlay-type":"","overlay-color":"","overlay-opacity":"","overlay-gradient":""},"mobile":{"background-color":"","background-image":"","background-repeat":"repeat","background-position":"center center","background-size":"auto","background-attachment":"scroll","background-type":"","background-media":"","overlay-type":"","overlay-color":"","overlay-opacity":"","overlay-gradient":""}},"ast-content-background-meta":{"desktop":{"background-color":"var(--ast-global-color-5)","background-image":"","background-repeat":"repeat","background-position":"center center","background-size":"auto","background-attachment":"scroll","background-type":"","background-media":"","overlay-type":"","overlay-color":"","overlay-opacity":"","overlay-gradient":""},"tablet":{"background-color":"var(--ast-global-color-5)","background-image":"","background-repeat":"repeat","background-position":"center center","background-size":"auto","background-attachment":"scroll","background-type":"","background-media":"","overlay-type":"","overlay-color":"","overlay-opacity":"","overlay-gradient":""},"mobile":{"background-color":"var(--ast-global-color-5)","background-image":"","background-repeat":"repeat","background-position":"center center","background-size":"auto","background-attachment":"scroll","background-type":"","background-media":"","overlay-type":"","overlay-color":"","overlay-opacity":"","overlay-gradient":""}}},"product_brand":[],"product_cat":[18],"product_tag":[219,217,218,216],"class_list":{"0":"post-17887","1":"product","2":"type-product","3":"status-publish","4":"has-post-thumbnail","6":"product_cat-uncategorized","7":"product_tag-aluminum-metal-waterproof-pergola","8":"product_tag-aluminum-pavilion","9":"product_tag-metal-pavilion","10":"product_tag-waterproof-pavilion","11":"desktop-align-center","12":"tablet-align-left","13":"mobile-align-left","14":"ast-product-gallery-layout-horizontal-slider","15":"ast-product-single-variable","16":"ast-product-tabs-layout-vertical","18":"first","19":"instock","20":"shipping-taxable","21":"product-type-variable"},"uagb_featured_image_src":{"full":["https:\/\/meterny.com\/wp-content\/uploads\/2024\/10\/yangguanfang\u4e3b-1.jpg",800,800,false],"thumbnail":["https:\/\/meterny.com\/wp-content\/uploads\/2024\/10\/yangguanfang\u4e3b-1-150x150.jpg",150,150,true],"medium":["https:\/\/meterny.com\/wp-content\/uploads\/2024\/10\/yangguanfang\u4e3b-1-300x300.jpg",300,300,true],"medium_large":["https:\/\/meterny.com\/wp-content\/uploads\/2024\/10\/yangguanfang\u4e3b-1-768x768.jpg",768,768,true],"large":["https:\/\/meterny.com\/wp-content\/uploads\/2024\/10\/yangguanfang\u4e3b-1.jpg",800,800,false],"1536x1536":["https:\/\/meterny.com\/wp-content\/uploads\/2024\/10\/yangguanfang\u4e3b-1.jpg",800,800,false],"2048x2048":["https:\/\/meterny.com\/wp-content\/uploads\/2024\/10\/yangguanfang\u4e3b-1.jpg",800,800,false],"trp-custom-language-flag":["https:\/\/meterny.com\/wp-content\/uploads\/2024\/10\/yangguanfang\u4e3b-1.jpg",12,12,false],"woocommerce_thumbnail":["https:\/\/meterny.com\/wp-content\/uploads\/2024\/10\/yangguanfang\u4e3b-1-300x300.jpg",300,300,true],"woocommerce_single":["https:\/\/meterny.com\/wp-content\/uploads\/2024\/10\/yangguanfang\u4e3b-1-600x600.jpg",600,600,true],"woocommerce_gallery_thumbnail":["https:\/\/meterny.com\/wp-content\/uploads\/2024\/10\/yangguanfang\u4e3b-1-100x100.jpg",100,100,true]},"uagb_author_info":{"display_name":"meterny","author_link":"https:\/\/meterny.com\/fr\/author\/"},"uagb_comment_info":0,"uagb_excerpt":"Create a stylish and weather-resistant outdoor haven with the Aluminum Metal Waterproof Pavilion, combining sleek design with durable performance.","_links":{"self":[{"href":"https:\/\/meterny.com\/fr\/wp-json\/wp\/v2\/product\/17887","targetHints":{"allow":["GET"]}}],"collection":[{"href":"https:\/\/meterny.com\/fr\/wp-json\/wp\/v2\/product"}],"about":[{"href":"https:\/\/meterny.com\/fr\/wp-json\/wp\/v2\/types\/product"}],"replies":[{"embeddable":true,"href":"https:\/\/meterny.com\/fr\/wp-json\/wp\/v2\/comments?post=17887"}],"wp:featuredmedia":[{"embeddable":true,"href":"https:\/\/meterny.com\/fr\/wp-json\/wp\/v2\/media\/17882"}],"wp:attachment":[{"href":"https:\/\/meterny.com\/fr\/wp-json\/wp\/v2\/media?parent=17887"}],"wp:term":[{"taxonomy":"product_brand","embeddable":true,"href":"https:\/\/meterny.com\/fr\/wp-json\/wp\/v2\/product_brand?post=17887"},{"taxonomy":"product_cat","embeddable":true,"href":"https:\/\/meterny.com\/fr\/wp-json\/wp\/v2\/product_cat?post=17887"},{"taxonomy":"product_tag","embeddable":true,"href":"https:\/\/meterny.com\/fr\/wp-json\/wp\/v2\/product_tag?post=17887"}],"curies":[{"name":"wp","href":"https:\/\/api.w.org\/{rel}","templated":true}]}}