{"id":17919,"date":"2024-10-10T08:29:39","date_gmt":"2024-10-10T08:29:39","guid":{"rendered":"https:\/\/meterny.com\/?post_type=product&#038;p=17919"},"modified":"2025-01-18T12:32:28","modified_gmt":"2025-01-18T12:32:28","slug":"patio-aluminum-winter-garden-sunroom","status":"publish","type":"product","link":"https:\/\/meterny.com\/fr\/produit\/patio-aluminum-winter-garden-sunroom\/","title":{"rendered":"Patio Aluminium Jardin d'hiver Salle de soleil 4 saisons Salle de soleil en aluminium Balcon Verre Maison de soleil"},"content":{"rendered":"<h2 style=\"text-align: center;\">Patio Aluminium Jardin d'hiver Salle de soleil 4 saisons Salle de soleil en aluminium Balcon Verre Maison de soleil<\/h2>\n<p><strong>Type<\/strong>: Patio Aluminium Jardin d'hiver Salle de soleil 4 saisons Salle de soleil aluminium Balcon Verre Maison de soleil<\/p>\n<p><strong>Taille<\/strong>: personnalis\u00e9<\/p>\n<p><strong>Surface<\/strong>Rev\u00eatement\/peinture : rev\u00eatement\/peinture sur mesure<\/p>\n<p><strong>Couleur<\/strong>: personnalis\u00e9<\/p>\n<p><strong>Longueur<\/strong>: Sur mesure<\/p>\n<p><strong>Mat\u00e9riau<\/strong>: Alliage d'aluminium haut de gamme<\/p>\n<p><strong>Technologie des produits<\/strong>: Meterny Syst\u00e8me anti-fuite AquaGuard<\/p>\n<figure id=\"attachment_17719\" aria-describedby=\"caption-attachment-17719\" style=\"width: 1024px\" class=\"wp-caption alignnone\"><img loading=\"lazy\" decoding=\"async\" class=\"wp-image-17719\" src=\"https:\/\/meterny.com\/wp-content\/uploads\/2024\/10\/YY-19\u4e3b.jpg\" alt=\"Patio Aluminium Jardin d&#039;hiver Salle de soleil\" width=\"1024\" height=\"1024\" srcset=\"https:\/\/meterny.com\/wp-content\/uploads\/2024\/10\/YY-19\u4e3b.jpg 800w, https:\/\/meterny.com\/wp-content\/uploads\/2024\/10\/YY-19\u4e3b-300x300.jpg 300w, https:\/\/meterny.com\/wp-content\/uploads\/2024\/10\/YY-19\u4e3b-150x150.jpg 150w, https:\/\/meterny.com\/wp-content\/uploads\/2024\/10\/YY-19\u4e3b-768x768.jpg 768w, https:\/\/meterny.com\/wp-content\/uploads\/2024\/10\/YY-19\u4e3b-600x600.jpg 600w, https:\/\/meterny.com\/wp-content\/uploads\/2024\/10\/YY-19\u4e3b-100x100.jpg 100w\" sizes=\"auto, (max-width: 1024px) 100vw, 1024px\" \/><figcaption id=\"caption-attachment-17719\" class=\"wp-caption-text\">Salle de bronzage moderne noire : La retraite parfaite en plein air<\/figcaption><\/figure>\n<h4>Aper\u00e7u du produit<\/h4>\n<ul>\n<li><strong>Nom du produit<\/strong>: Patio Aluminium Jardin d'hiver Salle de soleil<\/li>\n<li><strong>Mat\u00e9riau<\/strong>: Cadre en alliage d'aluminium + verre (peut inclure du verre tremp\u00e9 \u00e0 double ou triple vitrage, du verre feuillet\u00e9, etc.)<\/li>\n<li><strong>Style de conception<\/strong>: Modernit\u00e9 minimaliste, style et \u00e9l\u00e9gance, conception personnalisable en fonction des besoins du client.<\/li>\n<\/ul>\n<h4>Caract\u00e9ristiques du produit Patio Aluminium Winter Garden Sunroom<\/h4>\n<ol>\n<li><strong>Structure solide<\/strong>: Fabriqu\u00e9 en alliage d'aluminium de haute qualit\u00e9, il pr\u00e9sente une excellente r\u00e9sistance \u00e0 la pression du vent et aux chocs, ce qui garantit une utilisation s\u00fbre et stable.<\/li>\n<li><strong>Imperm\u00e9able et r\u00e9sistant \u00e0 l'humidit\u00e9<\/strong>: Adopte une technologie d'\u00e9tanch\u00e9it\u00e9 avanc\u00e9e et des mat\u00e9riaux imperm\u00e9ables de haute qualit\u00e9 pour emp\u00eacher efficacement les fuites d'eau de pluie et garder l'int\u00e9rieur sec et confortable.<\/li>\n<li><strong>Isolation thermique<\/strong>: \u00c9quip\u00e9 d'un verre d'isolation thermique \u00e0 haute efficacit\u00e9 et de bandes d'\u00e9tanch\u00e9it\u00e9, il r\u00e9duit efficacement le transfert de chaleur entre l'int\u00e9rieur et l'ext\u00e9rieur, am\u00e9liorant ainsi l'efficacit\u00e9 \u00e9nerg\u00e9tique.<\/li>\n<li><strong>Un \u00e9clairage ad\u00e9quat<\/strong>: Les grandes baies vitr\u00e9es apportent une lumi\u00e8re naturelle abondante, rendant l'int\u00e9rieur lumineux et a\u00e9r\u00e9, cr\u00e9ant ainsi un environnement de vie chaleureux et confortable.<\/li>\n<li><strong>Bonne ventilation<\/strong>: Configurable avec des fen\u00eatres ouvrables ou des puits de lumi\u00e8re pour une excellente ventilation naturelle, gardant l'air int\u00e9rieur frais.<\/li>\n<\/ol>\n<h4>Options de personnalisation<\/h4>\n<ul>\n<li><strong>Personnalisation de la taille<\/strong>: Offre diff\u00e9rentes tailles et formes pour une personnalisation en fonction des besoins du client, r\u00e9pondant \u00e0 divers types de maisons et d'exigences spatiales.<\/li>\n<li><strong>Personnalisation des couleurs<\/strong>: Offre de multiples options de couleurs pour r\u00e9pondre aux pr\u00e9f\u00e9rences des clients et aux styles de d\u00e9coration int\u00e9rieure.<\/li>\n<li><strong>Configuration Personnalisation<\/strong>: Peut \u00eatre \u00e9quip\u00e9 d'accessoires tels que des parasols, des rideaux et des dispositifs d'\u00e9clairage en fonction des besoins du client, ce qui am\u00e9liore l'exp\u00e9rience de l'utilisateur et l'esth\u00e9tique.<\/li>\n<\/ul>\n<h4>Sc\u00e9narios d'application de la terrasse en aluminium du jardin d'hiver Salle de bronzage<\/h4>\n<ul>\n<li><strong>Logements r\u00e9sidentiels<\/strong>: Il s'agit d'un espace de loisirs et de divertissement confortable et lumineux pour les familles.<\/li>\n<li><strong>Villas de luxe<\/strong>: Am\u00e9liore le luxe et la qualit\u00e9 des villas, en cr\u00e9ant une exp\u00e9rience unique de vie en plein air.<\/li>\n<li><strong>Sites commerciaux<\/strong>: Les restaurants et les caf\u00e9s, par exemple, attirent l'attention des clients et renforcent l'image de la marque.<\/li>\n<\/ul>\n<h3>Plus de designs<\/h3>\n<figure id=\"attachment_17691\" aria-describedby=\"caption-attachment-17691\" style=\"width: 1024px\" class=\"wp-caption alignnone\"><img loading=\"lazy\" decoding=\"async\" class=\"wp-image-17691 size-large\" src=\"https:\/\/meterny.com\/wp-content\/uploads\/2024\/10\/\u4e0b\u8f7d-23-1024x1024.jpg\" alt=\"styles de v\u00e9randas en aluminium multicolore solutions de v\u00e9randas \u00e9l\u00e9gantes\" width=\"1024\" height=\"1024\" srcset=\"https:\/\/meterny.com\/wp-content\/uploads\/2024\/10\/\u4e0b\u8f7d-23-1024x1024.jpg 1024w, https:\/\/meterny.com\/wp-content\/uploads\/2024\/10\/\u4e0b\u8f7d-23-300x300.jpg 300w, https:\/\/meterny.com\/wp-content\/uploads\/2024\/10\/\u4e0b\u8f7d-23-150x150.jpg 150w, https:\/\/meterny.com\/wp-content\/uploads\/2024\/10\/\u4e0b\u8f7d-23-768x768.jpg 768w, https:\/\/meterny.com\/wp-content\/uploads\/2024\/10\/\u4e0b\u8f7d-23-600x600.jpg 600w, https:\/\/meterny.com\/wp-content\/uploads\/2024\/10\/\u4e0b\u8f7d-23-100x100.jpg 100w, https:\/\/meterny.com\/wp-content\/uploads\/2024\/10\/\u4e0b\u8f7d-23.jpg 1200w\" sizes=\"auto, (max-width: 1024px) 100vw, 1024px\" \/><figcaption id=\"caption-attachment-17691\" class=\"wp-caption-text\">Un kal\u00e9idoscope de mod\u00e8les de v\u00e9randas : Choisissez ce qui vous convient le mieux<\/figcaption><\/figure>\n<h3>Si vous voulez en savoir plus, cliquez sur ce lien vers Youtube :<a href=\"https:\/\/youtu.be\/XBnrx0OJS2g\" target=\"_blank\" rel=\"noopener\">https:\/\/youtu.be\/XBnrx0OJS2g<\/a><\/h3>\n<p>&nbsp;<\/p>\n<figure id=\"attachment_16950\" aria-describedby=\"caption-attachment-16950\" style=\"width: 1024px\" class=\"wp-caption alignnone\"><img loading=\"lazy\" decoding=\"async\" class=\"wp-image-16950\" src=\"https:\/\/meterny.com\/wp-content\/uploads\/2024\/09\/About-Meterny@3x.png\" alt=\"Comparaison de la pergola en aluminium de Meterny avec d&#039;autres pergolas\" width=\"1024\" height=\"1447\" srcset=\"https:\/\/meterny.com\/wp-content\/uploads\/2024\/09\/About-Meterny@3x.png 1787w, https:\/\/meterny.com\/wp-content\/uploads\/2024\/09\/About-Meterny@3x-212x300.png 212w, https:\/\/meterny.com\/wp-content\/uploads\/2024\/09\/About-Meterny@3x-724x1024.png 724w, https:\/\/meterny.com\/wp-content\/uploads\/2024\/09\/About-Meterny@3x-768x1086.png 768w, https:\/\/meterny.com\/wp-content\/uploads\/2024\/09\/About-Meterny@3x-1087x1536.png 1087w, https:\/\/meterny.com\/wp-content\/uploads\/2024\/09\/About-Meterny@3x-1449x2048.png 1449w, https:\/\/meterny.com\/wp-content\/uploads\/2024\/09\/About-Meterny@3x-600x848.png 600w\" sizes=\"auto, (max-width: 1024px) 100vw, 1024px\" \/><figcaption id=\"caption-attachment-16950\" class=\"wp-caption-text\">Pergolas Meterny vs. pergolas traditionnelles : des caract\u00e9ristiques sup\u00e9rieures<\/figcaption><\/figure>\n<h3>Description succincte de Patio Aluminium Winter Garden Sunroom<\/h3>\n<p id=\"\">Une v\u00e9randa Patio Aluminum Winter Garden offre un espace de vie ext\u00e9rieur polyvalent et invitant avec plusieurs avantages cl\u00e9s :<\/p>\n<ol>\n<li><strong>Protection contre les \u00e9l\u00e9ments<\/strong>:\n<ul>\n<li>Le cadre en aluminium et le vitrage constituent une barri\u00e8re contre le vent, la pluie, la neige et d'autres conditions m\u00e9t\u00e9orologiques difficiles.<\/li>\n<li>Vous pouvez ainsi profiter confortablement de votre espace ext\u00e9rieur tout au long de l'ann\u00e9e.<\/li>\n<\/ul>\n<\/li>\n<li><strong>Lumi\u00e8re naturelle et vues<\/strong>:\n<ul>\n<li>Les grands panneaux vitr\u00e9s laissent entrer une grande quantit\u00e9 de lumi\u00e8re naturelle, \u00e9claircissant l'espace et am\u00e9liorant la vue sur le jardin ou le paysage.<\/li>\n<li>Cela cr\u00e9e une atmosph\u00e8re chaleureuse et invitante qui donne l'impression d'\u00eatre en contact avec l'ext\u00e9rieur.<\/li>\n<\/ul>\n<\/li>\n<li><strong>Contr\u00f4le confortable de la temp\u00e9rature<\/strong>:\n<ul>\n<li>Avec un vitrage et une isolation appropri\u00e9s, une v\u00e9randa peut \u00eatre con\u00e7ue pour maintenir une temp\u00e9rature confortable, r\u00e9duisant ainsi les besoins de chauffage ou de climatisation.<\/li>\n<li>Cela permet d'\u00e9conomiser sur les co\u00fbts \u00e9nerg\u00e9tiques et de cr\u00e9er un environnement agr\u00e9able pour une utilisation tout au long de l'ann\u00e9e.<\/li>\n<\/ul>\n<\/li>\n<li><strong>Augmentation de l'espace de vie<\/strong>:\n<ul>\n<li>Un solarium ajoute une surface pr\u00e9cieuse \u00e0 votre maison, offrant un espace suppl\u00e9mentaire pour manger, se d\u00e9tendre ou recevoir des invit\u00e9s.<\/li>\n<li>Elle peut servir de salle polyvalente, accueillant diverses activit\u00e9s et utilisations.<\/li>\n<\/ul>\n<\/li>\n<li><strong>L'attrait esth\u00e9tique<\/strong>:\n<ul>\n<li>Le design \u00e9l\u00e9gant et moderne d'une v\u00e9randa en aluminium rehausse l'aspect g\u00e9n\u00e9ral de votre maison.<\/li>\n<li>Il ajoute une touche de sophistication et d'\u00e9l\u00e9gance \u00e0 votre espace de vie ext\u00e9rieur.<\/li>\n<\/ul>\n<\/li>\n<\/ol>\n<h6>\u00a0Patio Aluminium Jardin d'hiver Salle de soleil<\/h6>\n<figure id=\"attachment_16952\" aria-describedby=\"caption-attachment-16952\" style=\"width: 1024px\" class=\"wp-caption alignnone\"><img loading=\"lazy\" decoding=\"async\" class=\"wp-image-16952\" src=\"https:\/\/meterny.com\/wp-content\/uploads\/2024\/09\/\u5fae\u4fe1\u56fe\u7247_20241006211816.png\" alt=\"Meterny&#039;s Aluminum Pergola Water Leakage Prevention Design (Pr\u00e9vention des fuites d&#039;eau de la pergola en aluminium)\" width=\"1024\" height=\"1403\" srcset=\"https:\/\/meterny.com\/wp-content\/uploads\/2024\/09\/\u5fae\u4fe1\u56fe\u7247_20241006211816.png 888w, https:\/\/meterny.com\/wp-content\/uploads\/2024\/09\/\u5fae\u4fe1\u56fe\u7247_20241006211816-219x300.png 219w, https:\/\/meterny.com\/wp-content\/uploads\/2024\/09\/\u5fae\u4fe1\u56fe\u7247_20241006211816-747x1024.png 747w, https:\/\/meterny.com\/wp-content\/uploads\/2024\/09\/\u5fae\u4fe1\u56fe\u7247_20241006211816-768x1053.png 768w, https:\/\/meterny.com\/wp-content\/uploads\/2024\/09\/\u5fae\u4fe1\u56fe\u7247_20241006211816-600x822.png 600w\" sizes=\"auto, (max-width: 1024px) 100vw, 1024px\" \/><figcaption id=\"caption-attachment-16952\" class=\"wp-caption-text\">Conception innovante de pr\u00e9vention des fuites d'eau de Meterny<\/figcaption><\/figure>\n<h4>Service apr\u00e8s-vente<\/h4>\n<ul>\n<li><strong>P\u00e9riode de garantie<\/strong>: offre g\u00e9n\u00e9ralement une certaine p\u00e9riode de garantie, par exemple 2 ou 3 ans, ce qui garantit la fiabilit\u00e9 de la qualit\u00e9 du produit.<\/li>\n<li><strong>Service d'installation<\/strong>: Fournit une \u00e9quipe d'installation professionnelle pour garantir une installation s\u00fbre et esth\u00e9tique.<\/li>\n<li><strong>Service de r\u00e9paration<\/strong>: Offre des services de r\u00e9paration en temps utile pour r\u00e9soudre les probl\u00e8mes rencontr\u00e9s par les clients lors de l'utilisation.<\/li>\n<\/ul>\n<figure id=\"attachment_16950\" aria-describedby=\"caption-attachment-16950\" style=\"width: 1024px\" class=\"wp-caption alignnone\"><img loading=\"lazy\" decoding=\"async\" class=\"wp-image-16950\" src=\"https:\/\/meterny.com\/wp-content\/uploads\/2024\/09\/About-Meterny@3x.png\" alt=\"Comparaison de la pergola en aluminium de Meterny avec d&#039;autres pergolas\" width=\"1024\" height=\"1447\" srcset=\"https:\/\/meterny.com\/wp-content\/uploads\/2024\/09\/About-Meterny@3x.png 1787w, https:\/\/meterny.com\/wp-content\/uploads\/2024\/09\/About-Meterny@3x-212x300.png 212w, https:\/\/meterny.com\/wp-content\/uploads\/2024\/09\/About-Meterny@3x-724x1024.png 724w, https:\/\/meterny.com\/wp-content\/uploads\/2024\/09\/About-Meterny@3x-768x1086.png 768w, https:\/\/meterny.com\/wp-content\/uploads\/2024\/09\/About-Meterny@3x-1087x1536.png 1087w, https:\/\/meterny.com\/wp-content\/uploads\/2024\/09\/About-Meterny@3x-1449x2048.png 1449w, https:\/\/meterny.com\/wp-content\/uploads\/2024\/09\/About-Meterny@3x-600x848.png 600w\" sizes=\"auto, (max-width: 1024px) 100vw, 1024px\" \/><figcaption id=\"caption-attachment-16950\" class=\"wp-caption-text\">Pergolas Meterny vs. pergolas traditionnelles : des caract\u00e9ristiques sup\u00e9rieures<\/figcaption><\/figure>\n<h3>Pourquoi choisir la v\u00e9randa en aluminium Patio Winter Garden de Meterny ?<\/h3>\n<p id=\"\">Le choix de la v\u00e9randa en aluminium Patio Winter Garden de Meterny offre de nombreux avantages qui en font un choix exceptionnel pour am\u00e9liorer votre espace de vie ext\u00e9rieur. Voici quelques raisons convaincantes d'opter pour cette option :<\/p>\n<ol>\n<li><strong>Durabilit\u00e9 et r\u00e9sistance aux intemp\u00e9ries<\/strong>:\n<ul>\n<li>Les solariums de Meterny sont fabriqu\u00e9s avec des cadres robustes en alliage d'aluminium, connus pour leur solidit\u00e9 et leur r\u00e9sistance \u00e0 la corrosion.<\/li>\n<li>Les mat\u00e9riaux sont con\u00e7us pour r\u00e9sister aux conditions m\u00e9t\u00e9orologiques difficiles, ce qui garantit une durabilit\u00e9 et des performances \u00e0 long terme.<\/li>\n<\/ul>\n<\/li>\n<li><strong>Conception personnalisable<\/strong>:\n<ul>\n<li>Meterny offre une gamme de tailles et de configurations pour r\u00e9pondre aux besoins et aux pr\u00e9f\u00e9rences de chacun.<\/li>\n<li>Les solariums peuvent \u00eatre adapt\u00e9s \u00e0 votre espace ext\u00e9rieur sp\u00e9cifique et s'int\u00e8grent parfaitement \u00e0 l'architecture de votre maison.<\/li>\n<\/ul>\n<\/li>\n<li><strong>Fonctionnalit\u00e9 polyvalente<\/strong>:\n<ul>\n<li>Ces solariums ont de multiples fonctions : abri contre la pluie, espace de loisirs ou abri solaire.<\/li>\n<li>Ils offrent un environnement confortable et accueillant pour se d\u00e9tendre, manger ou recevoir des invit\u00e9s.<\/li>\n<\/ul>\n<\/li>\n<li><strong>Efficacit\u00e9 \u00e9nerg\u00e9tique<\/strong>:\n<ul>\n<li>Les cadres en aluminium et les panneaux de verre sont souvent con\u00e7us avec des caract\u00e9ristiques d'efficacit\u00e9 \u00e9nerg\u00e9tique, telles que le double vitrage ou les rev\u00eatements \u00e0 faible \u00e9missivit\u00e9.<\/li>\n<li>Ces caract\u00e9ristiques permettent de maintenir une temp\u00e9rature int\u00e9rieure constante, r\u00e9duisant ainsi les co\u00fbts de chauffage et de climatisation.<\/li>\n<\/ul>\n<\/li>\n<li><strong>Facilit\u00e9 d'installation et d'entretien<\/strong>:\n<ul>\n<li>Les solariums de Meterny sont g\u00e9n\u00e9ralement con\u00e7us pour une installation facile, ce qui vous permet d'\u00e9conomiser du temps et des efforts.<\/li>\n<li>Ils n\u00e9cessitent un entretien minimal, avec des surfaces faciles \u00e0 nettoyer qui conservent leur aspect au fil du temps.<\/li>\n<\/ul>\n<\/li>\n<li><strong>L'attrait esth\u00e9tique<\/strong>:\n<ul>\n<li>Le design \u00e9l\u00e9gant et moderne des v\u00e9randas en aluminium de Meterny rehausse l'attrait esth\u00e9tique de votre maison.<\/li>\n<li>Ils ajoutent une touche d'\u00e9l\u00e9gance et de sophistication \u00e0 votre espace de vie ext\u00e9rieur.<\/li>\n<\/ul>\n<\/li>\n<li><strong>Augmentation de l'espace de vie<\/strong>:\n<ul>\n<li>En ajoutant une v\u00e9randa, vous augmentez efficacement la surface habitable de votre maison.<\/li>\n<li>Cela permet de disposer d'un espace suppl\u00e9mentaire pour les activit\u00e9s, le stockage, ou tout simplement pour se retirer au calme.<\/li>\n<\/ul>\n<\/li>\n<li><strong>Valeur ajout\u00e9e<\/strong>:\n<ul>\n<li>Un solarium peut augmenter consid\u00e9rablement la valeur de votre propri\u00e9t\u00e9.<\/li>\n<li>Il s'agit d'un argument de vente unique, qui rend votre maison plus attrayante pour les acheteurs potentiels.<\/li>\n<\/ul>\n<\/li>\n<li><strong>Garantie du fabricant<\/strong>:\n<ul>\n<li>Meterny offre souvent une garantie compl\u00e8te sur ses produits, ce qui permet d'avoir l'esprit tranquille en cas de d\u00e9fauts ou de dysfonctionnements.<\/li>\n<li>Cela garantit que votre investissement est prot\u00e9g\u00e9 et qu'il durera des ann\u00e9es.<\/li>\n<\/ul>\n<\/li>\n<li><strong>Consultation et soutien d'experts<\/strong>:\n<ul>\n<li>L'\u00e9quipe d'experts de Meterny peut fournir des conseils pr\u00e9cieux pendant les phases de planification et d'installation.<\/li>\n<li>Ils offrent un soutien et des conseils continus pour s'assurer que votre v\u00e9randa r\u00e9pond \u00e0 vos attentes et fonctionne de mani\u00e8re optimale.<\/li>\n<\/ul>\n<\/li>\n<\/ol>\n<p id=\"\">En r\u00e9sum\u00e9, le choix de la v\u00e9randa en aluminium Patio Winter Garden de Meterny offre une combinaison de durabilit\u00e9, de personnalisation, de fonctionnalit\u00e9, d'efficacit\u00e9 \u00e9nerg\u00e9tique, de facilit\u00e9 d'installation et d'entretien, d'attrait esth\u00e9tique, d'augmentation de l'espace de vie, de valeur ajout\u00e9e, de garantie du fabricant et d'assistance d'experts. Ces facteurs en font un excellent choix pour am\u00e9liorer votre exp\u00e9rience de vie en plein air.<\/p>\n<p>&nbsp;<\/p>","protected":false},"excerpt":{"rendered":"<p>Cr\u00e9ez un havre de paix \u00e9l\u00e9gant et r\u00e9sistant aux intemp\u00e9ries avec le pavillon \u00e9tanche en aluminium et m\u00e9tal, qui allie un design \u00e9l\u00e9gant \u00e0 des performances durables.<\/p>","protected":false},"featured_media":17719,"comment_status":"open","ping_status":"closed","template":"","meta":{"_uag_custom_page_level_css":"","site-sidebar-layout":"default","site-content-layout":"","ast-site-content-layout":"default","site-content-style":"default","site-sidebar-style":"default","ast-global-header-display":"","ast-banner-title-visibility":"","ast-main-header-display":"","ast-hfb-above-header-display":"","ast-hfb-below-header-display":"","ast-hfb-mobile-header-display":"","site-post-title":"","ast-breadcrumbs-content":"","ast-featured-img":"","footer-sml-layout":"","theme-transparent-header-meta":"default","adv-header-id-meta":"","stick-header-meta":"default","header-above-stick-meta":"","header-main-stick-meta":"","header-below-stick-meta":"","astra-migrate-meta-layouts":"set","ast-page-background-enabled":"default","ast-page-background-meta":{"desktop":{"background-color":"var(--ast-global-color-4)","background-image":"","background-repeat":"repeat","background-position":"center center","background-size":"auto","background-attachment":"scroll","background-type":"","background-media":"","overlay-type":"","overlay-color":"","overlay-opacity":"","overlay-gradient":""},"tablet":{"background-color":"","background-image":"","background-repeat":"repeat","background-position":"center center","background-size":"auto","background-attachment":"scroll","background-type":"","background-media":"","overlay-type":"","overlay-color":"","overlay-opacity":"","overlay-gradient":""},"mobile":{"background-color":"","background-image":"","background-repeat":"repeat","background-position":"center center","background-size":"auto","background-attachment":"scroll","background-type":"","background-media":"","overlay-type":"","overlay-color":"","overlay-opacity":"","overlay-gradient":""}},"ast-content-background-meta":{"desktop":{"background-color":"var(--ast-global-color-5)","background-image":"","background-repeat":"repeat","background-position":"center center","background-size":"auto","background-attachment":"scroll","background-type":"","background-media":"","overlay-type":"","overlay-color":"","overlay-opacity":"","overlay-gradient":""},"tablet":{"background-color":"var(--ast-global-color-5)","background-image":"","background-repeat":"repeat","background-position":"center center","background-size":"auto","background-attachment":"scroll","background-type":"","background-media":"","overlay-type":"","overlay-color":"","overlay-opacity":"","overlay-gradient":""},"mobile":{"background-color":"var(--ast-global-color-5)","background-image":"","background-repeat":"repeat","background-position":"center center","background-size":"auto","background-attachment":"scroll","background-type":"","background-media":"","overlay-type":"","overlay-color":"","overlay-opacity":"","overlay-gradient":""}}},"product_brand":[],"product_cat":[18],"product_tag":[219,217,218,216],"class_list":{"0":"post-17919","1":"product","2":"type-product","3":"status-publish","4":"has-post-thumbnail","6":"product_cat-uncategorized","7":"product_tag-aluminum-metal-waterproof-pergola","8":"product_tag-aluminum-pavilion","9":"product_tag-metal-pavilion","10":"product_tag-waterproof-pavilion","11":"desktop-align-center","12":"tablet-align-left","13":"mobile-align-left","14":"ast-product-gallery-layout-horizontal-slider","15":"ast-product-single-variable","16":"ast-product-tabs-layout-vertical","18":"first","19":"instock","20":"shipping-taxable","21":"product-type-variable"},"uagb_featured_image_src":{"full":["https:\/\/meterny.com\/wp-content\/uploads\/2024\/10\/YY-19\u4e3b.jpg",800,800,false],"thumbnail":["https:\/\/meterny.com\/wp-content\/uploads\/2024\/10\/YY-19\u4e3b-150x150.jpg",150,150,true],"medium":["https:\/\/meterny.com\/wp-content\/uploads\/2024\/10\/YY-19\u4e3b-300x300.jpg",300,300,true],"medium_large":["https:\/\/meterny.com\/wp-content\/uploads\/2024\/10\/YY-19\u4e3b-768x768.jpg",768,768,true],"large":["https:\/\/meterny.com\/wp-content\/uploads\/2024\/10\/YY-19\u4e3b.jpg",800,800,false],"1536x1536":["https:\/\/meterny.com\/wp-content\/uploads\/2024\/10\/YY-19\u4e3b.jpg",800,800,false],"2048x2048":["https:\/\/meterny.com\/wp-content\/uploads\/2024\/10\/YY-19\u4e3b.jpg",800,800,false],"trp-custom-language-flag":["https:\/\/meterny.com\/wp-content\/uploads\/2024\/10\/YY-19\u4e3b.jpg",12,12,false],"woocommerce_thumbnail":["https:\/\/meterny.com\/wp-content\/uploads\/2024\/10\/YY-19\u4e3b-300x300.jpg",300,300,true],"woocommerce_single":["https:\/\/meterny.com\/wp-content\/uploads\/2024\/10\/YY-19\u4e3b-600x600.jpg",600,600,true],"woocommerce_gallery_thumbnail":["https:\/\/meterny.com\/wp-content\/uploads\/2024\/10\/YY-19\u4e3b-100x100.jpg",100,100,true]},"uagb_author_info":{"display_name":"meterny","author_link":"https:\/\/meterny.com\/fr\/author\/"},"uagb_comment_info":0,"uagb_excerpt":"Create a stylish and weather-resistant outdoor haven with the Aluminum Metal Waterproof Pavilion, combining sleek design with durable performance.","_links":{"self":[{"href":"https:\/\/meterny.com\/fr\/wp-json\/wp\/v2\/product\/17919","targetHints":{"allow":["GET"]}}],"collection":[{"href":"https:\/\/meterny.com\/fr\/wp-json\/wp\/v2\/product"}],"about":[{"href":"https:\/\/meterny.com\/fr\/wp-json\/wp\/v2\/types\/product"}],"replies":[{"embeddable":true,"href":"https:\/\/meterny.com\/fr\/wp-json\/wp\/v2\/comments?post=17919"}],"wp:featuredmedia":[{"embeddable":true,"href":"https:\/\/meterny.com\/fr\/wp-json\/wp\/v2\/media\/17719"}],"wp:attachment":[{"href":"https:\/\/meterny.com\/fr\/wp-json\/wp\/v2\/media?parent=17919"}],"wp:term":[{"taxonomy":"product_brand","embeddable":true,"href":"https:\/\/meterny.com\/fr\/wp-json\/wp\/v2\/product_brand?post=17919"},{"taxonomy":"product_cat","embeddable":true,"href":"https:\/\/meterny.com\/fr\/wp-json\/wp\/v2\/product_cat?post=17919"},{"taxonomy":"product_tag","embeddable":true,"href":"https:\/\/meterny.com\/fr\/wp-json\/wp\/v2\/product_tag?post=17919"}],"curies":[{"name":"wp","href":"https:\/\/api.w.org\/{rel}","templated":true}]}}