{"id":18130,"date":"2024-10-10T13:43:51","date_gmt":"2024-10-10T13:43:51","guid":{"rendered":"https:\/\/meterny.com\/?post_type=product&#038;p=18130"},"modified":"2025-05-24T02:04:28","modified_gmt":"2025-05-24T02:04:28","slug":"4x4m-louver-aluminium-gazebo-aluminium-pergola","status":"publish","type":"product","link":"https:\/\/meterny.com\/fr\/produit\/4x4m-louver-aluminium-gazebo-aluminium-pergola\/","title":{"rendered":"4X4m Louver Aluminium Gazebo Outdoor Aluminium Pavilion Garden Gazebos Modern Aluminium Pergola"},"content":{"rendered":"<h2 style=\"text-align: center;\">4X4m Louver Aluminium Gazebo Outdoor Aluminium Pavilion Garden Gazebos Modern Aluminium Pergola<\/h2>\n<p><strong>Type<\/strong>: Gazebo en aluminium 4X4m \u00e0 persiennes<\/p>\n<p><strong>Taille<\/strong>: personnalis\u00e9<\/p>\n<p><strong>Surface<\/strong>Rev\u00eatement\/peinture : rev\u00eatement\/peinture sur mesure<\/p>\n<p><strong>Couleur<\/strong>: personnalis\u00e9<\/p>\n<p><strong>Longueur<\/strong>: Sur mesure<\/p>\n<p><strong>Mat\u00e9riau<\/strong>: Alliage d'aluminium haut de gamme<\/p>\n<p><strong>Technologie des produits<\/strong>: Meterny Syst\u00e8me anti-fuite AquaGuard<\/p>\n<figure id=\"attachment_18300\" aria-describedby=\"caption-attachment-18300\" style=\"width: 1024px\" class=\"wp-caption alignnone\"><img loading=\"lazy\" decoding=\"async\" class=\"wp-image-18300\" src=\"https:\/\/meterny.com\/wp-content\/uploads\/2024\/10\/6-1-1.png\" alt=\"Gazebo en aluminium 4X4m \u00e0 lamelles\" width=\"1024\" height=\"512\" srcset=\"https:\/\/meterny.com\/wp-content\/uploads\/2024\/10\/6-1-1.png 2560w, https:\/\/meterny.com\/wp-content\/uploads\/2024\/10\/6-1-1-300x150.png 300w, https:\/\/meterny.com\/wp-content\/uploads\/2024\/10\/6-1-1-1024x512.png 1024w, https:\/\/meterny.com\/wp-content\/uploads\/2024\/10\/6-1-1-768x384.png 768w, https:\/\/meterny.com\/wp-content\/uploads\/2024\/10\/6-1-1-1536x768.png 1536w, https:\/\/meterny.com\/wp-content\/uploads\/2024\/10\/6-1-1-2048x1024.png 2048w, https:\/\/meterny.com\/wp-content\/uploads\/2024\/10\/6-1-1-600x300.png 600w\" sizes=\"auto, (max-width: 1024px) 100vw, 1024px\" \/><figcaption id=\"caption-attachment-18300\" class=\"wp-caption-text\">Pergola en aluminium noir : Red\u00e9finir le luxe ext\u00e9rieur<\/figcaption><\/figure>\n<h3><strong>Aper\u00e7u du produit<\/strong><\/h3>\n<p id=\"\">Bienvenue dans notre belv\u00e9d\u00e8re en aluminium \u00e0 persiennes de 4 x 4 m, un ajout \u00e9tonnant \u00e0 votre espace de vie ext\u00e9rieur. Fabriqu\u00e9 en alliage d'aluminium de haute qualit\u00e9, ce gazebo combine \u00e9l\u00e9gance, fonctionnalit\u00e9 et durabilit\u00e9 pour cr\u00e9er une exp\u00e9rience ext\u00e9rieure in\u00e9gal\u00e9e. Gr\u00e2ce \u00e0 son design \u00e9l\u00e9gant, vous pouvez profiter d'une ventilation optimale et d'un contr\u00f4le de la lumi\u00e8re, ce qui le rend parfait pour une vari\u00e9t\u00e9 d'activit\u00e9s et de rassemblements en plein air.<\/p>\n<hr \/>\n<h3><strong>Caract\u00e9ristiques principales<\/strong><\/h3>\n<ol>\n<li>\n<p id=\"\"><strong>Alliage d'aluminium de haute qualit\u00e9<\/strong>: Fabriqu\u00e9 \u00e0 partir d'un alliage d'aluminium durable, le gazebo est con\u00e7u pour r\u00e9sister aux \u00e9l\u00e9ments, offrant une protection et un plaisir durables.<\/p>\n<\/li>\n<li>\n<p id=\"\"><strong>Conception des persiennes<\/strong>: Les panneaux de toit persienn\u00e9s permettent une excellente ventilation et un contr\u00f4le de la lumi\u00e8re, cr\u00e9ant ainsi un espace ext\u00e9rieur ombrag\u00e9 et confortable.<\/p>\n<\/li>\n<li>\n<p id=\"\"><strong>Int\u00e9rieur spacieux<\/strong>: Avec une surface g\u00e9n\u00e9reuse de 4 x 4 m, le gazebo offre beaucoup d'espace pour les repas, la d\u00e9tente et les r\u00e9ceptions.<\/p>\n<\/li>\n<li>\n<p id=\"\"><strong>R\u00e9sistant \u00e0 la rouille<\/strong>: La construction en aluminium est r\u00e9sistante \u00e0 la rouille, ce qui garantit que votre gazebo reste en parfait \u00e9tat pendant des ann\u00e9es.<\/p>\n<\/li>\n<li>\n<p id=\"\"><strong>Options personnalisables<\/strong>: Choisissez parmi une gamme de couleurs, de finitions et d'accessoires pour adapter le gazebo \u00e0 vos besoins et pr\u00e9f\u00e9rences sp\u00e9cifiques.<\/p>\n<\/li>\n<li>\n<p id=\"\"><strong>Installation facile<\/strong>: Le gazebo est livr\u00e9 avec des instructions d'installation compl\u00e8tes, ce qui le rend facile \u00e0 installer et pr\u00eat \u00e0 l'emploi en un rien de temps.<\/p>\n<\/li>\n<li>\n<p id=\"\"><strong>Faible entretien<\/strong>: Avec un minimum d'entretien, vous pouvez passer plus de temps \u00e0 profiter de votre gazebo et moins de temps \u00e0 vous pr\u00e9occuper de l'entretien.<\/p>\n<\/li>\n<\/ol>\n<hr \/>\n<h3><strong>Sp\u00e9cifications techniques<\/strong><\/h3>\n<ul>\n<li><strong>Dimensions<\/strong>: 4m x 4m<\/li>\n<li><strong>Mat\u00e9riau<\/strong>: Alliage d'aluminium de haute qualit\u00e9<\/li>\n<li><strong>Type de toit<\/strong>: Persiennes<\/li>\n<li><strong>Options de couleur<\/strong>: [couleurs noir\/blanc\/marron]<\/li>\n<li><strong>Temps de montage<\/strong>: [1 jour ]<\/li>\n<li><strong>Garantie<\/strong>: [plus de 10 ans]<\/li>\n<\/ul>\n<figure id=\"attachment_16950\" aria-describedby=\"caption-attachment-16950\" style=\"width: 1024px\" class=\"wp-caption alignnone\"><img loading=\"lazy\" decoding=\"async\" class=\"wp-image-16950\" src=\"https:\/\/meterny.com\/wp-content\/uploads\/2024\/09\/About-Meterny@3x.png\" alt=\"Comparaison de la pergola en aluminium de Meterny avec d&#039;autres pergolas\" width=\"1024\" height=\"1447\" srcset=\"https:\/\/meterny.com\/wp-content\/uploads\/2024\/09\/About-Meterny@3x.png 1787w, https:\/\/meterny.com\/wp-content\/uploads\/2024\/09\/About-Meterny@3x-212x300.png 212w, https:\/\/meterny.com\/wp-content\/uploads\/2024\/09\/About-Meterny@3x-724x1024.png 724w, https:\/\/meterny.com\/wp-content\/uploads\/2024\/09\/About-Meterny@3x-768x1086.png 768w, https:\/\/meterny.com\/wp-content\/uploads\/2024\/09\/About-Meterny@3x-1087x1536.png 1087w, https:\/\/meterny.com\/wp-content\/uploads\/2024\/09\/About-Meterny@3x-1449x2048.png 1449w, https:\/\/meterny.com\/wp-content\/uploads\/2024\/09\/About-Meterny@3x-600x848.png 600w\" sizes=\"auto, (max-width: 1024px) 100vw, 1024px\" \/><figcaption id=\"caption-attachment-16950\" class=\"wp-caption-text\">Pergolas Meterny vs. pergolas traditionnelles : des caract\u00e9ristiques sup\u00e9rieures<\/figcaption><\/figure>\n<h3><strong>Le gazebo en aluminium \u00e0 persiennes de 4x4m offre un m\u00e9lange parfait de style, de fonctionnalit\u00e9 et de durabilit\u00e9.<\/strong><\/h3>\n<hr \/>\n<p id=\"\">Le gazebo en aluminium avec persiennes de 4x4 m est plus qu'une simple structure ext\u00e9rieure ; c'est un sanctuaire qui offre un m\u00e9lange parfait de style, de fonctionnalit\u00e9 et de durabilit\u00e9. Que vous souhaitiez cr\u00e9er un coin confortable dans votre jardin, une salle \u00e0 manger priv\u00e9e ou un lieu de d\u00e9tente ombrag\u00e9, ce gazebo a tout ce qu'il faut.<\/p>\n<h3><strong>Design \u00e9l\u00e9gant<\/strong><\/h3>\n<p id=\"\">Avec son design \u00e9l\u00e9gant et moderne, le Gazebo aluminium \u00e0 persiennes 4x4m ajoute une touche de sophistication \u00e0 votre espace ext\u00e9rieur. Les panneaux de toit \u00e0 persiennes offrent non seulement de l'ombre et de l'intimit\u00e9, mais ajoutent \u00e9galement un attrait esth\u00e9tique unique \u00e0 votre jardin ou \u00e0 votre patio. Les lignes \u00e9l\u00e9gantes et le look contemporain du gazebo s'accorderont avec n'importe quel d\u00e9cor ext\u00e9rieur, faisant de lui un point focal de votre propri\u00e9t\u00e9.<\/p>\n<h3><strong>Fonctionnalit\u00e9<\/strong><\/h3>\n<p id=\"\">Le design des persiennes du gazebo n'est pas seulement esth\u00e9tique, il est aussi incroyablement fonctionnel. Les persiennes r\u00e9glables vous permettent de contr\u00f4ler la quantit\u00e9 de lumi\u00e8re et de ventilation entrant dans le gazebo, cr\u00e9ant ainsi un environnement parfait pour toutes les occasions. Que vous souhaitiez profiter d'un petit d\u00e9jeuner ensoleill\u00e9 ou d'une soir\u00e9e chaleureuse, les persiennes peuvent \u00eatre r\u00e9gl\u00e9es en fonction de vos besoins.<\/p>\n<h3><strong>Durabilit\u00e9<\/strong><\/h3>\n<p id=\"\">Fabriqu\u00e9 \u00e0 partir d'un alliage d'aluminium de haute qualit\u00e9, le gazebo en aluminium \u00e0 persiennes 4x4m est con\u00e7u pour durer. La construction en aluminium est r\u00e9sistante \u00e0 la rouille et aux intemp\u00e9ries, ce qui garantit que votre gazebo reste en parfait \u00e9tat, m\u00eame pendant les saisons les plus rudes. Le cadre solide du gazebo et les mat\u00e9riaux durables fournissent une structure stable et fiable, capable de supporter m\u00eame les meubles et accessoires d'ext\u00e9rieur les plus lourds.<\/p>\n<h3><strong>Utilisations polyvalentes<\/strong><\/h3>\n<p id=\"\">La polyvalence du gazebo en aluminium \u00e0 persiennes 4x4m en fait un excellent choix pour une vari\u00e9t\u00e9 d'activit\u00e9s et de rassemblements en plein air. Utilisez-le comme salle \u00e0 manger pour les repas en plein air, comme espace de d\u00e9tente pour se relaxer avec un bon livre ou comme espace de divertissement pour accueillir vos amis et votre famille. L'int\u00e9rieur spacieux du gazebo offre beaucoup d'espace pour tous vos besoins ext\u00e9rieurs, ce qui en fait un v\u00e9ritable espace de vie ext\u00e9rieur multifonctionnel.<\/p>\n<h3><strong>Entretien facile<\/strong><\/h3>\n<p id=\"\">Contrairement aux gazebos traditionnels en bois, la construction en aluminium du gazebo en aluminium avec persiennes de 4x4m n\u00e9cessite un minimum d'entretien. Comme il n'est pas n\u00e9cessaire de le peindre ou de le sceller, vous pouvez passer plus de temps \u00e0 profiter de votre gazebo et moins de temps \u00e0 vous pr\u00e9occuper de son entretien. Il suffit de nettoyer le gazebo avec une solution d'eau et de savon doux pour qu'il soit comme neuf pendant des ann\u00e9es.<\/p>\n<h3><strong>Options personnalisables<\/strong><\/h3>\n<p id=\"\">Vous souhaitez adapter le gazebo \u00e0 vos besoins et pr\u00e9f\u00e9rences sp\u00e9cifiques ? Nous offrons une gamme d'options personnalisables, y compris les couleurs, les finitions et les accessoires. Choisissez parmi une vari\u00e9t\u00e9 de couleurs \u00e9tonnantes pour assortir votre d\u00e9coration ext\u00e9rieure, ou ajoutez des accessoires tels que des rideaux, des \u00e9clairages et des ventilateurs pour am\u00e9liorer votre exp\u00e9rience ext\u00e9rieure.<\/p>\n<h3>Si vous voulez en savoir plus, cliquez sur ce lien vers Youtube :<a href=\"https:\/\/youtu.be\/XBnrx0OJS2g\" target=\"_blank\" rel=\"noopener\">https:\/\/youtu.be\/XBnrx0OJS2g<\/a><\/h3>\n<figure id=\"attachment_20288\" aria-describedby=\"caption-attachment-20288\" style=\"width: 1024px\" class=\"wp-caption alignnone\"><img loading=\"lazy\" decoding=\"async\" class=\"wp-image-20288\" src=\"https:\/\/meterny.com\/wp-content\/uploads\/2024\/10\/WPC-Colour-Card@3x.png\" alt=\"Meterny&#039;s Aluminum Pergola Water Leakage Prevention Design (Pr\u00e9vention des fuites d&#039;eau de la pergola en aluminium)\" width=\"1024\" height=\"1024\" srcset=\"https:\/\/meterny.com\/wp-content\/uploads\/2024\/10\/WPC-Colour-Card@3x.png 800w, https:\/\/meterny.com\/wp-content\/uploads\/2024\/10\/WPC-Colour-Card@3x-300x300.png 300w, https:\/\/meterny.com\/wp-content\/uploads\/2024\/10\/WPC-Colour-Card@3x-150x150.png 150w, https:\/\/meterny.com\/wp-content\/uploads\/2024\/10\/WPC-Colour-Card@3x-768x768.png 768w, https:\/\/meterny.com\/wp-content\/uploads\/2024\/10\/WPC-Colour-Card@3x-600x600.png 600w, https:\/\/meterny.com\/wp-content\/uploads\/2024\/10\/WPC-Colour-Card@3x-100x100.png 100w\" sizes=\"auto, (max-width: 1024px) 100vw, 1024px\" \/><figcaption id=\"caption-attachment-20288\" class=\"wp-caption-text\">Conception innovante de pr\u00e9vention des fuites d'eau de Meterny<\/figcaption><\/figure>\n<figure id=\"attachment_16951\" aria-describedby=\"caption-attachment-16951\" style=\"width: 1024px\" class=\"wp-caption alignnone\"><img loading=\"lazy\" decoding=\"async\" class=\"wp-image-16951\" src=\"https:\/\/meterny.com\/wp-content\/uploads\/2024\/09\/\u753b\u677f-16@3x.png\" alt=\"Pergola en aluminium de Meterny : un design brevet\u00e9 exclusif\" width=\"1024\" height=\"1448\" srcset=\"https:\/\/meterny.com\/wp-content\/uploads\/2024\/09\/\u753b\u677f-16@3x.png 1787w, https:\/\/meterny.com\/wp-content\/uploads\/2024\/09\/\u753b\u677f-16@3x-212x300.png 212w, https:\/\/meterny.com\/wp-content\/uploads\/2024\/09\/\u753b\u677f-16@3x-724x1024.png 724w, https:\/\/meterny.com\/wp-content\/uploads\/2024\/09\/\u753b\u677f-16@3x-768x1086.png 768w, https:\/\/meterny.com\/wp-content\/uploads\/2024\/09\/\u753b\u677f-16@3x-1086x1536.png 1086w, https:\/\/meterny.com\/wp-content\/uploads\/2024\/09\/\u753b\u677f-16@3x-1448x2048.png 1448w, https:\/\/meterny.com\/wp-content\/uploads\/2024\/09\/\u753b\u677f-16@3x-600x848.png 600w\" sizes=\"auto, (max-width: 1024px) 100vw, 1024px\" \/><figcaption id=\"caption-attachment-16951\" class=\"wp-caption-text\">Le design brevet\u00e9 de Meterny : Une pergola pas comme les autres<\/figcaption><\/figure>\n<h3>Pourquoi choisir le gazebo en aluminium \u00e0 lamelles 4X4m de Meterny ?<\/h3>\n<ol>\n<li>\n<p id=\"\"><strong>Durabilit\u00e9 et r\u00e9sistance aux intemp\u00e9ries<\/strong>: Le gazebo est construit en aluminium de haute qualit\u00e9, connu pour sa solidit\u00e9 et sa r\u00e9sistance \u00e0 la rouille et \u00e0 la corrosion. Cela garantit que le gazebo r\u00e9sistera aux \u00e9l\u00e9ments et durera de nombreuses ann\u00e9es, m\u00eame dans des conditions m\u00e9t\u00e9orologiques difficiles.<\/p>\n<\/li>\n<li>\n<p id=\"\"><strong>Volets r\u00e9glables pour un confort personnalis\u00e9<\/strong>: Les panneaux de toit \u00e0 persiennes peuvent \u00eatre r\u00e9gl\u00e9s pour contr\u00f4ler la quantit\u00e9 de lumi\u00e8re du soleil, l'ombre et la ventilation entrant dans le gazebo. Cette fonction vous permet de cr\u00e9er un espace ext\u00e9rieur personnalis\u00e9 qui r\u00e9pond \u00e0 vos besoins et \u00e0 vos pr\u00e9f\u00e9rences, que vous souhaitiez profiter d'un apr\u00e8s-midi ensoleill\u00e9 ou d'une retraite fra\u00eeche et ombrag\u00e9e.<\/p>\n<\/li>\n<li>\n<p id=\"\"><strong>Conception spacieuse et polyvalente<\/strong>: Avec une surface au sol de 4 x 4 m, le gazebo offre suffisamment d'espace pour une grande vari\u00e9t\u00e9 d'activit\u00e9s. Il est parfait pour organiser des r\u00e9unions de famille, des rencontres d\u00e9contract\u00e9es entre amis ou simplement pour profiter d'un moment de calme \u00e0 l'ext\u00e9rieur. Sa conception polyvalente lui permet de s'adapter aux espaces ext\u00e9rieurs r\u00e9sidentiels et commerciaux.<\/p>\n<\/li>\n<li>\n<p id=\"\"><strong>Esth\u00e9tique \u00e9l\u00e9gante et moderne<\/strong>: Le design \u00e9l\u00e9gant et moderne du gazebo Meterny ajoute une touche de sophistication \u00e0 tout espace ext\u00e9rieur. Ses lignes \u00e9l\u00e9gantes et son esth\u00e9tique contemporaine compl\u00e8teront votre d\u00e9coration ext\u00e9rieure, am\u00e9liorant l'aspect g\u00e9n\u00e9ral de votre jardin, patio ou arri\u00e8re-cour.<\/p>\n<\/li>\n<li>\n<p id=\"\"><strong>Faible entretien<\/strong>: Contrairement aux gazebos traditionnels en bois, la construction en aluminium du gazebo Meterny n\u00e9cessite un minimum d'entretien. Cela signifie que vous pouvez passer plus de temps \u00e0 profiter de votre gazebo et moins de temps \u00e0 vous soucier de l'entretien.<\/p>\n<\/li>\n<li>\n<p id=\"\"><strong>Excellent service \u00e0 la client\u00e8le<\/strong>: Meterny offre un service \u00e0 la client\u00e8le exceptionnel, garantissant une exp\u00e9rience positive de la demande \u00e0 l'installation. Notre \u00e9quipe d'experts se consacre \u00e0 vous apporter soutien et assistance afin de vous aider \u00e0 faire le meilleur choix pour votre espace ext\u00e9rieur.<\/p>\n<\/li>\n<li>\n<p id=\"\"><strong>Rapport qualit\u00e9-prix<\/strong>: Compte tenu de sa qualit\u00e9 sup\u00e9rieure, de son design \u00e9l\u00e9gant et de sa fonctionnalit\u00e9 polyvalente, le gazebo en aluminium \u00e0 persiennes Meterny 4x4m offre un rapport qualit\u00e9-prix exceptionnel. C'est un investissement dans votre vie ext\u00e9rieure qui vous procurera un plaisir et un confort durables.<\/p>\n<\/li>\n<\/ol>\n<p id=\"\">En conclusion, le gazebo en aluminium \u00e0 persiennes 4x4m de Meterny est un excellent choix pour tous ceux qui cherchent \u00e0 am\u00e9liorer leur exp\u00e9rience de vie en plein air avec un gazebo durable, \u00e9l\u00e9gant et polyvalent.<\/p>","protected":false},"excerpt":{"rendered":"<p>Cr\u00e9ez un havre de paix \u00e9l\u00e9gant et r\u00e9sistant aux intemp\u00e9ries avec le pavillon \u00e9tanche en aluminium et m\u00e9tal, qui allie un design \u00e9l\u00e9gant \u00e0 des performances durables.<\/p>","protected":false},"featured_media":18300,"comment_status":"open","ping_status":"closed","template":"","meta":{"_uag_custom_page_level_css":"","site-sidebar-layout":"default","site-content-layout":"","ast-site-content-layout":"default","site-content-style":"default","site-sidebar-style":"default","ast-global-header-display":"","ast-banner-title-visibility":"","ast-main-header-display":"","ast-hfb-above-header-display":"","ast-hfb-below-header-display":"","ast-hfb-mobile-header-display":"","site-post-title":"","ast-breadcrumbs-content":"","ast-featured-img":"","footer-sml-layout":"","theme-transparent-header-meta":"default","adv-header-id-meta":"","stick-header-meta":"default","header-above-stick-meta":"","header-main-stick-meta":"","header-below-stick-meta":"","astra-migrate-meta-layouts":"set","ast-page-background-enabled":"default","ast-page-background-meta":{"desktop":{"background-color":"var(--ast-global-color-4)","background-image":"","background-repeat":"repeat","background-position":"center center","background-size":"auto","background-attachment":"scroll","background-type":"","background-media":"","overlay-type":"","overlay-color":"","overlay-opacity":"","overlay-gradient":""},"tablet":{"background-color":"","background-image":"","background-repeat":"repeat","background-position":"center center","background-size":"auto","background-attachment":"scroll","background-type":"","background-media":"","overlay-type":"","overlay-color":"","overlay-opacity":"","overlay-gradient":""},"mobile":{"background-color":"","background-image":"","background-repeat":"repeat","background-position":"center center","background-size":"auto","background-attachment":"scroll","background-type":"","background-media":"","overlay-type":"","overlay-color":"","overlay-opacity":"","overlay-gradient":""}},"ast-content-background-meta":{"desktop":{"background-color":"var(--ast-global-color-5)","background-image":"","background-repeat":"repeat","background-position":"center center","background-size":"auto","background-attachment":"scroll","background-type":"","background-media":"","overlay-type":"","overlay-color":"","overlay-opacity":"","overlay-gradient":""},"tablet":{"background-color":"var(--ast-global-color-5)","background-image":"","background-repeat":"repeat","background-position":"center center","background-size":"auto","background-attachment":"scroll","background-type":"","background-media":"","overlay-type":"","overlay-color":"","overlay-opacity":"","overlay-gradient":""},"mobile":{"background-color":"var(--ast-global-color-5)","background-image":"","background-repeat":"repeat","background-position":"center center","background-size":"auto","background-attachment":"scroll","background-type":"","background-media":"","overlay-type":"","overlay-color":"","overlay-opacity":"","overlay-gradient":""}}},"product_brand":[],"product_cat":[18],"product_tag":[219,217,218,216],"class_list":{"0":"post-18130","1":"product","2":"type-product","3":"status-publish","4":"has-post-thumbnail","6":"product_cat-uncategorized","7":"product_tag-aluminum-metal-waterproof-pergola","8":"product_tag-aluminum-pavilion","9":"product_tag-metal-pavilion","10":"product_tag-waterproof-pavilion","11":"desktop-align-center","12":"tablet-align-left","13":"mobile-align-left","14":"ast-product-gallery-layout-horizontal-slider","15":"ast-product-single-variable","16":"ast-product-tabs-layout-vertical","18":"first","19":"instock","20":"shipping-taxable","21":"product-type-variable"},"uagb_featured_image_src":{"full":["https:\/\/meterny.com\/wp-content\/uploads\/2024\/10\/6-1-1.png",2560,1280,false],"thumbnail":["https:\/\/meterny.com\/wp-content\/uploads\/2024\/10\/6-1-1-150x150.png",150,150,true],"medium":["https:\/\/meterny.com\/wp-content\/uploads\/2024\/10\/6-1-1-300x150.png",300,150,true],"medium_large":["https:\/\/meterny.com\/wp-content\/uploads\/2024\/10\/6-1-1-768x384.png",768,384,true],"large":["https:\/\/meterny.com\/wp-content\/uploads\/2024\/10\/6-1-1-1024x512.png",1024,512,true],"1536x1536":["https:\/\/meterny.com\/wp-content\/uploads\/2024\/10\/6-1-1-1536x768.png",1536,768,true],"2048x2048":["https:\/\/meterny.com\/wp-content\/uploads\/2024\/10\/6-1-1-2048x1024.png",2048,1024,true],"trp-custom-language-flag":["https:\/\/meterny.com\/wp-content\/uploads\/2024\/10\/6-1-1.png",18,9,false],"woocommerce_thumbnail":["https:\/\/meterny.com\/wp-content\/uploads\/2024\/10\/6-1-1-300x300.png",300,300,true],"woocommerce_single":["https:\/\/meterny.com\/wp-content\/uploads\/2024\/10\/6-1-1-600x300.png",600,300,true],"woocommerce_gallery_thumbnail":["https:\/\/meterny.com\/wp-content\/uploads\/2024\/10\/6-1-1-100x100.png",100,100,true]},"uagb_author_info":{"display_name":"meterny","author_link":"https:\/\/meterny.com\/fr\/author\/"},"uagb_comment_info":0,"uagb_excerpt":"Create a stylish and weather-resistant outdoor haven with the Aluminum Metal Waterproof Pavilion, combining sleek design with durable performance.","_links":{"self":[{"href":"https:\/\/meterny.com\/fr\/wp-json\/wp\/v2\/product\/18130","targetHints":{"allow":["GET"]}}],"collection":[{"href":"https:\/\/meterny.com\/fr\/wp-json\/wp\/v2\/product"}],"about":[{"href":"https:\/\/meterny.com\/fr\/wp-json\/wp\/v2\/types\/product"}],"replies":[{"embeddable":true,"href":"https:\/\/meterny.com\/fr\/wp-json\/wp\/v2\/comments?post=18130"}],"wp:featuredmedia":[{"embeddable":true,"href":"https:\/\/meterny.com\/fr\/wp-json\/wp\/v2\/media\/18300"}],"wp:attachment":[{"href":"https:\/\/meterny.com\/fr\/wp-json\/wp\/v2\/media?parent=18130"}],"wp:term":[{"taxonomy":"product_brand","embeddable":true,"href":"https:\/\/meterny.com\/fr\/wp-json\/wp\/v2\/product_brand?post=18130"},{"taxonomy":"product_cat","embeddable":true,"href":"https:\/\/meterny.com\/fr\/wp-json\/wp\/v2\/product_cat?post=18130"},{"taxonomy":"product_tag","embeddable":true,"href":"https:\/\/meterny.com\/fr\/wp-json\/wp\/v2\/product_tag?post=18130"}],"curies":[{"name":"wp","href":"https:\/\/api.w.org\/{rel}","templated":true}]}}