{"id":19559,"date":"2024-12-03T13:59:33","date_gmt":"2024-12-03T13:59:33","guid":{"rendered":"https:\/\/meterny.com\/?post_type=product&#038;p=19559"},"modified":"2025-01-02T08:59:26","modified_gmt":"2025-01-02T08:59:26","slug":"shopping-mall-aluminum-metal-baffle-ceiling","status":"publish","type":"product","link":"https:\/\/meterny.com\/fr\/produit\/shopping-mall-aluminum-metal-baffle-ceiling\/","title":{"rendered":"Plafond \u00e0 chicanes en aluminium et m\u00e9tal pour centre commercial : solutions durables, personnalisables et \u00e9l\u00e9gantes"},"content":{"rendered":"<h3>Plafond \u00e0 baffles en aluminium et m\u00e9tal pour centre commercial<\/h3>\n<h4><strong>Aper\u00e7u du produit<\/strong><\/h4>\n<p>Le plafond \u00e0 baffles m\u00e9talliques en aluminium pour centres commerciaux est une solution de pointe pour les conceptions architecturales modernes. Dot\u00e9 de profils lin\u00e9aires et \u00e9l\u00e9gants, ce syst\u00e8me de plafond offre un aspect propre et contemporain tout en offrant une fonctionnalit\u00e9 sup\u00e9rieure. Con\u00e7u pour la durabilit\u00e9, la flexibilit\u00e9 et les performances acoustiques, il est id\u00e9al pour am\u00e9liorer les int\u00e9rieurs commerciaux, r\u00e9sidentiels et institutionnels. Avec des configurations et des finitions personnalisables, il s'adapte aux diverses exigences des projets, offrant des avantages \u00e0 la fois esth\u00e9tiques et pratiques.<\/p>\n<figure id=\"attachment_20167\" aria-describedby=\"caption-attachment-20167\" style=\"width: 1024px\" class=\"wp-caption alignnone\"><img loading=\"lazy\" decoding=\"async\" class=\"wp-image-20167\" src=\"https:\/\/meterny.com\/wp-content\/uploads\/2024\/12\/mmexport1733234279050.jpg\" alt=\"Aluminium m\u00e9tallique Plafond \u00e0 chicanes\" width=\"1024\" height=\"1024\" srcset=\"https:\/\/meterny.com\/wp-content\/uploads\/2024\/12\/mmexport1733234279050.jpg 800w, https:\/\/meterny.com\/wp-content\/uploads\/2024\/12\/mmexport1733234279050-300x300.jpg 300w, https:\/\/meterny.com\/wp-content\/uploads\/2024\/12\/mmexport1733234279050-150x150.jpg 150w, https:\/\/meterny.com\/wp-content\/uploads\/2024\/12\/mmexport1733234279050-768x768.jpg 768w, https:\/\/meterny.com\/wp-content\/uploads\/2024\/12\/mmexport1733234279050-600x600.jpg 600w, https:\/\/meterny.com\/wp-content\/uploads\/2024\/12\/mmexport1733234279050-100x100.jpg 100w\" sizes=\"auto, (max-width: 1024px) 100vw, 1024px\" \/><figcaption id=\"caption-attachment-20167\" class=\"wp-caption-text\">Plafond \u00e0 chicanes en aluminium polyvalent : L'alliance parfaite du style et de la fonctionnalit\u00e9.<\/figcaption><\/figure>\n<hr \/>\n<h4><strong>Principales caract\u00e9ristiques du plafond \u00e0 baffles en aluminium et m\u00e9tal pour centres commerciaux<\/strong><\/h4>\n<ul>\n<li><strong>Design moderne et \u00e9pur\u00e9<\/strong>: Les baffles lin\u00e9aires cr\u00e9ent des plafonds visuellement dynamiques et architecturalement remarquables.<\/li>\n<li><strong>Mat\u00e9riau de haute qualit\u00e9<\/strong>: Fabriqu\u00e9 en aluminium l\u00e9ger et r\u00e9sistant \u00e0 la corrosion pour des performances durables.<\/li>\n<li><strong>Options personnalisables<\/strong>: Disponible en diff\u00e9rentes longueurs, largeurs, couleurs et finitions pour r\u00e9pondre \u00e0 des besoins de conception uniques.<\/li>\n<li><strong>Performance acoustique<\/strong>: R\u00e9duit le bruit ambiant et am\u00e9liore la qualit\u00e9 du son pour un environnement plus silencieux.<\/li>\n<li><strong>Respect de l'environnement<\/strong>: Fabriqu\u00e9 \u00e0 partir d'aluminium recyclable, il favorise les pratiques de construction \u00e9cologiques et durables.<\/li>\n<\/ul>\n<hr \/>\n<h4><strong>Applications<\/strong><\/h4>\n<ul>\n<li><strong>Int\u00e9rieurs commerciaux<\/strong>: Bureaux, centres commerciaux, salles d'exposition et espaces de coworking<\/li>\n<li><strong>Espaces publics<\/strong>: A\u00e9roports, biblioth\u00e8ques, centres de transport et \u00e9tablissements d'enseignement<\/li>\n<li><strong>L'hospitalit\u00e9<\/strong>: H\u00f4tels, restaurants et salles de conf\u00e9rence<\/li>\n<li><strong>Lieux culturels<\/strong>: Mus\u00e9es, galeries et th\u00e9\u00e2tres<\/li>\n<li><strong>Projets r\u00e9sidentiels<\/strong>: Maisons, appartements et home cin\u00e9mas modernes<\/li>\n<\/ul>\n<hr \/>\n<h4><strong>Sp\u00e9cifications\u00a0<\/strong><\/h4>\n<ul>\n<li><strong>Mat\u00e9riau<\/strong>: Alliage d'aluminium l\u00e9ger<\/li>\n<li><strong>Options de finition<\/strong>: Rev\u00eatement par poudre, anodis\u00e9, grain de bois ou finitions personnalis\u00e9es<\/li>\n<li><strong>Gamme de couleurs<\/strong>: Couleurs RAL standard et teintes personnalisables<\/li>\n<li><strong>Taille des panneaux<\/strong>: Longueurs jusqu'\u00e0 4000 mm, largeurs personnalisables et options d'espacement<\/li>\n<li><strong>Installation<\/strong>: Syst\u00e8me de suspension modulaire pour un montage pr\u00e9cis et efficace<\/li>\n<\/ul>\n<hr \/>\n<h4><strong>Avantages des plafonds \u00e0 chicanes en aluminium et m\u00e9tal des centres commerciaux<\/strong><\/h4>\n<ol>\n<li><strong>Esth\u00e9tique sophistiqu\u00e9e<\/strong>: Am\u00e9liore les int\u00e9rieurs avec des lignes \u00e9pur\u00e9es et un attrait visuel dynamique.<\/li>\n<li><strong>Durabilit\u00e9 exceptionnelle<\/strong>: La construction en aluminium garantit la r\u00e9sistance \u00e0 l'usure, \u00e0 l'humidit\u00e9 et au feu.<\/li>\n<li><strong>Am\u00e9lioration de l'acoustique<\/strong>: Aide \u00e0 contr\u00f4ler l'\u00e9cho et les bruits de fond, cr\u00e9ant ainsi un environnement confortable.<\/li>\n<li><strong>Flexibilit\u00e9 de la conception<\/strong>: Offre des solutions sur mesure pour diff\u00e9rents styles architecturaux et exigences fonctionnelles.<\/li>\n<li><strong>Respect de l'environnement<\/strong>: Fabriqu\u00e9 \u00e0 partir de mat\u00e9riaux recyclables pour r\u00e9duire l'impact sur l'environnement.<\/li>\n<li><strong>Faible entretien<\/strong>: Les surfaces lisses et non poreuses sont r\u00e9sistantes \u00e0 la poussi\u00e8re et aux taches et ne n\u00e9cessitent qu'un entretien minimal.<\/li>\n<\/ol>\n<hr \/>\n<h4><strong>Inspiration du design<\/strong><\/h4>\n<p>Le plafond \u00e0 chicanes m\u00e9talliques en aluminium allie forme et fonction, offrant aux concepteurs la possibilit\u00e9 de cr\u00e9er des motifs de plafond uniques qui ajoutent de la texture et de la profondeur \u00e0 n'importe quel int\u00e9rieur. Qu'il s'agisse d'un look moderne minimaliste ou d'un design audacieux, ce syst\u00e8me rehausse l'ambiance de l'espace tout en am\u00e9liorant l'aspect pratique.<\/p>\n<p>&nbsp;<\/p>\n<figure id=\"attachment_20063\" aria-describedby=\"caption-attachment-20063\" style=\"width: 1024px\" class=\"wp-caption alignnone\"><img loading=\"lazy\" decoding=\"async\" class=\"wp-image-20063\" src=\"https:\/\/meterny.com\/wp-content\/uploads\/2024\/12\/mmexport1733233887786.jpg\" alt=\"Profil\u00e9s d\u00e9flecteurs en aluminium peint\" width=\"1024\" height=\"1024\" srcset=\"https:\/\/meterny.com\/wp-content\/uploads\/2024\/12\/mmexport1733233887786.jpg 800w, https:\/\/meterny.com\/wp-content\/uploads\/2024\/12\/mmexport1733233887786-300x300.jpg 300w, https:\/\/meterny.com\/wp-content\/uploads\/2024\/12\/mmexport1733233887786-150x150.jpg 150w, https:\/\/meterny.com\/wp-content\/uploads\/2024\/12\/mmexport1733233887786-768x768.jpg 768w, https:\/\/meterny.com\/wp-content\/uploads\/2024\/12\/mmexport1733233887786-600x600.jpg 600w, https:\/\/meterny.com\/wp-content\/uploads\/2024\/12\/mmexport1733233887786-100x100.jpg 100w\" sizes=\"auto, (max-width: 1024px) 100vw, 1024px\" \/><figcaption id=\"caption-attachment-20063\" class=\"wp-caption-text\">Des \u00e9chantillons de cubes en aluminium ont \u00e9t\u00e9 peints pour cr\u00e9er un effet d\u00e9coratif unique \u00e0 l'int\u00e9rieur et \u00e0 l'ext\u00e9rieur.<\/figcaption><\/figure>\n<h3>Description<\/h3>\n<p>Transformez votre int\u00e9rieur avec notre plafond \u00e0 baffles m\u00e9talliques en aluminium pour centres commerciaux, le m\u00e9lange parfait de design moderne et de durabilit\u00e9 robuste. Id\u00e9ale pour les espaces commerciaux et r\u00e9sidentiels, cette solution de plafond ajoute une touche \u00e9l\u00e9gante et contemporaine tout en offrant des performances exceptionnelles.<\/p>\n<p>Pourquoi choisir nos plafonds m\u00e9talliques en aluminium ?<\/p>\n<ul>\n<li><strong>Esth\u00e9tique moderne<\/strong>: Cr\u00e9ez un environnement visuellement \u00e9poustouflant avec une finition \u00e9l\u00e9gante et raffin\u00e9e.<\/li>\n<li><strong>Durabilit\u00e9<\/strong>: Fabriqu\u00e9s en aluminium de haute qualit\u00e9, nos plafonds \u00e0 chicanes sont con\u00e7us pour durer.<\/li>\n<li><strong>Installation facile<\/strong>: Con\u00e7u pour une installation facile, il vous permet d'\u00e9conomiser du temps et des efforts.<\/li>\n<li><strong>Faible entretien<\/strong>: Profitez d'un beau plafond avec un minimum d'entretien.<\/li>\n<li><strong>Polyvalence<\/strong>: Parfait pour les bureaux, les espaces commerciaux, les maisons et bien plus encore.<\/li>\n<\/ul>\n<p>Am\u00e9liorez votre espace sans effort avec nos syst\u00e8mes de plafonds \u00e0 chicanes en aluminium et profitez de la combinaison parfaite de la forme et de la fonction. Contactez-nous d\u00e8s aujourd'hui pour en savoir plus et am\u00e9liorer votre d\u00e9coration int\u00e9rieure !<\/p>\n<h3>Couleur et surface<\/h3>\n<ul>\n<li><strong>Vari\u00e9t\u00e9 de rev\u00eatements<\/strong>: Disponible avec n'importe quel type de rev\u00eatement ou d'impression pour r\u00e9pondre \u00e0 vos besoins en mati\u00e8re de design.<\/li>\n<li><strong>Couleurs illimit\u00e9es<\/strong>: Choisissez parmi une large gamme de couleurs, y compris des finitions m\u00e9talliques et des motifs de grain de bois, pour s'adapter \u00e0 tous les d\u00e9cors.<\/li>\n<\/ul>\n<h3>Durable et imperm\u00e9able<\/h3>\n<p>Fabriqu\u00e9 \u00e0 partir d'un alliage d'aluminium haut de gamme et d'une technologie de pliage en 3D, ce plafond m\u00e9tallique en aluminium est fait pour embellir votre plafond. Ses propri\u00e9t\u00e9s imperm\u00e9ables en font un choix id\u00e9al pour toutes les conditions m\u00e9t\u00e9orologiques, garantissant une long\u00e9vit\u00e9 et un entretien minimal. Le mat\u00e9riau de haute qualit\u00e9 offre une stabilit\u00e9 suppl\u00e9mentaire, ce qui en fait un plafond fiable et robuste pour tout espace int\u00e9rieur.<\/p>\n<figure id=\"attachment_20062\" aria-describedby=\"caption-attachment-20062\" style=\"width: 1024px\" class=\"wp-caption alignnone\"><img loading=\"lazy\" decoding=\"async\" class=\"wp-image-20062\" src=\"https:\/\/meterny.com\/wp-content\/uploads\/2024\/12\/mmexport1733233884750.jpg\" alt=\"D\u00e9flecteurs en aluminium peint par poudrage\" width=\"1024\" height=\"1024\" srcset=\"https:\/\/meterny.com\/wp-content\/uploads\/2024\/12\/mmexport1733233884750.jpg 800w, https:\/\/meterny.com\/wp-content\/uploads\/2024\/12\/mmexport1733233884750-300x300.jpg 300w, https:\/\/meterny.com\/wp-content\/uploads\/2024\/12\/mmexport1733233884750-150x150.jpg 150w, https:\/\/meterny.com\/wp-content\/uploads\/2024\/12\/mmexport1733233884750-768x768.jpg 768w, https:\/\/meterny.com\/wp-content\/uploads\/2024\/12\/mmexport1733233884750-600x600.jpg 600w, https:\/\/meterny.com\/wp-content\/uploads\/2024\/12\/mmexport1733233884750-100x100.jpg 100w\" sizes=\"auto, (max-width: 1024px) 100vw, 1024px\" \/><figcaption id=\"caption-attachment-20062\" class=\"wp-caption-text\">\u00c9chantillons de cubes en aluminium d\u00e9j\u00e0 peints, un choix d\u00e9coratif durable et respectueux de l'environnement.<\/figcaption><\/figure>\n<h3>Pourquoi choisir Meterny Shopping Mall Aluminum Metal Baffle Ceiling ?<\/h3>\n<p>Les plafonds \u00e0 chicanes m\u00e9talliques en aluminium Meterny sont le choix ultime pour ceux qui recherchent un m\u00e9lange d'esth\u00e9tique contemporaine, de performances robustes et de solutions durables. Voici pourquoi ils se distinguent :<\/p>\n<hr \/>\n<h4><strong>1. Design moderne et \u00e9l\u00e9gant<\/strong><\/h4>\n<ul>\n<li><strong>Esth\u00e9tique sophistiqu\u00e9e<\/strong>: Les profils lin\u00e9aires et \u00e9pur\u00e9s renforcent l'attrait visuel de tout espace, qu'il soit minimaliste ou audacieux.<\/li>\n<li><strong>Options personnalisables<\/strong>: Disponible dans une vari\u00e9t\u00e9 de couleurs, de finitions et de dimensions pour r\u00e9pondre \u00e0 vos besoins sp\u00e9cifiques en mati\u00e8re de design.<\/li>\n<li><strong>Impact architectural<\/strong>: Ajoute de la profondeur et du caract\u00e8re aux plafonds, les transformant en un \u00e9l\u00e9ment d'importance.<\/li>\n<\/ul>\n<hr \/>\n<h4><strong>2. Durabilit\u00e9 sup\u00e9rieure<\/strong><\/h4>\n<ul>\n<li><strong>Mat\u00e9riau de qualit\u00e9 sup\u00e9rieure<\/strong>: Fabriqu\u00e9 en aluminium de haute qualit\u00e9, il garantit une r\u00e9sistance \u00e0 la corrosion, au feu et \u00e0 l'usure.<\/li>\n<li><strong>Performance durable<\/strong>: Conserve sa forme, sa structure et sa finition m\u00eame dans des environnements difficiles.<\/li>\n<\/ul>\n<hr \/>\n<h4><strong>3. Avantages acoustiques<\/strong><\/h4>\n<ul>\n<li><strong>R\u00e9duction du bruit<\/strong>: Absorbe efficacement le son et r\u00e9duit l'\u00e9cho, am\u00e9liorant ainsi le confort et la productivit\u00e9 dans les grands espaces.<\/li>\n<li><strong>Parfait pour les zones difficiles d'un point de vue acoustique<\/strong>: Id\u00e9al pour les bureaux, les th\u00e9\u00e2tres et les espaces publics.<\/li>\n<\/ul>\n<hr \/>\n<h4><strong>4. Respectueux de l'environnement et durable<\/strong><\/h4>\n<ul>\n<li><strong>Respect de l'environnement<\/strong>: Fabriqu\u00e9 en aluminium recyclable 100%, r\u00e9duisant l'impact sur l'environnement.<\/li>\n<li><strong>Choix durable<\/strong>: Associe la long\u00e9vit\u00e9 \u00e0 un minimum de d\u00e9chets, soutenant ainsi les initiatives de construction \u00e9cologique.<\/li>\n<\/ul>\n<hr \/>\n<h4><strong>5. Polyvalence dans la conception et l'application<\/strong><\/h4>\n<ul>\n<li><strong>Solutions sur mesure<\/strong>: Les panneaux peuvent \u00eatre personnalis\u00e9s en termes de taille, d'espacement et de finition pour s'adapter \u00e0 divers styles architecturaux.<\/li>\n<li><strong>Large gamme d'utilisation<\/strong>: Parfait pour les int\u00e9rieurs commerciaux, r\u00e9sidentiels, hospitaliers et publics.<\/li>\n<\/ul>\n<hr \/>\n<h4><strong>6. Facilit\u00e9 d'installation et d'entretien<\/strong><\/h4>\n<ul>\n<li><strong>Assemblage efficace<\/strong>: Les syst\u00e8mes de suspension modulaires permettent une installation rapide et sans probl\u00e8me.<\/li>\n<li><strong>Faible entretien<\/strong>: Les surfaces r\u00e9sistantes \u00e0 la poussi\u00e8re et aux taches rendent le nettoyage simple et rentable.<\/li>\n<\/ul>\n<hr \/>\n<h4><strong>7. La qualit\u00e9 de confiance de Meterny<\/strong><\/h4>\n<ul>\n<li><strong>Une expertise \u00e9prouv\u00e9e<\/strong>: Connu pour ses solutions innovantes en mati\u00e8re de plafonds et ses mat\u00e9riaux de haute qualit\u00e9.<\/li>\n<li><strong>Portefeuille mondial<\/strong>: Les architectes et les concepteurs du monde entier font confiance \u00e0 ce syst\u00e8me pour des projets de toutes envergures.<\/li>\n<li><strong>Un soutien fiable<\/strong>: Un service client\u00e8le d\u00e9di\u00e9 garantit une exp\u00e9rience sans faille de la conception \u00e0 l'installation.<\/li>\n<\/ul>\n<hr \/>\n<h3><strong>Conclusion<\/strong><\/h3>\n<p>Choisir le plafond \u00e0 baffles m\u00e9talliques en aluminium du centre commercial Meterny, c'est investir dans un syst\u00e8me de plafond qui offre une esth\u00e9tique moderne, une durabilit\u00e9 et une responsabilit\u00e9 environnementale. Que vous conceviez un bureau \u00e9l\u00e9gant, une r\u00e9sidence de luxe ou un lieu public tr\u00e8s fr\u00e9quent\u00e9, Meterny offre une solution qui allie facilement forme et fonction.<\/p>\n<h4><strong>T\u00e9moignages de clients<\/strong><\/h4>\n<blockquote><p><em>\"Le plafond \u00e0 chicanes en aluminium m\u00e9tallique du centre commercial a apport\u00e9 une touche \u00e9l\u00e9gante et moderne \u00e0 la r\u00e9novation de nos bureaux tout en am\u00e9liorant consid\u00e9rablement l'acoustique.<\/em><br \/>\n- Gestionnaire de bureau<\/p><\/blockquote>\n<blockquote><p><em>\"Nous appr\u00e9cions les options personnalisables qui nous ont permis de cr\u00e9er un design de plafond correspondant parfaitement \u00e0 l'esth\u00e9tique de notre marque.<\/em><br \/>\n- Propri\u00e9taire d'un magasin de d\u00e9tail<\/p><\/blockquote>","protected":false},"excerpt":{"rendered":"<p>Am\u00e9liorez votre espace avec notre plafond \u00e0 baffles en aluminium et m\u00e9tal.<\/p>\n<p>Con\u00e7ue pour une esth\u00e9tique moderne et une durabilit\u00e9 sup\u00e9rieure, cette solution de plafond offre une finition \u00e9l\u00e9gante et styl\u00e9e pour tout int\u00e9rieur.<\/p>\n<p>Facile \u00e0 installer et \u00e0 entretenir, il est parfait pour les applications commerciales et r\u00e9sidentielles. Am\u00e9liorez vos plafonds d\u00e8s aujourd'hui avec nos syst\u00e8mes de d\u00e9flecteurs en aluminium de haute qualit\u00e9 !<\/p>","protected":false},"featured_media":20167,"comment_status":"open","ping_status":"closed","template":"","meta":{"_uag_custom_page_level_css":"","site-sidebar-layout":"default","site-content-layout":"","ast-site-content-layout":"default","site-content-style":"default","site-sidebar-style":"default","ast-global-header-display":"","ast-banner-title-visibility":"","ast-main-header-display":"","ast-hfb-above-header-display":"","ast-hfb-below-header-display":"","ast-hfb-mobile-header-display":"","site-post-title":"","ast-breadcrumbs-content":"","ast-featured-img":"","footer-sml-layout":"","theme-transparent-header-meta":"default","adv-header-id-meta":"","stick-header-meta":"","header-above-stick-meta":"","header-main-stick-meta":"","header-below-stick-meta":"","astra-migrate-meta-layouts":"set","ast-page-background-enabled":"default","ast-page-background-meta":{"desktop":{"background-color":"var(--ast-global-color-4)","background-image":"","background-repeat":"repeat","background-position":"center center","background-size":"auto","background-attachment":"scroll","background-type":"","background-media":"","overlay-type":"","overlay-color":"","overlay-opacity":"","overlay-gradient":""},"tablet":{"background-color":"","background-image":"","background-repeat":"repeat","background-position":"center center","background-size":"auto","background-attachment":"scroll","background-type":"","background-media":"","overlay-type":"","overlay-color":"","overlay-opacity":"","overlay-gradient":""},"mobile":{"background-color":"","background-image":"","background-repeat":"repeat","background-position":"center center","background-size":"auto","background-attachment":"scroll","background-type":"","background-media":"","overlay-type":"","overlay-color":"","overlay-opacity":"","overlay-gradient":""}},"ast-content-background-meta":{"desktop":{"background-color":"var(--ast-global-color-5)","background-image":"","background-repeat":"repeat","background-position":"center center","background-size":"auto","background-attachment":"scroll","background-type":"","background-media":"","overlay-type":"","overlay-color":"","overlay-opacity":"","overlay-gradient":""},"tablet":{"background-color":"var(--ast-global-color-5)","background-image":"","background-repeat":"repeat","background-position":"center center","background-size":"auto","background-attachment":"scroll","background-type":"","background-media":"","overlay-type":"","overlay-color":"","overlay-opacity":"","overlay-gradient":""},"mobile":{"background-color":"var(--ast-global-color-5)","background-image":"","background-repeat":"repeat","background-position":"center center","background-size":"auto","background-attachment":"scroll","background-type":"","background-media":"","overlay-type":"","overlay-color":"","overlay-opacity":"","overlay-gradient":""}}},"product_brand":[],"product_cat":[224],"product_tag":[191,193,194,192],"class_list":{"0":"post-19559","1":"product","2":"type-product","3":"status-publish","4":"has-post-thumbnail","6":"product_cat-aluminum-baffle-ceiling","7":"product_tag-aluminum-ceiling","8":"product_tag-baffle-ceiling","9":"product_tag-ceiling","10":"product_tag-metal-ceiling","11":"desktop-align-center","12":"tablet-align-left","13":"mobile-align-left","14":"ast-product-gallery-layout-horizontal-slider","15":"ast-product-tabs-layout-vertical","17":"first","18":"instock","19":"shipping-taxable","20":"product-type-simple"},"uagb_featured_image_src":{"full":["https:\/\/meterny.com\/wp-content\/uploads\/2024\/12\/mmexport1733234279050.jpg",800,800,false],"thumbnail":["https:\/\/meterny.com\/wp-content\/uploads\/2024\/12\/mmexport1733234279050-150x150.jpg",150,150,true],"medium":["https:\/\/meterny.com\/wp-content\/uploads\/2024\/12\/mmexport1733234279050-300x300.jpg",300,300,true],"medium_large":["https:\/\/meterny.com\/wp-content\/uploads\/2024\/12\/mmexport1733234279050-768x768.jpg",768,768,true],"large":["https:\/\/meterny.com\/wp-content\/uploads\/2024\/12\/mmexport1733234279050.jpg",800,800,false],"1536x1536":["https:\/\/meterny.com\/wp-content\/uploads\/2024\/12\/mmexport1733234279050.jpg",800,800,false],"2048x2048":["https:\/\/meterny.com\/wp-content\/uploads\/2024\/12\/mmexport1733234279050.jpg",800,800,false],"trp-custom-language-flag":["https:\/\/meterny.com\/wp-content\/uploads\/2024\/12\/mmexport1733234279050.jpg",12,12,false],"woocommerce_thumbnail":["https:\/\/meterny.com\/wp-content\/uploads\/2024\/12\/mmexport1733234279050-300x300.jpg",300,300,true],"woocommerce_single":["https:\/\/meterny.com\/wp-content\/uploads\/2024\/12\/mmexport1733234279050-600x600.jpg",600,600,true],"woocommerce_gallery_thumbnail":["https:\/\/meterny.com\/wp-content\/uploads\/2024\/12\/mmexport1733234279050-100x100.jpg",100,100,true]},"uagb_author_info":{"display_name":"meterny","author_link":"https:\/\/meterny.com\/fr\/author\/"},"uagb_comment_info":0,"uagb_excerpt":"Enhance your space with our Aluminum Metal Baffle Ceiling. Designed for modern aesthetics and superior durability, this ceiling solution offers a sleek, stylish finish for any interior. Easy to install and maintain, it\u2019s perfect for commercial and residential applications. Upgrade your ceilings today with our high-quality aluminum baffle systems!","_links":{"self":[{"href":"https:\/\/meterny.com\/fr\/wp-json\/wp\/v2\/product\/19559","targetHints":{"allow":["GET"]}}],"collection":[{"href":"https:\/\/meterny.com\/fr\/wp-json\/wp\/v2\/product"}],"about":[{"href":"https:\/\/meterny.com\/fr\/wp-json\/wp\/v2\/types\/product"}],"replies":[{"embeddable":true,"href":"https:\/\/meterny.com\/fr\/wp-json\/wp\/v2\/comments?post=19559"}],"wp:featuredmedia":[{"embeddable":true,"href":"https:\/\/meterny.com\/fr\/wp-json\/wp\/v2\/media\/20167"}],"wp:attachment":[{"href":"https:\/\/meterny.com\/fr\/wp-json\/wp\/v2\/media?parent=19559"}],"wp:term":[{"taxonomy":"product_brand","embeddable":true,"href":"https:\/\/meterny.com\/fr\/wp-json\/wp\/v2\/product_brand?post=19559"},{"taxonomy":"product_cat","embeddable":true,"href":"https:\/\/meterny.com\/fr\/wp-json\/wp\/v2\/product_cat?post=19559"},{"taxonomy":"product_tag","embeddable":true,"href":"https:\/\/meterny.com\/fr\/wp-json\/wp\/v2\/product_tag?post=19559"}],"curies":[{"name":"wp","href":"https:\/\/api.w.org\/{rel}","templated":true}]}}