{"id":20295,"date":"2024-12-15T12:13:48","date_gmt":"2024-12-15T12:13:48","guid":{"rendered":"https:\/\/meterny.com\/?post_type=product&#038;p=20295"},"modified":"2025-01-18T09:09:14","modified_gmt":"2025-01-18T09:09:14","slug":"wpc-fence-panel-with-natural-wood-texture","status":"publish","type":"product","link":"https:\/\/meterny.com\/fr\/produit\/wpc-fence-panel-with-natural-wood-texture\/","title":{"rendered":"Panneau de cl\u00f4ture d\u00e9coratif en WPC avec texture en bois naturel"},"content":{"rendered":"<div class=\"elementor-element elementor-element-c0e1d42 elementor-widget elementor-widget-heading\" data-id=\"c0e1d42\" data-element_type=\"widget\" data-widget_type=\"heading.default\">\n<div class=\"elementor-widget-container\"><\/div>\n<\/div>\n<div class=\"elementor-element elementor-element-1f676da elementor-widget elementor-widget-heading\" data-id=\"1f676da\" data-element_type=\"widget\" data-widget_type=\"heading.default\">\n<h2 class=\"elementor-widget-container\" style=\"text-align: center;\">Panneau de cl\u00f4ture d\u00e9coratif en WPC avec texture en bois naturel<\/h2>\n<\/div>\n<p><strong>Mod\u00e8le<\/strong>: Panneau de cl\u00f4ture WPC avec texture en bois naturel<\/p>\n<p><strong>Type<\/strong>: Panneau de cl\u00f4ture d\u00e9coratif en WPC avec texture en bois naturel<\/p>\n<p><strong>Taille<\/strong>: Largeur 1800mm x Hauteur 1850mm<\/p>\n<p><strong>Surface<\/strong>: Deux surfaces - Strips et Wood Grains<\/p>\n<p><strong>Couleur<\/strong>9 options de couleurs<\/p>\n<p><strong>Longueur<\/strong>: Sur mesure<\/p>\n<p><strong>Mat\u00e9riau<\/strong>: Bois composite<\/p>\n<p><strong>Technologie des produits<\/strong>: Eco-extrusion<\/p>\n<p>Panneau de cl\u00f4ture en WPC avec texture en bois naturel<\/p>\n<h3><strong>Nom du produit<\/strong><\/h3>\n<p id=\"\">Panneau de cl\u00f4ture en WPC avec texture en bois naturel<\/p>\n<figure id=\"attachment_17490\" aria-describedby=\"caption-attachment-17490\" style=\"width: 1024px\" class=\"wp-caption alignnone\"><img loading=\"lazy\" decoding=\"async\" class=\"wp-image-17490\" src=\"https:\/\/meterny.com\/wp-content\/uploads\/2024\/10\/\u90a6\u82f1-5.jpg\" alt=\"Panneau de cl\u00f4ture en WPC avec texture en bois naturel\" width=\"1024\" height=\"1024\" srcset=\"https:\/\/meterny.com\/wp-content\/uploads\/2024\/10\/\u90a6\u82f1-5.jpg 800w, https:\/\/meterny.com\/wp-content\/uploads\/2024\/10\/\u90a6\u82f1-5-300x300.jpg 300w, https:\/\/meterny.com\/wp-content\/uploads\/2024\/10\/\u90a6\u82f1-5-150x150.jpg 150w, https:\/\/meterny.com\/wp-content\/uploads\/2024\/10\/\u90a6\u82f1-5-768x768.jpg 768w, https:\/\/meterny.com\/wp-content\/uploads\/2024\/10\/\u90a6\u82f1-5-600x600.jpg 600w, https:\/\/meterny.com\/wp-content\/uploads\/2024\/10\/\u90a6\u82f1-5-100x100.jpg 100w\" sizes=\"auto, (max-width: 1024px) 100vw, 1024px\" \/><figcaption id=\"caption-attachment-17490\" class=\"wp-caption-text\">Des solutions de cl\u00f4ture \u00e9l\u00e9gantes avec des panneaux de cl\u00f4ture d\u00e9coratifs en WPC<\/figcaption><\/figure>\n<h3><strong>Aper\u00e7u du produit<\/strong><\/h3>\n<p id=\"\">Bienvenue sur la page de d\u00e9tails de nos produits ! Nous sommes fiers de vous pr\u00e9senter ce panneau de cl\u00f4ture en WPC (Wood Plastic Composite) avec texture en bois naturel, qui allie la texture du bois naturel aux avantages des mat\u00e9riaux composites modernes, ajoutant une touche unique et \u00e9l\u00e9gante \u00e0 votre espace ext\u00e9rieur. Ce panneau de cl\u00f4ture est non seulement beau et durable, mais aussi facile \u00e0 installer et \u00e0 entretenir, ce qui en fait le choix id\u00e9al pour cr\u00e9er votre espace priv\u00e9 parfait.<\/p>\n<h3><strong>Caract\u00e9ristiques du produit<\/strong><\/h3>\n<p>&nbsp;<\/p>\n<h4><strong>1. Texture naturelle du bois<\/strong><\/h4>\n<ul>\n<li><strong>Effet r\u00e9aliste<\/strong>: Utilisant des techniques de production avanc\u00e9es, notre panneau de cl\u00f4ture en WPC avec texture en bois naturel pr\u00e9sente une texture en bois naturel r\u00e9aliste, apportant une ambiance chaleureuse et naturelle \u00e0 votre jardin ou terrasse.<\/li>\n<li><strong>Vari\u00e9t\u00e9 d'options<\/strong>: Disponible en plusieurs couleurs et textures pour s'adapter \u00e0 diff\u00e9rents styles et pr\u00e9f\u00e9rences esth\u00e9tiques.<\/li>\n<\/ul>\n<h4><strong>2. R\u00e9sistance et durabilit\u00e9 \u00e9lev\u00e9es<\/strong><\/h4>\n<ul>\n<li><strong>R\u00e9sistance aux intemp\u00e9ries<\/strong>: Le mat\u00e9riau WPC pr\u00e9sente une excellente r\u00e9sistance aux intemp\u00e9ries, supportant des conditions climatiques extr\u00eames telles que les temp\u00e9ratures \u00e9lev\u00e9es, le froid, l'humidit\u00e9 et les rayons UV.<\/li>\n<li><strong>R\u00e9sistance \u00e0 la corrosion<\/strong>: R\u00e9sistant aux insectes, aux moisissures et \u00e0 la corrosion, il prolonge sa dur\u00e9e de vie.<\/li>\n<\/ul>\n<h4><strong>3. Respect de l'environnement et durabilit\u00e9<\/strong><\/h4>\n<ul>\n<li><strong>Mat\u00e9riau vert<\/strong>: Fabriqu\u00e9 \u00e0 partir de plastique recycl\u00e9 et de fibres de bois, il r\u00e9duit la d\u00e9pendance \u00e0 l'\u00e9gard des ressources naturelles et s'aligne sur les principes environnementaux.<\/li>\n<li><strong>Non toxique et sans danger<\/strong>: Exempt de formald\u00e9hyde et d'autres substances nocives, il pr\u00e9serve votre sant\u00e9 et celle de votre famille.<\/li>\n<\/ul>\n<h4><strong>4. Facilit\u00e9 d'installation et d'entretien<\/strong><\/h4>\n<ul>\n<li><strong>Conception l\u00e9g\u00e8re<\/strong>: Par rapport aux cl\u00f4tures traditionnelles en bois, les panneaux de cl\u00f4ture en WPC avec texture en bois naturel sont plus l\u00e9gers, ce qui facilite leur manipulation et leur installation.<\/li>\n<li><strong>Installation rapide<\/strong>: Livr\u00e9 avec des guides d'installation d\u00e9taill\u00e9s et les accessoires n\u00e9cessaires, il ne n\u00e9cessite aucune comp\u00e9tence particuli\u00e8re et s'assemble facilement.<\/li>\n<li><strong>Faible co\u00fbt d'entretien<\/strong>: Surface lisse, r\u00e9sistante \u00e0 l'accumulation de poussi\u00e8re et facile \u00e0 nettoyer \u00e0 l'eau pour maintenir la propret\u00e9.<\/li>\n<\/ul>\n<h4><strong>5. Vie priv\u00e9e et s\u00e9curit\u00e9<\/strong><\/h4>\n<ul>\n<li><strong>Un blindage efficace<\/strong>: Offre un blindage suffisant pour prot\u00e9ger l'intimit\u00e9 de votre espace ext\u00e9rieur.<\/li>\n<li><strong>Construction robuste<\/strong>: Structure solide et difficile \u00e0 briser, ce qui renforce la s\u00e9curit\u00e9.<\/li>\n<\/ul>\n<h3><strong>Sp\u00e9cifications des produits<\/strong><\/h3>\n<ul>\n<li><strong>Taille<\/strong>: Personnalisable en fonction des besoins du client (dimensions standard telles que 1800 mm de haut x 1850 mm de large, etc.)<\/li>\n<li><strong>\u00c9paisseur<\/strong>: Diverses options d'\u00e9paisseur sont disponibles en fonction des exigences de r\u00e9sistance<\/li>\n<li><strong>Couleur<\/strong>: Plusieurs couleurs de bois naturel au choix<\/li>\n<\/ul>\n<h3><strong>Sc\u00e9narios d'application<\/strong><\/h3>\n<ul>\n<li>Cl\u00f4ture de jardin<\/li>\n<li>Cloisons de terrasse<\/li>\n<li>Murs de la cour<\/li>\n<li>Cl\u00f4ture de piscine<\/li>\n<li>D\u00e9coration ext\u00e9rieure de la villa<\/li>\n<\/ul>\n<h3><strong>Guide d'achat<\/strong><\/h3>\n<ul>\n<li><strong>S\u00e9lectionnez la taille et la couleur<\/strong>: Choisissez la taille et la couleur appropri\u00e9es en fonction de vos besoins sp\u00e9cifiques et de vos pr\u00e9f\u00e9rences.<\/li>\n<li><strong>Nous contacter<\/strong>: Contactez-nous par le biais de notre outil de chat en ligne, par courriel ou par t\u00e9l\u00e9phone pour obtenir de plus amples informations ou pour passer une commande.<\/li>\n<li><strong>Livraison et installation<\/strong>: Nous proposons des services de livraison \u00e0 l'\u00e9chelle nationale et pouvons fournir des conseils d'installation ou recommander des \u00e9quipes d'installation professionnelles sur demande.<\/li>\n<\/ul>\n<h3><strong>Conclusion<\/strong><\/h3>\n<p id=\"\">Choisissez notre panneau de cl\u00f4ture WPC avec texture bois naturel pour ajouter une touche de nature et d'\u00e9l\u00e9gance \u00e0 votre espace ext\u00e9rieur. Nous nous engageons \u00e0 fournir des produits de haute qualit\u00e9 et un excellent service. Nous sommes impatients de travailler avec vous pour cr\u00e9er une belle maison !<\/p>\n<p>Panneau de cl\u00f4ture d\u00e9coratif en WPC avec texture en bois naturel<\/p>\n<h3>Si vous voulez en savoir plus, cliquez sur ce lien vers Youtube :<a href=\"https:\/\/youtu.be\/A_X4ZdlYfzc\" target=\"_blank\" rel=\"noopener\">https:\/\/youtu.be\/A_X4ZdlYfzc<\/a><\/h3>\n<p>&nbsp;<\/p>\n<h3>Galerie<\/h3>\n<figure id=\"attachment_17485\" aria-describedby=\"caption-attachment-17485\" style=\"width: 1024px\" class=\"wp-caption alignnone\"><img loading=\"lazy\" decoding=\"async\" class=\"wp-image-17485\" src=\"https:\/\/meterny.com\/wp-content\/uploads\/2024\/10\/83ZHU.jpg\" alt=\"Solutions \u00e9cologiques pour les cl\u00f4tures en WPC\" width=\"1024\" height=\"1024\" srcset=\"https:\/\/meterny.com\/wp-content\/uploads\/2024\/10\/83ZHU.jpg 800w, https:\/\/meterny.com\/wp-content\/uploads\/2024\/10\/83ZHU-300x300.jpg 300w, https:\/\/meterny.com\/wp-content\/uploads\/2024\/10\/83ZHU-150x150.jpg 150w, https:\/\/meterny.com\/wp-content\/uploads\/2024\/10\/83ZHU-768x768.jpg 768w, https:\/\/meterny.com\/wp-content\/uploads\/2024\/10\/83ZHU-600x600.jpg 600w, https:\/\/meterny.com\/wp-content\/uploads\/2024\/10\/83ZHU-100x100.jpg 100w\" sizes=\"auto, (max-width: 1024px) 100vw, 1024px\" \/><figcaption id=\"caption-attachment-17485\" class=\"wp-caption-text\">Am\u00e9liorez votre vie en plein air avec des cl\u00f4tures en WPC \u00e0 l'aspect naturel<\/figcaption><\/figure>\n<p>Panneau de cl\u00f4ture en WPC avec texture en bois naturel<\/p>\n<figure id=\"attachment_17484\" aria-describedby=\"caption-attachment-17484\" style=\"width: 1024px\" class=\"wp-caption alignnone\"><img loading=\"lazy\" decoding=\"async\" class=\"wp-image-17484\" src=\"https:\/\/meterny.com\/wp-content\/uploads\/2024\/10\/8-8ZHU.jpg\" alt=\"Panneau de cl\u00f4ture Wpc en grain de bois gaufr\u00e9 3D\" width=\"1024\" height=\"1024\" srcset=\"https:\/\/meterny.com\/wp-content\/uploads\/2024\/10\/8-8ZHU.jpg 800w, https:\/\/meterny.com\/wp-content\/uploads\/2024\/10\/8-8ZHU-300x300.jpg 300w, https:\/\/meterny.com\/wp-content\/uploads\/2024\/10\/8-8ZHU-150x150.jpg 150w, https:\/\/meterny.com\/wp-content\/uploads\/2024\/10\/8-8ZHU-768x768.jpg 768w, https:\/\/meterny.com\/wp-content\/uploads\/2024\/10\/8-8ZHU-600x600.jpg 600w, https:\/\/meterny.com\/wp-content\/uploads\/2024\/10\/8-8ZHU-100x100.jpg 100w\" sizes=\"auto, (max-width: 1024px) 100vw, 1024px\" \/><figcaption id=\"caption-attachment-17484\" class=\"wp-caption-text\">Transformez votre espace ext\u00e9rieur avec des cl\u00f4tures durables en WPC<\/figcaption><\/figure>\n<p>Panneau de cl\u00f4ture en WPC avec texture en bois naturel<\/p>\n<figure id=\"attachment_17486\" aria-describedby=\"caption-attachment-17486\" style=\"width: 1024px\" class=\"wp-caption alignnone\"><img loading=\"lazy\" decoding=\"async\" class=\"wp-image-17486\" src=\"https:\/\/meterny.com\/wp-content\/uploads\/2024\/10\/10-5ZHU.jpg\" alt=\"Cl\u00f4ture en WPC de qualit\u00e9 sup\u00e9rieure pour l&#039;intimit\u00e9 ext\u00e9rieure\" width=\"1024\" height=\"1024\" srcset=\"https:\/\/meterny.com\/wp-content\/uploads\/2024\/10\/10-5ZHU.jpg 800w, https:\/\/meterny.com\/wp-content\/uploads\/2024\/10\/10-5ZHU-300x300.jpg 300w, https:\/\/meterny.com\/wp-content\/uploads\/2024\/10\/10-5ZHU-150x150.jpg 150w, https:\/\/meterny.com\/wp-content\/uploads\/2024\/10\/10-5ZHU-768x768.jpg 768w, https:\/\/meterny.com\/wp-content\/uploads\/2024\/10\/10-5ZHU-600x600.jpg 600w, https:\/\/meterny.com\/wp-content\/uploads\/2024\/10\/10-5ZHU-100x100.jpg 100w\" sizes=\"auto, (max-width: 1024px) 100vw, 1024px\" \/><figcaption id=\"caption-attachment-17486\" class=\"wp-caption-text\">D\u00e9couvrez l'\u00e9quilibre parfait entre force et beaut\u00e9 avec les cl\u00f4tures en WPC<\/figcaption><\/figure>\n<p>Meterny METE Series WPC Fence Panel with Natural Wood Texture Colour Card (Panneau de cl\u00f4ture en WPC avec texture en bois naturel)<\/p>\n<figure id=\"attachment_20293\" aria-describedby=\"caption-attachment-20293\" style=\"width: 1024px\" class=\"wp-caption alignnone\"><img loading=\"lazy\" decoding=\"async\" class=\"wp-image-20293\" src=\"https:\/\/meterny.com\/wp-content\/uploads\/2024\/10\/METE-Series-Colour-151.png\" alt=\"Options de couleur de la cl\u00f4ture WPC Meterny\" width=\"1024\" height=\"1024\" srcset=\"https:\/\/meterny.com\/wp-content\/uploads\/2024\/10\/METE-Series-Colour-151.png 900w, https:\/\/meterny.com\/wp-content\/uploads\/2024\/10\/METE-Series-Colour-151-300x300.png 300w, https:\/\/meterny.com\/wp-content\/uploads\/2024\/10\/METE-Series-Colour-151-150x150.png 150w, https:\/\/meterny.com\/wp-content\/uploads\/2024\/10\/METE-Series-Colour-151-768x768.png 768w, https:\/\/meterny.com\/wp-content\/uploads\/2024\/10\/METE-Series-Colour-151-600x600.png 600w, https:\/\/meterny.com\/wp-content\/uploads\/2024\/10\/METE-Series-Colour-151-100x100.png 100w\" sizes=\"auto, (max-width: 1024px) 100vw, 1024px\" \/><figcaption id=\"caption-attachment-20293\" class=\"wp-caption-text\">Explore Meterny WPC Fence - Neuf superbes options de couleurs pour tous les styles<\/figcaption><\/figure>\n<h3>Durable et imperm\u00e9able<\/h3>\n<p>Fabriqu\u00e9e \u00e0 l'aide d'une technologie d'\u00e9co-extrusion avanc\u00e9e, cette cl\u00f4ture est con\u00e7ue pour durer. Ses propri\u00e9t\u00e9s imperm\u00e9ables en font un choix id\u00e9al pour toutes les conditions m\u00e9t\u00e9orologiques, garantissant une long\u00e9vit\u00e9 et un entretien minimal. Les piliers en aluminium offrent une stabilit\u00e9 suppl\u00e9mentaire, ce qui en fait une solution de cl\u00f4ture fiable et robuste pour tout jardin.<\/p>\n<p>Installations Accessoires<\/p>\n<figure id=\"attachment_17165\" aria-describedby=\"caption-attachment-17165\" style=\"width: 1024px\" class=\"wp-caption alignnone\"><img loading=\"lazy\" decoding=\"async\" class=\"wp-image-17165\" src=\"https:\/\/meterny.com\/wp-content\/uploads\/2024\/05\/Heef5f4fd9e2c4c9a9145a852eb0aedceQ-1.png\" alt=\"Accessoires complets pour l&#039;installation de cl\u00f4tures en WPC\" width=\"1024\" height=\"1054\" srcset=\"https:\/\/meterny.com\/wp-content\/uploads\/2024\/05\/Heef5f4fd9e2c4c9a9145a852eb0aedceQ-1.png 923w, https:\/\/meterny.com\/wp-content\/uploads\/2024\/05\/Heef5f4fd9e2c4c9a9145a852eb0aedceQ-1-291x300.png 291w, https:\/\/meterny.com\/wp-content\/uploads\/2024\/05\/Heef5f4fd9e2c4c9a9145a852eb0aedceQ-1-768x790.png 768w, https:\/\/meterny.com\/wp-content\/uploads\/2024\/05\/Heef5f4fd9e2c4c9a9145a852eb0aedceQ-1-600x618.png 600w\" sizes=\"auto, (max-width: 1024px) 100vw, 1024px\" \/><figcaption id=\"caption-attachment-17165\" class=\"wp-caption-text\">Accessoires d'installation de cl\u00f4ture WPC tout-en-un pour un montage sans effort<\/figcaption><\/figure>\n<h3>Pourquoi choisir le panneau de cl\u00f4ture en WPC METE1800H1850 avec texture bois naturel ?<\/h3>\n<p id=\"\">Lorsque l'on se demande pourquoi choisir le panneau de cl\u00f4ture METE1800H1850 WPC (Wood Plastic Composite), plusieurs raisons convaincantes se d\u00e9gagent :<\/p>\n<ol>\n<li>\n<p id=\"\"><strong>Texture naturelle du bois et attrait esth\u00e9tique<\/strong>:<\/p>\n<ul>\n<li>Le panneau de cl\u00f4ture METE1800H1850 WPC pr\u00e9sente une texture de bois naturel qui donne un aspect chaleureux et accueillant \u00e0 tout espace ext\u00e9rieur.<\/li>\n<li>Son attrait esth\u00e9tique peut rehausser l'aspect g\u00e9n\u00e9ral de votre jardin, de votre terrasse ou de votre cour, en y ajoutant une touche d'\u00e9l\u00e9gance et de sophistication.<\/li>\n<\/ul>\n<\/li>\n<li>\n<p id=\"\"><strong>Durabilit\u00e9 et r\u00e9sistance aux intemp\u00e9ries<\/strong>:<\/p>\n<ul>\n<li>Fabriqu\u00e9 \u00e0 partir d'une combinaison de plastique recycl\u00e9 et de fibres de bois, le panneau de cl\u00f4ture en WPC METE1800H1850 est tr\u00e8s durable et r\u00e9sistant aux conditions climatiques telles que les temp\u00e9ratures \u00e9lev\u00e9es, le froid, l'humidit\u00e9 et les rayons UV.<\/li>\n<li>Cela garantit que le panneau de cl\u00f4ture conserve son apparence et sa fonctionnalit\u00e9 au fil du temps, avec un minimum d'entretien.<\/li>\n<\/ul>\n<\/li>\n<li>\n<p id=\"\"><strong>Respect de l'environnement et durabilit\u00e9<\/strong>:<\/p>\n<ul>\n<li>L'utilisation de mat\u00e9riaux recycl\u00e9s dans la production du panneau de cl\u00f4ture en WPC METE1800H1850 r\u00e9duit la demande en ressources naturelles et s'aligne sur les principes environnementaux.<\/li>\n<li>Il s'agit d'un choix durable qui contribue \u00e0 la r\u00e9duction des d\u00e9chets et \u00e0 la promotion de la responsabilit\u00e9 environnementale.<\/li>\n<\/ul>\n<\/li>\n<li>\n<p id=\"\"><strong>Facilit\u00e9 d'installation et d'entretien<\/strong>:<\/p>\n<ul>\n<li>Le panneau de cl\u00f4ture en WPC METE1800H1850 est l\u00e9ger et facile \u00e0 installer, ne n\u00e9cessitant pas de comp\u00e9tences ou d'outils particuliers.<\/li>\n<li>Il est \u00e9galement facile \u00e0 entretenir, avec une surface lisse qui r\u00e9siste \u00e0 l'accumulation de poussi\u00e8re et peut \u00eatre facilement nettoy\u00e9e \u00e0 l'eau.<\/li>\n<\/ul>\n<\/li>\n<li>\n<p id=\"\"><strong>Vie priv\u00e9e et s\u00e9curit\u00e9<\/strong>:<\/p>\n<ul>\n<li>Le panneau de cl\u00f4ture constitue un \u00e9cran efficace, offrant une protection de l'intimit\u00e9 pour votre espace ext\u00e9rieur.<\/li>\n<li>Sa construction robuste garantit qu'il est difficile de le casser, ce qui renforce la s\u00e9curit\u00e9 et procure un sentiment de s\u00fbret\u00e9.<\/li>\n<\/ul>\n<\/li>\n<li>\n<p id=\"\"><strong>Options de personnalisation<\/strong>:<\/p>\n<ul>\n<li>Le panneau de cl\u00f4ture METE1800H1850 WPC est disponible en plusieurs couleurs et textures, ce qui vous permet de choisir celui qui convient le mieux \u00e0 votre style et \u00e0 vos pr\u00e9f\u00e9rences esth\u00e9tiques.<\/li>\n<li>Sa taille peut \u00e9galement \u00eatre personnalis\u00e9e pour r\u00e9pondre \u00e0 vos besoins et exigences sp\u00e9cifiques.<\/li>\n<\/ul>\n<\/li>\n<li>\n<p id=\"\"><strong>Rapport co\u00fbt-efficacit\u00e9<\/strong>:<\/p>\n<ul>\n<li>Bien que le co\u00fbt initial du panneau de cl\u00f4ture en WPC METE1800H1850 avec texture bois naturel soit comparable ou l\u00e9g\u00e8rement sup\u00e9rieur \u00e0 celui des cl\u00f4tures en bois traditionnelles, sa durabilit\u00e9 et ses faibles besoins d'entretien en font un choix rentable \u00e0 long terme.<\/li>\n<\/ul>\n<\/li>\n<\/ol>\n<p id=\"\">En conclusion, le panneau de cl\u00f4ture en WPC METE1800H1850 avec texture en bois naturel est une option tr\u00e8s attrayante pour tous ceux qui cherchent \u00e0 am\u00e9liorer l'apparence et la fonctionnalit\u00e9 de leur espace ext\u00e9rieur. Sa texture en bois naturel, sa durabilit\u00e9, son respect de l'environnement, sa facilit\u00e9 d'installation et d'entretien, son intimit\u00e9 et sa s\u00e9curit\u00e9, ses options de personnalisation et son rapport qualit\u00e9-prix en font un choix exceptionnel pour les panneaux de cl\u00f4ture.<\/p>","protected":false},"excerpt":{"rendered":"<h3>Caract\u00e9ristiques principales :<\/h3>\n<p>Imperm\u00e9able et r\u00e9sistant aux intemp\u00e9ries : id\u00e9al pour une utilisation en ext\u00e9rieur sous tous les climats.<br \/>\nMat\u00e9riaux respectueux de l'environnement : Durables et respectueux de l'environnement.<br \/>\nLongueur personnalisable : Adapt\u00e9e aux dimensions sp\u00e9cifiques de votre jardin.<br \/>\nPeu d'entretien : Facile \u00e0 nettoyer et \u00e0 entretenir, contrairement au bois traditionnel.<br \/>\nOptions de double surface : Choisissez entre d'\u00e9l\u00e9gants grains de bois ou des bandes classiques pour un aspect personnalis\u00e9.<br \/>\nStabilit\u00e9 accrue : Renforc\u00e9 par des piliers en aluminium durables pour une solidit\u00e9 et une s\u00e9curit\u00e9 accrues.<\/p>\n<h3>Applications :<\/h3>\n<p>Parfait pour d\u00e9limiter les jardins, prot\u00e9ger la vie priv\u00e9e et cr\u00e9er des cl\u00f4tures d\u00e9coratives.<\/p>","protected":false},"featured_media":17490,"comment_status":"open","ping_status":"closed","template":"","meta":{"_uag_custom_page_level_css":"","site-sidebar-layout":"default","site-content-layout":"","ast-site-content-layout":"default","site-content-style":"default","site-sidebar-style":"default","ast-global-header-display":"","ast-banner-title-visibility":"","ast-main-header-display":"","ast-hfb-above-header-display":"","ast-hfb-below-header-display":"","ast-hfb-mobile-header-display":"","site-post-title":"","ast-breadcrumbs-content":"","ast-featured-img":"","footer-sml-layout":"","theme-transparent-header-meta":"default","adv-header-id-meta":"","stick-header-meta":"default","header-above-stick-meta":"","header-main-stick-meta":"","header-below-stick-meta":"","astra-migrate-meta-layouts":"set","ast-page-background-enabled":"default","ast-page-background-meta":{"desktop":{"background-color":"var(--ast-global-color-4)","background-image":"","background-repeat":"repeat","background-position":"center center","background-size":"auto","background-attachment":"scroll","background-type":"","background-media":"","overlay-type":"","overlay-color":"","overlay-opacity":"","overlay-gradient":""},"tablet":{"background-color":"","background-image":"","background-repeat":"repeat","background-position":"center center","background-size":"auto","background-attachment":"scroll","background-type":"","background-media":"","overlay-type":"","overlay-color":"","overlay-opacity":"","overlay-gradient":""},"mobile":{"background-color":"","background-image":"","background-repeat":"repeat","background-position":"center center","background-size":"auto","background-attachment":"scroll","background-type":"","background-media":"","overlay-type":"","overlay-color":"","overlay-opacity":"","overlay-gradient":""}},"ast-content-background-meta":{"desktop":{"background-color":"var(--ast-global-color-5)","background-image":"","background-repeat":"repeat","background-position":"center center","background-size":"auto","background-attachment":"scroll","background-type":"","background-media":"","overlay-type":"","overlay-color":"","overlay-opacity":"","overlay-gradient":""},"tablet":{"background-color":"var(--ast-global-color-5)","background-image":"","background-repeat":"repeat","background-position":"center center","background-size":"auto","background-attachment":"scroll","background-type":"","background-media":"","overlay-type":"","overlay-color":"","overlay-opacity":"","overlay-gradient":""},"mobile":{"background-color":"var(--ast-global-color-5)","background-image":"","background-repeat":"repeat","background-position":"center center","background-size":"auto","background-attachment":"scroll","background-type":"","background-media":"","overlay-type":"","overlay-color":"","overlay-opacity":"","overlay-gradient":""}}},"product_brand":[],"product_cat":[18],"product_tag":[186,187,188,185],"class_list":{"0":"post-20295","1":"product","2":"type-product","3":"status-publish","4":"has-post-thumbnail","6":"product_cat-uncategorized","7":"product_tag-aluminum-fence","8":"product_tag-exterior-fence","9":"product_tag-garden-fence","10":"product_tag-wpc-fence","11":"desktop-align-center","12":"tablet-align-left","13":"mobile-align-left","14":"ast-product-gallery-layout-horizontal-slider","15":"ast-product-tabs-layout-vertical","17":"first","18":"instock","19":"shipping-taxable","20":"product-type-simple"},"uagb_featured_image_src":{"full":["https:\/\/meterny.com\/wp-content\/uploads\/2024\/10\/\u90a6\u82f1-5.jpg",800,800,false],"thumbnail":["https:\/\/meterny.com\/wp-content\/uploads\/2024\/10\/\u90a6\u82f1-5-150x150.jpg",150,150,true],"medium":["https:\/\/meterny.com\/wp-content\/uploads\/2024\/10\/\u90a6\u82f1-5-300x300.jpg",300,300,true],"medium_large":["https:\/\/meterny.com\/wp-content\/uploads\/2024\/10\/\u90a6\u82f1-5-768x768.jpg",768,768,true],"large":["https:\/\/meterny.com\/wp-content\/uploads\/2024\/10\/\u90a6\u82f1-5.jpg",800,800,false],"1536x1536":["https:\/\/meterny.com\/wp-content\/uploads\/2024\/10\/\u90a6\u82f1-5.jpg",800,800,false],"2048x2048":["https:\/\/meterny.com\/wp-content\/uploads\/2024\/10\/\u90a6\u82f1-5.jpg",800,800,false],"trp-custom-language-flag":["https:\/\/meterny.com\/wp-content\/uploads\/2024\/10\/\u90a6\u82f1-5.jpg",12,12,false],"woocommerce_thumbnail":["https:\/\/meterny.com\/wp-content\/uploads\/2024\/10\/\u90a6\u82f1-5-300x300.jpg",300,300,true],"woocommerce_single":["https:\/\/meterny.com\/wp-content\/uploads\/2024\/10\/\u90a6\u82f1-5-600x600.jpg",600,600,true],"woocommerce_gallery_thumbnail":["https:\/\/meterny.com\/wp-content\/uploads\/2024\/10\/\u90a6\u82f1-5-100x100.jpg",100,100,true]},"uagb_author_info":{"display_name":"meterny","author_link":"https:\/\/meterny.com\/fr\/author\/"},"uagb_comment_info":0,"uagb_excerpt":"Key Features: Waterproof and Weather-Resistant: Ideal for outdoor use in all climates. Eco-Friendly Materials: Sustainable and environmentally conscious. Customizable Length: Tailored to fit your garden's specific dimensions. Low Maintenance: Easy to clean and maintain, unlike traditional wood. Dual Surface Options: Choose between elegant wood grains or classic strips for a personalized look. Enhanced Stability: Reinforced\u2026","_links":{"self":[{"href":"https:\/\/meterny.com\/fr\/wp-json\/wp\/v2\/product\/20295","targetHints":{"allow":["GET"]}}],"collection":[{"href":"https:\/\/meterny.com\/fr\/wp-json\/wp\/v2\/product"}],"about":[{"href":"https:\/\/meterny.com\/fr\/wp-json\/wp\/v2\/types\/product"}],"replies":[{"embeddable":true,"href":"https:\/\/meterny.com\/fr\/wp-json\/wp\/v2\/comments?post=20295"}],"wp:featuredmedia":[{"embeddable":true,"href":"https:\/\/meterny.com\/fr\/wp-json\/wp\/v2\/media\/17490"}],"wp:attachment":[{"href":"https:\/\/meterny.com\/fr\/wp-json\/wp\/v2\/media?parent=20295"}],"wp:term":[{"taxonomy":"product_brand","embeddable":true,"href":"https:\/\/meterny.com\/fr\/wp-json\/wp\/v2\/product_brand?post=20295"},{"taxonomy":"product_cat","embeddable":true,"href":"https:\/\/meterny.com\/fr\/wp-json\/wp\/v2\/product_cat?post=20295"},{"taxonomy":"product_tag","embeddable":true,"href":"https:\/\/meterny.com\/fr\/wp-json\/wp\/v2\/product_tag?post=20295"}],"curies":[{"name":"wp","href":"https:\/\/api.w.org\/{rel}","templated":true}]}}