{"id":20298,"date":"2024-12-15T12:32:12","date_gmt":"2024-12-15T12:32:12","guid":{"rendered":"https:\/\/meterny.com\/?post_type=product&#038;p=20298"},"modified":"2025-01-18T09:10:03","modified_gmt":"2025-01-18T09:10:03","slug":"residential-wpc-fence","status":"publish","type":"product","link":"https:\/\/meterny.com\/fr\/produit\/residential-wpc-fence\/","title":{"rendered":"Cl\u00f4ture r\u00e9sidentielle en WPC avec texture en bois naturel Panneaux de cl\u00f4ture en WPC pour le jardin"},"content":{"rendered":"<h2 class=\"elementor-element elementor-element-c0e1d42 elementor-widget elementor-widget-heading\" style=\"text-align: center;\" data-id=\"c0e1d42\" data-element_type=\"widget\" data-widget_type=\"heading.default\">Cl\u00f4ture r\u00e9sidentielle en WPC avec texture en bois naturel Panneaux de cl\u00f4ture en WPC pour le jardin<\/h2>\n<div class=\"elementor-element elementor-element-1f676da elementor-widget elementor-widget-heading\" data-id=\"1f676da\" data-element_type=\"widget\" data-widget_type=\"heading.default\">\n<h2 class=\"elementor-widget-container\" style=\"text-align: center;\"><\/h2>\n<\/div>\n<p><strong>Mod\u00e8le<\/strong>: METE1800H1850 Cl\u00f4ture r\u00e9sidentielle en WPC<\/p>\n<p><strong>Type<\/strong>: Cl\u00f4ture r\u00e9sidentielle en WPC<\/p>\n<p><strong>Taille<\/strong>: Largeur 1800mm x Hauteur 1850mm<\/p>\n<p><strong>Surface<\/strong>: Deux surfaces - Strips et Wood Grains<\/p>\n<p><strong>Couleur<\/strong>9 options de couleurs<\/p>\n<p><strong>Longueur<\/strong>: Sur mesure<\/p>\n<p><strong>Mat\u00e9riau<\/strong>: Bois composite<\/p>\n<p><strong>Technologie des produits<\/strong>: Eco-extrusion<\/p>\n<p><strong>Cl\u00f4ture de jardin en WPC<\/strong><\/p>\n<figure id=\"attachment_17473\" aria-describedby=\"caption-attachment-17473\" style=\"width: 1024px\" class=\"wp-caption alignnone\"><img loading=\"lazy\" decoding=\"async\" class=\"wp-image-17473\" src=\"https:\/\/meterny.com\/wp-content\/uploads\/2024\/05\/A8c1e1d3dd6f44e7dbfc53b1a81cccee3q-1.png\" alt=\"Cl\u00f4ture r\u00e9sidentielle en WPC\" width=\"1024\" height=\"1024\" srcset=\"https:\/\/meterny.com\/wp-content\/uploads\/2024\/05\/A8c1e1d3dd6f44e7dbfc53b1a81cccee3q-1.png 800w, https:\/\/meterny.com\/wp-content\/uploads\/2024\/05\/A8c1e1d3dd6f44e7dbfc53b1a81cccee3q-1-300x300.png 300w, https:\/\/meterny.com\/wp-content\/uploads\/2024\/05\/A8c1e1d3dd6f44e7dbfc53b1a81cccee3q-1-150x150.png 150w, https:\/\/meterny.com\/wp-content\/uploads\/2024\/05\/A8c1e1d3dd6f44e7dbfc53b1a81cccee3q-1-768x768.png 768w, https:\/\/meterny.com\/wp-content\/uploads\/2024\/05\/A8c1e1d3dd6f44e7dbfc53b1a81cccee3q-1-600x600.png 600w, https:\/\/meterny.com\/wp-content\/uploads\/2024\/05\/A8c1e1d3dd6f44e7dbfc53b1a81cccee3q-1-100x100.png 100w\" sizes=\"auto, (max-width: 1024px) 100vw, 1024px\" \/><figcaption id=\"caption-attachment-17473\" class=\"wp-caption-text\">L'avenir des cl\u00f4tures ext\u00e9rieures : \u00c9l\u00e9gantes, solides et durables<\/figcaption><\/figure>\n<h4>Nom du produit<\/h4>\n<p id=\"\">Cl\u00f4ture r\u00e9sidentielle en WPC (Cl\u00f4ture en composite bois plastique pour usage r\u00e9sidentiel)<\/p>\n<hr \/>\n<h4>Description du produit<\/h4>\n<p id=\"\">Notre cl\u00f4ture r\u00e9sidentielle en WPC est fabriqu\u00e9e \u00e0 partir de mat\u00e9riaux en composite bois-plastique (WPC) de haute qualit\u00e9, garantissant durabilit\u00e9, imperm\u00e9abilit\u00e9 et r\u00e9sistance \u00e0 la corrosion. Elle r\u00e9siste aux conditions climatiques difficiles et est parfaite pour une utilisation en ext\u00e9rieur.<\/p>\n<hr \/>\n<h4>Caract\u00e9ristiques du produit<\/h4>\n<ol>\n<li><strong>Durable et imperm\u00e9able<\/strong>: La cl\u00f4ture est fabriqu\u00e9e en mat\u00e9riau WPC, ce qui lui conf\u00e8re une \u00e9tanch\u00e9it\u00e9 exceptionnelle et une stabilit\u00e9 structurelle m\u00eame dans les environnements humides.<\/li>\n<li><strong>Respectueux de l'environnement et durable<\/strong>: Fabriqu\u00e9 \u00e0 partir de ressources renouvelables et trait\u00e9 sous pression pour \u00e9viter le pourrissement et les dommages, il offre une solution durable pour votre jardin ou votre espace ext\u00e9rieur.<\/li>\n<li><strong>Installation facile<\/strong>: Con\u00e7u pour un assemblage facile, r\u00e9duisant les tracas et le temps d'installation.<\/li>\n<li><strong>Options de personnalisation<\/strong>: Disponible en plusieurs couleurs, notamment caf\u00e9, gris argent\u00e9, graphite, teck, \u00e9rable et bois ancien, ce qui vous permet de choisir l'assortiment parfait pour l'ext\u00e9rieur de votre maison.<\/li>\n<li><strong>Services complets<\/strong>: Nous proposons une gamme de services comprenant la mod\u00e9lisation 3D, des mod\u00e8les d'\u00e9chantillons 3D, des manuels d'installation, des guides d'installation vid\u00e9o et des textes de marketing produit pour garantir une exp\u00e9rience d'achat sans faille.<\/li>\n<\/ol>\n<hr \/>\n<h4>Sp\u00e9cifications des produits<\/h4>\n<ul>\n<li><strong>Mat\u00e9riau<\/strong>: WPC (Wood Plastic Composite)<\/li>\n<li><strong>Couleurs<\/strong>: Plusieurs couleurs disponibles (caf\u00e9, gris argent\u00e9, graphite, teck, \u00e9rable, bois ancien, etc.)<\/li>\n<li><strong>Tailles<\/strong>: Longueurs standard de 0,9 m, 1,2 m, 1,5 m, 1,8 m ; dimensions personnalis\u00e9es disponibles sur demande.<\/li>\n<li><strong>Traitement de surface<\/strong>: Rev\u00eatement par poudre<\/li>\n<li><strong>Fonction<\/strong>: Imperm\u00e9able, D\u00e9coratif<\/li>\n<li><strong>Applications<\/strong>: Jardins, parcs, zones r\u00e9sidentielles, etc.<\/li>\n<li><strong>Emballage<\/strong>: Palettes d'exportation, caisses en bois<\/li>\n<li><strong>Origine<\/strong>: Chine<\/li>\n<li><strong>Capacit\u00e9 de production<\/strong>La production d'\u00e9lectricit\u00e9 : 8 000 unit\u00e9s par mois<\/li>\n<li><strong>Certifications<\/strong>: ISO, CE<\/li>\n<\/ul>\n<hr \/>\n<h4>Avantages du produit<\/h4>\n<ul>\n<li><strong>Bonne ventilation<\/strong>: La conception unique permet une excellente ventilation.<\/li>\n<li><strong>Assemblage facile<\/strong>: Simplifie le processus d'installation, ce qui permet d'\u00e9conomiser du temps et de la main-d'\u0153uvre.<\/li>\n<li><strong>Respect de l'environnement<\/strong>: Fabriqu\u00e9 \u00e0 partir de ressources renouvelables, respectueux de l'environnement.<\/li>\n<li><strong>Imperm\u00e9able et r\u00e9sistant \u00e0 la corrosion<\/strong>: Traitement sp\u00e9cial pour des propri\u00e9t\u00e9s exceptionnelles d'\u00e9tanch\u00e9it\u00e9 et de r\u00e9sistance \u00e0 la corrosion.<\/li>\n<li><strong>Services de personnalisation<\/strong>: Plusieurs options de couleurs et de tailles sont disponibles pour r\u00e9pondre aux divers besoins des clients.<\/li>\n<\/ul>\n<hr \/>\n<h4>Services de personnalisation<\/h4>\n<p id=\"\">Nous offrons des services de personnalisation complets, y compris la personnalisation de la taille, de la couleur et des caract\u00e9ristiques sp\u00e9ciales. Veuillez nous contacter pour plus de d\u00e9tails sur les options de personnalisation.<\/p>\n<hr \/>\n<h4>Exp\u00e9dition et livraison<\/h4>\n<ul>\n<li><strong>Frais d'exp\u00e9dition<\/strong>: Veuillez nous contacter pour conna\u00eetre les frais d'exp\u00e9dition et les d\u00e9lais de livraison estim\u00e9s.<\/li>\n<li><strong>Dimensions de l'emballage<\/strong>: 160,00cm x 96,00cm x 110,00cm<\/li>\n<li><strong>Poids brut du colis<\/strong>: 56.000kg<\/li>\n<\/ul>\n<h3>Description<\/h3>\n<p>Cette cl\u00f4ture r\u00e9sidentielle en WPC combine l'esth\u00e9tique naturelle du bois avec la durabilit\u00e9 et les propri\u00e9t\u00e9s d'\u00e9tanch\u00e9it\u00e9 des composites modernes.<\/p>\n<p>Con\u00e7ue avec des piliers en aluminium pour plus de solidit\u00e9, cette cl\u00f4ture est parfaite pour cr\u00e9er un espace ext\u00e9rieur s\u00e9curis\u00e9, \u00e9l\u00e9gant et n\u00e9cessitant peu d'entretien.<\/p>\n<h3>Couleur et surface<\/h3>\n<p>Disponible en neuf couleurs distinctes, le METE1800H1850 offre des options de conception polyvalentes pour s'adapter \u00e0 tout jardin ou cadre ext\u00e9rieur. Choisissez entre deux textures de surface : des bandes classiques ou d'\u00e9l\u00e9gants grains de bois, pour compl\u00e9ter parfaitement votre paysage. Personnalisez la longueur pour r\u00e9pondre \u00e0 vos besoins sp\u00e9cifiques, afin de garantir une installation sur mesure et sans faille.<\/p>\n<h3>Options de couleurs<\/h3>\n<p>Meterny S\u00e9rie METE Panneau de cl\u00f4ture WPC Carte de couleurs<\/p>\n<figure id=\"attachment_20293\" aria-describedby=\"caption-attachment-20293\" style=\"width: 1024px\" class=\"wp-caption alignnone\"><img loading=\"lazy\" decoding=\"async\" class=\"wp-image-20293\" src=\"https:\/\/meterny.com\/wp-content\/uploads\/2024\/10\/METE-Series-Colour-151.png\" alt=\"Options de couleur de la cl\u00f4ture WPC Meterny\" width=\"1024\" height=\"1024\" srcset=\"https:\/\/meterny.com\/wp-content\/uploads\/2024\/10\/METE-Series-Colour-151.png 900w, https:\/\/meterny.com\/wp-content\/uploads\/2024\/10\/METE-Series-Colour-151-300x300.png 300w, https:\/\/meterny.com\/wp-content\/uploads\/2024\/10\/METE-Series-Colour-151-150x150.png 150w, https:\/\/meterny.com\/wp-content\/uploads\/2024\/10\/METE-Series-Colour-151-768x768.png 768w, https:\/\/meterny.com\/wp-content\/uploads\/2024\/10\/METE-Series-Colour-151-600x600.png 600w, https:\/\/meterny.com\/wp-content\/uploads\/2024\/10\/METE-Series-Colour-151-100x100.png 100w\" sizes=\"auto, (max-width: 1024px) 100vw, 1024px\" \/><figcaption id=\"caption-attachment-20293\" class=\"wp-caption-text\">Explore Meterny WPC Fence - Neuf superbes options de couleurs pour tous les styles<\/figcaption><\/figure>\n<h3>Si vous voulez en savoir plus, cliquez sur ce lien vers Youtube :<a href=\"https:\/\/youtu.be\/RGAiGBOFKeo\" target=\"_blank\" rel=\"noopener\">https:\/\/youtu.be\/RGAiGBOFKeo<\/a><\/h3>\n<p>&nbsp;<\/p>\n<h3>Galerie<\/h3>\n<figure id=\"attachment_17486\" aria-describedby=\"caption-attachment-17486\" style=\"width: 1024px\" class=\"wp-caption alignnone\"><img loading=\"lazy\" decoding=\"async\" class=\"wp-image-17486\" src=\"https:\/\/meterny.com\/wp-content\/uploads\/2024\/10\/10-5ZHU.jpg\" alt=\"Cl\u00f4ture en WPC de qualit\u00e9 sup\u00e9rieure pour l&#039;intimit\u00e9 ext\u00e9rieure\" width=\"1024\" height=\"1024\" srcset=\"https:\/\/meterny.com\/wp-content\/uploads\/2024\/10\/10-5ZHU.jpg 800w, https:\/\/meterny.com\/wp-content\/uploads\/2024\/10\/10-5ZHU-300x300.jpg 300w, https:\/\/meterny.com\/wp-content\/uploads\/2024\/10\/10-5ZHU-150x150.jpg 150w, https:\/\/meterny.com\/wp-content\/uploads\/2024\/10\/10-5ZHU-768x768.jpg 768w, https:\/\/meterny.com\/wp-content\/uploads\/2024\/10\/10-5ZHU-600x600.jpg 600w, https:\/\/meterny.com\/wp-content\/uploads\/2024\/10\/10-5ZHU-100x100.jpg 100w\" sizes=\"auto, (max-width: 1024px) 100vw, 1024px\" \/><figcaption id=\"caption-attachment-17486\" class=\"wp-caption-text\">D\u00e9couvrez l'\u00e9quilibre parfait entre force et beaut\u00e9 avec les cl\u00f4tures en WPC<\/figcaption><\/figure>\n<figure id=\"attachment_17485\" aria-describedby=\"caption-attachment-17485\" style=\"width: 1024px\" class=\"wp-caption alignnone\"><img loading=\"lazy\" decoding=\"async\" class=\"wp-image-17485\" src=\"https:\/\/meterny.com\/wp-content\/uploads\/2024\/10\/83ZHU.jpg\" alt=\"Solutions \u00e9cologiques pour les cl\u00f4tures en WPC\" width=\"1024\" height=\"1024\" srcset=\"https:\/\/meterny.com\/wp-content\/uploads\/2024\/10\/83ZHU.jpg 800w, https:\/\/meterny.com\/wp-content\/uploads\/2024\/10\/83ZHU-300x300.jpg 300w, https:\/\/meterny.com\/wp-content\/uploads\/2024\/10\/83ZHU-150x150.jpg 150w, https:\/\/meterny.com\/wp-content\/uploads\/2024\/10\/83ZHU-768x768.jpg 768w, https:\/\/meterny.com\/wp-content\/uploads\/2024\/10\/83ZHU-600x600.jpg 600w, https:\/\/meterny.com\/wp-content\/uploads\/2024\/10\/83ZHU-100x100.jpg 100w\" sizes=\"auto, (max-width: 1024px) 100vw, 1024px\" \/><figcaption id=\"caption-attachment-17485\" class=\"wp-caption-text\">Am\u00e9liorez votre vie en plein air avec des cl\u00f4tures en WPC \u00e0 l'aspect naturel<\/figcaption><\/figure>\n<p><strong>Cl\u00f4ture de jardin en WPC<\/strong><\/p>\n<h3>Durable et imperm\u00e9able<\/h3>\n<p>Fabriqu\u00e9e \u00e0 l'aide d'une technologie d'\u00e9co-extrusion avanc\u00e9e, cette cl\u00f4ture est con\u00e7ue pour durer. Ses propri\u00e9t\u00e9s imperm\u00e9ables en font un choix id\u00e9al pour toutes les conditions m\u00e9t\u00e9orologiques, garantissant une long\u00e9vit\u00e9 et un entretien minimal. Les piliers en aluminium offrent une stabilit\u00e9 suppl\u00e9mentaire, ce qui en fait une solution de cl\u00f4ture fiable et robuste pour tout jardin.<\/p>\n<p>Installations Accessoires<\/p>\n<figure id=\"attachment_17165\" aria-describedby=\"caption-attachment-17165\" style=\"width: 1024px\" class=\"wp-caption alignnone\"><img loading=\"lazy\" decoding=\"async\" class=\"wp-image-17165\" src=\"https:\/\/meterny.com\/wp-content\/uploads\/2024\/05\/Heef5f4fd9e2c4c9a9145a852eb0aedceQ-1.png\" alt=\"Accessoires complets pour l&#039;installation de cl\u00f4tures en WPC\" width=\"1024\" height=\"1054\" srcset=\"https:\/\/meterny.com\/wp-content\/uploads\/2024\/05\/Heef5f4fd9e2c4c9a9145a852eb0aedceQ-1.png 923w, https:\/\/meterny.com\/wp-content\/uploads\/2024\/05\/Heef5f4fd9e2c4c9a9145a852eb0aedceQ-1-291x300.png 291w, https:\/\/meterny.com\/wp-content\/uploads\/2024\/05\/Heef5f4fd9e2c4c9a9145a852eb0aedceQ-1-768x790.png 768w, https:\/\/meterny.com\/wp-content\/uploads\/2024\/05\/Heef5f4fd9e2c4c9a9145a852eb0aedceQ-1-600x618.png 600w\" sizes=\"auto, (max-width: 1024px) 100vw, 1024px\" \/><figcaption id=\"caption-attachment-17165\" class=\"wp-caption-text\">Accessoires d'installation de cl\u00f4ture WPC tout-en-un pour un montage sans effort<\/figcaption><\/figure>\n<h3>Pourquoi choisir la cl\u00f4ture r\u00e9sidentielle en WPC METE1800H1850 ?<\/h3>\n<p>Conception \u00e9tanche : R\u00e9sistant \u00e0 l'humidit\u00e9 et aux conditions m\u00e9t\u00e9orologiques, il garantit la durabilit\u00e9.<\/p>\n<p>Respectueux de l'environnement : Fabriqu\u00e9 \u00e0 partir de mat\u00e9riaux durables et selon des proc\u00e9d\u00e9s respectueux de l'environnement.<\/p>\n<p>Esth\u00e9tique polyvalente : Neuf options de couleurs et deux textures de surface pour s'adapter \u00e0 votre style.<\/p>\n<p>Peu d'entretien : N\u00e9cessite un entretien minimal par rapport aux cl\u00f4tures traditionnelles en bois.<\/p>\n<p>Personnalisable : Adaptez la longueur aux dimensions sp\u00e9cifiques de votre jardin.<\/p>\n<p>Parfait pour tous les jardins<\/p>\n<p>La cl\u00f4ture r\u00e9sidentielle en WPC METE1800H1850 n'est pas seulement une cl\u00f4ture, c'est un \u00e9l\u00e9ment de design qui rehausse la beaut\u00e9 et la s\u00e9curit\u00e9 de votre jardin. Que vous cherchiez \u00e0 cr\u00e9er une retraite priv\u00e9e ou une limite d\u00e9corative, cette cl\u00f4ture est la solution id\u00e9ale pour combiner style et fonctionnalit\u00e9.<\/p>","protected":false},"excerpt":{"rendered":"<h3>Caract\u00e9ristiques principales :<\/h3>\n<p>Imperm\u00e9able et r\u00e9sistant aux intemp\u00e9ries : id\u00e9al pour une utilisation en ext\u00e9rieur sous tous les climats.<br \/>\nMat\u00e9riaux respectueux de l'environnement : Durables et respectueux de l'environnement.<br \/>\nLongueur personnalisable : Adapt\u00e9e aux dimensions sp\u00e9cifiques de votre jardin.<br \/>\nPeu d'entretien : Facile \u00e0 nettoyer et \u00e0 entretenir, contrairement au bois traditionnel.<br \/>\nOptions de double surface : Choisissez entre d'\u00e9l\u00e9gants grains de bois ou des bandes classiques pour un aspect personnalis\u00e9.<br \/>\nStabilit\u00e9 accrue : Renforc\u00e9 par des piliers en aluminium durables pour une solidit\u00e9 et une s\u00e9curit\u00e9 accrues.<\/p>\n<h3>Applications :<\/h3>\n<p>Parfait pour d\u00e9limiter les jardins, prot\u00e9ger la vie priv\u00e9e et cr\u00e9er des cl\u00f4tures d\u00e9coratives.<\/p>","protected":false},"featured_media":17473,"comment_status":"open","ping_status":"closed","template":"","meta":{"_uag_custom_page_level_css":"","site-sidebar-layout":"default","site-content-layout":"","ast-site-content-layout":"default","site-content-style":"default","site-sidebar-style":"default","ast-global-header-display":"","ast-banner-title-visibility":"","ast-main-header-display":"","ast-hfb-above-header-display":"","ast-hfb-below-header-display":"","ast-hfb-mobile-header-display":"","site-post-title":"","ast-breadcrumbs-content":"","ast-featured-img":"","footer-sml-layout":"","theme-transparent-header-meta":"default","adv-header-id-meta":"","stick-header-meta":"default","header-above-stick-meta":"","header-main-stick-meta":"","header-below-stick-meta":"","astra-migrate-meta-layouts":"set","ast-page-background-enabled":"default","ast-page-background-meta":{"desktop":{"background-color":"var(--ast-global-color-4)","background-image":"","background-repeat":"repeat","background-position":"center center","background-size":"auto","background-attachment":"scroll","background-type":"","background-media":"","overlay-type":"","overlay-color":"","overlay-opacity":"","overlay-gradient":""},"tablet":{"background-color":"","background-image":"","background-repeat":"repeat","background-position":"center center","background-size":"auto","background-attachment":"scroll","background-type":"","background-media":"","overlay-type":"","overlay-color":"","overlay-opacity":"","overlay-gradient":""},"mobile":{"background-color":"","background-image":"","background-repeat":"repeat","background-position":"center center","background-size":"auto","background-attachment":"scroll","background-type":"","background-media":"","overlay-type":"","overlay-color":"","overlay-opacity":"","overlay-gradient":""}},"ast-content-background-meta":{"desktop":{"background-color":"var(--ast-global-color-5)","background-image":"","background-repeat":"repeat","background-position":"center center","background-size":"auto","background-attachment":"scroll","background-type":"","background-media":"","overlay-type":"","overlay-color":"","overlay-opacity":"","overlay-gradient":""},"tablet":{"background-color":"var(--ast-global-color-5)","background-image":"","background-repeat":"repeat","background-position":"center center","background-size":"auto","background-attachment":"scroll","background-type":"","background-media":"","overlay-type":"","overlay-color":"","overlay-opacity":"","overlay-gradient":""},"mobile":{"background-color":"var(--ast-global-color-5)","background-image":"","background-repeat":"repeat","background-position":"center center","background-size":"auto","background-attachment":"scroll","background-type":"","background-media":"","overlay-type":"","overlay-color":"","overlay-opacity":"","overlay-gradient":""}}},"product_brand":[],"product_cat":[18],"product_tag":[186,187,188,185],"class_list":{"0":"post-20298","1":"product","2":"type-product","3":"status-publish","4":"has-post-thumbnail","6":"product_cat-uncategorized","7":"product_tag-aluminum-fence","8":"product_tag-exterior-fence","9":"product_tag-garden-fence","10":"product_tag-wpc-fence","11":"desktop-align-center","12":"tablet-align-left","13":"mobile-align-left","14":"ast-product-gallery-layout-horizontal-slider","15":"ast-product-tabs-layout-vertical","17":"first","18":"instock","19":"shipping-taxable","20":"product-type-simple"},"uagb_featured_image_src":{"full":["https:\/\/meterny.com\/wp-content\/uploads\/2024\/05\/A8c1e1d3dd6f44e7dbfc53b1a81cccee3q-1.png",800,800,false],"thumbnail":["https:\/\/meterny.com\/wp-content\/uploads\/2024\/05\/A8c1e1d3dd6f44e7dbfc53b1a81cccee3q-1-150x150.png",150,150,true],"medium":["https:\/\/meterny.com\/wp-content\/uploads\/2024\/05\/A8c1e1d3dd6f44e7dbfc53b1a81cccee3q-1-300x300.png",300,300,true],"medium_large":["https:\/\/meterny.com\/wp-content\/uploads\/2024\/05\/A8c1e1d3dd6f44e7dbfc53b1a81cccee3q-1-768x768.png",768,768,true],"large":["https:\/\/meterny.com\/wp-content\/uploads\/2024\/05\/A8c1e1d3dd6f44e7dbfc53b1a81cccee3q-1.png",800,800,false],"1536x1536":["https:\/\/meterny.com\/wp-content\/uploads\/2024\/05\/A8c1e1d3dd6f44e7dbfc53b1a81cccee3q-1.png",800,800,false],"2048x2048":["https:\/\/meterny.com\/wp-content\/uploads\/2024\/05\/A8c1e1d3dd6f44e7dbfc53b1a81cccee3q-1.png",800,800,false],"trp-custom-language-flag":["https:\/\/meterny.com\/wp-content\/uploads\/2024\/05\/A8c1e1d3dd6f44e7dbfc53b1a81cccee3q-1.png",12,12,false],"woocommerce_thumbnail":["https:\/\/meterny.com\/wp-content\/uploads\/2024\/05\/A8c1e1d3dd6f44e7dbfc53b1a81cccee3q-1-300x300.png",300,300,true],"woocommerce_single":["https:\/\/meterny.com\/wp-content\/uploads\/2024\/05\/A8c1e1d3dd6f44e7dbfc53b1a81cccee3q-1-600x600.png",600,600,true],"woocommerce_gallery_thumbnail":["https:\/\/meterny.com\/wp-content\/uploads\/2024\/05\/A8c1e1d3dd6f44e7dbfc53b1a81cccee3q-1-100x100.png",100,100,true]},"uagb_author_info":{"display_name":"meterny","author_link":"https:\/\/meterny.com\/fr\/author\/"},"uagb_comment_info":0,"uagb_excerpt":"Key Features: Waterproof and Weather-Resistant: Ideal for outdoor use in all climates. Eco-Friendly Materials: Sustainable and environmentally conscious. Customizable Length: Tailored to fit your garden's specific dimensions. Low Maintenance: Easy to clean and maintain, unlike traditional wood. Dual Surface Options: Choose between elegant wood grains or classic strips for a personalized look. Enhanced Stability: Reinforced\u2026","_links":{"self":[{"href":"https:\/\/meterny.com\/fr\/wp-json\/wp\/v2\/product\/20298","targetHints":{"allow":["GET"]}}],"collection":[{"href":"https:\/\/meterny.com\/fr\/wp-json\/wp\/v2\/product"}],"about":[{"href":"https:\/\/meterny.com\/fr\/wp-json\/wp\/v2\/types\/product"}],"replies":[{"embeddable":true,"href":"https:\/\/meterny.com\/fr\/wp-json\/wp\/v2\/comments?post=20298"}],"wp:featuredmedia":[{"embeddable":true,"href":"https:\/\/meterny.com\/fr\/wp-json\/wp\/v2\/media\/17473"}],"wp:attachment":[{"href":"https:\/\/meterny.com\/fr\/wp-json\/wp\/v2\/media?parent=20298"}],"wp:term":[{"taxonomy":"product_brand","embeddable":true,"href":"https:\/\/meterny.com\/fr\/wp-json\/wp\/v2\/product_brand?post=20298"},{"taxonomy":"product_cat","embeddable":true,"href":"https:\/\/meterny.com\/fr\/wp-json\/wp\/v2\/product_cat?post=20298"},{"taxonomy":"product_tag","embeddable":true,"href":"https:\/\/meterny.com\/fr\/wp-json\/wp\/v2\/product_tag?post=20298"}],"curies":[{"name":"wp","href":"https:\/\/api.w.org\/{rel}","templated":true}]}}