{"id":20305,"date":"2024-12-15T13:42:16","date_gmt":"2024-12-15T13:42:16","guid":{"rendered":"https:\/\/meterny.com\/?post_type=product&#038;p=20305"},"modified":"2025-01-18T09:27:23","modified_gmt":"2025-01-18T09:27:23","slug":"customized-wpc-flooring","status":"publish","type":"product","link":"https:\/\/meterny.com\/fr\/produit\/customized-wpc-flooring\/","title":{"rendered":"Rev\u00eatements de sol WPC personnalis\u00e9s pour les projets d'ext\u00e9rieur haut de gamme"},"content":{"rendered":"<div class=\"elementor-element elementor-element-c0e1d42 elementor-widget elementor-widget-heading\" data-id=\"c0e1d42\" data-element_type=\"widget\" data-widget_type=\"heading.default\">\n<div class=\"elementor-widget-container\">\n<h2 class=\"elementor-heading-title elementor-size-default\" style=\"text-align: center;\">Rev\u00eatement de sol WPC personnalis\u00e9 pour les projets d'ext\u00e9rieur haut de gamme Sp\u00e9cification<\/h2>\n<\/div>\n<\/div>\n<div class=\"elementor-element elementor-element-1f676da elementor-widget elementor-widget-heading\" data-id=\"1f676da\" data-element_type=\"widget\" data-widget_type=\"heading.default\">\n<h3><strong>Vue d'ensemble<\/strong><\/h3>\n<p id=\"\">Am\u00e9liorez vos espaces de vie ext\u00e9rieurs avec les rev\u00eatements de sol WPC personnalis\u00e9s, con\u00e7us sp\u00e9cifiquement pour les projets d'ext\u00e9rieur haut de gamme. Combinant la beaut\u00e9 naturelle du bois avec la durabilit\u00e9 et la r\u00e9sistance aux intemp\u00e9ries du plastique, notre rev\u00eatement de sol WPC personnalis\u00e9 offre une solution luxueuse et durable pour vos besoins ext\u00e9rieurs.<\/p>\n<div class=\"elementor-element elementor-element-1f676da elementor-widget elementor-widget-heading\" data-id=\"1f676da\" data-element_type=\"widget\" data-widget_type=\"heading.default\">\n<p><strong>Mod\u00e8le<\/strong>: METE140H25<br \/>\n<strong>Type<\/strong>: WPC Decking\/Floor<br \/>\n<strong>Taille<\/strong>: 140\u00d725mm<\/p>\n<p><strong>Surface<\/strong>: Grains droits<br \/>\n<strong>Longueur<\/strong>2,9 m ou sur mesure<br \/>\n<strong>Mat\u00e9riau<\/strong>: Bois composite<br \/>\n<strong>Technologie des produits<\/strong>: Eco-extrusion<\/p>\n<\/div>\n<figure id=\"attachment_17415\" aria-describedby=\"caption-attachment-17415\" style=\"width: 1024px\" class=\"wp-caption alignnone\"><img loading=\"lazy\" decoding=\"async\" class=\"wp-image-17415\" src=\"https:\/\/meterny.com\/wp-content\/uploads\/2024\/10\/Teak.png\" alt=\"Rev\u00eatements de sol WPC personnalis\u00e9s pour les projets d&#039;ext\u00e9rieur haut de gamme\" width=\"1024\" height=\"1024\" srcset=\"https:\/\/meterny.com\/wp-content\/uploads\/2024\/10\/Teak.png 800w, https:\/\/meterny.com\/wp-content\/uploads\/2024\/10\/Teak-300x300.png 300w, https:\/\/meterny.com\/wp-content\/uploads\/2024\/10\/Teak-150x150.png 150w, https:\/\/meterny.com\/wp-content\/uploads\/2024\/10\/Teak-768x768.png 768w, https:\/\/meterny.com\/wp-content\/uploads\/2024\/10\/Teak-600x600.png 600w, https:\/\/meterny.com\/wp-content\/uploads\/2024\/10\/Teak-100x100.png 100w\" sizes=\"auto, (max-width: 1024px) 100vw, 1024px\" \/><figcaption id=\"caption-attachment-17415\" class=\"wp-caption-text\">Rev\u00eatements de sol WPC personnalis\u00e9s : Con\u00e7u pour les espaces ext\u00e9rieurs haut de gamme.<\/figcaption><\/figure>\n<hr \/>\n<p id=\"\"><strong>Caract\u00e9ristiques principales<\/strong><\/p>\n<ol>\n<li><strong>Options de conception personnalisables<\/strong>:\n<ul>\n<li>Choisissez parmi une large gamme de couleurs, de textures et de finitions pour vous adapter \u00e0 votre style et \u00e0 votre d\u00e9cor.<\/li>\n<li>Personnalisez votre rev\u00eatement de sol avec des motifs, des logos ou d'autres \u00e9l\u00e9ments de conception pour cr\u00e9er un aspect vraiment unique.<\/li>\n<\/ul>\n<\/li>\n<li><strong>Durabilit\u00e9 et r\u00e9sistance aux intemp\u00e9ries<\/strong>:\n<ul>\n<li>Con\u00e7u pour r\u00e9sister \u00e0 des conditions m\u00e9t\u00e9orologiques extr\u00eames, y compris la chaleur, le froid, la pluie et la neige.<\/li>\n<li>R\u00e9sistant \u00e0 la d\u00e9coloration, \u00e0 la fissuration et au gauchissement, il garantit des performances et une beaut\u00e9 durables.<\/li>\n<\/ul>\n<\/li>\n<li><strong>R\u00e9sistance aux rayures et aux taches<\/strong>:\n<ul>\n<li>Une couche d'usure sp\u00e9ciale renforce la r\u00e9sistance aux rayures, prot\u00e9geant ainsi votre rev\u00eatement de sol de l'usure quotidienne.<\/li>\n<li>Facile \u00e0 nettoyer et \u00e0 entretenir, il r\u00e9siste aux taches et aux autres formes de d\u00e9t\u00e9rioration de la surface.<\/li>\n<\/ul>\n<\/li>\n<li><strong>Respectueux de l'environnement et durable<\/strong>:\n<ul>\n<li>Fabriqu\u00e9 \u00e0 partir de mat\u00e9riaux recycl\u00e9s, y compris des fibres de bois et des d\u00e9chets plastiques, ce qui r\u00e9duit l'impact sur l'environnement.<\/li>\n<li>Soutient les pratiques foresti\u00e8res durables et r\u00e9duit les d\u00e9chets dans le processus de production.<\/li>\n<\/ul>\n<\/li>\n<li><strong>Installation et entretien faciles<\/strong>:\n<ul>\n<li>Con\u00e7u avec un syst\u00e8me de verrouillage pour une installation facile, sans colle ni clous.<\/li>\n<li>Facile \u00e0 nettoyer et \u00e0 entretenir, il ne n\u00e9cessite qu'un minimum d'efforts pour que vos sols conservent leur \u00e9clat.<\/li>\n<\/ul>\n<\/li>\n<\/ol>\n<hr \/>\n<p id=\"\"><strong>Options de personnalisation<\/strong><\/p>\n<ul>\n<li><strong>Taille et forme<\/strong>: Personnalisez la taille et la forme de votre rev\u00eatement de sol WPC pour l'adapter \u00e0 n'importe quel espace, qu'il s'agisse d'un petit patio ou d'une grande terrasse ext\u00e9rieure.<\/li>\n<li><strong>Couleur et texture<\/strong>: Choisissez parmi une vari\u00e9t\u00e9 de couleurs et de textures pour vous adapter \u00e0 votre d\u00e9cor existant ou cr\u00e9er un nouveau look \u00e0 votre go\u00fbt.<\/li>\n<li><strong>Motif et conception<\/strong>: Ajoutez des motifs personnalis\u00e9s, des logos ou d'autres \u00e9l\u00e9ments de conception pour personnaliser votre rev\u00eatement de sol et le rendre vraiment unique.<\/li>\n<li><strong>Am\u00e9lioration des performances<\/strong>: Optez pour des caract\u00e9ristiques suppl\u00e9mentaires telles que la r\u00e9sistance aux UV, les propri\u00e9t\u00e9s antid\u00e9rapantes ou l'absorption acoustique pour am\u00e9liorer les performances de votre rev\u00eatement de sol WPC.<\/li>\n<\/ul>\n<hr \/>\n<p id=\"\"><strong>Applications<\/strong><\/p>\n<ul>\n<li>Terrasses et patios ext\u00e9rieurs<\/li>\n<li>Abords des piscines et maisons de plage<\/li>\n<li>Jardins et espaces paysagers<\/li>\n<li>Espaces ext\u00e9rieurs commerciaux, tels que les restaurants et les h\u00f4tels<\/li>\n<\/ul>\n<hr \/>\n<h3>Si vous voulez en savoir plus, cliquez sur ce lien vers Youtube :<a href=\"https:\/\/youtu.be\/wB89vlDIY9o\" target=\"_blank\" rel=\"noopener\">https:\/\/youtu.be\/wB89vlDIY9o<\/a><\/h3>\n<p>&nbsp;<\/p>\n<h3><strong>Galerie<\/strong><\/h3>\n<figure id=\"attachment_17413\" aria-describedby=\"caption-attachment-17413\" style=\"width: 1024px\" class=\"wp-caption alignnone\"><img loading=\"lazy\" decoding=\"async\" class=\"wp-image-17413\" src=\"https:\/\/meterny.com\/wp-content\/uploads\/2024\/10\/1-9.jpg\" alt=\"Rev\u00eatement de sol WPC imperm\u00e9able pour les terrasses ext\u00e9rieures\" width=\"1024\" height=\"1024\" srcset=\"https:\/\/meterny.com\/wp-content\/uploads\/2024\/10\/1-9.jpg 464w, https:\/\/meterny.com\/wp-content\/uploads\/2024\/10\/1-9-300x300.jpg 300w, https:\/\/meterny.com\/wp-content\/uploads\/2024\/10\/1-9-150x150.jpg 150w, https:\/\/meterny.com\/wp-content\/uploads\/2024\/10\/1-9-100x100.jpg 100w\" sizes=\"auto, (max-width: 1024px) 100vw, 1024px\" \/><figcaption id=\"caption-attachment-17413\" class=\"wp-caption-text\">Am\u00e9liorez votre espace ext\u00e9rieur avec un rev\u00eatement de sol WPC imperm\u00e9able et durable<\/figcaption><\/figure>\n<figure id=\"attachment_17392\" aria-describedby=\"caption-attachment-17392\" style=\"width: 1024px\" class=\"wp-caption alignnone\"><img loading=\"lazy\" decoding=\"async\" class=\"wp-image-17392\" src=\"https:\/\/meterny.com\/wp-content\/uploads\/2024\/03\/1-3.jpg\" alt=\"Panneaux de rev\u00eatement de sol Wpc en grain de bois\" width=\"1024\" height=\"1024\" srcset=\"https:\/\/meterny.com\/wp-content\/uploads\/2024\/03\/1-3.jpg 800w, https:\/\/meterny.com\/wp-content\/uploads\/2024\/03\/1-3-300x300.jpg 300w, https:\/\/meterny.com\/wp-content\/uploads\/2024\/03\/1-3-150x150.jpg 150w, https:\/\/meterny.com\/wp-content\/uploads\/2024\/03\/1-3-768x768.jpg 768w, https:\/\/meterny.com\/wp-content\/uploads\/2024\/03\/1-3-600x600.jpg 600w, https:\/\/meterny.com\/wp-content\/uploads\/2024\/03\/1-3-100x100.jpg 100w\" sizes=\"auto, (max-width: 1024px) 100vw, 1024px\" \/><figcaption id=\"caption-attachment-17392\" class=\"wp-caption-text\">Rev\u00eatement de sol WPC couleur teck : L'\u00e9l\u00e9gance intemporelle du bois avec une durabilit\u00e9 moderne.<\/figcaption><\/figure>\n<\/div>\n<div class=\"elementor-element elementor-element-1f676da elementor-widget elementor-widget-heading\" data-id=\"1f676da\" data-element_type=\"widget\" data-widget_type=\"heading.default\">\n<h3 style=\"text-align: left;\"><strong>Description<\/strong><\/h3>\n<p id=\"\"><strong>Description succincte : Rev\u00eatements de sol WPC personnalis\u00e9s pour les projets d'ext\u00e9rieur haut de gamme<\/strong><\/p>\n<p id=\"\">Am\u00e9liorez vos espaces de vie ext\u00e9rieurs avec notre rev\u00eatement de sol WPC (Wood Plastic Composite) haut de gamme et personnalisable. Con\u00e7us sp\u00e9cialement pour les projets d'ext\u00e9rieur haut de gamme, nos rev\u00eatements de sol allient la beaut\u00e9 naturelle du bois \u00e0 la durabilit\u00e9 et \u00e0 la r\u00e9sistance aux intemp\u00e9ries du plastique. Choisissez parmi une large gamme de couleurs, de textures et de finitions pour correspondre \u00e0 votre style unique, et profitez des avantages \u00e9cologiques des mat\u00e9riaux recycl\u00e9s. Faciles \u00e0 installer et \u00e0 entretenir, nos rev\u00eatements de sol WPC personnalis\u00e9s sont parfaits pour les terrasses, les patios, les abords de piscine et bien plus encore.<\/p>\n<p>Meterny S\u00e9rie METE Carte de couleurs des sols WPC<\/p>\n<figure id=\"attachment_20293\" aria-describedby=\"caption-attachment-20293\" style=\"width: 1024px\" class=\"wp-caption alignnone\"><img loading=\"lazy\" decoding=\"async\" class=\"wp-image-20293\" src=\"https:\/\/meterny.com\/wp-content\/uploads\/2024\/10\/METE-Series-Colour-151.png\" alt=\"Options de couleur de la cl\u00f4ture WPC Meterny\" width=\"1024\" height=\"1024\" srcset=\"https:\/\/meterny.com\/wp-content\/uploads\/2024\/10\/METE-Series-Colour-151.png 900w, https:\/\/meterny.com\/wp-content\/uploads\/2024\/10\/METE-Series-Colour-151-300x300.png 300w, https:\/\/meterny.com\/wp-content\/uploads\/2024\/10\/METE-Series-Colour-151-150x150.png 150w, https:\/\/meterny.com\/wp-content\/uploads\/2024\/10\/METE-Series-Colour-151-768x768.png 768w, https:\/\/meterny.com\/wp-content\/uploads\/2024\/10\/METE-Series-Colour-151-600x600.png 600w, https:\/\/meterny.com\/wp-content\/uploads\/2024\/10\/METE-Series-Colour-151-100x100.png 100w\" sizes=\"auto, (max-width: 1024px) 100vw, 1024px\" \/><figcaption id=\"caption-attachment-20293\" class=\"wp-caption-text\">Explore Meterny WPC Floor- Nine Stunning Color Options for Every Style (neuf options de couleur \u00e9tonnantes pour tous les styles)<\/figcaption><\/figure>\n<h3>Pourquoi choisir un rev\u00eatement de sol WPC personnalis\u00e9 pour les projets d'ext\u00e9rieur haut de gamme ?<\/h3>\n<p id=\"\">Le choix d'un rev\u00eatement de sol WPC (Wood Plastic Composite) personnalis\u00e9 pour les projets ext\u00e9rieurs haut de gamme offre plusieurs avantages convaincants :<\/p>\n<ol>\n<li>\n<p id=\"\"><strong>Durabilit\u00e9 et r\u00e9sistance aux intemp\u00e9ries<\/strong>: Les rev\u00eatements de sol WPC sont con\u00e7us pour r\u00e9sister \u00e0 des conditions climatiques extr\u00eames, notamment la chaleur, le froid, la pluie et la neige. Ainsi, vos espaces de vie ext\u00e9rieurs restent beaux et fonctionnels quelle que soit la saison.<\/p>\n<\/li>\n<li>\n<p id=\"\"><strong>Options de conception personnalisables<\/strong>: Avec un rev\u00eatement de sol WPC personnalis\u00e9, vous pouvez choisir parmi une large gamme de couleurs, de textures et de finitions pour correspondre \u00e0 votre style et \u00e0 votre d\u00e9cor uniques. Cela vous permet de cr\u00e9er un espace ext\u00e9rieur vraiment personnalis\u00e9 qui refl\u00e8te votre personnalit\u00e9 et vos go\u00fbts.<\/p>\n<\/li>\n<li>\n<p id=\"\"><strong>R\u00e9sistance aux rayures et aux taches<\/strong>: Les rev\u00eatements de sol WPC sont r\u00e9sistants aux rayures, aux taches et aux autres formes d'endommagement de la surface. Cela signifie que vos sols ext\u00e9rieurs conserveront leur aspect optimal, m\u00eame en cas d'utilisation et d'usure quotidiennes.<\/p>\n<\/li>\n<li>\n<p id=\"\"><strong>Respectueux de l'environnement et durable<\/strong>: Les rev\u00eatements de sol WPC personnalis\u00e9s sont fabriqu\u00e9s \u00e0 partir de mat\u00e9riaux recycl\u00e9s, notamment des fibres de bois et des d\u00e9chets plastiques. Cela permet de r\u00e9duire l'impact sur l'environnement et de soutenir les pratiques foresti\u00e8res durables, ce qui en fait un choix respectueux de l'environnement pour les projets ext\u00e9rieurs haut de gamme.<\/p>\n<\/li>\n<li>\n<p id=\"\"><strong>Installation et entretien faciles<\/strong>: Notre rev\u00eatement de sol WPC personnalis\u00e9 est con\u00e7u avec un syst\u00e8me de verrouillage pour une installation facile, ne n\u00e9cessitant ni colle ni clous. Il s'agit donc d'une option pratique et rentable pour les projets d'ext\u00e9rieur haut de gamme. En outre, le rev\u00eatement de sol WPC est facile \u00e0 nettoyer et \u00e0 entretenir, ce qui vous permet d'\u00e9conomiser du temps et des efforts.<\/p>\n<\/li>\n<li>\n<p id=\"\"><strong>Caract\u00e9ristiques de performance am\u00e9lior\u00e9es<\/strong>: En fonction de vos besoins sp\u00e9cifiques, vous pouvez opter pour des performances suppl\u00e9mentaires telles que la r\u00e9sistance aux UV, les propri\u00e9t\u00e9s antid\u00e9rapantes ou l'absorption acoustique. Ces caract\u00e9ristiques peuvent encore am\u00e9liorer la fonctionnalit\u00e9 et l'attrait de vos espaces de vie ext\u00e9rieurs.<\/p>\n<\/li>\n<\/ol>\n<p id=\"\">En r\u00e9sum\u00e9, les rev\u00eatements de sol WPC personnalis\u00e9s offrent une combinaison de durabilit\u00e9, de souplesse de conception, de respect de l'environnement et de facilit\u00e9 d'installation et d'entretien qui en font un choix id\u00e9al pour les projets d'ext\u00e9rieur haut de gamme.<\/p>\n<\/div>","protected":false},"excerpt":{"rendered":"<p>Rev\u00eatement de sol WPC personnalis\u00e9 pour les projets d'ext\u00e9rieur haut de gamme Aper\u00e7u des sp\u00e9cifications \u00c9levez vos espaces de vie ext\u00e9rieurs avec le rev\u00eatement de sol WPC personnalis\u00e9, con\u00e7u sp\u00e9cifiquement pour [...]<\/p>","protected":false},"featured_media":17415,"comment_status":"open","ping_status":"closed","template":"","meta":{"_uag_custom_page_level_css":"","site-sidebar-layout":"default","site-content-layout":"","ast-site-content-layout":"default","site-content-style":"default","site-sidebar-style":"default","ast-global-header-display":"","ast-banner-title-visibility":"","ast-main-header-display":"","ast-hfb-above-header-display":"","ast-hfb-below-header-display":"","ast-hfb-mobile-header-display":"","site-post-title":"","ast-breadcrumbs-content":"","ast-featured-img":"","footer-sml-layout":"","theme-transparent-header-meta":"default","adv-header-id-meta":"","stick-header-meta":"default","header-above-stick-meta":"","header-main-stick-meta":"","header-below-stick-meta":"","astra-migrate-meta-layouts":"set","ast-page-background-enabled":"default","ast-page-background-meta":{"desktop":{"background-color":"var(--ast-global-color-4)","background-image":"","background-repeat":"repeat","background-position":"center center","background-size":"auto","background-attachment":"scroll","background-type":"","background-media":"","overlay-type":"","overlay-color":"","overlay-opacity":"","overlay-gradient":""},"tablet":{"background-color":"","background-image":"","background-repeat":"repeat","background-position":"center center","background-size":"auto","background-attachment":"scroll","background-type":"","background-media":"","overlay-type":"","overlay-color":"","overlay-opacity":"","overlay-gradient":""},"mobile":{"background-color":"","background-image":"","background-repeat":"repeat","background-position":"center center","background-size":"auto","background-attachment":"scroll","background-type":"","background-media":"","overlay-type":"","overlay-color":"","overlay-opacity":"","overlay-gradient":""}},"ast-content-background-meta":{"desktop":{"background-color":"var(--ast-global-color-5)","background-image":"","background-repeat":"repeat","background-position":"center center","background-size":"auto","background-attachment":"scroll","background-type":"","background-media":"","overlay-type":"","overlay-color":"","overlay-opacity":"","overlay-gradient":""},"tablet":{"background-color":"var(--ast-global-color-5)","background-image":"","background-repeat":"repeat","background-position":"center center","background-size":"auto","background-attachment":"scroll","background-type":"","background-media":"","overlay-type":"","overlay-color":"","overlay-opacity":"","overlay-gradient":""},"mobile":{"background-color":"var(--ast-global-color-5)","background-image":"","background-repeat":"repeat","background-position":"center center","background-size":"auto","background-attachment":"scroll","background-type":"","background-media":"","overlay-type":"","overlay-color":"","overlay-opacity":"","overlay-gradient":""}}},"product_brand":[],"product_cat":[18],"product_tag":[182,181],"class_list":{"0":"post-20305","1":"product","2":"type-product","3":"status-publish","4":"has-post-thumbnail","6":"product_cat-uncategorized","7":"product_tag-wpc-decking","8":"product_tag-wpc-flooring","9":"desktop-align-center","10":"tablet-align-left","11":"mobile-align-left","12":"ast-product-gallery-layout-horizontal-slider","13":"ast-product-tabs-layout-vertical","15":"first","16":"instock","17":"featured","18":"shipping-taxable","19":"product-type-simple"},"uagb_featured_image_src":{"full":["https:\/\/meterny.com\/wp-content\/uploads\/2024\/10\/Teak.png",800,800,false],"thumbnail":["https:\/\/meterny.com\/wp-content\/uploads\/2024\/10\/Teak-150x150.png",150,150,true],"medium":["https:\/\/meterny.com\/wp-content\/uploads\/2024\/10\/Teak-300x300.png",300,300,true],"medium_large":["https:\/\/meterny.com\/wp-content\/uploads\/2024\/10\/Teak-768x768.png",768,768,true],"large":["https:\/\/meterny.com\/wp-content\/uploads\/2024\/10\/Teak.png",800,800,false],"1536x1536":["https:\/\/meterny.com\/wp-content\/uploads\/2024\/10\/Teak.png",800,800,false],"2048x2048":["https:\/\/meterny.com\/wp-content\/uploads\/2024\/10\/Teak.png",800,800,false],"trp-custom-language-flag":["https:\/\/meterny.com\/wp-content\/uploads\/2024\/10\/Teak.png",12,12,false],"woocommerce_thumbnail":["https:\/\/meterny.com\/wp-content\/uploads\/2024\/10\/Teak-300x300.png",300,300,true],"woocommerce_single":["https:\/\/meterny.com\/wp-content\/uploads\/2024\/10\/Teak-600x600.png",600,600,true],"woocommerce_gallery_thumbnail":["https:\/\/meterny.com\/wp-content\/uploads\/2024\/10\/Teak-100x100.png",100,100,true]},"uagb_author_info":{"display_name":"meterny","author_link":"https:\/\/meterny.com\/fr\/author\/"},"uagb_comment_info":0,"uagb_excerpt":"Customized WPC Flooring for High-End Outdoor Projects Specification Overview Elevate your\u00a0outdoor living spaces with Customized WPC Flooring, designed specifically for [&hellip;]","_links":{"self":[{"href":"https:\/\/meterny.com\/fr\/wp-json\/wp\/v2\/product\/20305","targetHints":{"allow":["GET"]}}],"collection":[{"href":"https:\/\/meterny.com\/fr\/wp-json\/wp\/v2\/product"}],"about":[{"href":"https:\/\/meterny.com\/fr\/wp-json\/wp\/v2\/types\/product"}],"replies":[{"embeddable":true,"href":"https:\/\/meterny.com\/fr\/wp-json\/wp\/v2\/comments?post=20305"}],"wp:featuredmedia":[{"embeddable":true,"href":"https:\/\/meterny.com\/fr\/wp-json\/wp\/v2\/media\/17415"}],"wp:attachment":[{"href":"https:\/\/meterny.com\/fr\/wp-json\/wp\/v2\/media?parent=20305"}],"wp:term":[{"taxonomy":"product_brand","embeddable":true,"href":"https:\/\/meterny.com\/fr\/wp-json\/wp\/v2\/product_brand?post=20305"},{"taxonomy":"product_cat","embeddable":true,"href":"https:\/\/meterny.com\/fr\/wp-json\/wp\/v2\/product_cat?post=20305"},{"taxonomy":"product_tag","embeddable":true,"href":"https:\/\/meterny.com\/fr\/wp-json\/wp\/v2\/product_tag?post=20305"}],"curies":[{"name":"wp","href":"https:\/\/api.w.org\/{rel}","templated":true}]}}