{"id":20827,"date":"2025-01-09T08:33:11","date_gmt":"2025-01-09T08:33:11","guid":{"rendered":"https:\/\/meterny.com\/?post_type=product&#038;p=20827"},"modified":"2025-01-13T08:50:33","modified_gmt":"2025-01-13T08:50:33","slug":"eco-friendly-choice-wpc-wall-panels","status":"publish","type":"product","link":"https:\/\/meterny.com\/fr\/produit\/eco-friendly-choice-wpc-wall-panels\/","title":{"rendered":"Choix \u00e9cologique - Panneaux muraux en WPC : Adopter la tendance de la maison verte"},"content":{"rendered":"<div class=\"elementor-element elementor-element-c0e1d42 elementor-widget elementor-widget-heading\" data-id=\"c0e1d42\" data-element_type=\"widget\" data-widget_type=\"heading.default\">\n<div class=\"elementor-widget-container\">\n<h2 class=\"elementor-heading-title elementor-size-default\" style=\"text-align: center;\">Choix \u00e9cologique - Panneaux muraux en WPC : Adopter la tendance de la maison verte Sp\u00e9cification<\/h2>\n<\/div>\n<\/div>\n<div class=\"elementor-element elementor-element-1f676da elementor-widget elementor-widget-heading\" data-id=\"1f676da\" data-element_type=\"widget\" data-widget_type=\"heading.default\">\n<p id=\"\"><strong>Introduction<\/strong>:<br \/>\nNous vous pr\u00e9sentons nos panneaux muraux WPC Eco-Friendly Choice, le m\u00e9lange parfait de la nature et de la technologie moderne con\u00e7u pour apporter une touche de vert \u00e0 votre maison tout en am\u00e9liorant son attrait esth\u00e9tique. Fabriqu\u00e9s en composite bois-plastique (WPC) de haute qualit\u00e9, ces panneaux sont non seulement \u00e9l\u00e9gants mais aussi respectueux de l'environnement, ce qui en fait le choix id\u00e9al pour les propri\u00e9taires soucieux de l'environnement.<\/p>\n<p><strong>Mod\u00e8le<\/strong>: METE227H25<br \/>\n<strong>Type<\/strong>: Panneaux muraux WPC \u00e9cologiques<br \/>\n<strong>Taille<\/strong>227\u00d725mm<\/p>\n<p><strong>Surface<\/strong>: Grains droits<br \/>\n<strong>Longueur<\/strong>2,9 m ou sur mesure<br \/>\n<strong>Mat\u00e9riau<\/strong>: Bois composite<br \/>\n<strong>Technologie des produits<\/strong>: Eco-extrusion<\/p>\n<hr \/>\n<h3><strong>Caract\u00e9ristiques principales<\/strong>:<\/h3>\n<ol>\n<li><strong>Mat\u00e9riau \u00e9cologique<\/strong>:\n<ul>\n<li>Notre choix \u00e9cologique Les panneaux muraux en WPC sont fabriqu\u00e9s \u00e0 partir de fibres de bois et de plastique recycl\u00e9s, ce qui permet de r\u00e9duire les d\u00e9chets et de promouvoir le d\u00e9veloppement durable.<\/li>\n<li>Ils sont 100% non toxiques et n'\u00e9mettent pas de substances chimiques nocives, ce qui garantit un environnement de vie s\u00fbr pour vous et votre famille.<\/li>\n<\/ul>\n<\/li>\n<li><strong>Durabilit\u00e9 et long\u00e9vit\u00e9<\/strong>:\n<ul>\n<li>Con\u00e7us pour r\u00e9sister \u00e0 l'\u00e9preuve du temps, nos panneaux muraux en WPC sont r\u00e9sistants \u00e0 la d\u00e9coloration, \u00e0 la fissuration et \u00e0 la d\u00e9formation.<\/li>\n<li>Ils sont \u00e9galement r\u00e9sistants aux termites et \u00e0 l'humidit\u00e9, ce qui les rend adapt\u00e9s \u00e0 diverses applications int\u00e9rieures et ext\u00e9rieures.<\/li>\n<\/ul>\n<\/li>\n<li><strong>Installation facile<\/strong>:\n<ul>\n<li>Gagnez du temps et de l'argent avec nos panneaux muraux WPC Eco-Friendly Choice faciles \u00e0 installer. Aucun outil ou comp\u00e9tence particuli\u00e8re n'est n\u00e9cessaire.<\/li>\n<li>Il suffit de le d\u00e9couper \u00e0 la bonne taille, de le mettre en place et de profiter de votre nouveau mur \u00e9l\u00e9gant en un rien de temps.<\/li>\n<\/ul>\n<\/li>\n<li><strong>Styles polyvalents<\/strong>:\n<ul>\n<li>Choisissez parmi une large gamme de couleurs, de textures et de finitions pour vous adapter \u00e0 votre style personnel et \u00e0 la d\u00e9coration de votre maison.<\/li>\n<li>Nos panneaux muraux en WPC peuvent \u00eatre utilis\u00e9s pour cr\u00e9er des murs d'accentuation, souligner des d\u00e9tails architecturaux ou couvrir des pi\u00e8ces enti\u00e8res pour un aspect coh\u00e9rent.<\/li>\n<\/ul>\n<\/li>\n<li><strong>Rentabilit\u00e9<\/strong>:\n<ul>\n<li>Profitez du luxe d'une d\u00e9coration murale haut de gamme sans vous ruiner. Nos panneaux muraux en WPC offrent un rapport qualit\u00e9-prix exceptionnel.<\/li>\n<li>Ils n\u00e9cessitent \u00e9galement peu d'entretien, ce qui vous permet d'\u00e9conomiser de l'argent sur les r\u00e9parations et les remplacements au fil du temps.<\/li>\n<\/ul>\n<\/li>\n<\/ol>\n<hr \/>\n<h3><strong>Sp\u00e9cifications des produits<\/strong>:<\/h3>\n<ul>\n<li><strong>Mat\u00e9riau<\/strong>: Composite bois-plastique (WPC)<\/li>\n<li><strong>Dimensions<\/strong>: 135*119*23mm\/217*201*28mm\/227*210*25mm<\/li>\n<li><strong>\u00c9paisseur<\/strong>23\/25\/28mm<\/li>\n<li><strong>Poids<\/strong>: 3kg\/m\u00e8tre<\/li>\n<li><strong>Options de couleur<\/strong>: noir\/teck\/marron\/double couleur<\/li>\n<li><strong>Options de finition<\/strong>: grain de bois 3d<\/li>\n<li><strong>M\u00e9thode d'installation<\/strong>Les caract\u00e9ristiques techniques sont les suivantes : rainure et languette, syst\u00e8me de clips, etc.<\/li>\n<li><strong>Garantie<\/strong>: plus de 10 ans<\/li>\n<\/ul>\n<h3>Si vous voulez en savoir plus, cliquez sur le lien vers You Tube :<a href=\"https:\/\/youtu.be\/tvSl5yo4US0\" target=\"_blank\" rel=\"noopener\">https:\/\/youtu.be\/tvSl5yo4US0<\/a><\/h3>\n<h3><\/h3>\n<h3>Galerie<\/h3>\n<figure id=\"attachment_17359\" aria-describedby=\"caption-attachment-17359\" style=\"width: 1024px\" class=\"wp-caption alignnone\"><img loading=\"lazy\" decoding=\"async\" class=\"wp-image-17359\" src=\"https:\/\/meterny.com\/wp-content\/uploads\/2024\/04\/60.png\" alt=\"Panneaux muraux d\u00e9coratifs en WPC pour l&#039;ext\u00e9rieur\" width=\"1024\" height=\"1025\" srcset=\"https:\/\/meterny.com\/wp-content\/uploads\/2024\/04\/60.png 734w, https:\/\/meterny.com\/wp-content\/uploads\/2024\/04\/60-300x300.png 300w, https:\/\/meterny.com\/wp-content\/uploads\/2024\/04\/60-150x150.png 150w, https:\/\/meterny.com\/wp-content\/uploads\/2024\/04\/60-600x601.png 600w, https:\/\/meterny.com\/wp-content\/uploads\/2024\/04\/60-100x100.png 100w\" sizes=\"auto, (max-width: 1024px) 100vw, 1024px\" \/><figcaption id=\"caption-attachment-17359\" class=\"wp-caption-text\">Ajoutez du style \u00e0 votre ext\u00e9rieur avec des panneaux d\u00e9coratifs en WPC.<\/figcaption><\/figure>\n<figure id=\"attachment_17360\" aria-describedby=\"caption-attachment-17360\" style=\"width: 1024px\" class=\"wp-caption alignnone\"><img loading=\"lazy\" decoding=\"async\" class=\"wp-image-17360\" src=\"https:\/\/meterny.com\/wp-content\/uploads\/2024\/04\/63.png\" alt=\"Panneaux muraux en WPC pour le rev\u00eatement ext\u00e9rieur\" width=\"1024\" height=\"1024\" srcset=\"https:\/\/meterny.com\/wp-content\/uploads\/2024\/04\/63.png 800w, https:\/\/meterny.com\/wp-content\/uploads\/2024\/04\/63-300x300.png 300w, https:\/\/meterny.com\/wp-content\/uploads\/2024\/04\/63-150x150.png 150w, https:\/\/meterny.com\/wp-content\/uploads\/2024\/04\/63-768x768.png 768w, https:\/\/meterny.com\/wp-content\/uploads\/2024\/04\/63-600x600.png 600w, https:\/\/meterny.com\/wp-content\/uploads\/2024\/04\/63-100x100.png 100w\" sizes=\"auto, (max-width: 1024px) 100vw, 1024px\" \/><figcaption id=\"caption-attachment-17360\" class=\"wp-caption-text\">Panneaux muraux en WPC r\u00e9sistants aux intemp\u00e9ries pour le rev\u00eatement ext\u00e9rieur<\/figcaption><\/figure>\n<figure id=\"attachment_17355\" aria-describedby=\"caption-attachment-17355\" style=\"width: 1024px\" class=\"wp-caption alignnone\"><img loading=\"lazy\" decoding=\"async\" class=\"wp-image-17355\" src=\"https:\/\/meterny.com\/wp-content\/uploads\/2024\/04\/28.png\" alt=\"Panneau mural d\u00e9coratif en WPC\" width=\"1024\" height=\"1024\" srcset=\"https:\/\/meterny.com\/wp-content\/uploads\/2024\/04\/28.png 800w, https:\/\/meterny.com\/wp-content\/uploads\/2024\/04\/28-300x300.png 300w, https:\/\/meterny.com\/wp-content\/uploads\/2024\/04\/28-150x150.png 150w, https:\/\/meterny.com\/wp-content\/uploads\/2024\/04\/28-768x768.png 768w, https:\/\/meterny.com\/wp-content\/uploads\/2024\/04\/28-600x600.png 600w, https:\/\/meterny.com\/wp-content\/uploads\/2024\/04\/28-100x100.png 100w\" sizes=\"auto, (max-width: 1024px) 100vw, 1024px\" \/><figcaption id=\"caption-attachment-17355\" class=\"wp-caption-text\">Panneau mural d\u00e9coratif \u00e9l\u00e9gant en WPC, \u00e9levez votre espace<\/figcaption><\/figure>\n<\/div>\n<div class=\"elementor-element elementor-element-1f676da elementor-widget elementor-widget-heading\" data-id=\"1f676da\" data-element_type=\"widget\" data-widget_type=\"heading.default\">\n<h3><strong>Description du produit : Panneaux muraux WPC \u00e9cologiques<\/strong><\/h3>\n<hr \/>\n<p id=\"\"><strong>Adoptez le d\u00e9veloppement durable et le style avec les panneaux muraux \u00e9cologiques en WPC<\/strong><\/p>\n<p id=\"\">Transformez votre espace de vie avec nos panneaux muraux WPC Eco-Friendly Choice, la fusion ultime d'un design respectueux de l'environnement et d'une esth\u00e9tique moderne. Fabriqu\u00e9s en composite bois-plastique (WPC) de haute qualit\u00e9, ces panneaux innovants sont non seulement \u00e9l\u00e9gants et durables, mais aussi respectueux de l'environnement, ce qui en fait le choix id\u00e9al pour les propri\u00e9taires qui privil\u00e9gient la durabilit\u00e9 et la beaut\u00e9.<\/p>\n<p id=\"\"><strong>Mat\u00e9riau \u00e9cologique<\/strong><br \/>\nNos panneaux muraux en WPC sont fabriqu\u00e9s \u00e0 partir d'un m\u00e9lange de fibres de bois et de plastique recycl\u00e9s, ce qui permet de r\u00e9duire les d\u00e9chets et de promouvoir un avenir plus durable. Ce mat\u00e9riau \u00e9cologique est 100% non toxique et n'\u00e9met aucun produit chimique nocif, ce qui garantit un environnement de vie s\u00fbr et sain pour vous et votre famille.<\/p>\n<p id=\"\"><strong>Durabilit\u00e9 et long\u00e9vit\u00e9<\/strong><br \/>\nCon\u00e7us pour r\u00e9sister aux rigueurs de la vie quotidienne, nos panneaux muraux en WPC Eco-Friendly Choice sont tr\u00e8s r\u00e9sistants \u00e0 la d\u00e9coloration, \u00e0 la fissuration et au gauchissement. Ils sont \u00e9galement r\u00e9sistants aux termites et \u00e0 l'humidit\u00e9, ce qui les rend id\u00e9aux pour diverses applications int\u00e9rieures et ext\u00e9rieures. Que vous cherchiez \u00e0 am\u00e9liorer l'aspect de votre salon, de votre cuisine, de votre salle de bain ou de votre terrasse, nos panneaux muraux en WPC Eco-Friendly Choice sont \u00e0 la hauteur de la t\u00e2che.<\/p>\n<p id=\"\"><strong>Installation et entretien faciles<\/strong><br \/>\nDites adieu aux installations compliqu\u00e9es et aux co\u00fbts d'entretien \u00e9lev\u00e9s. Nos panneaux muraux en WPC sont con\u00e7us pour une installation facile, ne n\u00e9cessitant pas d'outils ou de comp\u00e9tences particuli\u00e8res. Il vous suffit de les d\u00e9couper \u00e0 la bonne taille, de les mettre en place et de profiter de votre nouveau mur \u00e9l\u00e9gant en un rien de temps. De plus, gr\u00e2ce \u00e0 leur conception n\u00e9cessitant peu d'entretien, vous \u00e9conomiserez de l'argent sur les r\u00e9parations et les remplacements au fil du temps.<\/p>\n<p id=\"\"><strong>Styles et finitions polyvalents<\/strong><br \/>\nChoisissez parmi une large gamme de couleurs, de textures et de finitions pour correspondre \u00e0 votre style personnel et \u00e0 la d\u00e9coration de votre maison. Nos panneaux muraux en WPC peuvent \u00eatre utilis\u00e9s pour cr\u00e9er des murs d'accentuation, souligner des d\u00e9tails architecturaux ou couvrir des pi\u00e8ces enti\u00e8res pour un look coh\u00e9rent. Que vous pr\u00e9f\u00e9riez une esth\u00e9tique \u00e9pur\u00e9e et moderne ou un charme plus rustique et traditionnel, nous avons un style qui r\u00e9pond \u00e0 vos besoins.<\/p>\n<p id=\"\"><strong>Une solution rentable<\/strong><br \/>\nProfitez du luxe d'une d\u00e9coration murale haut de gamme sans vous ruiner. Nos panneaux muraux en WPC offrent un rapport qualit\u00e9-prix exceptionnel et constituent une solution \u00e9l\u00e9gante et durable qui ne gr\u00e8vera pas votre budget. De plus, gr\u00e2ce \u00e0 leur long\u00e9vit\u00e9 et \u00e0 leur conception n\u00e9cessitant peu d'entretien, vous tirerez le meilleur parti de votre investissement pendant des ann\u00e9es.<\/p>\n<h3>Options de couleurs<\/h3>\n<figure id=\"attachment_20293\" aria-describedby=\"caption-attachment-20293\" style=\"width: 1024px\" class=\"wp-caption alignnone\"><img loading=\"lazy\" decoding=\"async\" class=\"wp-image-20293\" src=\"https:\/\/meterny.com\/wp-content\/uploads\/2024\/10\/METE-Series-Colour-151.png\" alt=\"Options de couleur de la cl\u00f4ture WPC Meterny\" width=\"1024\" height=\"1024\" srcset=\"https:\/\/meterny.com\/wp-content\/uploads\/2024\/10\/METE-Series-Colour-151.png 900w, https:\/\/meterny.com\/wp-content\/uploads\/2024\/10\/METE-Series-Colour-151-300x300.png 300w, https:\/\/meterny.com\/wp-content\/uploads\/2024\/10\/METE-Series-Colour-151-150x150.png 150w, https:\/\/meterny.com\/wp-content\/uploads\/2024\/10\/METE-Series-Colour-151-768x768.png 768w, https:\/\/meterny.com\/wp-content\/uploads\/2024\/10\/METE-Series-Colour-151-600x600.png 600w, https:\/\/meterny.com\/wp-content\/uploads\/2024\/10\/METE-Series-Colour-151-100x100.png 100w\" sizes=\"auto, (max-width: 1024px) 100vw, 1024px\" \/><figcaption id=\"caption-attachment-20293\" class=\"wp-caption-text\">Explore Meterny WPC Fence - Neuf superbes options de couleurs pour tous les styles<\/figcaption><\/figure>\n<h3><strong>Pourquoi choisir les panneaux muraux en WPC Eco-Friendly Choice ?<\/strong><\/h3>\n<p id=\"\">Choisir des panneaux muraux en WPC respectueux de l'environnement est une d\u00e9cision judicieuse pour plusieurs raisons imp\u00e9rieuses :<\/p>\n<ol>\n<li>\n<p id=\"\"><strong>Responsabilit\u00e9 environnementale<\/strong>: Nos panneaux muraux WPC sont fabriqu\u00e9s \u00e0 partir d'un m\u00e9lange de fibres de bois et de plastique recycl\u00e9s, ce qui permet de r\u00e9duire consid\u00e9rablement les d\u00e9chets et de promouvoir un avenir plus durable et respectueux de l'environnement. En choisissant ces panneaux, vous contribuez \u00e0 la pr\u00e9servation des ressources naturelles et \u00e0 la r\u00e9duction de votre empreinte carbone.<\/p>\n<\/li>\n<li>\n<p id=\"\"><strong>Durabilit\u00e9 et long\u00e9vit\u00e9<\/strong>: Choix \u00e9cologique Les panneaux muraux en WPC sont con\u00e7us pour r\u00e9sister aux rigueurs de la vie quotidienne. Ils sont tr\u00e8s r\u00e9sistants \u00e0 la d\u00e9coloration, \u00e0 la fissuration et au gauchissement, et ils sont \u00e9galement r\u00e9sistants aux termites et \u00e0 l'humidit\u00e9. Ils sont \u00e9galement r\u00e9sistants aux termites et \u00e0 l'humidit\u00e9. Cela garantit que vos panneaux muraux auront une belle apparence et fonctionneront bien pendant des ann\u00e9es, r\u00e9duisant ainsi le besoin de remplacements fr\u00e9quents.<\/p>\n<\/li>\n<li>\n<p id=\"\"><strong>Installation facile et faible entretien<\/strong>: Nos panneaux muraux en WPC sont con\u00e7us pour une installation facile, ne n\u00e9cessitant pas d'outils ou de comp\u00e9tences particuli\u00e8res. Il est donc facile et rapide d'am\u00e9liorer l'aspect de votre maison. De plus, gr\u00e2ce \u00e0 leur conception n\u00e9cessitant peu d'entretien, vous \u00e9conomiserez de l'argent et du temps sur les r\u00e9parations et les remplacements au fil du temps.<\/p>\n<\/li>\n<li>\n<p id=\"\"><strong>Styles et finitions polyvalents<\/strong>: Que vous pr\u00e9f\u00e9riez une esth\u00e9tique \u00e9pur\u00e9e et moderne ou un charme plus rustique et traditionnel, nos panneaux muraux en WPC sont disponibles dans une large gamme de couleurs, de textures et de finitions pour s'adapter \u00e0 votre style personnel et \u00e0 la d\u00e9coration de votre maison. Cette polyvalence vous permet de cr\u00e9er un look unique et coh\u00e9rent qui refl\u00e8te vraiment votre personnalit\u00e9.<\/p>\n<\/li>\n<li>\n<p id=\"\"><strong>Une solution rentable<\/strong>: Choix \u00e9cologique Les panneaux muraux en WPC offrent un rapport qualit\u00e9-prix exceptionnel. Ils constituent une solution \u00e9l\u00e9gante et durable qui ne gr\u00e8vera pas votre budget. De plus, gr\u00e2ce \u00e0 leur long\u00e9vit\u00e9 et \u00e0 leur conception n\u00e9cessitant peu d'entretien, vous tirerez le meilleur parti de votre investissement pendant des ann\u00e9es.<\/p>\n<\/li>\n<li>\n<p id=\"\"><strong>Sant\u00e9 et s\u00e9curit\u00e9<\/strong>: Nos panneaux muraux en WPC sont 100% non toxiques et n'\u00e9mettent aucun produit chimique nocif, ce qui garantit un environnement de vie s\u00fbr et sain pour vous et votre famille. Ceci est particuli\u00e8rement important pour les personnes souffrant d'allergies ou de sensibilit\u00e9s aux produits chimiques commun\u00e9ment trouv\u00e9s dans les mat\u00e9riaux muraux traditionnels.<\/p>\n<\/li>\n<\/ol>\n<p id=\"\">En r\u00e9sum\u00e9, choisir les panneaux muraux en WPC Eco-Friendly Choice est un choix judicieux pour tous ceux qui cherchent \u00e0 am\u00e9liorer la beaut\u00e9 et la fonctionnalit\u00e9 de leur maison tout en contribuant \u00e0 la durabilit\u00e9 environnementale, en \u00e9conomisant de l'argent et en promouvant un environnement de vie sain.<\/p>\n<\/div>","protected":false},"excerpt":{"rendered":"<p>Qualit\u00e9 sup\u00e9rieure : Fabriqu\u00e9 \u00e0 partir de mat\u00e9riaux de premi\u00e8re qualit\u00e9, ce panneau ext\u00e9rieur en WPC offre une protection contre les \u00e9l\u00e9ments.<\/p>\n<p>Un design \u00e9l\u00e9gant : Rehaussez l'ext\u00e9rieur de votre propri\u00e9t\u00e9 avec un bardage \u00e9l\u00e9gant et moderne qui s'harmonise avec tous les styles architecturaux.<\/p>\n<p>Installation facile : Il est con\u00e7u pour une installation facile, ce qui vous permet d'\u00e9conomiser du temps et des efforts.<\/p>\n<p>Polyvalent : Que ce soit pour des propri\u00e9t\u00e9s r\u00e9sidentielles ou commerciales, ce panneau WPC est parfait pour toutes les applications de rev\u00eatement ext\u00e9rieur.<\/p>\n<p>Respectueux de l'environnement : Fabriqu\u00e9 \u00e0 partir de mat\u00e9riaux durables, il s'agit d'un choix respectueux de l'environnement pour vos besoins en mati\u00e8re d'am\u00e9nagement ext\u00e9rieur.<\/p>","protected":false},"featured_media":20795,"comment_status":"open","ping_status":"closed","template":"","meta":{"_uag_custom_page_level_css":"","site-sidebar-layout":"default","site-content-layout":"","ast-site-content-layout":"default","site-content-style":"default","site-sidebar-style":"default","ast-global-header-display":"","ast-banner-title-visibility":"","ast-main-header-display":"","ast-hfb-above-header-display":"","ast-hfb-below-header-display":"","ast-hfb-mobile-header-display":"","site-post-title":"","ast-breadcrumbs-content":"","ast-featured-img":"","footer-sml-layout":"","theme-transparent-header-meta":"default","adv-header-id-meta":"","stick-header-meta":"default","header-above-stick-meta":"","header-main-stick-meta":"","header-below-stick-meta":"","astra-migrate-meta-layouts":"set","ast-page-background-enabled":"default","ast-page-background-meta":{"desktop":{"background-color":"var(--ast-global-color-4)","background-image":"","background-repeat":"repeat","background-position":"center center","background-size":"auto","background-attachment":"scroll","background-type":"","background-media":"","overlay-type":"","overlay-color":"","overlay-opacity":"","overlay-gradient":""},"tablet":{"background-color":"","background-image":"","background-repeat":"repeat","background-position":"center center","background-size":"auto","background-attachment":"scroll","background-type":"","background-media":"","overlay-type":"","overlay-color":"","overlay-opacity":"","overlay-gradient":""},"mobile":{"background-color":"","background-image":"","background-repeat":"repeat","background-position":"center center","background-size":"auto","background-attachment":"scroll","background-type":"","background-media":"","overlay-type":"","overlay-color":"","overlay-opacity":"","overlay-gradient":""}},"ast-content-background-meta":{"desktop":{"background-color":"var(--ast-global-color-5)","background-image":"","background-repeat":"repeat","background-position":"center center","background-size":"auto","background-attachment":"scroll","background-type":"","background-media":"","overlay-type":"","overlay-color":"","overlay-opacity":"","overlay-gradient":""},"tablet":{"background-color":"var(--ast-global-color-5)","background-image":"","background-repeat":"repeat","background-position":"center center","background-size":"auto","background-attachment":"scroll","background-type":"","background-media":"","overlay-type":"","overlay-color":"","overlay-opacity":"","overlay-gradient":""},"mobile":{"background-color":"var(--ast-global-color-5)","background-image":"","background-repeat":"repeat","background-position":"center center","background-size":"auto","background-attachment":"scroll","background-type":"","background-media":"","overlay-type":"","overlay-color":"","overlay-opacity":"","overlay-gradient":""}}},"product_brand":[],"product_cat":[175],"product_tag":[184,180],"class_list":{"0":"post-20827","1":"product","2":"type-product","3":"status-publish","4":"has-post-thumbnail","6":"product_cat-exterior-wpc-wall","7":"product_tag-wpc-wall-exterior","8":"product_tag-wpc-wall-panel","9":"desktop-align-center","10":"tablet-align-left","11":"mobile-align-left","12":"ast-product-gallery-layout-horizontal-slider","13":"ast-product-tabs-layout-vertical","15":"first","16":"instock","17":"shipping-taxable","18":"product-type-simple"},"uagb_featured_image_src":{"full":["https:\/\/meterny.com\/wp-content\/uploads\/2024\/04\/227H25-TEAK1-300x300-2.png",300,300,false],"thumbnail":["https:\/\/meterny.com\/wp-content\/uploads\/2024\/04\/227H25-TEAK1-300x300-2-150x150.png",150,150,true],"medium":["https:\/\/meterny.com\/wp-content\/uploads\/2024\/04\/227H25-TEAK1-300x300-2.png",300,300,false],"medium_large":["https:\/\/meterny.com\/wp-content\/uploads\/2024\/04\/227H25-TEAK1-300x300-2.png",300,300,false],"large":["https:\/\/meterny.com\/wp-content\/uploads\/2024\/04\/227H25-TEAK1-300x300-2.png",300,300,false],"1536x1536":["https:\/\/meterny.com\/wp-content\/uploads\/2024\/04\/227H25-TEAK1-300x300-2.png",300,300,false],"2048x2048":["https:\/\/meterny.com\/wp-content\/uploads\/2024\/04\/227H25-TEAK1-300x300-2.png",300,300,false],"trp-custom-language-flag":["https:\/\/meterny.com\/wp-content\/uploads\/2024\/04\/227H25-TEAK1-300x300-2.png",12,12,false],"woocommerce_thumbnail":["https:\/\/meterny.com\/wp-content\/uploads\/2024\/04\/227H25-TEAK1-300x300-2.png",300,300,false],"woocommerce_single":["https:\/\/meterny.com\/wp-content\/uploads\/2024\/04\/227H25-TEAK1-300x300-2.png",300,300,false],"woocommerce_gallery_thumbnail":["https:\/\/meterny.com\/wp-content\/uploads\/2024\/04\/227H25-TEAK1-300x300-2-100x100.png",100,100,true]},"uagb_author_info":{"display_name":"meterny","author_link":"https:\/\/meterny.com\/fr\/author\/"},"uagb_comment_info":0,"uagb_excerpt":"Superior Quality: Crafted from premium materials, this WPC Exterior panel offers protection against the elements. Stylish Design: Elevate the exterior of your property with sleek and modern cladding that complements any architectural style. Easy Installation: It is designed for hassle-free installation, saving you time and effort. Versatile: Whether it's for residential or commercial properties, This\u2026","_links":{"self":[{"href":"https:\/\/meterny.com\/fr\/wp-json\/wp\/v2\/product\/20827","targetHints":{"allow":["GET"]}}],"collection":[{"href":"https:\/\/meterny.com\/fr\/wp-json\/wp\/v2\/product"}],"about":[{"href":"https:\/\/meterny.com\/fr\/wp-json\/wp\/v2\/types\/product"}],"replies":[{"embeddable":true,"href":"https:\/\/meterny.com\/fr\/wp-json\/wp\/v2\/comments?post=20827"}],"wp:featuredmedia":[{"embeddable":true,"href":"https:\/\/meterny.com\/fr\/wp-json\/wp\/v2\/media\/20795"}],"wp:attachment":[{"href":"https:\/\/meterny.com\/fr\/wp-json\/wp\/v2\/media?parent=20827"}],"wp:term":[{"taxonomy":"product_brand","embeddable":true,"href":"https:\/\/meterny.com\/fr\/wp-json\/wp\/v2\/product_brand?post=20827"},{"taxonomy":"product_cat","embeddable":true,"href":"https:\/\/meterny.com\/fr\/wp-json\/wp\/v2\/product_cat?post=20827"},{"taxonomy":"product_tag","embeddable":true,"href":"https:\/\/meterny.com\/fr\/wp-json\/wp\/v2\/product_tag?post=20827"}],"curies":[{"name":"wp","href":"https:\/\/api.w.org\/{rel}","templated":true}]}}