{"id":20835,"date":"2025-01-10T06:20:39","date_gmt":"2025-01-10T06:20:39","guid":{"rendered":"https:\/\/meterny.com\/?post_type=product&#038;p=20835"},"modified":"2025-01-13T08:46:30","modified_gmt":"2025-01-13T08:46:30","slug":"flame-retardant-wpc-wall-panel","status":"publish","type":"product","link":"https:\/\/meterny.com\/fr\/produit\/flame-retardant-wpc-wall-panel\/","title":{"rendered":"Panneau mural en Wpc ignifug\u00e9 \u00e0 faible entretien"},"content":{"rendered":"<div class=\"elementor-element elementor-element-c0e1d42 elementor-widget elementor-widget-heading\" data-id=\"c0e1d42\" data-element_type=\"widget\" data-widget_type=\"heading.default\">\n<div class=\"elementor-widget-container\"><\/div>\n<\/div>\n<div class=\"elementor-element elementor-element-1f676da elementor-widget elementor-widget-heading\" data-id=\"1f676da\" data-element_type=\"widget\" data-widget_type=\"heading.default\">\n<h2>Nom du produit : Panneau mural Wpc ignifug\u00e9<\/h2>\n<p>&nbsp;<\/p>\n<p><strong style=\"font-size: 1.5em;\">Sp\u00e9cifications des produits<\/strong><span style=\"font-size: 1.5em; font-weight: bold;\">:<\/span><\/p>\n<ul>\n<li><strong>Mat\u00e9riau<\/strong>: Composite bois-plastique (WPC)<\/li>\n<li><strong>Dimensions<\/strong>: 135*119*23mm\/217*201*28mm\/227*210*25mm, avec possibilit\u00e9 de personnalisation selon les exigences du client.<\/li>\n<li><strong>\u00c9paisseur<\/strong>23\/25\/28mm<\/li>\n<li><strong>Poids<\/strong>: 3kg\/m\u00e8tre<\/li>\n<li><strong>Options de couleur<\/strong>: Disponible dans une vari\u00e9t\u00e9 de couleurs telles que bois de rose, caf\u00e9, gris clair, marron, noir, etc., avec diff\u00e9rentes textures telles que grain de bois, papier peint, marbre, etc.<\/li>\n<li><strong>Options de finition<\/strong>: grain de bois 3d<\/li>\n<li><strong>M\u00e9thode d'installation<\/strong>Les caract\u00e9ristiques techniques sont les suivantes : rainure et languette, syst\u00e8me de clips, etc.<\/li>\n<li><strong>Garantie<\/strong>: plus de 10 ans<\/li>\n<\/ul>\n<h2 class=\"\">Mat\u00e9riau du produit<\/h2>\n<div class=\"paragraph\">Principalement compos\u00e9 de fibres de bois et de polym\u00e8res thermoplastiques, tels que 35% HDPE + 60% fibres de bois + 5% additifs, certains produits peuvent \u00e9galement contenir du carbonate de calcium et d'autres ingr\u00e9dients.<\/div>\n<h2 class=\"\">Caract\u00e9ristiques du produit<\/h2>\n<ul>\n<li>\n<div class=\"paragraph\"><strong class=\"\">R\u00e9sistance au feu<\/strong>: Poss\u00e8de une excellente r\u00e9sistance au feu, peut s'\u00e9teindre d'elle-m\u00eame et ne d\u00e9gage pas de gaz toxiques lorsqu'elle est expos\u00e9e au feu, avec un niveau de r\u00e9sistance au feu B1.<\/div>\n<\/li>\n<li>\n<div class=\"paragraph\"><strong class=\"\">Imperm\u00e9able et r\u00e9sistant \u00e0 l'humidit\u00e9<\/strong>: Compl\u00e8tement imperm\u00e9able, il ne se d\u00e9forme pas, ne pourrit pas et ne produit pas de moisissures dans les environnements humides, ce qui permet de l'utiliser dans les cuisines, les salles de bains et d'autres endroits humides.<\/div>\n<\/li>\n<li>\n<div class=\"paragraph\"><strong class=\"\">R\u00e9sistant aux insectes<\/strong>: Le mat\u00e9riau lui-m\u00eame a des propri\u00e9t\u00e9s de r\u00e9sistance aux insectes, ce qui \u00e9limine le probl\u00e8me de l'infestation par les insectes.<\/div>\n<\/li>\n<li>\n<div class=\"paragraph\"><strong class=\"\">Haute r\u00e9sistance et durabilit\u00e9<\/strong>: Offre une r\u00e9sistance et une duret\u00e9 \u00e9lev\u00e9es, r\u00e9siste \u00e0 l'usure et aux fissures, est capable de r\u00e9sister \u00e0 divers d\u00e9fis environnementaux et a une longue dur\u00e9e de vie.<\/div>\n<\/li>\n<li>\n<div class=\"paragraph\"><strong class=\"\">Adaptabilit\u00e9 \u00e0 la temp\u00e9rature<\/strong>: Reste stable aussi bien en \u00e9t\u00e9 qu'en hiver, et r\u00e9siste aux changements de temp\u00e9rature extr\u00eames.<\/div>\n<\/li>\n<li>\n<div class=\"paragraph\"><strong class=\"\">Respect de l'environnement<\/strong>: Ne contient pas de benz\u00e8ne, de formald\u00e9hyde ou d'autres substances nocives, ce qui \u00e9vite d'exacerber la pollution de l'air, et est recyclable, conform\u00e9ment aux politiques mondiales de d\u00e9veloppement durable.<\/div>\n<\/li>\n<li>\n<div class=\"paragraph\"><strong class=\"\">Facilit\u00e9 de traitement et d'installation<\/strong>: Aussi facile \u00e0 travailler que le bois, il peut \u00eatre sci\u00e9, rabot\u00e9, coll\u00e9, etc. et il est tr\u00e8s pratique \u00e0 installer, ce qui permet une installation facile avec des accessoires.<\/div>\n<\/li>\n<li>\n<div class=\"paragraph\"><strong class=\"\">Isolation phonique et \u00e9conomies d'\u00e9nergie<\/strong>: L'excellente absorption acoustique contribue \u00e0 cr\u00e9er un environnement int\u00e9rieur silencieux et \u00e0 rendre l'espace plus efficace sur le plan \u00e9nerg\u00e9tique.<\/div>\n<\/li>\n<\/ul>\n<h2 class=\"\">Sc\u00e9narios d'application<\/h2>\n<ul>\n<li>\n<div class=\"paragraph\"><strong class=\"\">Espaces int\u00e9rieurs<\/strong>: Convient \u00e0 la d\u00e9coration murale dans les salons, les chambres \u00e0 coucher, les salles \u00e0 manger, les bureaux, etc., pour cr\u00e9er des murs d'accent, mettre en valeur des \u00e9l\u00e9ments architecturaux ou ajouter une touche d'\u00e9l\u00e9gance \u00e0 l'ensemble du design.<\/div>\n<\/li>\n<li>\n<div class=\"paragraph\"><strong class=\"\">Espaces ext\u00e9rieurs<\/strong>: Applicable \u00e0 la d\u00e9coration ext\u00e9rieure des b\u00e2timents, des aires de repos ext\u00e9rieures, etc., sa r\u00e9sistance aux intemp\u00e9ries, aux rayons ultraviolets et \u00e0 l'humidit\u00e9 en fait un choix fiable pour am\u00e9liorer l'apparence des b\u00e2timents r\u00e9sidentiels et commerciaux.<\/div>\n<\/li>\n<\/ul>\n<h2 class=\"\">Service apr\u00e8s-vente<\/h2>\n<ul>\n<li>\n<div class=\"paragraph\"><strong>Support technique<\/strong>: Fournit une assistance technique en ligne.<\/div>\n<\/li>\n<li>\n<div class=\"paragraph\"><strong class=\"\">Exemple de service<\/strong>: Offre des \u00e9chantillons \u00e0 des prix comp\u00e9titifs DHL, FedEx.<\/div>\n<\/li>\n<li>\n<div class=\"paragraph\"><strong class=\"\">Service d'exp\u00e9dition<\/strong>: Soutient des services de fret maritime comp\u00e9titifs.<\/div>\n<\/li>\n<\/ul>\n<h2 class=\"\">Avantages du produit<\/h2>\n<ul>\n<li>\n<div class=\"paragraph\"><strong class=\"\">Aucune \u00e9mission de formald\u00e9hyde<\/strong>: Principalement compos\u00e9 de WPC, ce mat\u00e9riau de moulage composite est respectueux de l'environnement et contribue \u00e0 am\u00e9liorer la qualit\u00e9 de l'air int\u00e9rieur, conform\u00e9ment aux exigences et r\u00e9glementations internationales en mati\u00e8re d'environnement.<\/div>\n<\/li>\n<li>\n<div class=\"paragraph\"><strong class=\"\">Valeur esth\u00e9tique<\/strong>: Ajoute une valeur esth\u00e9tique significative, peut s'int\u00e9grer harmonieusement dans diff\u00e9rents styles architecturaux, avec une vari\u00e9t\u00e9 de couleurs, de textures et de motifs disponibles, capable d'imiter l'apparence du bois naturel ou de pr\u00e9senter des effets 3D modernes.<\/div>\n<\/li>\n<li>\n<div class=\"paragraph\"><strong class=\"\">Durabilit\u00e9<\/strong>: En tant que mat\u00e9riau composite, il n'absorbe pas l'eau, ne pourrit pas, n'est pas endommag\u00e9 par les insectes, a une dur\u00e9e de vie plus longue que les mat\u00e9riaux ordinaires et ne n\u00e9cessite pratiquement pas d'entretien.<\/div>\n<\/li>\n<li>\n<div class=\"paragraph\"><strong class=\"\">Facilit\u00e9 d'installation<\/strong>: Le processus d'installation est simple, ce qui permet d'\u00e9conomiser du temps et des efforts.<\/div>\n<\/li>\n<\/ul>\n<h2 class=\"\">Emballage et exp\u00e9dition<\/h2>\n<div class=\"paragraph\">G\u00e9n\u00e9ralement emball\u00e9s dans des cartons, ils sont faciles \u00e0 transporter et peuvent r\u00e9pondre aux exigences de diff\u00e9rents clients en mati\u00e8re d'exp\u00e9dition.<\/div>\n<div><\/div>\n<h3>\u00a0Si vous voulez en savoir plus, cliquez sur ce lien pour acc\u00e9der \u00e0 Youtube :<a href=\"https:\/\/youtu.be\/tvSl5yo4US0\" target=\"_blank\" rel=\"noopener\">https:\/\/youtu.be\/tvSl5yo4US0<\/a><\/h3>\n<p>&nbsp;<\/p>\n<h3>Galerie<\/h3>\n<p>Panneau mural Wpc ignifug\u00e9<\/p>\n<figure id=\"attachment_18295\" aria-describedby=\"caption-attachment-18295\" style=\"width: 1024px\" class=\"wp-caption alignnone\"><img loading=\"lazy\" decoding=\"async\" class=\"wp-image-18295\" src=\"https:\/\/meterny.com\/wp-content\/uploads\/2024\/10\/image711.jpg\" alt=\"Panneaux d&#039;art mural personnalisables en WPC\" width=\"1024\" height=\"404\" srcset=\"https:\/\/meterny.com\/wp-content\/uploads\/2024\/10\/image711.jpg 1520w, https:\/\/meterny.com\/wp-content\/uploads\/2024\/10\/image711-300x118.jpg 300w, https:\/\/meterny.com\/wp-content\/uploads\/2024\/10\/image711-1024x404.jpg 1024w, https:\/\/meterny.com\/wp-content\/uploads\/2024\/10\/image711-768x303.jpg 768w, https:\/\/meterny.com\/wp-content\/uploads\/2024\/10\/image711-600x237.jpg 600w\" sizes=\"auto, (max-width: 1024px) 100vw, 1024px\" \/><figcaption id=\"caption-attachment-18295\" class=\"wp-caption-text\">Personnalisez vos murs avec des panneaux d'art mural personnalisables en WPC<\/figcaption><\/figure>\n<p>Panneau mural Wpc ignifug\u00e9<\/p>\n<figure id=\"attachment_17350\" aria-describedby=\"caption-attachment-17350\" style=\"width: 1024px\" class=\"wp-caption alignnone\"><img loading=\"lazy\" decoding=\"async\" class=\"wp-image-17350\" src=\"https:\/\/meterny.com\/wp-content\/uploads\/2024\/04\/70-12.png\" alt=\"Panneau mural ext\u00e9rieur WPC anti-humidit\u00e9\" width=\"1024\" height=\"1024\" srcset=\"https:\/\/meterny.com\/wp-content\/uploads\/2024\/04\/70-12.png 900w, https:\/\/meterny.com\/wp-content\/uploads\/2024\/04\/70-12-300x300.png 300w, https:\/\/meterny.com\/wp-content\/uploads\/2024\/04\/70-12-150x150.png 150w, https:\/\/meterny.com\/wp-content\/uploads\/2024\/04\/70-12-768x768.png 768w, https:\/\/meterny.com\/wp-content\/uploads\/2024\/04\/70-12-600x600.png 600w, https:\/\/meterny.com\/wp-content\/uploads\/2024\/04\/70-12-100x100.png 100w\" sizes=\"auto, (max-width: 1024px) 100vw, 1024px\" \/><figcaption id=\"caption-attachment-17350\" class=\"wp-caption-text\">Ajoutez une touche moderne \u00e0 votre paysage ext\u00e9rieur avec les panneaux muraux en WPC<\/figcaption><\/figure>\n<p>Panneau mural Wpc ignifug\u00e9<\/p>\n<figure id=\"attachment_17336\" aria-describedby=\"caption-attachment-17336\" style=\"width: 1024px\" class=\"wp-caption alignnone\"><img loading=\"lazy\" decoding=\"async\" class=\"wp-image-17336\" src=\"https:\/\/meterny.com\/wp-content\/uploads\/2024\/04\/98.png\" alt=\"Panneaux muraux ext\u00e9rieurs r\u00e9sidentiels en WPC\" width=\"1024\" height=\"1024\" srcset=\"https:\/\/meterny.com\/wp-content\/uploads\/2024\/04\/98.png 800w, https:\/\/meterny.com\/wp-content\/uploads\/2024\/04\/98-300x300.png 300w, https:\/\/meterny.com\/wp-content\/uploads\/2024\/04\/98-150x150.png 150w, https:\/\/meterny.com\/wp-content\/uploads\/2024\/04\/98-768x768.png 768w, https:\/\/meterny.com\/wp-content\/uploads\/2024\/04\/98-600x600.png 600w, https:\/\/meterny.com\/wp-content\/uploads\/2024\/04\/98-100x100.png 100w\" sizes=\"auto, (max-width: 1024px) 100vw, 1024px\" \/><figcaption id=\"caption-attachment-17336\" class=\"wp-caption-text\">Panneaux muraux en WPC : Le choix parfait pour les ext\u00e9rieurs r\u00e9sidentiels.<\/figcaption><\/figure>\n<\/div>\n<div class=\"elementor-element elementor-element-1f676da elementor-widget elementor-widget-heading\" data-id=\"1f676da\" data-element_type=\"widget\" data-widget_type=\"heading.default\">\n<h3>Options de couleurs des panneaux muraux Wpc ignifug\u00e9s<\/h3>\n<figure id=\"attachment_20293\" aria-describedby=\"caption-attachment-20293\" style=\"width: 1024px\" class=\"wp-caption alignnone\"><img loading=\"lazy\" decoding=\"async\" class=\"wp-image-20293\" src=\"https:\/\/meterny.com\/wp-content\/uploads\/2024\/10\/METE-Series-Colour-151.png\" alt=\"Options de couleur de la cl\u00f4ture WPC Meterny\" width=\"1024\" height=\"1024\" srcset=\"https:\/\/meterny.com\/wp-content\/uploads\/2024\/10\/METE-Series-Colour-151.png 900w, https:\/\/meterny.com\/wp-content\/uploads\/2024\/10\/METE-Series-Colour-151-300x300.png 300w, https:\/\/meterny.com\/wp-content\/uploads\/2024\/10\/METE-Series-Colour-151-150x150.png 150w, https:\/\/meterny.com\/wp-content\/uploads\/2024\/10\/METE-Series-Colour-151-768x768.png 768w, https:\/\/meterny.com\/wp-content\/uploads\/2024\/10\/METE-Series-Colour-151-600x600.png 600w, https:\/\/meterny.com\/wp-content\/uploads\/2024\/10\/METE-Series-Colour-151-100x100.png 100w\" sizes=\"auto, (max-width: 1024px) 100vw, 1024px\" \/><figcaption id=\"caption-attachment-20293\" class=\"wp-caption-text\">Explore Meterny WPC Fence - Neuf superbes options de couleurs pour tous les styles<\/figcaption><\/figure>\n<h3 class=\"\">Pourquoi choisir un panneau mural en Wpc ignifug\u00e9 ?<\/h3>\n<h4 class=\"\">1.\u00a0<strong class=\"\">R\u00e9sistance au feu<\/strong><\/h4>\n<div class=\"paragraph\">Les panneaux muraux en WPC ignifug\u00e9s sont con\u00e7us pour s'\u00e9teindre d'eux-m\u00eames en cas d'incendie, offrant ainsi un niveau de s\u00e9curit\u00e9 suppl\u00e9mentaire sans d\u00e9gager de gaz toxiques. Cette caract\u00e9ristique est particuli\u00e8rement importante pour les b\u00e2timents publics et la d\u00e9coration int\u00e9rieure, car elle renforce la s\u00e9curit\u00e9 g\u00e9n\u00e9rale de l'espace.<\/div>\n<h4 class=\"\">2.\u00a0<strong class=\"\">Durabilit\u00e9 et long\u00e9vit\u00e9<\/strong><\/h4>\n<div class=\"paragraph\">Les panneaux muraux en Wpc ignifug\u00e9 sont connus pour leur durabilit\u00e9 exceptionnelle. Ils sont r\u00e9sistants \u00e0 la pourriture, \u00e0 la d\u00e9composition et aux dommages caus\u00e9s par les insectes, ce qui garantit que vos murs conservent leur int\u00e9grit\u00e9 structurelle et leur attrait visuel pendant des ann\u00e9es. Les panneaux sont fabriqu\u00e9s \u00e0 partir d'une combinaison de fibres de bois et de thermoplastiques, ce qui leur conf\u00e8re une grande solidit\u00e9 et une grande stabilit\u00e9 dimensionnelle.<\/div>\n<h4 class=\"\">3.\u00a0<strong class=\"\">Faible entretien<\/strong><\/h4>\n<div class=\"paragraph\">L'un des principaux avantages des panneaux muraux en Wpc ignifug\u00e9 est qu'ils n\u00e9cessitent peu d'entretien. Contrairement aux panneaux en bois traditionnels, ils n'ont pas besoin d'\u00eatre teint\u00e9s, peints ou scell\u00e9s r\u00e9guli\u00e8rement. Un nettoyage de routine avec de l'eau et du savon doux suffit g\u00e9n\u00e9ralement \u00e0 leur conserver leur aspect impeccable. Les panneaux muraux en WPC sont donc un choix pratique pour les propri\u00e9taires et les espaces commerciaux, car ils permettent d'\u00e9conomiser du temps et de l'argent sur les efforts d'entretien.<\/div>\n<h4 class=\"\">4.\u00a0<strong class=\"\">L'attrait esth\u00e9tique<\/strong><\/h4>\n<div class=\"paragraph\">Les panneaux muraux en Wpc ignifug\u00e9 offrent un large \u00e9ventail de possibilit\u00e9s de conception, vous permettant de cr\u00e9er un espace captivant et personnalis\u00e9. Gr\u00e2ce aux diff\u00e9rentes couleurs, textures et finitions disponibles, vous pouvez obtenir l'esth\u00e9tique souhait\u00e9e, qu'il s'agisse d'un look moderne, rustique ou contemporain. Ces panneaux combinent sans effort la beaut\u00e9 naturelle du bois avec la durabilit\u00e9 et la polyvalence des mat\u00e9riaux composites, ajoutant chaleur et \u00e9l\u00e9gance \u00e0 n'importe quel environnement.<\/div>\n<h4 class=\"\">5.\u00a0<strong>Respect de l'environnement<\/strong><\/h4>\n<div class=\"paragraph\">Les panneaux muraux en Wpc ignifug\u00e9 sont une alternative \u00e9cologique aux panneaux en bois traditionnels. Ils sont g\u00e9n\u00e9ralement compos\u00e9s de mat\u00e9riaux recycl\u00e9s, notamment de fibres de bois et de plastique recycl\u00e9. En choisissant les panneaux muraux en WPC, vous contribuez \u00e0 des pratiques durables, vous r\u00e9duisez la demande de bois vierge et vous aidez \u00e0 minimiser les d\u00e9chets.<\/div>\n<div>\n<h3 class=\"\">Conclusion<\/h3>\n<div class=\"paragraph\">Les panneaux muraux en WPC ignifug\u00e9 offrent une combinaison de s\u00e9curit\u00e9, de durabilit\u00e9, de faible entretien, d'attrait esth\u00e9tique et de durabilit\u00e9 environnementale. Ils constituent un excellent choix pour les projets r\u00e9sidentiels et commerciaux, offrant une solution durable et visuellement attrayante qui r\u00e9pond aux normes de construction modernes et aux objectifs environnementaux.<\/div>\n<\/div>\n<\/div>","protected":false},"excerpt":{"rendered":"<p>Qualit\u00e9 sup\u00e9rieure : Fabriqu\u00e9 \u00e0 partir de mat\u00e9riaux de premi\u00e8re qualit\u00e9, ce panneau ext\u00e9rieur en WPC offre une protection contre les \u00e9l\u00e9ments.<\/p>\n<p>Un design \u00e9l\u00e9gant : Rehaussez l'ext\u00e9rieur de votre propri\u00e9t\u00e9 avec un bardage \u00e9l\u00e9gant et moderne qui s'harmonise avec tous les styles architecturaux.<\/p>\n<p>Installation facile : Il est con\u00e7u pour une installation facile, ce qui vous permet d'\u00e9conomiser du temps et des efforts.<\/p>\n<p>Polyvalent : Que ce soit pour des propri\u00e9t\u00e9s r\u00e9sidentielles ou commerciales, ce panneau WPC est parfait pour toutes les applications de rev\u00eatement ext\u00e9rieur.<\/p>\n<p>Respectueux de l'environnement : Fabriqu\u00e9 \u00e0 partir de mat\u00e9riaux durables, il s'agit d'un choix respectueux de l'environnement pour vos besoins en mati\u00e8re d'am\u00e9nagement ext\u00e9rieur.<\/p>","protected":false},"featured_media":20794,"comment_status":"open","ping_status":"closed","template":"","meta":{"_uag_custom_page_level_css":"","site-sidebar-layout":"default","site-content-layout":"","ast-site-content-layout":"default","site-content-style":"default","site-sidebar-style":"default","ast-global-header-display":"","ast-banner-title-visibility":"","ast-main-header-display":"","ast-hfb-above-header-display":"","ast-hfb-below-header-display":"","ast-hfb-mobile-header-display":"","site-post-title":"","ast-breadcrumbs-content":"","ast-featured-img":"","footer-sml-layout":"","theme-transparent-header-meta":"default","adv-header-id-meta":"","stick-header-meta":"default","header-above-stick-meta":"","header-main-stick-meta":"","header-below-stick-meta":"","astra-migrate-meta-layouts":"set","ast-page-background-enabled":"default","ast-page-background-meta":{"desktop":{"background-color":"var(--ast-global-color-4)","background-image":"","background-repeat":"repeat","background-position":"center center","background-size":"auto","background-attachment":"scroll","background-type":"","background-media":"","overlay-type":"","overlay-color":"","overlay-opacity":"","overlay-gradient":""},"tablet":{"background-color":"","background-image":"","background-repeat":"repeat","background-position":"center center","background-size":"auto","background-attachment":"scroll","background-type":"","background-media":"","overlay-type":"","overlay-color":"","overlay-opacity":"","overlay-gradient":""},"mobile":{"background-color":"","background-image":"","background-repeat":"repeat","background-position":"center center","background-size":"auto","background-attachment":"scroll","background-type":"","background-media":"","overlay-type":"","overlay-color":"","overlay-opacity":"","overlay-gradient":""}},"ast-content-background-meta":{"desktop":{"background-color":"var(--ast-global-color-5)","background-image":"","background-repeat":"repeat","background-position":"center center","background-size":"auto","background-attachment":"scroll","background-type":"","background-media":"","overlay-type":"","overlay-color":"","overlay-opacity":"","overlay-gradient":""},"tablet":{"background-color":"var(--ast-global-color-5)","background-image":"","background-repeat":"repeat","background-position":"center center","background-size":"auto","background-attachment":"scroll","background-type":"","background-media":"","overlay-type":"","overlay-color":"","overlay-opacity":"","overlay-gradient":""},"mobile":{"background-color":"var(--ast-global-color-5)","background-image":"","background-repeat":"repeat","background-position":"center center","background-size":"auto","background-attachment":"scroll","background-type":"","background-media":"","overlay-type":"","overlay-color":"","overlay-opacity":"","overlay-gradient":""}}},"product_brand":[],"product_cat":[175],"product_tag":[184,180],"class_list":{"0":"post-20835","1":"product","2":"type-product","3":"status-publish","4":"has-post-thumbnail","6":"product_cat-exterior-wpc-wall","7":"product_tag-wpc-wall-exterior","8":"product_tag-wpc-wall-panel","9":"desktop-align-center","10":"tablet-align-left","11":"mobile-align-left","12":"ast-product-gallery-layout-horizontal-slider","13":"ast-product-tabs-layout-vertical","15":"first","16":"instock","17":"shipping-taxable","18":"product-type-simple"},"uagb_featured_image_src":{"full":["https:\/\/meterny.com\/wp-content\/uploads\/2024\/04\/227H25-Rose-Wood1-300x300-2.png",300,300,false],"thumbnail":["https:\/\/meterny.com\/wp-content\/uploads\/2024\/04\/227H25-Rose-Wood1-300x300-2-150x150.png",150,150,true],"medium":["https:\/\/meterny.com\/wp-content\/uploads\/2024\/04\/227H25-Rose-Wood1-300x300-2.png",300,300,false],"medium_large":["https:\/\/meterny.com\/wp-content\/uploads\/2024\/04\/227H25-Rose-Wood1-300x300-2.png",300,300,false],"large":["https:\/\/meterny.com\/wp-content\/uploads\/2024\/04\/227H25-Rose-Wood1-300x300-2.png",300,300,false],"1536x1536":["https:\/\/meterny.com\/wp-content\/uploads\/2024\/04\/227H25-Rose-Wood1-300x300-2.png",300,300,false],"2048x2048":["https:\/\/meterny.com\/wp-content\/uploads\/2024\/04\/227H25-Rose-Wood1-300x300-2.png",300,300,false],"trp-custom-language-flag":["https:\/\/meterny.com\/wp-content\/uploads\/2024\/04\/227H25-Rose-Wood1-300x300-2.png",12,12,false],"woocommerce_thumbnail":["https:\/\/meterny.com\/wp-content\/uploads\/2024\/04\/227H25-Rose-Wood1-300x300-2.png",300,300,false],"woocommerce_single":["https:\/\/meterny.com\/wp-content\/uploads\/2024\/04\/227H25-Rose-Wood1-300x300-2.png",300,300,false],"woocommerce_gallery_thumbnail":["https:\/\/meterny.com\/wp-content\/uploads\/2024\/04\/227H25-Rose-Wood1-300x300-2-100x100.png",100,100,true]},"uagb_author_info":{"display_name":"meterny","author_link":"https:\/\/meterny.com\/fr\/author\/"},"uagb_comment_info":0,"uagb_excerpt":"Superior Quality: Crafted from premium materials, this WPC Exterior panel offers protection against the elements. Stylish Design: Elevate the exterior of your property with sleek and modern cladding that complements any architectural style. Easy Installation: It is designed for hassle-free installation, saving you time and effort. Versatile: Whether it's for residential or commercial properties, This\u2026","_links":{"self":[{"href":"https:\/\/meterny.com\/fr\/wp-json\/wp\/v2\/product\/20835","targetHints":{"allow":["GET"]}}],"collection":[{"href":"https:\/\/meterny.com\/fr\/wp-json\/wp\/v2\/product"}],"about":[{"href":"https:\/\/meterny.com\/fr\/wp-json\/wp\/v2\/types\/product"}],"replies":[{"embeddable":true,"href":"https:\/\/meterny.com\/fr\/wp-json\/wp\/v2\/comments?post=20835"}],"wp:featuredmedia":[{"embeddable":true,"href":"https:\/\/meterny.com\/fr\/wp-json\/wp\/v2\/media\/20794"}],"wp:attachment":[{"href":"https:\/\/meterny.com\/fr\/wp-json\/wp\/v2\/media?parent=20835"}],"wp:term":[{"taxonomy":"product_brand","embeddable":true,"href":"https:\/\/meterny.com\/fr\/wp-json\/wp\/v2\/product_brand?post=20835"},{"taxonomy":"product_cat","embeddable":true,"href":"https:\/\/meterny.com\/fr\/wp-json\/wp\/v2\/product_cat?post=20835"},{"taxonomy":"product_tag","embeddable":true,"href":"https:\/\/meterny.com\/fr\/wp-json\/wp\/v2\/product_tag?post=20835"}],"curies":[{"name":"wp","href":"https:\/\/api.w.org\/{rel}","templated":true}]}}