{"id":20852,"date":"2025-01-10T12:45:42","date_gmt":"2025-01-10T12:45:42","guid":{"rendered":"https:\/\/meterny.com\/?post_type=product&#038;p=20852"},"modified":"2025-01-11T09:42:33","modified_gmt":"2025-01-11T09:42:33","slug":"outdoor-wpc-wall-panel-for-patio-design","status":"publish","type":"product","link":"https:\/\/meterny.com\/fr\/produit\/outdoor-wpc-wall-panel-for-patio-design\/","title":{"rendered":"Panneau mural ext\u00e9rieur en WPC pour la conception de patios"},"content":{"rendered":"<div class=\"elementor-element elementor-element-c0e1d42 elementor-widget elementor-widget-heading\" data-id=\"c0e1d42\" data-element_type=\"widget\" data-widget_type=\"heading.default\">\n<h2 class=\"elementor-widget-container\" style=\"text-align: center;\">Panneau mural ext\u00e9rieur en WPC pour la conception de patios<\/h2>\n<p>&nbsp;<\/p>\n<\/div>\n<div class=\"elementor-element elementor-element-1f676da elementor-widget elementor-widget-heading\" data-id=\"1f676da\" data-element_type=\"widget\" data-widget_type=\"heading.default\">\n<h4>Nom du produit<\/h4>\n<p>Panneau mural ext\u00e9rieur en WPC pour la conception de patios<\/p>\n<p><strong style=\"font-size: 1.5em;\">Sp\u00e9cifications des produits<\/strong><span style=\"font-size: 1.5em; font-weight: bold;\">:<\/span><\/p>\n<ul>\n<li><strong>Mat\u00e9riau<\/strong>: Composite bois-plastique (WPC)<\/li>\n<li><strong>Dimensions<\/strong>: 135*119*23mm\/217*201*28mm\/227*210*25mm, avec possibilit\u00e9 de personnalisation selon les exigences du client.<\/li>\n<li><strong>\u00c9paisseur<\/strong>23\/25\/28mm<\/li>\n<li><strong>Poids<\/strong>: 3kg\/m\u00e8tre<\/li>\n<li><strong>Options de couleur<\/strong>: Disponible dans une vari\u00e9t\u00e9 de couleurs telles que bois de rose, caf\u00e9, gris clair, marron, noir, etc., avec diff\u00e9rentes textures telles que grain de bois, papier peint, marbre, etc.<\/li>\n<li><strong>Options de finition<\/strong>: Les options comprennent des finitions gaufr\u00e9es, bross\u00e9es, tridimensionnelles et lisses pour imiter la texture naturelle du bois.<\/li>\n<li><strong>Mat\u00e9riau<\/strong>: Composite bois-plastique (WPC) de haute qualit\u00e9 constitu\u00e9 d'un m\u00e9lange de fibres de bois et de mat\u00e9riaux thermoplastiques (tels que HDPE, PVC, PP).<\/li>\n<li><strong>M\u00e9thode d'installation<\/strong>Les caract\u00e9ristiques techniques sont les suivantes : rainure et languette, syst\u00e8me de clips, etc.<\/li>\n<li><strong>Garantie<\/strong>: plus de 10 ans<\/li>\n<\/ul>\n<h4>Mat\u00e9riau du produit<\/h4>\n<p>Les panneaux muraux en WPC (Wood Plastic Composite) sont constitu\u00e9s d'un m\u00e9lange de fibres ou de farine de bois et de mat\u00e9riaux thermoplastiques (tels que HDPE, PVC, PP, etc.). Ce mat\u00e9riau composite combine l'esth\u00e9tique naturelle du bois et la durabilit\u00e9 du plastique, offrant ainsi une solution de construction \u00e9cologique et performante.<\/p>\n<h4>Caract\u00e9ristiques du produit<\/h4>\n<ul>\n<li><strong>Durabilit\u00e9<\/strong>: Con\u00e7us pour r\u00e9sister aux conditions m\u00e9t\u00e9orologiques difficiles, notamment aux fortes pluies, aux vents violents et aux temp\u00e9ratures extr\u00eames. Les panneaux muraux en WPC pour l'ext\u00e9rieur sont r\u00e9sistants \u00e0 la d\u00e9formation, au gonflement et \u00e0 la formation de moisissures.<\/li>\n<li><strong>Faible entretien<\/strong>: Contrairement au bois traditionnel, les panneaux muraux en WPC pour l'ext\u00e9rieur n'ont pas besoin d'\u00eatre peints, teint\u00e9s ou scell\u00e9s. Ils se nettoient facilement avec de l'eau et du savon doux, ce qui vous permet d'\u00e9conomiser du temps et des efforts.<\/li>\n<li><strong>L'attrait esth\u00e9tique<\/strong>: Offrent une large gamme de couleurs et de textures qui peuvent rehausser la beaut\u00e9 de votre patio. La finition en bois naturel ajoute de la chaleur et de l'\u00e9l\u00e9gance \u00e0 tout espace ext\u00e9rieur.<\/li>\n<li><strong>Respect de l'environnement<\/strong>: Fabriqu\u00e9s \u00e0 partir de mat\u00e9riaux recycl\u00e9s, les panneaux muraux ext\u00e9rieurs en WPC pour la conception de patios sont un choix \u00e9cologique qui soutient les pratiques durables.<\/li>\n<li><strong>R\u00e9sistance aux chocs<\/strong>: R\u00e9sistants aux chocs et aux rayures, ils sont id\u00e9aux pour les zones tr\u00e8s fr\u00e9quent\u00e9es et les environnements o\u00f9 la durabilit\u00e9 est cruciale.<\/li>\n<li><strong>R\u00e9sistance aux UV<\/strong>: Prot\u00e9g\u00e9s contre les rayons UV, les panneaux ne se d\u00e9colorent pas et ne se d\u00e9gradent pas au fil du temps, conservant ainsi leur aspect pendant de nombreuses ann\u00e9es.<\/li>\n<li><strong>Imperm\u00e9able \u00e0 l'eau<\/strong>: Compl\u00e8tement imperm\u00e9ables, ils sont parfaits pour les patios et autres espaces ext\u00e9rieurs o\u00f9 l'humidit\u00e9 est un probl\u00e8me.<\/li>\n<\/ul>\n<h4>Sc\u00e9narios d'application<\/h4>\n<ul>\n<li><strong>Murs du patio<\/strong>: Id\u00e9al pour cr\u00e9er des murs de terrasse beaux et fonctionnels qui ajoutent de l'intimit\u00e9 et du style \u00e0 votre espace de vie ext\u00e9rieur.<\/li>\n<li><strong>Cl\u00f4ture de jardin<\/strong>: Parfait pour les cl\u00f4tures de jardin, offrant une solution durable et n\u00e9cessitant peu d'entretien qui rehausse l'attrait esth\u00e9tique de votre jardin.<\/li>\n<li><strong>Salles ext\u00e9rieures<\/strong>: Convient aux pi\u00e8ces ext\u00e9rieures, cr\u00e9ant un espace confortable et accueillant qui s'int\u00e8gre parfaitement \u00e0 votre environnement naturel.<\/li>\n<li><strong>Zones de piscine<\/strong>: Id\u00e9al pour les zones de piscine, o\u00f9 leurs propri\u00e9t\u00e9s imperm\u00e9ables et r\u00e9sistantes aux UV leur permettent de rester belles et fonctionnelles.<\/li>\n<\/ul>\n<h4>Guide d'installation<\/h4>\n<ul>\n<li><strong>Pr\u00e9paration de la surface<\/strong>: Veillez \u00e0 ce que la surface soit propre, s\u00e8che et plane. Pour les terrasses, il est recommand\u00e9 d'utiliser une base solide en b\u00e9ton ou en bois.<\/li>\n<li><strong>M\u00e9thode d'installation<\/strong>: Les panneaux muraux en WPC pour l'ext\u00e9rieur peuvent \u00eatre install\u00e9s \u00e0 l'aide d'une vari\u00e9t\u00e9 de m\u00e9thodes, y compris l'adh\u00e9sif, les vis ou les syst\u00e8mes d'embo\u00eetement. Suivez les instructions du fabricant pour obtenir les meilleurs r\u00e9sultats.<\/li>\n<li><strong>Scellement<\/strong>: Bien que les panneaux muraux ext\u00e9rieurs en WPC pour la conception de patios n\u00e9cessitent peu d'entretien, l'application d'un scellant protecteur peut am\u00e9liorer leur durabilit\u00e9 et leur r\u00e9sistance aux conditions m\u00e9t\u00e9orologiques.<\/li>\n<\/ul>\n<h4>Conseils d'entretien<\/h4>\n<ul>\n<li><strong>Nettoyage r\u00e9gulier<\/strong>: Nettoyez r\u00e9guli\u00e8rement les panneaux avec de l'eau et du savon doux pour \u00e9liminer la salet\u00e9 et les d\u00e9bris.<\/li>\n<li><strong>\u00c9viter les produits chimiques agressifs<\/strong>: \u00c9vitez d'utiliser des produits chimiques agressifs ou des nettoyants abrasifs, car ils peuvent endommager la surface des panneaux.<\/li>\n<li><strong>Inspecter les dommages<\/strong>: Inspecter p\u00e9riodiquement les panneaux pour d\u00e9celer tout signe de dommage et r\u00e9soudre rapidement tout probl\u00e8me.<\/li>\n<\/ul>\n<h4>Informations sur le march\u00e9<\/h4>\n<ul>\n<li><strong>Une demande croissante<\/strong>: Le march\u00e9 des panneaux muraux ext\u00e9rieurs en WPC pour la conception de patios conna\u00eet une croissance rapide, stimul\u00e9e par la demande croissante de mat\u00e9riaux de construction durables, n\u00e9cessitant peu d'entretien et respectueux de l'environnement.<\/li>\n<li><strong>Durabilit\u00e9<\/strong>: Les consommateurs sont de plus en plus \u00e0 la recherche d'options durables et respectueuses de l'environnement pour leurs projets d'am\u00e9lioration de l'habitat, ce qui fait du panneau mural ext\u00e9rieur en WPC pour la conception de patios un choix int\u00e9ressant.<\/li>\n<\/ul>\n<h4>Guide d'installation<\/h4>\n<ul>\n<li><strong>Pr\u00e9paration de la surface<\/strong>: Assurez-vous que le mur est propre, sec et lisse.<\/li>\n<li><strong>M\u00e9thode d'installation<\/strong>: Suivre les instructions du fabricant pour l'installation en utilisant les adh\u00e9sifs, les fixations ou les syst\u00e8mes d'embo\u00eetement appropri\u00e9s. La consultation d'un professionnel ou d'un installateur exp\u00e9riment\u00e9 peut garantir une installation sans faille et durable.<\/li>\n<\/ul>\n<h3>Galerie<\/h3>\n<figure id=\"attachment_20841\" aria-describedby=\"caption-attachment-20841\" style=\"width: 1024px\" class=\"wp-caption alignnone\"><img loading=\"lazy\" decoding=\"async\" class=\"wp-image-20841\" src=\"https:\/\/meterny.com\/wp-content\/uploads\/2025\/01\/75-136-scaled.jpg\" alt=\"Panneau mural ext\u00e9rieur en WPC pour cl\u00f4ture de jardin\" width=\"1024\" height=\"1024\" srcset=\"https:\/\/meterny.com\/wp-content\/uploads\/2025\/01\/75-136-scaled.jpg 2560w, https:\/\/meterny.com\/wp-content\/uploads\/2025\/01\/75-136-300x300.jpg 300w, https:\/\/meterny.com\/wp-content\/uploads\/2025\/01\/75-136-1024x1024.jpg 1024w, https:\/\/meterny.com\/wp-content\/uploads\/2025\/01\/75-136-150x150.jpg 150w, https:\/\/meterny.com\/wp-content\/uploads\/2025\/01\/75-136-768x768.jpg 768w, https:\/\/meterny.com\/wp-content\/uploads\/2025\/01\/75-136-1536x1536.jpg 1536w, https:\/\/meterny.com\/wp-content\/uploads\/2025\/01\/75-136-2048x2048.jpg 2048w, https:\/\/meterny.com\/wp-content\/uploads\/2025\/01\/75-136-600x600.jpg 600w, https:\/\/meterny.com\/wp-content\/uploads\/2025\/01\/75-136-100x100.jpg 100w\" sizes=\"auto, (max-width: 1024px) 100vw, 1024px\" \/><figcaption id=\"caption-attachment-20841\" class=\"wp-caption-text\">Panneau mural ext\u00e9rieur en WPC : Cr\u00e9er un jardin priv\u00e9 et \u00e9l\u00e9gant avec des cl\u00f4tures durables<\/figcaption><\/figure>\n<figure id=\"attachment_20840\" aria-describedby=\"caption-attachment-20840\" style=\"width: 1024px\" class=\"wp-caption alignnone\"><img loading=\"lazy\" decoding=\"async\" class=\"wp-image-20840\" src=\"https:\/\/meterny.com\/wp-content\/uploads\/2025\/01\/75-106.png\" alt=\"Panneau mural WPC gris pour espaces commerciaux\" width=\"1024\" height=\"1024\" srcset=\"https:\/\/meterny.com\/wp-content\/uploads\/2025\/01\/75-106.png 595w, https:\/\/meterny.com\/wp-content\/uploads\/2025\/01\/75-106-300x300.png 300w, https:\/\/meterny.com\/wp-content\/uploads\/2025\/01\/75-106-150x150.png 150w, https:\/\/meterny.com\/wp-content\/uploads\/2025\/01\/75-106-100x100.png 100w\" sizes=\"auto, (max-width: 1024px) 100vw, 1024px\" \/><figcaption id=\"caption-attachment-20840\" class=\"wp-caption-text\">Panneau mural WPC gris : Am\u00e9liorez votre espace commercial avec un rev\u00eatement durable et \u00e9l\u00e9gant<\/figcaption><\/figure>\n<h3>Pour en savoir plus, cliquez sur le lien vers Youtube : <a href=\"https:\/\/youtu.be\/cW7s-_V3i-o\" target=\"_blank\" rel=\"noopener\">https:\/\/youtu.be\/cW7s-_V3i-o<\/a><\/h3>\n<p>&nbsp;<\/p>\n<\/div>\n<div class=\"elementor-element elementor-element-1f676da elementor-widget elementor-widget-heading\" data-id=\"1f676da\" data-element_type=\"widget\" data-widget_type=\"heading.default\">\n<h3>Options de couleurs<\/h3>\n<p>&nbsp;<\/p>\n<figure id=\"attachment_20293\" aria-describedby=\"caption-attachment-20293\" style=\"width: 1024px\" class=\"wp-caption alignnone\"><img loading=\"lazy\" decoding=\"async\" class=\"wp-image-20293\" src=\"https:\/\/meterny.com\/wp-content\/uploads\/2024\/10\/METE-Series-Colour-151.png\" alt=\"Options de couleur de la cl\u00f4ture WPC Meterny\" width=\"1024\" height=\"1024\" srcset=\"https:\/\/meterny.com\/wp-content\/uploads\/2024\/10\/METE-Series-Colour-151.png 900w, https:\/\/meterny.com\/wp-content\/uploads\/2024\/10\/METE-Series-Colour-151-300x300.png 300w, https:\/\/meterny.com\/wp-content\/uploads\/2024\/10\/METE-Series-Colour-151-150x150.png 150w, https:\/\/meterny.com\/wp-content\/uploads\/2024\/10\/METE-Series-Colour-151-768x768.png 768w, https:\/\/meterny.com\/wp-content\/uploads\/2024\/10\/METE-Series-Colour-151-600x600.png 600w, https:\/\/meterny.com\/wp-content\/uploads\/2024\/10\/METE-Series-Colour-151-100x100.png 100w\" sizes=\"auto, (max-width: 1024px) 100vw, 1024px\" \/><figcaption id=\"caption-attachment-20293\" class=\"wp-caption-text\">Explore Meterny WPC Fence - Neuf superbes options de couleurs pour tous les styles<\/figcaption><\/figure>\n<h3>Pourquoi choisir nos panneaux muraux ext\u00e9rieurs en WPC pour l'am\u00e9nagement du patio ?<\/h3>\n<h4>1.\u00a0<strong>Durabilit\u00e9 et long\u00e9vit\u00e9<\/strong><\/h4>\n<p>Nos panneaux muraux ext\u00e9rieurs en WPC sont con\u00e7us pour r\u00e9sister \u00e0 l'\u00e9preuve du temps. Fabriqu\u00e9s \u00e0 partir d'une combinaison de fibres de bois et de thermoplastiques, ils offrent une solidit\u00e9 et une stabilit\u00e9 dimensionnelle exceptionnelles. Ils sont r\u00e9sistants \u00e0 la pourriture, \u00e0 la d\u00e9composition et aux dommages caus\u00e9s par les insectes, ce qui garantit que vos murs de terrasse conservent leur int\u00e9grit\u00e9 structurelle et leur attrait visuel pendant de nombreuses ann\u00e9es.<\/p>\n<h4>2.\u00a0<strong>Faible entretien<\/strong><\/h4>\n<p>L'un des principaux avantages de nos panneaux muraux ext\u00e9rieurs en WPC pour la conception de patios est qu'ils n\u00e9cessitent peu d'entretien. Contrairement aux panneaux en bois traditionnels, ils n'ont pas besoin d'\u00eatre teint\u00e9s, peints ou scell\u00e9s r\u00e9guli\u00e8rement. Un nettoyage de routine avec de l'eau et du savon doux suffit g\u00e9n\u00e9ralement \u00e0 leur conserver leur aspect impeccable. Cela en fait un choix pratique pour les propri\u00e9taires, qui \u00e9conomisent \u00e0 la fois du temps et de l'argent sur les efforts d'entretien.<\/p>\n<h4>3.\u00a0<strong>L'attrait esth\u00e9tique<\/strong><\/h4>\n<p>Nos panneaux muraux en WPC offrent un large \u00e9ventail de possibilit\u00e9s de conception, vous permettant de cr\u00e9er un espace de terrasse captivant et personnalis\u00e9. Gr\u00e2ce aux diff\u00e9rentes couleurs, textures et finitions disponibles, vous pouvez obtenir l'esth\u00e9tique souhait\u00e9e, qu'il s'agisse d'un look moderne, rustique ou contemporain. Ces panneaux combinent sans effort la beaut\u00e9 naturelle du bois avec la durabilit\u00e9 et la polyvalence des mat\u00e9riaux composites, ajoutant chaleur et \u00e9l\u00e9gance \u00e0 tout environnement.<\/p>\n<h4>4.\u00a0<strong>Durabilit\u00e9 environnementale<\/strong><\/h4>\n<p>Nos panneaux muraux ext\u00e9rieurs en WPC pour la conception de patios sont une alternative \u00e9cologique aux panneaux en bois traditionnels. Ils sont g\u00e9n\u00e9ralement compos\u00e9s de mat\u00e9riaux recycl\u00e9s, notamment de fibres de bois et de plastique recycl\u00e9. En choisissant nos panneaux muraux en WPC, vous contribuez \u00e0 des pratiques durables, r\u00e9duisez la demande de bois vierge et aidez \u00e0 minimiser les d\u00e9chets.<\/p>\n<h4>5.\u00a0<strong>R\u00e9sistance \u00e0 l'humidit\u00e9 et aux intemp\u00e9ries<\/strong><\/h4>\n<p>Nos panneaux muraux ext\u00e9rieurs en WPC pour la conception de patios sont con\u00e7us pour r\u00e9sister \u00e0 l'humidit\u00e9 et aux conditions m\u00e9t\u00e9orologiques difficiles, ce qui les rend adapt\u00e9s aux applications int\u00e9rieures et ext\u00e9rieures. Ils sont r\u00e9sistants \u00e0 la d\u00e9formation, au gonflement et \u00e0 la formation de moisissures, ce qui garantit une surface murale durable et visuellement attrayante, m\u00eame dans des environnements humides ou mouill\u00e9s.<\/p>\n<h4>6.\u00a0<strong>Installation facile<\/strong><\/h4>\n<p>Nos panneaux muraux ext\u00e9rieurs en WPC pour la conception de patios sont l\u00e9gers et faciles \u00e0 manipuler, ce qui les rend plus rapides \u00e0 installer. Les anciens types d'installations avec des mat\u00e9riaux physiques de grande taille peuvent \u00eatre fastidieux et prendre du temps, alors que nos panneaux muraux ext\u00e9rieurs en WPC pour le design de patio peuvent g\u00e9n\u00e9ralement \u00eatre install\u00e9s avec peu d'\u00e9quipement et un minimum de comp\u00e9tence. Les proc\u00e9dures de montage faciles \u00e0 suivre permettent \u00e0 ces panneaux de minimiser les frais de main-d'\u0153uvre et de terminer le travail dans les d\u00e9lais sans sacrifier la qualit\u00e9.<\/p>\n<h4>7.\u00a0<strong>Isolation acoustique et thermique<\/strong><\/h4>\n<p>Nos panneaux muraux ext\u00e9rieurs en WPC pour la conception de patios offrent d'excellentes propri\u00e9t\u00e9s d'isolation acoustique, ce qui les rend id\u00e9aux pour les espaces qui n\u00e9cessitent une r\u00e9duction du bruit, tels que les patios et les espaces de vie ext\u00e9rieurs. Leurs capacit\u00e9s d'isolation thermique contribuent \u00e9galement \u00e0 maintenir des temp\u00e9ratures int\u00e9rieures confortables, ce qui permet de r\u00e9duire les co\u00fbts \u00e9nerg\u00e9tiques.<\/p>\n<h4>8.\u00a0<strong>R\u00e9sistance aux facteurs environnementaux<\/strong><\/h4>\n<p>Ces panneaux sont con\u00e7us pour r\u00e9sister \u00e0 divers d\u00e9fis environnementaux, notamment l'humidit\u00e9, les rayons UV et les fluctuations de temp\u00e9rature. Cette r\u00e9sistance leur permet de rester durables et attrayants, m\u00eame dans des conditions difficiles. Qu'ils soient utilis\u00e9s dans des salles de bains humides, des ext\u00e9rieurs ensoleill\u00e9s ou des climats froids, les panneaux WPC conservent leurs performances et leur aspect, ce qui en fait un choix fiable pour n'importe quel environnement.<\/p>\n<h4>9.\u00a0<strong>Rapport co\u00fbt-efficacit\u00e9<\/strong><\/h4>\n<p>Bien que le co\u00fbt initial des panneaux muraux ext\u00e9rieurs en WPC pour la conception de patios soit l\u00e9g\u00e8rement sup\u00e9rieur \u00e0 celui des mat\u00e9riaux traditionnels tels que le bois, leurs avantages \u00e0 long terme l'emportent sur l'investissement initial. La r\u00e9duction des co\u00fbts d'entretien, l'allongement de la dur\u00e9e de vie et l'efficacit\u00e9 \u00e9nerg\u00e9tique contribuent \u00e0 la rentabilit\u00e9 globale.<\/p>\n<h4>10.\u00a0<strong>R\u00e9sistance aux chocs<\/strong><\/h4>\n<p>Nos panneaux muraux ext\u00e9rieurs en WPC pour la conception de patios sont r\u00e9sistants aux chocs et aux rayures, ce qui les rend adapt\u00e9s aux zones tr\u00e8s fr\u00e9quent\u00e9es ou aux environnements o\u00f9 la durabilit\u00e9 est cruciale. Cette caract\u00e9ristique garantit que les panneaux conservent leur apparence et leur int\u00e9grit\u00e9 structurelle m\u00eame en cas d'usure quotidienne.<\/p>\n<h3>Conclusion<\/h3>\n<p class=\"last-node\">Nos panneaux muraux ext\u00e9rieurs en WPC pour la conception de patios offrent une combinaison de polyvalence, de durabilit\u00e9, de faible entretien et de durabilit\u00e9 environnementale. Ils constituent un excellent choix pour les projets r\u00e9sidentiels et commerciaux, offrant une solution durable et visuellement attrayante qui r\u00e9pond aux normes de construction modernes et aux objectifs environnementaux. En choisissant nos panneaux muraux ext\u00e9rieurs en WPC pour la conception de patios, vous am\u00e9liorez non seulement les aspects esth\u00e9tiques et fonctionnels de votre patio, mais vous soutenez \u00e9galement les pratiques durables. Transformez votre espace de vie ext\u00e9rieur gr\u00e2ce \u00e0 l'\u00e9l\u00e9gance et \u00e0 la durabilit\u00e9 de notre panneau mural ext\u00e9rieur en WPC pour le design de patio.<\/p>\n<div>\n<div class=\"paragraph\"><\/div>\n<\/div>\n<\/div>","protected":false},"excerpt":{"rendered":"<p>Qualit\u00e9 sup\u00e9rieure : Fabriqu\u00e9 \u00e0 partir de mat\u00e9riaux de premi\u00e8re qualit\u00e9, ce panneau ext\u00e9rieur en WPC offre une protection contre les \u00e9l\u00e9ments.<\/p>\n<p>Un design \u00e9l\u00e9gant : Rehaussez l'ext\u00e9rieur de votre propri\u00e9t\u00e9 avec un bardage \u00e9l\u00e9gant et moderne qui s'harmonise avec tous les styles architecturaux.<\/p>\n<p>Installation facile : Il est con\u00e7u pour une installation facile, ce qui vous permet d'\u00e9conomiser du temps et des efforts.<\/p>\n<p>Polyvalent : Que ce soit pour des propri\u00e9t\u00e9s r\u00e9sidentielles ou commerciales, ce panneau WPC est parfait pour toutes les applications de rev\u00eatement ext\u00e9rieur.<\/p>\n<p>Respectueux de l'environnement : Fabriqu\u00e9 \u00e0 partir de mat\u00e9riaux durables, il s'agit d'un choix respectueux de l'environnement pour vos besoins en mati\u00e8re d'am\u00e9nagement ext\u00e9rieur.<\/p>","protected":false},"featured_media":20843,"comment_status":"open","ping_status":"closed","template":"","meta":{"_uag_custom_page_level_css":"","site-sidebar-layout":"default","site-content-layout":"","ast-site-content-layout":"default","site-content-style":"default","site-sidebar-style":"default","ast-global-header-display":"","ast-banner-title-visibility":"","ast-main-header-display":"","ast-hfb-above-header-display":"","ast-hfb-below-header-display":"","ast-hfb-mobile-header-display":"","site-post-title":"","ast-breadcrumbs-content":"","ast-featured-img":"","footer-sml-layout":"","theme-transparent-header-meta":"default","adv-header-id-meta":"","stick-header-meta":"default","header-above-stick-meta":"","header-main-stick-meta":"","header-below-stick-meta":"","astra-migrate-meta-layouts":"set","ast-page-background-enabled":"default","ast-page-background-meta":{"desktop":{"background-color":"var(--ast-global-color-4)","background-image":"","background-repeat":"repeat","background-position":"center center","background-size":"auto","background-attachment":"scroll","background-type":"","background-media":"","overlay-type":"","overlay-color":"","overlay-opacity":"","overlay-gradient":""},"tablet":{"background-color":"","background-image":"","background-repeat":"repeat","background-position":"center center","background-size":"auto","background-attachment":"scroll","background-type":"","background-media":"","overlay-type":"","overlay-color":"","overlay-opacity":"","overlay-gradient":""},"mobile":{"background-color":"","background-image":"","background-repeat":"repeat","background-position":"center center","background-size":"auto","background-attachment":"scroll","background-type":"","background-media":"","overlay-type":"","overlay-color":"","overlay-opacity":"","overlay-gradient":""}},"ast-content-background-meta":{"desktop":{"background-color":"var(--ast-global-color-5)","background-image":"","background-repeat":"repeat","background-position":"center center","background-size":"auto","background-attachment":"scroll","background-type":"","background-media":"","overlay-type":"","overlay-color":"","overlay-opacity":"","overlay-gradient":""},"tablet":{"background-color":"var(--ast-global-color-5)","background-image":"","background-repeat":"repeat","background-position":"center center","background-size":"auto","background-attachment":"scroll","background-type":"","background-media":"","overlay-type":"","overlay-color":"","overlay-opacity":"","overlay-gradient":""},"mobile":{"background-color":"var(--ast-global-color-5)","background-image":"","background-repeat":"repeat","background-position":"center center","background-size":"auto","background-attachment":"scroll","background-type":"","background-media":"","overlay-type":"","overlay-color":"","overlay-opacity":"","overlay-gradient":""}}},"product_brand":[],"product_cat":[175],"product_tag":[184,180],"class_list":{"0":"post-20852","1":"product","2":"type-product","3":"status-publish","4":"has-post-thumbnail","6":"product_cat-exterior-wpc-wall","7":"product_tag-wpc-wall-exterior","8":"product_tag-wpc-wall-panel","9":"desktop-align-center","10":"tablet-align-left","11":"mobile-align-left","12":"ast-product-gallery-layout-horizontal-slider","13":"ast-product-tabs-layout-vertical","15":"first","16":"instock","17":"shipping-taxable","18":"product-type-simple"},"uagb_featured_image_src":{"full":["https:\/\/meterny.com\/wp-content\/uploads\/2025\/01\/\u4e3b\u56fe5.jpg",900,900,false],"thumbnail":["https:\/\/meterny.com\/wp-content\/uploads\/2025\/01\/\u4e3b\u56fe5-150x150.jpg",150,150,true],"medium":["https:\/\/meterny.com\/wp-content\/uploads\/2025\/01\/\u4e3b\u56fe5-300x300.jpg",300,300,true],"medium_large":["https:\/\/meterny.com\/wp-content\/uploads\/2025\/01\/\u4e3b\u56fe5-768x768.jpg",768,768,true],"large":["https:\/\/meterny.com\/wp-content\/uploads\/2025\/01\/\u4e3b\u56fe5.jpg",900,900,false],"1536x1536":["https:\/\/meterny.com\/wp-content\/uploads\/2025\/01\/\u4e3b\u56fe5.jpg",900,900,false],"2048x2048":["https:\/\/meterny.com\/wp-content\/uploads\/2025\/01\/\u4e3b\u56fe5.jpg",900,900,false],"trp-custom-language-flag":["https:\/\/meterny.com\/wp-content\/uploads\/2025\/01\/\u4e3b\u56fe5.jpg",12,12,false],"woocommerce_thumbnail":["https:\/\/meterny.com\/wp-content\/uploads\/2025\/01\/\u4e3b\u56fe5-300x300.jpg",300,300,true],"woocommerce_single":["https:\/\/meterny.com\/wp-content\/uploads\/2025\/01\/\u4e3b\u56fe5-600x600.jpg",600,600,true],"woocommerce_gallery_thumbnail":["https:\/\/meterny.com\/wp-content\/uploads\/2025\/01\/\u4e3b\u56fe5-100x100.jpg",100,100,true]},"uagb_author_info":{"display_name":"meterny","author_link":"https:\/\/meterny.com\/fr\/author\/"},"uagb_comment_info":0,"uagb_excerpt":"Superior Quality: Crafted from premium materials, this WPC Exterior panel offers protection against the elements. Stylish Design: Elevate the exterior of your property with sleek and modern cladding that complements any architectural style. Easy Installation: It is designed for hassle-free installation, saving you time and effort. Versatile: Whether it's for residential or commercial properties, This\u2026","_links":{"self":[{"href":"https:\/\/meterny.com\/fr\/wp-json\/wp\/v2\/product\/20852","targetHints":{"allow":["GET"]}}],"collection":[{"href":"https:\/\/meterny.com\/fr\/wp-json\/wp\/v2\/product"}],"about":[{"href":"https:\/\/meterny.com\/fr\/wp-json\/wp\/v2\/types\/product"}],"replies":[{"embeddable":true,"href":"https:\/\/meterny.com\/fr\/wp-json\/wp\/v2\/comments?post=20852"}],"wp:featuredmedia":[{"embeddable":true,"href":"https:\/\/meterny.com\/fr\/wp-json\/wp\/v2\/media\/20843"}],"wp:attachment":[{"href":"https:\/\/meterny.com\/fr\/wp-json\/wp\/v2\/media?parent=20852"}],"wp:term":[{"taxonomy":"product_brand","embeddable":true,"href":"https:\/\/meterny.com\/fr\/wp-json\/wp\/v2\/product_brand?post=20852"},{"taxonomy":"product_cat","embeddable":true,"href":"https:\/\/meterny.com\/fr\/wp-json\/wp\/v2\/product_cat?post=20852"},{"taxonomy":"product_tag","embeddable":true,"href":"https:\/\/meterny.com\/fr\/wp-json\/wp\/v2\/product_tag?post=20852"}],"curies":[{"name":"wp","href":"https:\/\/api.w.org\/{rel}","templated":true}]}}