{"id":21002,"date":"2025-01-14T07:59:19","date_gmt":"2025-01-14T07:59:19","guid":{"rendered":"https:\/\/meterny.com\/?post_type=product&#038;p=21002"},"modified":"2025-01-14T08:37:43","modified_gmt":"2025-01-14T08:37:43","slug":"termite-resistant-wpc-wall-panels-outdoor-wall","status":"publish","type":"product","link":"https:\/\/meterny.com\/fr\/produit\/termite-resistant-wpc-wall-panels-outdoor-wall\/","title":{"rendered":"Panneaux muraux WPC r\u00e9sistants aux termites Mur ext\u00e9rieur"},"content":{"rendered":"<div class=\"elementor-element elementor-element-c0e1d42 elementor-widget elementor-widget-heading\" data-id=\"c0e1d42\" data-element_type=\"widget\" data-widget_type=\"heading.default\">\n<h2 style=\"text-align: center;\">Panneaux muraux WPC r\u00e9sistants aux termites Mur ext\u00e9rieur<\/h2>\n<p>&nbsp;<\/p>\n<h2>Aper\u00e7u du produit<\/h2>\n<p>Les panneaux muraux en WPC r\u00e9sistants aux termites sont un mat\u00e9riau composite combinant des fibres de bois et du plastique, offrant une excellente r\u00e9sistance aux insectes et aux termites, ce qui les rend id\u00e9aux pour une utilisation dans des zones humides ou pluvieuses. Ces panneaux sont non seulement esth\u00e9tiques, mais aussi durables et respectueux de l'environnement, ce qui en fait un choix parfait pour la d\u00e9coration des murs ext\u00e9rieurs.<\/p>\n<figure id=\"attachment_20950\" aria-describedby=\"caption-attachment-20950\" style=\"width: 1024px\" class=\"wp-caption alignnone\"><img loading=\"lazy\" decoding=\"async\" class=\"wp-image-20950\" src=\"https:\/\/meterny.com\/wp-content\/uploads\/2025\/01\/\u4e3b\u56fe9.jpg\" alt=\"Panneaux muraux WPC r\u00e9sistants aux termites Mur ext\u00e9rieur\" width=\"1024\" height=\"1024\" srcset=\"https:\/\/meterny.com\/wp-content\/uploads\/2025\/01\/\u4e3b\u56fe9.jpg 800w, https:\/\/meterny.com\/wp-content\/uploads\/2025\/01\/\u4e3b\u56fe9-300x300.jpg 300w, https:\/\/meterny.com\/wp-content\/uploads\/2025\/01\/\u4e3b\u56fe9-150x150.jpg 150w, https:\/\/meterny.com\/wp-content\/uploads\/2025\/01\/\u4e3b\u56fe9-768x768.jpg 768w, https:\/\/meterny.com\/wp-content\/uploads\/2025\/01\/\u4e3b\u56fe9-600x600.jpg 600w, https:\/\/meterny.com\/wp-content\/uploads\/2025\/01\/\u4e3b\u56fe9-100x100.jpg 100w\" sizes=\"auto, (max-width: 1024px) 100vw, 1024px\" \/><figcaption id=\"caption-attachment-20950\" class=\"wp-caption-text\">Prot\u00e9gez votre espace ext\u00e9rieur des termites avec les panneaux WPC<\/figcaption><\/figure>\n<p><strong style=\"font-size: 1.5em;\">Sp\u00e9cifications des produits<\/strong><span style=\"font-size: 1.5em; font-weight: bold;\">:<\/span><\/p>\n<ul>\n<li style=\"list-style-type: none;\">\n<ul>\n<li><strong>Mat\u00e9riau<\/strong>: Fibres de bois et plastique recycl\u00e9s<\/li>\n<li><strong>Dimensions<\/strong>: 135*119*23mm\/217*201*28mm\/227*210*25mm, avec possibilit\u00e9 de personnalisation selon les exigences du client.<\/li>\n<li><strong>\u00c9paisseur<\/strong>23\/25\/28mm<\/li>\n<li><strong>Poids<\/strong>: 3kg\/m\u00e8tre<\/li>\n<li><strong>Options de couleur<\/strong>: Disponible en 9 couleurs standard, avec la possibilit\u00e9 de personnaliser les couleurs.<\/li>\n<li><strong>Traitement de surface<\/strong>: Disponible en finition conventionnelle, bross\u00e9e ou gaufr\u00e9e.<\/li>\n<li><strong>Mat\u00e9riau<\/strong>: Composite bois-plastique (WPC) de haute qualit\u00e9 constitu\u00e9 d'un m\u00e9lange de fibres de bois et de mat\u00e9riaux thermoplastiques (tels que HDPE, PVC, PP).<\/li>\n<li><strong>M\u00e9thode d'installation<\/strong>Les caract\u00e9ristiques techniques sont les suivantes : rainure et languette, syst\u00e8me de clips, etc.<\/li>\n<li><strong>R\u00e9sistance au feu<\/strong>: Conforme aux normes internationales de s\u00e9curit\u00e9 incendie, il offre un niveau de s\u00e9curit\u00e9 suppl\u00e9mentaire \u00e0 votre maison.<\/li>\n<li><strong>Protection UV<\/strong>: Protection UV renforc\u00e9e pour \u00e9viter la d\u00e9coloration et maintenir l'aspect \u00e9clatant du bardage.<\/li>\n<li><strong>Garantie<\/strong>: plus de 10 ans<\/li>\n<\/ul>\n<\/li>\n<\/ul>\n<h2>Caract\u00e9ristiques principales<\/h2>\n<ul>\n<li><strong>R\u00e9sistance aux insectes et aux termites<\/strong>: Les panneaux muraux en WPC sont r\u00e9sistants aux infestations d'insectes et \u00e0 la formation de moisissures, ce qui permet de les utiliser dans des climats humides ou pluvieux.<\/li>\n<li><strong>R\u00e9sistance \u00e0 l'eau et \u00e0 l'humidit\u00e9<\/strong>: Contrairement au bois traditionnel, qui peut gonfler et pourrir en cas d'humidit\u00e9 \u00e9lev\u00e9e, les panneaux muraux en WPC \u00e9vitent facilement ces probl\u00e8mes, garantissant une longue dur\u00e9e de vie et un aspect constant.<\/li>\n<li><strong>R\u00e9sistance au feu<\/strong>: Les panneaux muraux en WPC ont d'excellentes propri\u00e9t\u00e9s ignifuges, ralentissant efficacement la propagation du feu et am\u00e9liorant la s\u00e9curit\u00e9 des espaces de vie ou de travail.<\/li>\n<li><strong>Faible entretien<\/strong>: Les panneaux muraux en WPC n'ont pas besoin d'\u00eatre r\u00e9guli\u00e8rement peints ou trait\u00e9s comme le bois traditionnel. Ils sont faciles \u00e0 nettoyer, ne n\u00e9cessitant g\u00e9n\u00e9ralement qu'un rin\u00e7age \u00e0 l'eau pour \u00e9liminer la salet\u00e9, ce qui r\u00e9duit consid\u00e9rablement les co\u00fbts d'entretien et la main-d'\u0153uvre.<\/li>\n<li><strong>L'attrait esth\u00e9tique<\/strong>: Les panneaux muraux en WPC sont disponibles dans une vari\u00e9t\u00e9 de couleurs et de textures, imitant l'apparence du bois naturel. Ils sont disponibles dans une gamme de styles pour s'adapter au design g\u00e9n\u00e9ral des b\u00e2timents traditionnels ou modernes, et leur stabilit\u00e9 de couleur emp\u00eache la d\u00e9coloration, am\u00e9liorant ainsi la valeur esth\u00e9tique du b\u00e2timent.<\/li>\n<li><strong>Installation facile<\/strong>: Les panneaux muraux WPC se caract\u00e9risent par une conception conviviale avec un syst\u00e8me d'installation par encliquetage ou par embo\u00eetement, ce qui rend l'installation rapide et pratique sans n\u00e9cessiter d'outils professionnels, \u00e9conomisant ainsi le temps de construction et les co\u00fbts de main d'\u0153uvre.<\/li>\n<li><strong>Isolation thermique et phonique<\/strong>: Gr\u00e2ce \u00e0 leur structure unique, les mat\u00e9riaux WPC offrent de bonnes propri\u00e9t\u00e9s d'isolation thermique et acoustique, ce qui en fait un choix id\u00e9al pour les maisons ou les bureaux qui requi\u00e8rent un environnement calme et confortable.<\/li>\n<li><strong>Respect de l'environnement<\/strong>: Les panneaux muraux en WPC ne contiennent pas de substances nocives telles que le benz\u00e8ne ou le formald\u00e9hyde, ce qui \u00e9vite toute pollution suppl\u00e9mentaire de l'air. En outre, leur recyclabilit\u00e9 s'inscrit parfaitement dans les politiques mondiales de d\u00e9veloppement durable, ce qui en fait un choix responsable pour ceux qui se pr\u00e9occupent de l'environnement.<\/li>\n<\/ul>\n<\/div>\n<div class=\"elementor-element elementor-element-1f676da elementor-widget elementor-widget-heading\" data-id=\"1f676da\" data-element_type=\"widget\" data-widget_type=\"heading.default\">\n<h2>Applications<\/h2>\n<ul>\n<li><strong>R\u00e9sidentiel<\/strong>: Id\u00e9al pour d\u00e9corer les murs ext\u00e9rieurs des maisons, am\u00e9liorer l'aspect des patios, des balcons et des jardins.<\/li>\n<li><strong>Commercial<\/strong>: Convient aux h\u00f4tels, aux restaurants, aux caf\u00e9s et aux espaces commerciaux, offrant un environnement s\u00fbr et esth\u00e9tiquement agr\u00e9able.<\/li>\n<li><strong>Espaces publics<\/strong>: Parfait pour les parcs, les places, les quais, les promenades, les plages et les marinas, am\u00e9liorant la beaut\u00e9 et la s\u00e9curit\u00e9 des espaces publics.<\/li>\n<\/ul>\n<h4>Nous contacter<\/h4>\n<p>En tant que fabricant et fournisseur professionnel de produits WPC de haute qualit\u00e9, nous nous engageons \u00e0 vous fournir les meilleures solutions pour vos projets d'ext\u00e9rieur. Contactez-nous d\u00e8s aujourd'hui pour discuter de vos besoins sp\u00e9cifiques et obtenir un devis gratuit.<\/p>\n<p>Whatsapp:+86 18566054354<\/p>\n<p>Courriel : damon@meterny.com<\/p>\n<h3>Si vous voulez conna\u00eetre plus de d\u00e9tails, cliquez sur le lien vers Youtube :<a href=\"https:\/\/youtu.be\/cW7s-_V3i-o\" target=\"_blank\" rel=\"noopener\">https:\/\/youtu.be\/cW7s-_V3i-o<\/a><\/h3>\n<p>&nbsp;<\/p>\n<h3>Galerie<\/h3>\n<figure id=\"attachment_20956\" aria-describedby=\"caption-attachment-20956\" style=\"width: 1024px\" class=\"wp-caption alignnone\"><img loading=\"lazy\" decoding=\"async\" class=\"wp-image-20956\" src=\"https:\/\/meterny.com\/wp-content\/uploads\/2025\/01\/75-178-300x300-1.png\" alt=\"Panneaux muraux ext\u00e9rieurs anti-bruit en WPC\" width=\"1024\" height=\"1024\" srcset=\"https:\/\/meterny.com\/wp-content\/uploads\/2025\/01\/75-178-300x300-1.png 800w, https:\/\/meterny.com\/wp-content\/uploads\/2025\/01\/75-178-300x300-1-300x300.png 300w, https:\/\/meterny.com\/wp-content\/uploads\/2025\/01\/75-178-300x300-1-150x150.png 150w, https:\/\/meterny.com\/wp-content\/uploads\/2025\/01\/75-178-300x300-1-768x768.png 768w, https:\/\/meterny.com\/wp-content\/uploads\/2025\/01\/75-178-300x300-1-600x600.png 600w, https:\/\/meterny.com\/wp-content\/uploads\/2025\/01\/75-178-300x300-1-100x100.png 100w\" sizes=\"auto, (max-width: 1024px) 100vw, 1024px\" \/><figcaption id=\"caption-attachment-20956\" class=\"wp-caption-text\">Cr\u00e9ez un espace ext\u00e9rieur paisible avec des panneaux WPC anti-bruit<\/figcaption><\/figure>\n<figure id=\"attachment_20939\" aria-describedby=\"caption-attachment-20939\" style=\"width: 1024px\" class=\"wp-caption alignnone\"><img loading=\"lazy\" decoding=\"async\" class=\"wp-image-20939\" src=\"https:\/\/meterny.com\/wp-content\/uploads\/2025\/01\/70-43.jpg\" alt=\"Panneaux muraux WPC r\u00e9sistants aux intemp\u00e9ries en ext\u00e9rieur\" width=\"1024\" height=\"1026\" srcset=\"https:\/\/meterny.com\/wp-content\/uploads\/2025\/01\/70-43.jpg 820w, https:\/\/meterny.com\/wp-content\/uploads\/2025\/01\/70-43-300x300.jpg 300w, https:\/\/meterny.com\/wp-content\/uploads\/2025\/01\/70-43-150x150.jpg 150w, https:\/\/meterny.com\/wp-content\/uploads\/2025\/01\/70-43-768x770.jpg 768w, https:\/\/meterny.com\/wp-content\/uploads\/2025\/01\/70-43-600x601.jpg 600w, https:\/\/meterny.com\/wp-content\/uploads\/2025\/01\/70-43-100x100.jpg 100w\" sizes=\"auto, (max-width: 1024px) 100vw, 1024px\" \/><figcaption id=\"caption-attachment-20939\" class=\"wp-caption-text\">R\u00e9sistez aux \u00e9l\u00e9ments avec les panneaux WPC r\u00e9sistants aux intemp\u00e9ries<\/figcaption><\/figure>\n<\/div>\n<div class=\"elementor-element elementor-element-1f676da elementor-widget elementor-widget-heading\" data-id=\"1f676da\" data-element_type=\"widget\" data-widget_type=\"heading.default\">\n<h3>Options de couleurs<\/h3>\n<p>Panneaux muraux WPC ignifug\u00e9s pour l'ext\u00e9rieur<\/p>\n<p>&nbsp;<\/p>\n<figure id=\"attachment_20293\" aria-describedby=\"caption-attachment-20293\" style=\"width: 1024px\" class=\"wp-caption alignnone\"><img loading=\"lazy\" decoding=\"async\" class=\"wp-image-20293\" src=\"https:\/\/meterny.com\/wp-content\/uploads\/2024\/10\/METE-Series-Colour-151.png\" alt=\"Options de couleur de la cl\u00f4ture WPC Meterny\" width=\"1024\" height=\"1024\" srcset=\"https:\/\/meterny.com\/wp-content\/uploads\/2024\/10\/METE-Series-Colour-151.png 900w, https:\/\/meterny.com\/wp-content\/uploads\/2024\/10\/METE-Series-Colour-151-300x300.png 300w, https:\/\/meterny.com\/wp-content\/uploads\/2024\/10\/METE-Series-Colour-151-150x150.png 150w, https:\/\/meterny.com\/wp-content\/uploads\/2024\/10\/METE-Series-Colour-151-768x768.png 768w, https:\/\/meterny.com\/wp-content\/uploads\/2024\/10\/METE-Series-Colour-151-600x600.png 600w, https:\/\/meterny.com\/wp-content\/uploads\/2024\/10\/METE-Series-Colour-151-100x100.png 100w\" sizes=\"auto, (max-width: 1024px) 100vw, 1024px\" \/><figcaption id=\"caption-attachment-20293\" class=\"wp-caption-text\">Explore Meterny WPC Fence - Neuf superbes options de couleurs pour tous les styles<\/figcaption><\/figure>\n<div class=\"pop-container\">\n<div class=\"popcontent-hole\">\n<div class=\"pop-content\">\n<div class=\"normal___qxduM\">\n<div class=\"\">\n<div id=\"chat-markdown-cu123vos8jdneeo3jnsg-0-0\">\n<div class=\"markdown___vuBDJ\">\n<div class=\"markdown___vuBDJ\">\n<h3><strong>Pourquoi choisir les panneaux muraux en WPC r\u00e9sistants aux termites pour l'ext\u00e9rieur ?<\/strong><\/h3>\n<div class=\"auto-hide-last-sibling-br paragraph-JOTKXA paragraph-element br-paragraph-space\">Il y a plusieurs raisons de choisir des panneaux muraux en WPC r\u00e9sistants aux termites pour les murs ext\u00e9rieurs :<\/div>\n<h3 class=\"header-vfC6AV auto-hide-last-sibling-br\">Protection contre les termites<\/h3>\n<p>&nbsp;<\/p>\n<ul class=\"auto-hide-last-sibling-br\">\n<li>Les termites peuvent causer des dommages importants aux murs en bois traditionnels, entra\u00eenant des r\u00e9parations co\u00fbteuses et des probl\u00e8mes structurels potentiels. Les panneaux muraux WPC r\u00e9sistants aux termites sont fabriqu\u00e9s \u00e0 partir d'une combinaison de fibres de bois et de mat\u00e9riaux plastiques recycl\u00e9s, ce qui les rend inesth\u00e9tiques et peu attrayants pour les termites.<\/li>\n<li>L'absence de cellulose dans la matrice thermoplastique cr\u00e9e un environnement inhospitalier pour les termites, les emp\u00eachant d'infester et d'endommager les murs.<\/li>\n<\/ul>\n<h3 class=\"header-vfC6AV auto-hide-last-sibling-br\">Durabilit\u00e9<\/h3>\n<p>&nbsp;<\/p>\n<ul class=\"auto-hide-last-sibling-br\">\n<li>Outre la r\u00e9sistance aux termites, les panneaux muraux en WPC sont con\u00e7us pour r\u00e9sister aux conditions ext\u00e9rieures difficiles telles que l'humidit\u00e9 et les fluctuations extr\u00eames de temp\u00e9rature. Ils sont tr\u00e8s r\u00e9sistants au gauchissement, au pourrissement et \u00e0 la fissuration, ce qui garantit leur durabilit\u00e9 \u00e0 long terme et leur int\u00e9grit\u00e9 structurelle.<\/li>\n<li>Le processus de fabrication des panneaux WPC les rend \u00e9galement r\u00e9sistants aux rayons UV, ce qui emp\u00eache la d\u00e9coloration des couleurs au fil du temps et pr\u00e9serve l'attrait esth\u00e9tique des murs ext\u00e9rieurs pendant de nombreuses ann\u00e9es.<\/li>\n<\/ul>\n<h3 class=\"header-vfC6AV auto-hide-last-sibling-br\">Faible entretien<\/h3>\n<p>&nbsp;<\/p>\n<ul class=\"auto-hide-last-sibling-br\">\n<li>Contrairement au bois traditionnel, qui doit \u00eatre r\u00e9guli\u00e8rement teint\u00e9, scell\u00e9 et peint pour \u00eatre prot\u00e9g\u00e9 contre les termites et les \u00e9l\u00e9ments, les panneaux muraux en WPC r\u00e9sistants aux termites ne n\u00e9cessitent qu'un entretien minimal. Un nettoyage p\u00e9riodique des panneaux avec de l'eau et du savon doux suffit g\u00e9n\u00e9ralement \u00e0 \u00e9liminer la salet\u00e9, les d\u00e9bris et les taches.<\/li>\n<li>Cela permet non seulement aux propri\u00e9taires d'\u00e9conomiser du temps, des efforts et de l'argent sur les t\u00e2ches d'entretien, mais aussi de profiter de leur espace ext\u00e9rieur sans avoir \u00e0 l'entretenir en permanence.<\/li>\n<\/ul>\n<h3 class=\"header-vfC6AV auto-hide-last-sibling-br\">Respect de l'environnement<\/h3>\n<p>&nbsp;<\/p>\n<ul class=\"auto-hide-last-sibling-br\">\n<li>La composition des panneaux WPC comprend souvent des mat\u00e9riaux recycl\u00e9s, tels que des fibres de bois et du plastique recycl\u00e9s, ce qui contribue \u00e0 la conservation des ressources et \u00e0 la r\u00e9duction des d\u00e9chets.<\/li>\n<li>En choisissant des panneaux muraux en WPC r\u00e9sistants aux termites, les propri\u00e9taires peuvent \u00e9viter l'utilisation de pesticides chimiques toxiques qui sont souvent n\u00e9cessaires pour les traitements traditionnels contre les termites et les insectes, r\u00e9duisant ainsi leur empreinte \u00e9cologique.<\/li>\n<\/ul>\n<h3 class=\"header-vfC6AV auto-hide-last-sibling-br\">L'attrait esth\u00e9tique<\/h3>\n<p>&nbsp;<\/p>\n<ul class=\"auto-hide-last-sibling-br\">\n<li>Les panneaux muraux en WPC peuvent \u00eatre fabriqu\u00e9s de mani\u00e8re \u00e0 imiter l'aspect et le toucher du bois naturel, offrant l'attrait esth\u00e9tique du bois sans les inconv\u00e9nients des mat\u00e9riaux en bois traditionnels. Ils sont disponibles dans une grande vari\u00e9t\u00e9 de couleurs, de textures et de finitions, ce qui permet aux propri\u00e9taires de choisir l'option qui s'harmonise le mieux avec leur am\u00e9nagement ext\u00e9rieur et leur style architectural.<\/li>\n<li>Les panneaux peuvent \u00e9galement \u00eatre facilement coup\u00e9s et fa\u00e7onn\u00e9s pour s'adapter aux diff\u00e9rentes configurations murales et aux exigences de conception, offrant ainsi une grande souplesse d'installation et de personnalisation.<\/li>\n<\/ul>\n<h3 class=\"header-vfC6AV auto-hide-last-sibling-br\">Rapport co\u00fbt-efficacit\u00e9<\/h3>\n<p>&nbsp;<\/p>\n<ul class=\"auto-hide-last-sibling-br\">\n<li>Si le co\u00fbt initial des panneaux muraux en WPC peut \u00eatre l\u00e9g\u00e8rement sup\u00e9rieur \u00e0 celui des mat\u00e9riaux traditionnels, leur rentabilit\u00e9 \u00e0 long terme est significative. La durabilit\u00e9 et les faibles besoins d'entretien des panneaux WPC permettent aux propri\u00e9taires d'\u00e9conomiser sur les r\u00e9parations, les remplacements et les d\u00e9penses d'entretien au fil du temps.<\/li>\n<li>En outre, la r\u00e9sistance aux termites et autres parasites contribue \u00e0 prot\u00e9ger l'investissement dans le bien et \u00e0 maintenir sa valeur, ce qui en fait un choix judicieux pour les propri\u00e9taires et les promoteurs immobiliers.<\/li>\n<\/ul>\n<\/div>\n<\/div>\n<\/div>\n<\/div>\n<\/div>\n<\/div>\n<\/div>\n<\/div>\n<\/div>","protected":false},"excerpt":{"rendered":"<p>Qualit\u00e9 sup\u00e9rieure : Fabriqu\u00e9 \u00e0 partir de mat\u00e9riaux de premi\u00e8re qualit\u00e9, ce panneau ext\u00e9rieur en WPC offre une protection contre les \u00e9l\u00e9ments.<\/p>\n<p>Un design \u00e9l\u00e9gant : Rehaussez l'ext\u00e9rieur de votre propri\u00e9t\u00e9 avec un bardage \u00e9l\u00e9gant et moderne qui s'harmonise avec tous les styles architecturaux.<\/p>\n<p>Installation facile : Il est con\u00e7u pour une installation facile, ce qui vous permet d'\u00e9conomiser du temps et des efforts.<\/p>\n<p>Polyvalent : Que ce soit pour des propri\u00e9t\u00e9s r\u00e9sidentielles ou commerciales, ce panneau WPC est parfait pour toutes les applications de rev\u00eatement ext\u00e9rieur.<\/p>\n<p>Respectueux de l'environnement : Fabriqu\u00e9 \u00e0 partir de mat\u00e9riaux durables, il s'agit d'un choix respectueux de l'environnement pour vos besoins en mati\u00e8re d'am\u00e9nagement ext\u00e9rieur.<\/p>","protected":false},"featured_media":20950,"comment_status":"open","ping_status":"closed","template":"","meta":{"_uag_custom_page_level_css":"","site-sidebar-layout":"default","site-content-layout":"","ast-site-content-layout":"default","site-content-style":"default","site-sidebar-style":"default","ast-global-header-display":"","ast-banner-title-visibility":"","ast-main-header-display":"","ast-hfb-above-header-display":"","ast-hfb-below-header-display":"","ast-hfb-mobile-header-display":"","site-post-title":"","ast-breadcrumbs-content":"","ast-featured-img":"","footer-sml-layout":"","theme-transparent-header-meta":"default","adv-header-id-meta":"","stick-header-meta":"default","header-above-stick-meta":"","header-main-stick-meta":"","header-below-stick-meta":"","astra-migrate-meta-layouts":"set","ast-page-background-enabled":"default","ast-page-background-meta":{"desktop":{"background-color":"var(--ast-global-color-4)","background-image":"","background-repeat":"repeat","background-position":"center center","background-size":"auto","background-attachment":"scroll","background-type":"","background-media":"","overlay-type":"","overlay-color":"","overlay-opacity":"","overlay-gradient":""},"tablet":{"background-color":"","background-image":"","background-repeat":"repeat","background-position":"center center","background-size":"auto","background-attachment":"scroll","background-type":"","background-media":"","overlay-type":"","overlay-color":"","overlay-opacity":"","overlay-gradient":""},"mobile":{"background-color":"","background-image":"","background-repeat":"repeat","background-position":"center center","background-size":"auto","background-attachment":"scroll","background-type":"","background-media":"","overlay-type":"","overlay-color":"","overlay-opacity":"","overlay-gradient":""}},"ast-content-background-meta":{"desktop":{"background-color":"var(--ast-global-color-5)","background-image":"","background-repeat":"repeat","background-position":"center center","background-size":"auto","background-attachment":"scroll","background-type":"","background-media":"","overlay-type":"","overlay-color":"","overlay-opacity":"","overlay-gradient":""},"tablet":{"background-color":"var(--ast-global-color-5)","background-image":"","background-repeat":"repeat","background-position":"center center","background-size":"auto","background-attachment":"scroll","background-type":"","background-media":"","overlay-type":"","overlay-color":"","overlay-opacity":"","overlay-gradient":""},"mobile":{"background-color":"var(--ast-global-color-5)","background-image":"","background-repeat":"repeat","background-position":"center center","background-size":"auto","background-attachment":"scroll","background-type":"","background-media":"","overlay-type":"","overlay-color":"","overlay-opacity":"","overlay-gradient":""}}},"product_brand":[],"product_cat":[175],"product_tag":[184,180],"class_list":{"0":"post-21002","1":"product","2":"type-product","3":"status-publish","4":"has-post-thumbnail","6":"product_cat-exterior-wpc-wall","7":"product_tag-wpc-wall-exterior","8":"product_tag-wpc-wall-panel","9":"desktop-align-center","10":"tablet-align-left","11":"mobile-align-left","12":"ast-product-gallery-layout-horizontal-slider","13":"ast-product-tabs-layout-vertical","15":"first","16":"instock","17":"shipping-taxable","18":"product-type-simple"},"uagb_featured_image_src":{"full":["https:\/\/meterny.com\/wp-content\/uploads\/2025\/01\/\u4e3b\u56fe9.jpg",800,800,false],"thumbnail":["https:\/\/meterny.com\/wp-content\/uploads\/2025\/01\/\u4e3b\u56fe9-150x150.jpg",150,150,true],"medium":["https:\/\/meterny.com\/wp-content\/uploads\/2025\/01\/\u4e3b\u56fe9-300x300.jpg",300,300,true],"medium_large":["https:\/\/meterny.com\/wp-content\/uploads\/2025\/01\/\u4e3b\u56fe9-768x768.jpg",768,768,true],"large":["https:\/\/meterny.com\/wp-content\/uploads\/2025\/01\/\u4e3b\u56fe9.jpg",800,800,false],"1536x1536":["https:\/\/meterny.com\/wp-content\/uploads\/2025\/01\/\u4e3b\u56fe9.jpg",800,800,false],"2048x2048":["https:\/\/meterny.com\/wp-content\/uploads\/2025\/01\/\u4e3b\u56fe9.jpg",800,800,false],"trp-custom-language-flag":["https:\/\/meterny.com\/wp-content\/uploads\/2025\/01\/\u4e3b\u56fe9.jpg",12,12,false],"woocommerce_thumbnail":["https:\/\/meterny.com\/wp-content\/uploads\/2025\/01\/\u4e3b\u56fe9-300x300.jpg",300,300,true],"woocommerce_single":["https:\/\/meterny.com\/wp-content\/uploads\/2025\/01\/\u4e3b\u56fe9-600x600.jpg",600,600,true],"woocommerce_gallery_thumbnail":["https:\/\/meterny.com\/wp-content\/uploads\/2025\/01\/\u4e3b\u56fe9-100x100.jpg",100,100,true]},"uagb_author_info":{"display_name":"meterny","author_link":"https:\/\/meterny.com\/fr\/author\/"},"uagb_comment_info":0,"uagb_excerpt":"Superior Quality: Crafted from premium materials, this WPC Exterior panel offers protection against the elements. Stylish Design: Elevate the exterior of your property with sleek and modern cladding that complements any architectural style. Easy Installation: It is designed for hassle-free installation, saving you time and effort. Versatile: Whether it's for residential or commercial properties, This\u2026","_links":{"self":[{"href":"https:\/\/meterny.com\/fr\/wp-json\/wp\/v2\/product\/21002","targetHints":{"allow":["GET"]}}],"collection":[{"href":"https:\/\/meterny.com\/fr\/wp-json\/wp\/v2\/product"}],"about":[{"href":"https:\/\/meterny.com\/fr\/wp-json\/wp\/v2\/types\/product"}],"replies":[{"embeddable":true,"href":"https:\/\/meterny.com\/fr\/wp-json\/wp\/v2\/comments?post=21002"}],"wp:featuredmedia":[{"embeddable":true,"href":"https:\/\/meterny.com\/fr\/wp-json\/wp\/v2\/media\/20950"}],"wp:attachment":[{"href":"https:\/\/meterny.com\/fr\/wp-json\/wp\/v2\/media?parent=21002"}],"wp:term":[{"taxonomy":"product_brand","embeddable":true,"href":"https:\/\/meterny.com\/fr\/wp-json\/wp\/v2\/product_brand?post=21002"},{"taxonomy":"product_cat","embeddable":true,"href":"https:\/\/meterny.com\/fr\/wp-json\/wp\/v2\/product_cat?post=21002"},{"taxonomy":"product_tag","embeddable":true,"href":"https:\/\/meterny.com\/fr\/wp-json\/wp\/v2\/product_tag?post=21002"}],"curies":[{"name":"wp","href":"https:\/\/api.w.org\/{rel}","templated":true}]}}