{"id":18517,"date":"2024-10-28T05:11:07","date_gmt":"2024-10-28T05:11:07","guid":{"rendered":"https:\/\/meterny.com\/?page_id=18517"},"modified":"2025-01-24T13:28:14","modified_gmt":"2025-01-24T13:28:14","slug":"why-aluminum-and-wpc-panels","status":"publish","type":"page","link":"https:\/\/meterny.com\/it\/why-aluminum-and-wpc-panels\/","title":{"rendered":"FAQ"},"content":{"rendered":"<h2 class=\"wp-block-heading has-text-align-center\">Domande frequenti sull'Meterny\u00ae<\/h2>\n\n\n\n<p>Questa \u00e8 la pagina delle domande e risposte rapide dell'Meterny che pu\u00f2 aiutarvi con le vostre domande sull'Meterny, se non coprono le domande che volete porre, potete inviarci un messaggio!<\/p>\n\n\n\n<h3 class=\"wp-block-heading\">Perch\u00e9 Meterny ha prodotti in alluminio e WPC<\/h3>\n\n\n\n<p>L'attivit\u00e0 principale del proprietario dell'Meterny \u00e8 la gestione della <a href=\"https:\/\/meterny.com\/it\/products\/\">pannelli per pareti e soffitti in alluminio<\/a> Oltre alla fabbrica principale di pannelli in alluminio, il team di progettazione di Metreny ha anche sviluppato una propria fabbrica brevettata di pannelli in alluminio. <a href=\"https:\/\/meterny.com\/it\/categoria-prodotto\/aluminum-pergola-gazebo\/\">pergole in alluminio<\/a>. Inoltre, il proprietario ha scelto di investire anche in altri settori, tra i quali, <a href=\"https:\/\/meterny.com\/it\/categoria-prodotto\/wpc-wall\/\">WPC (composito legno-plastica)<\/a> come nuovo tipo di materiali ecologici, grazie alle sue eccellenti propriet\u00e0 fisiche, alle caratteristiche ambientali e all'ampia gamma di prospettive di applicazione, \u00e8 diventato l'oggetto degli investimenti del proprietario. Investendo in diversi settori, Meterny pu\u00f2 raggiungere l'estensione e l'integrazione della catena industriale, promuovere l'aggiornamento e la trasformazione industriale e offrire maggiori spazi e potenzialit\u00e0 di sviluppo all'azienda. Questa strategia di investimento non solo aiuta a soddisfare la domanda del mercato e a migliorare l'immagine del marchio, ma promuove anche l'aggiornamento e la trasformazione industriale, offrendo maggiori opportunit\u00e0 di sviluppo all'azienda.<\/p>\n\n\n\n<h3 class=\"wp-block-heading\">Posso avere il campione?<\/h3>\n\n\n\n<p>Certo! Possiamo fornirvi campioni gratuiti, ma dovrete pagare le spese di spedizione. I campioni vengono solitamente spediti per via aerea e impiegano circa 3-5 giorni per arrivare. Se avete bisogno di un campione di pannello a parete in alluminio e avete un requisito di forma specifico, possiamo discutere pi\u00f9 detais sul campione personalizzato.&nbsp;<\/p>\n\n\n\n<h3 class=\"wp-block-heading\">Quanto tempo occorre per realizzare il prodotto?<\/h3>\n\n\n\n<p>La quantit\u00e0 del pannello a parete in alluminio dipende dal ciclo di produzione, cos\u00ec come il pannello a parete in alluminio di solito bisogno di personalizzare lo stile e il colore, relativamente parlando, il suo tempo di produzione \u00e8 relativamente lungo, circa 30-45 giorni, se avete fretta di ottenere la merce, possiamo accelerare la disposizione del vostro ordine! Per quanto riguarda la pergola, possono essere necessari 15-20 giorni per produrre la pergola in alluminio! E per quanto riguarda i prodotti WPC, il tempo di produzione dei prodotti WPC dipende anche dalla quantit\u00e0, rispetto al pannello a parete in alluminio, il tempo di produzione dei prodotti WPC \u00e8 pi\u00f9 breve, circa 20-30 giorni.<\/p>\n\n\n\n<p>Per gli ordini urgenti, si pu\u00f2 fare pi\u00f9 velocemente come sotto:<\/p>\n\n\n\n<p>Il tempo di consegna dei tubi di alluminio \u00e8 di circa 15 giorni dopo l'ordine.<\/p>\n\n\n\n<p>Il tempo di consegna dei tubi di alluminio \u00e8 di circa 15 giorni dopo l'ordine.<\/p>\n\n\n\n<p>Il tempo di consegna dei pannelli WPC \u00e8 di circa 15-20 giorni dopo l'ordine.<\/p>\n\n\n\n<div class=\"wp-block-cover alignfull\"><span aria-hidden=\"true\" class=\"wp-block-cover__background has-background-dim\" style=\"background-color:#827c78\"><\/span><img loading=\"lazy\" decoding=\"async\" width=\"1920\" height=\"600\" class=\"wp-block-cover__image-background wp-image-21071\" alt=\"Meterny \u00e8 un esperto produttore di pannelli di alluminio a Foshan in Cina.\" src=\"https:\/\/meterny.com\/wp-content\/uploads\/2025\/01\/Aluminum-panel-banner-2.jpg\" data-object-fit=\"cover\" srcset=\"https:\/\/meterny.com\/wp-content\/uploads\/2025\/01\/Aluminum-panel-banner-2.jpg 1920w, https:\/\/meterny.com\/wp-content\/uploads\/2025\/01\/Aluminum-panel-banner-2-300x94.jpg 300w, https:\/\/meterny.com\/wp-content\/uploads\/2025\/01\/Aluminum-panel-banner-2-1024x320.jpg 1024w, https:\/\/meterny.com\/wp-content\/uploads\/2025\/01\/Aluminum-panel-banner-2-768x240.jpg 768w, https:\/\/meterny.com\/wp-content\/uploads\/2025\/01\/Aluminum-panel-banner-2-1536x480.jpg 1536w, https:\/\/meterny.com\/wp-content\/uploads\/2025\/01\/Aluminum-panel-banner-2-600x188.jpg 600w\" sizes=\"auto, (max-width: 1920px) 100vw, 1920px\" \/><div class=\"wp-block-cover__inner-container is-layout-constrained wp-block-cover-is-layout-constrained\">\n<p class=\"has-text-align-center has-large-font-size\"> La nostra linea di produzione di facciate in alluminio<\/p>\n\n\n\n<p class=\"has-text-align-center\">Tecnologia di taglio laser dell'alluminio premium, macchine piegatrici, saldatura esperta e controllo di qualit\u00e0 efficiente sui pannelli prodotti in Cina.<\/p>\n<\/div><\/div>\n\n\n\n<h3 class=\"wp-block-heading\">In quanti giorni arriver\u00e0 il prodotto?<\/h3>\n\n\n\n<p>Meterny \u00e8 un produttore con sede a Foshan in Cina. Il porto pi\u00f9 vicino \u00e8 Shenzhen o Guangzhou, che sono 1-3 ore da raggiungere. Per vedere il tempo di spedizione da porto a porto, dipende dalla distanza del paese. In generale, il tempo \u00e8 da 20 giorni a 50 giorni dipende dai porti dei diversi paesi.<\/p>\n\n\n\n<h3 class=\"wp-block-heading\">Come posso installare?<\/h3>\n\n\n\n<p>I nostri pannelli sono progettati per essere facili da installare.&nbsp;<\/p>\n\n\n\n<p>Per i pannelli in alluminio, abbiamo creato delle staffe in corrispondenza dei pannelli in alluminio per le viti da forare.<\/p>\n\n\n\n<p>Nel caso del decking in WPC, i pannelli presentano delle fessure per il bloccaggio degli elementi di fissaggio.<\/p>\n\n\n\n<p>Per i pannelli a parete\/soffitto in WPC, li abbiamo progettati in modo da poter essere collegati tra loro, con viti da fissare alla base del giunto\/pavimento.<\/p>\n\n\n\n<p>Quando si riceve la merce, possiamo inviare tutorial di installazione e video di installazione, se avete bisogno, forniamo un servizio one-to-one, possiamo anche avere una video chiamata per insegnarvi a installare i nostri prodotti!<\/p>\n\n\n\n<div class=\"wp-block-uagb-buttons uagb-buttons__outer-wrap uagb-btn__large-btn uagb-btn-tablet__default-btn uagb-btn-mobile__default-btn uagb-block-abc10d69\"><div class=\"uagb-buttons__wrap uagb-buttons-layout-wrap\">\n<div class=\"wp-block-uagb-buttons-child uagb-buttons__outer-wrap uagb-block-672991d1 wp-block-button\"><div class=\"uagb-button__wrapper\"><a class=\"uagb-buttons-repeater wp-block-button__link\" aria-label=\"\" href=\"https:\/\/meterny.com\/it\/products\/\" rel=\"follow noopener\" target=\"_self\" role=\"button\"><div class=\"uagb-button__link\">Vedere i prodotti<\/div><span class=\"uagb-button__icon uagb-button__icon-position-after\"><svg xmlns=\"https:\/\/www.w3.org\/2000\/svg\" viewbox=\"0 0 448 512\" aria-hidden=\"true\" focussable=\"false\"><path d=\"M438.6 278.6l-160 160C272.4 444.9 264.2 448 256 448s-16.38-3.125-22.62-9.375c-12.5-12.5-12.5-32.75 0-45.25L338.8 288H32C14.33 288 .0016 273.7 .0016 256S14.33 224 32 224h306.8l-105.4-105.4c-12.5-12.5-12.5-32.75 0-45.25s32.75-12.5 45.25 0l160 160C451.1 245.9 451.1 266.1 438.6 278.6z\"><\/path><\/svg><\/span><\/a><\/div><\/div>\n\n\n\n<div class=\"wp-block-uagb-buttons-child uagb-buttons__outer-wrap uagb-block-a0d2037d wp-block-button\"><div class=\"uagb-button__wrapper\"><a class=\"uagb-buttons-repeater wp-block-button__link\" aria-label=\"\" href=\"https:\/\/api.whatsapp.com\/send\/?phone=8618566054354&amp;text=Hi, senta libero prego per dirci la vostra indagine\" rel=\"follow noopener\" target=\"_self\" role=\"button\"><div class=\"uagb-button__link\">Inviaci un messaggio qui<\/div><span class=\"uagb-button__icon uagb-button__icon-position-after\"><svg xmlns=\"https:\/\/www.w3.org\/2000\/svg\" viewbox=\"0 0 448 512\" aria-hidden=\"true\" focussable=\"false\"><path d=\"M438.6 278.6l-160 160C272.4 444.9 264.2 448 256 448s-16.38-3.125-22.62-9.375c-12.5-12.5-12.5-32.75 0-45.25L338.8 288H32C14.33 288 .0016 273.7 .0016 256S14.33 224 32 224h306.8l-105.4-105.4c-12.5-12.5-12.5-32.75 0-45.25s32.75-12.5 45.25 0l160 160C451.1 245.9 451.1 266.1 438.6 278.6z\"><\/path><\/svg><\/span><\/a><\/div><\/div>\n<\/div><\/div>\n\n\n\n<p><\/p>","protected":false},"excerpt":{"rendered":"<p>Domande frequenti sull'Meterny\u00ae Questa \u00e8 la pagina delle domande e delle risposte rapide sull'Meterny che possono aiutarvi con l'Meterny [...]<\/p>","protected":false},"author":6,"featured_media":0,"parent":0,"menu_order":0,"comment_status":"closed","ping_status":"closed","template":"","meta":{"_uag_custom_page_level_css":"","site-sidebar-layout":"no-sidebar","site-content-layout":"","ast-site-content-layout":"normal-width-container","site-content-style":"default","site-sidebar-style":"default","ast-global-header-display":"","ast-banner-title-visibility":"","ast-main-header-display":"","ast-hfb-above-header-display":"","ast-hfb-below-header-display":"","ast-hfb-mobile-header-display":"","site-post-title":"disabled","ast-breadcrumbs-content":"","ast-featured-img":"","footer-sml-layout":"","theme-transparent-header-meta":"","adv-header-id-meta":"","stick-header-meta":"","header-above-stick-meta":"","header-main-stick-meta":"","header-below-stick-meta":"","astra-migrate-meta-layouts":"default","ast-page-background-enabled":"default","ast-page-background-meta":{"desktop":{"background-color":"var(--ast-global-color-4)","background-image":"","background-repeat":"repeat","background-position":"center center","background-size":"auto","background-attachment":"scroll","background-type":"","background-media":"","overlay-type":"","overlay-color":"","overlay-opacity":"","overlay-gradient":""},"tablet":{"background-color":"","background-image":"","background-repeat":"repeat","background-position":"center center","background-size":"auto","background-attachment":"scroll","background-type":"","background-media":"","overlay-type":"","overlay-color":"","overlay-opacity":"","overlay-gradient":""},"mobile":{"background-color":"","background-image":"","background-repeat":"repeat","background-position":"center center","background-size":"auto","background-attachment":"scroll","background-type":"","background-media":"","overlay-type":"","overlay-color":"","overlay-opacity":"","overlay-gradient":""}},"ast-content-background-meta":{"desktop":{"background-color":"var(--ast-global-color-5)","background-image":"","background-repeat":"repeat","background-position":"center center","background-size":"auto","background-attachment":"scroll","background-type":"","background-media":"","overlay-type":"","overlay-color":"","overlay-opacity":"","overlay-gradient":""},"tablet":{"background-color":"var(--ast-global-color-5)","background-image":"","background-repeat":"repeat","background-position":"center center","background-size":"auto","background-attachment":"scroll","background-type":"","background-media":"","overlay-type":"","overlay-color":"","overlay-opacity":"","overlay-gradient":""},"mobile":{"background-color":"var(--ast-global-color-5)","background-image":"","background-repeat":"repeat","background-position":"center center","background-size":"auto","background-attachment":"scroll","background-type":"","background-media":"","overlay-type":"","overlay-color":"","overlay-opacity":"","overlay-gradient":""}},"footnotes":""},"class_list":["post-18517","page","type-page","status-publish","hentry"],"uagb_featured_image_src":{"full":false,"thumbnail":false,"medium":false,"medium_large":false,"large":false,"1536x1536":false,"2048x2048":false,"trp-custom-language-flag":false,"woocommerce_thumbnail":false,"woocommerce_single":false,"woocommerce_gallery_thumbnail":false},"uagb_author_info":{"display_name":"meterny","author_link":"https:\/\/meterny.com\/it\/author\/meterny\/"},"uagb_comment_info":0,"uagb_excerpt":"Meterny\u00ae Frequently Asked Questions This is the Meterny quick questions and answers page that may help you with your Meterny [&hellip;]","_links":{"self":[{"href":"https:\/\/meterny.com\/it\/wp-json\/wp\/v2\/pages\/18517","targetHints":{"allow":["GET"]}}],"collection":[{"href":"https:\/\/meterny.com\/it\/wp-json\/wp\/v2\/pages"}],"about":[{"href":"https:\/\/meterny.com\/it\/wp-json\/wp\/v2\/types\/page"}],"author":[{"embeddable":true,"href":"https:\/\/meterny.com\/it\/wp-json\/wp\/v2\/users\/6"}],"replies":[{"embeddable":true,"href":"https:\/\/meterny.com\/it\/wp-json\/wp\/v2\/comments?post=18517"}],"version-history":[{"count":0,"href":"https:\/\/meterny.com\/it\/wp-json\/wp\/v2\/pages\/18517\/revisions"}],"wp:attachment":[{"href":"https:\/\/meterny.com\/it\/wp-json\/wp\/v2\/media?parent=18517"}],"curies":[{"name":"wp","href":"https:\/\/api.w.org\/{rel}","templated":true}]}}