{"id":15880,"date":"2024-03-29T14:06:10","date_gmt":"2024-03-29T14:06:10","guid":{"rendered":"https:\/\/meterny.com\/?post_type=product&#038;p=15880"},"modified":"2025-01-18T09:34:30","modified_gmt":"2025-01-18T09:34:30","slug":"outdoor-wpc-swimming-pool-flooring","status":"publish","type":"product","link":"https:\/\/meterny.com\/it\/prodotto\/outdoor-wpc-swimming-pool-flooring\/","title":{"rendered":"3D ha impresso la grana di legno pavimentazione all'aperto del Wpc Decking composito del Wpc Pavimentazione composita del WPC"},"content":{"rendered":"<div class=\"elementor-element elementor-element-c0e1d42 elementor-widget elementor-widget-heading\" data-id=\"c0e1d42\" data-element_type=\"widget\" data-widget_type=\"heading.default\">\n<div class=\"elementor-widget-container\">\n<h2 class=\"elementor-heading-title elementor-size-default\" style=\"text-align: center;\">3D ha impresso la pavimentazione esterna della piscina del Wpc della venatura di legno Specificazione<\/h2>\n<p id=\"\"><strong>Pagina del prodotto: Pavimentazione per piscina in WPC all'aperto<\/strong><\/p>\n<h4><strong>Panoramica<\/strong><\/h4>\n<p id=\"\">Trasformate l'area della vostra piscina in uno spazio lussuoso e invitante con la nostra pavimentazione per piscine in WPC (Wood Plastic Composite) per esterni. Progettata appositamente per l'uso esterno, questa pavimentazione innovativa combina la bellezza naturale del legno con la durata e la resistenza agli agenti atmosferici della plastica, creando una miscela perfetta per applicazioni a bordo piscina ad alte prestazioni.<\/p>\n<\/div>\n<\/div>\n<div class=\"elementor-element elementor-element-1f676da elementor-widget elementor-widget-heading\" data-id=\"1f676da\" data-element_type=\"widget\" data-widget_type=\"heading.default\">\n<p>3D ha impresso la pavimentazione esterna della piscina del Wpc della venatura di legno<\/p>\n<p>METE140H25 Pavimentazione in Wpc con venature di legno in rilievo WPC 3D: eleva i tuoi spazi con eleganza moderna<\/p>\n<p><strong>Modello<\/strong>: METE140H25<br \/>\n<strong>Tipo<\/strong>: Decking\/pavimentazione WPC<br \/>\n<strong>Dimensione<\/strong>: 140\u00d725 mm<\/p>\n<p><strong>Superficie<\/strong>: Grani diritti<br \/>\n<strong>Lunghezza<\/strong>2,9 m o su misura<br \/>\n<strong>Materiale<\/strong>: Composito di legno e plastica<br \/>\n<strong>Tecnologia del prodotto<\/strong>: Eco-estrusione<\/p>\n<figure id=\"attachment_17394\" aria-describedby=\"caption-attachment-17394\" style=\"width: 1024px\" class=\"wp-caption alignnone\"><img loading=\"lazy\" decoding=\"async\" class=\"wp-image-17394\" src=\"https:\/\/meterny.com\/wp-content\/uploads\/2024\/03\/3-1-rotated.jpg\" alt=\"Pavimentazione per piscina in Wpc all&#039;aperto\" width=\"1024\" height=\"1024\" srcset=\"https:\/\/meterny.com\/wp-content\/uploads\/2024\/03\/3-1-rotated.jpg 800w, https:\/\/meterny.com\/wp-content\/uploads\/2024\/03\/3-1-300x300.jpg 300w, https:\/\/meterny.com\/wp-content\/uploads\/2024\/03\/3-1-150x150.jpg 150w, https:\/\/meterny.com\/wp-content\/uploads\/2024\/03\/3-1-768x768.jpg 768w, https:\/\/meterny.com\/wp-content\/uploads\/2024\/03\/3-1-600x600.jpg 600w, https:\/\/meterny.com\/wp-content\/uploads\/2024\/03\/3-1-100x100.jpg 100w\" sizes=\"auto, (max-width: 1024px) 100vw, 1024px\" \/><figcaption id=\"caption-attachment-17394\" class=\"wp-caption-text\">Pavimentazione per piscine in WPC per esterni - Bella e antiscivolo per la sicurezza a bordo piscina.<\/figcaption><\/figure>\n<h4><strong>Caratteristiche principali<\/strong><\/h4>\n<ol>\n<li><strong>Resistente all'acqua e antiscivolo<\/strong>:\n<ul>\n<li>I nostri pavimenti per piscine in WPC sono progettati specificamente per resistere al bagnato, garantendo stabilit\u00e0 e resistenza allo scivolamento anche quando sono immersi nell'acqua.<\/li>\n<li>Questo lo rende ideale per i ponti delle piscine, i camminamenti e le zone di spruzzo, fornendo una superficie sicura e protetta per voi e i vostri ospiti.<\/li>\n<\/ul>\n<\/li>\n<li><strong>Durata e longevit\u00e0<\/strong>:\n<ul>\n<li>Realizzato in materiale WPC di alta qualit\u00e0, questo pavimento \u00e8 resistente allo sbiadimento, alle crepe e alle deformazioni, anche in condizioni climatiche estreme.<\/li>\n<li>Mantiene l'integrit\u00e0 strutturale e l'estetica nel tempo, assicurando un investimento duraturo.<\/li>\n<\/ul>\n<\/li>\n<li><strong>Ecologico<\/strong>:\n<ul>\n<li>Realizzato con una miscela di fibre di legno e plastica riciclata, il nostro pavimento per piscine in WPC \u00e8 una scelta ecologica.<\/li>\n<li>Contribuisce agli sforzi di sostenibilit\u00e0 riducendo i rifiuti e promuovendo l'uso di materiali riciclati.<\/li>\n<\/ul>\n<\/li>\n<li><strong>Facile da pulire e mantenere<\/strong>:\n<ul>\n<li>Questo pavimento \u00e8 stato progettato per una facile manutenzione e richiede uno sforzo minimo per essere pulito e avere un aspetto ottimale.<\/li>\n<li>\u00c8 sufficiente innaffiare o pulire con un panno umido per rimuovere sporco, detriti e prodotti chimici della piscina, assicurando un processo di manutenzione senza problemi.<\/li>\n<\/ul>\n<\/li>\n<li><strong>Estetica<\/strong>:\n<ul>\n<li>Disponibile in un'ampia gamma di colori, texture e stili, la nostra pavimentazione per piscine in WPC offre un aspetto naturale ed elegante.<\/li>\n<li>Migliora l'estetica complessiva del bordo piscina, creando un'atmosfera accogliente e invitante per il relax e il divertimento.<\/li>\n<\/ul>\n<\/li>\n<li><strong>Opzioni personalizzabili<\/strong>:\n<ul>\n<li>Offriamo una variet\u00e0 di opzioni di personalizzazione per soddisfare le vostre esigenze e preferenze specifiche.<\/li>\n<li>Scegliete tra diverse dimensioni, forme e metodi di installazione per creare un'esperienza unica e personalizzata a bordo piscina.<\/li>\n<\/ul>\n<\/li>\n<\/ol>\n<h4><strong>Specifiche tecniche<\/strong><\/h4>\n<ul>\n<li><strong>Materiale<\/strong>: Composito di legno e plastica (WPC)<\/li>\n<li><strong>Dimensioni<\/strong>: 135*119*23mm\/217*201*28mm\/227*210*25mm<\/li>\n<li><strong>Spessore<\/strong>: 23\/25\/28 mm<\/li>\n<li><strong>Peso<\/strong>: 3 kg\/metro<\/li>\n<li><strong>Opzioni di colore<\/strong>: marrone\/nero\/doppi colori<\/li>\n<li><strong>Installazione<\/strong>: Sistema di bloccaggio facile da installare (non richiede chiodi o viti)<\/li>\n<li><strong>Garanzia<\/strong>: pi\u00f9 di 10 anni<\/li>\n<\/ul>\n<h4><strong>Guida all'installazione<\/strong><\/h4>\n<p id=\"\">L'installazione della pavimentazione per piscine in WPC per esterni \u00e8 facile e veloce, grazie al nostro innovativo sistema di chiusura. Seguite questi semplici passaggi per ottenere un'installazione perfetta e dall'aspetto professionale:<\/p>\n<ol>\n<li><strong>Preparare la superficie<\/strong>: Assicurarsi che la superficie sia pulita, asciutta e priva di detriti.<\/li>\n<li><strong>Disposizione della pavimentazione<\/strong>: Misurare e tagliare i pezzi per adattarli alla disposizione desiderata, assicurando un accoppiamento stretto e spazi vuoti minimi.<\/li>\n<li><strong>Installare la pavimentazione<\/strong>: Utilizzate il sistema di bloccaggio per collegare i pezzi tra loro, creando una superficie sicura e stabile.<\/li>\n<li><strong>Terminare e gustare<\/strong>: Tagliate i pezzi in eccesso e godetevi la vostra nuova pavimentazione a bordo piscina.<\/li>\n<\/ol>\n<\/div>\n<div class=\"elementor-element elementor-element-1f676da elementor-widget elementor-widget-heading\" data-id=\"1f676da\" data-element_type=\"widget\" data-widget_type=\"heading.default\">\n<ul>\n<li>Legno composito di plastica Wpc 3D ha impresso la venatura del legno all'aperto Wpc pavimentazione della piscina Wpc decking composito<\/li>\n<\/ul>\n<h3>Se volete saperne di pi\u00f9, cliccate su questo link a youtube:<a href=\"https:\/\/youtu.be\/zl6KzeQz4IE\" target=\"_blank\" rel=\"noopener\">https:\/\/youtu.be\/zl6KzeQz4IE<\/a><\/h3>\n<p>&nbsp;<\/p>\n<h3>Galleria<\/h3>\n<p>Pavimentazione per piscina in Wpc all'aperto<\/p>\n<figure id=\"attachment_17396\" aria-describedby=\"caption-attachment-17396\" style=\"width: 1024px\" class=\"wp-caption alignnone\"><img loading=\"lazy\" decoding=\"async\" class=\"wp-image-17396\" src=\"https:\/\/meterny.com\/wp-content\/uploads\/2024\/03\/3-1.png\" alt=\"Pavimentazione antiscivolo in WPC per i sentieri del giardino\" width=\"1024\" height=\"1024\" srcset=\"https:\/\/meterny.com\/wp-content\/uploads\/2024\/03\/3-1.png 1079w, https:\/\/meterny.com\/wp-content\/uploads\/2024\/03\/3-1-300x300.png 300w, https:\/\/meterny.com\/wp-content\/uploads\/2024\/03\/3-1-1024x1024.png 1024w, https:\/\/meterny.com\/wp-content\/uploads\/2024\/03\/3-1-150x150.png 150w, https:\/\/meterny.com\/wp-content\/uploads\/2024\/03\/3-1-768x768.png 768w, https:\/\/meterny.com\/wp-content\/uploads\/2024\/03\/3-1-600x600.png 600w, https:\/\/meterny.com\/wp-content\/uploads\/2024\/03\/3-1-100x100.png 100w\" sizes=\"auto, (max-width: 1024px) 100vw, 1024px\" \/><figcaption id=\"caption-attachment-17396\" class=\"wp-caption-text\">Pavimenti in WPC antiscivolo: Percorsi da giardino sicuri ed eleganti<\/figcaption><\/figure>\n<p>Pavimentazione per piscina in Wpc all'aperto<\/p>\n<figure id=\"attachment_17400\" aria-describedby=\"caption-attachment-17400\" style=\"width: 1024px\" class=\"wp-caption alignnone\"><img loading=\"lazy\" decoding=\"async\" class=\"wp-image-17400\" src=\"https:\/\/meterny.com\/wp-content\/uploads\/2024\/03\/13-4.png\" alt=\"Pavimentazione WPC antibatterica per spazi igienici\" width=\"1024\" height=\"1024\" srcset=\"https:\/\/meterny.com\/wp-content\/uploads\/2024\/03\/13-4.png 800w, https:\/\/meterny.com\/wp-content\/uploads\/2024\/03\/13-4-300x300.png 300w, https:\/\/meterny.com\/wp-content\/uploads\/2024\/03\/13-4-150x150.png 150w, https:\/\/meterny.com\/wp-content\/uploads\/2024\/03\/13-4-768x768.png 768w, https:\/\/meterny.com\/wp-content\/uploads\/2024\/03\/13-4-600x600.png 600w, https:\/\/meterny.com\/wp-content\/uploads\/2024\/03\/13-4-100x100.png 100w\" sizes=\"auto, (max-width: 1024px) 100vw, 1024px\" \/><figcaption id=\"caption-attachment-17400\" class=\"wp-caption-text\">Pavimenti WPC antibatterici: Pulito e sicuro per ogni ambiente<\/figcaption><\/figure>\n<p>Pavimentazione per piscina in Wpc all'aperto<\/p>\n<figure id=\"attachment_17407\" aria-describedby=\"caption-attachment-17407\" style=\"width: 1024px\" class=\"wp-caption alignnone\"><img loading=\"lazy\" decoding=\"async\" class=\"wp-image-17407\" src=\"https:\/\/meterny.com\/wp-content\/uploads\/2024\/03\/1-2.png\" alt=\"Decking composito Wpc all&#039;aperto\" width=\"1024\" height=\"1024\" srcset=\"https:\/\/meterny.com\/wp-content\/uploads\/2024\/03\/1-2.png 1024w, https:\/\/meterny.com\/wp-content\/uploads\/2024\/03\/1-2-300x300.png 300w, https:\/\/meterny.com\/wp-content\/uploads\/2024\/03\/1-2-150x150.png 150w, https:\/\/meterny.com\/wp-content\/uploads\/2024\/03\/1-2-768x768.png 768w, https:\/\/meterny.com\/wp-content\/uploads\/2024\/03\/1-2-600x600.png 600w, https:\/\/meterny.com\/wp-content\/uploads\/2024\/03\/1-2-100x100.png 100w\" sizes=\"auto, (max-width: 1024px) 100vw, 1024px\" \/><figcaption id=\"caption-attachment-17407\" class=\"wp-caption-text\">Pavimenti WPC resistenti alle intemperie: Sicuro, elegante e durevole<\/figcaption><\/figure>\n<h3><strong>Colore e superficie<\/strong><\/h3>\n<p>Il nostro pavimento METE140H25 \u00e8 caratterizzato da un'elegante superficie a venatura diritta, che aggiunge una texture sofisticata a qualsiasi area.<\/p>\n<p>Con colori, dimensioni e forme personalizzabili, questi pannelli offrono un'eccezionale flessibilit\u00e0, consentendo di liberare la propria creativit\u00e0 in progetti di design sia interni che esterni.<\/p>\n<p>La tecnologia di eco-estrusione fa s\u00ec che ogni pannello non solo sia bello da vedere, ma contribuisca anche a un ambiente di vita sostenibile.<\/p>\n<h3>Opzioni di colore<\/h3>\n<p>Meterny Serie METE Pavimentazione WPC Scheda Colore<\/p>\n<figure id=\"attachment_20293\" aria-describedby=\"caption-attachment-20293\" style=\"width: 1024px\" class=\"wp-caption alignnone\"><img loading=\"lazy\" decoding=\"async\" class=\"wp-image-20293\" src=\"https:\/\/meterny.com\/wp-content\/uploads\/2024\/10\/METE-Series-Colour-151.png\" alt=\"Opzioni di colore della recinzione WPC Meterny\" width=\"1024\" height=\"1024\" srcset=\"https:\/\/meterny.com\/wp-content\/uploads\/2024\/10\/METE-Series-Colour-151.png 900w, https:\/\/meterny.com\/wp-content\/uploads\/2024\/10\/METE-Series-Colour-151-300x300.png 300w, https:\/\/meterny.com\/wp-content\/uploads\/2024\/10\/METE-Series-Colour-151-150x150.png 150w, https:\/\/meterny.com\/wp-content\/uploads\/2024\/10\/METE-Series-Colour-151-768x768.png 768w, https:\/\/meterny.com\/wp-content\/uploads\/2024\/10\/METE-Series-Colour-151-600x600.png 600w, https:\/\/meterny.com\/wp-content\/uploads\/2024\/10\/METE-Series-Colour-151-100x100.png 100w\" sizes=\"auto, (max-width: 1024px) 100vw, 1024px\" \/><figcaption id=\"caption-attachment-20293\" class=\"wp-caption-text\">Esplora il pavimento WPC Meterny - Nove splendide opzioni di colore per ogni stile<\/figcaption><\/figure>\n<h3><strong>Perch\u00e9 scegliere una pavimentazione per piscine in WPC?<\/strong><\/h3>\n<p id=\"\">La pavimentazione per piscine in WPC (Wood Plastic Composite) per esterni \u00e8 una scelta eccellente per il vostro bordo piscina grazie ai suoi numerosi benefici e vantaggi. Ecco alcuni validi motivi per scegliere questa innovativa soluzione di pavimentazione:<\/p>\n<h3>1.\u00a0<strong>Durata e longevit\u00e0<\/strong><\/h3>\n<ul>\n<li><strong>Resistenza agli agenti atmosferici<\/strong>: I pavimenti in WPC sono progettati per resistere ai rigori degli ambienti esterni, comprese le temperature estreme, l'umidit\u00e0 e l'esposizione ai raggi UV. Questo garantisce che il pavimento rimanga in ottime condizioni anche in condizioni climatiche avverse.<\/li>\n<li><strong>Resistenza allo sbiadimento e ai graffi<\/strong>: A differenza dei tradizionali pavimenti in legno, i pavimenti in WPC sono resistenti allo sbiadimento e ai graffi, mantenendo il loro fascino estetico nel tempo.<\/li>\n<\/ul>\n<h3>2.\u00a0<strong>Resistente all'acqua e antiscivolo<\/strong><\/h3>\n<ul>\n<li><strong>Propriet\u00e0 impermeabili<\/strong>: Il materiale composito \u00e8 impermeabile e quindi ideale per i ponti delle piscine e le zone di spruzzo. Non assorbe acqua, non si gonfia e non si deforma, garantendo una superficie stabile e sicura.<\/li>\n<li><strong>Superficie antiscivolo<\/strong>: La superficie strutturata dei pavimenti in WPC offre un'eccellente trazione, riducendo il rischio di scivolare e cadere, anche quando sono bagnati.<\/li>\n<\/ul>\n<h3>3.\u00a0<strong>Ecologico<\/strong><\/h3>\n<ul>\n<li><strong>Materiale sostenibile<\/strong>: I pavimenti in WPC sono realizzati con una miscela di fibre di legno e plastica riciclata, che li rende una scelta ecologica. Contribuisce agli sforzi di sostenibilit\u00e0 riducendo i rifiuti e promuovendo l'uso di materiali riciclati.<\/li>\n<\/ul>\n<h3>4.\u00a0<strong>Facilit\u00e0 di manutenzione<\/strong><\/h3>\n<ul>\n<li><strong>Bassa manutenzione<\/strong>: I pavimenti in WPC sono facili da pulire e da mantenere e richiedono uno sforzo minimo per mantenere il loro aspetto migliore. \u00c8 sufficiente innaffiare o pulire con un panno umido per rimuovere sporco, detriti e prodotti chimici della piscina.<\/li>\n<li><strong>Resistente alle macchie<\/strong>: Il materiale composito \u00e8 resistente alle macchie e alla muffa, garantendo una superficie pulita e igienica per il bordo piscina.<\/li>\n<\/ul>\n<h3>5.\u00a0<strong>Estetica<\/strong><\/h3>\n<ul>\n<li><strong>Aspetto naturale<\/strong>: I pavimenti in WPC offrono un aspetto naturale ed elegante, imitando l'aspetto del vero legno senza bisogno di manutenzione.<\/li>\n<li><strong>Variet\u00e0 di opzioni<\/strong>: Disponibile in un'ampia gamma di colori, texture e stili, \u00e8 possibile scegliere l'opzione perfetta per completare l'area della piscina e migliorarne l'estetica complessiva.<\/li>\n<\/ul>\n<h3>6.\u00a0<strong>Personalizzabile e versatile<\/strong><\/h3>\n<ul>\n<li><strong>Opzioni personalizzabili<\/strong>: I pavimenti in WPC possono essere personalizzati per soddisfare le vostre esigenze e preferenze specifiche, comprese le diverse dimensioni, forme e metodi di installazione.<\/li>\n<li><strong>Applicazioni versatili<\/strong>: Adatta a una variet\u00e0 di applicazioni esterne, tra cui ponti per piscine, passerelle, patii e balconi, la pavimentazione in WPC offre una soluzione versatile per il vostro bordo piscina.<\/li>\n<\/ul>\n<h3>7.\u00a0<strong>Economicamente vantaggioso<\/strong><\/h3>\n<ul>\n<li><strong>Valore a lungo termine<\/strong>: Grazie alla sua durata e ai bassi requisiti di manutenzione, la pavimentazione in WPC offre un eccellente valore a lungo termine, rendendola un investimento conveniente per l'area della piscina.<\/li>\n<li><strong>Efficienza dell'installazione<\/strong>: L'innovativo sistema di chiusura rende l'installazione facile e veloce, riducendo i costi di manodopera e i tempi di inattivit\u00e0.<\/li>\n<\/ul>\n<p id=\"\">In sintesi, la pavimentazione per piscine in WPC per esterni \u00e8 una scelta eccellente per il vostro bordo piscina grazie alla sua durata, resistenza all'acqua, ecocompatibilit\u00e0, facilit\u00e0 di manutenzione, estetica, personalizzazione e convenienza. Offre una superficie sicura, stabile e bella per le vostre esigenze di intrattenimento e relax a bordo piscina.<\/p>\n<\/div>","protected":false},"excerpt":{"rendered":"<p>3D Embossed Wood Grain Outdoor Wpc Swimming Flooring Specifiche Pagina di prodotto: Pavimentazione per piscine in WPC per esterni Panoramica Trasformate la vostra [...]<\/p>","protected":false},"featured_media":17394,"comment_status":"open","ping_status":"closed","template":"","meta":{"_uag_custom_page_level_css":"","site-sidebar-layout":"default","site-content-layout":"","ast-site-content-layout":"default","site-content-style":"default","site-sidebar-style":"default","ast-global-header-display":"","ast-banner-title-visibility":"","ast-main-header-display":"","ast-hfb-above-header-display":"","ast-hfb-below-header-display":"","ast-hfb-mobile-header-display":"","site-post-title":"","ast-breadcrumbs-content":"","ast-featured-img":"","footer-sml-layout":"","theme-transparent-header-meta":"default","adv-header-id-meta":"","stick-header-meta":"default","header-above-stick-meta":"","header-main-stick-meta":"","header-below-stick-meta":"","astra-migrate-meta-layouts":"set","ast-page-background-enabled":"default","ast-page-background-meta":{"desktop":{"background-color":"var(--ast-global-color-4)","background-image":"","background-repeat":"repeat","background-position":"center center","background-size":"auto","background-attachment":"scroll","background-type":"","background-media":"","overlay-type":"","overlay-color":"","overlay-opacity":"","overlay-gradient":""},"tablet":{"background-color":"","background-image":"","background-repeat":"repeat","background-position":"center center","background-size":"auto","background-attachment":"scroll","background-type":"","background-media":"","overlay-type":"","overlay-color":"","overlay-opacity":"","overlay-gradient":""},"mobile":{"background-color":"","background-image":"","background-repeat":"repeat","background-position":"center center","background-size":"auto","background-attachment":"scroll","background-type":"","background-media":"","overlay-type":"","overlay-color":"","overlay-opacity":"","overlay-gradient":""}},"ast-content-background-meta":{"desktop":{"background-color":"var(--ast-global-color-5)","background-image":"","background-repeat":"repeat","background-position":"center center","background-size":"auto","background-attachment":"scroll","background-type":"","background-media":"","overlay-type":"","overlay-color":"","overlay-opacity":"","overlay-gradient":""},"tablet":{"background-color":"var(--ast-global-color-5)","background-image":"","background-repeat":"repeat","background-position":"center center","background-size":"auto","background-attachment":"scroll","background-type":"","background-media":"","overlay-type":"","overlay-color":"","overlay-opacity":"","overlay-gradient":""},"mobile":{"background-color":"var(--ast-global-color-5)","background-image":"","background-repeat":"repeat","background-position":"center center","background-size":"auto","background-attachment":"scroll","background-type":"","background-media":"","overlay-type":"","overlay-color":"","overlay-opacity":"","overlay-gradient":""}}},"product_brand":[],"product_cat":[18],"product_tag":[182,181],"class_list":{"0":"post-15880","1":"product","2":"type-product","3":"status-publish","4":"has-post-thumbnail","6":"product_cat-uncategorized","7":"product_tag-wpc-decking","8":"product_tag-wpc-flooring","9":"desktop-align-center","10":"tablet-align-left","11":"mobile-align-left","12":"ast-product-gallery-layout-horizontal-slider","13":"ast-product-tabs-layout-vertical","15":"first","16":"instock","17":"featured","18":"shipping-taxable","19":"product-type-simple"},"uagb_featured_image_src":{"full":["https:\/\/meterny.com\/wp-content\/uploads\/2024\/03\/3-1-rotated.jpg",800,800,false],"thumbnail":["https:\/\/meterny.com\/wp-content\/uploads\/2024\/03\/3-1-150x150.jpg",150,150,true],"medium":["https:\/\/meterny.com\/wp-content\/uploads\/2024\/03\/3-1-300x300.jpg",300,300,true],"medium_large":["https:\/\/meterny.com\/wp-content\/uploads\/2024\/03\/3-1-768x768.jpg",768,768,true],"large":["https:\/\/meterny.com\/wp-content\/uploads\/2024\/03\/3-1-rotated.jpg",800,800,false],"1536x1536":["https:\/\/meterny.com\/wp-content\/uploads\/2024\/03\/3-1-rotated.jpg",800,800,false],"2048x2048":["https:\/\/meterny.com\/wp-content\/uploads\/2024\/03\/3-1-rotated.jpg",800,800,false],"trp-custom-language-flag":["https:\/\/meterny.com\/wp-content\/uploads\/2024\/03\/3-1-rotated.jpg",12,12,false],"woocommerce_thumbnail":["https:\/\/meterny.com\/wp-content\/uploads\/2024\/03\/3-1-300x300.jpg",300,300,true],"woocommerce_single":["https:\/\/meterny.com\/wp-content\/uploads\/2024\/03\/3-1-600x600.jpg",600,600,true],"woocommerce_gallery_thumbnail":["https:\/\/meterny.com\/wp-content\/uploads\/2024\/03\/3-1-100x100.jpg",100,100,true]},"uagb_author_info":{"display_name":"meterny","author_link":"https:\/\/meterny.com\/it\/author\/"},"uagb_comment_info":0,"uagb_excerpt":"3D Embossed Wood Grain Outdoor Wpc Swimming Pool Flooring Specification Product Page: Outdoor WPC Swimming Pool Flooring Overview Transform your [&hellip;]","_links":{"self":[{"href":"https:\/\/meterny.com\/it\/wp-json\/wp\/v2\/product\/15880","targetHints":{"allow":["GET"]}}],"collection":[{"href":"https:\/\/meterny.com\/it\/wp-json\/wp\/v2\/product"}],"about":[{"href":"https:\/\/meterny.com\/it\/wp-json\/wp\/v2\/types\/product"}],"replies":[{"embeddable":true,"href":"https:\/\/meterny.com\/it\/wp-json\/wp\/v2\/comments?post=15880"}],"wp:featuredmedia":[{"embeddable":true,"href":"https:\/\/meterny.com\/it\/wp-json\/wp\/v2\/media\/17394"}],"wp:attachment":[{"href":"https:\/\/meterny.com\/it\/wp-json\/wp\/v2\/media?parent=15880"}],"wp:term":[{"taxonomy":"product_brand","embeddable":true,"href":"https:\/\/meterny.com\/it\/wp-json\/wp\/v2\/product_brand?post=15880"},{"taxonomy":"product_cat","embeddable":true,"href":"https:\/\/meterny.com\/it\/wp-json\/wp\/v2\/product_cat?post=15880"},{"taxonomy":"product_tag","embeddable":true,"href":"https:\/\/meterny.com\/it\/wp-json\/wp\/v2\/product_tag?post=15880"}],"curies":[{"name":"wp","href":"https:\/\/api.w.org\/{rel}","templated":true}]}}