{"id":16404,"date":"2024-04-22T15:20:58","date_gmt":"2024-04-22T15:20:58","guid":{"rendered":"https:\/\/meterny.com\/?post_type=product&#038;p=16404"},"modified":"2025-01-08T12:45:46","modified_gmt":"2025-01-08T12:45:46","slug":"outdoor-wpc-wall-panel","status":"publish","type":"product","link":"https:\/\/meterny.com\/it\/prodotto\/outdoor-wpc-wall-panel\/","title":{"rendered":"Pannello di rivestimento della parete di flauto all'aperto impermeabile di WPC - METE227H25TK"},"content":{"rendered":"<h2 style=\"text-align: center;\">Specificazione del pannello di rivestimento del pannello WPC all'aperto<\/h2>\n<p>Rivestimento di pannelli murali WPC per esterni in colore teak<\/p>\n<p><strong>Modello<\/strong>: METE227H25TK<\/p>\n<p><strong>Tipo<\/strong>: Rivestimento murale scanalato WPC<\/p>\n<p><strong>Dimensione<\/strong>: 227\u00d725 mm<\/p>\n<p><strong>Superficie<\/strong>: Strisce e grani dritti<\/p>\n<p><strong>Colore<\/strong>: Colore Teak<\/p>\n<p><strong>Lunghezza<\/strong>2,9 m o su misura<\/p>\n<p><strong>Materiale<\/strong>: Composito di legno e plastica<\/p>\n<p><strong>Tecnologia del prodotto<\/strong>: Eco-estrusione<\/p>\n<figure id=\"attachment_17352\" aria-describedby=\"caption-attachment-17352\" style=\"width: 1024px\" class=\"wp-caption alignnone\"><img loading=\"lazy\" decoding=\"async\" class=\"wp-image-17352 size-full\" src=\"https:\/\/meterny.com\/wp-content\/uploads\/2024\/04\/WPC-Stripes-wall-exterior3.png\" alt=\"Pannello da parete WPC all&#039;aperto \" width=\"1024\" height=\"1024\" srcset=\"https:\/\/meterny.com\/wp-content\/uploads\/2024\/04\/WPC-Stripes-wall-exterior3.png 1024w, https:\/\/meterny.com\/wp-content\/uploads\/2024\/04\/WPC-Stripes-wall-exterior3-300x300.png 300w, https:\/\/meterny.com\/wp-content\/uploads\/2024\/04\/WPC-Stripes-wall-exterior3-150x150.png 150w, https:\/\/meterny.com\/wp-content\/uploads\/2024\/04\/WPC-Stripes-wall-exterior3-768x768.png 768w, https:\/\/meterny.com\/wp-content\/uploads\/2024\/04\/WPC-Stripes-wall-exterior3-600x600.png 600w, https:\/\/meterny.com\/wp-content\/uploads\/2024\/04\/WPC-Stripes-wall-exterior3-100x100.png 100w\" sizes=\"auto, (max-width: 1024px) 100vw, 1024px\" \/><figcaption id=\"caption-attachment-17352\" class=\"wp-caption-text\">Pannelli da parete in WPC moderni e durevoli per gli esterni dei centri commerciali<\/figcaption><\/figure>\n<p id=\"\"><strong>Nome del prodotto<\/strong>: Pannello da parete per esterni in WPC (Wood Plastic Composite)<\/p>\n<p id=\"\"><strong>SKU<\/strong>: [Inserire SKU qui]<\/p>\n<p id=\"\"><strong>Categoria<\/strong>: Materiali da costruzione per esterni<\/p>\n<p id=\"\"><strong>Materiale<\/strong>: Composito di legno e plastica (WPC)<\/p>\n<p id=\"\"><strong>Dimensioni<\/strong>: 135*119*23mm\/217*201*28mm\/227*210*25mm<\/p>\n<p id=\"\"><strong>Opzioni di colore<\/strong>(ad esempio, Cedro, Grigio, Marrone, Nero, ecc.)<\/p>\n<p id=\"\"><strong>Opzioni di texture<\/strong>(ad esempio, liscio, venato, goffrato, ecc.)<\/p>\n<p id=\"\"><strong>Finitura<\/strong>: Resistente agli agenti atmosferici, protetto dai raggi UV, resistente allo sbiadimento<\/p>\n<p id=\"\"><strong>Peso<\/strong>: 3 kg\/m)<\/p>\n<p id=\"\"><strong>Resistenza all'umidit\u00e0<\/strong>: Altamente resistente all'umidit\u00e0, adatto all'uso esterno<\/p>\n<p id=\"\"><strong>Valutazione del fuoco<\/strong>: Classe B1<\/p>\n<p id=\"\"><strong>Isolamento termico<\/strong>: Eccellenti propriet\u00e0 di isolamento termico, che riducono il consumo energetico<\/p>\n<p id=\"\"><strong>Assorbimento acustico<\/strong>: Buona capacit\u00e0 di assorbimento del suono, per creare uno spazio esterno pi\u00f9 silenzioso<\/p>\n<p id=\"\"><strong>Installazione<\/strong>: Installazione facile e veloce con fissaggi a scomparsa o con un sistema a incastro.<\/p>\n<p id=\"\"><strong>Manutenzione<\/strong>: Richiede poca manutenzione e solo una pulizia occasionale con acqua e un detergente delicato.<\/p>\n<p id=\"\"><strong>Durata<\/strong>: Lunga durata, resistente a marciume, insetti e agenti atmosferici.<\/p>\n<p id=\"\"><strong>Ecocompatibilit\u00e0<\/strong>: Realizzato con rifiuti di plastica e legno riciclati, contribuisce alla sostenibilit\u00e0 ambientale.<\/p>\n<p id=\"\"><strong>Garanzia<\/strong>: pi\u00f9 di 10 anni<\/p>\n<h3><strong>Descrizione del prodotto<\/strong>:<\/h3>\n<p id=\"\">Il nostro pannello da parete in WPC per esterni \u00e8 la soluzione perfetta per chiunque voglia migliorare l'esterno della propria casa, ufficio o edificio commerciale. Realizzati in Wood Plastic Composite (WPC) di alta qualit\u00e0, questi pannelli offrono una combinazione di durata, bellezza ed ecocompatibilit\u00e0.<\/p>\n<p id=\"\">I pannelli sono disponibili in una variet\u00e0 di colori e texture per soddisfare qualsiasi preferenza di design. La finitura resistente agli agenti atmosferici garantisce che rimangano vivaci e integri, anche dopo una prolungata esposizione alle intemperie. Grazie alle eccellenti propriet\u00e0 di isolamento termico e assorbimento acustico, questi pannelli creano uno spazio esterno pi\u00f9 confortevole ed efficiente dal punto di vista energetico.<\/p>\n<p id=\"\">L'installazione \u00e8 facile e veloce, con la possibilit\u00e0 di scegliere tra fissaggi a scomparsa o un sistema a incastro che non richiede viti o chiodi. La manutenzione \u00e8 minima e richiede solo una pulizia occasionale per mantenere i pannelli al meglio.<\/p>\n<p id=\"\">Il nostro pannello da parete WPC per esterni \u00e8 anche altamente resistente all'umidit\u00e0, il che lo rende ideale per l'uso in aree con elevata umidit\u00e0 o frequenti precipitazioni. I pannelli sono resistenti alla putrefazione, agli insetti e agli agenti atmosferici, garantendo una lunga durata.<\/p>\n<p id=\"\">E soprattutto, i nostri pannelli WPC sono realizzati con plastica riciclata e scarti di legno, contribuendo alla sostenibilit\u00e0 ambientale. Scegliendo il nostro pannello da parete WPC per esterni, non solo migliorerete l'aspetto della vostra propriet\u00e0, ma avrete anche un impatto positivo sull'ambiente.<\/p>\n<p id=\"\"><strong>Specifiche tecniche<\/strong>:<\/p>\n<ul>\n<li><strong>Composizione del materiale<\/strong>( 60% plastica riciclata, 40% fibra di legno riciclata)<\/li>\n<li><strong>Densit\u00e0<\/strong>( 0,8-1,2 g\/cm\u00b3)<\/li>\n<li><strong>Tasso di espansione<\/strong>(ad esempio, \u22640,4%)<\/li>\n<li><strong>Resistenza alla compressione<\/strong>(ad esempio, \u226535 MPa)<\/li>\n<li><strong>Resistenza alla flessione<\/strong>(ad esempio, \u226525 MPa)<\/li>\n<li><strong>Assorbimento dell'acqua<\/strong>(ad esempio, \u22643%)<\/li>\n<\/ul>\n<p id=\"\"><strong>Guida all'installazione<\/strong>:<\/p>\n<ul>\n<li>Assicurarsi che la superficie sia pulita, asciutta e priva di detriti.<\/li>\n<li>Misurare e tagliare i pannelli nella misura desiderata con una sega.<\/li>\n<li>Installare utilizzando fissaggi nascosti o il sistema di incastro fornito.<\/li>\n<li>Pulire regolarmente i pannelli con acqua e un detergente delicato per mantenerne l'aspetto.<\/li>\n<\/ul>\n<h3>Galleria<\/h3>\n<figure id=\"attachment_17333\" aria-describedby=\"caption-attachment-17333\" style=\"width: 1024px\" class=\"wp-caption alignnone\"><img loading=\"lazy\" decoding=\"async\" class=\"wp-image-17333\" src=\"https:\/\/meterny.com\/wp-content\/uploads\/2024\/04\/2.png\" alt=\"Pannelli WPC per le pareti del cortile\" width=\"1024\" height=\"1022\" srcset=\"https:\/\/meterny.com\/wp-content\/uploads\/2024\/04\/2.png 982w, https:\/\/meterny.com\/wp-content\/uploads\/2024\/04\/2-300x300.png 300w, https:\/\/meterny.com\/wp-content\/uploads\/2024\/04\/2-150x150.png 150w, https:\/\/meterny.com\/wp-content\/uploads\/2024\/04\/2-768x766.png 768w, https:\/\/meterny.com\/wp-content\/uploads\/2024\/04\/2-600x599.png 600w, https:\/\/meterny.com\/wp-content\/uploads\/2024\/04\/2-100x100.png 100w\" sizes=\"auto, (max-width: 1024px) 100vw, 1024px\" \/><figcaption id=\"caption-attachment-17333\" class=\"wp-caption-text\">Migliorare le pareti del cortile con pannelli WPC resistenti.<\/figcaption><\/figure>\n<figure id=\"attachment_17334\" aria-describedby=\"caption-attachment-17334\" style=\"width: 1024px\" class=\"wp-caption alignnone\"><img loading=\"lazy\" decoding=\"async\" class=\"wp-image-17334\" src=\"https:\/\/meterny.com\/wp-content\/uploads\/2024\/04\/35.png\" alt=\"MeteSiding\u2122 WPC Siding - Soluzione di rivestimento esterno\" width=\"1024\" height=\"1024\" srcset=\"https:\/\/meterny.com\/wp-content\/uploads\/2024\/04\/35.png 800w, https:\/\/meterny.com\/wp-content\/uploads\/2024\/04\/35-300x300.png 300w, https:\/\/meterny.com\/wp-content\/uploads\/2024\/04\/35-150x150.png 150w, https:\/\/meterny.com\/wp-content\/uploads\/2024\/04\/35-768x768.png 768w, https:\/\/meterny.com\/wp-content\/uploads\/2024\/04\/35-600x600.png 600w, https:\/\/meterny.com\/wp-content\/uploads\/2024\/04\/35-100x100.png 100w\" sizes=\"auto, (max-width: 1024px) 100vw, 1024px\" \/><figcaption id=\"caption-attachment-17334\" class=\"wp-caption-text\">Pannelli WPC resistenti ai raggi UV per aree esterne illuminate dal sole.<\/figcaption><\/figure>\n<h3>Colore e superficie<\/h3>\n<p>Caratterizzato da un sofisticato colore teak e da una superficie ornata da strisce e venature diritte, questo pannello WPC offre una finitura di grande impatto visivo.<\/p>\n<p>La lunghezza e le dimensioni personalizzabili rispondono a diverse esigenze di design, offrendo flessibilit\u00e0 e creativit\u00e0 ai vostri progetti architettonici.<\/p>\n<figure id=\"attachment_20293\" aria-describedby=\"caption-attachment-20293\" style=\"width: 1024px\" class=\"wp-caption alignnone\"><img loading=\"lazy\" decoding=\"async\" class=\"wp-image-20293\" src=\"https:\/\/meterny.com\/wp-content\/uploads\/2024\/10\/METE-Series-Colour-151.png\" alt=\"Opzioni di colore della recinzione WPC Meterny\" width=\"1024\" height=\"1024\" srcset=\"https:\/\/meterny.com\/wp-content\/uploads\/2024\/10\/METE-Series-Colour-151.png 900w, https:\/\/meterny.com\/wp-content\/uploads\/2024\/10\/METE-Series-Colour-151-300x300.png 300w, https:\/\/meterny.com\/wp-content\/uploads\/2024\/10\/METE-Series-Colour-151-150x150.png 150w, https:\/\/meterny.com\/wp-content\/uploads\/2024\/10\/METE-Series-Colour-151-768x768.png 768w, https:\/\/meterny.com\/wp-content\/uploads\/2024\/10\/METE-Series-Colour-151-600x600.png 600w, https:\/\/meterny.com\/wp-content\/uploads\/2024\/10\/METE-Series-Colour-151-100x100.png 100w\" sizes=\"auto, (max-width: 1024px) 100vw, 1024px\" \/><figcaption id=\"caption-attachment-20293\" class=\"wp-caption-text\">Esplora la recinzione in WPC Meterny - Nove splendide opzioni di colore per ogni stile<\/figcaption><\/figure>\n<h3>Versatile e ad alte prestazioni<\/h3>\n<p>Ideale per applicazioni esterne, il rivestimento METE227H25TK \u00e8 realizzato con la tecnologia dell'eco-estrusione, che lo rende resistente all'umidit\u00e0, alle condizioni atmosferiche e agli impatti ambientali.<\/p>\n<p>Questo rivestimento in WPC per esterni non solo migliora l'estetica, ma aggiunge anche uno strato di protezione all'edificio.<\/p>\n<p>La facilit\u00e0 di installazione e la bassa manutenzione ne fanno una scelta pratica per le costruzioni moderne.<\/p>\n<p><img loading=\"lazy\" decoding=\"async\" class=\"alignnone wp-image-17339\" src=\"https:\/\/meterny.com\/wp-content\/uploads\/2024\/04\/121-88.png\" alt=\"\" width=\"1024\" height=\"1024\" srcset=\"https:\/\/meterny.com\/wp-content\/uploads\/2024\/04\/121-88.png 800w, https:\/\/meterny.com\/wp-content\/uploads\/2024\/04\/121-88-300x300.png 300w, https:\/\/meterny.com\/wp-content\/uploads\/2024\/04\/121-88-150x150.png 150w, https:\/\/meterny.com\/wp-content\/uploads\/2024\/04\/121-88-768x768.png 768w, https:\/\/meterny.com\/wp-content\/uploads\/2024\/04\/121-88-600x600.png 600w, https:\/\/meterny.com\/wp-content\/uploads\/2024\/04\/121-88-100x100.png 100w\" sizes=\"auto, (max-width: 1024px) 100vw, 1024px\" \/><\/p>\n<h3>Vantaggi della scelta del rivestimento WPC METE227H25TK<\/h3>\n<p>Maggiore durata: Progettato per resistere alle condizioni atmosferiche pi\u00f9 avverse.<\/p>\n<p>Eco-compatibile: Prodotto utilizzando pratiche e materiali sostenibili.<\/p>\n<p>Estetica: Colore teak e venature eleganti per un look moderno.<\/p>\n<p>Bassa manutenzione: Richiede una manutenzione minima rispetto ai materiali tradizionali.<\/p>\n<p>Applicazioni versatili: Adatto a diversi ambienti esterni.<\/p>\n<h3><strong>Perch\u00e9 scegliere un pannello da parete WPC per esterni?<\/strong><\/h3>\n<p id=\"\">I pannelli da parete in WPC (Wood Plastic Composite) per esterni sono una scelta eccellente per diversi motivi:<\/p>\n<ol>\n<li>\n<p id=\"\"><strong>Durata e longevit\u00e0<\/strong>: I pannelli da parete in WPC sono progettati per resistere alle intemperie, tra cui sole, pioggia, neve e vento. Sono altamente resistenti alla putrefazione, agli insetti e agli agenti atmosferici, garantendo il mantenimento del loro aspetto e della loro funzionalit\u00e0 per molti anni.<\/p>\n<\/li>\n<li>\n<p id=\"\"><strong>Bassa manutenzione<\/strong>: A differenza dei pannelli tradizionali in legno o metallo, i pannelli da parete in WPC richiedono una manutenzione minima. Sono facili da pulire e non devono essere verniciati o sigillati regolarmente. Questo li rende un'opzione economica e senza problemi per l'uso esterno.<\/p>\n<\/li>\n<li>\n<p id=\"\"><strong>Ecocompatibilit\u00e0<\/strong>: I pannelli da parete in WPC sono realizzati con plastica riciclata e scarti di legno, il che significa che contribuiscono alla sostenibilit\u00e0 ambientale. Scegliendo i pannelli WPC, si riduce l'impronta di carbonio e si sostiene l'economia circolare.<\/p>\n<\/li>\n<li>\n<p id=\"\"><strong>Variet\u00e0 di stili e colori<\/strong>: I pannelli da parete in WPC sono disponibili in un'ampia gamma di colori, texture e finiture, che consentono di creare uno spazio esterno unico e personalizzato, in linea con il proprio stile e le proprie preferenze.<\/p>\n<\/li>\n<li>\n<p id=\"\"><strong>Isolamento termico e assorbimento acustico<\/strong>: I pannelli da parete in WPC offrono eccellenti propriet\u00e0 di isolamento termico e assorbimento acustico. Ci\u00f2 significa che possono contribuire a ridurre il consumo energetico e a creare un ambiente esterno pi\u00f9 silenzioso e confortevole.<\/p>\n<\/li>\n<li>\n<p id=\"\"><strong>Facilit\u00e0 di installazione<\/strong>: I pannelli da parete in WPC sono progettati per un'installazione facile e veloce. Molti modelli sono dotati di fissaggi a scomparsa o di sistemi a incastro che non richiedono viti o chiodi, rendendo l'installazione un gioco da ragazzi anche per gli amanti del fai da te.<\/p>\n<\/li>\n<li>\n<p id=\"\"><strong>Economicamente vantaggioso<\/strong>: Sebbene l'investimento iniziale per i pannelli da parete in WPC possa essere pi\u00f9 elevato rispetto ad alcuni materiali tradizionali, la loro lunga durata, i bassi requisiti di manutenzione e le propriet\u00e0 di risparmio energetico li rendono una scelta conveniente nel lungo periodo.<\/p>\n<\/li>\n<li>\n<p id=\"\"><strong>Resistenza agli agenti atmosferici<\/strong>: I pannelli murali in WPC sono formulati per resistere agli effetti dei raggi UV, rendendoli meno soggetti allo sbiadimento e allo scolorimento nel tempo. In questo modo mantengono il loro aspetto vivace e non richiedono frequenti riverniciature o rifiniture.<\/p>\n<\/li>\n<\/ol>\n<p id=\"\">In sintesi, i pannelli da parete in WPC per esterni offrono una combinazione di durata, ecocompatibilit\u00e0, bassa manutenzione ed estetica che li rende una scelta eccellente per migliorare l'esterno della vostra casa, ufficio o edificio commerciale.<\/p>","protected":false},"excerpt":{"rendered":"<p>Qualit\u00e0 superiore: Realizzato con materiali di prima qualit\u00e0, questo pannello WPC impermeabile offre una protezione ineguagliabile contro gli elementi.<\/p>\n<p>Design elegante: Elevate l'esterno della vostra propriet\u00e0 con sistemi a parete eleganti e moderni che si integrano con qualsiasi stile architettonico.<\/p>\n<p>Facile installazione: Questo rivestimento in WPC \u00e8 stato progettato per un'installazione senza problemi, risparmiando tempo e fatica.<\/p>\n<p>Versatile: che si tratti di immobili residenziali o commerciali, questo tipo di pannello WPC \u00e8 perfetto per tutte le applicazioni di rivestimento esterno.<\/p>\n<p>Ecologico: Realizzato con materiali sostenibili, il pannello WPC impermeabile per esterni Meterny \u00e8 la scelta ecologica per le vostre esigenze di design esterno.<\/p>","protected":false},"featured_media":17352,"comment_status":"open","ping_status":"closed","template":"","meta":{"_uag_custom_page_level_css":"","site-sidebar-layout":"default","site-content-layout":"","ast-site-content-layout":"default","site-content-style":"default","site-sidebar-style":"default","ast-global-header-display":"","ast-banner-title-visibility":"","ast-main-header-display":"","ast-hfb-above-header-display":"","ast-hfb-below-header-display":"","ast-hfb-mobile-header-display":"","site-post-title":"","ast-breadcrumbs-content":"","ast-featured-img":"","footer-sml-layout":"","theme-transparent-header-meta":"default","adv-header-id-meta":"","stick-header-meta":"default","header-above-stick-meta":"","header-main-stick-meta":"","header-below-stick-meta":"","astra-migrate-meta-layouts":"set","ast-page-background-enabled":"default","ast-page-background-meta":{"desktop":{"background-color":"var(--ast-global-color-4)","background-image":"","background-repeat":"repeat","background-position":"center center","background-size":"auto","background-attachment":"scroll","background-type":"","background-media":"","overlay-type":"","overlay-color":"","overlay-opacity":"","overlay-gradient":""},"tablet":{"background-color":"","background-image":"","background-repeat":"repeat","background-position":"center center","background-size":"auto","background-attachment":"scroll","background-type":"","background-media":"","overlay-type":"","overlay-color":"","overlay-opacity":"","overlay-gradient":""},"mobile":{"background-color":"","background-image":"","background-repeat":"repeat","background-position":"center center","background-size":"auto","background-attachment":"scroll","background-type":"","background-media":"","overlay-type":"","overlay-color":"","overlay-opacity":"","overlay-gradient":""}},"ast-content-background-meta":{"desktop":{"background-color":"var(--ast-global-color-5)","background-image":"","background-repeat":"repeat","background-position":"center center","background-size":"auto","background-attachment":"scroll","background-type":"","background-media":"","overlay-type":"","overlay-color":"","overlay-opacity":"","overlay-gradient":""},"tablet":{"background-color":"var(--ast-global-color-5)","background-image":"","background-repeat":"repeat","background-position":"center center","background-size":"auto","background-attachment":"scroll","background-type":"","background-media":"","overlay-type":"","overlay-color":"","overlay-opacity":"","overlay-gradient":""},"mobile":{"background-color":"var(--ast-global-color-5)","background-image":"","background-repeat":"repeat","background-position":"center center","background-size":"auto","background-attachment":"scroll","background-type":"","background-media":"","overlay-type":"","overlay-color":"","overlay-opacity":"","overlay-gradient":""}}},"product_brand":[],"product_cat":[175],"product_tag":[184,180],"class_list":{"0":"post-16404","1":"product","2":"type-product","3":"status-publish","4":"has-post-thumbnail","6":"product_cat-exterior-wpc-wall","7":"product_tag-wpc-wall-exterior","8":"product_tag-wpc-wall-panel","9":"desktop-align-center","10":"tablet-align-left","11":"mobile-align-left","12":"ast-product-gallery-layout-horizontal-slider","13":"ast-product-tabs-layout-vertical","15":"first","16":"instock","17":"shipping-taxable","18":"product-type-simple"},"uagb_featured_image_src":{"full":["https:\/\/meterny.com\/wp-content\/uploads\/2024\/04\/WPC-Stripes-wall-exterior3.png",1024,1024,false],"thumbnail":["https:\/\/meterny.com\/wp-content\/uploads\/2024\/04\/WPC-Stripes-wall-exterior3-150x150.png",150,150,true],"medium":["https:\/\/meterny.com\/wp-content\/uploads\/2024\/04\/WPC-Stripes-wall-exterior3-300x300.png",300,300,true],"medium_large":["https:\/\/meterny.com\/wp-content\/uploads\/2024\/04\/WPC-Stripes-wall-exterior3-768x768.png",768,768,true],"large":["https:\/\/meterny.com\/wp-content\/uploads\/2024\/04\/WPC-Stripes-wall-exterior3.png",1024,1024,false],"1536x1536":["https:\/\/meterny.com\/wp-content\/uploads\/2024\/04\/WPC-Stripes-wall-exterior3.png",1024,1024,false],"2048x2048":["https:\/\/meterny.com\/wp-content\/uploads\/2024\/04\/WPC-Stripes-wall-exterior3.png",1024,1024,false],"trp-custom-language-flag":["https:\/\/meterny.com\/wp-content\/uploads\/2024\/04\/WPC-Stripes-wall-exterior3.png",12,12,false],"woocommerce_thumbnail":["https:\/\/meterny.com\/wp-content\/uploads\/2024\/04\/WPC-Stripes-wall-exterior3-300x300.png",300,300,true],"woocommerce_single":["https:\/\/meterny.com\/wp-content\/uploads\/2024\/04\/WPC-Stripes-wall-exterior3-600x600.png",600,600,true],"woocommerce_gallery_thumbnail":["https:\/\/meterny.com\/wp-content\/uploads\/2024\/04\/WPC-Stripes-wall-exterior3-100x100.png",100,100,true]},"uagb_author_info":{"display_name":"meterny","author_link":"https:\/\/meterny.com\/it\/author\/"},"uagb_comment_info":0,"uagb_excerpt":"Superior Quality: Crafted from premium materials, this Waterproof WPC panel offers unmatched protection against the elements. Stylish Design: Elevate the exterior of your property with sleek and modern wall systems that complement any architectural style. Easy Installation: This WPC cladding\u00a0 is designed for hassle-free installation, saving you time and effort. Versatile: Whether it's for residential&hellip;","_links":{"self":[{"href":"https:\/\/meterny.com\/it\/wp-json\/wp\/v2\/product\/16404","targetHints":{"allow":["GET"]}}],"collection":[{"href":"https:\/\/meterny.com\/it\/wp-json\/wp\/v2\/product"}],"about":[{"href":"https:\/\/meterny.com\/it\/wp-json\/wp\/v2\/types\/product"}],"replies":[{"embeddable":true,"href":"https:\/\/meterny.com\/it\/wp-json\/wp\/v2\/comments?post=16404"}],"wp:featuredmedia":[{"embeddable":true,"href":"https:\/\/meterny.com\/it\/wp-json\/wp\/v2\/media\/17352"}],"wp:attachment":[{"href":"https:\/\/meterny.com\/it\/wp-json\/wp\/v2\/media?parent=16404"}],"wp:term":[{"taxonomy":"product_brand","embeddable":true,"href":"https:\/\/meterny.com\/it\/wp-json\/wp\/v2\/product_brand?post=16404"},{"taxonomy":"product_cat","embeddable":true,"href":"https:\/\/meterny.com\/it\/wp-json\/wp\/v2\/product_cat?post=16404"},{"taxonomy":"product_tag","embeddable":true,"href":"https:\/\/meterny.com\/it\/wp-json\/wp\/v2\/product_tag?post=16404"}],"curies":[{"name":"wp","href":"https:\/\/api.w.org\/{rel}","templated":true}]}}