{"id":16409,"date":"2024-04-22T15:39:16","date_gmt":"2024-04-22T15:39:16","guid":{"rendered":"https:\/\/meterny.com\/?post_type=product&#038;p=16409"},"modified":"2025-01-13T08:54:29","modified_gmt":"2025-01-13T08:54:29","slug":"wpc-wall-cladding-panel","status":"publish","type":"product","link":"https:\/\/meterny.com\/it\/prodotto\/wpc-wall-cladding-panel\/","title":{"rendered":"Pannello di rivestimento WPC decorazione esterna - METE227H25 Pannello composito WPC"},"content":{"rendered":"<div class=\"elementor-element elementor-element-c0e1d42 elementor-widget elementor-widget-heading\" data-id=\"c0e1d42\" data-element_type=\"widget\" data-widget_type=\"heading.default\">\n<div class=\"elementor-widget-container\">\n<h2 class=\"elementor-heading-title elementor-size-default\" style=\"text-align: center;\">Pannello di rivestimento WPC Pannello di rivestimento<\/h2>\n<\/div>\n<\/div>\n<div class=\"elementor-element elementor-element-1f676da elementor-widget elementor-widget-heading\" data-id=\"1f676da\" data-element_type=\"widget\" data-widget_type=\"heading.default\">\n<h2 class=\"elementor-widget-container\" style=\"text-align: center;\">Specifiche<\/h2>\n<p>METE227H25 Pannello da parete scanalato in WPC: Elevare gli spazi con eleganza moderna<\/p>\n<p id=\"\"><strong>Titolo<\/strong>: Pannelli da parete in WPC di lunga durata: Realizzare pareti ideali con durata ed estetica<\/p>\n<div class=\"elementor-element elementor-element-1f676da elementor-widget elementor-widget-heading\" data-id=\"1f676da\" data-element_type=\"widget\" data-widget_type=\"heading.default\">\n<p><strong>Modello<\/strong>: METE227H25<br \/>\n<strong>Tipo<\/strong>: Pannello da parete scanalato WPC<br \/>\n<strong>Dimensione<\/strong>: 227\u00d725 mm<\/p>\n<p><strong>Superficie<\/strong>: Grani diritti<br \/>\n<strong>Lunghezza<\/strong>2,9 m o su misura<br \/>\n<strong>Materiale<\/strong>: Composito di legno e plastica<br \/>\n<strong>Tecnologia del prodotto<\/strong>: Eco-estrusione<\/p>\n<\/div>\n<div class=\"mceTemp\"><\/div>\n<h3><strong>Immagini del prodotto<\/strong>:<\/h3>\n<figure id=\"attachment_20792\" aria-describedby=\"caption-attachment-20792\" style=\"width: 300px\" class=\"wp-caption alignnone\"><img loading=\"lazy\" decoding=\"async\" class=\"wp-image-20792\" src=\"https:\/\/meterny.com\/wp-content\/uploads\/2024\/04\/99.png\" alt=\"Pannelli da parete in WPC di lunga durata\" width=\"300\" height=\"300\" srcset=\"https:\/\/meterny.com\/wp-content\/uploads\/2024\/04\/99.png 1000w, https:\/\/meterny.com\/wp-content\/uploads\/2024\/04\/99-300x300.png 300w, https:\/\/meterny.com\/wp-content\/uploads\/2024\/04\/99-150x150.png 150w, https:\/\/meterny.com\/wp-content\/uploads\/2024\/04\/99-768x768.png 768w, https:\/\/meterny.com\/wp-content\/uploads\/2024\/04\/99-600x600.png 600w, https:\/\/meterny.com\/wp-content\/uploads\/2024\/04\/99-100x100.png 100w\" sizes=\"auto, (max-width: 300px) 100vw, 300px\" \/><figcaption id=\"caption-attachment-20792\" class=\"wp-caption-text\">Elevate l'esterno del vostro edificio con pannelli da parete in WPC durevoli ed eleganti<\/figcaption><\/figure>\n<hr \/>\n<h3><strong>Descrizione del prodotto<\/strong>:<\/h3>\n<p id=\"\">I pannelli da parete in WPC a lunga durata, protagonisti della nuova generazione di materiali da costruzione ecocompatibili, hanno ottenuto un ampio riconoscimento sul mercato per la loro eccezionale durata, estetica e rispetto dell'ambiente. Questi pannelli da parete utilizzano la tecnologia Wood Plastic Composite (WPC), che combina perfettamente le fibre di legno naturale con le plastiche termoplastiche ad alte prestazioni, offrendo un'esperienza decorativa senza precedenti per la casa e gli spazi commerciali.<\/p>\n<p id=\"\"><strong>Caratteristiche principali<\/strong>:<\/p>\n<ol>\n<li><strong>Durata<\/strong>:\n<ul>\n<li>Realizzati con una formula di materiali ad alta resistenza e lavorati con tecniche speciali, garantiscono una maggiore durata.<\/li>\n<li>Mantiene prestazioni eccellenti anche in condizioni climatiche avverse, resistendo a deformazioni e fessurazioni.<\/li>\n<\/ul>\n<\/li>\n<li><strong>Salute ambientale<\/strong>:\n<ul>\n<li>Completamente privo di formaldeide, conforme agli standard ambientali internazionali, offre un ambiente sano e sicuro per il vostro spazio abitativo o lavorativo.<\/li>\n<li>Utilizza fibre di legno naturale, conservando la bellezza naturale e il tocco caldo del legno.<\/li>\n<\/ul>\n<\/li>\n<li><strong>Resistenza all'acqua<\/strong>:\n<ul>\n<li>L'esclusivo design strutturale blocca efficacemente la penetrazione dell'acqua, mantenendo la parete asciutta e bella.<\/li>\n<li>Adatto ad ambienti umidi come bagni e cucine, senza preoccuparsi di muffe o scrostamenti.<\/li>\n<\/ul>\n<\/li>\n<li><strong>Facile installazione e manutenzione<\/strong>:\n<ul>\n<li>Utilizza un metodo di installazione a clip o a vite, semplificando il processo di costruzione e riducendo il periodo di decorazione.<\/li>\n<li>La manutenzione ordinaria \u00e8 semplice e richiede solo una pulizia occasionale per mantenere l'aspetto nuovo.<\/li>\n<\/ul>\n<\/li>\n<li><strong>Stili versatili<\/strong>:\n<ul>\n<li>Offre un'ampia gamma di colori, texture e motivi per soddisfare le varie preferenze di stile.<\/li>\n<li>Si adatta facilmente a diversi stili di arredamento, dal moderno minimalista al lusso vintage.<\/li>\n<\/ul>\n<\/li>\n<li><strong>Resistenza agli agenti atmosferici<\/strong>:\n<ul>\n<li>Rimane stabile e non si deforma in presenza di luce solare intensa o freddo estremo.<\/li>\n<li>Adatto per decorazioni murali esterne, come balconi e terrazze, con prestazioni eccezionali.<\/li>\n<\/ul>\n<\/li>\n<li><strong>Costo-efficacia<\/strong>:\n<ul>\n<li>Rispetto ai materiali da costruzione tradizionali, i pannelli da parete in WPC offrono una maggiore convenienza in termini di costi di installazione, manutenzione e durata nel tempo.<\/li>\n<li>Un investimento una tantum con benefici a lungo termine, che offre maggiori possibilit\u00e0 al vostro budget per la decorazione.<\/li>\n<\/ul>\n<\/li>\n<\/ol>\n<p id=\"\"><strong>Specifiche del prodotto<\/strong>:<\/p>\n<ul>\n<li>Lunghezza: 135\/217\/227 mm<\/li>\n<li>Larghezza: 119\/201\/210 mm<\/li>\n<li>Spessore: 23\/25\/28 mm<\/li>\n<li>Peso: 3 kg\/m<\/li>\n<li>Colori\/Texture: Molteplici opzioni (vedere le immagini del prodotto per le specifiche)<\/li>\n<\/ul>\n<p id=\"\"><strong>Scenari di applicazione<\/strong>:<\/p>\n<ul>\n<li>Residenziale: Soggiorni, camere da letto, studi, bagni, cucine, ecc.<\/li>\n<li>Spazi commerciali: Uffici, hotel, ristoranti, bar, ecc.<\/li>\n<li>Paesaggi esterni: Balconi, terrazze, recinzioni di giardini, ecc.<\/li>\n<\/ul>\n<p id=\"\"><strong>Guida all'acquisto<\/strong>:<\/p>\n<ol>\n<li><strong>Selezionare i colori e le texture<\/strong>: Scegliete i colori e le texture pi\u00f9 adatti in base al vostro stile di decorazione e alle vostre preferenze.<\/li>\n<li><strong>Determinare la quantit\u00e0 e le specifiche<\/strong>: Determinare il numero e le specifiche dei pannelli da parete in base alle dimensioni della parete e alle esigenze di decorazione.<\/li>\n<li><strong>Effettuare l'ordine<\/strong>: Fare clic sul pulsante \"Acquista ora\", inserire l'indirizzo di spedizione e le informazioni di contatto e completare il pagamento dell'ordine.<\/li>\n<li><strong>In attesa di spedizione e installazione<\/strong>: Accelereremo la spedizione al ricevimento dell'ordine e forniremo una guida all'installazione o raccomanderemo squadre di installatori professionisti.<\/li>\n<\/ol>\n<p id=\"\"><strong>Servizio post vendita<\/strong>:<\/p>\n<ul>\n<li>Fornisce un servizio di garanzia sul prodotto; consultare il servizio clienti per i periodi di garanzia specifici.<\/li>\n<li>Per qualsiasi domanda o richiesta, non esitate a contattare il nostro servizio clienti e vi serviremo con sincerit\u00e0.<\/li>\n<\/ul>\n<\/div>\n<div class=\"elementor-element elementor-element-1f676da elementor-widget elementor-widget-heading\" data-id=\"1f676da\" data-element_type=\"widget\" data-widget_type=\"heading.default\">\n<h3>Se volete saperne di pi\u00f9, cliccate su questo link di youtube:<a href=\"https:\/\/youtu.be\/tvSl5yo4US0\" target=\"_blank\" rel=\"noopener\">https:\/\/youtu.be\/tvSl5yo4US0<\/a><\/h3>\n<p>&nbsp;<\/p>\n<h3>Galleria<\/h3>\n<p>Pannelli da parete in WPC di lunga durata<\/p>\n<figure id=\"attachment_20956\" aria-describedby=\"caption-attachment-20956\" style=\"width: 1024px\" class=\"wp-caption alignnone\"><img loading=\"lazy\" decoding=\"async\" class=\"wp-image-20956\" src=\"https:\/\/meterny.com\/wp-content\/uploads\/2025\/01\/75-178-300x300-1.png\" alt=\"Pannelli da parete WPC a riduzione di rumore per esterni\" width=\"1024\" height=\"1024\" srcset=\"https:\/\/meterny.com\/wp-content\/uploads\/2025\/01\/75-178-300x300-1.png 800w, https:\/\/meterny.com\/wp-content\/uploads\/2025\/01\/75-178-300x300-1-300x300.png 300w, https:\/\/meterny.com\/wp-content\/uploads\/2025\/01\/75-178-300x300-1-150x150.png 150w, https:\/\/meterny.com\/wp-content\/uploads\/2025\/01\/75-178-300x300-1-768x768.png 768w, https:\/\/meterny.com\/wp-content\/uploads\/2025\/01\/75-178-300x300-1-600x600.png 600w, https:\/\/meterny.com\/wp-content\/uploads\/2025\/01\/75-178-300x300-1-100x100.png 100w\" sizes=\"auto, (max-width: 1024px) 100vw, 1024px\" \/><figcaption id=\"caption-attachment-20956\" class=\"wp-caption-text\">Creare uno spazio esterno tranquillo con i pannelli WPC antirumore<\/figcaption><\/figure>\n<p>Pannelli da parete in WPC di lunga durata<\/p>\n<figure id=\"attachment_20950\" aria-describedby=\"caption-attachment-20950\" style=\"width: 1024px\" class=\"wp-caption alignnone\"><img loading=\"lazy\" decoding=\"async\" class=\"wp-image-20950\" src=\"https:\/\/meterny.com\/wp-content\/uploads\/2025\/01\/\u4e3b\u56fe9.jpg\" alt=\"Pannelli murali WPC resistenti alle termiti per esterni\" width=\"1024\" height=\"1024\" srcset=\"https:\/\/meterny.com\/wp-content\/uploads\/2025\/01\/\u4e3b\u56fe9.jpg 800w, https:\/\/meterny.com\/wp-content\/uploads\/2025\/01\/\u4e3b\u56fe9-300x300.jpg 300w, https:\/\/meterny.com\/wp-content\/uploads\/2025\/01\/\u4e3b\u56fe9-150x150.jpg 150w, https:\/\/meterny.com\/wp-content\/uploads\/2025\/01\/\u4e3b\u56fe9-768x768.jpg 768w, https:\/\/meterny.com\/wp-content\/uploads\/2025\/01\/\u4e3b\u56fe9-600x600.jpg 600w, https:\/\/meterny.com\/wp-content\/uploads\/2025\/01\/\u4e3b\u56fe9-100x100.jpg 100w\" sizes=\"auto, (max-width: 1024px) 100vw, 1024px\" \/><figcaption id=\"caption-attachment-20950\" class=\"wp-caption-text\">Difendete il vostro spazio esterno dalle termiti con i pannelli in WPC<\/figcaption><\/figure>\n<p>Pannelli da parete in WPC di lunga durata<\/p>\n<figure id=\"attachment_20947\" aria-describedby=\"caption-attachment-20947\" style=\"width: 1024px\" class=\"wp-caption alignnone\"><img loading=\"lazy\" decoding=\"async\" class=\"wp-image-20947\" src=\"https:\/\/meterny.com\/wp-content\/uploads\/2025\/01\/75-155.jpg\" alt=\"Pannelli murali WPC per esterni protetti dai raggi UV\" width=\"1024\" height=\"1024\" srcset=\"https:\/\/meterny.com\/wp-content\/uploads\/2025\/01\/75-155.jpg 800w, https:\/\/meterny.com\/wp-content\/uploads\/2025\/01\/75-155-300x300.jpg 300w, https:\/\/meterny.com\/wp-content\/uploads\/2025\/01\/75-155-150x150.jpg 150w, https:\/\/meterny.com\/wp-content\/uploads\/2025\/01\/75-155-768x768.jpg 768w, https:\/\/meterny.com\/wp-content\/uploads\/2025\/01\/75-155-600x600.jpg 600w, https:\/\/meterny.com\/wp-content\/uploads\/2025\/01\/75-155-100x100.jpg 100w\" sizes=\"auto, (max-width: 1024px) 100vw, 1024px\" \/><figcaption id=\"caption-attachment-20947\" class=\"wp-caption-text\">Proteggete il vostro spazio esterno dai raggi UV con il pannello WPC<\/figcaption><\/figure>\n<div class=\"mceTemp\"><\/div>\n<h3><strong>Colore e superficie<\/strong><\/h3>\n<p>Il nostro pannello METE227H25 \u00e8 caratterizzato da un'elegante superficie a venatura diritta, che aggiunge una texture sofisticata a qualsiasi area.<\/p>\n<p>Con colori, dimensioni e forme personalizzabili, questi pannelli offrono un'eccezionale flessibilit\u00e0, consentendo di liberare la propria creativit\u00e0 in progetti di design sia interni che esterni.<\/p>\n<p>La tecnologia di eco-estrusione fa s\u00ec che ogni pannello non solo sia bello da vedere, ma contribuisca anche a un ambiente di vita sostenibile.<\/p>\n<p>Il pannello WPC Meterny ha eccellenti propriet\u00e0 impermeabilizzanti, mantenendo la sua stabilit\u00e0 e durata anche in ambienti umidi.<\/p>\n<h3>Opzioni di colore<\/h3>\n<p>Scheda colori dei pannelli WPC serie Meterny METE<\/p>\n<figure id=\"attachment_20293\" aria-describedby=\"caption-attachment-20293\" style=\"width: 1024px\" class=\"wp-caption alignnone\"><img loading=\"lazy\" decoding=\"async\" class=\"wp-image-20293\" src=\"https:\/\/meterny.com\/wp-content\/uploads\/2024\/10\/METE-Series-Colour-151.png\" alt=\"Opzioni di colore della recinzione WPC Meterny\" width=\"1024\" height=\"1024\" srcset=\"https:\/\/meterny.com\/wp-content\/uploads\/2024\/10\/METE-Series-Colour-151.png 900w, https:\/\/meterny.com\/wp-content\/uploads\/2024\/10\/METE-Series-Colour-151-300x300.png 300w, https:\/\/meterny.com\/wp-content\/uploads\/2024\/10\/METE-Series-Colour-151-150x150.png 150w, https:\/\/meterny.com\/wp-content\/uploads\/2024\/10\/METE-Series-Colour-151-768x768.png 768w, https:\/\/meterny.com\/wp-content\/uploads\/2024\/10\/METE-Series-Colour-151-600x600.png 600w, https:\/\/meterny.com\/wp-content\/uploads\/2024\/10\/METE-Series-Colour-151-100x100.png 100w\" sizes=\"auto, (max-width: 1024px) 100vw, 1024px\" \/><figcaption id=\"caption-attachment-20293\" class=\"wp-caption-text\">Esplora la recinzione in WPC Meterny - Nove splendide opzioni di colore per ogni stile<\/figcaption><\/figure>\n<h3><strong>Perch\u00e9 scegliere i pannelli da parete in WPC di lunga durata?<\/strong><\/h3>\n<p id=\"\">I pannelli da parete in WPC di lunga durata sono una scelta eccellente per diversi motivi:<\/p>\n<ol>\n<li>\n<p id=\"\"><strong>Durata e longevit\u00e0<\/strong>: Questi pannelli da parete sono realizzati in materiale Wood Plastic Composite (WPC) di alta qualit\u00e0, che combina la bellezza naturale del legno con la durabilit\u00e0 della plastica. Il risultato \u00e8 un pannello altamente resistente all'usura, in grado di superare la prova del tempo senza perdere il suo fascino.<\/p>\n<\/li>\n<li>\n<p id=\"\"><strong>Rispetto dell'ambiente<\/strong>: I pannelli da parete in WPC di lunga durata sono eco-compatibili, in quanto utilizzano plastica riciclata e fibre di legno. In questo modo si riducono i rifiuti e l'impatto ambientale associato ai materiali da costruzione tradizionali.<\/p>\n<\/li>\n<li>\n<p id=\"\"><strong>Resistenza all'acqua e alle intemperie<\/strong>: Questi pannelli sono progettati per essere altamente resistenti all'acqua e agli agenti atmosferici. Questo li rende ideali per l'uso in vari ambienti, tra cui bagni, cucine e persino spazi esterni, dove possono sopportare l'esposizione a pioggia, neve e luce solare senza deteriorarsi.<\/p>\n<\/li>\n<li>\n<p id=\"\"><strong>Facilit\u00e0 di installazione e manutenzione<\/strong>: I pannelli da parete in WPC di lunga durata sono facili da installare e spesso richiedono strumenti e competenze minime. Possono essere montati rapidamente, riducendo i costi di manodopera e i tempi di installazione. Inoltre, sono facili da pulire e mantenere, assicurando che mantengano il loro nuovo aspetto pi\u00f9 a lungo.<\/p>\n<\/li>\n<li>\n<p id=\"\"><strong>Versatilit\u00e0 nel design<\/strong>: Questi pannelli da parete sono disponibili in un'ampia gamma di colori, texture e motivi, che consentono di creare un'estetica unica e personalizzata per il vostro spazio. Sia che preferiate un look minimalista o qualcosa di pi\u00f9 decorato, i pannelli da parete in WPC di lunga durata offrono la flessibilit\u00e0 necessaria per soddisfare le vostre preferenze di stile.<\/p>\n<\/li>\n<li>\n<p id=\"\"><strong>Costo-efficacia<\/strong>: Sebbene l'investimento iniziale in pannelli da parete in WPC di lunga durata possa essere paragonabile a quello di alcuni materiali tradizionali, la loro durata a lungo termine e i bassi requisiti di manutenzione li rendono una scelta pi\u00f9 conveniente nel tempo.<\/p>\n<\/li>\n<li>\n<p id=\"\"><strong>Miglioramento della qualit\u00e0 dell'aria interna<\/strong>: A differenza di alcuni materiali da costruzione tradizionali, i pannelli da parete in WPC di lunga durata non emettono sostanze chimiche o gas nocivi, contribuendo a migliorare la qualit\u00e0 dell'aria interna e a rendere pi\u00f9 sano l'ambiente di vita o di lavoro.<\/p>\n<\/li>\n<\/ol>\n<p id=\"\">In sintesi, i pannelli murali in WPC di lunga durata offrono una combinazione di durata, rispetto dell'ambiente, facilit\u00e0 di installazione e manutenzione, versatilit\u00e0 nel design, economicit\u00e0 e miglioramento della qualit\u00e0 dell'aria interna. Queste caratteristiche li rendono una scelta eccellente per chiunque voglia migliorare la bellezza, la funzionalit\u00e0 e la sostenibilit\u00e0 della propria casa o dello spazio commerciale.<\/p>\n<\/div>","protected":false},"excerpt":{"rendered":"<p>Qualit\u00e0 superiore: Realizzato con materiali di prima qualit\u00e0, questo pannello WPC Exterior offre protezione dagli elementi.<\/p>\n<p>Design elegante: Elevate l'esterno della vostra propriet\u00e0 con un rivestimento elegante e moderno che si adatta a qualsiasi stile architettonico.<\/p>\n<p>Facile installazione: \u00c8 stato progettato per un'installazione senza problemi, risparmiando tempo e fatica.<\/p>\n<p>Versatile: che si tratti di immobili residenziali o commerciali, questo pannello WPC \u00e8 perfetto per tutte le applicazioni di rivestimento esterno.<\/p>\n<p>Eco-compatibile: Realizzato con materiali sostenibili, \u00e8 la scelta ecologica per le vostre esigenze di design esterno.<\/p>","protected":false},"featured_media":20792,"comment_status":"open","ping_status":"closed","template":"","meta":{"_uag_custom_page_level_css":"","site-sidebar-layout":"default","site-content-layout":"","ast-site-content-layout":"default","site-content-style":"default","site-sidebar-style":"default","ast-global-header-display":"","ast-banner-title-visibility":"","ast-main-header-display":"","ast-hfb-above-header-display":"","ast-hfb-below-header-display":"","ast-hfb-mobile-header-display":"","site-post-title":"","ast-breadcrumbs-content":"","ast-featured-img":"","footer-sml-layout":"","theme-transparent-header-meta":"default","adv-header-id-meta":"","stick-header-meta":"default","header-above-stick-meta":"","header-main-stick-meta":"","header-below-stick-meta":"","astra-migrate-meta-layouts":"set","ast-page-background-enabled":"default","ast-page-background-meta":{"desktop":{"background-color":"var(--ast-global-color-4)","background-image":"","background-repeat":"repeat","background-position":"center center","background-size":"auto","background-attachment":"scroll","background-type":"","background-media":"","overlay-type":"","overlay-color":"","overlay-opacity":"","overlay-gradient":""},"tablet":{"background-color":"","background-image":"","background-repeat":"repeat","background-position":"center center","background-size":"auto","background-attachment":"scroll","background-type":"","background-media":"","overlay-type":"","overlay-color":"","overlay-opacity":"","overlay-gradient":""},"mobile":{"background-color":"","background-image":"","background-repeat":"repeat","background-position":"center center","background-size":"auto","background-attachment":"scroll","background-type":"","background-media":"","overlay-type":"","overlay-color":"","overlay-opacity":"","overlay-gradient":""}},"ast-content-background-meta":{"desktop":{"background-color":"var(--ast-global-color-5)","background-image":"","background-repeat":"repeat","background-position":"center center","background-size":"auto","background-attachment":"scroll","background-type":"","background-media":"","overlay-type":"","overlay-color":"","overlay-opacity":"","overlay-gradient":""},"tablet":{"background-color":"var(--ast-global-color-5)","background-image":"","background-repeat":"repeat","background-position":"center center","background-size":"auto","background-attachment":"scroll","background-type":"","background-media":"","overlay-type":"","overlay-color":"","overlay-opacity":"","overlay-gradient":""},"mobile":{"background-color":"var(--ast-global-color-5)","background-image":"","background-repeat":"repeat","background-position":"center center","background-size":"auto","background-attachment":"scroll","background-type":"","background-media":"","overlay-type":"","overlay-color":"","overlay-opacity":"","overlay-gradient":""}}},"product_brand":[],"product_cat":[175],"product_tag":[184,180],"class_list":{"0":"post-16409","1":"product","2":"type-product","3":"status-publish","4":"has-post-thumbnail","6":"product_cat-exterior-wpc-wall","7":"product_tag-wpc-wall-exterior","8":"product_tag-wpc-wall-panel","9":"desktop-align-center","10":"tablet-align-left","11":"mobile-align-left","12":"ast-product-gallery-layout-horizontal-slider","13":"ast-product-tabs-layout-vertical","15":"first","16":"instock","17":"shipping-taxable","18":"product-type-simple"},"uagb_featured_image_src":{"full":["https:\/\/meterny.com\/wp-content\/uploads\/2024\/04\/99.png",1000,1000,false],"thumbnail":["https:\/\/meterny.com\/wp-content\/uploads\/2024\/04\/99-150x150.png",150,150,true],"medium":["https:\/\/meterny.com\/wp-content\/uploads\/2024\/04\/99-300x300.png",300,300,true],"medium_large":["https:\/\/meterny.com\/wp-content\/uploads\/2024\/04\/99-768x768.png",768,768,true],"large":["https:\/\/meterny.com\/wp-content\/uploads\/2024\/04\/99.png",1000,1000,false],"1536x1536":["https:\/\/meterny.com\/wp-content\/uploads\/2024\/04\/99.png",1000,1000,false],"2048x2048":["https:\/\/meterny.com\/wp-content\/uploads\/2024\/04\/99.png",1000,1000,false],"trp-custom-language-flag":["https:\/\/meterny.com\/wp-content\/uploads\/2024\/04\/99.png",12,12,false],"woocommerce_thumbnail":["https:\/\/meterny.com\/wp-content\/uploads\/2024\/04\/99-300x300.png",300,300,true],"woocommerce_single":["https:\/\/meterny.com\/wp-content\/uploads\/2024\/04\/99-600x600.png",600,600,true],"woocommerce_gallery_thumbnail":["https:\/\/meterny.com\/wp-content\/uploads\/2024\/04\/99-100x100.png",100,100,true]},"uagb_author_info":{"display_name":"meterny","author_link":"https:\/\/meterny.com\/it\/author\/"},"uagb_comment_info":0,"uagb_excerpt":"Superior Quality: Crafted from premium materials, this WPC Exterior panel offers protection against the elements. Stylish Design: Elevate the exterior of your property with sleek and modern cladding that complements any architectural style. Easy Installation: It is designed for hassle-free installation, saving you time and effort. Versatile: Whether it's for residential or commercial properties, This&hellip;","_links":{"self":[{"href":"https:\/\/meterny.com\/it\/wp-json\/wp\/v2\/product\/16409","targetHints":{"allow":["GET"]}}],"collection":[{"href":"https:\/\/meterny.com\/it\/wp-json\/wp\/v2\/product"}],"about":[{"href":"https:\/\/meterny.com\/it\/wp-json\/wp\/v2\/types\/product"}],"replies":[{"embeddable":true,"href":"https:\/\/meterny.com\/it\/wp-json\/wp\/v2\/comments?post=16409"}],"wp:featuredmedia":[{"embeddable":true,"href":"https:\/\/meterny.com\/it\/wp-json\/wp\/v2\/media\/20792"}],"wp:attachment":[{"href":"https:\/\/meterny.com\/it\/wp-json\/wp\/v2\/media?parent=16409"}],"wp:term":[{"taxonomy":"product_brand","embeddable":true,"href":"https:\/\/meterny.com\/it\/wp-json\/wp\/v2\/product_brand?post=16409"},{"taxonomy":"product_cat","embeddable":true,"href":"https:\/\/meterny.com\/it\/wp-json\/wp\/v2\/product_cat?post=16409"},{"taxonomy":"product_tag","embeddable":true,"href":"https:\/\/meterny.com\/it\/wp-json\/wp\/v2\/product_tag?post=16409"}],"curies":[{"name":"wp","href":"https:\/\/api.w.org\/{rel}","templated":true}]}}